{"id":237935,"date":"2026-05-06T11:22:48","date_gmt":"2026-05-06T09:22:48","guid":{"rendered":"https:\/\/shop.bantam.ch\/produit\/onduleur-phoenix-24-5000-24v-sortie-230v-%c2%b1-2_-frequence-50-hz-%c2%b1-01_\/"},"modified":"2026-05-07T00:14:06","modified_gmt":"2026-05-06T22:14:06","slug":"onduleur-phoenix-24-5000-24v-sortie-230v-%c2%b1-2_-frequence-50-hz-%c2%b1-01_","status":"publish","type":"product","link":"https:\/\/shop.bantam.ch\/fr\/produit\/onduleur-phoenix-24-5000-24v-sortie-230v-%c2%b1-2_-frequence-50-hz-%c2%b1-01_\/","title":{"rendered":"Onduleur Phoenix 24\/5000 \/ 24V sortie 230V \u00b1 2_ fr\u00e9quence : 50 Hz \u00b1 0,1_"},"content":{"rendered":"<p>L&rsquo;onduleur Victron 24\/5000 230 V VE.Bus convertit de mani\u00e8re fiable le courant continu de 24 V en courant alternatif de 230 V, permettant ainsi le fonctionnement d&rsquo;appareils m\u00e9nagers et industriels, m\u00eame en d\u00e9placement ou sur des syst\u00e8mes d&rsquo;alimentation autonomes. Gr\u00e2ce \u00e0 une r\u00e9gulation pr\u00e9cise de la tension et de la fr\u00e9quence, l&rsquo;onduleur fournit une tension stable de 230 V \u00b1 2 % \u00e0 50 Hz \u00b1 0,1 % et prot\u00e8ge les consommateurs raccord\u00e9s contre les variations de tension. L&rsquo;interface VE.Bus permet une int\u00e9gration facile dans les syst\u00e8mes Victron existants ainsi que la communication avec les appareils de gestion et de surveillance des batteries.<\/p>\n","protected":false},"excerpt":{"rendered":"<p>L&rsquo;onduleur Victron 24\/5000 230 V VE.Bus convertit de mani\u00e8re fiable le courant continu de 24 V en courant alternatif de 230 V, permettant ainsi le fonctionnement d&rsquo;appareils m\u00e9nagers et industriels, m\u00eame en d\u00e9placement ou sur des syst\u00e8mes d&rsquo;alimentation autonomes. Gr\u00e2ce \u00e0 une r\u00e9gulation pr\u00e9cise de la tension et de la fr\u00e9quence, l&rsquo;onduleur fournit une tension [&hellip;]<\/p>\n","protected":false},"featured_media":237933,"template":"","meta":{"_acf_changed":false},"product_featured_cat":[],"product_brand":[3506],"product_cat":[4169],"product_tag":[],"class_list":{"0":"post-237935","1":"product","2":"type-product","3":"status-publish","4":"has-post-thumbnail","6":"product_brand-victron","7":"product_cat-onduleurs","9":"first","10":"instock","11":"taxable","12":"shipping-taxable","13":"purchasable","14":"product-type-simple"},"acf":[],"yoast_head":"<!-- This site is optimized with the Yoast SEO plugin v27.5 - https:\/\/yoast.com\/product\/yoast-seo-wordpress\/ -->\n<title>Onduleur Phoenix 24\/5000 \/ 24V sortie 230V \u00b1 2_ fr\u00e9quence : 50 Hz \u00b1 0,1_ - Bantam<\/title>\n<meta name=\"robots\" content=\"index, follow, max-snippet:-1, max-image-preview:large, max-video-preview:-1\" \/>\n<link rel=\"canonical\" href=\"https:\/\/shop.bantam.ch\/fr\/produit\/onduleur-phoenix-24-5000-24v-sortie-230v-%c2%b1-2_-frequence-50-hz-%c2%b1-01_\/\" \/>\n<meta property=\"og:locale\" content=\"fr_FR\" \/>\n<meta property=\"og:type\" content=\"article\" \/>\n<meta property=\"og:title\" content=\"Onduleur Phoenix 24\/5000 \/ 24V sortie 230V \u00b1 2_ fr\u00e9quence : 50 Hz \u00b1 0,1_ - Bantam\" \/>\n<meta property=\"og:description\" content=\"L&rsquo;onduleur Victron 24\/5000 230 V VE.Bus convertit de mani\u00e8re fiable le courant continu de 24 V en courant alternatif de 230 V, permettant ainsi le fonctionnement d&rsquo;appareils m\u00e9nagers et industriels, m\u00eame en d\u00e9placement ou sur des syst\u00e8mes d&rsquo;alimentation autonomes. Gr\u00e2ce \u00e0 une r\u00e9gulation pr\u00e9cise de la tension et de la fr\u00e9quence, l&rsquo;onduleur fournit une tension [&hellip;]\" \/>\n<meta property=\"og:url\" content=\"https:\/\/shop.bantam.ch\/fr\/produit\/onduleur-phoenix-24-5000-24v-sortie-230v-%c2%b1-2_-frequence-50-hz-%c2%b1-01_\/\" \/>\n<meta property=\"og:site_name\" content=\"Bantam\" \/>\n<meta property=\"article:modified_time\" content=\"2026-05-06T22:14:06+00:00\" \/>\n<meta property=\"og:image\" content=\"https:\/\/shop.bantam.ch\/wp-content\/uploads\/2026\/05\/Movera-L-9958663100.png\" \/>\n\t<meta property=\"og:image:width\" content=\"640\" \/>\n\t<meta property=\"og:image:height\" content=\"834\" \/>\n\t<meta property=\"og:image:type\" content=\"image\/png\" \/>\n<meta name=\"twitter:card\" content=\"summary_large_image\" \/>\n<meta name=\"twitter:label1\" content=\"Dur\u00e9e de lecture estim\u00e9e\" \/>\n\t<meta name=\"twitter:data1\" content=\"1 minute\" \/>\n<script type=\"application\/ld+json\" class=\"yoast-schema-graph\">{\"@context\":\"https:\\\/\\\/schema.org\",\"@graph\":[{\"@type\":\"WebPage\",\"@id\":\"https:\\\/\\\/shop.bantam.ch\\\/fr\\\/produit\\\/onduleur-phoenix-24-5000-24v-sortie-230v-%c2%b1-2_-frequence-50-hz-%c2%b1-01_\\\/\",\"url\":\"https:\\\/\\\/shop.bantam.ch\\\/fr\\\/produit\\\/onduleur-phoenix-24-5000-24v-sortie-230v-%c2%b1-2_-frequence-50-hz-%c2%b1-01_\\\/\",\"name\":\"Onduleur Phoenix 24\\\/5000 \\\/ 24V sortie 230V \u00b1 2_ fr\u00e9quence : 50 Hz \u00b1 0,1_ - Bantam\",\"isPartOf\":{\"@id\":\"https:\\\/\\\/shop.bantam.ch\\\/fr\\\/#website\"},\"primaryImageOfPage\":{\"@id\":\"https:\\\/\\\/shop.bantam.ch\\\/fr\\\/produit\\\/onduleur-phoenix-24-5000-24v-sortie-230v-%c2%b1-2_-frequence-50-hz-%c2%b1-01_\\\/#primaryimage\"},\"image\":{\"@id\":\"https:\\\/\\\/shop.bantam.ch\\\/fr\\\/produit\\\/onduleur-phoenix-24-5000-24v-sortie-230v-%c2%b1-2_-frequence-50-hz-%c2%b1-01_\\\/#primaryimage\"},\"thumbnailUrl\":\"https:\\\/\\\/shop.bantam.ch\\\/wp-content\\\/uploads\\\/2026\\\/05\\\/Movera-L-9958663100.png\",\"datePublished\":\"2026-05-06T09:22:48+00:00\",\"dateModified\":\"2026-05-06T22:14:06+00:00\",\"breadcrumb\":{\"@id\":\"https:\\\/\\\/shop.bantam.ch\\\/fr\\\/produit\\\/onduleur-phoenix-24-5000-24v-sortie-230v-%c2%b1-2_-frequence-50-hz-%c2%b1-01_\\\/#breadcrumb\"},\"inLanguage\":\"fr-FR\",\"potentialAction\":[{\"@type\":\"ReadAction\",\"target\":[\"https:\\\/\\\/shop.bantam.ch\\\/fr\\\/produit\\\/onduleur-phoenix-24-5000-24v-sortie-230v-%c2%b1-2_-frequence-50-hz-%c2%b1-01_\\\/\"]}]},{\"@type\":\"ImageObject\",\"inLanguage\":\"fr-FR\",\"@id\":\"https:\\\/\\\/shop.bantam.ch\\\/fr\\\/produit\\\/onduleur-phoenix-24-5000-24v-sortie-230v-%c2%b1-2_-frequence-50-hz-%c2%b1-01_\\\/#primaryimage\",\"url\":\"https:\\\/\\\/shop.bantam.ch\\\/wp-content\\\/uploads\\\/2026\\\/05\\\/Movera-L-9958663100.png\",\"contentUrl\":\"https:\\\/\\\/shop.bantam.ch\\\/wp-content\\\/uploads\\\/2026\\\/05\\\/Movera-L-9958663100.png\",\"width\":640,\"height\":834},{\"@type\":\"BreadcrumbList\",\"@id\":\"https:\\\/\\\/shop.bantam.ch\\\/fr\\\/produit\\\/onduleur-phoenix-24-5000-24v-sortie-230v-%c2%b1-2_-frequence-50-hz-%c2%b1-01_\\\/#breadcrumb\",\"itemListElement\":[{\"@type\":\"ListItem\",\"position\":1,\"name\":\"Accueil\",\"item\":\"https:\\\/\\\/shop.bantam.ch\\\/fr\\\/\"},{\"@type\":\"ListItem\",\"position\":2,\"name\":\"Boutique\",\"item\":\"https:\\\/\\\/shop.bantam.ch\\\/fr\\\/boutique\\\/\"},{\"@type\":\"ListItem\",\"position\":3,\"name\":\"Onduleur Phoenix 24\\\/5000 \\\/ 24V sortie 230V \u00b1 2_ fr\u00e9quence : 50 Hz \u00b1 0,1_\"}]},{\"@type\":\"WebSite\",\"@id\":\"https:\\\/\\\/shop.bantam.ch\\\/fr\\\/#website\",\"url\":\"https:\\\/\\\/shop.bantam.ch\\\/fr\\\/\",\"name\":\"Bantam\",\"description\":\"\",\"publisher\":{\"@id\":\"https:\\\/\\\/shop.bantam.ch\\\/fr\\\/#organization\"},\"inLanguage\":\"fr-FR\"},{\"@type\":\"Organization\",\"@id\":\"https:\\\/\\\/shop.bantam.ch\\\/fr\\\/#organization\",\"name\":\"Bantam\",\"url\":\"https:\\\/\\\/shop.bantam.ch\\\/fr\\\/\",\"logo\":{\"@type\":\"ImageObject\",\"inLanguage\":\"fr-FR\",\"@id\":\"https:\\\/\\\/shop.bantam.ch\\\/fr\\\/#\\\/schema\\\/logo\\\/image\\\/\",\"url\":\"https:\\\/\\\/shop.bantam.ch\\\/wp-content\\\/uploads\\\/2022\\\/12\\\/bantam-logo.png\",\"contentUrl\":\"https:\\\/\\\/shop.bantam.ch\\\/wp-content\\\/uploads\\\/2022\\\/12\\\/bantam-logo.png\",\"width\":320,\"height\":71,\"caption\":\"Bantam\"},\"image\":{\"@id\":\"https:\\\/\\\/shop.bantam.ch\\\/fr\\\/#\\\/schema\\\/logo\\\/image\\\/\"}}]}<\/script>\n<!-- \/ Yoast SEO plugin. -->","yoast_head_json":{"title":"Onduleur Phoenix 24\/5000 \/ 24V sortie 230V \u00b1 2_ fr\u00e9quence : 50 Hz \u00b1 0,1_ - Bantam","robots":{"index":"index","follow":"follow","max-snippet":"max-snippet:-1","max-image-preview":"max-image-preview:large","max-video-preview":"max-video-preview:-1"},"canonical":"https:\/\/shop.bantam.ch\/fr\/produit\/onduleur-phoenix-24-5000-24v-sortie-230v-%c2%b1-2_-frequence-50-hz-%c2%b1-01_\/","og_locale":"fr_FR","og_type":"article","og_title":"Onduleur Phoenix 24\/5000 \/ 24V sortie 230V \u00b1 2_ fr\u00e9quence : 50 Hz \u00b1 0,1_ - Bantam","og_description":"L&rsquo;onduleur Victron 24\/5000 230 V VE.Bus convertit de mani\u00e8re fiable le courant continu de 24 V en courant alternatif de 230 V, permettant ainsi le fonctionnement d&rsquo;appareils m\u00e9nagers et industriels, m\u00eame en d\u00e9placement ou sur des syst\u00e8mes d&rsquo;alimentation autonomes. Gr\u00e2ce \u00e0 une r\u00e9gulation pr\u00e9cise de la tension et de la fr\u00e9quence, l&rsquo;onduleur fournit une tension [&hellip;]","og_url":"https:\/\/shop.bantam.ch\/fr\/produit\/onduleur-phoenix-24-5000-24v-sortie-230v-%c2%b1-2_-frequence-50-hz-%c2%b1-01_\/","og_site_name":"Bantam","article_modified_time":"2026-05-06T22:14:06+00:00","og_image":[{"width":640,"height":834,"url":"https:\/\/shop.bantam.ch\/wp-content\/uploads\/2026\/05\/Movera-L-9958663100.png","type":"image\/png"}],"twitter_card":"summary_large_image","twitter_misc":{"Dur\u00e9e de lecture estim\u00e9e":"1 minute"},"schema":{"@context":"https:\/\/schema.org","@graph":[{"@type":"WebPage","@id":"https:\/\/shop.bantam.ch\/fr\/produit\/onduleur-phoenix-24-5000-24v-sortie-230v-%c2%b1-2_-frequence-50-hz-%c2%b1-01_\/","url":"https:\/\/shop.bantam.ch\/fr\/produit\/onduleur-phoenix-24-5000-24v-sortie-230v-%c2%b1-2_-frequence-50-hz-%c2%b1-01_\/","name":"Onduleur Phoenix 24\/5000 \/ 24V sortie 230V \u00b1 2_ fr\u00e9quence : 50 Hz \u00b1 0,1_ - Bantam","isPartOf":{"@id":"https:\/\/shop.bantam.ch\/fr\/#website"},"primaryImageOfPage":{"@id":"https:\/\/shop.bantam.ch\/fr\/produit\/onduleur-phoenix-24-5000-24v-sortie-230v-%c2%b1-2_-frequence-50-hz-%c2%b1-01_\/#primaryimage"},"image":{"@id":"https:\/\/shop.bantam.ch\/fr\/produit\/onduleur-phoenix-24-5000-24v-sortie-230v-%c2%b1-2_-frequence-50-hz-%c2%b1-01_\/#primaryimage"},"thumbnailUrl":"https:\/\/shop.bantam.ch\/wp-content\/uploads\/2026\/05\/Movera-L-9958663100.png","datePublished":"2026-05-06T09:22:48+00:00","dateModified":"2026-05-06T22:14:06+00:00","breadcrumb":{"@id":"https:\/\/shop.bantam.ch\/fr\/produit\/onduleur-phoenix-24-5000-24v-sortie-230v-%c2%b1-2_-frequence-50-hz-%c2%b1-01_\/#breadcrumb"},"inLanguage":"fr-FR","potentialAction":[{"@type":"ReadAction","target":["https:\/\/shop.bantam.ch\/fr\/produit\/onduleur-phoenix-24-5000-24v-sortie-230v-%c2%b1-2_-frequence-50-hz-%c2%b1-01_\/"]}]},{"@type":"ImageObject","inLanguage":"fr-FR","@id":"https:\/\/shop.bantam.ch\/fr\/produit\/onduleur-phoenix-24-5000-24v-sortie-230v-%c2%b1-2_-frequence-50-hz-%c2%b1-01_\/#primaryimage","url":"https:\/\/shop.bantam.ch\/wp-content\/uploads\/2026\/05\/Movera-L-9958663100.png","contentUrl":"https:\/\/shop.bantam.ch\/wp-content\/uploads\/2026\/05\/Movera-L-9958663100.png","width":640,"height":834},{"@type":"BreadcrumbList","@id":"https:\/\/shop.bantam.ch\/fr\/produit\/onduleur-phoenix-24-5000-24v-sortie-230v-%c2%b1-2_-frequence-50-hz-%c2%b1-01_\/#breadcrumb","itemListElement":[{"@type":"ListItem","position":1,"name":"Accueil","item":"https:\/\/shop.bantam.ch\/fr\/"},{"@type":"ListItem","position":2,"name":"Boutique","item":"https:\/\/shop.bantam.ch\/fr\/boutique\/"},{"@type":"ListItem","position":3,"name":"Onduleur Phoenix 24\/5000 \/ 24V sortie 230V \u00b1 2_ fr\u00e9quence : 50 Hz \u00b1 0,1_"}]},{"@type":"WebSite","@id":"https:\/\/shop.bantam.ch\/fr\/#website","url":"https:\/\/shop.bantam.ch\/fr\/","name":"Bantam","description":"","publisher":{"@id":"https:\/\/shop.bantam.ch\/fr\/#organization"},"inLanguage":"fr-FR"},{"@type":"Organization","@id":"https:\/\/shop.bantam.ch\/fr\/#organization","name":"Bantam","url":"https:\/\/shop.bantam.ch\/fr\/","logo":{"@type":"ImageObject","inLanguage":"fr-FR","@id":"https:\/\/shop.bantam.ch\/fr\/#\/schema\/logo\/image\/","url":"https:\/\/shop.bantam.ch\/wp-content\/uploads\/2022\/12\/bantam-logo.png","contentUrl":"https:\/\/shop.bantam.ch\/wp-content\/uploads\/2022\/12\/bantam-logo.png","width":320,"height":71,"caption":"Bantam"},"image":{"@id":"https:\/\/shop.bantam.ch\/fr\/#\/schema\/logo\/image\/"}}]}},"_links":{"self":[{"href":"https:\/\/shop.bantam.ch\/fr\/wp-json\/wp\/v2\/product\/237935","targetHints":{"allow":["GET"]}}],"collection":[{"href":"https:\/\/shop.bantam.ch\/fr\/wp-json\/wp\/v2\/product"}],"about":[{"href":"https:\/\/shop.bantam.ch\/fr\/wp-json\/wp\/v2\/types\/product"}],"wp:featuredmedia":[{"embeddable":true,"href":"https:\/\/shop.bantam.ch\/fr\/wp-json\/wp\/v2\/media\/237933"}],"wp:attachment":[{"href":"https:\/\/shop.bantam.ch\/fr\/wp-json\/wp\/v2\/media?parent=237935"}],"wp:term":[{"taxonomy":"product_featured_cat","embeddable":true,"href":"https:\/\/shop.bantam.ch\/fr\/wp-json\/wp\/v2\/product_featured_cat?post=237935"},{"taxonomy":"product_brand","embeddable":true,"href":"https:\/\/shop.bantam.ch\/fr\/wp-json\/wp\/v2\/product_brand?post=237935"},{"taxonomy":"product_cat","embeddable":true,"href":"https:\/\/shop.bantam.ch\/fr\/wp-json\/wp\/v2\/product_cat?post=237935"},{"taxonomy":"product_tag","embeddable":true,"href":"https:\/\/shop.bantam.ch\/fr\/wp-json\/wp\/v2\/product_tag?post=237935"}],"curies":[{"name":"wp","href":"https:\/\/api.w.org\/{rel}","templated":true}]}}