{"id":237923,"date":"2026-05-06T11:17:48","date_gmt":"2026-05-06T09:17:48","guid":{"rendered":"https:\/\/shop.bantam.ch\/produit\/pompe-haute-pression-rechargeable-couleur-blue-shadow\/"},"modified":"2026-05-06T11:18:42","modified_gmt":"2026-05-06T09:18:42","slug":"pompe-haute-pression-rechargeable-couleur-blue-shadow","status":"publish","type":"product","link":"https:\/\/shop.bantam.ch\/fr\/produit\/pompe-haute-pression-rechargeable-couleur-blue-shadow\/","title":{"rendered":"Pompe haute pression rechargeable Couleur Blue Shadow"},"content":{"rendered":"<p>La pompe haute pression rechargeable Outwell Tempest est id\u00e9ale pour gonfler les tentes gonflables, les meubles, les SUP, les kayaks et bien plus encore. Con\u00e7ue pour une utilisation en ext\u00e9rieur, elle dispose d&rsquo;un \u00e9cran LCD pour des r\u00e9glages de pression pr\u00e9cis et s&rsquo;arr\u00eate automatiquement d\u00e8s que la pression souhait\u00e9e est atteinte. La Tempest est rechargeable par c\u00e2ble USB-C ou 12 V et offre une grande mobilit\u00e9 gr\u00e2ce \u00e0 sa batterie puissante. Compacte et l\u00e9g\u00e8re, elle est dot\u00e9e d&rsquo;une poign\u00e9e r\u00e9tractable et est livr\u00e9e avec sept buses et un adaptateur de valve Outwell FHF pour une utilisation polyvalente.<\/p>\n","protected":false},"excerpt":{"rendered":"<p>La pompe haute pression rechargeable Outwell Tempest est id\u00e9ale pour gonfler les tentes gonflables, les meubles, les SUP, les kayaks et bien plus encore. Con\u00e7ue pour une utilisation en ext\u00e9rieur, elle dispose d&rsquo;un \u00e9cran LCD pour des r\u00e9glages de pression pr\u00e9cis et s&rsquo;arr\u00eate automatiquement d\u00e8s que la pression souhait\u00e9e est atteinte. La Tempest est rechargeable [&hellip;]<\/p>\n","protected":false},"featured_media":237915,"template":"","meta":{"_acf_changed":false},"product_featured_cat":[],"product_brand":[3296],"product_cat":[4029],"product_tag":[],"class_list":{"0":"post-237923","1":"product","2":"type-product","3":"status-publish","4":"has-post-thumbnail","6":"product_brand-outwell","7":"product_cat-pompes-a-air","9":"first","10":"instock","11":"taxable","12":"shipping-taxable","13":"purchasable","14":"product-type-simple"},"acf":[],"yoast_head":"<!-- This site is optimized with the Yoast SEO plugin v27.5 - https:\/\/yoast.com\/product\/yoast-seo-wordpress\/ -->\n<title>Pompe haute pression rechargeable Couleur Blue Shadow - Bantam<\/title>\n<meta name=\"robots\" content=\"index, follow, max-snippet:-1, max-image-preview:large, max-video-preview:-1\" \/>\n<link rel=\"canonical\" href=\"https:\/\/shop.bantam.ch\/fr\/produit\/pompe-haute-pression-rechargeable-couleur-blue-shadow\/\" \/>\n<meta property=\"og:locale\" content=\"fr_FR\" \/>\n<meta property=\"og:type\" content=\"article\" \/>\n<meta property=\"og:title\" content=\"Pompe haute pression rechargeable Couleur Blue Shadow - Bantam\" \/>\n<meta property=\"og:description\" content=\"La pompe haute pression rechargeable Outwell Tempest est id\u00e9ale pour gonfler les tentes gonflables, les meubles, les SUP, les kayaks et bien plus encore. Con\u00e7ue pour une utilisation en ext\u00e9rieur, elle dispose d&rsquo;un \u00e9cran LCD pour des r\u00e9glages de pression pr\u00e9cis et s&rsquo;arr\u00eate automatiquement d\u00e8s que la pression souhait\u00e9e est atteinte. La Tempest est rechargeable [&hellip;]\" \/>\n<meta property=\"og:url\" content=\"https:\/\/shop.bantam.ch\/fr\/produit\/pompe-haute-pression-rechargeable-couleur-blue-shadow\/\" \/>\n<meta property=\"og:site_name\" content=\"Bantam\" \/>\n<meta property=\"article:modified_time\" content=\"2026-05-06T09:18:42+00:00\" \/>\n<meta property=\"og:image\" content=\"https:\/\/shop.bantam.ch\/wp-content\/uploads\/2026\/05\/Movera-L-9958642100.jpg\" \/>\n\t<meta property=\"og:image:width\" content=\"640\" \/>\n\t<meta property=\"og:image:height\" content=\"360\" \/>\n\t<meta property=\"og:image:type\" content=\"image\/jpeg\" \/>\n<meta name=\"twitter:card\" content=\"summary_large_image\" \/>\n<meta name=\"twitter:label1\" content=\"Dur\u00e9e de lecture estim\u00e9e\" \/>\n\t<meta name=\"twitter:data1\" content=\"1 minute\" \/>\n<script type=\"application\/ld+json\" class=\"yoast-schema-graph\">{\"@context\":\"https:\\\/\\\/schema.org\",\"@graph\":[{\"@type\":\"WebPage\",\"@id\":\"https:\\\/\\\/shop.bantam.ch\\\/fr\\\/produit\\\/pompe-haute-pression-rechargeable-couleur-blue-shadow\\\/\",\"url\":\"https:\\\/\\\/shop.bantam.ch\\\/fr\\\/produit\\\/pompe-haute-pression-rechargeable-couleur-blue-shadow\\\/\",\"name\":\"Pompe haute pression rechargeable Couleur Blue Shadow - Bantam\",\"isPartOf\":{\"@id\":\"https:\\\/\\\/shop.bantam.ch\\\/fr\\\/#website\"},\"primaryImageOfPage\":{\"@id\":\"https:\\\/\\\/shop.bantam.ch\\\/fr\\\/produit\\\/pompe-haute-pression-rechargeable-couleur-blue-shadow\\\/#primaryimage\"},\"image\":{\"@id\":\"https:\\\/\\\/shop.bantam.ch\\\/fr\\\/produit\\\/pompe-haute-pression-rechargeable-couleur-blue-shadow\\\/#primaryimage\"},\"thumbnailUrl\":\"https:\\\/\\\/shop.bantam.ch\\\/wp-content\\\/uploads\\\/2026\\\/05\\\/Movera-L-9958642100.jpg\",\"datePublished\":\"2026-05-06T09:17:48+00:00\",\"dateModified\":\"2026-05-06T09:18:42+00:00\",\"breadcrumb\":{\"@id\":\"https:\\\/\\\/shop.bantam.ch\\\/fr\\\/produit\\\/pompe-haute-pression-rechargeable-couleur-blue-shadow\\\/#breadcrumb\"},\"inLanguage\":\"fr-FR\",\"potentialAction\":[{\"@type\":\"ReadAction\",\"target\":[\"https:\\\/\\\/shop.bantam.ch\\\/fr\\\/produit\\\/pompe-haute-pression-rechargeable-couleur-blue-shadow\\\/\"]}]},{\"@type\":\"ImageObject\",\"inLanguage\":\"fr-FR\",\"@id\":\"https:\\\/\\\/shop.bantam.ch\\\/fr\\\/produit\\\/pompe-haute-pression-rechargeable-couleur-blue-shadow\\\/#primaryimage\",\"url\":\"https:\\\/\\\/shop.bantam.ch\\\/wp-content\\\/uploads\\\/2026\\\/05\\\/Movera-L-9958642100.jpg\",\"contentUrl\":\"https:\\\/\\\/shop.bantam.ch\\\/wp-content\\\/uploads\\\/2026\\\/05\\\/Movera-L-9958642100.jpg\",\"width\":640,\"height\":360},{\"@type\":\"BreadcrumbList\",\"@id\":\"https:\\\/\\\/shop.bantam.ch\\\/fr\\\/produit\\\/pompe-haute-pression-rechargeable-couleur-blue-shadow\\\/#breadcrumb\",\"itemListElement\":[{\"@type\":\"ListItem\",\"position\":1,\"name\":\"Accueil\",\"item\":\"https:\\\/\\\/shop.bantam.ch\\\/fr\\\/\"},{\"@type\":\"ListItem\",\"position\":2,\"name\":\"Boutique\",\"item\":\"https:\\\/\\\/shop.bantam.ch\\\/fr\\\/boutique\\\/\"},{\"@type\":\"ListItem\",\"position\":3,\"name\":\"Pompe haute pression rechargeable Couleur Blue Shadow\"}]},{\"@type\":\"WebSite\",\"@id\":\"https:\\\/\\\/shop.bantam.ch\\\/fr\\\/#website\",\"url\":\"https:\\\/\\\/shop.bantam.ch\\\/fr\\\/\",\"name\":\"Bantam\",\"description\":\"\",\"publisher\":{\"@id\":\"https:\\\/\\\/shop.bantam.ch\\\/fr\\\/#organization\"},\"inLanguage\":\"fr-FR\"},{\"@type\":\"Organization\",\"@id\":\"https:\\\/\\\/shop.bantam.ch\\\/fr\\\/#organization\",\"name\":\"Bantam\",\"url\":\"https:\\\/\\\/shop.bantam.ch\\\/fr\\\/\",\"logo\":{\"@type\":\"ImageObject\",\"inLanguage\":\"fr-FR\",\"@id\":\"https:\\\/\\\/shop.bantam.ch\\\/fr\\\/#\\\/schema\\\/logo\\\/image\\\/\",\"url\":\"https:\\\/\\\/shop.bantam.ch\\\/wp-content\\\/uploads\\\/2022\\\/12\\\/bantam-logo.png\",\"contentUrl\":\"https:\\\/\\\/shop.bantam.ch\\\/wp-content\\\/uploads\\\/2022\\\/12\\\/bantam-logo.png\",\"width\":320,\"height\":71,\"caption\":\"Bantam\"},\"image\":{\"@id\":\"https:\\\/\\\/shop.bantam.ch\\\/fr\\\/#\\\/schema\\\/logo\\\/image\\\/\"}}]}<\/script>\n<!-- \/ Yoast SEO plugin. -->","yoast_head_json":{"title":"Pompe haute pression rechargeable Couleur Blue Shadow - Bantam","robots":{"index":"index","follow":"follow","max-snippet":"max-snippet:-1","max-image-preview":"max-image-preview:large","max-video-preview":"max-video-preview:-1"},"canonical":"https:\/\/shop.bantam.ch\/fr\/produit\/pompe-haute-pression-rechargeable-couleur-blue-shadow\/","og_locale":"fr_FR","og_type":"article","og_title":"Pompe haute pression rechargeable Couleur Blue Shadow - Bantam","og_description":"La pompe haute pression rechargeable Outwell Tempest est id\u00e9ale pour gonfler les tentes gonflables, les meubles, les SUP, les kayaks et bien plus encore. Con\u00e7ue pour une utilisation en ext\u00e9rieur, elle dispose d&rsquo;un \u00e9cran LCD pour des r\u00e9glages de pression pr\u00e9cis et s&rsquo;arr\u00eate automatiquement d\u00e8s que la pression souhait\u00e9e est atteinte. La Tempest est rechargeable [&hellip;]","og_url":"https:\/\/shop.bantam.ch\/fr\/produit\/pompe-haute-pression-rechargeable-couleur-blue-shadow\/","og_site_name":"Bantam","article_modified_time":"2026-05-06T09:18:42+00:00","og_image":[{"width":640,"height":360,"url":"https:\/\/shop.bantam.ch\/wp-content\/uploads\/2026\/05\/Movera-L-9958642100.jpg","type":"image\/jpeg"}],"twitter_card":"summary_large_image","twitter_misc":{"Dur\u00e9e de lecture estim\u00e9e":"1 minute"},"schema":{"@context":"https:\/\/schema.org","@graph":[{"@type":"WebPage","@id":"https:\/\/shop.bantam.ch\/fr\/produit\/pompe-haute-pression-rechargeable-couleur-blue-shadow\/","url":"https:\/\/shop.bantam.ch\/fr\/produit\/pompe-haute-pression-rechargeable-couleur-blue-shadow\/","name":"Pompe haute pression rechargeable Couleur Blue Shadow - Bantam","isPartOf":{"@id":"https:\/\/shop.bantam.ch\/fr\/#website"},"primaryImageOfPage":{"@id":"https:\/\/shop.bantam.ch\/fr\/produit\/pompe-haute-pression-rechargeable-couleur-blue-shadow\/#primaryimage"},"image":{"@id":"https:\/\/shop.bantam.ch\/fr\/produit\/pompe-haute-pression-rechargeable-couleur-blue-shadow\/#primaryimage"},"thumbnailUrl":"https:\/\/shop.bantam.ch\/wp-content\/uploads\/2026\/05\/Movera-L-9958642100.jpg","datePublished":"2026-05-06T09:17:48+00:00","dateModified":"2026-05-06T09:18:42+00:00","breadcrumb":{"@id":"https:\/\/shop.bantam.ch\/fr\/produit\/pompe-haute-pression-rechargeable-couleur-blue-shadow\/#breadcrumb"},"inLanguage":"fr-FR","potentialAction":[{"@type":"ReadAction","target":["https:\/\/shop.bantam.ch\/fr\/produit\/pompe-haute-pression-rechargeable-couleur-blue-shadow\/"]}]},{"@type":"ImageObject","inLanguage":"fr-FR","@id":"https:\/\/shop.bantam.ch\/fr\/produit\/pompe-haute-pression-rechargeable-couleur-blue-shadow\/#primaryimage","url":"https:\/\/shop.bantam.ch\/wp-content\/uploads\/2026\/05\/Movera-L-9958642100.jpg","contentUrl":"https:\/\/shop.bantam.ch\/wp-content\/uploads\/2026\/05\/Movera-L-9958642100.jpg","width":640,"height":360},{"@type":"BreadcrumbList","@id":"https:\/\/shop.bantam.ch\/fr\/produit\/pompe-haute-pression-rechargeable-couleur-blue-shadow\/#breadcrumb","itemListElement":[{"@type":"ListItem","position":1,"name":"Accueil","item":"https:\/\/shop.bantam.ch\/fr\/"},{"@type":"ListItem","position":2,"name":"Boutique","item":"https:\/\/shop.bantam.ch\/fr\/boutique\/"},{"@type":"ListItem","position":3,"name":"Pompe haute pression rechargeable Couleur Blue Shadow"}]},{"@type":"WebSite","@id":"https:\/\/shop.bantam.ch\/fr\/#website","url":"https:\/\/shop.bantam.ch\/fr\/","name":"Bantam","description":"","publisher":{"@id":"https:\/\/shop.bantam.ch\/fr\/#organization"},"inLanguage":"fr-FR"},{"@type":"Organization","@id":"https:\/\/shop.bantam.ch\/fr\/#organization","name":"Bantam","url":"https:\/\/shop.bantam.ch\/fr\/","logo":{"@type":"ImageObject","inLanguage":"fr-FR","@id":"https:\/\/shop.bantam.ch\/fr\/#\/schema\/logo\/image\/","url":"https:\/\/shop.bantam.ch\/wp-content\/uploads\/2022\/12\/bantam-logo.png","contentUrl":"https:\/\/shop.bantam.ch\/wp-content\/uploads\/2022\/12\/bantam-logo.png","width":320,"height":71,"caption":"Bantam"},"image":{"@id":"https:\/\/shop.bantam.ch\/fr\/#\/schema\/logo\/image\/"}}]}},"_links":{"self":[{"href":"https:\/\/shop.bantam.ch\/fr\/wp-json\/wp\/v2\/product\/237923","targetHints":{"allow":["GET"]}}],"collection":[{"href":"https:\/\/shop.bantam.ch\/fr\/wp-json\/wp\/v2\/product"}],"about":[{"href":"https:\/\/shop.bantam.ch\/fr\/wp-json\/wp\/v2\/types\/product"}],"wp:featuredmedia":[{"embeddable":true,"href":"https:\/\/shop.bantam.ch\/fr\/wp-json\/wp\/v2\/media\/237915"}],"wp:attachment":[{"href":"https:\/\/shop.bantam.ch\/fr\/wp-json\/wp\/v2\/media?parent=237923"}],"wp:term":[{"taxonomy":"product_featured_cat","embeddable":true,"href":"https:\/\/shop.bantam.ch\/fr\/wp-json\/wp\/v2\/product_featured_cat?post=237923"},{"taxonomy":"product_brand","embeddable":true,"href":"https:\/\/shop.bantam.ch\/fr\/wp-json\/wp\/v2\/product_brand?post=237923"},{"taxonomy":"product_cat","embeddable":true,"href":"https:\/\/shop.bantam.ch\/fr\/wp-json\/wp\/v2\/product_cat?post=237923"},{"taxonomy":"product_tag","embeddable":true,"href":"https:\/\/shop.bantam.ch\/fr\/wp-json\/wp\/v2\/product_tag?post=237923"}],"curies":[{"name":"wp","href":"https:\/\/api.w.org\/{rel}","templated":true}]}}