{"id":237907,"date":"2026-05-06T11:14:24","date_gmt":"2026-05-06T09:14:24","guid":{"rendered":"https:\/\/shop.bantam.ch\/produit\/protection-de-retroviseur-bumper-pour-mercedes-sprinter-a-partir-de-lannee-de-construction-2007-set-2-pieces-noir\/"},"modified":"2026-05-06T11:15:20","modified_gmt":"2026-05-06T09:15:20","slug":"protection-de-retroviseur-bumper-pour-mercedes-sprinter-a-partir-de-lannee-de-construction-2007-set-2-pieces-noir","status":"publish","type":"product","link":"https:\/\/shop.bantam.ch\/fr\/produit\/protection-de-retroviseur-bumper-pour-mercedes-sprinter-a-partir-de-lannee-de-construction-2007-set-2-pieces-noir\/","title":{"rendered":"Protection de r\u00e9troviseur Bumper pour Mercedes Sprinter \u00e0 partir de l&rsquo;ann\u00e9e de construction 2007 Set 2 pi\u00e8ces, noir"},"content":{"rendered":"<p>Les pare-chocs de protection des r\u00e9troviseurs Milenco ont \u00e9t\u00e9 con\u00e7us et construits pour offrir une protection maximale. Ils servent \u00e0 couvrir les dommages existants aux r\u00e9troviseurs et \u00e0 les prot\u00e9ger contre les chocs.<br \/>\nAvec une forme nervur\u00e9e sur les bords ext\u00e9rieurs et une enveloppe multicouche d&rsquo;une \u00e9paisseur pouvant atteindre 6 mm aux endroits critiques, ces protections d\u00e9vient les objets, prot\u00e8gent les clignotants lat\u00e9raux et absorbent et r\u00e9partissent les forces d&rsquo;impact afin de prot\u00e9ger le r\u00e9troviseur de votre v\u00e9hicule.<br \/>\nEntoure parfaitement le r\u00e9troviseur du v\u00e9hicule et assure une fixation s\u00fbre gr\u00e2ce \u00e0 un clip \u00e0 visser.<\/p>\n<p>Contenu de la livraison :<\/p>\n<p>1 paire<\/p>\n","protected":false},"excerpt":{"rendered":"<p>Les pare-chocs de protection des r\u00e9troviseurs Milenco ont \u00e9t\u00e9 con\u00e7us et construits pour offrir une protection maximale. Ils servent \u00e0 couvrir les dommages existants aux r\u00e9troviseurs et \u00e0 les prot\u00e9ger contre les chocs. Avec une forme nervur\u00e9e sur les bords ext\u00e9rieurs et une enveloppe multicouche d&rsquo;une \u00e9paisseur pouvant atteindre 6 mm aux endroits critiques, ces [&hellip;]<\/p>\n","protected":false},"featured_media":237905,"template":"","meta":{"_acf_changed":false},"product_featured_cat":[],"product_brand":[3142],"product_cat":[4833],"product_tag":[],"class_list":{"0":"post-237907","1":"product","2":"type-product","3":"status-publish","4":"has-post-thumbnail","6":"product_brand-milenco","7":"product_cat-accessoires-pour-retroviseurs-de-caravane","9":"first","10":"instock","11":"taxable","12":"shipping-taxable","13":"purchasable","14":"product-type-simple"},"acf":[],"yoast_head":"<!-- This site is optimized with the Yoast SEO plugin v27.5 - https:\/\/yoast.com\/product\/yoast-seo-wordpress\/ -->\n<title>Protection de r\u00e9troviseur Bumper pour Mercedes Sprinter \u00e0 partir de l&#039;ann\u00e9e de construction 2007 Set 2 pi\u00e8ces, noir - Bantam<\/title>\n<meta name=\"robots\" content=\"index, follow, max-snippet:-1, max-image-preview:large, max-video-preview:-1\" \/>\n<link rel=\"canonical\" href=\"https:\/\/shop.bantam.ch\/fr\/produit\/protection-de-retroviseur-bumper-pour-mercedes-sprinter-a-partir-de-lannee-de-construction-2007-set-2-pieces-noir\/\" \/>\n<meta property=\"og:locale\" content=\"fr_FR\" \/>\n<meta property=\"og:type\" content=\"article\" \/>\n<meta property=\"og:title\" content=\"Protection de r\u00e9troviseur Bumper pour Mercedes Sprinter \u00e0 partir de l&#039;ann\u00e9e de construction 2007 Set 2 pi\u00e8ces, noir - Bantam\" \/>\n<meta property=\"og:description\" content=\"Les pare-chocs de protection des r\u00e9troviseurs Milenco ont \u00e9t\u00e9 con\u00e7us et construits pour offrir une protection maximale. Ils servent \u00e0 couvrir les dommages existants aux r\u00e9troviseurs et \u00e0 les prot\u00e9ger contre les chocs. Avec une forme nervur\u00e9e sur les bords ext\u00e9rieurs et une enveloppe multicouche d&rsquo;une \u00e9paisseur pouvant atteindre 6 mm aux endroits critiques, ces [&hellip;]\" \/>\n<meta property=\"og:url\" content=\"https:\/\/shop.bantam.ch\/fr\/produit\/protection-de-retroviseur-bumper-pour-mercedes-sprinter-a-partir-de-lannee-de-construction-2007-set-2-pieces-noir\/\" \/>\n<meta property=\"og:site_name\" content=\"Bantam\" \/>\n<meta property=\"article:modified_time\" content=\"2026-05-06T09:15:20+00:00\" \/>\n<meta property=\"og:image\" content=\"https:\/\/shop.bantam.ch\/wp-content\/uploads\/2026\/05\/Movera-L-9957999100.jpg\" \/>\n\t<meta property=\"og:image:width\" content=\"640\" \/>\n\t<meta property=\"og:image:height\" content=\"853\" \/>\n\t<meta property=\"og:image:type\" content=\"image\/jpeg\" \/>\n<meta name=\"twitter:card\" content=\"summary_large_image\" \/>\n<meta name=\"twitter:label1\" content=\"Dur\u00e9e de lecture estim\u00e9e\" \/>\n\t<meta name=\"twitter:data1\" content=\"1 minute\" \/>\n<script type=\"application\/ld+json\" class=\"yoast-schema-graph\">{\"@context\":\"https:\\\/\\\/schema.org\",\"@graph\":[{\"@type\":\"WebPage\",\"@id\":\"https:\\\/\\\/shop.bantam.ch\\\/fr\\\/produit\\\/protection-de-retroviseur-bumper-pour-mercedes-sprinter-a-partir-de-lannee-de-construction-2007-set-2-pieces-noir\\\/\",\"url\":\"https:\\\/\\\/shop.bantam.ch\\\/fr\\\/produit\\\/protection-de-retroviseur-bumper-pour-mercedes-sprinter-a-partir-de-lannee-de-construction-2007-set-2-pieces-noir\\\/\",\"name\":\"Protection de r\u00e9troviseur Bumper pour Mercedes Sprinter \u00e0 partir de l'ann\u00e9e de construction 2007 Set 2 pi\u00e8ces, noir - Bantam\",\"isPartOf\":{\"@id\":\"https:\\\/\\\/shop.bantam.ch\\\/fr\\\/#website\"},\"primaryImageOfPage\":{\"@id\":\"https:\\\/\\\/shop.bantam.ch\\\/fr\\\/produit\\\/protection-de-retroviseur-bumper-pour-mercedes-sprinter-a-partir-de-lannee-de-construction-2007-set-2-pieces-noir\\\/#primaryimage\"},\"image\":{\"@id\":\"https:\\\/\\\/shop.bantam.ch\\\/fr\\\/produit\\\/protection-de-retroviseur-bumper-pour-mercedes-sprinter-a-partir-de-lannee-de-construction-2007-set-2-pieces-noir\\\/#primaryimage\"},\"thumbnailUrl\":\"https:\\\/\\\/shop.bantam.ch\\\/wp-content\\\/uploads\\\/2026\\\/05\\\/Movera-L-9957999100.jpg\",\"datePublished\":\"2026-05-06T09:14:24+00:00\",\"dateModified\":\"2026-05-06T09:15:20+00:00\",\"breadcrumb\":{\"@id\":\"https:\\\/\\\/shop.bantam.ch\\\/fr\\\/produit\\\/protection-de-retroviseur-bumper-pour-mercedes-sprinter-a-partir-de-lannee-de-construction-2007-set-2-pieces-noir\\\/#breadcrumb\"},\"inLanguage\":\"fr-FR\",\"potentialAction\":[{\"@type\":\"ReadAction\",\"target\":[\"https:\\\/\\\/shop.bantam.ch\\\/fr\\\/produit\\\/protection-de-retroviseur-bumper-pour-mercedes-sprinter-a-partir-de-lannee-de-construction-2007-set-2-pieces-noir\\\/\"]}]},{\"@type\":\"ImageObject\",\"inLanguage\":\"fr-FR\",\"@id\":\"https:\\\/\\\/shop.bantam.ch\\\/fr\\\/produit\\\/protection-de-retroviseur-bumper-pour-mercedes-sprinter-a-partir-de-lannee-de-construction-2007-set-2-pieces-noir\\\/#primaryimage\",\"url\":\"https:\\\/\\\/shop.bantam.ch\\\/wp-content\\\/uploads\\\/2026\\\/05\\\/Movera-L-9957999100.jpg\",\"contentUrl\":\"https:\\\/\\\/shop.bantam.ch\\\/wp-content\\\/uploads\\\/2026\\\/05\\\/Movera-L-9957999100.jpg\",\"width\":640,\"height\":853},{\"@type\":\"BreadcrumbList\",\"@id\":\"https:\\\/\\\/shop.bantam.ch\\\/fr\\\/produit\\\/protection-de-retroviseur-bumper-pour-mercedes-sprinter-a-partir-de-lannee-de-construction-2007-set-2-pieces-noir\\\/#breadcrumb\",\"itemListElement\":[{\"@type\":\"ListItem\",\"position\":1,\"name\":\"Accueil\",\"item\":\"https:\\\/\\\/shop.bantam.ch\\\/fr\\\/\"},{\"@type\":\"ListItem\",\"position\":2,\"name\":\"Boutique\",\"item\":\"https:\\\/\\\/shop.bantam.ch\\\/fr\\\/boutique\\\/\"},{\"@type\":\"ListItem\",\"position\":3,\"name\":\"Protection de r\u00e9troviseur Bumper pour Mercedes Sprinter \u00e0 partir de l&rsquo;ann\u00e9e de construction 2007 Set 2 pi\u00e8ces, noir\"}]},{\"@type\":\"WebSite\",\"@id\":\"https:\\\/\\\/shop.bantam.ch\\\/fr\\\/#website\",\"url\":\"https:\\\/\\\/shop.bantam.ch\\\/fr\\\/\",\"name\":\"Bantam\",\"description\":\"\",\"publisher\":{\"@id\":\"https:\\\/\\\/shop.bantam.ch\\\/fr\\\/#organization\"},\"inLanguage\":\"fr-FR\"},{\"@type\":\"Organization\",\"@id\":\"https:\\\/\\\/shop.bantam.ch\\\/fr\\\/#organization\",\"name\":\"Bantam\",\"url\":\"https:\\\/\\\/shop.bantam.ch\\\/fr\\\/\",\"logo\":{\"@type\":\"ImageObject\",\"inLanguage\":\"fr-FR\",\"@id\":\"https:\\\/\\\/shop.bantam.ch\\\/fr\\\/#\\\/schema\\\/logo\\\/image\\\/\",\"url\":\"https:\\\/\\\/shop.bantam.ch\\\/wp-content\\\/uploads\\\/2022\\\/12\\\/bantam-logo.png\",\"contentUrl\":\"https:\\\/\\\/shop.bantam.ch\\\/wp-content\\\/uploads\\\/2022\\\/12\\\/bantam-logo.png\",\"width\":320,\"height\":71,\"caption\":\"Bantam\"},\"image\":{\"@id\":\"https:\\\/\\\/shop.bantam.ch\\\/fr\\\/#\\\/schema\\\/logo\\\/image\\\/\"}}]}<\/script>\n<!-- \/ Yoast SEO plugin. -->","yoast_head_json":{"title":"Protection de r\u00e9troviseur Bumper pour Mercedes Sprinter \u00e0 partir de l'ann\u00e9e de construction 2007 Set 2 pi\u00e8ces, noir - Bantam","robots":{"index":"index","follow":"follow","max-snippet":"max-snippet:-1","max-image-preview":"max-image-preview:large","max-video-preview":"max-video-preview:-1"},"canonical":"https:\/\/shop.bantam.ch\/fr\/produit\/protection-de-retroviseur-bumper-pour-mercedes-sprinter-a-partir-de-lannee-de-construction-2007-set-2-pieces-noir\/","og_locale":"fr_FR","og_type":"article","og_title":"Protection de r\u00e9troviseur Bumper pour Mercedes Sprinter \u00e0 partir de l'ann\u00e9e de construction 2007 Set 2 pi\u00e8ces, noir - Bantam","og_description":"Les pare-chocs de protection des r\u00e9troviseurs Milenco ont \u00e9t\u00e9 con\u00e7us et construits pour offrir une protection maximale. Ils servent \u00e0 couvrir les dommages existants aux r\u00e9troviseurs et \u00e0 les prot\u00e9ger contre les chocs. Avec une forme nervur\u00e9e sur les bords ext\u00e9rieurs et une enveloppe multicouche d&rsquo;une \u00e9paisseur pouvant atteindre 6 mm aux endroits critiques, ces [&hellip;]","og_url":"https:\/\/shop.bantam.ch\/fr\/produit\/protection-de-retroviseur-bumper-pour-mercedes-sprinter-a-partir-de-lannee-de-construction-2007-set-2-pieces-noir\/","og_site_name":"Bantam","article_modified_time":"2026-05-06T09:15:20+00:00","og_image":[{"width":640,"height":853,"url":"https:\/\/shop.bantam.ch\/wp-content\/uploads\/2026\/05\/Movera-L-9957999100.jpg","type":"image\/jpeg"}],"twitter_card":"summary_large_image","twitter_misc":{"Dur\u00e9e de lecture estim\u00e9e":"1 minute"},"schema":{"@context":"https:\/\/schema.org","@graph":[{"@type":"WebPage","@id":"https:\/\/shop.bantam.ch\/fr\/produit\/protection-de-retroviseur-bumper-pour-mercedes-sprinter-a-partir-de-lannee-de-construction-2007-set-2-pieces-noir\/","url":"https:\/\/shop.bantam.ch\/fr\/produit\/protection-de-retroviseur-bumper-pour-mercedes-sprinter-a-partir-de-lannee-de-construction-2007-set-2-pieces-noir\/","name":"Protection de r\u00e9troviseur Bumper pour Mercedes Sprinter \u00e0 partir de l'ann\u00e9e de construction 2007 Set 2 pi\u00e8ces, noir - Bantam","isPartOf":{"@id":"https:\/\/shop.bantam.ch\/fr\/#website"},"primaryImageOfPage":{"@id":"https:\/\/shop.bantam.ch\/fr\/produit\/protection-de-retroviseur-bumper-pour-mercedes-sprinter-a-partir-de-lannee-de-construction-2007-set-2-pieces-noir\/#primaryimage"},"image":{"@id":"https:\/\/shop.bantam.ch\/fr\/produit\/protection-de-retroviseur-bumper-pour-mercedes-sprinter-a-partir-de-lannee-de-construction-2007-set-2-pieces-noir\/#primaryimage"},"thumbnailUrl":"https:\/\/shop.bantam.ch\/wp-content\/uploads\/2026\/05\/Movera-L-9957999100.jpg","datePublished":"2026-05-06T09:14:24+00:00","dateModified":"2026-05-06T09:15:20+00:00","breadcrumb":{"@id":"https:\/\/shop.bantam.ch\/fr\/produit\/protection-de-retroviseur-bumper-pour-mercedes-sprinter-a-partir-de-lannee-de-construction-2007-set-2-pieces-noir\/#breadcrumb"},"inLanguage":"fr-FR","potentialAction":[{"@type":"ReadAction","target":["https:\/\/shop.bantam.ch\/fr\/produit\/protection-de-retroviseur-bumper-pour-mercedes-sprinter-a-partir-de-lannee-de-construction-2007-set-2-pieces-noir\/"]}]},{"@type":"ImageObject","inLanguage":"fr-FR","@id":"https:\/\/shop.bantam.ch\/fr\/produit\/protection-de-retroviseur-bumper-pour-mercedes-sprinter-a-partir-de-lannee-de-construction-2007-set-2-pieces-noir\/#primaryimage","url":"https:\/\/shop.bantam.ch\/wp-content\/uploads\/2026\/05\/Movera-L-9957999100.jpg","contentUrl":"https:\/\/shop.bantam.ch\/wp-content\/uploads\/2026\/05\/Movera-L-9957999100.jpg","width":640,"height":853},{"@type":"BreadcrumbList","@id":"https:\/\/shop.bantam.ch\/fr\/produit\/protection-de-retroviseur-bumper-pour-mercedes-sprinter-a-partir-de-lannee-de-construction-2007-set-2-pieces-noir\/#breadcrumb","itemListElement":[{"@type":"ListItem","position":1,"name":"Accueil","item":"https:\/\/shop.bantam.ch\/fr\/"},{"@type":"ListItem","position":2,"name":"Boutique","item":"https:\/\/shop.bantam.ch\/fr\/boutique\/"},{"@type":"ListItem","position":3,"name":"Protection de r\u00e9troviseur Bumper pour Mercedes Sprinter \u00e0 partir de l&rsquo;ann\u00e9e de construction 2007 Set 2 pi\u00e8ces, noir"}]},{"@type":"WebSite","@id":"https:\/\/shop.bantam.ch\/fr\/#website","url":"https:\/\/shop.bantam.ch\/fr\/","name":"Bantam","description":"","publisher":{"@id":"https:\/\/shop.bantam.ch\/fr\/#organization"},"inLanguage":"fr-FR"},{"@type":"Organization","@id":"https:\/\/shop.bantam.ch\/fr\/#organization","name":"Bantam","url":"https:\/\/shop.bantam.ch\/fr\/","logo":{"@type":"ImageObject","inLanguage":"fr-FR","@id":"https:\/\/shop.bantam.ch\/fr\/#\/schema\/logo\/image\/","url":"https:\/\/shop.bantam.ch\/wp-content\/uploads\/2022\/12\/bantam-logo.png","contentUrl":"https:\/\/shop.bantam.ch\/wp-content\/uploads\/2022\/12\/bantam-logo.png","width":320,"height":71,"caption":"Bantam"},"image":{"@id":"https:\/\/shop.bantam.ch\/fr\/#\/schema\/logo\/image\/"}}]}},"_links":{"self":[{"href":"https:\/\/shop.bantam.ch\/fr\/wp-json\/wp\/v2\/product\/237907","targetHints":{"allow":["GET"]}}],"collection":[{"href":"https:\/\/shop.bantam.ch\/fr\/wp-json\/wp\/v2\/product"}],"about":[{"href":"https:\/\/shop.bantam.ch\/fr\/wp-json\/wp\/v2\/types\/product"}],"wp:featuredmedia":[{"embeddable":true,"href":"https:\/\/shop.bantam.ch\/fr\/wp-json\/wp\/v2\/media\/237905"}],"wp:attachment":[{"href":"https:\/\/shop.bantam.ch\/fr\/wp-json\/wp\/v2\/media?parent=237907"}],"wp:term":[{"taxonomy":"product_featured_cat","embeddable":true,"href":"https:\/\/shop.bantam.ch\/fr\/wp-json\/wp\/v2\/product_featured_cat?post=237907"},{"taxonomy":"product_brand","embeddable":true,"href":"https:\/\/shop.bantam.ch\/fr\/wp-json\/wp\/v2\/product_brand?post=237907"},{"taxonomy":"product_cat","embeddable":true,"href":"https:\/\/shop.bantam.ch\/fr\/wp-json\/wp\/v2\/product_cat?post=237907"},{"taxonomy":"product_tag","embeddable":true,"href":"https:\/\/shop.bantam.ch\/fr\/wp-json\/wp\/v2\/product_tag?post=237907"}],"curies":[{"name":"wp","href":"https:\/\/api.w.org\/{rel}","templated":true}]}}