{"id":237649,"date":"2026-05-04T10:13:39","date_gmt":"2026-05-04T08:13:39","guid":{"rendered":"https:\/\/shop.bantam.ch\/produit\/televiseur-smartwide-led-tv-soundpro-webos-bluetooth\/"},"modified":"2026-05-10T02:32:58","modified_gmt":"2026-05-10T00:32:58","slug":"televiseur-smartwide-led-tv-soundpro-webos-bluetooth","status":"publish","type":"product","link":"https:\/\/shop.bantam.ch\/fr\/produit\/televiseur-smartwide-led-tv-soundpro-webos-bluetooth\/","title":{"rendered":"T\u00e9l\u00e9viseur Smartwide LED TV SoundPro WebOS Bluetooth"},"content":{"rendered":"<p>ALDEN Smartwide WebOS SoundPro<\/p>\n<p>Le Smart Wide d&rsquo;ALDEN convainc par ses \u00e9crans brillants et sans d\u00e9faut de pixels en 22, 24, 27 ou 32 pouces. Gr\u00e2ce au Hub WebOS avec commande vocale et Air-Mouse ainsi qu&rsquo;\u00e0 la t\u00e9l\u00e9commande Bluetooth, vous profitez des applications de streaming comme Netflix, Prime Video, Disney+ ou Spotify de mani\u00e8re particuli\u00e8rement confortable. Un son cin\u00e9ma dans le camping-car. Des images brillantes en parfaite harmonie. La barre de son enti\u00e8rement int\u00e9gr\u00e9e d&rsquo;une puissance de 4 \u00d7 10 watts offre un nouveau niveau de qualit\u00e9 sonore. Le son clair et puissant est diffus\u00e9 directement vers l&rsquo;avant &#8211; pour une exp\u00e9rience d&rsquo;\u00e9coute intense qui vous entra\u00eene au c\u0153ur de l&rsquo;action.<\/p>\n<p>R\u00e9glage du son :<\/p>\n<p>Le r\u00e9glage intelligent du son est particuli\u00e8rement avantageux pour les personnes ayant des probl\u00e8mes d&rsquo;audition &#8211; m\u00eame en cas d&rsquo;utilisation d&rsquo;un casque ou de Bluetooth. Gr\u00e2ce au r\u00e9glage ind\u00e9pendant du volume, les haut-parleurs et le casque restent actifs en m\u00eame temps et peuvent \u00eatre adapt\u00e9s individuellement. Avec Timeshift\/PVR, jusqu&rsquo;\u00e0 3 connexions HDMI, un triple tuner et FastScan, la recherche de programmes se fait en un tour de main. De plus, les listes de cha\u00eenes peuvent \u00eatre facilement tri\u00e9es et \u00e9dit\u00e9es sur PC &#8211; une cl\u00e9 USB est d\u00e9j\u00e0 incluse dans la livraison.<\/p>\n<ul>\n<li>Barre de son enti\u00e8rement int\u00e9gr\u00e9e 4x 10 watts<\/li>\n<li>Particuli\u00e8rement adapt\u00e9e aux personnes ayant des difficult\u00e9s d&rsquo;audition : r\u00e9glage ind\u00e9pendant du volume pour les haut-parleurs, les \u00e9couteurs et le Bluetooth.<\/li>\n<li>Qualit\u00e9 d&rsquo;image brillante : \u00e9cran sans d\u00e9faut de pixels en 22, 24, 27 ou 32 pouces<\/li>\n<li>Smart &amp; confortable : Hub WebOS avec commande vocale, Air-Mouse et t\u00e9l\u00e9commande Bluetooth<\/li>\n<li>Diversit\u00e9 de streaming : Netflix, Prime Video, Disney+, Spotify et bien plus encore.<\/li>\n<li>Flexibilit\u00e9 maximale : Timeshift\/PVR, jusqu&rsquo;\u00e0 3 connexions HDMI, USB &amp; sortie audio optique<\/li>\n<li>D\u00e9marrage rapide : fonction FastScan et tri pratique des cha\u00eenes sur PC (cl\u00e9 USB incluse)<\/li>\n<li>Polyvalent : triple tuner, AirPlay 2, Bluetooth 5.0, tension de fonctionnement 10-30 V<\/li>\n<\/ul>\n<p>Livraison comprenant LED TV SMARTWIDE WebOS SoundPro, t\u00e9l\u00e9commande Bluetooth Magic, c\u00e2ble de raccordement 12 volts, jeu de c\u00e2bles et mode d&#8217;emploi<\/p>\n","protected":false},"excerpt":{"rendered":"<p>ALDEN Smartwide WebOS SoundPro Le Smart Wide d&rsquo;ALDEN convainc par ses \u00e9crans brillants et sans d\u00e9faut de pixels en 22, 24, 27 ou 32 pouces. Gr\u00e2ce au Hub WebOS avec commande vocale et Air-Mouse ainsi qu&rsquo;\u00e0 la t\u00e9l\u00e9commande Bluetooth, vous profitez des applications de streaming comme Netflix, Prime Video, Disney+ ou Spotify de mani\u00e8re particuli\u00e8rement [&hellip;]<\/p>\n","protected":false},"featured_media":237647,"template":"","meta":{"_acf_changed":false},"product_featured_cat":[],"product_brand":[3076],"product_cat":[4505],"product_tag":[],"class_list":{"0":"post-237649","1":"product","2":"type-product","3":"status-publish","4":"has-post-thumbnail","6":"product_brand-alden","7":"product_cat-televiseurs","9":"first","10":"instock","11":"taxable","12":"shipping-taxable","13":"purchasable","14":"product-type-variable"},"acf":[],"yoast_head":"<!-- This site is optimized with the Yoast SEO plugin v27.5 - https:\/\/yoast.com\/product\/yoast-seo-wordpress\/ -->\n<title>T\u00e9l\u00e9viseur Smartwide LED TV SoundPro WebOS Bluetooth - Bantam<\/title>\n<meta name=\"robots\" content=\"index, follow, max-snippet:-1, max-image-preview:large, max-video-preview:-1\" \/>\n<link rel=\"canonical\" href=\"https:\/\/shop.bantam.ch\/fr\/produit\/televiseur-smartwide-led-tv-soundpro-webos-bluetooth\/\" \/>\n<meta property=\"og:locale\" content=\"fr_FR\" \/>\n<meta property=\"og:type\" content=\"article\" \/>\n<meta property=\"og:title\" content=\"T\u00e9l\u00e9viseur Smartwide LED TV SoundPro WebOS Bluetooth - Bantam\" \/>\n<meta property=\"og:description\" content=\"ALDEN Smartwide WebOS SoundPro Le Smart Wide d&rsquo;ALDEN convainc par ses \u00e9crans brillants et sans d\u00e9faut de pixels en 22, 24, 27 ou 32 pouces. Gr\u00e2ce au Hub WebOS avec commande vocale et Air-Mouse ainsi qu&rsquo;\u00e0 la t\u00e9l\u00e9commande Bluetooth, vous profitez des applications de streaming comme Netflix, Prime Video, Disney+ ou Spotify de mani\u00e8re particuli\u00e8rement [&hellip;]\" \/>\n<meta property=\"og:url\" content=\"https:\/\/shop.bantam.ch\/fr\/produit\/televiseur-smartwide-led-tv-soundpro-webos-bluetooth\/\" \/>\n<meta property=\"og:site_name\" content=\"Bantam\" \/>\n<meta property=\"article:modified_time\" content=\"2026-05-10T00:32:58+00:00\" \/>\n<meta property=\"og:image\" content=\"https:\/\/shop.bantam.ch\/wp-content\/uploads\/2026\/05\/Movera-L-9976135100.png\" \/>\n\t<meta property=\"og:image:width\" content=\"640\" \/>\n\t<meta property=\"og:image:height\" content=\"383\" \/>\n\t<meta property=\"og:image:type\" content=\"image\/png\" \/>\n<meta name=\"twitter:card\" content=\"summary_large_image\" \/>\n<meta name=\"twitter:label1\" content=\"Dur\u00e9e de lecture estim\u00e9e\" \/>\n\t<meta name=\"twitter:data1\" content=\"2 minutes\" \/>\n<script type=\"application\/ld+json\" class=\"yoast-schema-graph\">{\"@context\":\"https:\\\/\\\/schema.org\",\"@graph\":[{\"@type\":\"WebPage\",\"@id\":\"https:\\\/\\\/shop.bantam.ch\\\/fr\\\/produit\\\/televiseur-smartwide-led-tv-soundpro-webos-bluetooth\\\/\",\"url\":\"https:\\\/\\\/shop.bantam.ch\\\/fr\\\/produit\\\/televiseur-smartwide-led-tv-soundpro-webos-bluetooth\\\/\",\"name\":\"T\u00e9l\u00e9viseur Smartwide LED TV SoundPro WebOS Bluetooth - Bantam\",\"isPartOf\":{\"@id\":\"https:\\\/\\\/shop.bantam.ch\\\/fr\\\/#website\"},\"primaryImageOfPage\":{\"@id\":\"https:\\\/\\\/shop.bantam.ch\\\/fr\\\/produit\\\/televiseur-smartwide-led-tv-soundpro-webos-bluetooth\\\/#primaryimage\"},\"image\":{\"@id\":\"https:\\\/\\\/shop.bantam.ch\\\/fr\\\/produit\\\/televiseur-smartwide-led-tv-soundpro-webos-bluetooth\\\/#primaryimage\"},\"thumbnailUrl\":\"https:\\\/\\\/shop.bantam.ch\\\/wp-content\\\/uploads\\\/2026\\\/05\\\/Movera-L-9976135100.png\",\"datePublished\":\"2026-05-04T08:13:39+00:00\",\"dateModified\":\"2026-05-10T00:32:58+00:00\",\"breadcrumb\":{\"@id\":\"https:\\\/\\\/shop.bantam.ch\\\/fr\\\/produit\\\/televiseur-smartwide-led-tv-soundpro-webos-bluetooth\\\/#breadcrumb\"},\"inLanguage\":\"fr-FR\",\"potentialAction\":[{\"@type\":\"ReadAction\",\"target\":[\"https:\\\/\\\/shop.bantam.ch\\\/fr\\\/produit\\\/televiseur-smartwide-led-tv-soundpro-webos-bluetooth\\\/\"]}]},{\"@type\":\"ImageObject\",\"inLanguage\":\"fr-FR\",\"@id\":\"https:\\\/\\\/shop.bantam.ch\\\/fr\\\/produit\\\/televiseur-smartwide-led-tv-soundpro-webos-bluetooth\\\/#primaryimage\",\"url\":\"https:\\\/\\\/shop.bantam.ch\\\/wp-content\\\/uploads\\\/2026\\\/05\\\/Movera-L-9976135100.png\",\"contentUrl\":\"https:\\\/\\\/shop.bantam.ch\\\/wp-content\\\/uploads\\\/2026\\\/05\\\/Movera-L-9976135100.png\",\"width\":640,\"height\":383},{\"@type\":\"BreadcrumbList\",\"@id\":\"https:\\\/\\\/shop.bantam.ch\\\/fr\\\/produit\\\/televiseur-smartwide-led-tv-soundpro-webos-bluetooth\\\/#breadcrumb\",\"itemListElement\":[{\"@type\":\"ListItem\",\"position\":1,\"name\":\"Accueil\",\"item\":\"https:\\\/\\\/shop.bantam.ch\\\/fr\\\/\"},{\"@type\":\"ListItem\",\"position\":2,\"name\":\"Boutique\",\"item\":\"https:\\\/\\\/shop.bantam.ch\\\/fr\\\/boutique\\\/\"},{\"@type\":\"ListItem\",\"position\":3,\"name\":\"T\u00e9l\u00e9viseur Smartwide LED TV SoundPro WebOS Bluetooth\"}]},{\"@type\":\"WebSite\",\"@id\":\"https:\\\/\\\/shop.bantam.ch\\\/fr\\\/#website\",\"url\":\"https:\\\/\\\/shop.bantam.ch\\\/fr\\\/\",\"name\":\"Bantam\",\"description\":\"\",\"publisher\":{\"@id\":\"https:\\\/\\\/shop.bantam.ch\\\/fr\\\/#organization\"},\"inLanguage\":\"fr-FR\"},{\"@type\":\"Organization\",\"@id\":\"https:\\\/\\\/shop.bantam.ch\\\/fr\\\/#organization\",\"name\":\"Bantam\",\"url\":\"https:\\\/\\\/shop.bantam.ch\\\/fr\\\/\",\"logo\":{\"@type\":\"ImageObject\",\"inLanguage\":\"fr-FR\",\"@id\":\"https:\\\/\\\/shop.bantam.ch\\\/fr\\\/#\\\/schema\\\/logo\\\/image\\\/\",\"url\":\"https:\\\/\\\/shop.bantam.ch\\\/wp-content\\\/uploads\\\/2022\\\/12\\\/bantam-logo.png\",\"contentUrl\":\"https:\\\/\\\/shop.bantam.ch\\\/wp-content\\\/uploads\\\/2022\\\/12\\\/bantam-logo.png\",\"width\":320,\"height\":71,\"caption\":\"Bantam\"},\"image\":{\"@id\":\"https:\\\/\\\/shop.bantam.ch\\\/fr\\\/#\\\/schema\\\/logo\\\/image\\\/\"}}]}<\/script>\n<!-- \/ Yoast SEO plugin. -->","yoast_head_json":{"title":"T\u00e9l\u00e9viseur Smartwide LED TV SoundPro WebOS Bluetooth - Bantam","robots":{"index":"index","follow":"follow","max-snippet":"max-snippet:-1","max-image-preview":"max-image-preview:large","max-video-preview":"max-video-preview:-1"},"canonical":"https:\/\/shop.bantam.ch\/fr\/produit\/televiseur-smartwide-led-tv-soundpro-webos-bluetooth\/","og_locale":"fr_FR","og_type":"article","og_title":"T\u00e9l\u00e9viseur Smartwide LED TV SoundPro WebOS Bluetooth - Bantam","og_description":"ALDEN Smartwide WebOS SoundPro Le Smart Wide d&rsquo;ALDEN convainc par ses \u00e9crans brillants et sans d\u00e9faut de pixels en 22, 24, 27 ou 32 pouces. Gr\u00e2ce au Hub WebOS avec commande vocale et Air-Mouse ainsi qu&rsquo;\u00e0 la t\u00e9l\u00e9commande Bluetooth, vous profitez des applications de streaming comme Netflix, Prime Video, Disney+ ou Spotify de mani\u00e8re particuli\u00e8rement [&hellip;]","og_url":"https:\/\/shop.bantam.ch\/fr\/produit\/televiseur-smartwide-led-tv-soundpro-webos-bluetooth\/","og_site_name":"Bantam","article_modified_time":"2026-05-10T00:32:58+00:00","og_image":[{"width":640,"height":383,"url":"https:\/\/shop.bantam.ch\/wp-content\/uploads\/2026\/05\/Movera-L-9976135100.png","type":"image\/png"}],"twitter_card":"summary_large_image","twitter_misc":{"Dur\u00e9e de lecture estim\u00e9e":"2 minutes"},"schema":{"@context":"https:\/\/schema.org","@graph":[{"@type":"WebPage","@id":"https:\/\/shop.bantam.ch\/fr\/produit\/televiseur-smartwide-led-tv-soundpro-webos-bluetooth\/","url":"https:\/\/shop.bantam.ch\/fr\/produit\/televiseur-smartwide-led-tv-soundpro-webos-bluetooth\/","name":"T\u00e9l\u00e9viseur Smartwide LED TV SoundPro WebOS Bluetooth - Bantam","isPartOf":{"@id":"https:\/\/shop.bantam.ch\/fr\/#website"},"primaryImageOfPage":{"@id":"https:\/\/shop.bantam.ch\/fr\/produit\/televiseur-smartwide-led-tv-soundpro-webos-bluetooth\/#primaryimage"},"image":{"@id":"https:\/\/shop.bantam.ch\/fr\/produit\/televiseur-smartwide-led-tv-soundpro-webos-bluetooth\/#primaryimage"},"thumbnailUrl":"https:\/\/shop.bantam.ch\/wp-content\/uploads\/2026\/05\/Movera-L-9976135100.png","datePublished":"2026-05-04T08:13:39+00:00","dateModified":"2026-05-10T00:32:58+00:00","breadcrumb":{"@id":"https:\/\/shop.bantam.ch\/fr\/produit\/televiseur-smartwide-led-tv-soundpro-webos-bluetooth\/#breadcrumb"},"inLanguage":"fr-FR","potentialAction":[{"@type":"ReadAction","target":["https:\/\/shop.bantam.ch\/fr\/produit\/televiseur-smartwide-led-tv-soundpro-webos-bluetooth\/"]}]},{"@type":"ImageObject","inLanguage":"fr-FR","@id":"https:\/\/shop.bantam.ch\/fr\/produit\/televiseur-smartwide-led-tv-soundpro-webos-bluetooth\/#primaryimage","url":"https:\/\/shop.bantam.ch\/wp-content\/uploads\/2026\/05\/Movera-L-9976135100.png","contentUrl":"https:\/\/shop.bantam.ch\/wp-content\/uploads\/2026\/05\/Movera-L-9976135100.png","width":640,"height":383},{"@type":"BreadcrumbList","@id":"https:\/\/shop.bantam.ch\/fr\/produit\/televiseur-smartwide-led-tv-soundpro-webos-bluetooth\/#breadcrumb","itemListElement":[{"@type":"ListItem","position":1,"name":"Accueil","item":"https:\/\/shop.bantam.ch\/fr\/"},{"@type":"ListItem","position":2,"name":"Boutique","item":"https:\/\/shop.bantam.ch\/fr\/boutique\/"},{"@type":"ListItem","position":3,"name":"T\u00e9l\u00e9viseur Smartwide LED TV SoundPro WebOS Bluetooth"}]},{"@type":"WebSite","@id":"https:\/\/shop.bantam.ch\/fr\/#website","url":"https:\/\/shop.bantam.ch\/fr\/","name":"Bantam","description":"","publisher":{"@id":"https:\/\/shop.bantam.ch\/fr\/#organization"},"inLanguage":"fr-FR"},{"@type":"Organization","@id":"https:\/\/shop.bantam.ch\/fr\/#organization","name":"Bantam","url":"https:\/\/shop.bantam.ch\/fr\/","logo":{"@type":"ImageObject","inLanguage":"fr-FR","@id":"https:\/\/shop.bantam.ch\/fr\/#\/schema\/logo\/image\/","url":"https:\/\/shop.bantam.ch\/wp-content\/uploads\/2022\/12\/bantam-logo.png","contentUrl":"https:\/\/shop.bantam.ch\/wp-content\/uploads\/2022\/12\/bantam-logo.png","width":320,"height":71,"caption":"Bantam"},"image":{"@id":"https:\/\/shop.bantam.ch\/fr\/#\/schema\/logo\/image\/"}}]}},"_links":{"self":[{"href":"https:\/\/shop.bantam.ch\/fr\/wp-json\/wp\/v2\/product\/237649","targetHints":{"allow":["GET"]}}],"collection":[{"href":"https:\/\/shop.bantam.ch\/fr\/wp-json\/wp\/v2\/product"}],"about":[{"href":"https:\/\/shop.bantam.ch\/fr\/wp-json\/wp\/v2\/types\/product"}],"wp:featuredmedia":[{"embeddable":true,"href":"https:\/\/shop.bantam.ch\/fr\/wp-json\/wp\/v2\/media\/237647"}],"wp:attachment":[{"href":"https:\/\/shop.bantam.ch\/fr\/wp-json\/wp\/v2\/media?parent=237649"}],"wp:term":[{"taxonomy":"product_featured_cat","embeddable":true,"href":"https:\/\/shop.bantam.ch\/fr\/wp-json\/wp\/v2\/product_featured_cat?post=237649"},{"taxonomy":"product_brand","embeddable":true,"href":"https:\/\/shop.bantam.ch\/fr\/wp-json\/wp\/v2\/product_brand?post=237649"},{"taxonomy":"product_cat","embeddable":true,"href":"https:\/\/shop.bantam.ch\/fr\/wp-json\/wp\/v2\/product_cat?post=237649"},{"taxonomy":"product_tag","embeddable":true,"href":"https:\/\/shop.bantam.ch\/fr\/wp-json\/wp\/v2\/product_tag?post=237649"}],"curies":[{"name":"wp","href":"https:\/\/api.w.org\/{rel}","templated":true}]}}