{"id":237597,"date":"2026-05-01T16:53:41","date_gmt":"2026-05-01T14:53:41","guid":{"rendered":"https:\/\/shop.bantam.ch\/produit\/mitigeur-monocommande-reich-ceramique-contur-e-avec-douchette-a-main-julia-flex-raccords\/"},"modified":"2026-05-03T00:02:57","modified_gmt":"2026-05-02T22:02:57","slug":"mitigeur-monocommande-reich-ceramique-contur-e-avec-douchette-a-main-julia-flex-raccords","status":"publish","type":"product","link":"https:\/\/shop.bantam.ch\/fr\/produit\/mitigeur-monocommande-reich-ceramique-contur-e-avec-douchette-a-main-julia-flex-raccords\/","title":{"rendered":"Mitigeur monocommande REICH C\u00e9ramique CONTUR E avec douchette \u00e0 main Julia flex. Raccords"},"content":{"rendered":"<ul>\n<li>Tous les produits REICH sont exclusivement des produits du plus haut niveau de qualit\u00e9.<\/li>\n<li>L&rsquo;utilisation de mat\u00e9riaux de haute qualit\u00e9 et la meilleure finition avec l&rsquo;amour du d\u00e9tail ont fait de nous le leader du march\u00e9 en Europe.<\/li>\n<li>L&rsquo;utilit\u00e9 pratique pour le client est \u00e9galement au centre de nos s\u00e9ries de robinetterie.<\/li>\n<li>Ainsi, qu&rsquo;il s&rsquo;agisse de robinetterie en laiton ou en plastique, les surfaces m\u00e9tallis\u00e9es sont trait\u00e9es par galvanisation.<\/li>\n<li>Pour des raisons de durabilit\u00e9, nous renon\u00e7ons d\u00e9lib\u00e9r\u00e9ment au traitement par vaporisation des surfaces, moins co\u00fbteux.<\/li>\n<li>De m\u00eame, sur la plupart des robinets \u00e9quip\u00e9s d&rsquo;une cartouche c\u00e9ramique ou d&rsquo;un microrupteur, ceux-ci peuvent \u00eatre remplac\u00e9s sans d\u00e9montage. Des d\u00e9tails petits mais raffin\u00e9s que vous appr\u00e9cierez certainement au fil du temps.<\/li>\n<li>Les pages suivantes vous montreront que l&rsquo;innovation et le design ne sont pas que des mots.<\/li>\n<\/ul>\n","protected":false},"excerpt":{"rendered":"<p>Tous les produits REICH sont exclusivement des produits du plus haut niveau de qualit\u00e9. L&rsquo;utilisation de mat\u00e9riaux de haute qualit\u00e9 et la meilleure finition avec l&rsquo;amour du d\u00e9tail ont fait de nous le leader du march\u00e9 en Europe. L&rsquo;utilit\u00e9 pratique pour le client est \u00e9galement au centre de nos s\u00e9ries de robinetterie. Ainsi, qu&rsquo;il s&rsquo;agisse [&hellip;]<\/p>\n","protected":false},"featured_media":237593,"template":"","meta":{"_acf_changed":false},"product_featured_cat":[],"product_brand":[3112],"product_cat":[4573],"product_tag":[],"class_list":{"0":"post-237597","1":"product","2":"type-product","3":"status-publish","4":"has-post-thumbnail","6":"product_brand-reich","7":"product_cat-mitigeurs-et-robinets-deau-froide","9":"first","10":"instock","11":"taxable","12":"shipping-taxable","13":"purchasable","14":"product-type-simple"},"acf":[],"yoast_head":"<!-- This site is optimized with the Yoast SEO plugin v27.5 - https:\/\/yoast.com\/product\/yoast-seo-wordpress\/ -->\n<title>Mitigeur monocommande REICH C\u00e9ramique CONTUR E avec douchette \u00e0 main Julia flex. Raccords - Bantam<\/title>\n<meta name=\"robots\" content=\"index, follow, max-snippet:-1, max-image-preview:large, max-video-preview:-1\" \/>\n<link rel=\"canonical\" href=\"https:\/\/shop.bantam.ch\/fr\/produit\/mitigeur-monocommande-reich-ceramique-contur-e-avec-douchette-a-main-julia-flex-raccords\/\" \/>\n<meta property=\"og:locale\" content=\"fr_FR\" \/>\n<meta property=\"og:type\" content=\"article\" \/>\n<meta property=\"og:title\" content=\"Mitigeur monocommande REICH C\u00e9ramique CONTUR E avec douchette \u00e0 main Julia flex. Raccords - Bantam\" \/>\n<meta property=\"og:description\" content=\"Tous les produits REICH sont exclusivement des produits du plus haut niveau de qualit\u00e9. L&rsquo;utilisation de mat\u00e9riaux de haute qualit\u00e9 et la meilleure finition avec l&rsquo;amour du d\u00e9tail ont fait de nous le leader du march\u00e9 en Europe. L&rsquo;utilit\u00e9 pratique pour le client est \u00e9galement au centre de nos s\u00e9ries de robinetterie. Ainsi, qu&rsquo;il s&rsquo;agisse [&hellip;]\" \/>\n<meta property=\"og:url\" content=\"https:\/\/shop.bantam.ch\/fr\/produit\/mitigeur-monocommande-reich-ceramique-contur-e-avec-douchette-a-main-julia-flex-raccords\/\" \/>\n<meta property=\"og:site_name\" content=\"Bantam\" \/>\n<meta property=\"article:modified_time\" content=\"2026-05-02T22:02:57+00:00\" \/>\n<meta property=\"og:image\" content=\"https:\/\/shop.bantam.ch\/wp-content\/uploads\/2026\/05\/Movera-L-9949902100.jpg\" \/>\n\t<meta property=\"og:image:width\" content=\"640\" \/>\n\t<meta property=\"og:image:height\" content=\"640\" \/>\n\t<meta property=\"og:image:type\" content=\"image\/jpeg\" \/>\n<meta name=\"twitter:card\" content=\"summary_large_image\" \/>\n<meta name=\"twitter:label1\" content=\"Dur\u00e9e de lecture estim\u00e9e\" \/>\n\t<meta name=\"twitter:data1\" content=\"1 minute\" \/>\n<script type=\"application\/ld+json\" class=\"yoast-schema-graph\">{\"@context\":\"https:\\\/\\\/schema.org\",\"@graph\":[{\"@type\":\"WebPage\",\"@id\":\"https:\\\/\\\/shop.bantam.ch\\\/fr\\\/produit\\\/mitigeur-monocommande-reich-ceramique-contur-e-avec-douchette-a-main-julia-flex-raccords\\\/\",\"url\":\"https:\\\/\\\/shop.bantam.ch\\\/fr\\\/produit\\\/mitigeur-monocommande-reich-ceramique-contur-e-avec-douchette-a-main-julia-flex-raccords\\\/\",\"name\":\"Mitigeur monocommande REICH C\u00e9ramique CONTUR E avec douchette \u00e0 main Julia flex. Raccords - Bantam\",\"isPartOf\":{\"@id\":\"https:\\\/\\\/shop.bantam.ch\\\/fr\\\/#website\"},\"primaryImageOfPage\":{\"@id\":\"https:\\\/\\\/shop.bantam.ch\\\/fr\\\/produit\\\/mitigeur-monocommande-reich-ceramique-contur-e-avec-douchette-a-main-julia-flex-raccords\\\/#primaryimage\"},\"image\":{\"@id\":\"https:\\\/\\\/shop.bantam.ch\\\/fr\\\/produit\\\/mitigeur-monocommande-reich-ceramique-contur-e-avec-douchette-a-main-julia-flex-raccords\\\/#primaryimage\"},\"thumbnailUrl\":\"https:\\\/\\\/shop.bantam.ch\\\/wp-content\\\/uploads\\\/2026\\\/05\\\/Movera-L-9949902100.jpg\",\"datePublished\":\"2026-05-01T14:53:41+00:00\",\"dateModified\":\"2026-05-02T22:02:57+00:00\",\"breadcrumb\":{\"@id\":\"https:\\\/\\\/shop.bantam.ch\\\/fr\\\/produit\\\/mitigeur-monocommande-reich-ceramique-contur-e-avec-douchette-a-main-julia-flex-raccords\\\/#breadcrumb\"},\"inLanguage\":\"fr-FR\",\"potentialAction\":[{\"@type\":\"ReadAction\",\"target\":[\"https:\\\/\\\/shop.bantam.ch\\\/fr\\\/produit\\\/mitigeur-monocommande-reich-ceramique-contur-e-avec-douchette-a-main-julia-flex-raccords\\\/\"]}]},{\"@type\":\"ImageObject\",\"inLanguage\":\"fr-FR\",\"@id\":\"https:\\\/\\\/shop.bantam.ch\\\/fr\\\/produit\\\/mitigeur-monocommande-reich-ceramique-contur-e-avec-douchette-a-main-julia-flex-raccords\\\/#primaryimage\",\"url\":\"https:\\\/\\\/shop.bantam.ch\\\/wp-content\\\/uploads\\\/2026\\\/05\\\/Movera-L-9949902100.jpg\",\"contentUrl\":\"https:\\\/\\\/shop.bantam.ch\\\/wp-content\\\/uploads\\\/2026\\\/05\\\/Movera-L-9949902100.jpg\",\"width\":640,\"height\":640},{\"@type\":\"BreadcrumbList\",\"@id\":\"https:\\\/\\\/shop.bantam.ch\\\/fr\\\/produit\\\/mitigeur-monocommande-reich-ceramique-contur-e-avec-douchette-a-main-julia-flex-raccords\\\/#breadcrumb\",\"itemListElement\":[{\"@type\":\"ListItem\",\"position\":1,\"name\":\"Accueil\",\"item\":\"https:\\\/\\\/shop.bantam.ch\\\/fr\\\/\"},{\"@type\":\"ListItem\",\"position\":2,\"name\":\"Boutique\",\"item\":\"https:\\\/\\\/shop.bantam.ch\\\/fr\\\/boutique\\\/\"},{\"@type\":\"ListItem\",\"position\":3,\"name\":\"Mitigeur monocommande REICH C\u00e9ramique CONTUR E avec douchette \u00e0 main Julia flex. Raccords\"}]},{\"@type\":\"WebSite\",\"@id\":\"https:\\\/\\\/shop.bantam.ch\\\/fr\\\/#website\",\"url\":\"https:\\\/\\\/shop.bantam.ch\\\/fr\\\/\",\"name\":\"Bantam\",\"description\":\"\",\"publisher\":{\"@id\":\"https:\\\/\\\/shop.bantam.ch\\\/fr\\\/#organization\"},\"inLanguage\":\"fr-FR\"},{\"@type\":\"Organization\",\"@id\":\"https:\\\/\\\/shop.bantam.ch\\\/fr\\\/#organization\",\"name\":\"Bantam\",\"url\":\"https:\\\/\\\/shop.bantam.ch\\\/fr\\\/\",\"logo\":{\"@type\":\"ImageObject\",\"inLanguage\":\"fr-FR\",\"@id\":\"https:\\\/\\\/shop.bantam.ch\\\/fr\\\/#\\\/schema\\\/logo\\\/image\\\/\",\"url\":\"https:\\\/\\\/shop.bantam.ch\\\/wp-content\\\/uploads\\\/2022\\\/12\\\/bantam-logo.png\",\"contentUrl\":\"https:\\\/\\\/shop.bantam.ch\\\/wp-content\\\/uploads\\\/2022\\\/12\\\/bantam-logo.png\",\"width\":320,\"height\":71,\"caption\":\"Bantam\"},\"image\":{\"@id\":\"https:\\\/\\\/shop.bantam.ch\\\/fr\\\/#\\\/schema\\\/logo\\\/image\\\/\"}}]}<\/script>\n<!-- \/ Yoast SEO plugin. -->","yoast_head_json":{"title":"Mitigeur monocommande REICH C\u00e9ramique CONTUR E avec douchette \u00e0 main Julia flex. Raccords - Bantam","robots":{"index":"index","follow":"follow","max-snippet":"max-snippet:-1","max-image-preview":"max-image-preview:large","max-video-preview":"max-video-preview:-1"},"canonical":"https:\/\/shop.bantam.ch\/fr\/produit\/mitigeur-monocommande-reich-ceramique-contur-e-avec-douchette-a-main-julia-flex-raccords\/","og_locale":"fr_FR","og_type":"article","og_title":"Mitigeur monocommande REICH C\u00e9ramique CONTUR E avec douchette \u00e0 main Julia flex. Raccords - Bantam","og_description":"Tous les produits REICH sont exclusivement des produits du plus haut niveau de qualit\u00e9. L&rsquo;utilisation de mat\u00e9riaux de haute qualit\u00e9 et la meilleure finition avec l&rsquo;amour du d\u00e9tail ont fait de nous le leader du march\u00e9 en Europe. L&rsquo;utilit\u00e9 pratique pour le client est \u00e9galement au centre de nos s\u00e9ries de robinetterie. Ainsi, qu&rsquo;il s&rsquo;agisse [&hellip;]","og_url":"https:\/\/shop.bantam.ch\/fr\/produit\/mitigeur-monocommande-reich-ceramique-contur-e-avec-douchette-a-main-julia-flex-raccords\/","og_site_name":"Bantam","article_modified_time":"2026-05-02T22:02:57+00:00","og_image":[{"width":640,"height":640,"url":"https:\/\/shop.bantam.ch\/wp-content\/uploads\/2026\/05\/Movera-L-9949902100.jpg","type":"image\/jpeg"}],"twitter_card":"summary_large_image","twitter_misc":{"Dur\u00e9e de lecture estim\u00e9e":"1 minute"},"schema":{"@context":"https:\/\/schema.org","@graph":[{"@type":"WebPage","@id":"https:\/\/shop.bantam.ch\/fr\/produit\/mitigeur-monocommande-reich-ceramique-contur-e-avec-douchette-a-main-julia-flex-raccords\/","url":"https:\/\/shop.bantam.ch\/fr\/produit\/mitigeur-monocommande-reich-ceramique-contur-e-avec-douchette-a-main-julia-flex-raccords\/","name":"Mitigeur monocommande REICH C\u00e9ramique CONTUR E avec douchette \u00e0 main Julia flex. Raccords - Bantam","isPartOf":{"@id":"https:\/\/shop.bantam.ch\/fr\/#website"},"primaryImageOfPage":{"@id":"https:\/\/shop.bantam.ch\/fr\/produit\/mitigeur-monocommande-reich-ceramique-contur-e-avec-douchette-a-main-julia-flex-raccords\/#primaryimage"},"image":{"@id":"https:\/\/shop.bantam.ch\/fr\/produit\/mitigeur-monocommande-reich-ceramique-contur-e-avec-douchette-a-main-julia-flex-raccords\/#primaryimage"},"thumbnailUrl":"https:\/\/shop.bantam.ch\/wp-content\/uploads\/2026\/05\/Movera-L-9949902100.jpg","datePublished":"2026-05-01T14:53:41+00:00","dateModified":"2026-05-02T22:02:57+00:00","breadcrumb":{"@id":"https:\/\/shop.bantam.ch\/fr\/produit\/mitigeur-monocommande-reich-ceramique-contur-e-avec-douchette-a-main-julia-flex-raccords\/#breadcrumb"},"inLanguage":"fr-FR","potentialAction":[{"@type":"ReadAction","target":["https:\/\/shop.bantam.ch\/fr\/produit\/mitigeur-monocommande-reich-ceramique-contur-e-avec-douchette-a-main-julia-flex-raccords\/"]}]},{"@type":"ImageObject","inLanguage":"fr-FR","@id":"https:\/\/shop.bantam.ch\/fr\/produit\/mitigeur-monocommande-reich-ceramique-contur-e-avec-douchette-a-main-julia-flex-raccords\/#primaryimage","url":"https:\/\/shop.bantam.ch\/wp-content\/uploads\/2026\/05\/Movera-L-9949902100.jpg","contentUrl":"https:\/\/shop.bantam.ch\/wp-content\/uploads\/2026\/05\/Movera-L-9949902100.jpg","width":640,"height":640},{"@type":"BreadcrumbList","@id":"https:\/\/shop.bantam.ch\/fr\/produit\/mitigeur-monocommande-reich-ceramique-contur-e-avec-douchette-a-main-julia-flex-raccords\/#breadcrumb","itemListElement":[{"@type":"ListItem","position":1,"name":"Accueil","item":"https:\/\/shop.bantam.ch\/fr\/"},{"@type":"ListItem","position":2,"name":"Boutique","item":"https:\/\/shop.bantam.ch\/fr\/boutique\/"},{"@type":"ListItem","position":3,"name":"Mitigeur monocommande REICH C\u00e9ramique CONTUR E avec douchette \u00e0 main Julia flex. Raccords"}]},{"@type":"WebSite","@id":"https:\/\/shop.bantam.ch\/fr\/#website","url":"https:\/\/shop.bantam.ch\/fr\/","name":"Bantam","description":"","publisher":{"@id":"https:\/\/shop.bantam.ch\/fr\/#organization"},"inLanguage":"fr-FR"},{"@type":"Organization","@id":"https:\/\/shop.bantam.ch\/fr\/#organization","name":"Bantam","url":"https:\/\/shop.bantam.ch\/fr\/","logo":{"@type":"ImageObject","inLanguage":"fr-FR","@id":"https:\/\/shop.bantam.ch\/fr\/#\/schema\/logo\/image\/","url":"https:\/\/shop.bantam.ch\/wp-content\/uploads\/2022\/12\/bantam-logo.png","contentUrl":"https:\/\/shop.bantam.ch\/wp-content\/uploads\/2022\/12\/bantam-logo.png","width":320,"height":71,"caption":"Bantam"},"image":{"@id":"https:\/\/shop.bantam.ch\/fr\/#\/schema\/logo\/image\/"}}]}},"_links":{"self":[{"href":"https:\/\/shop.bantam.ch\/fr\/wp-json\/wp\/v2\/product\/237597","targetHints":{"allow":["GET"]}}],"collection":[{"href":"https:\/\/shop.bantam.ch\/fr\/wp-json\/wp\/v2\/product"}],"about":[{"href":"https:\/\/shop.bantam.ch\/fr\/wp-json\/wp\/v2\/types\/product"}],"wp:featuredmedia":[{"embeddable":true,"href":"https:\/\/shop.bantam.ch\/fr\/wp-json\/wp\/v2\/media\/237593"}],"wp:attachment":[{"href":"https:\/\/shop.bantam.ch\/fr\/wp-json\/wp\/v2\/media?parent=237597"}],"wp:term":[{"taxonomy":"product_featured_cat","embeddable":true,"href":"https:\/\/shop.bantam.ch\/fr\/wp-json\/wp\/v2\/product_featured_cat?post=237597"},{"taxonomy":"product_brand","embeddable":true,"href":"https:\/\/shop.bantam.ch\/fr\/wp-json\/wp\/v2\/product_brand?post=237597"},{"taxonomy":"product_cat","embeddable":true,"href":"https:\/\/shop.bantam.ch\/fr\/wp-json\/wp\/v2\/product_cat?post=237597"},{"taxonomy":"product_tag","embeddable":true,"href":"https:\/\/shop.bantam.ch\/fr\/wp-json\/wp\/v2\/product_tag?post=237597"}],"curies":[{"name":"wp","href":"https:\/\/api.w.org\/{rel}","templated":true}]}}