{"id":237591,"date":"2026-05-01T16:52:23","date_gmt":"2026-05-01T14:52:23","guid":{"rendered":"https:\/\/shop.bantam.ch\/produit\/lampe-de-porte-gouttiere-pour-mb-sprinter-vw-crafter-man-gtge\/"},"modified":"2026-05-02T00:03:38","modified_gmt":"2026-05-01T22:03:38","slug":"lampe-de-porte-gouttiere-pour-mb-sprinter-vw-crafter-man-gtge","status":"publish","type":"product","link":"https:\/\/shop.bantam.ch\/fr\/produit\/lampe-de-porte-gouttiere-pour-mb-sprinter-vw-crafter-man-gtge\/","title":{"rendered":"Lampe de porte\/goutti\u00e8re pour MB Sprinter, VW Crafter MAN GTGE"},"content":{"rendered":"<p>La lampe de porte \u00e0 LED Viganella, d&rsquo;une puissance de 340 lumens, assure un \u00e9clairage uniforme de l&rsquo;entr\u00e9e et sert \u00e9galement de goutti\u00e8re pour \u00e9vacuer l&rsquo;eau de la porte. Il est disponible pour diff\u00e9rents mod\u00e8les de camping-cars comme le Fiat Ducato, le Volkswagen Crafter et le Mercedes Sprinter. La lampe est \u00e0 intensit\u00e9 variable et se monte facilement \u00e0 l&rsquo;aide de ruban adh\u00e9sif et de vis.<\/p>\n<p>Caract\u00e9ristiques :<\/p>\n<ul>\n<li>Puissance lumineuse \u00e9lev\u00e9e de 340 lumens<\/li>\n<li>Fonctionne comme une goutti\u00e8re et \u00e9vacue l&rsquo;eau sur le c\u00f4t\u00e9<\/li>\n<li>Montage facile avec du ruban adh\u00e9sif et des vis<\/li>\n<li>Joint \u00e9tanche pour le c\u00e2blage<\/li>\n<li>Dimmable par variateur externe<\/li>\n<\/ul>\n<p>Caract\u00e9ristiques techniques :<\/p>\n<ul>\n<li>Couleur de la lumi\u00e8re : 4000K<\/li>\n<li>Consommation d&rsquo;\u00e9nergie : 12W<\/li>\n<li>Longueur : 1500 mm<\/li>\n<li>Degr\u00e9 de protection : IP44<\/li>\n<li>Mat\u00e9riau : aluminium<\/li>\n<li>Raccordement : 12V DC<\/li>\n<li>Poids : 0.44 kg<\/li>\n<li>Convient pour : Ducato\/Boxer\/Jumper\/Master\/Movano\/NV400 ou Crafter\/MAN\/Sprinter (selon la version choisie)<\/li>\n<\/ul>\n<p>Contenu de la livraison :<\/p>\n<p>Lampe de porte \u00e0 LED Viganella 135 ou 180 selon la version choisie<br \/>\nVis de fixation<\/p>\n","protected":false},"excerpt":{"rendered":"<p>La lampe de porte \u00e0 LED Viganella, d&rsquo;une puissance de 340 lumens, assure un \u00e9clairage uniforme de l&rsquo;entr\u00e9e et sert \u00e9galement de goutti\u00e8re pour \u00e9vacuer l&rsquo;eau de la porte. Il est disponible pour diff\u00e9rents mod\u00e8les de camping-cars comme le Fiat Ducato, le Volkswagen Crafter et le Mercedes Sprinter. La lampe est \u00e0 intensit\u00e9 variable et [&hellip;]<\/p>\n","protected":false},"featured_media":237587,"template":"","meta":{"_acf_changed":false},"product_featured_cat":[],"product_brand":[3178],"product_cat":[4711],"product_tag":[],"class_list":{"0":"post-237591","1":"product","2":"type-product","3":"status-publish","4":"has-post-thumbnail","6":"product_brand-h-a-b-a","7":"product_cat-accessoires-pour-feux-de-vehicules","9":"first","10":"instock","11":"taxable","12":"shipping-taxable","13":"purchasable","14":"product-type-simple"},"acf":[],"yoast_head":"<!-- This site is optimized with the Yoast SEO plugin v27.5 - https:\/\/yoast.com\/product\/yoast-seo-wordpress\/ -->\n<title>Lampe de porte\/goutti\u00e8re pour MB Sprinter, VW Crafter MAN GTGE - Bantam<\/title>\n<meta name=\"robots\" content=\"index, follow, max-snippet:-1, max-image-preview:large, max-video-preview:-1\" \/>\n<link rel=\"canonical\" href=\"https:\/\/shop.bantam.ch\/fr\/produit\/lampe-de-porte-gouttiere-pour-mb-sprinter-vw-crafter-man-gtge\/\" \/>\n<meta property=\"og:locale\" content=\"fr_FR\" \/>\n<meta property=\"og:type\" content=\"article\" \/>\n<meta property=\"og:title\" content=\"Lampe de porte\/goutti\u00e8re pour MB Sprinter, VW Crafter MAN GTGE - Bantam\" \/>\n<meta property=\"og:description\" content=\"La lampe de porte \u00e0 LED Viganella, d&rsquo;une puissance de 340 lumens, assure un \u00e9clairage uniforme de l&rsquo;entr\u00e9e et sert \u00e9galement de goutti\u00e8re pour \u00e9vacuer l&rsquo;eau de la porte. Il est disponible pour diff\u00e9rents mod\u00e8les de camping-cars comme le Fiat Ducato, le Volkswagen Crafter et le Mercedes Sprinter. La lampe est \u00e0 intensit\u00e9 variable et [&hellip;]\" \/>\n<meta property=\"og:url\" content=\"https:\/\/shop.bantam.ch\/fr\/produit\/lampe-de-porte-gouttiere-pour-mb-sprinter-vw-crafter-man-gtge\/\" \/>\n<meta property=\"og:site_name\" content=\"Bantam\" \/>\n<meta property=\"article:modified_time\" content=\"2026-05-01T22:03:38+00:00\" \/>\n<meta property=\"og:image\" content=\"https:\/\/shop.bantam.ch\/wp-content\/uploads\/2026\/05\/Movera-L-9949901100.png\" \/>\n\t<meta property=\"og:image:width\" content=\"640\" \/>\n\t<meta property=\"og:image:height\" content=\"400\" \/>\n\t<meta property=\"og:image:type\" content=\"image\/png\" \/>\n<meta name=\"twitter:card\" content=\"summary_large_image\" \/>\n<meta name=\"twitter:label1\" content=\"Dur\u00e9e de lecture estim\u00e9e\" \/>\n\t<meta name=\"twitter:data1\" content=\"1 minute\" \/>\n<script type=\"application\/ld+json\" class=\"yoast-schema-graph\">{\"@context\":\"https:\\\/\\\/schema.org\",\"@graph\":[{\"@type\":\"WebPage\",\"@id\":\"https:\\\/\\\/shop.bantam.ch\\\/fr\\\/produit\\\/lampe-de-porte-gouttiere-pour-mb-sprinter-vw-crafter-man-gtge\\\/\",\"url\":\"https:\\\/\\\/shop.bantam.ch\\\/fr\\\/produit\\\/lampe-de-porte-gouttiere-pour-mb-sprinter-vw-crafter-man-gtge\\\/\",\"name\":\"Lampe de porte\\\/goutti\u00e8re pour MB Sprinter, VW Crafter MAN GTGE - Bantam\",\"isPartOf\":{\"@id\":\"https:\\\/\\\/shop.bantam.ch\\\/fr\\\/#website\"},\"primaryImageOfPage\":{\"@id\":\"https:\\\/\\\/shop.bantam.ch\\\/fr\\\/produit\\\/lampe-de-porte-gouttiere-pour-mb-sprinter-vw-crafter-man-gtge\\\/#primaryimage\"},\"image\":{\"@id\":\"https:\\\/\\\/shop.bantam.ch\\\/fr\\\/produit\\\/lampe-de-porte-gouttiere-pour-mb-sprinter-vw-crafter-man-gtge\\\/#primaryimage\"},\"thumbnailUrl\":\"https:\\\/\\\/shop.bantam.ch\\\/wp-content\\\/uploads\\\/2026\\\/05\\\/Movera-L-9949901100.png\",\"datePublished\":\"2026-05-01T14:52:23+00:00\",\"dateModified\":\"2026-05-01T22:03:38+00:00\",\"breadcrumb\":{\"@id\":\"https:\\\/\\\/shop.bantam.ch\\\/fr\\\/produit\\\/lampe-de-porte-gouttiere-pour-mb-sprinter-vw-crafter-man-gtge\\\/#breadcrumb\"},\"inLanguage\":\"fr-FR\",\"potentialAction\":[{\"@type\":\"ReadAction\",\"target\":[\"https:\\\/\\\/shop.bantam.ch\\\/fr\\\/produit\\\/lampe-de-porte-gouttiere-pour-mb-sprinter-vw-crafter-man-gtge\\\/\"]}]},{\"@type\":\"ImageObject\",\"inLanguage\":\"fr-FR\",\"@id\":\"https:\\\/\\\/shop.bantam.ch\\\/fr\\\/produit\\\/lampe-de-porte-gouttiere-pour-mb-sprinter-vw-crafter-man-gtge\\\/#primaryimage\",\"url\":\"https:\\\/\\\/shop.bantam.ch\\\/wp-content\\\/uploads\\\/2026\\\/05\\\/Movera-L-9949901100.png\",\"contentUrl\":\"https:\\\/\\\/shop.bantam.ch\\\/wp-content\\\/uploads\\\/2026\\\/05\\\/Movera-L-9949901100.png\",\"width\":640,\"height\":400},{\"@type\":\"BreadcrumbList\",\"@id\":\"https:\\\/\\\/shop.bantam.ch\\\/fr\\\/produit\\\/lampe-de-porte-gouttiere-pour-mb-sprinter-vw-crafter-man-gtge\\\/#breadcrumb\",\"itemListElement\":[{\"@type\":\"ListItem\",\"position\":1,\"name\":\"Accueil\",\"item\":\"https:\\\/\\\/shop.bantam.ch\\\/fr\\\/\"},{\"@type\":\"ListItem\",\"position\":2,\"name\":\"Boutique\",\"item\":\"https:\\\/\\\/shop.bantam.ch\\\/fr\\\/boutique\\\/\"},{\"@type\":\"ListItem\",\"position\":3,\"name\":\"Lampe de porte\\\/goutti\u00e8re pour MB Sprinter, VW Crafter MAN GTGE\"}]},{\"@type\":\"WebSite\",\"@id\":\"https:\\\/\\\/shop.bantam.ch\\\/fr\\\/#website\",\"url\":\"https:\\\/\\\/shop.bantam.ch\\\/fr\\\/\",\"name\":\"Bantam\",\"description\":\"\",\"publisher\":{\"@id\":\"https:\\\/\\\/shop.bantam.ch\\\/fr\\\/#organization\"},\"inLanguage\":\"fr-FR\"},{\"@type\":\"Organization\",\"@id\":\"https:\\\/\\\/shop.bantam.ch\\\/fr\\\/#organization\",\"name\":\"Bantam\",\"url\":\"https:\\\/\\\/shop.bantam.ch\\\/fr\\\/\",\"logo\":{\"@type\":\"ImageObject\",\"inLanguage\":\"fr-FR\",\"@id\":\"https:\\\/\\\/shop.bantam.ch\\\/fr\\\/#\\\/schema\\\/logo\\\/image\\\/\",\"url\":\"https:\\\/\\\/shop.bantam.ch\\\/wp-content\\\/uploads\\\/2022\\\/12\\\/bantam-logo.png\",\"contentUrl\":\"https:\\\/\\\/shop.bantam.ch\\\/wp-content\\\/uploads\\\/2022\\\/12\\\/bantam-logo.png\",\"width\":320,\"height\":71,\"caption\":\"Bantam\"},\"image\":{\"@id\":\"https:\\\/\\\/shop.bantam.ch\\\/fr\\\/#\\\/schema\\\/logo\\\/image\\\/\"}}]}<\/script>\n<!-- \/ Yoast SEO plugin. -->","yoast_head_json":{"title":"Lampe de porte\/goutti\u00e8re pour MB Sprinter, VW Crafter MAN GTGE - Bantam","robots":{"index":"index","follow":"follow","max-snippet":"max-snippet:-1","max-image-preview":"max-image-preview:large","max-video-preview":"max-video-preview:-1"},"canonical":"https:\/\/shop.bantam.ch\/fr\/produit\/lampe-de-porte-gouttiere-pour-mb-sprinter-vw-crafter-man-gtge\/","og_locale":"fr_FR","og_type":"article","og_title":"Lampe de porte\/goutti\u00e8re pour MB Sprinter, VW Crafter MAN GTGE - Bantam","og_description":"La lampe de porte \u00e0 LED Viganella, d&rsquo;une puissance de 340 lumens, assure un \u00e9clairage uniforme de l&rsquo;entr\u00e9e et sert \u00e9galement de goutti\u00e8re pour \u00e9vacuer l&rsquo;eau de la porte. Il est disponible pour diff\u00e9rents mod\u00e8les de camping-cars comme le Fiat Ducato, le Volkswagen Crafter et le Mercedes Sprinter. La lampe est \u00e0 intensit\u00e9 variable et [&hellip;]","og_url":"https:\/\/shop.bantam.ch\/fr\/produit\/lampe-de-porte-gouttiere-pour-mb-sprinter-vw-crafter-man-gtge\/","og_site_name":"Bantam","article_modified_time":"2026-05-01T22:03:38+00:00","og_image":[{"width":640,"height":400,"url":"https:\/\/shop.bantam.ch\/wp-content\/uploads\/2026\/05\/Movera-L-9949901100.png","type":"image\/png"}],"twitter_card":"summary_large_image","twitter_misc":{"Dur\u00e9e de lecture estim\u00e9e":"1 minute"},"schema":{"@context":"https:\/\/schema.org","@graph":[{"@type":"WebPage","@id":"https:\/\/shop.bantam.ch\/fr\/produit\/lampe-de-porte-gouttiere-pour-mb-sprinter-vw-crafter-man-gtge\/","url":"https:\/\/shop.bantam.ch\/fr\/produit\/lampe-de-porte-gouttiere-pour-mb-sprinter-vw-crafter-man-gtge\/","name":"Lampe de porte\/goutti\u00e8re pour MB Sprinter, VW Crafter MAN GTGE - Bantam","isPartOf":{"@id":"https:\/\/shop.bantam.ch\/fr\/#website"},"primaryImageOfPage":{"@id":"https:\/\/shop.bantam.ch\/fr\/produit\/lampe-de-porte-gouttiere-pour-mb-sprinter-vw-crafter-man-gtge\/#primaryimage"},"image":{"@id":"https:\/\/shop.bantam.ch\/fr\/produit\/lampe-de-porte-gouttiere-pour-mb-sprinter-vw-crafter-man-gtge\/#primaryimage"},"thumbnailUrl":"https:\/\/shop.bantam.ch\/wp-content\/uploads\/2026\/05\/Movera-L-9949901100.png","datePublished":"2026-05-01T14:52:23+00:00","dateModified":"2026-05-01T22:03:38+00:00","breadcrumb":{"@id":"https:\/\/shop.bantam.ch\/fr\/produit\/lampe-de-porte-gouttiere-pour-mb-sprinter-vw-crafter-man-gtge\/#breadcrumb"},"inLanguage":"fr-FR","potentialAction":[{"@type":"ReadAction","target":["https:\/\/shop.bantam.ch\/fr\/produit\/lampe-de-porte-gouttiere-pour-mb-sprinter-vw-crafter-man-gtge\/"]}]},{"@type":"ImageObject","inLanguage":"fr-FR","@id":"https:\/\/shop.bantam.ch\/fr\/produit\/lampe-de-porte-gouttiere-pour-mb-sprinter-vw-crafter-man-gtge\/#primaryimage","url":"https:\/\/shop.bantam.ch\/wp-content\/uploads\/2026\/05\/Movera-L-9949901100.png","contentUrl":"https:\/\/shop.bantam.ch\/wp-content\/uploads\/2026\/05\/Movera-L-9949901100.png","width":640,"height":400},{"@type":"BreadcrumbList","@id":"https:\/\/shop.bantam.ch\/fr\/produit\/lampe-de-porte-gouttiere-pour-mb-sprinter-vw-crafter-man-gtge\/#breadcrumb","itemListElement":[{"@type":"ListItem","position":1,"name":"Accueil","item":"https:\/\/shop.bantam.ch\/fr\/"},{"@type":"ListItem","position":2,"name":"Boutique","item":"https:\/\/shop.bantam.ch\/fr\/boutique\/"},{"@type":"ListItem","position":3,"name":"Lampe de porte\/goutti\u00e8re pour MB Sprinter, VW Crafter MAN GTGE"}]},{"@type":"WebSite","@id":"https:\/\/shop.bantam.ch\/fr\/#website","url":"https:\/\/shop.bantam.ch\/fr\/","name":"Bantam","description":"","publisher":{"@id":"https:\/\/shop.bantam.ch\/fr\/#organization"},"inLanguage":"fr-FR"},{"@type":"Organization","@id":"https:\/\/shop.bantam.ch\/fr\/#organization","name":"Bantam","url":"https:\/\/shop.bantam.ch\/fr\/","logo":{"@type":"ImageObject","inLanguage":"fr-FR","@id":"https:\/\/shop.bantam.ch\/fr\/#\/schema\/logo\/image\/","url":"https:\/\/shop.bantam.ch\/wp-content\/uploads\/2022\/12\/bantam-logo.png","contentUrl":"https:\/\/shop.bantam.ch\/wp-content\/uploads\/2022\/12\/bantam-logo.png","width":320,"height":71,"caption":"Bantam"},"image":{"@id":"https:\/\/shop.bantam.ch\/fr\/#\/schema\/logo\/image\/"}}]}},"_links":{"self":[{"href":"https:\/\/shop.bantam.ch\/fr\/wp-json\/wp\/v2\/product\/237591","targetHints":{"allow":["GET"]}}],"collection":[{"href":"https:\/\/shop.bantam.ch\/fr\/wp-json\/wp\/v2\/product"}],"about":[{"href":"https:\/\/shop.bantam.ch\/fr\/wp-json\/wp\/v2\/types\/product"}],"wp:featuredmedia":[{"embeddable":true,"href":"https:\/\/shop.bantam.ch\/fr\/wp-json\/wp\/v2\/media\/237587"}],"wp:attachment":[{"href":"https:\/\/shop.bantam.ch\/fr\/wp-json\/wp\/v2\/media?parent=237591"}],"wp:term":[{"taxonomy":"product_featured_cat","embeddable":true,"href":"https:\/\/shop.bantam.ch\/fr\/wp-json\/wp\/v2\/product_featured_cat?post=237591"},{"taxonomy":"product_brand","embeddable":true,"href":"https:\/\/shop.bantam.ch\/fr\/wp-json\/wp\/v2\/product_brand?post=237591"},{"taxonomy":"product_cat","embeddable":true,"href":"https:\/\/shop.bantam.ch\/fr\/wp-json\/wp\/v2\/product_cat?post=237591"},{"taxonomy":"product_tag","embeddable":true,"href":"https:\/\/shop.bantam.ch\/fr\/wp-json\/wp\/v2\/product_tag?post=237591"}],"curies":[{"name":"wp","href":"https:\/\/api.w.org\/{rel}","templated":true}]}}