{"id":237578,"date":"2026-05-01T16:44:48","date_gmt":"2026-05-01T14:44:48","guid":{"rendered":"https:\/\/shop.bantam.ch\/produit\/nebulisateur-systeme-anti-moustiques\/"},"modified":"2026-05-12T00:04:59","modified_gmt":"2026-05-11T22:04:59","slug":"nebulisateur-systeme-anti-moustiques","status":"publish","type":"product","link":"https:\/\/shop.bantam.ch\/fr\/produit\/nebulisateur-systeme-anti-moustiques\/","title":{"rendered":"N\u00e9bulisateur Syst\u00e8me anti-moustiques"},"content":{"rendered":"<p>La solution id\u00e9ale pour tous ceux qui souhaitent profiter de leur jardin en toute s\u00e9r\u00e9nit\u00e9 et chasser les moustiques sans effort. Le diffuseur de couleur verte fonctionne automatiquement et en toute s\u00e9curit\u00e9 : l&rsquo;\u00e9cran intuitif sur le devant permet de r\u00e9gler la fr\u00e9quence et la dur\u00e9e des cycles, tandis qu&rsquo;une minuterie sonore signale 30 secondes avant le d\u00e9but de l&rsquo;op\u00e9ration, ce qui permet de quitter la pi\u00e8ce avant le traitement. Une bandouli\u00e8re et un tr\u00e9pied sont inclus dans la livraison. L&rsquo;appareil est aliment\u00e9 par une batterie 12 V qui peut \u00eatre retir\u00e9e rapidement gr\u00e2ce au syst\u00e8me de fermeture rapide. L&rsquo;autonomie de la batterie est de 90 minutes de fonctionnement effectif. Les trois buses de pulv\u00e9risation ultrafines assurent une r\u00e9partition uniforme du produit sur 360\u00b0, ce qui permet un traitement plus efficace. Des joints sp\u00e9ciaux en FPM rendent l&rsquo;appareil adapt\u00e9 aux produits les plus agressifs. Le n\u00e9buliseur peut \u00e9galement \u00eatre utilis\u00e9 pour la d\u00e9sinfection en int\u00e9rieur et la n\u00e9bulisation d&rsquo;autres liquides.<\/p>\n<ul>\n<li>Capacit\u00e9 : 12 litres<\/li>\n<li>Pression de travail : 5 bar<\/li>\n<li>Batterie Li-ion de 12 V<\/li>\n<li>Capacit\u00e9 de la batterie : 2,5 Ah<\/li>\n<li>D\u00e9bit d&rsquo;eau : 0,12 litre par minute<\/li>\n<\/ul>\n","protected":false},"excerpt":{"rendered":"<p>La solution id\u00e9ale pour tous ceux qui souhaitent profiter de leur jardin en toute s\u00e9r\u00e9nit\u00e9 et chasser les moustiques sans effort. Le diffuseur de couleur verte fonctionne automatiquement et en toute s\u00e9curit\u00e9 : l&rsquo;\u00e9cran intuitif sur le devant permet de r\u00e9gler la fr\u00e9quence et la dur\u00e9e des cycles, tandis qu&rsquo;une minuterie sonore signale 30 secondes [&hellip;]<\/p>\n","protected":false},"featured_media":237572,"template":"","meta":{"_acf_changed":false},"product_featured_cat":[],"product_brand":[5397],"product_cat":[4027],"product_tag":[],"class_list":{"0":"post-237578","1":"product","2":"type-product","3":"status-publish","4":"has-post-thumbnail","6":"product_brand-stocker","7":"product_cat-moustiquaires","9":"first","10":"instock","11":"taxable","12":"shipping-taxable","13":"purchasable","14":"product-type-simple"},"acf":[],"yoast_head":"<!-- This site is optimized with the Yoast SEO plugin v27.5 - https:\/\/yoast.com\/product\/yoast-seo-wordpress\/ -->\n<title>N\u00e9bulisateur Syst\u00e8me anti-moustiques - Bantam<\/title>\n<meta name=\"robots\" content=\"index, follow, max-snippet:-1, max-image-preview:large, max-video-preview:-1\" \/>\n<link rel=\"canonical\" href=\"https:\/\/shop.bantam.ch\/fr\/produit\/nebulisateur-systeme-anti-moustiques\/\" \/>\n<meta property=\"og:locale\" content=\"fr_FR\" \/>\n<meta property=\"og:type\" content=\"article\" \/>\n<meta property=\"og:title\" content=\"N\u00e9bulisateur Syst\u00e8me anti-moustiques - Bantam\" \/>\n<meta property=\"og:description\" content=\"La solution id\u00e9ale pour tous ceux qui souhaitent profiter de leur jardin en toute s\u00e9r\u00e9nit\u00e9 et chasser les moustiques sans effort. Le diffuseur de couleur verte fonctionne automatiquement et en toute s\u00e9curit\u00e9 : l&rsquo;\u00e9cran intuitif sur le devant permet de r\u00e9gler la fr\u00e9quence et la dur\u00e9e des cycles, tandis qu&rsquo;une minuterie sonore signale 30 secondes [&hellip;]\" \/>\n<meta property=\"og:url\" content=\"https:\/\/shop.bantam.ch\/fr\/produit\/nebulisateur-systeme-anti-moustiques\/\" \/>\n<meta property=\"og:site_name\" content=\"Bantam\" \/>\n<meta property=\"article:modified_time\" content=\"2026-05-11T22:04:59+00:00\" \/>\n<meta property=\"og:image\" content=\"https:\/\/shop.bantam.ch\/wp-content\/uploads\/2026\/05\/Movera-L-9949889100.jpg\" \/>\n\t<meta property=\"og:image:width\" content=\"591\" \/>\n\t<meta property=\"og:image:height\" content=\"600\" \/>\n\t<meta property=\"og:image:type\" content=\"image\/jpeg\" \/>\n<meta name=\"twitter:card\" content=\"summary_large_image\" \/>\n<meta name=\"twitter:label1\" content=\"Dur\u00e9e de lecture estim\u00e9e\" \/>\n\t<meta name=\"twitter:data1\" content=\"1 minute\" \/>\n<script type=\"application\/ld+json\" class=\"yoast-schema-graph\">{\"@context\":\"https:\\\/\\\/schema.org\",\"@graph\":[{\"@type\":\"WebPage\",\"@id\":\"https:\\\/\\\/shop.bantam.ch\\\/fr\\\/produit\\\/nebulisateur-systeme-anti-moustiques\\\/\",\"url\":\"https:\\\/\\\/shop.bantam.ch\\\/fr\\\/produit\\\/nebulisateur-systeme-anti-moustiques\\\/\",\"name\":\"N\u00e9bulisateur Syst\u00e8me anti-moustiques - Bantam\",\"isPartOf\":{\"@id\":\"https:\\\/\\\/shop.bantam.ch\\\/fr\\\/#website\"},\"primaryImageOfPage\":{\"@id\":\"https:\\\/\\\/shop.bantam.ch\\\/fr\\\/produit\\\/nebulisateur-systeme-anti-moustiques\\\/#primaryimage\"},\"image\":{\"@id\":\"https:\\\/\\\/shop.bantam.ch\\\/fr\\\/produit\\\/nebulisateur-systeme-anti-moustiques\\\/#primaryimage\"},\"thumbnailUrl\":\"https:\\\/\\\/shop.bantam.ch\\\/wp-content\\\/uploads\\\/2026\\\/05\\\/Movera-L-9949889100.jpg\",\"datePublished\":\"2026-05-01T14:44:48+00:00\",\"dateModified\":\"2026-05-11T22:04:59+00:00\",\"breadcrumb\":{\"@id\":\"https:\\\/\\\/shop.bantam.ch\\\/fr\\\/produit\\\/nebulisateur-systeme-anti-moustiques\\\/#breadcrumb\"},\"inLanguage\":\"fr-FR\",\"potentialAction\":[{\"@type\":\"ReadAction\",\"target\":[\"https:\\\/\\\/shop.bantam.ch\\\/fr\\\/produit\\\/nebulisateur-systeme-anti-moustiques\\\/\"]}]},{\"@type\":\"ImageObject\",\"inLanguage\":\"fr-FR\",\"@id\":\"https:\\\/\\\/shop.bantam.ch\\\/fr\\\/produit\\\/nebulisateur-systeme-anti-moustiques\\\/#primaryimage\",\"url\":\"https:\\\/\\\/shop.bantam.ch\\\/wp-content\\\/uploads\\\/2026\\\/05\\\/Movera-L-9949889100.jpg\",\"contentUrl\":\"https:\\\/\\\/shop.bantam.ch\\\/wp-content\\\/uploads\\\/2026\\\/05\\\/Movera-L-9949889100.jpg\",\"width\":591,\"height\":600},{\"@type\":\"BreadcrumbList\",\"@id\":\"https:\\\/\\\/shop.bantam.ch\\\/fr\\\/produit\\\/nebulisateur-systeme-anti-moustiques\\\/#breadcrumb\",\"itemListElement\":[{\"@type\":\"ListItem\",\"position\":1,\"name\":\"Accueil\",\"item\":\"https:\\\/\\\/shop.bantam.ch\\\/fr\\\/\"},{\"@type\":\"ListItem\",\"position\":2,\"name\":\"Boutique\",\"item\":\"https:\\\/\\\/shop.bantam.ch\\\/fr\\\/boutique\\\/\"},{\"@type\":\"ListItem\",\"position\":3,\"name\":\"N\u00e9bulisateur Syst\u00e8me anti-moustiques\"}]},{\"@type\":\"WebSite\",\"@id\":\"https:\\\/\\\/shop.bantam.ch\\\/fr\\\/#website\",\"url\":\"https:\\\/\\\/shop.bantam.ch\\\/fr\\\/\",\"name\":\"Bantam\",\"description\":\"\",\"publisher\":{\"@id\":\"https:\\\/\\\/shop.bantam.ch\\\/fr\\\/#organization\"},\"inLanguage\":\"fr-FR\"},{\"@type\":\"Organization\",\"@id\":\"https:\\\/\\\/shop.bantam.ch\\\/fr\\\/#organization\",\"name\":\"Bantam\",\"url\":\"https:\\\/\\\/shop.bantam.ch\\\/fr\\\/\",\"logo\":{\"@type\":\"ImageObject\",\"inLanguage\":\"fr-FR\",\"@id\":\"https:\\\/\\\/shop.bantam.ch\\\/fr\\\/#\\\/schema\\\/logo\\\/image\\\/\",\"url\":\"https:\\\/\\\/shop.bantam.ch\\\/wp-content\\\/uploads\\\/2022\\\/12\\\/bantam-logo.png\",\"contentUrl\":\"https:\\\/\\\/shop.bantam.ch\\\/wp-content\\\/uploads\\\/2022\\\/12\\\/bantam-logo.png\",\"width\":320,\"height\":71,\"caption\":\"Bantam\"},\"image\":{\"@id\":\"https:\\\/\\\/shop.bantam.ch\\\/fr\\\/#\\\/schema\\\/logo\\\/image\\\/\"}}]}<\/script>\n<!-- \/ Yoast SEO plugin. -->","yoast_head_json":{"title":"N\u00e9bulisateur Syst\u00e8me anti-moustiques - Bantam","robots":{"index":"index","follow":"follow","max-snippet":"max-snippet:-1","max-image-preview":"max-image-preview:large","max-video-preview":"max-video-preview:-1"},"canonical":"https:\/\/shop.bantam.ch\/fr\/produit\/nebulisateur-systeme-anti-moustiques\/","og_locale":"fr_FR","og_type":"article","og_title":"N\u00e9bulisateur Syst\u00e8me anti-moustiques - Bantam","og_description":"La solution id\u00e9ale pour tous ceux qui souhaitent profiter de leur jardin en toute s\u00e9r\u00e9nit\u00e9 et chasser les moustiques sans effort. Le diffuseur de couleur verte fonctionne automatiquement et en toute s\u00e9curit\u00e9 : l&rsquo;\u00e9cran intuitif sur le devant permet de r\u00e9gler la fr\u00e9quence et la dur\u00e9e des cycles, tandis qu&rsquo;une minuterie sonore signale 30 secondes [&hellip;]","og_url":"https:\/\/shop.bantam.ch\/fr\/produit\/nebulisateur-systeme-anti-moustiques\/","og_site_name":"Bantam","article_modified_time":"2026-05-11T22:04:59+00:00","og_image":[{"width":591,"height":600,"url":"https:\/\/shop.bantam.ch\/wp-content\/uploads\/2026\/05\/Movera-L-9949889100.jpg","type":"image\/jpeg"}],"twitter_card":"summary_large_image","twitter_misc":{"Dur\u00e9e de lecture estim\u00e9e":"1 minute"},"schema":{"@context":"https:\/\/schema.org","@graph":[{"@type":"WebPage","@id":"https:\/\/shop.bantam.ch\/fr\/produit\/nebulisateur-systeme-anti-moustiques\/","url":"https:\/\/shop.bantam.ch\/fr\/produit\/nebulisateur-systeme-anti-moustiques\/","name":"N\u00e9bulisateur Syst\u00e8me anti-moustiques - Bantam","isPartOf":{"@id":"https:\/\/shop.bantam.ch\/fr\/#website"},"primaryImageOfPage":{"@id":"https:\/\/shop.bantam.ch\/fr\/produit\/nebulisateur-systeme-anti-moustiques\/#primaryimage"},"image":{"@id":"https:\/\/shop.bantam.ch\/fr\/produit\/nebulisateur-systeme-anti-moustiques\/#primaryimage"},"thumbnailUrl":"https:\/\/shop.bantam.ch\/wp-content\/uploads\/2026\/05\/Movera-L-9949889100.jpg","datePublished":"2026-05-01T14:44:48+00:00","dateModified":"2026-05-11T22:04:59+00:00","breadcrumb":{"@id":"https:\/\/shop.bantam.ch\/fr\/produit\/nebulisateur-systeme-anti-moustiques\/#breadcrumb"},"inLanguage":"fr-FR","potentialAction":[{"@type":"ReadAction","target":["https:\/\/shop.bantam.ch\/fr\/produit\/nebulisateur-systeme-anti-moustiques\/"]}]},{"@type":"ImageObject","inLanguage":"fr-FR","@id":"https:\/\/shop.bantam.ch\/fr\/produit\/nebulisateur-systeme-anti-moustiques\/#primaryimage","url":"https:\/\/shop.bantam.ch\/wp-content\/uploads\/2026\/05\/Movera-L-9949889100.jpg","contentUrl":"https:\/\/shop.bantam.ch\/wp-content\/uploads\/2026\/05\/Movera-L-9949889100.jpg","width":591,"height":600},{"@type":"BreadcrumbList","@id":"https:\/\/shop.bantam.ch\/fr\/produit\/nebulisateur-systeme-anti-moustiques\/#breadcrumb","itemListElement":[{"@type":"ListItem","position":1,"name":"Accueil","item":"https:\/\/shop.bantam.ch\/fr\/"},{"@type":"ListItem","position":2,"name":"Boutique","item":"https:\/\/shop.bantam.ch\/fr\/boutique\/"},{"@type":"ListItem","position":3,"name":"N\u00e9bulisateur Syst\u00e8me anti-moustiques"}]},{"@type":"WebSite","@id":"https:\/\/shop.bantam.ch\/fr\/#website","url":"https:\/\/shop.bantam.ch\/fr\/","name":"Bantam","description":"","publisher":{"@id":"https:\/\/shop.bantam.ch\/fr\/#organization"},"inLanguage":"fr-FR"},{"@type":"Organization","@id":"https:\/\/shop.bantam.ch\/fr\/#organization","name":"Bantam","url":"https:\/\/shop.bantam.ch\/fr\/","logo":{"@type":"ImageObject","inLanguage":"fr-FR","@id":"https:\/\/shop.bantam.ch\/fr\/#\/schema\/logo\/image\/","url":"https:\/\/shop.bantam.ch\/wp-content\/uploads\/2022\/12\/bantam-logo.png","contentUrl":"https:\/\/shop.bantam.ch\/wp-content\/uploads\/2022\/12\/bantam-logo.png","width":320,"height":71,"caption":"Bantam"},"image":{"@id":"https:\/\/shop.bantam.ch\/fr\/#\/schema\/logo\/image\/"}}]}},"_links":{"self":[{"href":"https:\/\/shop.bantam.ch\/fr\/wp-json\/wp\/v2\/product\/237578","targetHints":{"allow":["GET"]}}],"collection":[{"href":"https:\/\/shop.bantam.ch\/fr\/wp-json\/wp\/v2\/product"}],"about":[{"href":"https:\/\/shop.bantam.ch\/fr\/wp-json\/wp\/v2\/types\/product"}],"wp:featuredmedia":[{"embeddable":true,"href":"https:\/\/shop.bantam.ch\/fr\/wp-json\/wp\/v2\/media\/237572"}],"wp:attachment":[{"href":"https:\/\/shop.bantam.ch\/fr\/wp-json\/wp\/v2\/media?parent=237578"}],"wp:term":[{"taxonomy":"product_featured_cat","embeddable":true,"href":"https:\/\/shop.bantam.ch\/fr\/wp-json\/wp\/v2\/product_featured_cat?post=237578"},{"taxonomy":"product_brand","embeddable":true,"href":"https:\/\/shop.bantam.ch\/fr\/wp-json\/wp\/v2\/product_brand?post=237578"},{"taxonomy":"product_cat","embeddable":true,"href":"https:\/\/shop.bantam.ch\/fr\/wp-json\/wp\/v2\/product_cat?post=237578"},{"taxonomy":"product_tag","embeddable":true,"href":"https:\/\/shop.bantam.ch\/fr\/wp-json\/wp\/v2\/product_tag?post=237578"}],"curies":[{"name":"wp","href":"https:\/\/api.w.org\/{rel}","templated":true}]}}