{"id":237528,"date":"2026-05-01T16:27:07","date_gmt":"2026-05-01T14:27:07","guid":{"rendered":"https:\/\/shop.bantam.ch\/produit\/multimatique-tgo-installation-a-2-bouteilles-15kg-h-30mbar-sortie-srv-8mm\/"},"modified":"2026-05-02T00:03:15","modified_gmt":"2026-05-01T22:03:15","slug":"multimatique-tgo-installation-a-2-bouteilles-15kg-h-30mbar-sortie-srv-8mm","status":"publish","type":"product","link":"https:\/\/shop.bantam.ch\/fr\/produit\/multimatique-tgo-installation-a-2-bouteilles-15kg-h-30mbar-sortie-srv-8mm\/","title":{"rendered":"Multimatique TGO Installation \u00e0 2 bouteilles 1,5kg\/h-30mbar Sortie SRV 8mm"},"content":{"rendered":"<p>Une pression de consommation r\u00e9guli\u00e8re est produite par 2 niveaux de r\u00e9gulateur et assure ainsi un d\u00e9bit maximal. Toutes les fonctions importantes telles que le r\u00e9gulateur de pression \u00e0 2 niveaux, la commutation automatique et le dispositif de soufflage de s\u00e9curit\u00e9 sont int\u00e9gr\u00e9es dans un seul appareil. Lors du processus de commutation automatique, la bouteille de r\u00e9serve est toujours transform\u00e9e en bouteille de service.<\/p>\n<p>Caract\u00e9ristiques<\/p>\n<p>1. une pression de consommation r\u00e9guli\u00e8re est produite par 2 niveaux de r\u00e9gulateur et assure ainsi un d\u00e9bit maximal, m\u00eame dans des conditions de fonctionnement extr\u00eames, comme par exemple en hiver.<br \/>\n2. toutes les fonctions importantes sont int\u00e9gr\u00e9es dans une seule pi\u00e8ce, comme le r\u00e9gulateur de pression \u00e0 2 niveaux, la commutation automatique, le dispositif de purge de s\u00e9curit\u00e9, ce qui facilite le montage sans erreur.<br \/>\n3. ce syst\u00e8me de commutation permet de ne jamais vider deux bouteilles, car lors du processus de commutation automatique, la bouteille de r\u00e9serve est toujours transform\u00e9e en bouteille de service, de sorte qu&rsquo;une seule bouteille reste en service jusqu&rsquo;\u00e0 la vidange compl\u00e8te.<\/p>\n<p>Avantages<\/p>\n<ul>\n<li>La \u00ab\u00a0fl\u00e8che de commutation\u00a0\u00bb (verte = en service, rouge = en r\u00e9serve ou vide) indique quelle bouteille est en service ou vide.<\/li>\n<li>La commutation automatique des bouteilles s&rsquo;effectue sans interruption du fonctionnement, ce qui est \u00e9galement possible lors du changement de bouteille.<\/li>\n<li>La soupape de s\u00e9curit\u00e9 int\u00e9gr\u00e9e emp\u00eache une pression trop \u00e9lev\u00e9e qui pourrait endommager les appareils.<\/li>\n<li>Le capuchon rotatif de commutation en plastique emp\u00eache \u00e9galement la p\u00e9n\u00e9tration d&rsquo;humidit\u00e9 dans la zone du r\u00e9gulateur.<\/li>\n<li>Un nouveau syst\u00e8me d&rsquo;affichage \u00e0 distance (\u00e9cran dans l&rsquo;habitacle du v\u00e9hicule) permet de d\u00e9terminer quelle bouteille est en service\/en r\u00e9serve. En outre, il indique \u00e0 tout moment la quantit\u00e9 de gaz (kg) contenue dans chaque bouteille (accessoire sp\u00e9cial).<\/li>\n<\/ul>\n<p>Caract\u00e9ristiques techniques<\/p>\n<ul>\n<li>Pression du gaz : 30 mbar<\/li>\n<li>D\u00e9bit : 1,5 kg\/h<\/li>\n<li>Sortie : SRV 8 mm<\/li>\n<li>Soupape de contr\u00f4le : oui ou non<\/li>\n<\/ul>\n<p>Remarque : le r\u00e9gulateur ne doit \u00eatre utilis\u00e9 que dans le coffre \u00e0 gaz pr\u00e9vu \u00e0 cet effet, et non pas directement dans l&rsquo;espace habitable du camping-car ou de la caravane !<\/p>\n","protected":false},"excerpt":{"rendered":"<p>Une pression de consommation r\u00e9guli\u00e8re est produite par 2 niveaux de r\u00e9gulateur et assure ainsi un d\u00e9bit maximal. Toutes les fonctions importantes telles que le r\u00e9gulateur de pression \u00e0 2 niveaux, la commutation automatique et le dispositif de soufflage de s\u00e9curit\u00e9 sont int\u00e9gr\u00e9es dans un seul appareil. Lors du processus de commutation automatique, la bouteille [&hellip;]<\/p>\n","protected":false},"featured_media":237526,"template":"","meta":{"_acf_changed":false},"product_featured_cat":[],"product_brand":[3088],"product_cat":[4485],"product_tag":[],"class_list":{"0":"post-237528","1":"product","2":"type-product","3":"status-publish","4":"has-post-thumbnail","6":"product_brand-tgo","7":"product_cat-accessoires-pour-bouteilles-et-cartouches-de-gaz","9":"first","10":"instock","11":"taxable","12":"shipping-taxable","13":"purchasable","14":"product-type-simple"},"acf":[],"yoast_head":"<!-- This site is optimized with the Yoast SEO plugin v27.5 - https:\/\/yoast.com\/product\/yoast-seo-wordpress\/ -->\n<title>Multimatique TGO Installation \u00e0 2 bouteilles 1,5kg\/h-30mbar Sortie SRV 8mm - Bantam<\/title>\n<meta name=\"robots\" content=\"index, follow, max-snippet:-1, max-image-preview:large, max-video-preview:-1\" \/>\n<link rel=\"canonical\" href=\"https:\/\/shop.bantam.ch\/fr\/produit\/multimatique-tgo-installation-a-2-bouteilles-15kg-h-30mbar-sortie-srv-8mm\/\" \/>\n<meta property=\"og:locale\" content=\"fr_FR\" \/>\n<meta property=\"og:type\" content=\"article\" \/>\n<meta property=\"og:title\" content=\"Multimatique TGO Installation \u00e0 2 bouteilles 1,5kg\/h-30mbar Sortie SRV 8mm - Bantam\" \/>\n<meta property=\"og:description\" content=\"Une pression de consommation r\u00e9guli\u00e8re est produite par 2 niveaux de r\u00e9gulateur et assure ainsi un d\u00e9bit maximal. Toutes les fonctions importantes telles que le r\u00e9gulateur de pression \u00e0 2 niveaux, la commutation automatique et le dispositif de soufflage de s\u00e9curit\u00e9 sont int\u00e9gr\u00e9es dans un seul appareil. Lors du processus de commutation automatique, la bouteille [&hellip;]\" \/>\n<meta property=\"og:url\" content=\"https:\/\/shop.bantam.ch\/fr\/produit\/multimatique-tgo-installation-a-2-bouteilles-15kg-h-30mbar-sortie-srv-8mm\/\" \/>\n<meta property=\"og:site_name\" content=\"Bantam\" \/>\n<meta property=\"article:modified_time\" content=\"2026-05-01T22:03:15+00:00\" \/>\n<meta property=\"og:image\" content=\"https:\/\/shop.bantam.ch\/wp-content\/uploads\/2026\/05\/Movera-L-9933196100.jpg\" \/>\n\t<meta property=\"og:image:width\" content=\"640\" \/>\n\t<meta property=\"og:image:height\" content=\"443\" \/>\n\t<meta property=\"og:image:type\" content=\"image\/jpeg\" \/>\n<meta name=\"twitter:card\" content=\"summary_large_image\" \/>\n<meta name=\"twitter:label1\" content=\"Dur\u00e9e de lecture estim\u00e9e\" \/>\n\t<meta name=\"twitter:data1\" content=\"2 minutes\" \/>\n<script type=\"application\/ld+json\" class=\"yoast-schema-graph\">{\"@context\":\"https:\\\/\\\/schema.org\",\"@graph\":[{\"@type\":\"WebPage\",\"@id\":\"https:\\\/\\\/shop.bantam.ch\\\/fr\\\/produit\\\/multimatique-tgo-installation-a-2-bouteilles-15kg-h-30mbar-sortie-srv-8mm\\\/\",\"url\":\"https:\\\/\\\/shop.bantam.ch\\\/fr\\\/produit\\\/multimatique-tgo-installation-a-2-bouteilles-15kg-h-30mbar-sortie-srv-8mm\\\/\",\"name\":\"Multimatique TGO Installation \u00e0 2 bouteilles 1,5kg\\\/h-30mbar Sortie SRV 8mm - Bantam\",\"isPartOf\":{\"@id\":\"https:\\\/\\\/shop.bantam.ch\\\/fr\\\/#website\"},\"primaryImageOfPage\":{\"@id\":\"https:\\\/\\\/shop.bantam.ch\\\/fr\\\/produit\\\/multimatique-tgo-installation-a-2-bouteilles-15kg-h-30mbar-sortie-srv-8mm\\\/#primaryimage\"},\"image\":{\"@id\":\"https:\\\/\\\/shop.bantam.ch\\\/fr\\\/produit\\\/multimatique-tgo-installation-a-2-bouteilles-15kg-h-30mbar-sortie-srv-8mm\\\/#primaryimage\"},\"thumbnailUrl\":\"https:\\\/\\\/shop.bantam.ch\\\/wp-content\\\/uploads\\\/2026\\\/05\\\/Movera-L-9933196100.jpg\",\"datePublished\":\"2026-05-01T14:27:07+00:00\",\"dateModified\":\"2026-05-01T22:03:15+00:00\",\"breadcrumb\":{\"@id\":\"https:\\\/\\\/shop.bantam.ch\\\/fr\\\/produit\\\/multimatique-tgo-installation-a-2-bouteilles-15kg-h-30mbar-sortie-srv-8mm\\\/#breadcrumb\"},\"inLanguage\":\"fr-FR\",\"potentialAction\":[{\"@type\":\"ReadAction\",\"target\":[\"https:\\\/\\\/shop.bantam.ch\\\/fr\\\/produit\\\/multimatique-tgo-installation-a-2-bouteilles-15kg-h-30mbar-sortie-srv-8mm\\\/\"]}]},{\"@type\":\"ImageObject\",\"inLanguage\":\"fr-FR\",\"@id\":\"https:\\\/\\\/shop.bantam.ch\\\/fr\\\/produit\\\/multimatique-tgo-installation-a-2-bouteilles-15kg-h-30mbar-sortie-srv-8mm\\\/#primaryimage\",\"url\":\"https:\\\/\\\/shop.bantam.ch\\\/wp-content\\\/uploads\\\/2026\\\/05\\\/Movera-L-9933196100.jpg\",\"contentUrl\":\"https:\\\/\\\/shop.bantam.ch\\\/wp-content\\\/uploads\\\/2026\\\/05\\\/Movera-L-9933196100.jpg\",\"width\":640,\"height\":443},{\"@type\":\"BreadcrumbList\",\"@id\":\"https:\\\/\\\/shop.bantam.ch\\\/fr\\\/produit\\\/multimatique-tgo-installation-a-2-bouteilles-15kg-h-30mbar-sortie-srv-8mm\\\/#breadcrumb\",\"itemListElement\":[{\"@type\":\"ListItem\",\"position\":1,\"name\":\"Accueil\",\"item\":\"https:\\\/\\\/shop.bantam.ch\\\/fr\\\/\"},{\"@type\":\"ListItem\",\"position\":2,\"name\":\"Boutique\",\"item\":\"https:\\\/\\\/shop.bantam.ch\\\/fr\\\/boutique\\\/\"},{\"@type\":\"ListItem\",\"position\":3,\"name\":\"Multimatique TGO Installation \u00e0 2 bouteilles 1,5kg\\\/h-30mbar Sortie SRV 8mm\"}]},{\"@type\":\"WebSite\",\"@id\":\"https:\\\/\\\/shop.bantam.ch\\\/fr\\\/#website\",\"url\":\"https:\\\/\\\/shop.bantam.ch\\\/fr\\\/\",\"name\":\"Bantam\",\"description\":\"\",\"publisher\":{\"@id\":\"https:\\\/\\\/shop.bantam.ch\\\/fr\\\/#organization\"},\"inLanguage\":\"fr-FR\"},{\"@type\":\"Organization\",\"@id\":\"https:\\\/\\\/shop.bantam.ch\\\/fr\\\/#organization\",\"name\":\"Bantam\",\"url\":\"https:\\\/\\\/shop.bantam.ch\\\/fr\\\/\",\"logo\":{\"@type\":\"ImageObject\",\"inLanguage\":\"fr-FR\",\"@id\":\"https:\\\/\\\/shop.bantam.ch\\\/fr\\\/#\\\/schema\\\/logo\\\/image\\\/\",\"url\":\"https:\\\/\\\/shop.bantam.ch\\\/wp-content\\\/uploads\\\/2022\\\/12\\\/bantam-logo.png\",\"contentUrl\":\"https:\\\/\\\/shop.bantam.ch\\\/wp-content\\\/uploads\\\/2022\\\/12\\\/bantam-logo.png\",\"width\":320,\"height\":71,\"caption\":\"Bantam\"},\"image\":{\"@id\":\"https:\\\/\\\/shop.bantam.ch\\\/fr\\\/#\\\/schema\\\/logo\\\/image\\\/\"}}]}<\/script>\n<!-- \/ Yoast SEO plugin. -->","yoast_head_json":{"title":"Multimatique TGO Installation \u00e0 2 bouteilles 1,5kg\/h-30mbar Sortie SRV 8mm - Bantam","robots":{"index":"index","follow":"follow","max-snippet":"max-snippet:-1","max-image-preview":"max-image-preview:large","max-video-preview":"max-video-preview:-1"},"canonical":"https:\/\/shop.bantam.ch\/fr\/produit\/multimatique-tgo-installation-a-2-bouteilles-15kg-h-30mbar-sortie-srv-8mm\/","og_locale":"fr_FR","og_type":"article","og_title":"Multimatique TGO Installation \u00e0 2 bouteilles 1,5kg\/h-30mbar Sortie SRV 8mm - Bantam","og_description":"Une pression de consommation r\u00e9guli\u00e8re est produite par 2 niveaux de r\u00e9gulateur et assure ainsi un d\u00e9bit maximal. Toutes les fonctions importantes telles que le r\u00e9gulateur de pression \u00e0 2 niveaux, la commutation automatique et le dispositif de soufflage de s\u00e9curit\u00e9 sont int\u00e9gr\u00e9es dans un seul appareil. Lors du processus de commutation automatique, la bouteille [&hellip;]","og_url":"https:\/\/shop.bantam.ch\/fr\/produit\/multimatique-tgo-installation-a-2-bouteilles-15kg-h-30mbar-sortie-srv-8mm\/","og_site_name":"Bantam","article_modified_time":"2026-05-01T22:03:15+00:00","og_image":[{"width":640,"height":443,"url":"https:\/\/shop.bantam.ch\/wp-content\/uploads\/2026\/05\/Movera-L-9933196100.jpg","type":"image\/jpeg"}],"twitter_card":"summary_large_image","twitter_misc":{"Dur\u00e9e de lecture estim\u00e9e":"2 minutes"},"schema":{"@context":"https:\/\/schema.org","@graph":[{"@type":"WebPage","@id":"https:\/\/shop.bantam.ch\/fr\/produit\/multimatique-tgo-installation-a-2-bouteilles-15kg-h-30mbar-sortie-srv-8mm\/","url":"https:\/\/shop.bantam.ch\/fr\/produit\/multimatique-tgo-installation-a-2-bouteilles-15kg-h-30mbar-sortie-srv-8mm\/","name":"Multimatique TGO Installation \u00e0 2 bouteilles 1,5kg\/h-30mbar Sortie SRV 8mm - Bantam","isPartOf":{"@id":"https:\/\/shop.bantam.ch\/fr\/#website"},"primaryImageOfPage":{"@id":"https:\/\/shop.bantam.ch\/fr\/produit\/multimatique-tgo-installation-a-2-bouteilles-15kg-h-30mbar-sortie-srv-8mm\/#primaryimage"},"image":{"@id":"https:\/\/shop.bantam.ch\/fr\/produit\/multimatique-tgo-installation-a-2-bouteilles-15kg-h-30mbar-sortie-srv-8mm\/#primaryimage"},"thumbnailUrl":"https:\/\/shop.bantam.ch\/wp-content\/uploads\/2026\/05\/Movera-L-9933196100.jpg","datePublished":"2026-05-01T14:27:07+00:00","dateModified":"2026-05-01T22:03:15+00:00","breadcrumb":{"@id":"https:\/\/shop.bantam.ch\/fr\/produit\/multimatique-tgo-installation-a-2-bouteilles-15kg-h-30mbar-sortie-srv-8mm\/#breadcrumb"},"inLanguage":"fr-FR","potentialAction":[{"@type":"ReadAction","target":["https:\/\/shop.bantam.ch\/fr\/produit\/multimatique-tgo-installation-a-2-bouteilles-15kg-h-30mbar-sortie-srv-8mm\/"]}]},{"@type":"ImageObject","inLanguage":"fr-FR","@id":"https:\/\/shop.bantam.ch\/fr\/produit\/multimatique-tgo-installation-a-2-bouteilles-15kg-h-30mbar-sortie-srv-8mm\/#primaryimage","url":"https:\/\/shop.bantam.ch\/wp-content\/uploads\/2026\/05\/Movera-L-9933196100.jpg","contentUrl":"https:\/\/shop.bantam.ch\/wp-content\/uploads\/2026\/05\/Movera-L-9933196100.jpg","width":640,"height":443},{"@type":"BreadcrumbList","@id":"https:\/\/shop.bantam.ch\/fr\/produit\/multimatique-tgo-installation-a-2-bouteilles-15kg-h-30mbar-sortie-srv-8mm\/#breadcrumb","itemListElement":[{"@type":"ListItem","position":1,"name":"Accueil","item":"https:\/\/shop.bantam.ch\/fr\/"},{"@type":"ListItem","position":2,"name":"Boutique","item":"https:\/\/shop.bantam.ch\/fr\/boutique\/"},{"@type":"ListItem","position":3,"name":"Multimatique TGO Installation \u00e0 2 bouteilles 1,5kg\/h-30mbar Sortie SRV 8mm"}]},{"@type":"WebSite","@id":"https:\/\/shop.bantam.ch\/fr\/#website","url":"https:\/\/shop.bantam.ch\/fr\/","name":"Bantam","description":"","publisher":{"@id":"https:\/\/shop.bantam.ch\/fr\/#organization"},"inLanguage":"fr-FR"},{"@type":"Organization","@id":"https:\/\/shop.bantam.ch\/fr\/#organization","name":"Bantam","url":"https:\/\/shop.bantam.ch\/fr\/","logo":{"@type":"ImageObject","inLanguage":"fr-FR","@id":"https:\/\/shop.bantam.ch\/fr\/#\/schema\/logo\/image\/","url":"https:\/\/shop.bantam.ch\/wp-content\/uploads\/2022\/12\/bantam-logo.png","contentUrl":"https:\/\/shop.bantam.ch\/wp-content\/uploads\/2022\/12\/bantam-logo.png","width":320,"height":71,"caption":"Bantam"},"image":{"@id":"https:\/\/shop.bantam.ch\/fr\/#\/schema\/logo\/image\/"}}]}},"_links":{"self":[{"href":"https:\/\/shop.bantam.ch\/fr\/wp-json\/wp\/v2\/product\/237528","targetHints":{"allow":["GET"]}}],"collection":[{"href":"https:\/\/shop.bantam.ch\/fr\/wp-json\/wp\/v2\/product"}],"about":[{"href":"https:\/\/shop.bantam.ch\/fr\/wp-json\/wp\/v2\/types\/product"}],"wp:featuredmedia":[{"embeddable":true,"href":"https:\/\/shop.bantam.ch\/fr\/wp-json\/wp\/v2\/media\/237526"}],"wp:attachment":[{"href":"https:\/\/shop.bantam.ch\/fr\/wp-json\/wp\/v2\/media?parent=237528"}],"wp:term":[{"taxonomy":"product_featured_cat","embeddable":true,"href":"https:\/\/shop.bantam.ch\/fr\/wp-json\/wp\/v2\/product_featured_cat?post=237528"},{"taxonomy":"product_brand","embeddable":true,"href":"https:\/\/shop.bantam.ch\/fr\/wp-json\/wp\/v2\/product_brand?post=237528"},{"taxonomy":"product_cat","embeddable":true,"href":"https:\/\/shop.bantam.ch\/fr\/wp-json\/wp\/v2\/product_cat?post=237528"},{"taxonomy":"product_tag","embeddable":true,"href":"https:\/\/shop.bantam.ch\/fr\/wp-json\/wp\/v2\/product_tag?post=237528"}],"curies":[{"name":"wp","href":"https:\/\/api.w.org\/{rel}","templated":true}]}}