{"id":237377,"date":"2026-05-01T15:23:00","date_gmt":"2026-05-01T13:23:00","guid":{"rendered":"https:\/\/shop.bantam.ch\/produit\/reservoir-deau-1302-fusion-vw-t2-t3-60-litres\/"},"modified":"2026-05-02T00:02:24","modified_gmt":"2026-05-01T22:02:24","slug":"reservoir-deau-1302-fusion-vw-t2-t3-60-litres","status":"publish","type":"product","link":"https:\/\/shop.bantam.ch\/fr\/produit\/reservoir-deau-1302-fusion-vw-t2-t3-60-litres\/","title":{"rendered":"R\u00e9servoir d&rsquo;eau 1302 FUSION VW T2\/T3 60 litres"},"content":{"rendered":"<p>Contenance 60 l pour VW T2 \/ T3 en PE anthracite, peut \u00eatre mont\u00e9 des deux c\u00f4t\u00e9s sous le v\u00e9hicule (tourner autour de l&rsquo;axe longitudinal), avec 2 ouvertures de nettoyage 120 mm. Montage des tubulures possible \u00e0 volont\u00e9 apr\u00e8s per\u00e7age des trous.<br \/>\nFabriqu\u00e9 en poly\u00e9thyl\u00e8ne recyclable, convient pour les aliments &#8211; convient pour l&rsquo;eau potable. Les r\u00e9servoirs Fusion sont r\u00e9sistants aux chocs, au gel et \u00e0 la rupture et peuvent \u00eatre mont\u00e9s \u00e0 l&rsquo;horizontale, \u00e0 la verticale ou suspendus. Tous les r\u00e9servoirs sont \u00e9quip\u00e9s d&rsquo;une grande ouverture de nettoyage de 12 cm.<\/p>\n","protected":false},"excerpt":{"rendered":"<p>Contenance 60 l pour VW T2 \/ T3 en PE anthracite, peut \u00eatre mont\u00e9 des deux c\u00f4t\u00e9s sous le v\u00e9hicule (tourner autour de l&rsquo;axe longitudinal), avec 2 ouvertures de nettoyage 120 mm. Montage des tubulures possible \u00e0 volont\u00e9 apr\u00e8s per\u00e7age des trous. Fabriqu\u00e9 en poly\u00e9thyl\u00e8ne recyclable, convient pour les aliments &#8211; convient pour l&rsquo;eau potable. [&hellip;]<\/p>\n","protected":false},"featured_media":237375,"template":"","meta":{"_acf_changed":false},"product_featured_cat":[],"product_brand":[3190],"product_cat":[5345],"product_tag":[],"class_list":{"0":"post-237377","1":"product","2":"type-product","3":"status-publish","4":"has-post-thumbnail","6":"product_brand-fusion","7":"product_cat-jerrycans-et-reservoirs-deau","9":"first","10":"instock","11":"taxable","12":"shipping-taxable","13":"purchasable","14":"product-type-simple"},"acf":[],"yoast_head":"<!-- This site is optimized with the Yoast SEO plugin v27.5 - https:\/\/yoast.com\/product\/yoast-seo-wordpress\/ -->\n<title>R\u00e9servoir d&#039;eau 1302 FUSION VW T2\/T3 60 litres - Bantam<\/title>\n<meta name=\"robots\" content=\"index, follow, max-snippet:-1, max-image-preview:large, max-video-preview:-1\" \/>\n<link rel=\"canonical\" href=\"https:\/\/shop.bantam.ch\/fr\/produit\/reservoir-deau-1302-fusion-vw-t2-t3-60-litres\/\" \/>\n<meta property=\"og:locale\" content=\"fr_FR\" \/>\n<meta property=\"og:type\" content=\"article\" \/>\n<meta property=\"og:title\" content=\"R\u00e9servoir d&#039;eau 1302 FUSION VW T2\/T3 60 litres - Bantam\" \/>\n<meta property=\"og:description\" content=\"Contenance 60 l pour VW T2 \/ T3 en PE anthracite, peut \u00eatre mont\u00e9 des deux c\u00f4t\u00e9s sous le v\u00e9hicule (tourner autour de l&rsquo;axe longitudinal), avec 2 ouvertures de nettoyage 120 mm. Montage des tubulures possible \u00e0 volont\u00e9 apr\u00e8s per\u00e7age des trous. Fabriqu\u00e9 en poly\u00e9thyl\u00e8ne recyclable, convient pour les aliments &#8211; convient pour l&rsquo;eau potable. [&hellip;]\" \/>\n<meta property=\"og:url\" content=\"https:\/\/shop.bantam.ch\/fr\/produit\/reservoir-deau-1302-fusion-vw-t2-t3-60-litres\/\" \/>\n<meta property=\"og:site_name\" content=\"Bantam\" \/>\n<meta property=\"article:modified_time\" content=\"2026-05-01T22:02:24+00:00\" \/>\n<meta property=\"og:image\" content=\"https:\/\/shop.bantam.ch\/wp-content\/uploads\/2026\/05\/Movera-L-9949729100.jpg\" \/>\n\t<meta property=\"og:image:width\" content=\"442\" \/>\n\t<meta property=\"og:image:height\" content=\"182\" \/>\n\t<meta property=\"og:image:type\" content=\"image\/jpeg\" \/>\n<meta name=\"twitter:card\" content=\"summary_large_image\" \/>\n<script type=\"application\/ld+json\" class=\"yoast-schema-graph\">{\"@context\":\"https:\\\/\\\/schema.org\",\"@graph\":[{\"@type\":\"WebPage\",\"@id\":\"https:\\\/\\\/shop.bantam.ch\\\/fr\\\/produit\\\/reservoir-deau-1302-fusion-vw-t2-t3-60-litres\\\/\",\"url\":\"https:\\\/\\\/shop.bantam.ch\\\/fr\\\/produit\\\/reservoir-deau-1302-fusion-vw-t2-t3-60-litres\\\/\",\"name\":\"R\u00e9servoir d'eau 1302 FUSION VW T2\\\/T3 60 litres - Bantam\",\"isPartOf\":{\"@id\":\"https:\\\/\\\/shop.bantam.ch\\\/fr\\\/#website\"},\"primaryImageOfPage\":{\"@id\":\"https:\\\/\\\/shop.bantam.ch\\\/fr\\\/produit\\\/reservoir-deau-1302-fusion-vw-t2-t3-60-litres\\\/#primaryimage\"},\"image\":{\"@id\":\"https:\\\/\\\/shop.bantam.ch\\\/fr\\\/produit\\\/reservoir-deau-1302-fusion-vw-t2-t3-60-litres\\\/#primaryimage\"},\"thumbnailUrl\":\"https:\\\/\\\/shop.bantam.ch\\\/wp-content\\\/uploads\\\/2026\\\/05\\\/Movera-L-9949729100.jpg\",\"datePublished\":\"2026-05-01T13:23:00+00:00\",\"dateModified\":\"2026-05-01T22:02:24+00:00\",\"breadcrumb\":{\"@id\":\"https:\\\/\\\/shop.bantam.ch\\\/fr\\\/produit\\\/reservoir-deau-1302-fusion-vw-t2-t3-60-litres\\\/#breadcrumb\"},\"inLanguage\":\"fr-FR\",\"potentialAction\":[{\"@type\":\"ReadAction\",\"target\":[\"https:\\\/\\\/shop.bantam.ch\\\/fr\\\/produit\\\/reservoir-deau-1302-fusion-vw-t2-t3-60-litres\\\/\"]}]},{\"@type\":\"ImageObject\",\"inLanguage\":\"fr-FR\",\"@id\":\"https:\\\/\\\/shop.bantam.ch\\\/fr\\\/produit\\\/reservoir-deau-1302-fusion-vw-t2-t3-60-litres\\\/#primaryimage\",\"url\":\"https:\\\/\\\/shop.bantam.ch\\\/wp-content\\\/uploads\\\/2026\\\/05\\\/Movera-L-9949729100.jpg\",\"contentUrl\":\"https:\\\/\\\/shop.bantam.ch\\\/wp-content\\\/uploads\\\/2026\\\/05\\\/Movera-L-9949729100.jpg\",\"width\":442,\"height\":182},{\"@type\":\"BreadcrumbList\",\"@id\":\"https:\\\/\\\/shop.bantam.ch\\\/fr\\\/produit\\\/reservoir-deau-1302-fusion-vw-t2-t3-60-litres\\\/#breadcrumb\",\"itemListElement\":[{\"@type\":\"ListItem\",\"position\":1,\"name\":\"Accueil\",\"item\":\"https:\\\/\\\/shop.bantam.ch\\\/fr\\\/\"},{\"@type\":\"ListItem\",\"position\":2,\"name\":\"Boutique\",\"item\":\"https:\\\/\\\/shop.bantam.ch\\\/fr\\\/boutique\\\/\"},{\"@type\":\"ListItem\",\"position\":3,\"name\":\"R\u00e9servoir d&rsquo;eau 1302 FUSION VW T2\\\/T3 60 litres\"}]},{\"@type\":\"WebSite\",\"@id\":\"https:\\\/\\\/shop.bantam.ch\\\/fr\\\/#website\",\"url\":\"https:\\\/\\\/shop.bantam.ch\\\/fr\\\/\",\"name\":\"Bantam\",\"description\":\"\",\"publisher\":{\"@id\":\"https:\\\/\\\/shop.bantam.ch\\\/fr\\\/#organization\"},\"inLanguage\":\"fr-FR\"},{\"@type\":\"Organization\",\"@id\":\"https:\\\/\\\/shop.bantam.ch\\\/fr\\\/#organization\",\"name\":\"Bantam\",\"url\":\"https:\\\/\\\/shop.bantam.ch\\\/fr\\\/\",\"logo\":{\"@type\":\"ImageObject\",\"inLanguage\":\"fr-FR\",\"@id\":\"https:\\\/\\\/shop.bantam.ch\\\/fr\\\/#\\\/schema\\\/logo\\\/image\\\/\",\"url\":\"https:\\\/\\\/shop.bantam.ch\\\/wp-content\\\/uploads\\\/2022\\\/12\\\/bantam-logo.png\",\"contentUrl\":\"https:\\\/\\\/shop.bantam.ch\\\/wp-content\\\/uploads\\\/2022\\\/12\\\/bantam-logo.png\",\"width\":320,\"height\":71,\"caption\":\"Bantam\"},\"image\":{\"@id\":\"https:\\\/\\\/shop.bantam.ch\\\/fr\\\/#\\\/schema\\\/logo\\\/image\\\/\"}}]}<\/script>\n<!-- \/ Yoast SEO plugin. -->","yoast_head_json":{"title":"R\u00e9servoir d'eau 1302 FUSION VW T2\/T3 60 litres - Bantam","robots":{"index":"index","follow":"follow","max-snippet":"max-snippet:-1","max-image-preview":"max-image-preview:large","max-video-preview":"max-video-preview:-1"},"canonical":"https:\/\/shop.bantam.ch\/fr\/produit\/reservoir-deau-1302-fusion-vw-t2-t3-60-litres\/","og_locale":"fr_FR","og_type":"article","og_title":"R\u00e9servoir d'eau 1302 FUSION VW T2\/T3 60 litres - Bantam","og_description":"Contenance 60 l pour VW T2 \/ T3 en PE anthracite, peut \u00eatre mont\u00e9 des deux c\u00f4t\u00e9s sous le v\u00e9hicule (tourner autour de l&rsquo;axe longitudinal), avec 2 ouvertures de nettoyage 120 mm. Montage des tubulures possible \u00e0 volont\u00e9 apr\u00e8s per\u00e7age des trous. Fabriqu\u00e9 en poly\u00e9thyl\u00e8ne recyclable, convient pour les aliments &#8211; convient pour l&rsquo;eau potable. [&hellip;]","og_url":"https:\/\/shop.bantam.ch\/fr\/produit\/reservoir-deau-1302-fusion-vw-t2-t3-60-litres\/","og_site_name":"Bantam","article_modified_time":"2026-05-01T22:02:24+00:00","og_image":[{"width":442,"height":182,"url":"https:\/\/shop.bantam.ch\/wp-content\/uploads\/2026\/05\/Movera-L-9949729100.jpg","type":"image\/jpeg"}],"twitter_card":"summary_large_image","schema":{"@context":"https:\/\/schema.org","@graph":[{"@type":"WebPage","@id":"https:\/\/shop.bantam.ch\/fr\/produit\/reservoir-deau-1302-fusion-vw-t2-t3-60-litres\/","url":"https:\/\/shop.bantam.ch\/fr\/produit\/reservoir-deau-1302-fusion-vw-t2-t3-60-litres\/","name":"R\u00e9servoir d'eau 1302 FUSION VW T2\/T3 60 litres - Bantam","isPartOf":{"@id":"https:\/\/shop.bantam.ch\/fr\/#website"},"primaryImageOfPage":{"@id":"https:\/\/shop.bantam.ch\/fr\/produit\/reservoir-deau-1302-fusion-vw-t2-t3-60-litres\/#primaryimage"},"image":{"@id":"https:\/\/shop.bantam.ch\/fr\/produit\/reservoir-deau-1302-fusion-vw-t2-t3-60-litres\/#primaryimage"},"thumbnailUrl":"https:\/\/shop.bantam.ch\/wp-content\/uploads\/2026\/05\/Movera-L-9949729100.jpg","datePublished":"2026-05-01T13:23:00+00:00","dateModified":"2026-05-01T22:02:24+00:00","breadcrumb":{"@id":"https:\/\/shop.bantam.ch\/fr\/produit\/reservoir-deau-1302-fusion-vw-t2-t3-60-litres\/#breadcrumb"},"inLanguage":"fr-FR","potentialAction":[{"@type":"ReadAction","target":["https:\/\/shop.bantam.ch\/fr\/produit\/reservoir-deau-1302-fusion-vw-t2-t3-60-litres\/"]}]},{"@type":"ImageObject","inLanguage":"fr-FR","@id":"https:\/\/shop.bantam.ch\/fr\/produit\/reservoir-deau-1302-fusion-vw-t2-t3-60-litres\/#primaryimage","url":"https:\/\/shop.bantam.ch\/wp-content\/uploads\/2026\/05\/Movera-L-9949729100.jpg","contentUrl":"https:\/\/shop.bantam.ch\/wp-content\/uploads\/2026\/05\/Movera-L-9949729100.jpg","width":442,"height":182},{"@type":"BreadcrumbList","@id":"https:\/\/shop.bantam.ch\/fr\/produit\/reservoir-deau-1302-fusion-vw-t2-t3-60-litres\/#breadcrumb","itemListElement":[{"@type":"ListItem","position":1,"name":"Accueil","item":"https:\/\/shop.bantam.ch\/fr\/"},{"@type":"ListItem","position":2,"name":"Boutique","item":"https:\/\/shop.bantam.ch\/fr\/boutique\/"},{"@type":"ListItem","position":3,"name":"R\u00e9servoir d&rsquo;eau 1302 FUSION VW T2\/T3 60 litres"}]},{"@type":"WebSite","@id":"https:\/\/shop.bantam.ch\/fr\/#website","url":"https:\/\/shop.bantam.ch\/fr\/","name":"Bantam","description":"","publisher":{"@id":"https:\/\/shop.bantam.ch\/fr\/#organization"},"inLanguage":"fr-FR"},{"@type":"Organization","@id":"https:\/\/shop.bantam.ch\/fr\/#organization","name":"Bantam","url":"https:\/\/shop.bantam.ch\/fr\/","logo":{"@type":"ImageObject","inLanguage":"fr-FR","@id":"https:\/\/shop.bantam.ch\/fr\/#\/schema\/logo\/image\/","url":"https:\/\/shop.bantam.ch\/wp-content\/uploads\/2022\/12\/bantam-logo.png","contentUrl":"https:\/\/shop.bantam.ch\/wp-content\/uploads\/2022\/12\/bantam-logo.png","width":320,"height":71,"caption":"Bantam"},"image":{"@id":"https:\/\/shop.bantam.ch\/fr\/#\/schema\/logo\/image\/"}}]}},"_links":{"self":[{"href":"https:\/\/shop.bantam.ch\/fr\/wp-json\/wp\/v2\/product\/237377","targetHints":{"allow":["GET"]}}],"collection":[{"href":"https:\/\/shop.bantam.ch\/fr\/wp-json\/wp\/v2\/product"}],"about":[{"href":"https:\/\/shop.bantam.ch\/fr\/wp-json\/wp\/v2\/types\/product"}],"wp:featuredmedia":[{"embeddable":true,"href":"https:\/\/shop.bantam.ch\/fr\/wp-json\/wp\/v2\/media\/237375"}],"wp:attachment":[{"href":"https:\/\/shop.bantam.ch\/fr\/wp-json\/wp\/v2\/media?parent=237377"}],"wp:term":[{"taxonomy":"product_featured_cat","embeddable":true,"href":"https:\/\/shop.bantam.ch\/fr\/wp-json\/wp\/v2\/product_featured_cat?post=237377"},{"taxonomy":"product_brand","embeddable":true,"href":"https:\/\/shop.bantam.ch\/fr\/wp-json\/wp\/v2\/product_brand?post=237377"},{"taxonomy":"product_cat","embeddable":true,"href":"https:\/\/shop.bantam.ch\/fr\/wp-json\/wp\/v2\/product_cat?post=237377"},{"taxonomy":"product_tag","embeddable":true,"href":"https:\/\/shop.bantam.ch\/fr\/wp-json\/wp\/v2\/product_tag?post=237377"}],"curies":[{"name":"wp","href":"https:\/\/api.w.org\/{rel}","templated":true}]}}