{"id":237289,"date":"2026-05-01T14:54:03","date_gmt":"2026-05-01T12:54:03","guid":{"rendered":"https:\/\/shop.bantam.ch\/produit\/smartwide-all-in-one-version-22-pouces-noir\/"},"modified":"2026-05-02T00:01:55","modified_gmt":"2026-05-01T22:01:55","slug":"smartwide-all-in-one-version-22-pouces-noir","status":"publish","type":"product","link":"https:\/\/shop.bantam.ch\/fr\/produit\/smartwide-all-in-one-version-22-pouces-noir\/","title":{"rendered":"Smartwide All in One version 22 pouces noir"},"content":{"rendered":"<p>Le A.I.O.\u00ae EVO SMART-TV est la solution 3 en 1 parfaite pour les voyageurs. Il r\u00e9unit la t\u00e9l\u00e9vision, Internet et le contr\u00f4le de votre antenne satellite dans un seul appareil compact. Une seule t\u00e9l\u00e9commande suffit pour commander les fonctions dans les tailles 19&Prime;\u00a0\u00bb, 22&Prime;\u00a0\u00bb et 24&Prime;\u00a0\u00bb. Il permet d&rsquo;acc\u00e9der \u00e0 toutes les cha\u00eenes de t\u00e9l\u00e9vision courantes par satellite, DVB-T2 ou c\u00e2ble ainsi qu&rsquo;aux services de streaming et aux applications. De plus, il sert de centrale de commande pour chaque antenne satellite ALDEN enti\u00e8rement automatique.<\/p>\n","protected":false},"excerpt":{"rendered":"<p>Le A.I.O.\u00ae EVO SMART-TV est la solution 3 en 1 parfaite pour les voyageurs. Il r\u00e9unit la t\u00e9l\u00e9vision, Internet et le contr\u00f4le de votre antenne satellite dans un seul appareil compact. Une seule t\u00e9l\u00e9commande suffit pour commander les fonctions dans les tailles 19&Prime;\u00a0\u00bb, 22&Prime;\u00a0\u00bb et 24&Prime;\u00a0\u00bb. Il permet d&rsquo;acc\u00e9der \u00e0 toutes les cha\u00eenes de t\u00e9l\u00e9vision [&hellip;]<\/p>\n","protected":false},"featured_media":237287,"template":"","meta":{"_acf_changed":false},"product_featured_cat":[],"product_brand":[3076],"product_cat":[4505],"product_tag":[],"class_list":{"0":"post-237289","1":"product","2":"type-product","3":"status-publish","4":"has-post-thumbnail","6":"product_brand-alden","7":"product_cat-televiseurs","9":"first","10":"instock","11":"taxable","12":"shipping-taxable","13":"purchasable","14":"product-type-simple"},"acf":[],"yoast_head":"<!-- This site is optimized with the Yoast SEO plugin v27.5 - https:\/\/yoast.com\/product\/yoast-seo-wordpress\/ -->\n<title>Smartwide All in One version 22 pouces noir - Bantam<\/title>\n<meta name=\"robots\" content=\"index, follow, max-snippet:-1, max-image-preview:large, max-video-preview:-1\" \/>\n<link rel=\"canonical\" href=\"https:\/\/shop.bantam.ch\/fr\/produit\/smartwide-all-in-one-version-22-pouces-noir\/\" \/>\n<meta property=\"og:locale\" content=\"fr_FR\" \/>\n<meta property=\"og:type\" content=\"article\" \/>\n<meta property=\"og:title\" content=\"Smartwide All in One version 22 pouces noir - Bantam\" \/>\n<meta property=\"og:description\" content=\"Le A.I.O.\u00ae EVO SMART-TV est la solution 3 en 1 parfaite pour les voyageurs. Il r\u00e9unit la t\u00e9l\u00e9vision, Internet et le contr\u00f4le de votre antenne satellite dans un seul appareil compact. Une seule t\u00e9l\u00e9commande suffit pour commander les fonctions dans les tailles 19&Prime;\u00a0\u00bb, 22&Prime;\u00a0\u00bb et 24&Prime;\u00a0\u00bb. Il permet d&rsquo;acc\u00e9der \u00e0 toutes les cha\u00eenes de t\u00e9l\u00e9vision [&hellip;]\" \/>\n<meta property=\"og:url\" content=\"https:\/\/shop.bantam.ch\/fr\/produit\/smartwide-all-in-one-version-22-pouces-noir\/\" \/>\n<meta property=\"og:site_name\" content=\"Bantam\" \/>\n<meta property=\"article:modified_time\" content=\"2026-05-01T22:01:55+00:00\" \/>\n<meta property=\"og:image\" content=\"https:\/\/shop.bantam.ch\/wp-content\/uploads\/2026\/05\/Movera-L-9949636100.png\" \/>\n\t<meta property=\"og:image:width\" content=\"640\" \/>\n\t<meta property=\"og:image:height\" content=\"382\" \/>\n\t<meta property=\"og:image:type\" content=\"image\/png\" \/>\n<meta name=\"twitter:card\" content=\"summary_large_image\" \/>\n<script type=\"application\/ld+json\" class=\"yoast-schema-graph\">{\"@context\":\"https:\\\/\\\/schema.org\",\"@graph\":[{\"@type\":\"WebPage\",\"@id\":\"https:\\\/\\\/shop.bantam.ch\\\/fr\\\/produit\\\/smartwide-all-in-one-version-22-pouces-noir\\\/\",\"url\":\"https:\\\/\\\/shop.bantam.ch\\\/fr\\\/produit\\\/smartwide-all-in-one-version-22-pouces-noir\\\/\",\"name\":\"Smartwide All in One version 22 pouces noir - Bantam\",\"isPartOf\":{\"@id\":\"https:\\\/\\\/shop.bantam.ch\\\/fr\\\/#website\"},\"primaryImageOfPage\":{\"@id\":\"https:\\\/\\\/shop.bantam.ch\\\/fr\\\/produit\\\/smartwide-all-in-one-version-22-pouces-noir\\\/#primaryimage\"},\"image\":{\"@id\":\"https:\\\/\\\/shop.bantam.ch\\\/fr\\\/produit\\\/smartwide-all-in-one-version-22-pouces-noir\\\/#primaryimage\"},\"thumbnailUrl\":\"https:\\\/\\\/shop.bantam.ch\\\/wp-content\\\/uploads\\\/2026\\\/05\\\/Movera-L-9949636100.png\",\"datePublished\":\"2026-05-01T12:54:03+00:00\",\"dateModified\":\"2026-05-01T22:01:55+00:00\",\"breadcrumb\":{\"@id\":\"https:\\\/\\\/shop.bantam.ch\\\/fr\\\/produit\\\/smartwide-all-in-one-version-22-pouces-noir\\\/#breadcrumb\"},\"inLanguage\":\"fr-FR\",\"potentialAction\":[{\"@type\":\"ReadAction\",\"target\":[\"https:\\\/\\\/shop.bantam.ch\\\/fr\\\/produit\\\/smartwide-all-in-one-version-22-pouces-noir\\\/\"]}]},{\"@type\":\"ImageObject\",\"inLanguage\":\"fr-FR\",\"@id\":\"https:\\\/\\\/shop.bantam.ch\\\/fr\\\/produit\\\/smartwide-all-in-one-version-22-pouces-noir\\\/#primaryimage\",\"url\":\"https:\\\/\\\/shop.bantam.ch\\\/wp-content\\\/uploads\\\/2026\\\/05\\\/Movera-L-9949636100.png\",\"contentUrl\":\"https:\\\/\\\/shop.bantam.ch\\\/wp-content\\\/uploads\\\/2026\\\/05\\\/Movera-L-9949636100.png\",\"width\":640,\"height\":382},{\"@type\":\"BreadcrumbList\",\"@id\":\"https:\\\/\\\/shop.bantam.ch\\\/fr\\\/produit\\\/smartwide-all-in-one-version-22-pouces-noir\\\/#breadcrumb\",\"itemListElement\":[{\"@type\":\"ListItem\",\"position\":1,\"name\":\"Accueil\",\"item\":\"https:\\\/\\\/shop.bantam.ch\\\/fr\\\/\"},{\"@type\":\"ListItem\",\"position\":2,\"name\":\"Boutique\",\"item\":\"https:\\\/\\\/shop.bantam.ch\\\/fr\\\/boutique\\\/\"},{\"@type\":\"ListItem\",\"position\":3,\"name\":\"Smartwide All in One version 22 pouces noir\"}]},{\"@type\":\"WebSite\",\"@id\":\"https:\\\/\\\/shop.bantam.ch\\\/fr\\\/#website\",\"url\":\"https:\\\/\\\/shop.bantam.ch\\\/fr\\\/\",\"name\":\"Bantam\",\"description\":\"\",\"publisher\":{\"@id\":\"https:\\\/\\\/shop.bantam.ch\\\/fr\\\/#organization\"},\"inLanguage\":\"fr-FR\"},{\"@type\":\"Organization\",\"@id\":\"https:\\\/\\\/shop.bantam.ch\\\/fr\\\/#organization\",\"name\":\"Bantam\",\"url\":\"https:\\\/\\\/shop.bantam.ch\\\/fr\\\/\",\"logo\":{\"@type\":\"ImageObject\",\"inLanguage\":\"fr-FR\",\"@id\":\"https:\\\/\\\/shop.bantam.ch\\\/fr\\\/#\\\/schema\\\/logo\\\/image\\\/\",\"url\":\"https:\\\/\\\/shop.bantam.ch\\\/wp-content\\\/uploads\\\/2022\\\/12\\\/bantam-logo.png\",\"contentUrl\":\"https:\\\/\\\/shop.bantam.ch\\\/wp-content\\\/uploads\\\/2022\\\/12\\\/bantam-logo.png\",\"width\":320,\"height\":71,\"caption\":\"Bantam\"},\"image\":{\"@id\":\"https:\\\/\\\/shop.bantam.ch\\\/fr\\\/#\\\/schema\\\/logo\\\/image\\\/\"}}]}<\/script>\n<!-- \/ Yoast SEO plugin. -->","yoast_head_json":{"title":"Smartwide All in One version 22 pouces noir - Bantam","robots":{"index":"index","follow":"follow","max-snippet":"max-snippet:-1","max-image-preview":"max-image-preview:large","max-video-preview":"max-video-preview:-1"},"canonical":"https:\/\/shop.bantam.ch\/fr\/produit\/smartwide-all-in-one-version-22-pouces-noir\/","og_locale":"fr_FR","og_type":"article","og_title":"Smartwide All in One version 22 pouces noir - Bantam","og_description":"Le A.I.O.\u00ae EVO SMART-TV est la solution 3 en 1 parfaite pour les voyageurs. Il r\u00e9unit la t\u00e9l\u00e9vision, Internet et le contr\u00f4le de votre antenne satellite dans un seul appareil compact. Une seule t\u00e9l\u00e9commande suffit pour commander les fonctions dans les tailles 19&Prime;\u00a0\u00bb, 22&Prime;\u00a0\u00bb et 24&Prime;\u00a0\u00bb. Il permet d&rsquo;acc\u00e9der \u00e0 toutes les cha\u00eenes de t\u00e9l\u00e9vision [&hellip;]","og_url":"https:\/\/shop.bantam.ch\/fr\/produit\/smartwide-all-in-one-version-22-pouces-noir\/","og_site_name":"Bantam","article_modified_time":"2026-05-01T22:01:55+00:00","og_image":[{"width":640,"height":382,"url":"https:\/\/shop.bantam.ch\/wp-content\/uploads\/2026\/05\/Movera-L-9949636100.png","type":"image\/png"}],"twitter_card":"summary_large_image","schema":{"@context":"https:\/\/schema.org","@graph":[{"@type":"WebPage","@id":"https:\/\/shop.bantam.ch\/fr\/produit\/smartwide-all-in-one-version-22-pouces-noir\/","url":"https:\/\/shop.bantam.ch\/fr\/produit\/smartwide-all-in-one-version-22-pouces-noir\/","name":"Smartwide All in One version 22 pouces noir - Bantam","isPartOf":{"@id":"https:\/\/shop.bantam.ch\/fr\/#website"},"primaryImageOfPage":{"@id":"https:\/\/shop.bantam.ch\/fr\/produit\/smartwide-all-in-one-version-22-pouces-noir\/#primaryimage"},"image":{"@id":"https:\/\/shop.bantam.ch\/fr\/produit\/smartwide-all-in-one-version-22-pouces-noir\/#primaryimage"},"thumbnailUrl":"https:\/\/shop.bantam.ch\/wp-content\/uploads\/2026\/05\/Movera-L-9949636100.png","datePublished":"2026-05-01T12:54:03+00:00","dateModified":"2026-05-01T22:01:55+00:00","breadcrumb":{"@id":"https:\/\/shop.bantam.ch\/fr\/produit\/smartwide-all-in-one-version-22-pouces-noir\/#breadcrumb"},"inLanguage":"fr-FR","potentialAction":[{"@type":"ReadAction","target":["https:\/\/shop.bantam.ch\/fr\/produit\/smartwide-all-in-one-version-22-pouces-noir\/"]}]},{"@type":"ImageObject","inLanguage":"fr-FR","@id":"https:\/\/shop.bantam.ch\/fr\/produit\/smartwide-all-in-one-version-22-pouces-noir\/#primaryimage","url":"https:\/\/shop.bantam.ch\/wp-content\/uploads\/2026\/05\/Movera-L-9949636100.png","contentUrl":"https:\/\/shop.bantam.ch\/wp-content\/uploads\/2026\/05\/Movera-L-9949636100.png","width":640,"height":382},{"@type":"BreadcrumbList","@id":"https:\/\/shop.bantam.ch\/fr\/produit\/smartwide-all-in-one-version-22-pouces-noir\/#breadcrumb","itemListElement":[{"@type":"ListItem","position":1,"name":"Accueil","item":"https:\/\/shop.bantam.ch\/fr\/"},{"@type":"ListItem","position":2,"name":"Boutique","item":"https:\/\/shop.bantam.ch\/fr\/boutique\/"},{"@type":"ListItem","position":3,"name":"Smartwide All in One version 22 pouces noir"}]},{"@type":"WebSite","@id":"https:\/\/shop.bantam.ch\/fr\/#website","url":"https:\/\/shop.bantam.ch\/fr\/","name":"Bantam","description":"","publisher":{"@id":"https:\/\/shop.bantam.ch\/fr\/#organization"},"inLanguage":"fr-FR"},{"@type":"Organization","@id":"https:\/\/shop.bantam.ch\/fr\/#organization","name":"Bantam","url":"https:\/\/shop.bantam.ch\/fr\/","logo":{"@type":"ImageObject","inLanguage":"fr-FR","@id":"https:\/\/shop.bantam.ch\/fr\/#\/schema\/logo\/image\/","url":"https:\/\/shop.bantam.ch\/wp-content\/uploads\/2022\/12\/bantam-logo.png","contentUrl":"https:\/\/shop.bantam.ch\/wp-content\/uploads\/2022\/12\/bantam-logo.png","width":320,"height":71,"caption":"Bantam"},"image":{"@id":"https:\/\/shop.bantam.ch\/fr\/#\/schema\/logo\/image\/"}}]}},"_links":{"self":[{"href":"https:\/\/shop.bantam.ch\/fr\/wp-json\/wp\/v2\/product\/237289","targetHints":{"allow":["GET"]}}],"collection":[{"href":"https:\/\/shop.bantam.ch\/fr\/wp-json\/wp\/v2\/product"}],"about":[{"href":"https:\/\/shop.bantam.ch\/fr\/wp-json\/wp\/v2\/types\/product"}],"wp:featuredmedia":[{"embeddable":true,"href":"https:\/\/shop.bantam.ch\/fr\/wp-json\/wp\/v2\/media\/237287"}],"wp:attachment":[{"href":"https:\/\/shop.bantam.ch\/fr\/wp-json\/wp\/v2\/media?parent=237289"}],"wp:term":[{"taxonomy":"product_featured_cat","embeddable":true,"href":"https:\/\/shop.bantam.ch\/fr\/wp-json\/wp\/v2\/product_featured_cat?post=237289"},{"taxonomy":"product_brand","embeddable":true,"href":"https:\/\/shop.bantam.ch\/fr\/wp-json\/wp\/v2\/product_brand?post=237289"},{"taxonomy":"product_cat","embeddable":true,"href":"https:\/\/shop.bantam.ch\/fr\/wp-json\/wp\/v2\/product_cat?post=237289"},{"taxonomy":"product_tag","embeddable":true,"href":"https:\/\/shop.bantam.ch\/fr\/wp-json\/wp\/v2\/product_tag?post=237289"}],"curies":[{"name":"wp","href":"https:\/\/api.w.org\/{rel}","templated":true}]}}