{"id":237277,"date":"2026-05-01T13:45:35","date_gmt":"2026-05-01T11:45:35","guid":{"rendered":"https:\/\/shop.bantam.ch\/produit\/serrure-supplementaire-sentrouvrant-fb-blanc-indiquer-le-numero-de-cle-a-la-commande\/"},"modified":"2026-05-09T00:06:13","modified_gmt":"2026-05-08T22:06:13","slug":"serrure-supplementaire-sentrouvrant-fb-blanc-indiquer-le-numero-de-cle-a-la-commande","status":"publish","type":"product","link":"https:\/\/shop.bantam.ch\/fr\/produit\/serrure-supplementaire-sentrouvrant-fb-blanc-indiquer-le-numero-de-cle-a-la-commande\/","title":{"rendered":"Serrure suppl\u00e9mentaire s&rsquo;entrouvrant Fb. Blanc Indiquer le num\u00e9ro de cl\u00e9 \u00e0 la commande"},"content":{"rendered":"<p data-start=\"0\" data-end=\"263\">Utilisable pour les portes de cellule, les garages arri\u00e8re et les trappes ext\u00e9rieures des camping-cars et caravanes.<br data-start=\"116\" data-end=\"119\"><br \/>\nDe plus, cette serrure additionnelle offre une s\u00e9curit\u00e9 suppl\u00e9mentaire pour les portes et compartiments des v\u00e9hicules utilitaires et d\u2019artisans.<\/p>\n<p data-start=\"265\" data-end=\"1198\">\n<ul>\n<li>Le p\u00eane s\u2019engage derri\u00e8re le cadre de la porte.<\/li>\n<li>\nLe montage est tr\u00e8s simple : il suffit d\u2019assembler les deux parties (le bo\u00eetier int\u00e9rieur et ext\u00e9rieur), ce qui \u00e9vite toute n\u00e9cessit\u00e9 de renforcement suppl\u00e9mentaire de la porte pour une fixation s\u00fbre.<\/li>\n<li>\nDes plaques d\u2019\u00e9cartement de 2 mm et 8 mm (3 \u00d7 2 mm et 2 \u00d7 8 mm pour un ajustement variable de 2 \u00e0 22 mm) sont incluses. Elles permettent de compenser l\u2019\u00e9cart entre la porte et le cadre afin que l\u2019espace entre le p\u00eane et le cadre int\u00e9rieur reste toujours d\u2019environ 2 mm.<\/li>\n<li>\nLes serrures conviennent pour des \u00e9paisseurs de porte de 20 \u00e0 90 mm (avec des vis plus courtes ou plus longues selon le cas).<\/li>\n<li>\nRobuste et l\u00e9ger gr\u00e2ce \u00e0 l\u2019utilisation d\u2019aluminium moul\u00e9 sous pression.<\/li>\n<li>\nCylindre de s\u00e9curit\u00e9 sp\u00e9cial avec capuchon de protection et cl\u00e9 r\u00e9versible robuste.<\/li>\n<li>\nGr\u00e2ce au syst\u00e8me HEO \u00e0 cylindres s\u2019entrouvrant, toutes les serrures peuvent \u00eatre ouvertes et ferm\u00e9es avec une seule cl\u00e9.<\/li>\n<\/ul>\n<\/p>\n<p data-start=\"1200\" data-end=\"1276\" data-is-last-node=\"\" data-is-only-node=\"\">Contenu de la livraison :<br data-start=\"1225\" data-end=\"1228\"><br \/>\n2 serrures additionnelles \u00e0 fermeture identique.<\/p>\n","protected":false},"excerpt":{"rendered":"<p>Utilisable pour les portes de cellule, les garages arri\u00e8re et les trappes ext\u00e9rieures des camping-cars et caravanes. De plus, cette serrure additionnelle offre une s\u00e9curit\u00e9 suppl\u00e9mentaire pour les portes et compartiments des v\u00e9hicules utilitaires et d\u2019artisans. Le p\u00eane s\u2019engage derri\u00e8re le cadre de la porte. Le montage est tr\u00e8s simple : il suffit d\u2019assembler les [&hellip;]<\/p>\n","protected":false},"featured_media":237269,"template":"","meta":{"_acf_changed":false},"product_featured_cat":[],"product_brand":[3138],"product_cat":[4203],"product_tag":[],"class_list":{"0":"post-237277","1":"product","2":"type-product","3":"status-publish","4":"has-post-thumbnail","6":"product_brand-heosafe","7":"product_cat-pieces-de-rechange-technique-automobile","9":"first","10":"instock","11":"taxable","12":"shipping-taxable","13":"purchasable","14":"product-type-simple"},"acf":[],"yoast_head":"<!-- This site is optimized with the Yoast SEO plugin v27.5 - https:\/\/yoast.com\/product\/yoast-seo-wordpress\/ -->\n<title>Serrure suppl\u00e9mentaire s&#039;entrouvrant Fb. Blanc Indiquer le num\u00e9ro de cl\u00e9 \u00e0 la commande - Bantam<\/title>\n<meta name=\"robots\" content=\"index, follow, max-snippet:-1, max-image-preview:large, max-video-preview:-1\" \/>\n<link rel=\"canonical\" href=\"https:\/\/shop.bantam.ch\/fr\/produit\/serrure-supplementaire-sentrouvrant-fb-blanc-indiquer-le-numero-de-cle-a-la-commande\/\" \/>\n<meta property=\"og:locale\" content=\"fr_FR\" \/>\n<meta property=\"og:type\" content=\"article\" \/>\n<meta property=\"og:title\" content=\"Serrure suppl\u00e9mentaire s&#039;entrouvrant Fb. Blanc Indiquer le num\u00e9ro de cl\u00e9 \u00e0 la commande - Bantam\" \/>\n<meta property=\"og:description\" content=\"Utilisable pour les portes de cellule, les garages arri\u00e8re et les trappes ext\u00e9rieures des camping-cars et caravanes. De plus, cette serrure additionnelle offre une s\u00e9curit\u00e9 suppl\u00e9mentaire pour les portes et compartiments des v\u00e9hicules utilitaires et d\u2019artisans. Le p\u00eane s\u2019engage derri\u00e8re le cadre de la porte. Le montage est tr\u00e8s simple : il suffit d\u2019assembler les [&hellip;]\" \/>\n<meta property=\"og:url\" content=\"https:\/\/shop.bantam.ch\/fr\/produit\/serrure-supplementaire-sentrouvrant-fb-blanc-indiquer-le-numero-de-cle-a-la-commande\/\" \/>\n<meta property=\"og:site_name\" content=\"Bantam\" \/>\n<meta property=\"article:modified_time\" content=\"2026-05-08T22:06:13+00:00\" \/>\n<meta property=\"og:image\" content=\"https:\/\/shop.bantam.ch\/wp-content\/uploads\/2026\/05\/Movera-L-9949516100.jpg\" \/>\n\t<meta property=\"og:image:width\" content=\"640\" \/>\n\t<meta property=\"og:image:height\" content=\"424\" \/>\n\t<meta property=\"og:image:type\" content=\"image\/jpeg\" \/>\n<meta name=\"twitter:card\" content=\"summary_large_image\" \/>\n<meta name=\"twitter:label1\" content=\"Dur\u00e9e de lecture estim\u00e9e\" \/>\n\t<meta name=\"twitter:data1\" content=\"1 minute\" \/>\n<script type=\"application\/ld+json\" class=\"yoast-schema-graph\">{\"@context\":\"https:\\\/\\\/schema.org\",\"@graph\":[{\"@type\":\"WebPage\",\"@id\":\"https:\\\/\\\/shop.bantam.ch\\\/fr\\\/produit\\\/serrure-supplementaire-sentrouvrant-fb-blanc-indiquer-le-numero-de-cle-a-la-commande\\\/\",\"url\":\"https:\\\/\\\/shop.bantam.ch\\\/fr\\\/produit\\\/serrure-supplementaire-sentrouvrant-fb-blanc-indiquer-le-numero-de-cle-a-la-commande\\\/\",\"name\":\"Serrure suppl\u00e9mentaire s'entrouvrant Fb. Blanc Indiquer le num\u00e9ro de cl\u00e9 \u00e0 la commande - Bantam\",\"isPartOf\":{\"@id\":\"https:\\\/\\\/shop.bantam.ch\\\/fr\\\/#website\"},\"primaryImageOfPage\":{\"@id\":\"https:\\\/\\\/shop.bantam.ch\\\/fr\\\/produit\\\/serrure-supplementaire-sentrouvrant-fb-blanc-indiquer-le-numero-de-cle-a-la-commande\\\/#primaryimage\"},\"image\":{\"@id\":\"https:\\\/\\\/shop.bantam.ch\\\/fr\\\/produit\\\/serrure-supplementaire-sentrouvrant-fb-blanc-indiquer-le-numero-de-cle-a-la-commande\\\/#primaryimage\"},\"thumbnailUrl\":\"https:\\\/\\\/shop.bantam.ch\\\/wp-content\\\/uploads\\\/2026\\\/05\\\/Movera-L-9949516100.jpg\",\"datePublished\":\"2026-05-01T11:45:35+00:00\",\"dateModified\":\"2026-05-08T22:06:13+00:00\",\"breadcrumb\":{\"@id\":\"https:\\\/\\\/shop.bantam.ch\\\/fr\\\/produit\\\/serrure-supplementaire-sentrouvrant-fb-blanc-indiquer-le-numero-de-cle-a-la-commande\\\/#breadcrumb\"},\"inLanguage\":\"fr-FR\",\"potentialAction\":[{\"@type\":\"ReadAction\",\"target\":[\"https:\\\/\\\/shop.bantam.ch\\\/fr\\\/produit\\\/serrure-supplementaire-sentrouvrant-fb-blanc-indiquer-le-numero-de-cle-a-la-commande\\\/\"]}]},{\"@type\":\"ImageObject\",\"inLanguage\":\"fr-FR\",\"@id\":\"https:\\\/\\\/shop.bantam.ch\\\/fr\\\/produit\\\/serrure-supplementaire-sentrouvrant-fb-blanc-indiquer-le-numero-de-cle-a-la-commande\\\/#primaryimage\",\"url\":\"https:\\\/\\\/shop.bantam.ch\\\/wp-content\\\/uploads\\\/2026\\\/05\\\/Movera-L-9949516100.jpg\",\"contentUrl\":\"https:\\\/\\\/shop.bantam.ch\\\/wp-content\\\/uploads\\\/2026\\\/05\\\/Movera-L-9949516100.jpg\",\"width\":640,\"height\":424},{\"@type\":\"BreadcrumbList\",\"@id\":\"https:\\\/\\\/shop.bantam.ch\\\/fr\\\/produit\\\/serrure-supplementaire-sentrouvrant-fb-blanc-indiquer-le-numero-de-cle-a-la-commande\\\/#breadcrumb\",\"itemListElement\":[{\"@type\":\"ListItem\",\"position\":1,\"name\":\"Accueil\",\"item\":\"https:\\\/\\\/shop.bantam.ch\\\/fr\\\/\"},{\"@type\":\"ListItem\",\"position\":2,\"name\":\"Boutique\",\"item\":\"https:\\\/\\\/shop.bantam.ch\\\/fr\\\/boutique\\\/\"},{\"@type\":\"ListItem\",\"position\":3,\"name\":\"Serrure suppl\u00e9mentaire s&rsquo;entrouvrant Fb. Blanc Indiquer le num\u00e9ro de cl\u00e9 \u00e0 la commande\"}]},{\"@type\":\"WebSite\",\"@id\":\"https:\\\/\\\/shop.bantam.ch\\\/fr\\\/#website\",\"url\":\"https:\\\/\\\/shop.bantam.ch\\\/fr\\\/\",\"name\":\"Bantam\",\"description\":\"\",\"publisher\":{\"@id\":\"https:\\\/\\\/shop.bantam.ch\\\/fr\\\/#organization\"},\"inLanguage\":\"fr-FR\"},{\"@type\":\"Organization\",\"@id\":\"https:\\\/\\\/shop.bantam.ch\\\/fr\\\/#organization\",\"name\":\"Bantam\",\"url\":\"https:\\\/\\\/shop.bantam.ch\\\/fr\\\/\",\"logo\":{\"@type\":\"ImageObject\",\"inLanguage\":\"fr-FR\",\"@id\":\"https:\\\/\\\/shop.bantam.ch\\\/fr\\\/#\\\/schema\\\/logo\\\/image\\\/\",\"url\":\"https:\\\/\\\/shop.bantam.ch\\\/wp-content\\\/uploads\\\/2022\\\/12\\\/bantam-logo.png\",\"contentUrl\":\"https:\\\/\\\/shop.bantam.ch\\\/wp-content\\\/uploads\\\/2022\\\/12\\\/bantam-logo.png\",\"width\":320,\"height\":71,\"caption\":\"Bantam\"},\"image\":{\"@id\":\"https:\\\/\\\/shop.bantam.ch\\\/fr\\\/#\\\/schema\\\/logo\\\/image\\\/\"}}]}<\/script>\n<!-- \/ Yoast SEO plugin. -->","yoast_head_json":{"title":"Serrure suppl\u00e9mentaire s'entrouvrant Fb. Blanc Indiquer le num\u00e9ro de cl\u00e9 \u00e0 la commande - Bantam","robots":{"index":"index","follow":"follow","max-snippet":"max-snippet:-1","max-image-preview":"max-image-preview:large","max-video-preview":"max-video-preview:-1"},"canonical":"https:\/\/shop.bantam.ch\/fr\/produit\/serrure-supplementaire-sentrouvrant-fb-blanc-indiquer-le-numero-de-cle-a-la-commande\/","og_locale":"fr_FR","og_type":"article","og_title":"Serrure suppl\u00e9mentaire s'entrouvrant Fb. Blanc Indiquer le num\u00e9ro de cl\u00e9 \u00e0 la commande - Bantam","og_description":"Utilisable pour les portes de cellule, les garages arri\u00e8re et les trappes ext\u00e9rieures des camping-cars et caravanes. De plus, cette serrure additionnelle offre une s\u00e9curit\u00e9 suppl\u00e9mentaire pour les portes et compartiments des v\u00e9hicules utilitaires et d\u2019artisans. Le p\u00eane s\u2019engage derri\u00e8re le cadre de la porte. Le montage est tr\u00e8s simple : il suffit d\u2019assembler les [&hellip;]","og_url":"https:\/\/shop.bantam.ch\/fr\/produit\/serrure-supplementaire-sentrouvrant-fb-blanc-indiquer-le-numero-de-cle-a-la-commande\/","og_site_name":"Bantam","article_modified_time":"2026-05-08T22:06:13+00:00","og_image":[{"width":640,"height":424,"url":"https:\/\/shop.bantam.ch\/wp-content\/uploads\/2026\/05\/Movera-L-9949516100.jpg","type":"image\/jpeg"}],"twitter_card":"summary_large_image","twitter_misc":{"Dur\u00e9e de lecture estim\u00e9e":"1 minute"},"schema":{"@context":"https:\/\/schema.org","@graph":[{"@type":"WebPage","@id":"https:\/\/shop.bantam.ch\/fr\/produit\/serrure-supplementaire-sentrouvrant-fb-blanc-indiquer-le-numero-de-cle-a-la-commande\/","url":"https:\/\/shop.bantam.ch\/fr\/produit\/serrure-supplementaire-sentrouvrant-fb-blanc-indiquer-le-numero-de-cle-a-la-commande\/","name":"Serrure suppl\u00e9mentaire s'entrouvrant Fb. Blanc Indiquer le num\u00e9ro de cl\u00e9 \u00e0 la commande - Bantam","isPartOf":{"@id":"https:\/\/shop.bantam.ch\/fr\/#website"},"primaryImageOfPage":{"@id":"https:\/\/shop.bantam.ch\/fr\/produit\/serrure-supplementaire-sentrouvrant-fb-blanc-indiquer-le-numero-de-cle-a-la-commande\/#primaryimage"},"image":{"@id":"https:\/\/shop.bantam.ch\/fr\/produit\/serrure-supplementaire-sentrouvrant-fb-blanc-indiquer-le-numero-de-cle-a-la-commande\/#primaryimage"},"thumbnailUrl":"https:\/\/shop.bantam.ch\/wp-content\/uploads\/2026\/05\/Movera-L-9949516100.jpg","datePublished":"2026-05-01T11:45:35+00:00","dateModified":"2026-05-08T22:06:13+00:00","breadcrumb":{"@id":"https:\/\/shop.bantam.ch\/fr\/produit\/serrure-supplementaire-sentrouvrant-fb-blanc-indiquer-le-numero-de-cle-a-la-commande\/#breadcrumb"},"inLanguage":"fr-FR","potentialAction":[{"@type":"ReadAction","target":["https:\/\/shop.bantam.ch\/fr\/produit\/serrure-supplementaire-sentrouvrant-fb-blanc-indiquer-le-numero-de-cle-a-la-commande\/"]}]},{"@type":"ImageObject","inLanguage":"fr-FR","@id":"https:\/\/shop.bantam.ch\/fr\/produit\/serrure-supplementaire-sentrouvrant-fb-blanc-indiquer-le-numero-de-cle-a-la-commande\/#primaryimage","url":"https:\/\/shop.bantam.ch\/wp-content\/uploads\/2026\/05\/Movera-L-9949516100.jpg","contentUrl":"https:\/\/shop.bantam.ch\/wp-content\/uploads\/2026\/05\/Movera-L-9949516100.jpg","width":640,"height":424},{"@type":"BreadcrumbList","@id":"https:\/\/shop.bantam.ch\/fr\/produit\/serrure-supplementaire-sentrouvrant-fb-blanc-indiquer-le-numero-de-cle-a-la-commande\/#breadcrumb","itemListElement":[{"@type":"ListItem","position":1,"name":"Accueil","item":"https:\/\/shop.bantam.ch\/fr\/"},{"@type":"ListItem","position":2,"name":"Boutique","item":"https:\/\/shop.bantam.ch\/fr\/boutique\/"},{"@type":"ListItem","position":3,"name":"Serrure suppl\u00e9mentaire s&rsquo;entrouvrant Fb. Blanc Indiquer le num\u00e9ro de cl\u00e9 \u00e0 la commande"}]},{"@type":"WebSite","@id":"https:\/\/shop.bantam.ch\/fr\/#website","url":"https:\/\/shop.bantam.ch\/fr\/","name":"Bantam","description":"","publisher":{"@id":"https:\/\/shop.bantam.ch\/fr\/#organization"},"inLanguage":"fr-FR"},{"@type":"Organization","@id":"https:\/\/shop.bantam.ch\/fr\/#organization","name":"Bantam","url":"https:\/\/shop.bantam.ch\/fr\/","logo":{"@type":"ImageObject","inLanguage":"fr-FR","@id":"https:\/\/shop.bantam.ch\/fr\/#\/schema\/logo\/image\/","url":"https:\/\/shop.bantam.ch\/wp-content\/uploads\/2022\/12\/bantam-logo.png","contentUrl":"https:\/\/shop.bantam.ch\/wp-content\/uploads\/2022\/12\/bantam-logo.png","width":320,"height":71,"caption":"Bantam"},"image":{"@id":"https:\/\/shop.bantam.ch\/fr\/#\/schema\/logo\/image\/"}}]}},"_links":{"self":[{"href":"https:\/\/shop.bantam.ch\/fr\/wp-json\/wp\/v2\/product\/237277","targetHints":{"allow":["GET"]}}],"collection":[{"href":"https:\/\/shop.bantam.ch\/fr\/wp-json\/wp\/v2\/product"}],"about":[{"href":"https:\/\/shop.bantam.ch\/fr\/wp-json\/wp\/v2\/types\/product"}],"wp:featuredmedia":[{"embeddable":true,"href":"https:\/\/shop.bantam.ch\/fr\/wp-json\/wp\/v2\/media\/237269"}],"wp:attachment":[{"href":"https:\/\/shop.bantam.ch\/fr\/wp-json\/wp\/v2\/media?parent=237277"}],"wp:term":[{"taxonomy":"product_featured_cat","embeddable":true,"href":"https:\/\/shop.bantam.ch\/fr\/wp-json\/wp\/v2\/product_featured_cat?post=237277"},{"taxonomy":"product_brand","embeddable":true,"href":"https:\/\/shop.bantam.ch\/fr\/wp-json\/wp\/v2\/product_brand?post=237277"},{"taxonomy":"product_cat","embeddable":true,"href":"https:\/\/shop.bantam.ch\/fr\/wp-json\/wp\/v2\/product_cat?post=237277"},{"taxonomy":"product_tag","embeddable":true,"href":"https:\/\/shop.bantam.ch\/fr\/wp-json\/wp\/v2\/product_tag?post=237277"}],"curies":[{"name":"wp","href":"https:\/\/api.w.org\/{rel}","templated":true}]}}