{"id":237167,"date":"2026-05-01T11:05:27","date_gmt":"2026-05-01T09:05:27","guid":{"rendered":"https:\/\/shop.bantam.ch\/produit\/tente-interieure-thermique-pour-la-tente-de-toit-themis-140-cm\/"},"modified":"2026-05-03T00:00:38","modified_gmt":"2026-05-02T22:00:38","slug":"tente-interieure-thermique-pour-la-tente-de-toit-themis-140-cm","status":"publish","type":"product","link":"https:\/\/shop.bantam.ch\/fr\/produit\/tente-interieure-thermique-pour-la-tente-de-toit-themis-140-cm\/","title":{"rendered":"Tente int\u00e9rieure thermique pour la tente de toit Themis 140 cm"},"content":{"rendered":"<p>L&rsquo;isolation peut \u00eatre accroch\u00e9e tr\u00e8s facilement \u00e0 l&rsquo;int\u00e9rieur de la tente de toit et fix\u00e9e par des bandes velcro. Gr\u00e2ce aux fermetures \u00e9clair, les fen\u00eatres et les entr\u00e9es peuvent tout de m\u00eame \u00eatre ouvertes pour a\u00e9rer ou laisser entrer la lumi\u00e8re du jour et on ne perd aucun confort dans la tente. Ton compagnon id\u00e9al pour les r\u00e9gions froides. Si l&rsquo;on souhaite laisser l&rsquo;isolation dans la tente, il faut faire un peu plus attention lors du pliage et les draps ne rentrent alors plus \u00e0 l&rsquo;int\u00e9rieur.<\/p>\n<ul>\n<li>Isolation optimale dans la tente de toit<\/li>\n<li>Plus de confort dans les r\u00e9gions froides<\/li>\n<li>Fixation facile avec du velcro et de l&rsquo;\u00e9lastique<\/li>\n<li>Entr\u00e9es et fen\u00eatres s&rsquo;ouvrent par fermeture \u00e9clair<\/li>\n<li>Mat\u00e9riau : 3 couches de polyester (75 g\/m\u00b2) avec du coton (80 g\/m\u00b2)<\/li>\n<\/ul>\n","protected":false},"excerpt":{"rendered":"<p>L&rsquo;isolation peut \u00eatre accroch\u00e9e tr\u00e8s facilement \u00e0 l&rsquo;int\u00e9rieur de la tente de toit et fix\u00e9e par des bandes velcro. Gr\u00e2ce aux fermetures \u00e9clair, les fen\u00eatres et les entr\u00e9es peuvent tout de m\u00eame \u00eatre ouvertes pour a\u00e9rer ou laisser entrer la lumi\u00e8re du jour et on ne perd aucun confort dans la tente. Ton compagnon id\u00e9al [&hellip;]<\/p>\n","protected":false},"featured_media":237161,"template":"","meta":{"_acf_changed":false},"product_featured_cat":[],"product_brand":[3508],"product_cat":[3981],"product_tag":[],"class_list":{"0":"post-237167","1":"product","2":"type-product","3":"status-publish","4":"has-post-thumbnail","6":"product_brand-horntools","7":"product_cat-tentes-interieures","9":"first","10":"instock","11":"taxable","12":"shipping-taxable","13":"purchasable","14":"product-type-simple"},"acf":[],"yoast_head":"<!-- This site is optimized with the Yoast SEO plugin v27.5 - https:\/\/yoast.com\/product\/yoast-seo-wordpress\/ -->\n<title>Tente int\u00e9rieure thermique pour la tente de toit Themis 140 cm - Bantam<\/title>\n<meta name=\"robots\" content=\"index, follow, max-snippet:-1, max-image-preview:large, max-video-preview:-1\" \/>\n<link rel=\"canonical\" href=\"https:\/\/shop.bantam.ch\/fr\/produit\/tente-interieure-thermique-pour-la-tente-de-toit-themis-140-cm\/\" \/>\n<meta property=\"og:locale\" content=\"fr_FR\" \/>\n<meta property=\"og:type\" content=\"article\" \/>\n<meta property=\"og:title\" content=\"Tente int\u00e9rieure thermique pour la tente de toit Themis 140 cm - Bantam\" \/>\n<meta property=\"og:description\" content=\"L&rsquo;isolation peut \u00eatre accroch\u00e9e tr\u00e8s facilement \u00e0 l&rsquo;int\u00e9rieur de la tente de toit et fix\u00e9e par des bandes velcro. Gr\u00e2ce aux fermetures \u00e9clair, les fen\u00eatres et les entr\u00e9es peuvent tout de m\u00eame \u00eatre ouvertes pour a\u00e9rer ou laisser entrer la lumi\u00e8re du jour et on ne perd aucun confort dans la tente. Ton compagnon id\u00e9al [&hellip;]\" \/>\n<meta property=\"og:url\" content=\"https:\/\/shop.bantam.ch\/fr\/produit\/tente-interieure-thermique-pour-la-tente-de-toit-themis-140-cm\/\" \/>\n<meta property=\"og:site_name\" content=\"Bantam\" \/>\n<meta property=\"article:modified_time\" content=\"2026-05-02T22:00:38+00:00\" \/>\n<meta property=\"og:image\" content=\"https:\/\/shop.bantam.ch\/wp-content\/uploads\/2026\/05\/Movera-L-9947816100.png\" \/>\n\t<meta property=\"og:image:width\" content=\"640\" \/>\n\t<meta property=\"og:image:height\" content=\"640\" \/>\n\t<meta property=\"og:image:type\" content=\"image\/png\" \/>\n<meta name=\"twitter:card\" content=\"summary_large_image\" \/>\n<meta name=\"twitter:label1\" content=\"Dur\u00e9e de lecture estim\u00e9e\" \/>\n\t<meta name=\"twitter:data1\" content=\"1 minute\" \/>\n<script type=\"application\/ld+json\" class=\"yoast-schema-graph\">{\"@context\":\"https:\\\/\\\/schema.org\",\"@graph\":[{\"@type\":\"WebPage\",\"@id\":\"https:\\\/\\\/shop.bantam.ch\\\/fr\\\/produit\\\/tente-interieure-thermique-pour-la-tente-de-toit-themis-140-cm\\\/\",\"url\":\"https:\\\/\\\/shop.bantam.ch\\\/fr\\\/produit\\\/tente-interieure-thermique-pour-la-tente-de-toit-themis-140-cm\\\/\",\"name\":\"Tente int\u00e9rieure thermique pour la tente de toit Themis 140 cm - Bantam\",\"isPartOf\":{\"@id\":\"https:\\\/\\\/shop.bantam.ch\\\/fr\\\/#website\"},\"primaryImageOfPage\":{\"@id\":\"https:\\\/\\\/shop.bantam.ch\\\/fr\\\/produit\\\/tente-interieure-thermique-pour-la-tente-de-toit-themis-140-cm\\\/#primaryimage\"},\"image\":{\"@id\":\"https:\\\/\\\/shop.bantam.ch\\\/fr\\\/produit\\\/tente-interieure-thermique-pour-la-tente-de-toit-themis-140-cm\\\/#primaryimage\"},\"thumbnailUrl\":\"https:\\\/\\\/shop.bantam.ch\\\/wp-content\\\/uploads\\\/2026\\\/05\\\/Movera-L-9947816100.png\",\"datePublished\":\"2026-05-01T09:05:27+00:00\",\"dateModified\":\"2026-05-02T22:00:38+00:00\",\"breadcrumb\":{\"@id\":\"https:\\\/\\\/shop.bantam.ch\\\/fr\\\/produit\\\/tente-interieure-thermique-pour-la-tente-de-toit-themis-140-cm\\\/#breadcrumb\"},\"inLanguage\":\"fr-FR\",\"potentialAction\":[{\"@type\":\"ReadAction\",\"target\":[\"https:\\\/\\\/shop.bantam.ch\\\/fr\\\/produit\\\/tente-interieure-thermique-pour-la-tente-de-toit-themis-140-cm\\\/\"]}]},{\"@type\":\"ImageObject\",\"inLanguage\":\"fr-FR\",\"@id\":\"https:\\\/\\\/shop.bantam.ch\\\/fr\\\/produit\\\/tente-interieure-thermique-pour-la-tente-de-toit-themis-140-cm\\\/#primaryimage\",\"url\":\"https:\\\/\\\/shop.bantam.ch\\\/wp-content\\\/uploads\\\/2026\\\/05\\\/Movera-L-9947816100.png\",\"contentUrl\":\"https:\\\/\\\/shop.bantam.ch\\\/wp-content\\\/uploads\\\/2026\\\/05\\\/Movera-L-9947816100.png\",\"width\":640,\"height\":640},{\"@type\":\"BreadcrumbList\",\"@id\":\"https:\\\/\\\/shop.bantam.ch\\\/fr\\\/produit\\\/tente-interieure-thermique-pour-la-tente-de-toit-themis-140-cm\\\/#breadcrumb\",\"itemListElement\":[{\"@type\":\"ListItem\",\"position\":1,\"name\":\"Accueil\",\"item\":\"https:\\\/\\\/shop.bantam.ch\\\/fr\\\/\"},{\"@type\":\"ListItem\",\"position\":2,\"name\":\"Boutique\",\"item\":\"https:\\\/\\\/shop.bantam.ch\\\/fr\\\/boutique\\\/\"},{\"@type\":\"ListItem\",\"position\":3,\"name\":\"Tente int\u00e9rieure thermique pour la tente de toit Themis 140 cm\"}]},{\"@type\":\"WebSite\",\"@id\":\"https:\\\/\\\/shop.bantam.ch\\\/fr\\\/#website\",\"url\":\"https:\\\/\\\/shop.bantam.ch\\\/fr\\\/\",\"name\":\"Bantam\",\"description\":\"\",\"publisher\":{\"@id\":\"https:\\\/\\\/shop.bantam.ch\\\/fr\\\/#organization\"},\"inLanguage\":\"fr-FR\"},{\"@type\":\"Organization\",\"@id\":\"https:\\\/\\\/shop.bantam.ch\\\/fr\\\/#organization\",\"name\":\"Bantam\",\"url\":\"https:\\\/\\\/shop.bantam.ch\\\/fr\\\/\",\"logo\":{\"@type\":\"ImageObject\",\"inLanguage\":\"fr-FR\",\"@id\":\"https:\\\/\\\/shop.bantam.ch\\\/fr\\\/#\\\/schema\\\/logo\\\/image\\\/\",\"url\":\"https:\\\/\\\/shop.bantam.ch\\\/wp-content\\\/uploads\\\/2022\\\/12\\\/bantam-logo.png\",\"contentUrl\":\"https:\\\/\\\/shop.bantam.ch\\\/wp-content\\\/uploads\\\/2022\\\/12\\\/bantam-logo.png\",\"width\":320,\"height\":71,\"caption\":\"Bantam\"},\"image\":{\"@id\":\"https:\\\/\\\/shop.bantam.ch\\\/fr\\\/#\\\/schema\\\/logo\\\/image\\\/\"}}]}<\/script>\n<!-- \/ Yoast SEO plugin. -->","yoast_head_json":{"title":"Tente int\u00e9rieure thermique pour la tente de toit Themis 140 cm - Bantam","robots":{"index":"index","follow":"follow","max-snippet":"max-snippet:-1","max-image-preview":"max-image-preview:large","max-video-preview":"max-video-preview:-1"},"canonical":"https:\/\/shop.bantam.ch\/fr\/produit\/tente-interieure-thermique-pour-la-tente-de-toit-themis-140-cm\/","og_locale":"fr_FR","og_type":"article","og_title":"Tente int\u00e9rieure thermique pour la tente de toit Themis 140 cm - Bantam","og_description":"L&rsquo;isolation peut \u00eatre accroch\u00e9e tr\u00e8s facilement \u00e0 l&rsquo;int\u00e9rieur de la tente de toit et fix\u00e9e par des bandes velcro. Gr\u00e2ce aux fermetures \u00e9clair, les fen\u00eatres et les entr\u00e9es peuvent tout de m\u00eame \u00eatre ouvertes pour a\u00e9rer ou laisser entrer la lumi\u00e8re du jour et on ne perd aucun confort dans la tente. Ton compagnon id\u00e9al [&hellip;]","og_url":"https:\/\/shop.bantam.ch\/fr\/produit\/tente-interieure-thermique-pour-la-tente-de-toit-themis-140-cm\/","og_site_name":"Bantam","article_modified_time":"2026-05-02T22:00:38+00:00","og_image":[{"width":640,"height":640,"url":"https:\/\/shop.bantam.ch\/wp-content\/uploads\/2026\/05\/Movera-L-9947816100.png","type":"image\/png"}],"twitter_card":"summary_large_image","twitter_misc":{"Dur\u00e9e de lecture estim\u00e9e":"1 minute"},"schema":{"@context":"https:\/\/schema.org","@graph":[{"@type":"WebPage","@id":"https:\/\/shop.bantam.ch\/fr\/produit\/tente-interieure-thermique-pour-la-tente-de-toit-themis-140-cm\/","url":"https:\/\/shop.bantam.ch\/fr\/produit\/tente-interieure-thermique-pour-la-tente-de-toit-themis-140-cm\/","name":"Tente int\u00e9rieure thermique pour la tente de toit Themis 140 cm - Bantam","isPartOf":{"@id":"https:\/\/shop.bantam.ch\/fr\/#website"},"primaryImageOfPage":{"@id":"https:\/\/shop.bantam.ch\/fr\/produit\/tente-interieure-thermique-pour-la-tente-de-toit-themis-140-cm\/#primaryimage"},"image":{"@id":"https:\/\/shop.bantam.ch\/fr\/produit\/tente-interieure-thermique-pour-la-tente-de-toit-themis-140-cm\/#primaryimage"},"thumbnailUrl":"https:\/\/shop.bantam.ch\/wp-content\/uploads\/2026\/05\/Movera-L-9947816100.png","datePublished":"2026-05-01T09:05:27+00:00","dateModified":"2026-05-02T22:00:38+00:00","breadcrumb":{"@id":"https:\/\/shop.bantam.ch\/fr\/produit\/tente-interieure-thermique-pour-la-tente-de-toit-themis-140-cm\/#breadcrumb"},"inLanguage":"fr-FR","potentialAction":[{"@type":"ReadAction","target":["https:\/\/shop.bantam.ch\/fr\/produit\/tente-interieure-thermique-pour-la-tente-de-toit-themis-140-cm\/"]}]},{"@type":"ImageObject","inLanguage":"fr-FR","@id":"https:\/\/shop.bantam.ch\/fr\/produit\/tente-interieure-thermique-pour-la-tente-de-toit-themis-140-cm\/#primaryimage","url":"https:\/\/shop.bantam.ch\/wp-content\/uploads\/2026\/05\/Movera-L-9947816100.png","contentUrl":"https:\/\/shop.bantam.ch\/wp-content\/uploads\/2026\/05\/Movera-L-9947816100.png","width":640,"height":640},{"@type":"BreadcrumbList","@id":"https:\/\/shop.bantam.ch\/fr\/produit\/tente-interieure-thermique-pour-la-tente-de-toit-themis-140-cm\/#breadcrumb","itemListElement":[{"@type":"ListItem","position":1,"name":"Accueil","item":"https:\/\/shop.bantam.ch\/fr\/"},{"@type":"ListItem","position":2,"name":"Boutique","item":"https:\/\/shop.bantam.ch\/fr\/boutique\/"},{"@type":"ListItem","position":3,"name":"Tente int\u00e9rieure thermique pour la tente de toit Themis 140 cm"}]},{"@type":"WebSite","@id":"https:\/\/shop.bantam.ch\/fr\/#website","url":"https:\/\/shop.bantam.ch\/fr\/","name":"Bantam","description":"","publisher":{"@id":"https:\/\/shop.bantam.ch\/fr\/#organization"},"inLanguage":"fr-FR"},{"@type":"Organization","@id":"https:\/\/shop.bantam.ch\/fr\/#organization","name":"Bantam","url":"https:\/\/shop.bantam.ch\/fr\/","logo":{"@type":"ImageObject","inLanguage":"fr-FR","@id":"https:\/\/shop.bantam.ch\/fr\/#\/schema\/logo\/image\/","url":"https:\/\/shop.bantam.ch\/wp-content\/uploads\/2022\/12\/bantam-logo.png","contentUrl":"https:\/\/shop.bantam.ch\/wp-content\/uploads\/2022\/12\/bantam-logo.png","width":320,"height":71,"caption":"Bantam"},"image":{"@id":"https:\/\/shop.bantam.ch\/fr\/#\/schema\/logo\/image\/"}}]}},"_links":{"self":[{"href":"https:\/\/shop.bantam.ch\/fr\/wp-json\/wp\/v2\/product\/237167","targetHints":{"allow":["GET"]}}],"collection":[{"href":"https:\/\/shop.bantam.ch\/fr\/wp-json\/wp\/v2\/product"}],"about":[{"href":"https:\/\/shop.bantam.ch\/fr\/wp-json\/wp\/v2\/types\/product"}],"wp:featuredmedia":[{"embeddable":true,"href":"https:\/\/shop.bantam.ch\/fr\/wp-json\/wp\/v2\/media\/237161"}],"wp:attachment":[{"href":"https:\/\/shop.bantam.ch\/fr\/wp-json\/wp\/v2\/media?parent=237167"}],"wp:term":[{"taxonomy":"product_featured_cat","embeddable":true,"href":"https:\/\/shop.bantam.ch\/fr\/wp-json\/wp\/v2\/product_featured_cat?post=237167"},{"taxonomy":"product_brand","embeddable":true,"href":"https:\/\/shop.bantam.ch\/fr\/wp-json\/wp\/v2\/product_brand?post=237167"},{"taxonomy":"product_cat","embeddable":true,"href":"https:\/\/shop.bantam.ch\/fr\/wp-json\/wp\/v2\/product_cat?post=237167"},{"taxonomy":"product_tag","embeddable":true,"href":"https:\/\/shop.bantam.ch\/fr\/wp-json\/wp\/v2\/product_tag?post=237167"}],"curies":[{"name":"wp","href":"https:\/\/api.w.org\/{rel}","templated":true}]}}