{"id":237151,"date":"2026-05-01T10:57:17","date_gmt":"2026-05-01T08:57:17","guid":{"rendered":"https:\/\/shop.bantam.ch\/produit\/set-de-table-en-nano-gel-silwy-petit-format-couleur-noire\/"},"modified":"2026-05-04T00:02:36","modified_gmt":"2026-05-03T22:02:36","slug":"set-de-table-en-nano-gel-silwy-petit-format-couleur-noire","status":"publish","type":"product","link":"https:\/\/shop.bantam.ch\/fr\/produit\/set-de-table-en-nano-gel-silwy-petit-format-couleur-noire\/","title":{"rendered":"Set de table en nano-gel Silwy Petit format &#8211; Couleur noire"},"content":{"rendered":"<p>Avec le set de place en m\u00e9tal-nano-gel, la vaisselle magn\u00e9tique peut \u00eatre rang\u00e9e de mani\u00e8re stable et sans cliquetis. Le rapport de force entre la vaisselle magn\u00e9tique et le set de table en nano gel m\u00e9tallique est parfaitement \u00e9quilibr\u00e9, de sorte que la vaisselle peut \u00eatre fix\u00e9e par le set de table en nano gel m\u00e9tallique, mais aussi facilement retir\u00e9e de celui-ci.<\/p>\n","protected":false},"excerpt":{"rendered":"<p>Avec le set de place en m\u00e9tal-nano-gel, la vaisselle magn\u00e9tique peut \u00eatre rang\u00e9e de mani\u00e8re stable et sans cliquetis. Le rapport de force entre la vaisselle magn\u00e9tique et le set de table en nano gel m\u00e9tallique est parfaitement \u00e9quilibr\u00e9, de sorte que la vaisselle peut \u00eatre fix\u00e9e par le set de table en nano gel [&hellip;]<\/p>\n","protected":false},"featured_media":237145,"template":"","meta":{"_acf_changed":false},"product_featured_cat":[],"product_brand":[3072],"product_cat":[3993],"product_tag":[],"class_list":{"0":"post-237151","1":"product","2":"type-product","3":"status-publish","4":"has-post-thumbnail","6":"product_brand-silwy","7":"product_cat-vaisselle-de-camping","9":"first","10":"instock","11":"taxable","12":"shipping-taxable","13":"purchasable","14":"product-type-simple"},"acf":[],"yoast_head":"<!-- This site is optimized with the Yoast SEO plugin v27.5 - https:\/\/yoast.com\/product\/yoast-seo-wordpress\/ -->\n<title>Set de table en nano-gel Silwy Petit format - Couleur noire - Bantam<\/title>\n<meta name=\"robots\" content=\"index, follow, max-snippet:-1, max-image-preview:large, max-video-preview:-1\" \/>\n<link rel=\"canonical\" href=\"https:\/\/shop.bantam.ch\/fr\/produit\/set-de-table-en-nano-gel-silwy-petit-format-couleur-noire\/\" \/>\n<meta property=\"og:locale\" content=\"fr_FR\" \/>\n<meta property=\"og:type\" content=\"article\" \/>\n<meta property=\"og:title\" content=\"Set de table en nano-gel Silwy Petit format - Couleur noire - Bantam\" \/>\n<meta property=\"og:description\" content=\"Avec le set de place en m\u00e9tal-nano-gel, la vaisselle magn\u00e9tique peut \u00eatre rang\u00e9e de mani\u00e8re stable et sans cliquetis. Le rapport de force entre la vaisselle magn\u00e9tique et le set de table en nano gel m\u00e9tallique est parfaitement \u00e9quilibr\u00e9, de sorte que la vaisselle peut \u00eatre fix\u00e9e par le set de table en nano gel [&hellip;]\" \/>\n<meta property=\"og:url\" content=\"https:\/\/shop.bantam.ch\/fr\/produit\/set-de-table-en-nano-gel-silwy-petit-format-couleur-noire\/\" \/>\n<meta property=\"og:site_name\" content=\"Bantam\" \/>\n<meta property=\"article:modified_time\" content=\"2026-05-03T22:02:36+00:00\" \/>\n<meta property=\"og:image\" content=\"https:\/\/shop.bantam.ch\/wp-content\/uploads\/2026\/05\/Movera-L-9947780100.jpg\" \/>\n\t<meta property=\"og:image:width\" content=\"640\" \/>\n\t<meta property=\"og:image:height\" content=\"640\" \/>\n\t<meta property=\"og:image:type\" content=\"image\/jpeg\" \/>\n<meta name=\"twitter:card\" content=\"summary_large_image\" \/>\n<script type=\"application\/ld+json\" class=\"yoast-schema-graph\">{\"@context\":\"https:\\\/\\\/schema.org\",\"@graph\":[{\"@type\":\"WebPage\",\"@id\":\"https:\\\/\\\/shop.bantam.ch\\\/fr\\\/produit\\\/set-de-table-en-nano-gel-silwy-petit-format-couleur-noire\\\/\",\"url\":\"https:\\\/\\\/shop.bantam.ch\\\/fr\\\/produit\\\/set-de-table-en-nano-gel-silwy-petit-format-couleur-noire\\\/\",\"name\":\"Set de table en nano-gel Silwy Petit format - Couleur noire - Bantam\",\"isPartOf\":{\"@id\":\"https:\\\/\\\/shop.bantam.ch\\\/fr\\\/#website\"},\"primaryImageOfPage\":{\"@id\":\"https:\\\/\\\/shop.bantam.ch\\\/fr\\\/produit\\\/set-de-table-en-nano-gel-silwy-petit-format-couleur-noire\\\/#primaryimage\"},\"image\":{\"@id\":\"https:\\\/\\\/shop.bantam.ch\\\/fr\\\/produit\\\/set-de-table-en-nano-gel-silwy-petit-format-couleur-noire\\\/#primaryimage\"},\"thumbnailUrl\":\"https:\\\/\\\/shop.bantam.ch\\\/wp-content\\\/uploads\\\/2026\\\/05\\\/Movera-L-9947780100.jpg\",\"datePublished\":\"2026-05-01T08:57:17+00:00\",\"dateModified\":\"2026-05-03T22:02:36+00:00\",\"breadcrumb\":{\"@id\":\"https:\\\/\\\/shop.bantam.ch\\\/fr\\\/produit\\\/set-de-table-en-nano-gel-silwy-petit-format-couleur-noire\\\/#breadcrumb\"},\"inLanguage\":\"fr-FR\",\"potentialAction\":[{\"@type\":\"ReadAction\",\"target\":[\"https:\\\/\\\/shop.bantam.ch\\\/fr\\\/produit\\\/set-de-table-en-nano-gel-silwy-petit-format-couleur-noire\\\/\"]}]},{\"@type\":\"ImageObject\",\"inLanguage\":\"fr-FR\",\"@id\":\"https:\\\/\\\/shop.bantam.ch\\\/fr\\\/produit\\\/set-de-table-en-nano-gel-silwy-petit-format-couleur-noire\\\/#primaryimage\",\"url\":\"https:\\\/\\\/shop.bantam.ch\\\/wp-content\\\/uploads\\\/2026\\\/05\\\/Movera-L-9947780100.jpg\",\"contentUrl\":\"https:\\\/\\\/shop.bantam.ch\\\/wp-content\\\/uploads\\\/2026\\\/05\\\/Movera-L-9947780100.jpg\",\"width\":640,\"height\":640},{\"@type\":\"BreadcrumbList\",\"@id\":\"https:\\\/\\\/shop.bantam.ch\\\/fr\\\/produit\\\/set-de-table-en-nano-gel-silwy-petit-format-couleur-noire\\\/#breadcrumb\",\"itemListElement\":[{\"@type\":\"ListItem\",\"position\":1,\"name\":\"Accueil\",\"item\":\"https:\\\/\\\/shop.bantam.ch\\\/fr\\\/\"},{\"@type\":\"ListItem\",\"position\":2,\"name\":\"Boutique\",\"item\":\"https:\\\/\\\/shop.bantam.ch\\\/fr\\\/boutique\\\/\"},{\"@type\":\"ListItem\",\"position\":3,\"name\":\"Set de table en nano-gel Silwy Petit format &#8211; Couleur noire\"}]},{\"@type\":\"WebSite\",\"@id\":\"https:\\\/\\\/shop.bantam.ch\\\/fr\\\/#website\",\"url\":\"https:\\\/\\\/shop.bantam.ch\\\/fr\\\/\",\"name\":\"Bantam\",\"description\":\"\",\"publisher\":{\"@id\":\"https:\\\/\\\/shop.bantam.ch\\\/fr\\\/#organization\"},\"inLanguage\":\"fr-FR\"},{\"@type\":\"Organization\",\"@id\":\"https:\\\/\\\/shop.bantam.ch\\\/fr\\\/#organization\",\"name\":\"Bantam\",\"url\":\"https:\\\/\\\/shop.bantam.ch\\\/fr\\\/\",\"logo\":{\"@type\":\"ImageObject\",\"inLanguage\":\"fr-FR\",\"@id\":\"https:\\\/\\\/shop.bantam.ch\\\/fr\\\/#\\\/schema\\\/logo\\\/image\\\/\",\"url\":\"https:\\\/\\\/shop.bantam.ch\\\/wp-content\\\/uploads\\\/2022\\\/12\\\/bantam-logo.png\",\"contentUrl\":\"https:\\\/\\\/shop.bantam.ch\\\/wp-content\\\/uploads\\\/2022\\\/12\\\/bantam-logo.png\",\"width\":320,\"height\":71,\"caption\":\"Bantam\"},\"image\":{\"@id\":\"https:\\\/\\\/shop.bantam.ch\\\/fr\\\/#\\\/schema\\\/logo\\\/image\\\/\"}}]}<\/script>\n<!-- \/ Yoast SEO plugin. -->","yoast_head_json":{"title":"Set de table en nano-gel Silwy Petit format - Couleur noire - Bantam","robots":{"index":"index","follow":"follow","max-snippet":"max-snippet:-1","max-image-preview":"max-image-preview:large","max-video-preview":"max-video-preview:-1"},"canonical":"https:\/\/shop.bantam.ch\/fr\/produit\/set-de-table-en-nano-gel-silwy-petit-format-couleur-noire\/","og_locale":"fr_FR","og_type":"article","og_title":"Set de table en nano-gel Silwy Petit format - Couleur noire - Bantam","og_description":"Avec le set de place en m\u00e9tal-nano-gel, la vaisselle magn\u00e9tique peut \u00eatre rang\u00e9e de mani\u00e8re stable et sans cliquetis. Le rapport de force entre la vaisselle magn\u00e9tique et le set de table en nano gel m\u00e9tallique est parfaitement \u00e9quilibr\u00e9, de sorte que la vaisselle peut \u00eatre fix\u00e9e par le set de table en nano gel [&hellip;]","og_url":"https:\/\/shop.bantam.ch\/fr\/produit\/set-de-table-en-nano-gel-silwy-petit-format-couleur-noire\/","og_site_name":"Bantam","article_modified_time":"2026-05-03T22:02:36+00:00","og_image":[{"width":640,"height":640,"url":"https:\/\/shop.bantam.ch\/wp-content\/uploads\/2026\/05\/Movera-L-9947780100.jpg","type":"image\/jpeg"}],"twitter_card":"summary_large_image","schema":{"@context":"https:\/\/schema.org","@graph":[{"@type":"WebPage","@id":"https:\/\/shop.bantam.ch\/fr\/produit\/set-de-table-en-nano-gel-silwy-petit-format-couleur-noire\/","url":"https:\/\/shop.bantam.ch\/fr\/produit\/set-de-table-en-nano-gel-silwy-petit-format-couleur-noire\/","name":"Set de table en nano-gel Silwy Petit format - Couleur noire - Bantam","isPartOf":{"@id":"https:\/\/shop.bantam.ch\/fr\/#website"},"primaryImageOfPage":{"@id":"https:\/\/shop.bantam.ch\/fr\/produit\/set-de-table-en-nano-gel-silwy-petit-format-couleur-noire\/#primaryimage"},"image":{"@id":"https:\/\/shop.bantam.ch\/fr\/produit\/set-de-table-en-nano-gel-silwy-petit-format-couleur-noire\/#primaryimage"},"thumbnailUrl":"https:\/\/shop.bantam.ch\/wp-content\/uploads\/2026\/05\/Movera-L-9947780100.jpg","datePublished":"2026-05-01T08:57:17+00:00","dateModified":"2026-05-03T22:02:36+00:00","breadcrumb":{"@id":"https:\/\/shop.bantam.ch\/fr\/produit\/set-de-table-en-nano-gel-silwy-petit-format-couleur-noire\/#breadcrumb"},"inLanguage":"fr-FR","potentialAction":[{"@type":"ReadAction","target":["https:\/\/shop.bantam.ch\/fr\/produit\/set-de-table-en-nano-gel-silwy-petit-format-couleur-noire\/"]}]},{"@type":"ImageObject","inLanguage":"fr-FR","@id":"https:\/\/shop.bantam.ch\/fr\/produit\/set-de-table-en-nano-gel-silwy-petit-format-couleur-noire\/#primaryimage","url":"https:\/\/shop.bantam.ch\/wp-content\/uploads\/2026\/05\/Movera-L-9947780100.jpg","contentUrl":"https:\/\/shop.bantam.ch\/wp-content\/uploads\/2026\/05\/Movera-L-9947780100.jpg","width":640,"height":640},{"@type":"BreadcrumbList","@id":"https:\/\/shop.bantam.ch\/fr\/produit\/set-de-table-en-nano-gel-silwy-petit-format-couleur-noire\/#breadcrumb","itemListElement":[{"@type":"ListItem","position":1,"name":"Accueil","item":"https:\/\/shop.bantam.ch\/fr\/"},{"@type":"ListItem","position":2,"name":"Boutique","item":"https:\/\/shop.bantam.ch\/fr\/boutique\/"},{"@type":"ListItem","position":3,"name":"Set de table en nano-gel Silwy Petit format &#8211; Couleur noire"}]},{"@type":"WebSite","@id":"https:\/\/shop.bantam.ch\/fr\/#website","url":"https:\/\/shop.bantam.ch\/fr\/","name":"Bantam","description":"","publisher":{"@id":"https:\/\/shop.bantam.ch\/fr\/#organization"},"inLanguage":"fr-FR"},{"@type":"Organization","@id":"https:\/\/shop.bantam.ch\/fr\/#organization","name":"Bantam","url":"https:\/\/shop.bantam.ch\/fr\/","logo":{"@type":"ImageObject","inLanguage":"fr-FR","@id":"https:\/\/shop.bantam.ch\/fr\/#\/schema\/logo\/image\/","url":"https:\/\/shop.bantam.ch\/wp-content\/uploads\/2022\/12\/bantam-logo.png","contentUrl":"https:\/\/shop.bantam.ch\/wp-content\/uploads\/2022\/12\/bantam-logo.png","width":320,"height":71,"caption":"Bantam"},"image":{"@id":"https:\/\/shop.bantam.ch\/fr\/#\/schema\/logo\/image\/"}}]}},"_links":{"self":[{"href":"https:\/\/shop.bantam.ch\/fr\/wp-json\/wp\/v2\/product\/237151","targetHints":{"allow":["GET"]}}],"collection":[{"href":"https:\/\/shop.bantam.ch\/fr\/wp-json\/wp\/v2\/product"}],"about":[{"href":"https:\/\/shop.bantam.ch\/fr\/wp-json\/wp\/v2\/types\/product"}],"wp:featuredmedia":[{"embeddable":true,"href":"https:\/\/shop.bantam.ch\/fr\/wp-json\/wp\/v2\/media\/237145"}],"wp:attachment":[{"href":"https:\/\/shop.bantam.ch\/fr\/wp-json\/wp\/v2\/media?parent=237151"}],"wp:term":[{"taxonomy":"product_featured_cat","embeddable":true,"href":"https:\/\/shop.bantam.ch\/fr\/wp-json\/wp\/v2\/product_featured_cat?post=237151"},{"taxonomy":"product_brand","embeddable":true,"href":"https:\/\/shop.bantam.ch\/fr\/wp-json\/wp\/v2\/product_brand?post=237151"},{"taxonomy":"product_cat","embeddable":true,"href":"https:\/\/shop.bantam.ch\/fr\/wp-json\/wp\/v2\/product_cat?post=237151"},{"taxonomy":"product_tag","embeddable":true,"href":"https:\/\/shop.bantam.ch\/fr\/wp-json\/wp\/v2\/product_tag?post=237151"}],"curies":[{"name":"wp","href":"https:\/\/api.w.org\/{rel}","templated":true}]}}