{"id":237143,"date":"2026-05-01T10:55:39","date_gmt":"2026-05-01T08:55:39","guid":{"rendered":"https:\/\/shop.bantam.ch\/produit\/enrouleur-de-cable-embarque\/"},"modified":"2026-05-03T00:00:31","modified_gmt":"2026-05-02T22:00:31","slug":"enrouleur-de-cable-embarque","status":"publish","type":"product","link":"https:\/\/shop.bantam.ch\/fr\/produit\/enrouleur-de-cable-embarque\/","title":{"rendered":"Enrouleur de c\u00e2ble embarqu\u00e9"},"content":{"rendered":"<p data-start=\"0\" data-end=\"354\">L\u2019enrouleur de c\u00e2ble CEE avec lampe pour le camping et les loisirs est la solution id\u00e9ale pour vos activit\u00e9s en ext\u00e9rieur. Avec une longueur de c\u00e2ble de 15 m, il offre une grande libert\u00e9 pour le raccordement d\u2019appareils \u00e9lectriques. Gr\u00e2ce \u00e0 l\u2019interrupteur de protection contre les surcharges int\u00e9gr\u00e9, vous pouvez utiliser vos appareils en toute s\u00e9curit\u00e9.\u00a0L\u2019enrouleur dispose de 3 prises avec contact de protection, permettant de brancher jusqu\u2019\u00e0 3 fiches Schuko. Il est \u00e9galement \u00e9quip\u00e9 de 2 ports USB pour recharger facilement vos appareils mobiles.\u00a0Malgr\u00e9 sa conception compacte et l\u00e9g\u00e8re, l\u2019enrouleur de c\u00e2ble CEE \/ \u00e9clairage Brunner est prot\u00e9g\u00e9 contre la poussi\u00e8re et les projections d\u2019eau. Son bo\u00eetier robuste en plastique garantit une grande r\u00e9sistance.<\/p>\n","protected":false},"excerpt":{"rendered":"<p>L\u2019enrouleur de c\u00e2ble CEE avec lampe pour le camping et les loisirs est la solution id\u00e9ale pour vos activit\u00e9s en ext\u00e9rieur. Avec une longueur de c\u00e2ble de 15 m, il offre une grande libert\u00e9 pour le raccordement d\u2019appareils \u00e9lectriques. Gr\u00e2ce \u00e0 l\u2019interrupteur de protection contre les surcharges int\u00e9gr\u00e9, vous pouvez utiliser vos appareils en toute [&hellip;]<\/p>\n","protected":false},"featured_media":237133,"template":"","meta":{"_acf_changed":false},"product_featured_cat":[],"product_brand":[3080],"product_cat":[4871],"product_tag":[],"class_list":{"0":"post-237143","1":"product","2":"type-product","3":"status-publish","4":"has-post-thumbnail","6":"product_brand-brunner","7":"product_cat-enrouleurs-de-cable","9":"first","10":"instock","11":"taxable","12":"shipping-taxable","13":"purchasable","14":"product-type-simple"},"acf":[],"yoast_head":"<!-- This site is optimized with the Yoast SEO plugin v27.5 - https:\/\/yoast.com\/product\/yoast-seo-wordpress\/ -->\n<title>Enrouleur de c\u00e2ble embarqu\u00e9 - Bantam<\/title>\n<meta name=\"robots\" content=\"index, follow, max-snippet:-1, max-image-preview:large, max-video-preview:-1\" \/>\n<link rel=\"canonical\" href=\"https:\/\/shop.bantam.ch\/fr\/produit\/enrouleur-de-cable-embarque\/\" \/>\n<meta property=\"og:locale\" content=\"fr_FR\" \/>\n<meta property=\"og:type\" content=\"article\" \/>\n<meta property=\"og:title\" content=\"Enrouleur de c\u00e2ble embarqu\u00e9 - Bantam\" \/>\n<meta property=\"og:description\" content=\"L\u2019enrouleur de c\u00e2ble CEE avec lampe pour le camping et les loisirs est la solution id\u00e9ale pour vos activit\u00e9s en ext\u00e9rieur. Avec une longueur de c\u00e2ble de 15 m, il offre une grande libert\u00e9 pour le raccordement d\u2019appareils \u00e9lectriques. Gr\u00e2ce \u00e0 l\u2019interrupteur de protection contre les surcharges int\u00e9gr\u00e9, vous pouvez utiliser vos appareils en toute [&hellip;]\" \/>\n<meta property=\"og:url\" content=\"https:\/\/shop.bantam.ch\/fr\/produit\/enrouleur-de-cable-embarque\/\" \/>\n<meta property=\"og:site_name\" content=\"Bantam\" \/>\n<meta property=\"article:modified_time\" content=\"2026-05-02T22:00:31+00:00\" \/>\n<meta property=\"og:image\" content=\"https:\/\/shop.bantam.ch\/wp-content\/uploads\/2026\/05\/Movera-L-9947769100.jpg\" \/>\n\t<meta property=\"og:image:width\" content=\"640\" \/>\n\t<meta property=\"og:image:height\" content=\"624\" \/>\n\t<meta property=\"og:image:type\" content=\"image\/jpeg\" \/>\n<meta name=\"twitter:card\" content=\"summary_large_image\" \/>\n<meta name=\"twitter:label1\" content=\"Dur\u00e9e de lecture estim\u00e9e\" \/>\n\t<meta name=\"twitter:data1\" content=\"1 minute\" \/>\n<script type=\"application\/ld+json\" class=\"yoast-schema-graph\">{\"@context\":\"https:\\\/\\\/schema.org\",\"@graph\":[{\"@type\":\"WebPage\",\"@id\":\"https:\\\/\\\/shop.bantam.ch\\\/fr\\\/produit\\\/enrouleur-de-cable-embarque\\\/\",\"url\":\"https:\\\/\\\/shop.bantam.ch\\\/fr\\\/produit\\\/enrouleur-de-cable-embarque\\\/\",\"name\":\"Enrouleur de c\u00e2ble embarqu\u00e9 - Bantam\",\"isPartOf\":{\"@id\":\"https:\\\/\\\/shop.bantam.ch\\\/fr\\\/#website\"},\"primaryImageOfPage\":{\"@id\":\"https:\\\/\\\/shop.bantam.ch\\\/fr\\\/produit\\\/enrouleur-de-cable-embarque\\\/#primaryimage\"},\"image\":{\"@id\":\"https:\\\/\\\/shop.bantam.ch\\\/fr\\\/produit\\\/enrouleur-de-cable-embarque\\\/#primaryimage\"},\"thumbnailUrl\":\"https:\\\/\\\/shop.bantam.ch\\\/wp-content\\\/uploads\\\/2026\\\/05\\\/Movera-L-9947769100.jpg\",\"datePublished\":\"2026-05-01T08:55:39+00:00\",\"dateModified\":\"2026-05-02T22:00:31+00:00\",\"breadcrumb\":{\"@id\":\"https:\\\/\\\/shop.bantam.ch\\\/fr\\\/produit\\\/enrouleur-de-cable-embarque\\\/#breadcrumb\"},\"inLanguage\":\"fr-FR\",\"potentialAction\":[{\"@type\":\"ReadAction\",\"target\":[\"https:\\\/\\\/shop.bantam.ch\\\/fr\\\/produit\\\/enrouleur-de-cable-embarque\\\/\"]}]},{\"@type\":\"ImageObject\",\"inLanguage\":\"fr-FR\",\"@id\":\"https:\\\/\\\/shop.bantam.ch\\\/fr\\\/produit\\\/enrouleur-de-cable-embarque\\\/#primaryimage\",\"url\":\"https:\\\/\\\/shop.bantam.ch\\\/wp-content\\\/uploads\\\/2026\\\/05\\\/Movera-L-9947769100.jpg\",\"contentUrl\":\"https:\\\/\\\/shop.bantam.ch\\\/wp-content\\\/uploads\\\/2026\\\/05\\\/Movera-L-9947769100.jpg\",\"width\":640,\"height\":624},{\"@type\":\"BreadcrumbList\",\"@id\":\"https:\\\/\\\/shop.bantam.ch\\\/fr\\\/produit\\\/enrouleur-de-cable-embarque\\\/#breadcrumb\",\"itemListElement\":[{\"@type\":\"ListItem\",\"position\":1,\"name\":\"Accueil\",\"item\":\"https:\\\/\\\/shop.bantam.ch\\\/fr\\\/\"},{\"@type\":\"ListItem\",\"position\":2,\"name\":\"Boutique\",\"item\":\"https:\\\/\\\/shop.bantam.ch\\\/fr\\\/boutique\\\/\"},{\"@type\":\"ListItem\",\"position\":3,\"name\":\"Enrouleur de c\u00e2ble embarqu\u00e9\"}]},{\"@type\":\"WebSite\",\"@id\":\"https:\\\/\\\/shop.bantam.ch\\\/fr\\\/#website\",\"url\":\"https:\\\/\\\/shop.bantam.ch\\\/fr\\\/\",\"name\":\"Bantam\",\"description\":\"\",\"publisher\":{\"@id\":\"https:\\\/\\\/shop.bantam.ch\\\/fr\\\/#organization\"},\"inLanguage\":\"fr-FR\"},{\"@type\":\"Organization\",\"@id\":\"https:\\\/\\\/shop.bantam.ch\\\/fr\\\/#organization\",\"name\":\"Bantam\",\"url\":\"https:\\\/\\\/shop.bantam.ch\\\/fr\\\/\",\"logo\":{\"@type\":\"ImageObject\",\"inLanguage\":\"fr-FR\",\"@id\":\"https:\\\/\\\/shop.bantam.ch\\\/fr\\\/#\\\/schema\\\/logo\\\/image\\\/\",\"url\":\"https:\\\/\\\/shop.bantam.ch\\\/wp-content\\\/uploads\\\/2022\\\/12\\\/bantam-logo.png\",\"contentUrl\":\"https:\\\/\\\/shop.bantam.ch\\\/wp-content\\\/uploads\\\/2022\\\/12\\\/bantam-logo.png\",\"width\":320,\"height\":71,\"caption\":\"Bantam\"},\"image\":{\"@id\":\"https:\\\/\\\/shop.bantam.ch\\\/fr\\\/#\\\/schema\\\/logo\\\/image\\\/\"}}]}<\/script>\n<!-- \/ Yoast SEO plugin. -->","yoast_head_json":{"title":"Enrouleur de c\u00e2ble embarqu\u00e9 - Bantam","robots":{"index":"index","follow":"follow","max-snippet":"max-snippet:-1","max-image-preview":"max-image-preview:large","max-video-preview":"max-video-preview:-1"},"canonical":"https:\/\/shop.bantam.ch\/fr\/produit\/enrouleur-de-cable-embarque\/","og_locale":"fr_FR","og_type":"article","og_title":"Enrouleur de c\u00e2ble embarqu\u00e9 - Bantam","og_description":"L\u2019enrouleur de c\u00e2ble CEE avec lampe pour le camping et les loisirs est la solution id\u00e9ale pour vos activit\u00e9s en ext\u00e9rieur. Avec une longueur de c\u00e2ble de 15 m, il offre une grande libert\u00e9 pour le raccordement d\u2019appareils \u00e9lectriques. Gr\u00e2ce \u00e0 l\u2019interrupteur de protection contre les surcharges int\u00e9gr\u00e9, vous pouvez utiliser vos appareils en toute [&hellip;]","og_url":"https:\/\/shop.bantam.ch\/fr\/produit\/enrouleur-de-cable-embarque\/","og_site_name":"Bantam","article_modified_time":"2026-05-02T22:00:31+00:00","og_image":[{"width":640,"height":624,"url":"https:\/\/shop.bantam.ch\/wp-content\/uploads\/2026\/05\/Movera-L-9947769100.jpg","type":"image\/jpeg"}],"twitter_card":"summary_large_image","twitter_misc":{"Dur\u00e9e de lecture estim\u00e9e":"1 minute"},"schema":{"@context":"https:\/\/schema.org","@graph":[{"@type":"WebPage","@id":"https:\/\/shop.bantam.ch\/fr\/produit\/enrouleur-de-cable-embarque\/","url":"https:\/\/shop.bantam.ch\/fr\/produit\/enrouleur-de-cable-embarque\/","name":"Enrouleur de c\u00e2ble embarqu\u00e9 - Bantam","isPartOf":{"@id":"https:\/\/shop.bantam.ch\/fr\/#website"},"primaryImageOfPage":{"@id":"https:\/\/shop.bantam.ch\/fr\/produit\/enrouleur-de-cable-embarque\/#primaryimage"},"image":{"@id":"https:\/\/shop.bantam.ch\/fr\/produit\/enrouleur-de-cable-embarque\/#primaryimage"},"thumbnailUrl":"https:\/\/shop.bantam.ch\/wp-content\/uploads\/2026\/05\/Movera-L-9947769100.jpg","datePublished":"2026-05-01T08:55:39+00:00","dateModified":"2026-05-02T22:00:31+00:00","breadcrumb":{"@id":"https:\/\/shop.bantam.ch\/fr\/produit\/enrouleur-de-cable-embarque\/#breadcrumb"},"inLanguage":"fr-FR","potentialAction":[{"@type":"ReadAction","target":["https:\/\/shop.bantam.ch\/fr\/produit\/enrouleur-de-cable-embarque\/"]}]},{"@type":"ImageObject","inLanguage":"fr-FR","@id":"https:\/\/shop.bantam.ch\/fr\/produit\/enrouleur-de-cable-embarque\/#primaryimage","url":"https:\/\/shop.bantam.ch\/wp-content\/uploads\/2026\/05\/Movera-L-9947769100.jpg","contentUrl":"https:\/\/shop.bantam.ch\/wp-content\/uploads\/2026\/05\/Movera-L-9947769100.jpg","width":640,"height":624},{"@type":"BreadcrumbList","@id":"https:\/\/shop.bantam.ch\/fr\/produit\/enrouleur-de-cable-embarque\/#breadcrumb","itemListElement":[{"@type":"ListItem","position":1,"name":"Accueil","item":"https:\/\/shop.bantam.ch\/fr\/"},{"@type":"ListItem","position":2,"name":"Boutique","item":"https:\/\/shop.bantam.ch\/fr\/boutique\/"},{"@type":"ListItem","position":3,"name":"Enrouleur de c\u00e2ble embarqu\u00e9"}]},{"@type":"WebSite","@id":"https:\/\/shop.bantam.ch\/fr\/#website","url":"https:\/\/shop.bantam.ch\/fr\/","name":"Bantam","description":"","publisher":{"@id":"https:\/\/shop.bantam.ch\/fr\/#organization"},"inLanguage":"fr-FR"},{"@type":"Organization","@id":"https:\/\/shop.bantam.ch\/fr\/#organization","name":"Bantam","url":"https:\/\/shop.bantam.ch\/fr\/","logo":{"@type":"ImageObject","inLanguage":"fr-FR","@id":"https:\/\/shop.bantam.ch\/fr\/#\/schema\/logo\/image\/","url":"https:\/\/shop.bantam.ch\/wp-content\/uploads\/2022\/12\/bantam-logo.png","contentUrl":"https:\/\/shop.bantam.ch\/wp-content\/uploads\/2022\/12\/bantam-logo.png","width":320,"height":71,"caption":"Bantam"},"image":{"@id":"https:\/\/shop.bantam.ch\/fr\/#\/schema\/logo\/image\/"}}]}},"_links":{"self":[{"href":"https:\/\/shop.bantam.ch\/fr\/wp-json\/wp\/v2\/product\/237143","targetHints":{"allow":["GET"]}}],"collection":[{"href":"https:\/\/shop.bantam.ch\/fr\/wp-json\/wp\/v2\/product"}],"about":[{"href":"https:\/\/shop.bantam.ch\/fr\/wp-json\/wp\/v2\/types\/product"}],"wp:featuredmedia":[{"embeddable":true,"href":"https:\/\/shop.bantam.ch\/fr\/wp-json\/wp\/v2\/media\/237133"}],"wp:attachment":[{"href":"https:\/\/shop.bantam.ch\/fr\/wp-json\/wp\/v2\/media?parent=237143"}],"wp:term":[{"taxonomy":"product_featured_cat","embeddable":true,"href":"https:\/\/shop.bantam.ch\/fr\/wp-json\/wp\/v2\/product_featured_cat?post=237143"},{"taxonomy":"product_brand","embeddable":true,"href":"https:\/\/shop.bantam.ch\/fr\/wp-json\/wp\/v2\/product_brand?post=237143"},{"taxonomy":"product_cat","embeddable":true,"href":"https:\/\/shop.bantam.ch\/fr\/wp-json\/wp\/v2\/product_cat?post=237143"},{"taxonomy":"product_tag","embeddable":true,"href":"https:\/\/shop.bantam.ch\/fr\/wp-json\/wp\/v2\/product_tag?post=237143"}],"curies":[{"name":"wp","href":"https:\/\/api.w.org\/{rel}","templated":true}]}}