{"id":237127,"date":"2026-05-01T10:51:33","date_gmt":"2026-05-01T08:51:33","guid":{"rendered":"https:\/\/shop.bantam.ch\/produit\/chaise-de-plage-siren-brunner\/"},"modified":"2026-05-04T00:02:29","modified_gmt":"2026-05-03T22:02:29","slug":"chaise-de-plage-siren-brunner","status":"publish","type":"product","link":"https:\/\/shop.bantam.ch\/fr\/produit\/chaise-de-plage-siren-brunner\/","title":{"rendered":"Chaise de plage Siren Brunner"},"content":{"rendered":"<p data-start=\"0\" data-end=\"235\">Chaise de plage en aluminium avec dossier r\u00e9glable sur 4 positions et coussin de nuque pour un confort suppl\u00e9mentaire. L\u00e9g\u00e8re et facile \u00e0 transporter. Parfaite pour se d\u00e9tendre et profiter du soleil au bord de la piscine ou \u00e0 la plage.<\/p>\n<\/p>\n<p data-start=\"237\" data-end=\"368\" data-is-last-node=\"\" data-is-only-node=\"\">\n<ul>\n<li>Le dossier peut \u00eatre enti\u00e8rement mis \u00e0 l\u2019horizontale.<\/li>\n<li>\nAvec pied de support rabattable pour le dossier.<\/li>\n<li>\nAccoudoirs confortables.<\/li>\n<\/ul>\n","protected":false},"excerpt":{"rendered":"<p>Chaise de plage en aluminium avec dossier r\u00e9glable sur 4 positions et coussin de nuque pour un confort suppl\u00e9mentaire. L\u00e9g\u00e8re et facile \u00e0 transporter. Parfaite pour se d\u00e9tendre et profiter du soleil au bord de la piscine ou \u00e0 la plage. Le dossier peut \u00eatre enti\u00e8rement mis \u00e0 l\u2019horizontale. Avec pied de support rabattable pour [&hellip;]<\/p>\n","protected":false},"featured_media":237117,"template":"","meta":{"_acf_changed":false},"product_featured_cat":[],"product_brand":[3080],"product_cat":[4971],"product_tag":[],"class_list":{"0":"post-237127","1":"product","2":"type-product","3":"status-publish","4":"has-post-thumbnail","6":"product_brand-brunner","7":"product_cat-chaises-de-camping","9":"first","10":"instock","11":"taxable","12":"shipping-taxable","13":"purchasable","14":"product-type-simple"},"acf":[],"yoast_head":"<!-- This site is optimized with the Yoast SEO plugin v27.5 - https:\/\/yoast.com\/product\/yoast-seo-wordpress\/ -->\n<title>Chaise de plage Siren Brunner - Bantam<\/title>\n<meta name=\"robots\" content=\"index, follow, max-snippet:-1, max-image-preview:large, max-video-preview:-1\" \/>\n<link rel=\"canonical\" href=\"https:\/\/shop.bantam.ch\/fr\/produit\/chaise-de-plage-siren-brunner\/\" \/>\n<meta property=\"og:locale\" content=\"fr_FR\" \/>\n<meta property=\"og:type\" content=\"article\" \/>\n<meta property=\"og:title\" content=\"Chaise de plage Siren Brunner - Bantam\" \/>\n<meta property=\"og:description\" content=\"Chaise de plage en aluminium avec dossier r\u00e9glable sur 4 positions et coussin de nuque pour un confort suppl\u00e9mentaire. L\u00e9g\u00e8re et facile \u00e0 transporter. Parfaite pour se d\u00e9tendre et profiter du soleil au bord de la piscine ou \u00e0 la plage. Le dossier peut \u00eatre enti\u00e8rement mis \u00e0 l\u2019horizontale. Avec pied de support rabattable pour [&hellip;]\" \/>\n<meta property=\"og:url\" content=\"https:\/\/shop.bantam.ch\/fr\/produit\/chaise-de-plage-siren-brunner\/\" \/>\n<meta property=\"og:site_name\" content=\"Bantam\" \/>\n<meta property=\"article:modified_time\" content=\"2026-05-03T22:02:29+00:00\" \/>\n<meta property=\"og:image\" content=\"https:\/\/shop.bantam.ch\/wp-content\/uploads\/2026\/05\/Movera-L-9947749100.jpg\" \/>\n\t<meta property=\"og:image:width\" content=\"640\" \/>\n\t<meta property=\"og:image:height\" content=\"791\" \/>\n\t<meta property=\"og:image:type\" content=\"image\/jpeg\" \/>\n<meta name=\"twitter:card\" content=\"summary_large_image\" \/>\n<script type=\"application\/ld+json\" class=\"yoast-schema-graph\">{\"@context\":\"https:\\\/\\\/schema.org\",\"@graph\":[{\"@type\":\"WebPage\",\"@id\":\"https:\\\/\\\/shop.bantam.ch\\\/fr\\\/produit\\\/chaise-de-plage-siren-brunner\\\/\",\"url\":\"https:\\\/\\\/shop.bantam.ch\\\/fr\\\/produit\\\/chaise-de-plage-siren-brunner\\\/\",\"name\":\"Chaise de plage Siren Brunner - Bantam\",\"isPartOf\":{\"@id\":\"https:\\\/\\\/shop.bantam.ch\\\/fr\\\/#website\"},\"primaryImageOfPage\":{\"@id\":\"https:\\\/\\\/shop.bantam.ch\\\/fr\\\/produit\\\/chaise-de-plage-siren-brunner\\\/#primaryimage\"},\"image\":{\"@id\":\"https:\\\/\\\/shop.bantam.ch\\\/fr\\\/produit\\\/chaise-de-plage-siren-brunner\\\/#primaryimage\"},\"thumbnailUrl\":\"https:\\\/\\\/shop.bantam.ch\\\/wp-content\\\/uploads\\\/2026\\\/05\\\/Movera-L-9947749100.jpg\",\"datePublished\":\"2026-05-01T08:51:33+00:00\",\"dateModified\":\"2026-05-03T22:02:29+00:00\",\"breadcrumb\":{\"@id\":\"https:\\\/\\\/shop.bantam.ch\\\/fr\\\/produit\\\/chaise-de-plage-siren-brunner\\\/#breadcrumb\"},\"inLanguage\":\"fr-FR\",\"potentialAction\":[{\"@type\":\"ReadAction\",\"target\":[\"https:\\\/\\\/shop.bantam.ch\\\/fr\\\/produit\\\/chaise-de-plage-siren-brunner\\\/\"]}]},{\"@type\":\"ImageObject\",\"inLanguage\":\"fr-FR\",\"@id\":\"https:\\\/\\\/shop.bantam.ch\\\/fr\\\/produit\\\/chaise-de-plage-siren-brunner\\\/#primaryimage\",\"url\":\"https:\\\/\\\/shop.bantam.ch\\\/wp-content\\\/uploads\\\/2026\\\/05\\\/Movera-L-9947749100.jpg\",\"contentUrl\":\"https:\\\/\\\/shop.bantam.ch\\\/wp-content\\\/uploads\\\/2026\\\/05\\\/Movera-L-9947749100.jpg\",\"width\":640,\"height\":791},{\"@type\":\"BreadcrumbList\",\"@id\":\"https:\\\/\\\/shop.bantam.ch\\\/fr\\\/produit\\\/chaise-de-plage-siren-brunner\\\/#breadcrumb\",\"itemListElement\":[{\"@type\":\"ListItem\",\"position\":1,\"name\":\"Accueil\",\"item\":\"https:\\\/\\\/shop.bantam.ch\\\/fr\\\/\"},{\"@type\":\"ListItem\",\"position\":2,\"name\":\"Boutique\",\"item\":\"https:\\\/\\\/shop.bantam.ch\\\/fr\\\/boutique\\\/\"},{\"@type\":\"ListItem\",\"position\":3,\"name\":\"Chaise de plage Siren Brunner\"}]},{\"@type\":\"WebSite\",\"@id\":\"https:\\\/\\\/shop.bantam.ch\\\/fr\\\/#website\",\"url\":\"https:\\\/\\\/shop.bantam.ch\\\/fr\\\/\",\"name\":\"Bantam\",\"description\":\"\",\"publisher\":{\"@id\":\"https:\\\/\\\/shop.bantam.ch\\\/fr\\\/#organization\"},\"inLanguage\":\"fr-FR\"},{\"@type\":\"Organization\",\"@id\":\"https:\\\/\\\/shop.bantam.ch\\\/fr\\\/#organization\",\"name\":\"Bantam\",\"url\":\"https:\\\/\\\/shop.bantam.ch\\\/fr\\\/\",\"logo\":{\"@type\":\"ImageObject\",\"inLanguage\":\"fr-FR\",\"@id\":\"https:\\\/\\\/shop.bantam.ch\\\/fr\\\/#\\\/schema\\\/logo\\\/image\\\/\",\"url\":\"https:\\\/\\\/shop.bantam.ch\\\/wp-content\\\/uploads\\\/2022\\\/12\\\/bantam-logo.png\",\"contentUrl\":\"https:\\\/\\\/shop.bantam.ch\\\/wp-content\\\/uploads\\\/2022\\\/12\\\/bantam-logo.png\",\"width\":320,\"height\":71,\"caption\":\"Bantam\"},\"image\":{\"@id\":\"https:\\\/\\\/shop.bantam.ch\\\/fr\\\/#\\\/schema\\\/logo\\\/image\\\/\"}}]}<\/script>\n<!-- \/ Yoast SEO plugin. -->","yoast_head_json":{"title":"Chaise de plage Siren Brunner - Bantam","robots":{"index":"index","follow":"follow","max-snippet":"max-snippet:-1","max-image-preview":"max-image-preview:large","max-video-preview":"max-video-preview:-1"},"canonical":"https:\/\/shop.bantam.ch\/fr\/produit\/chaise-de-plage-siren-brunner\/","og_locale":"fr_FR","og_type":"article","og_title":"Chaise de plage Siren Brunner - Bantam","og_description":"Chaise de plage en aluminium avec dossier r\u00e9glable sur 4 positions et coussin de nuque pour un confort suppl\u00e9mentaire. L\u00e9g\u00e8re et facile \u00e0 transporter. Parfaite pour se d\u00e9tendre et profiter du soleil au bord de la piscine ou \u00e0 la plage. Le dossier peut \u00eatre enti\u00e8rement mis \u00e0 l\u2019horizontale. Avec pied de support rabattable pour [&hellip;]","og_url":"https:\/\/shop.bantam.ch\/fr\/produit\/chaise-de-plage-siren-brunner\/","og_site_name":"Bantam","article_modified_time":"2026-05-03T22:02:29+00:00","og_image":[{"width":640,"height":791,"url":"https:\/\/shop.bantam.ch\/wp-content\/uploads\/2026\/05\/Movera-L-9947749100.jpg","type":"image\/jpeg"}],"twitter_card":"summary_large_image","schema":{"@context":"https:\/\/schema.org","@graph":[{"@type":"WebPage","@id":"https:\/\/shop.bantam.ch\/fr\/produit\/chaise-de-plage-siren-brunner\/","url":"https:\/\/shop.bantam.ch\/fr\/produit\/chaise-de-plage-siren-brunner\/","name":"Chaise de plage Siren Brunner - Bantam","isPartOf":{"@id":"https:\/\/shop.bantam.ch\/fr\/#website"},"primaryImageOfPage":{"@id":"https:\/\/shop.bantam.ch\/fr\/produit\/chaise-de-plage-siren-brunner\/#primaryimage"},"image":{"@id":"https:\/\/shop.bantam.ch\/fr\/produit\/chaise-de-plage-siren-brunner\/#primaryimage"},"thumbnailUrl":"https:\/\/shop.bantam.ch\/wp-content\/uploads\/2026\/05\/Movera-L-9947749100.jpg","datePublished":"2026-05-01T08:51:33+00:00","dateModified":"2026-05-03T22:02:29+00:00","breadcrumb":{"@id":"https:\/\/shop.bantam.ch\/fr\/produit\/chaise-de-plage-siren-brunner\/#breadcrumb"},"inLanguage":"fr-FR","potentialAction":[{"@type":"ReadAction","target":["https:\/\/shop.bantam.ch\/fr\/produit\/chaise-de-plage-siren-brunner\/"]}]},{"@type":"ImageObject","inLanguage":"fr-FR","@id":"https:\/\/shop.bantam.ch\/fr\/produit\/chaise-de-plage-siren-brunner\/#primaryimage","url":"https:\/\/shop.bantam.ch\/wp-content\/uploads\/2026\/05\/Movera-L-9947749100.jpg","contentUrl":"https:\/\/shop.bantam.ch\/wp-content\/uploads\/2026\/05\/Movera-L-9947749100.jpg","width":640,"height":791},{"@type":"BreadcrumbList","@id":"https:\/\/shop.bantam.ch\/fr\/produit\/chaise-de-plage-siren-brunner\/#breadcrumb","itemListElement":[{"@type":"ListItem","position":1,"name":"Accueil","item":"https:\/\/shop.bantam.ch\/fr\/"},{"@type":"ListItem","position":2,"name":"Boutique","item":"https:\/\/shop.bantam.ch\/fr\/boutique\/"},{"@type":"ListItem","position":3,"name":"Chaise de plage Siren Brunner"}]},{"@type":"WebSite","@id":"https:\/\/shop.bantam.ch\/fr\/#website","url":"https:\/\/shop.bantam.ch\/fr\/","name":"Bantam","description":"","publisher":{"@id":"https:\/\/shop.bantam.ch\/fr\/#organization"},"inLanguage":"fr-FR"},{"@type":"Organization","@id":"https:\/\/shop.bantam.ch\/fr\/#organization","name":"Bantam","url":"https:\/\/shop.bantam.ch\/fr\/","logo":{"@type":"ImageObject","inLanguage":"fr-FR","@id":"https:\/\/shop.bantam.ch\/fr\/#\/schema\/logo\/image\/","url":"https:\/\/shop.bantam.ch\/wp-content\/uploads\/2022\/12\/bantam-logo.png","contentUrl":"https:\/\/shop.bantam.ch\/wp-content\/uploads\/2022\/12\/bantam-logo.png","width":320,"height":71,"caption":"Bantam"},"image":{"@id":"https:\/\/shop.bantam.ch\/fr\/#\/schema\/logo\/image\/"}}]}},"_links":{"self":[{"href":"https:\/\/shop.bantam.ch\/fr\/wp-json\/wp\/v2\/product\/237127","targetHints":{"allow":["GET"]}}],"collection":[{"href":"https:\/\/shop.bantam.ch\/fr\/wp-json\/wp\/v2\/product"}],"about":[{"href":"https:\/\/shop.bantam.ch\/fr\/wp-json\/wp\/v2\/types\/product"}],"wp:featuredmedia":[{"embeddable":true,"href":"https:\/\/shop.bantam.ch\/fr\/wp-json\/wp\/v2\/media\/237117"}],"wp:attachment":[{"href":"https:\/\/shop.bantam.ch\/fr\/wp-json\/wp\/v2\/media?parent=237127"}],"wp:term":[{"taxonomy":"product_featured_cat","embeddable":true,"href":"https:\/\/shop.bantam.ch\/fr\/wp-json\/wp\/v2\/product_featured_cat?post=237127"},{"taxonomy":"product_brand","embeddable":true,"href":"https:\/\/shop.bantam.ch\/fr\/wp-json\/wp\/v2\/product_brand?post=237127"},{"taxonomy":"product_cat","embeddable":true,"href":"https:\/\/shop.bantam.ch\/fr\/wp-json\/wp\/v2\/product_cat?post=237127"},{"taxonomy":"product_tag","embeddable":true,"href":"https:\/\/shop.bantam.ch\/fr\/wp-json\/wp\/v2\/product_tag?post=237127"}],"curies":[{"name":"wp","href":"https:\/\/api.w.org\/{rel}","templated":true}]}}