{"id":237097,"date":"2026-05-01T10:46:06","date_gmt":"2026-05-01T08:46:06","guid":{"rendered":"https:\/\/shop.bantam.ch\/produit\/emphaser-em-ftf2-compo-jeu-de-haut-parleurs-pour-fiat-ducato-et-equivalents-apres-06-2006\/"},"modified":"2026-05-03T00:00:23","modified_gmt":"2026-05-02T22:00:23","slug":"emphaser-em-ftf2-compo-jeu-de-haut-parleurs-pour-fiat-ducato-et-equivalents-apres-06-2006","status":"publish","type":"product","link":"https:\/\/shop.bantam.ch\/fr\/produit\/emphaser-em-ftf2-compo-jeu-de-haut-parleurs-pour-fiat-ducato-et-equivalents-apres-06-2006\/","title":{"rendered":"Emphaser EM-FTF2 Compo Jeu de haut-parleurs pour Fiat Ducato et equivalents apr\u00e8s 06\/2006"},"content":{"rendered":"<p>EMPHASER EM-FTF2 : Kit de montage de haut-parleurs, compatible avec Fiat Ducato, y compris la nouvelle s\u00e9rie 9, Citro\u00ebn Jumper et Peugeot Boxer, syst\u00e8me de composants facile \u00e0 installer pour les portes avant. Pour tous ceux qui souhaitent am\u00e9liorer le son de leur Fiat Ducato III, Ducato s\u00e9rie 8, Opel Movano C, Peugeot Boxer II ou Citro\u00ebn Jumper II sans modifier le v\u00e9hicule, il existe le syst\u00e8me de haut-parleurs EM-FTF2 de EMPHASER. Il est parfaitement adapt\u00e9 \u00e0 l&rsquo;acoustique de ces v\u00e9hicules et peut \u00eatre \u00e9chang\u00e9 contre le syst\u00e8me d&rsquo;usine d&rsquo;origine sans grands travaux d&rsquo;installation. Tous les composants s&rsquo;ins\u00e8rent parfaitement dans les supports de haut-parleurs respectifs et se branchent simplement sur les prises d&rsquo;origine. L&rsquo;\u00e9l\u00e9ment central du kit de haut-parleurs est constitu\u00e9 par les woofers avec une suspension Cambridge et une membrane en aluminium &#8211; la conductivit\u00e9 acoustique \u00e9lev\u00e9e et la stabilit\u00e9 de ce mat\u00e9riau constituent la base d&rsquo;une reproduction musicale pr\u00e9cise et d&rsquo;une excellente dynamique. L&rsquo;\u00e9paisseur du mat\u00e9riau de la membrane est choisie de mani\u00e8re \u00e0 offrir la stabilit\u00e9 n\u00e9cessaire pour des attaques de basses impressionnantes, mais aussi la l\u00e9g\u00e8ret\u00e9 n\u00e9cessaire pour des m\u00e9diums pr\u00e9cis. Gr\u00e2ce au grand entra\u00eenement magn\u00e9tique avec capuchon en cuivre de Faraday et au faible poids total de l&rsquo;unit\u00e9 vibrante, l&rsquo;EMPHASER Compo obtient un rendement \u00e9lev\u00e9 et atteint ainsi ses performances convaincantes &#8211; m\u00eame si l&rsquo;EM-FTF2 n&rsquo;est utilis\u00e9 qu&rsquo;avec une radio \u00ab\u00a0\u00a0\u00bbnormale\u00a0\u00bb\u00a0\u00bb. radio est utilis\u00e9e. Les tweeters ont un d\u00f4me en tissu de 20 mm et en plus un volume de couplage pour une fr\u00e9quence de r\u00e9sonance basse et donc une plage de reproduction \u00e9largie. Ils convainquent par leur brillance et leur restitution spatiale. Les tweeters s&rsquo;int\u00e8grent parfaitement aux logements du syst\u00e8me d&rsquo;occultation avant Remi &#8211; il suffit de les encliqueter dans les supports d&rsquo;origine et le tour est jou\u00e9. Les filtres de fr\u00e9quence \u00e9labor\u00e9s sont en outre \u00e9quip\u00e9s d&rsquo;un circuit oscillant LCR afin d&rsquo;adapter parfaitement le son \u00e0 l&rsquo;acoustique de la cabine du conducteur. Le r\u00e9sultat est une courbe de fr\u00e9quence harmonieuse jusque dans les basses ; un subwoofer s\u00e9par\u00e9 n&rsquo;est plus absolument n\u00e9cessaire pour le plaisir audiophile de la musique Hi-Fi. Les aiguillages sont directement sur le haut-parleur de graves ou comme aiguillage de c\u00e2ble sur le haut-parleur d&rsquo;aigus, ce qui permet une installation simple &#8211; plug &amp; play avec le connecteur d&rsquo;origine.<\/p>\n<p>Caract\u00e9ristiques principales :<\/p>\n<ul>\n<li>Syst\u00e8me compact 2 voies plug &amp; play pour Fiat Ducato III, Fiat Ducato s\u00e9rie 8, Fiat Ducato s\u00e9rie 9, Peugeot Boxer II ou Citro\u00ebn Jumper II.<\/li>\n<li>Raccords sp\u00e9cifiques au v\u00e9hicule<\/li>\n<li>Filtre de fr\u00e9quence 12 dB\/12 dB\/oct. @ 3400 Hz, \u00e9quip\u00e9 de composants de haute qualit\u00e9<\/li>\n<li>membrane en aluminium pour le woofer, suspension Cambridge, bobine mobile de 25 mm, capuchon en cuivre Faraday pour un champ magn\u00e9tique stable<\/li>\n<li>Tweeter de 20 mm avec d\u00f4me en tissu et volume de couplage.<\/li>\n<\/ul>\n<p>Donn\u00e9es techniques :<\/p>\n<ul>\n<li>Puissance nominale : 50 W RMS<\/li>\n<li>R\u00e9ponse en fr\u00e9quence : 70 Hz &#8211; 22 kHz<\/li>\n<li>Imp\u00e9dance : 4 ohms<\/li>\n<li>Sensibilit\u00e9 : 90 dB<\/li>\n<\/ul>\n<p>Contenu de la livraison : Inclus 2 x woofers, 2 x tweeters et 2 x filtres.<\/p>\n<p>Remarque : l&rsquo;isolation de la porte dans la zone derri\u00e8re le haut-parleur avec ESP-DM2 est fortement recommand\u00e9e.<\/p>\n","protected":false},"excerpt":{"rendered":"<p>EMPHASER EM-FTF2 : Kit de montage de haut-parleurs, compatible avec Fiat Ducato, y compris la nouvelle s\u00e9rie 9, Citro\u00ebn Jumper et Peugeot Boxer, syst\u00e8me de composants facile \u00e0 installer pour les portes avant. Pour tous ceux qui souhaitent am\u00e9liorer le son de leur Fiat Ducato III, Ducato s\u00e9rie 8, Opel Movano C, Peugeot Boxer II [&hellip;]<\/p>\n","protected":false},"featured_media":237095,"template":"","meta":{"_acf_changed":false},"product_featured_cat":[],"product_brand":[5391],"product_cat":[4499],"product_tag":[],"class_list":{"0":"post-237097","1":"product","2":"type-product","3":"status-publish","4":"has-post-thumbnail","6":"product_brand-emphaser","7":"product_cat-haut-parleurs","9":"first","10":"instock","11":"taxable","12":"shipping-taxable","13":"purchasable","14":"product-type-simple"},"acf":[],"yoast_head":"<!-- This site is optimized with the Yoast SEO plugin v27.5 - https:\/\/yoast.com\/product\/yoast-seo-wordpress\/ -->\n<title>Emphaser EM-FTF2 Compo Jeu de haut-parleurs pour Fiat Ducato et equivalents apr\u00e8s 06\/2006 - Bantam<\/title>\n<meta name=\"robots\" content=\"index, follow, max-snippet:-1, max-image-preview:large, max-video-preview:-1\" \/>\n<link rel=\"canonical\" href=\"https:\/\/shop.bantam.ch\/fr\/produit\/emphaser-em-ftf2-compo-jeu-de-haut-parleurs-pour-fiat-ducato-et-equivalents-apres-06-2006\/\" \/>\n<meta property=\"og:locale\" content=\"fr_FR\" \/>\n<meta property=\"og:type\" content=\"article\" \/>\n<meta property=\"og:title\" content=\"Emphaser EM-FTF2 Compo Jeu de haut-parleurs pour Fiat Ducato et equivalents apr\u00e8s 06\/2006 - Bantam\" \/>\n<meta property=\"og:description\" content=\"EMPHASER EM-FTF2 : Kit de montage de haut-parleurs, compatible avec Fiat Ducato, y compris la nouvelle s\u00e9rie 9, Citro\u00ebn Jumper et Peugeot Boxer, syst\u00e8me de composants facile \u00e0 installer pour les portes avant. Pour tous ceux qui souhaitent am\u00e9liorer le son de leur Fiat Ducato III, Ducato s\u00e9rie 8, Opel Movano C, Peugeot Boxer II [&hellip;]\" \/>\n<meta property=\"og:url\" content=\"https:\/\/shop.bantam.ch\/fr\/produit\/emphaser-em-ftf2-compo-jeu-de-haut-parleurs-pour-fiat-ducato-et-equivalents-apres-06-2006\/\" \/>\n<meta property=\"og:site_name\" content=\"Bantam\" \/>\n<meta property=\"article:modified_time\" content=\"2026-05-02T22:00:23+00:00\" \/>\n<meta property=\"og:image\" content=\"https:\/\/shop.bantam.ch\/wp-content\/uploads\/2026\/05\/Movera-L-9947738100.png\" \/>\n\t<meta property=\"og:image:width\" content=\"640\" \/>\n\t<meta property=\"og:image:height\" content=\"554\" \/>\n\t<meta property=\"og:image:type\" content=\"image\/png\" \/>\n<meta name=\"twitter:card\" content=\"summary_large_image\" \/>\n<meta name=\"twitter:label1\" content=\"Dur\u00e9e de lecture estim\u00e9e\" \/>\n\t<meta name=\"twitter:data1\" content=\"3 minutes\" \/>\n<script type=\"application\/ld+json\" class=\"yoast-schema-graph\">{\"@context\":\"https:\\\/\\\/schema.org\",\"@graph\":[{\"@type\":\"WebPage\",\"@id\":\"https:\\\/\\\/shop.bantam.ch\\\/fr\\\/produit\\\/emphaser-em-ftf2-compo-jeu-de-haut-parleurs-pour-fiat-ducato-et-equivalents-apres-06-2006\\\/\",\"url\":\"https:\\\/\\\/shop.bantam.ch\\\/fr\\\/produit\\\/emphaser-em-ftf2-compo-jeu-de-haut-parleurs-pour-fiat-ducato-et-equivalents-apres-06-2006\\\/\",\"name\":\"Emphaser EM-FTF2 Compo Jeu de haut-parleurs pour Fiat Ducato et equivalents apr\u00e8s 06\\\/2006 - Bantam\",\"isPartOf\":{\"@id\":\"https:\\\/\\\/shop.bantam.ch\\\/fr\\\/#website\"},\"primaryImageOfPage\":{\"@id\":\"https:\\\/\\\/shop.bantam.ch\\\/fr\\\/produit\\\/emphaser-em-ftf2-compo-jeu-de-haut-parleurs-pour-fiat-ducato-et-equivalents-apres-06-2006\\\/#primaryimage\"},\"image\":{\"@id\":\"https:\\\/\\\/shop.bantam.ch\\\/fr\\\/produit\\\/emphaser-em-ftf2-compo-jeu-de-haut-parleurs-pour-fiat-ducato-et-equivalents-apres-06-2006\\\/#primaryimage\"},\"thumbnailUrl\":\"https:\\\/\\\/shop.bantam.ch\\\/wp-content\\\/uploads\\\/2026\\\/05\\\/Movera-L-9947738100.png\",\"datePublished\":\"2026-05-01T08:46:06+00:00\",\"dateModified\":\"2026-05-02T22:00:23+00:00\",\"breadcrumb\":{\"@id\":\"https:\\\/\\\/shop.bantam.ch\\\/fr\\\/produit\\\/emphaser-em-ftf2-compo-jeu-de-haut-parleurs-pour-fiat-ducato-et-equivalents-apres-06-2006\\\/#breadcrumb\"},\"inLanguage\":\"fr-FR\",\"potentialAction\":[{\"@type\":\"ReadAction\",\"target\":[\"https:\\\/\\\/shop.bantam.ch\\\/fr\\\/produit\\\/emphaser-em-ftf2-compo-jeu-de-haut-parleurs-pour-fiat-ducato-et-equivalents-apres-06-2006\\\/\"]}]},{\"@type\":\"ImageObject\",\"inLanguage\":\"fr-FR\",\"@id\":\"https:\\\/\\\/shop.bantam.ch\\\/fr\\\/produit\\\/emphaser-em-ftf2-compo-jeu-de-haut-parleurs-pour-fiat-ducato-et-equivalents-apres-06-2006\\\/#primaryimage\",\"url\":\"https:\\\/\\\/shop.bantam.ch\\\/wp-content\\\/uploads\\\/2026\\\/05\\\/Movera-L-9947738100.png\",\"contentUrl\":\"https:\\\/\\\/shop.bantam.ch\\\/wp-content\\\/uploads\\\/2026\\\/05\\\/Movera-L-9947738100.png\",\"width\":640,\"height\":554},{\"@type\":\"BreadcrumbList\",\"@id\":\"https:\\\/\\\/shop.bantam.ch\\\/fr\\\/produit\\\/emphaser-em-ftf2-compo-jeu-de-haut-parleurs-pour-fiat-ducato-et-equivalents-apres-06-2006\\\/#breadcrumb\",\"itemListElement\":[{\"@type\":\"ListItem\",\"position\":1,\"name\":\"Accueil\",\"item\":\"https:\\\/\\\/shop.bantam.ch\\\/fr\\\/\"},{\"@type\":\"ListItem\",\"position\":2,\"name\":\"Boutique\",\"item\":\"https:\\\/\\\/shop.bantam.ch\\\/fr\\\/boutique\\\/\"},{\"@type\":\"ListItem\",\"position\":3,\"name\":\"Emphaser EM-FTF2 Compo Jeu de haut-parleurs pour Fiat Ducato et equivalents apr\u00e8s 06\\\/2006\"}]},{\"@type\":\"WebSite\",\"@id\":\"https:\\\/\\\/shop.bantam.ch\\\/fr\\\/#website\",\"url\":\"https:\\\/\\\/shop.bantam.ch\\\/fr\\\/\",\"name\":\"Bantam\",\"description\":\"\",\"publisher\":{\"@id\":\"https:\\\/\\\/shop.bantam.ch\\\/fr\\\/#organization\"},\"inLanguage\":\"fr-FR\"},{\"@type\":\"Organization\",\"@id\":\"https:\\\/\\\/shop.bantam.ch\\\/fr\\\/#organization\",\"name\":\"Bantam\",\"url\":\"https:\\\/\\\/shop.bantam.ch\\\/fr\\\/\",\"logo\":{\"@type\":\"ImageObject\",\"inLanguage\":\"fr-FR\",\"@id\":\"https:\\\/\\\/shop.bantam.ch\\\/fr\\\/#\\\/schema\\\/logo\\\/image\\\/\",\"url\":\"https:\\\/\\\/shop.bantam.ch\\\/wp-content\\\/uploads\\\/2022\\\/12\\\/bantam-logo.png\",\"contentUrl\":\"https:\\\/\\\/shop.bantam.ch\\\/wp-content\\\/uploads\\\/2022\\\/12\\\/bantam-logo.png\",\"width\":320,\"height\":71,\"caption\":\"Bantam\"},\"image\":{\"@id\":\"https:\\\/\\\/shop.bantam.ch\\\/fr\\\/#\\\/schema\\\/logo\\\/image\\\/\"}}]}<\/script>\n<!-- \/ Yoast SEO plugin. -->","yoast_head_json":{"title":"Emphaser EM-FTF2 Compo Jeu de haut-parleurs pour Fiat Ducato et equivalents apr\u00e8s 06\/2006 - Bantam","robots":{"index":"index","follow":"follow","max-snippet":"max-snippet:-1","max-image-preview":"max-image-preview:large","max-video-preview":"max-video-preview:-1"},"canonical":"https:\/\/shop.bantam.ch\/fr\/produit\/emphaser-em-ftf2-compo-jeu-de-haut-parleurs-pour-fiat-ducato-et-equivalents-apres-06-2006\/","og_locale":"fr_FR","og_type":"article","og_title":"Emphaser EM-FTF2 Compo Jeu de haut-parleurs pour Fiat Ducato et equivalents apr\u00e8s 06\/2006 - Bantam","og_description":"EMPHASER EM-FTF2 : Kit de montage de haut-parleurs, compatible avec Fiat Ducato, y compris la nouvelle s\u00e9rie 9, Citro\u00ebn Jumper et Peugeot Boxer, syst\u00e8me de composants facile \u00e0 installer pour les portes avant. Pour tous ceux qui souhaitent am\u00e9liorer le son de leur Fiat Ducato III, Ducato s\u00e9rie 8, Opel Movano C, Peugeot Boxer II [&hellip;]","og_url":"https:\/\/shop.bantam.ch\/fr\/produit\/emphaser-em-ftf2-compo-jeu-de-haut-parleurs-pour-fiat-ducato-et-equivalents-apres-06-2006\/","og_site_name":"Bantam","article_modified_time":"2026-05-02T22:00:23+00:00","og_image":[{"width":640,"height":554,"url":"https:\/\/shop.bantam.ch\/wp-content\/uploads\/2026\/05\/Movera-L-9947738100.png","type":"image\/png"}],"twitter_card":"summary_large_image","twitter_misc":{"Dur\u00e9e de lecture estim\u00e9e":"3 minutes"},"schema":{"@context":"https:\/\/schema.org","@graph":[{"@type":"WebPage","@id":"https:\/\/shop.bantam.ch\/fr\/produit\/emphaser-em-ftf2-compo-jeu-de-haut-parleurs-pour-fiat-ducato-et-equivalents-apres-06-2006\/","url":"https:\/\/shop.bantam.ch\/fr\/produit\/emphaser-em-ftf2-compo-jeu-de-haut-parleurs-pour-fiat-ducato-et-equivalents-apres-06-2006\/","name":"Emphaser EM-FTF2 Compo Jeu de haut-parleurs pour Fiat Ducato et equivalents apr\u00e8s 06\/2006 - Bantam","isPartOf":{"@id":"https:\/\/shop.bantam.ch\/fr\/#website"},"primaryImageOfPage":{"@id":"https:\/\/shop.bantam.ch\/fr\/produit\/emphaser-em-ftf2-compo-jeu-de-haut-parleurs-pour-fiat-ducato-et-equivalents-apres-06-2006\/#primaryimage"},"image":{"@id":"https:\/\/shop.bantam.ch\/fr\/produit\/emphaser-em-ftf2-compo-jeu-de-haut-parleurs-pour-fiat-ducato-et-equivalents-apres-06-2006\/#primaryimage"},"thumbnailUrl":"https:\/\/shop.bantam.ch\/wp-content\/uploads\/2026\/05\/Movera-L-9947738100.png","datePublished":"2026-05-01T08:46:06+00:00","dateModified":"2026-05-02T22:00:23+00:00","breadcrumb":{"@id":"https:\/\/shop.bantam.ch\/fr\/produit\/emphaser-em-ftf2-compo-jeu-de-haut-parleurs-pour-fiat-ducato-et-equivalents-apres-06-2006\/#breadcrumb"},"inLanguage":"fr-FR","potentialAction":[{"@type":"ReadAction","target":["https:\/\/shop.bantam.ch\/fr\/produit\/emphaser-em-ftf2-compo-jeu-de-haut-parleurs-pour-fiat-ducato-et-equivalents-apres-06-2006\/"]}]},{"@type":"ImageObject","inLanguage":"fr-FR","@id":"https:\/\/shop.bantam.ch\/fr\/produit\/emphaser-em-ftf2-compo-jeu-de-haut-parleurs-pour-fiat-ducato-et-equivalents-apres-06-2006\/#primaryimage","url":"https:\/\/shop.bantam.ch\/wp-content\/uploads\/2026\/05\/Movera-L-9947738100.png","contentUrl":"https:\/\/shop.bantam.ch\/wp-content\/uploads\/2026\/05\/Movera-L-9947738100.png","width":640,"height":554},{"@type":"BreadcrumbList","@id":"https:\/\/shop.bantam.ch\/fr\/produit\/emphaser-em-ftf2-compo-jeu-de-haut-parleurs-pour-fiat-ducato-et-equivalents-apres-06-2006\/#breadcrumb","itemListElement":[{"@type":"ListItem","position":1,"name":"Accueil","item":"https:\/\/shop.bantam.ch\/fr\/"},{"@type":"ListItem","position":2,"name":"Boutique","item":"https:\/\/shop.bantam.ch\/fr\/boutique\/"},{"@type":"ListItem","position":3,"name":"Emphaser EM-FTF2 Compo Jeu de haut-parleurs pour Fiat Ducato et equivalents apr\u00e8s 06\/2006"}]},{"@type":"WebSite","@id":"https:\/\/shop.bantam.ch\/fr\/#website","url":"https:\/\/shop.bantam.ch\/fr\/","name":"Bantam","description":"","publisher":{"@id":"https:\/\/shop.bantam.ch\/fr\/#organization"},"inLanguage":"fr-FR"},{"@type":"Organization","@id":"https:\/\/shop.bantam.ch\/fr\/#organization","name":"Bantam","url":"https:\/\/shop.bantam.ch\/fr\/","logo":{"@type":"ImageObject","inLanguage":"fr-FR","@id":"https:\/\/shop.bantam.ch\/fr\/#\/schema\/logo\/image\/","url":"https:\/\/shop.bantam.ch\/wp-content\/uploads\/2022\/12\/bantam-logo.png","contentUrl":"https:\/\/shop.bantam.ch\/wp-content\/uploads\/2022\/12\/bantam-logo.png","width":320,"height":71,"caption":"Bantam"},"image":{"@id":"https:\/\/shop.bantam.ch\/fr\/#\/schema\/logo\/image\/"}}]}},"_links":{"self":[{"href":"https:\/\/shop.bantam.ch\/fr\/wp-json\/wp\/v2\/product\/237097","targetHints":{"allow":["GET"]}}],"collection":[{"href":"https:\/\/shop.bantam.ch\/fr\/wp-json\/wp\/v2\/product"}],"about":[{"href":"https:\/\/shop.bantam.ch\/fr\/wp-json\/wp\/v2\/types\/product"}],"wp:featuredmedia":[{"embeddable":true,"href":"https:\/\/shop.bantam.ch\/fr\/wp-json\/wp\/v2\/media\/237095"}],"wp:attachment":[{"href":"https:\/\/shop.bantam.ch\/fr\/wp-json\/wp\/v2\/media?parent=237097"}],"wp:term":[{"taxonomy":"product_featured_cat","embeddable":true,"href":"https:\/\/shop.bantam.ch\/fr\/wp-json\/wp\/v2\/product_featured_cat?post=237097"},{"taxonomy":"product_brand","embeddable":true,"href":"https:\/\/shop.bantam.ch\/fr\/wp-json\/wp\/v2\/product_brand?post=237097"},{"taxonomy":"product_cat","embeddable":true,"href":"https:\/\/shop.bantam.ch\/fr\/wp-json\/wp\/v2\/product_cat?post=237097"},{"taxonomy":"product_tag","embeddable":true,"href":"https:\/\/shop.bantam.ch\/fr\/wp-json\/wp\/v2\/product_tag?post=237097"}],"curies":[{"name":"wp","href":"https:\/\/api.w.org\/{rel}","templated":true}]}}