{"id":237023,"date":"2026-04-30T16:58:02","date_gmt":"2026-04-30T14:58:02","guid":{"rendered":"https:\/\/shop.bantam.ch\/produit\/sikaflex-252-sika-600-ml-couleur-gris-clair\/"},"modified":"2026-05-02T00:00:42","modified_gmt":"2026-05-01T22:00:42","slug":"sikaflex-252-sika-600-ml-couleur-gris-clair","status":"publish","type":"product","link":"https:\/\/shop.bantam.ch\/fr\/produit\/sikaflex-252-sika-600-ml-couleur-gris-clair\/","title":{"rendered":"Sikaflex 252 Sika 600 ml Couleur gris clair"},"content":{"rendered":"<p data-start=\"0\" data-end=\"173\">Sikaflex-252 est un adh\u00e9sif de construction \u00e9lastique, monocomposant et r\u00e9sistant \u00e0 l\u2019affaissement, \u00e0 base de polyur\u00e9thane, qui durcit sous l\u2019effet de l\u2019humidit\u00e9 de l\u2019air.\u00a0Il a \u00e9t\u00e9 sp\u00e9cialement d\u00e9velopp\u00e9 pour des collages structurels soumis \u00e0 des contraintes dynamiques dans les secteurs de l\u2019automobile, des caravanes, de la construction nautique ainsi que dans l\u2019industrie.<\/p>\n","protected":false},"excerpt":{"rendered":"<p>Sikaflex-252 est un adh\u00e9sif de construction \u00e9lastique, monocomposant et r\u00e9sistant \u00e0 l\u2019affaissement, \u00e0 base de polyur\u00e9thane, qui durcit sous l\u2019effet de l\u2019humidit\u00e9 de l\u2019air.\u00a0Il a \u00e9t\u00e9 sp\u00e9cialement d\u00e9velopp\u00e9 pour des collages structurels soumis \u00e0 des contraintes dynamiques dans les secteurs de l\u2019automobile, des caravanes, de la construction nautique ainsi que dans l\u2019industrie.<\/p>\n","protected":false},"featured_media":237021,"template":"","meta":{"_acf_changed":false},"product_featured_cat":[],"product_brand":[3176],"product_cat":[4149],"product_tag":[],"class_list":{"0":"post-237023","1":"product","2":"type-product","3":"status-publish","4":"has-post-thumbnail","6":"product_brand-sika","7":"product_cat-collage-et-etancheite","9":"first","10":"instock","11":"taxable","12":"shipping-taxable","13":"purchasable","14":"product-type-simple"},"acf":[],"yoast_head":"<!-- This site is optimized with the Yoast SEO plugin v27.5 - https:\/\/yoast.com\/product\/yoast-seo-wordpress\/ -->\n<title>Sikaflex 252 Sika 600 ml Couleur gris clair - Bantam<\/title>\n<meta name=\"robots\" content=\"index, follow, max-snippet:-1, max-image-preview:large, max-video-preview:-1\" \/>\n<link rel=\"canonical\" href=\"https:\/\/shop.bantam.ch\/fr\/produit\/sikaflex-252-sika-600-ml-couleur-gris-clair\/\" \/>\n<meta property=\"og:locale\" content=\"fr_FR\" \/>\n<meta property=\"og:type\" content=\"article\" \/>\n<meta property=\"og:title\" content=\"Sikaflex 252 Sika 600 ml Couleur gris clair - Bantam\" \/>\n<meta property=\"og:description\" content=\"Sikaflex-252 est un adh\u00e9sif de construction \u00e9lastique, monocomposant et r\u00e9sistant \u00e0 l\u2019affaissement, \u00e0 base de polyur\u00e9thane, qui durcit sous l\u2019effet de l\u2019humidit\u00e9 de l\u2019air.\u00a0Il a \u00e9t\u00e9 sp\u00e9cialement d\u00e9velopp\u00e9 pour des collages structurels soumis \u00e0 des contraintes dynamiques dans les secteurs de l\u2019automobile, des caravanes, de la construction nautique ainsi que dans l\u2019industrie.\" \/>\n<meta property=\"og:url\" content=\"https:\/\/shop.bantam.ch\/fr\/produit\/sikaflex-252-sika-600-ml-couleur-gris-clair\/\" \/>\n<meta property=\"og:site_name\" content=\"Bantam\" \/>\n<meta property=\"article:modified_time\" content=\"2026-05-01T22:00:42+00:00\" \/>\n<meta property=\"og:image\" content=\"https:\/\/shop.bantam.ch\/wp-content\/uploads\/2026\/04\/Movera-L-9947618100.png\" \/>\n\t<meta property=\"og:image:width\" content=\"319\" \/>\n\t<meta property=\"og:image:height\" content=\"213\" \/>\n\t<meta property=\"og:image:type\" content=\"image\/png\" \/>\n<meta name=\"twitter:card\" content=\"summary_large_image\" \/>\n<script type=\"application\/ld+json\" class=\"yoast-schema-graph\">{\"@context\":\"https:\\\/\\\/schema.org\",\"@graph\":[{\"@type\":\"WebPage\",\"@id\":\"https:\\\/\\\/shop.bantam.ch\\\/fr\\\/produit\\\/sikaflex-252-sika-600-ml-couleur-gris-clair\\\/\",\"url\":\"https:\\\/\\\/shop.bantam.ch\\\/fr\\\/produit\\\/sikaflex-252-sika-600-ml-couleur-gris-clair\\\/\",\"name\":\"Sikaflex 252 Sika 600 ml Couleur gris clair - Bantam\",\"isPartOf\":{\"@id\":\"https:\\\/\\\/shop.bantam.ch\\\/fr\\\/#website\"},\"primaryImageOfPage\":{\"@id\":\"https:\\\/\\\/shop.bantam.ch\\\/fr\\\/produit\\\/sikaflex-252-sika-600-ml-couleur-gris-clair\\\/#primaryimage\"},\"image\":{\"@id\":\"https:\\\/\\\/shop.bantam.ch\\\/fr\\\/produit\\\/sikaflex-252-sika-600-ml-couleur-gris-clair\\\/#primaryimage\"},\"thumbnailUrl\":\"https:\\\/\\\/shop.bantam.ch\\\/wp-content\\\/uploads\\\/2026\\\/04\\\/Movera-L-9947618100.png\",\"datePublished\":\"2026-04-30T14:58:02+00:00\",\"dateModified\":\"2026-05-01T22:00:42+00:00\",\"breadcrumb\":{\"@id\":\"https:\\\/\\\/shop.bantam.ch\\\/fr\\\/produit\\\/sikaflex-252-sika-600-ml-couleur-gris-clair\\\/#breadcrumb\"},\"inLanguage\":\"fr-FR\",\"potentialAction\":[{\"@type\":\"ReadAction\",\"target\":[\"https:\\\/\\\/shop.bantam.ch\\\/fr\\\/produit\\\/sikaflex-252-sika-600-ml-couleur-gris-clair\\\/\"]}]},{\"@type\":\"ImageObject\",\"inLanguage\":\"fr-FR\",\"@id\":\"https:\\\/\\\/shop.bantam.ch\\\/fr\\\/produit\\\/sikaflex-252-sika-600-ml-couleur-gris-clair\\\/#primaryimage\",\"url\":\"https:\\\/\\\/shop.bantam.ch\\\/wp-content\\\/uploads\\\/2026\\\/04\\\/Movera-L-9947618100.png\",\"contentUrl\":\"https:\\\/\\\/shop.bantam.ch\\\/wp-content\\\/uploads\\\/2026\\\/04\\\/Movera-L-9947618100.png\",\"width\":319,\"height\":213},{\"@type\":\"BreadcrumbList\",\"@id\":\"https:\\\/\\\/shop.bantam.ch\\\/fr\\\/produit\\\/sikaflex-252-sika-600-ml-couleur-gris-clair\\\/#breadcrumb\",\"itemListElement\":[{\"@type\":\"ListItem\",\"position\":1,\"name\":\"Accueil\",\"item\":\"https:\\\/\\\/shop.bantam.ch\\\/fr\\\/\"},{\"@type\":\"ListItem\",\"position\":2,\"name\":\"Boutique\",\"item\":\"https:\\\/\\\/shop.bantam.ch\\\/fr\\\/boutique\\\/\"},{\"@type\":\"ListItem\",\"position\":3,\"name\":\"Sikaflex 252 Sika 600 ml Couleur gris clair\"}]},{\"@type\":\"WebSite\",\"@id\":\"https:\\\/\\\/shop.bantam.ch\\\/fr\\\/#website\",\"url\":\"https:\\\/\\\/shop.bantam.ch\\\/fr\\\/\",\"name\":\"Bantam\",\"description\":\"\",\"publisher\":{\"@id\":\"https:\\\/\\\/shop.bantam.ch\\\/fr\\\/#organization\"},\"inLanguage\":\"fr-FR\"},{\"@type\":\"Organization\",\"@id\":\"https:\\\/\\\/shop.bantam.ch\\\/fr\\\/#organization\",\"name\":\"Bantam\",\"url\":\"https:\\\/\\\/shop.bantam.ch\\\/fr\\\/\",\"logo\":{\"@type\":\"ImageObject\",\"inLanguage\":\"fr-FR\",\"@id\":\"https:\\\/\\\/shop.bantam.ch\\\/fr\\\/#\\\/schema\\\/logo\\\/image\\\/\",\"url\":\"https:\\\/\\\/shop.bantam.ch\\\/wp-content\\\/uploads\\\/2022\\\/12\\\/bantam-logo.png\",\"contentUrl\":\"https:\\\/\\\/shop.bantam.ch\\\/wp-content\\\/uploads\\\/2022\\\/12\\\/bantam-logo.png\",\"width\":320,\"height\":71,\"caption\":\"Bantam\"},\"image\":{\"@id\":\"https:\\\/\\\/shop.bantam.ch\\\/fr\\\/#\\\/schema\\\/logo\\\/image\\\/\"}}]}<\/script>\n<!-- \/ Yoast SEO plugin. -->","yoast_head_json":{"title":"Sikaflex 252 Sika 600 ml Couleur gris clair - Bantam","robots":{"index":"index","follow":"follow","max-snippet":"max-snippet:-1","max-image-preview":"max-image-preview:large","max-video-preview":"max-video-preview:-1"},"canonical":"https:\/\/shop.bantam.ch\/fr\/produit\/sikaflex-252-sika-600-ml-couleur-gris-clair\/","og_locale":"fr_FR","og_type":"article","og_title":"Sikaflex 252 Sika 600 ml Couleur gris clair - Bantam","og_description":"Sikaflex-252 est un adh\u00e9sif de construction \u00e9lastique, monocomposant et r\u00e9sistant \u00e0 l\u2019affaissement, \u00e0 base de polyur\u00e9thane, qui durcit sous l\u2019effet de l\u2019humidit\u00e9 de l\u2019air.\u00a0Il a \u00e9t\u00e9 sp\u00e9cialement d\u00e9velopp\u00e9 pour des collages structurels soumis \u00e0 des contraintes dynamiques dans les secteurs de l\u2019automobile, des caravanes, de la construction nautique ainsi que dans l\u2019industrie.","og_url":"https:\/\/shop.bantam.ch\/fr\/produit\/sikaflex-252-sika-600-ml-couleur-gris-clair\/","og_site_name":"Bantam","article_modified_time":"2026-05-01T22:00:42+00:00","og_image":[{"width":319,"height":213,"url":"https:\/\/shop.bantam.ch\/wp-content\/uploads\/2026\/04\/Movera-L-9947618100.png","type":"image\/png"}],"twitter_card":"summary_large_image","schema":{"@context":"https:\/\/schema.org","@graph":[{"@type":"WebPage","@id":"https:\/\/shop.bantam.ch\/fr\/produit\/sikaflex-252-sika-600-ml-couleur-gris-clair\/","url":"https:\/\/shop.bantam.ch\/fr\/produit\/sikaflex-252-sika-600-ml-couleur-gris-clair\/","name":"Sikaflex 252 Sika 600 ml Couleur gris clair - Bantam","isPartOf":{"@id":"https:\/\/shop.bantam.ch\/fr\/#website"},"primaryImageOfPage":{"@id":"https:\/\/shop.bantam.ch\/fr\/produit\/sikaflex-252-sika-600-ml-couleur-gris-clair\/#primaryimage"},"image":{"@id":"https:\/\/shop.bantam.ch\/fr\/produit\/sikaflex-252-sika-600-ml-couleur-gris-clair\/#primaryimage"},"thumbnailUrl":"https:\/\/shop.bantam.ch\/wp-content\/uploads\/2026\/04\/Movera-L-9947618100.png","datePublished":"2026-04-30T14:58:02+00:00","dateModified":"2026-05-01T22:00:42+00:00","breadcrumb":{"@id":"https:\/\/shop.bantam.ch\/fr\/produit\/sikaflex-252-sika-600-ml-couleur-gris-clair\/#breadcrumb"},"inLanguage":"fr-FR","potentialAction":[{"@type":"ReadAction","target":["https:\/\/shop.bantam.ch\/fr\/produit\/sikaflex-252-sika-600-ml-couleur-gris-clair\/"]}]},{"@type":"ImageObject","inLanguage":"fr-FR","@id":"https:\/\/shop.bantam.ch\/fr\/produit\/sikaflex-252-sika-600-ml-couleur-gris-clair\/#primaryimage","url":"https:\/\/shop.bantam.ch\/wp-content\/uploads\/2026\/04\/Movera-L-9947618100.png","contentUrl":"https:\/\/shop.bantam.ch\/wp-content\/uploads\/2026\/04\/Movera-L-9947618100.png","width":319,"height":213},{"@type":"BreadcrumbList","@id":"https:\/\/shop.bantam.ch\/fr\/produit\/sikaflex-252-sika-600-ml-couleur-gris-clair\/#breadcrumb","itemListElement":[{"@type":"ListItem","position":1,"name":"Accueil","item":"https:\/\/shop.bantam.ch\/fr\/"},{"@type":"ListItem","position":2,"name":"Boutique","item":"https:\/\/shop.bantam.ch\/fr\/boutique\/"},{"@type":"ListItem","position":3,"name":"Sikaflex 252 Sika 600 ml Couleur gris clair"}]},{"@type":"WebSite","@id":"https:\/\/shop.bantam.ch\/fr\/#website","url":"https:\/\/shop.bantam.ch\/fr\/","name":"Bantam","description":"","publisher":{"@id":"https:\/\/shop.bantam.ch\/fr\/#organization"},"inLanguage":"fr-FR"},{"@type":"Organization","@id":"https:\/\/shop.bantam.ch\/fr\/#organization","name":"Bantam","url":"https:\/\/shop.bantam.ch\/fr\/","logo":{"@type":"ImageObject","inLanguage":"fr-FR","@id":"https:\/\/shop.bantam.ch\/fr\/#\/schema\/logo\/image\/","url":"https:\/\/shop.bantam.ch\/wp-content\/uploads\/2022\/12\/bantam-logo.png","contentUrl":"https:\/\/shop.bantam.ch\/wp-content\/uploads\/2022\/12\/bantam-logo.png","width":320,"height":71,"caption":"Bantam"},"image":{"@id":"https:\/\/shop.bantam.ch\/fr\/#\/schema\/logo\/image\/"}}]}},"_links":{"self":[{"href":"https:\/\/shop.bantam.ch\/fr\/wp-json\/wp\/v2\/product\/237023","targetHints":{"allow":["GET"]}}],"collection":[{"href":"https:\/\/shop.bantam.ch\/fr\/wp-json\/wp\/v2\/product"}],"about":[{"href":"https:\/\/shop.bantam.ch\/fr\/wp-json\/wp\/v2\/types\/product"}],"wp:featuredmedia":[{"embeddable":true,"href":"https:\/\/shop.bantam.ch\/fr\/wp-json\/wp\/v2\/media\/237021"}],"wp:attachment":[{"href":"https:\/\/shop.bantam.ch\/fr\/wp-json\/wp\/v2\/media?parent=237023"}],"wp:term":[{"taxonomy":"product_featured_cat","embeddable":true,"href":"https:\/\/shop.bantam.ch\/fr\/wp-json\/wp\/v2\/product_featured_cat?post=237023"},{"taxonomy":"product_brand","embeddable":true,"href":"https:\/\/shop.bantam.ch\/fr\/wp-json\/wp\/v2\/product_brand?post=237023"},{"taxonomy":"product_cat","embeddable":true,"href":"https:\/\/shop.bantam.ch\/fr\/wp-json\/wp\/v2\/product_cat?post=237023"},{"taxonomy":"product_tag","embeddable":true,"href":"https:\/\/shop.bantam.ch\/fr\/wp-json\/wp\/v2\/product_tag?post=237023"}],"curies":[{"name":"wp","href":"https:\/\/api.w.org\/{rel}","templated":true}]}}