{"id":236909,"date":"2026-04-30T16:21:56","date_gmt":"2026-04-30T14:21:56","guid":{"rendered":"https:\/\/shop.bantam.ch\/produit\/lampe-dentree-led-froli\/"},"modified":"2026-05-09T00:04:27","modified_gmt":"2026-05-08T22:04:27","slug":"lampe-dentree-led-froli","status":"publish","type":"product","link":"https:\/\/shop.bantam.ch\/fr\/produit\/lampe-dentree-led-froli\/","title":{"rendered":"Lampe d&rsquo;entr\u00e9e LED froli"},"content":{"rendered":"<p data-start=\"0\" data-end=\"593\">\n<ul>\n<li>Interrupteur cr\u00e9pusculaire<\/li>\n<li>\n15 LED blanches haute performance (temp\u00e9rature de couleur 6500 K)<\/li>\n<li>\nFlux lumineux : 82,5 lumens, forte luminosit\u00e9 (2 200 mcd avec un angle de diffusion de 120\u00b0)<\/li>\n<li>\nFaible consommation d\u2019\u00e9nergie d\u2019environ 140 mA<\/li>\n<li>\nPlage de tension de fonctionnement : 10,5 \u00e0 16,0 volts (tension nominale 12 volts)<\/li>\n<li>\nDur\u00e9e de vie : 40 000 heures<\/li>\n<li>\nCapteur de mouvement (port\u00e9e env. 3 m)<\/li>\n<li>\nTemps d\u2019allumage : env. 45 secondes<\/li>\n<li>\nSeuil d\u2019activation : env. 50 lux<\/li>\n<li>\nFonction \u00e9clairage permanent possible via un interrupteur externe<\/li>\n<li>\nProt\u00e9g\u00e9 contre la poussi\u00e8re et les projections d\u2019eau<\/li>\n<\/ul>\n<\/p>\n<p data-start=\"595\" data-end=\"684\" data-is-last-node=\"\" data-is-only-node=\"\">Contenu de la livraison :<br data-start=\"624\" data-end=\"627\"><br \/>\nFusible, interrupteur et c\u00e2ble de raccordement non inclus<\/p>\n","protected":false},"excerpt":{"rendered":"<p>Interrupteur cr\u00e9pusculaire 15 LED blanches haute performance (temp\u00e9rature de couleur 6500 K) Flux lumineux : 82,5 lumens, forte luminosit\u00e9 (2 200 mcd avec un angle de diffusion de 120\u00b0) Faible consommation d\u2019\u00e9nergie d\u2019environ 140 mA Plage de tension de fonctionnement : 10,5 \u00e0 16,0 volts (tension nominale 12 volts) Dur\u00e9e de vie : 40 000 [&hellip;]<\/p>\n","protected":false},"featured_media":236907,"template":"","meta":{"_acf_changed":false},"product_featured_cat":[],"product_brand":[3058],"product_cat":[4185],"product_tag":[],"class_list":{"0":"post-236909","1":"product","2":"type-product","3":"status-publish","4":"has-post-thumbnail","6":"product_brand-froli","7":"product_cat-eclairage","9":"first","10":"instock","11":"taxable","12":"shipping-taxable","13":"purchasable","14":"product-type-simple"},"acf":[],"yoast_head":"<!-- This site is optimized with the Yoast SEO plugin v27.5 - https:\/\/yoast.com\/product\/yoast-seo-wordpress\/ -->\n<title>Lampe d&#039;entr\u00e9e LED froli - Bantam<\/title>\n<meta name=\"robots\" content=\"index, follow, max-snippet:-1, max-image-preview:large, max-video-preview:-1\" \/>\n<link rel=\"canonical\" href=\"https:\/\/shop.bantam.ch\/fr\/produit\/lampe-dentree-led-froli\/\" \/>\n<meta property=\"og:locale\" content=\"fr_FR\" \/>\n<meta property=\"og:type\" content=\"article\" \/>\n<meta property=\"og:title\" content=\"Lampe d&#039;entr\u00e9e LED froli - Bantam\" \/>\n<meta property=\"og:description\" content=\"Interrupteur cr\u00e9pusculaire 15 LED blanches haute performance (temp\u00e9rature de couleur 6500 K) Flux lumineux : 82,5 lumens, forte luminosit\u00e9 (2 200 mcd avec un angle de diffusion de 120\u00b0) Faible consommation d\u2019\u00e9nergie d\u2019environ 140 mA Plage de tension de fonctionnement : 10,5 \u00e0 16,0 volts (tension nominale 12 volts) Dur\u00e9e de vie : 40 000 [&hellip;]\" \/>\n<meta property=\"og:url\" content=\"https:\/\/shop.bantam.ch\/fr\/produit\/lampe-dentree-led-froli\/\" \/>\n<meta property=\"og:site_name\" content=\"Bantam\" \/>\n<meta property=\"article:modified_time\" content=\"2026-05-08T22:04:27+00:00\" \/>\n<meta property=\"og:image\" content=\"https:\/\/shop.bantam.ch\/wp-content\/uploads\/2026\/04\/Movera-L-9947491100.jpg\" \/>\n\t<meta property=\"og:image:width\" content=\"640\" \/>\n\t<meta property=\"og:image:height\" content=\"640\" \/>\n\t<meta property=\"og:image:type\" content=\"image\/jpeg\" \/>\n<meta name=\"twitter:card\" content=\"summary_large_image\" \/>\n<script type=\"application\/ld+json\" class=\"yoast-schema-graph\">{\"@context\":\"https:\\\/\\\/schema.org\",\"@graph\":[{\"@type\":\"WebPage\",\"@id\":\"https:\\\/\\\/shop.bantam.ch\\\/fr\\\/produit\\\/lampe-dentree-led-froli\\\/\",\"url\":\"https:\\\/\\\/shop.bantam.ch\\\/fr\\\/produit\\\/lampe-dentree-led-froli\\\/\",\"name\":\"Lampe d'entr\u00e9e LED froli - Bantam\",\"isPartOf\":{\"@id\":\"https:\\\/\\\/shop.bantam.ch\\\/fr\\\/#website\"},\"primaryImageOfPage\":{\"@id\":\"https:\\\/\\\/shop.bantam.ch\\\/fr\\\/produit\\\/lampe-dentree-led-froli\\\/#primaryimage\"},\"image\":{\"@id\":\"https:\\\/\\\/shop.bantam.ch\\\/fr\\\/produit\\\/lampe-dentree-led-froli\\\/#primaryimage\"},\"thumbnailUrl\":\"https:\\\/\\\/shop.bantam.ch\\\/wp-content\\\/uploads\\\/2026\\\/04\\\/Movera-L-9947491100.jpg\",\"datePublished\":\"2026-04-30T14:21:56+00:00\",\"dateModified\":\"2026-05-08T22:04:27+00:00\",\"breadcrumb\":{\"@id\":\"https:\\\/\\\/shop.bantam.ch\\\/fr\\\/produit\\\/lampe-dentree-led-froli\\\/#breadcrumb\"},\"inLanguage\":\"fr-FR\",\"potentialAction\":[{\"@type\":\"ReadAction\",\"target\":[\"https:\\\/\\\/shop.bantam.ch\\\/fr\\\/produit\\\/lampe-dentree-led-froli\\\/\"]}]},{\"@type\":\"ImageObject\",\"inLanguage\":\"fr-FR\",\"@id\":\"https:\\\/\\\/shop.bantam.ch\\\/fr\\\/produit\\\/lampe-dentree-led-froli\\\/#primaryimage\",\"url\":\"https:\\\/\\\/shop.bantam.ch\\\/wp-content\\\/uploads\\\/2026\\\/04\\\/Movera-L-9947491100.jpg\",\"contentUrl\":\"https:\\\/\\\/shop.bantam.ch\\\/wp-content\\\/uploads\\\/2026\\\/04\\\/Movera-L-9947491100.jpg\",\"width\":640,\"height\":640},{\"@type\":\"BreadcrumbList\",\"@id\":\"https:\\\/\\\/shop.bantam.ch\\\/fr\\\/produit\\\/lampe-dentree-led-froli\\\/#breadcrumb\",\"itemListElement\":[{\"@type\":\"ListItem\",\"position\":1,\"name\":\"Accueil\",\"item\":\"https:\\\/\\\/shop.bantam.ch\\\/fr\\\/\"},{\"@type\":\"ListItem\",\"position\":2,\"name\":\"Boutique\",\"item\":\"https:\\\/\\\/shop.bantam.ch\\\/fr\\\/boutique\\\/\"},{\"@type\":\"ListItem\",\"position\":3,\"name\":\"Lampe d&rsquo;entr\u00e9e LED froli\"}]},{\"@type\":\"WebSite\",\"@id\":\"https:\\\/\\\/shop.bantam.ch\\\/fr\\\/#website\",\"url\":\"https:\\\/\\\/shop.bantam.ch\\\/fr\\\/\",\"name\":\"Bantam\",\"description\":\"\",\"publisher\":{\"@id\":\"https:\\\/\\\/shop.bantam.ch\\\/fr\\\/#organization\"},\"inLanguage\":\"fr-FR\"},{\"@type\":\"Organization\",\"@id\":\"https:\\\/\\\/shop.bantam.ch\\\/fr\\\/#organization\",\"name\":\"Bantam\",\"url\":\"https:\\\/\\\/shop.bantam.ch\\\/fr\\\/\",\"logo\":{\"@type\":\"ImageObject\",\"inLanguage\":\"fr-FR\",\"@id\":\"https:\\\/\\\/shop.bantam.ch\\\/fr\\\/#\\\/schema\\\/logo\\\/image\\\/\",\"url\":\"https:\\\/\\\/shop.bantam.ch\\\/wp-content\\\/uploads\\\/2022\\\/12\\\/bantam-logo.png\",\"contentUrl\":\"https:\\\/\\\/shop.bantam.ch\\\/wp-content\\\/uploads\\\/2022\\\/12\\\/bantam-logo.png\",\"width\":320,\"height\":71,\"caption\":\"Bantam\"},\"image\":{\"@id\":\"https:\\\/\\\/shop.bantam.ch\\\/fr\\\/#\\\/schema\\\/logo\\\/image\\\/\"}}]}<\/script>\n<!-- \/ Yoast SEO plugin. -->","yoast_head_json":{"title":"Lampe d'entr\u00e9e LED froli - Bantam","robots":{"index":"index","follow":"follow","max-snippet":"max-snippet:-1","max-image-preview":"max-image-preview:large","max-video-preview":"max-video-preview:-1"},"canonical":"https:\/\/shop.bantam.ch\/fr\/produit\/lampe-dentree-led-froli\/","og_locale":"fr_FR","og_type":"article","og_title":"Lampe d'entr\u00e9e LED froli - Bantam","og_description":"Interrupteur cr\u00e9pusculaire 15 LED blanches haute performance (temp\u00e9rature de couleur 6500 K) Flux lumineux : 82,5 lumens, forte luminosit\u00e9 (2 200 mcd avec un angle de diffusion de 120\u00b0) Faible consommation d\u2019\u00e9nergie d\u2019environ 140 mA Plage de tension de fonctionnement : 10,5 \u00e0 16,0 volts (tension nominale 12 volts) Dur\u00e9e de vie : 40 000 [&hellip;]","og_url":"https:\/\/shop.bantam.ch\/fr\/produit\/lampe-dentree-led-froli\/","og_site_name":"Bantam","article_modified_time":"2026-05-08T22:04:27+00:00","og_image":[{"width":640,"height":640,"url":"https:\/\/shop.bantam.ch\/wp-content\/uploads\/2026\/04\/Movera-L-9947491100.jpg","type":"image\/jpeg"}],"twitter_card":"summary_large_image","schema":{"@context":"https:\/\/schema.org","@graph":[{"@type":"WebPage","@id":"https:\/\/shop.bantam.ch\/fr\/produit\/lampe-dentree-led-froli\/","url":"https:\/\/shop.bantam.ch\/fr\/produit\/lampe-dentree-led-froli\/","name":"Lampe d'entr\u00e9e LED froli - Bantam","isPartOf":{"@id":"https:\/\/shop.bantam.ch\/fr\/#website"},"primaryImageOfPage":{"@id":"https:\/\/shop.bantam.ch\/fr\/produit\/lampe-dentree-led-froli\/#primaryimage"},"image":{"@id":"https:\/\/shop.bantam.ch\/fr\/produit\/lampe-dentree-led-froli\/#primaryimage"},"thumbnailUrl":"https:\/\/shop.bantam.ch\/wp-content\/uploads\/2026\/04\/Movera-L-9947491100.jpg","datePublished":"2026-04-30T14:21:56+00:00","dateModified":"2026-05-08T22:04:27+00:00","breadcrumb":{"@id":"https:\/\/shop.bantam.ch\/fr\/produit\/lampe-dentree-led-froli\/#breadcrumb"},"inLanguage":"fr-FR","potentialAction":[{"@type":"ReadAction","target":["https:\/\/shop.bantam.ch\/fr\/produit\/lampe-dentree-led-froli\/"]}]},{"@type":"ImageObject","inLanguage":"fr-FR","@id":"https:\/\/shop.bantam.ch\/fr\/produit\/lampe-dentree-led-froli\/#primaryimage","url":"https:\/\/shop.bantam.ch\/wp-content\/uploads\/2026\/04\/Movera-L-9947491100.jpg","contentUrl":"https:\/\/shop.bantam.ch\/wp-content\/uploads\/2026\/04\/Movera-L-9947491100.jpg","width":640,"height":640},{"@type":"BreadcrumbList","@id":"https:\/\/shop.bantam.ch\/fr\/produit\/lampe-dentree-led-froli\/#breadcrumb","itemListElement":[{"@type":"ListItem","position":1,"name":"Accueil","item":"https:\/\/shop.bantam.ch\/fr\/"},{"@type":"ListItem","position":2,"name":"Boutique","item":"https:\/\/shop.bantam.ch\/fr\/boutique\/"},{"@type":"ListItem","position":3,"name":"Lampe d&rsquo;entr\u00e9e LED froli"}]},{"@type":"WebSite","@id":"https:\/\/shop.bantam.ch\/fr\/#website","url":"https:\/\/shop.bantam.ch\/fr\/","name":"Bantam","description":"","publisher":{"@id":"https:\/\/shop.bantam.ch\/fr\/#organization"},"inLanguage":"fr-FR"},{"@type":"Organization","@id":"https:\/\/shop.bantam.ch\/fr\/#organization","name":"Bantam","url":"https:\/\/shop.bantam.ch\/fr\/","logo":{"@type":"ImageObject","inLanguage":"fr-FR","@id":"https:\/\/shop.bantam.ch\/fr\/#\/schema\/logo\/image\/","url":"https:\/\/shop.bantam.ch\/wp-content\/uploads\/2022\/12\/bantam-logo.png","contentUrl":"https:\/\/shop.bantam.ch\/wp-content\/uploads\/2022\/12\/bantam-logo.png","width":320,"height":71,"caption":"Bantam"},"image":{"@id":"https:\/\/shop.bantam.ch\/fr\/#\/schema\/logo\/image\/"}}]}},"_links":{"self":[{"href":"https:\/\/shop.bantam.ch\/fr\/wp-json\/wp\/v2\/product\/236909","targetHints":{"allow":["GET"]}}],"collection":[{"href":"https:\/\/shop.bantam.ch\/fr\/wp-json\/wp\/v2\/product"}],"about":[{"href":"https:\/\/shop.bantam.ch\/fr\/wp-json\/wp\/v2\/types\/product"}],"wp:featuredmedia":[{"embeddable":true,"href":"https:\/\/shop.bantam.ch\/fr\/wp-json\/wp\/v2\/media\/236907"}],"wp:attachment":[{"href":"https:\/\/shop.bantam.ch\/fr\/wp-json\/wp\/v2\/media?parent=236909"}],"wp:term":[{"taxonomy":"product_featured_cat","embeddable":true,"href":"https:\/\/shop.bantam.ch\/fr\/wp-json\/wp\/v2\/product_featured_cat?post=236909"},{"taxonomy":"product_brand","embeddable":true,"href":"https:\/\/shop.bantam.ch\/fr\/wp-json\/wp\/v2\/product_brand?post=236909"},{"taxonomy":"product_cat","embeddable":true,"href":"https:\/\/shop.bantam.ch\/fr\/wp-json\/wp\/v2\/product_cat?post=236909"},{"taxonomy":"product_tag","embeddable":true,"href":"https:\/\/shop.bantam.ch\/fr\/wp-json\/wp\/v2\/product_tag?post=236909"}],"curies":[{"name":"wp","href":"https:\/\/api.w.org\/{rel}","templated":true}]}}