{"id":236702,"date":"2026-04-30T11:16:03","date_gmt":"2026-04-30T09:16:03","guid":{"rendered":"https:\/\/shop.bantam.ch\/produit\/reich-melangeur-de-levage-linnea-k-version-metal-court-raccord-a\/"},"modified":"2026-05-02T23:58:17","modified_gmt":"2026-05-02T21:58:17","slug":"reich-melangeur-de-levage-linnea-k-version-metal-court-raccord-a","status":"publish","type":"product","link":"https:\/\/shop.bantam.ch\/fr\/produit\/reich-melangeur-de-levage-linnea-k-version-metal-court-raccord-a\/","title":{"rendered":"REICH M\u00e9langeur de levage LINNEA K Version M\u00e9tal, court Raccord A"},"content":{"rendered":"<p>Le mitigeur monocommande compact est id\u00e9al pour les espaces restreints. Sa conception en m\u00e9tal de haute qualit\u00e9 en fait un compagnon de voyage durable \u2014 avec un poids de seulement 0,8 kg, nettement plus l\u00e9ger que des robinetteries comparables.<\/p>\n","protected":false},"excerpt":{"rendered":"<p>Le mitigeur monocommande compact est id\u00e9al pour les espaces restreints. Sa conception en m\u00e9tal de haute qualit\u00e9 en fait un compagnon de voyage durable \u2014 avec un poids de seulement 0,8 kg, nettement plus l\u00e9ger que des robinetteries comparables.<\/p>\n","protected":false},"featured_media":236698,"template":"","meta":{"_acf_changed":false},"product_featured_cat":[],"product_brand":[3112],"product_cat":[4099],"product_tag":[],"class_list":{"0":"post-236702","1":"product","2":"type-product","3":"status-publish","4":"has-post-thumbnail","6":"product_brand-reich","7":"product_cat-robinettrie","9":"first","10":"instock","11":"taxable","12":"shipping-taxable","13":"purchasable","14":"product-type-simple"},"acf":[],"yoast_head":"<!-- This site is optimized with the Yoast SEO plugin v27.5 - https:\/\/yoast.com\/product\/yoast-seo-wordpress\/ -->\n<title>REICH M\u00e9langeur de levage LINNEA K Version M\u00e9tal, court Raccord A - Bantam<\/title>\n<meta name=\"robots\" content=\"index, follow, max-snippet:-1, max-image-preview:large, max-video-preview:-1\" \/>\n<link rel=\"canonical\" href=\"https:\/\/shop.bantam.ch\/fr\/produit\/reich-melangeur-de-levage-linnea-k-version-metal-court-raccord-a\/\" \/>\n<meta property=\"og:locale\" content=\"fr_FR\" \/>\n<meta property=\"og:type\" content=\"article\" \/>\n<meta property=\"og:title\" content=\"REICH M\u00e9langeur de levage LINNEA K Version M\u00e9tal, court Raccord A - Bantam\" \/>\n<meta property=\"og:description\" content=\"Le mitigeur monocommande compact est id\u00e9al pour les espaces restreints. Sa conception en m\u00e9tal de haute qualit\u00e9 en fait un compagnon de voyage durable \u2014 avec un poids de seulement 0,8 kg, nettement plus l\u00e9ger que des robinetteries comparables.\" \/>\n<meta property=\"og:url\" content=\"https:\/\/shop.bantam.ch\/fr\/produit\/reich-melangeur-de-levage-linnea-k-version-metal-court-raccord-a\/\" \/>\n<meta property=\"og:site_name\" content=\"Bantam\" \/>\n<meta property=\"article:modified_time\" content=\"2026-05-02T21:58:17+00:00\" \/>\n<meta property=\"og:image\" content=\"https:\/\/shop.bantam.ch\/wp-content\/uploads\/2026\/04\/Movera-L-9947198100.jpg\" \/>\n\t<meta property=\"og:image:width\" content=\"640\" \/>\n\t<meta property=\"og:image:height\" content=\"640\" \/>\n\t<meta property=\"og:image:type\" content=\"image\/jpeg\" \/>\n<meta name=\"twitter:card\" content=\"summary_large_image\" \/>\n<script type=\"application\/ld+json\" class=\"yoast-schema-graph\">{\"@context\":\"https:\\\/\\\/schema.org\",\"@graph\":[{\"@type\":\"WebPage\",\"@id\":\"https:\\\/\\\/shop.bantam.ch\\\/fr\\\/produit\\\/reich-melangeur-de-levage-linnea-k-version-metal-court-raccord-a\\\/\",\"url\":\"https:\\\/\\\/shop.bantam.ch\\\/fr\\\/produit\\\/reich-melangeur-de-levage-linnea-k-version-metal-court-raccord-a\\\/\",\"name\":\"REICH M\u00e9langeur de levage LINNEA K Version M\u00e9tal, court Raccord A - Bantam\",\"isPartOf\":{\"@id\":\"https:\\\/\\\/shop.bantam.ch\\\/fr\\\/#website\"},\"primaryImageOfPage\":{\"@id\":\"https:\\\/\\\/shop.bantam.ch\\\/fr\\\/produit\\\/reich-melangeur-de-levage-linnea-k-version-metal-court-raccord-a\\\/#primaryimage\"},\"image\":{\"@id\":\"https:\\\/\\\/shop.bantam.ch\\\/fr\\\/produit\\\/reich-melangeur-de-levage-linnea-k-version-metal-court-raccord-a\\\/#primaryimage\"},\"thumbnailUrl\":\"https:\\\/\\\/shop.bantam.ch\\\/wp-content\\\/uploads\\\/2026\\\/04\\\/Movera-L-9947198100.jpg\",\"datePublished\":\"2026-04-30T09:16:03+00:00\",\"dateModified\":\"2026-05-02T21:58:17+00:00\",\"breadcrumb\":{\"@id\":\"https:\\\/\\\/shop.bantam.ch\\\/fr\\\/produit\\\/reich-melangeur-de-levage-linnea-k-version-metal-court-raccord-a\\\/#breadcrumb\"},\"inLanguage\":\"fr-FR\",\"potentialAction\":[{\"@type\":\"ReadAction\",\"target\":[\"https:\\\/\\\/shop.bantam.ch\\\/fr\\\/produit\\\/reich-melangeur-de-levage-linnea-k-version-metal-court-raccord-a\\\/\"]}]},{\"@type\":\"ImageObject\",\"inLanguage\":\"fr-FR\",\"@id\":\"https:\\\/\\\/shop.bantam.ch\\\/fr\\\/produit\\\/reich-melangeur-de-levage-linnea-k-version-metal-court-raccord-a\\\/#primaryimage\",\"url\":\"https:\\\/\\\/shop.bantam.ch\\\/wp-content\\\/uploads\\\/2026\\\/04\\\/Movera-L-9947198100.jpg\",\"contentUrl\":\"https:\\\/\\\/shop.bantam.ch\\\/wp-content\\\/uploads\\\/2026\\\/04\\\/Movera-L-9947198100.jpg\",\"width\":640,\"height\":640},{\"@type\":\"BreadcrumbList\",\"@id\":\"https:\\\/\\\/shop.bantam.ch\\\/fr\\\/produit\\\/reich-melangeur-de-levage-linnea-k-version-metal-court-raccord-a\\\/#breadcrumb\",\"itemListElement\":[{\"@type\":\"ListItem\",\"position\":1,\"name\":\"Accueil\",\"item\":\"https:\\\/\\\/shop.bantam.ch\\\/fr\\\/\"},{\"@type\":\"ListItem\",\"position\":2,\"name\":\"Boutique\",\"item\":\"https:\\\/\\\/shop.bantam.ch\\\/fr\\\/boutique\\\/\"},{\"@type\":\"ListItem\",\"position\":3,\"name\":\"REICH M\u00e9langeur de levage LINNEA K Version M\u00e9tal, court Raccord A\"}]},{\"@type\":\"WebSite\",\"@id\":\"https:\\\/\\\/shop.bantam.ch\\\/fr\\\/#website\",\"url\":\"https:\\\/\\\/shop.bantam.ch\\\/fr\\\/\",\"name\":\"Bantam\",\"description\":\"\",\"publisher\":{\"@id\":\"https:\\\/\\\/shop.bantam.ch\\\/fr\\\/#organization\"},\"inLanguage\":\"fr-FR\"},{\"@type\":\"Organization\",\"@id\":\"https:\\\/\\\/shop.bantam.ch\\\/fr\\\/#organization\",\"name\":\"Bantam\",\"url\":\"https:\\\/\\\/shop.bantam.ch\\\/fr\\\/\",\"logo\":{\"@type\":\"ImageObject\",\"inLanguage\":\"fr-FR\",\"@id\":\"https:\\\/\\\/shop.bantam.ch\\\/fr\\\/#\\\/schema\\\/logo\\\/image\\\/\",\"url\":\"https:\\\/\\\/shop.bantam.ch\\\/wp-content\\\/uploads\\\/2022\\\/12\\\/bantam-logo.png\",\"contentUrl\":\"https:\\\/\\\/shop.bantam.ch\\\/wp-content\\\/uploads\\\/2022\\\/12\\\/bantam-logo.png\",\"width\":320,\"height\":71,\"caption\":\"Bantam\"},\"image\":{\"@id\":\"https:\\\/\\\/shop.bantam.ch\\\/fr\\\/#\\\/schema\\\/logo\\\/image\\\/\"}}]}<\/script>\n<!-- \/ Yoast SEO plugin. -->","yoast_head_json":{"title":"REICH M\u00e9langeur de levage LINNEA K Version M\u00e9tal, court Raccord A - Bantam","robots":{"index":"index","follow":"follow","max-snippet":"max-snippet:-1","max-image-preview":"max-image-preview:large","max-video-preview":"max-video-preview:-1"},"canonical":"https:\/\/shop.bantam.ch\/fr\/produit\/reich-melangeur-de-levage-linnea-k-version-metal-court-raccord-a\/","og_locale":"fr_FR","og_type":"article","og_title":"REICH M\u00e9langeur de levage LINNEA K Version M\u00e9tal, court Raccord A - Bantam","og_description":"Le mitigeur monocommande compact est id\u00e9al pour les espaces restreints. Sa conception en m\u00e9tal de haute qualit\u00e9 en fait un compagnon de voyage durable \u2014 avec un poids de seulement 0,8 kg, nettement plus l\u00e9ger que des robinetteries comparables.","og_url":"https:\/\/shop.bantam.ch\/fr\/produit\/reich-melangeur-de-levage-linnea-k-version-metal-court-raccord-a\/","og_site_name":"Bantam","article_modified_time":"2026-05-02T21:58:17+00:00","og_image":[{"width":640,"height":640,"url":"https:\/\/shop.bantam.ch\/wp-content\/uploads\/2026\/04\/Movera-L-9947198100.jpg","type":"image\/jpeg"}],"twitter_card":"summary_large_image","schema":{"@context":"https:\/\/schema.org","@graph":[{"@type":"WebPage","@id":"https:\/\/shop.bantam.ch\/fr\/produit\/reich-melangeur-de-levage-linnea-k-version-metal-court-raccord-a\/","url":"https:\/\/shop.bantam.ch\/fr\/produit\/reich-melangeur-de-levage-linnea-k-version-metal-court-raccord-a\/","name":"REICH M\u00e9langeur de levage LINNEA K Version M\u00e9tal, court Raccord A - Bantam","isPartOf":{"@id":"https:\/\/shop.bantam.ch\/fr\/#website"},"primaryImageOfPage":{"@id":"https:\/\/shop.bantam.ch\/fr\/produit\/reich-melangeur-de-levage-linnea-k-version-metal-court-raccord-a\/#primaryimage"},"image":{"@id":"https:\/\/shop.bantam.ch\/fr\/produit\/reich-melangeur-de-levage-linnea-k-version-metal-court-raccord-a\/#primaryimage"},"thumbnailUrl":"https:\/\/shop.bantam.ch\/wp-content\/uploads\/2026\/04\/Movera-L-9947198100.jpg","datePublished":"2026-04-30T09:16:03+00:00","dateModified":"2026-05-02T21:58:17+00:00","breadcrumb":{"@id":"https:\/\/shop.bantam.ch\/fr\/produit\/reich-melangeur-de-levage-linnea-k-version-metal-court-raccord-a\/#breadcrumb"},"inLanguage":"fr-FR","potentialAction":[{"@type":"ReadAction","target":["https:\/\/shop.bantam.ch\/fr\/produit\/reich-melangeur-de-levage-linnea-k-version-metal-court-raccord-a\/"]}]},{"@type":"ImageObject","inLanguage":"fr-FR","@id":"https:\/\/shop.bantam.ch\/fr\/produit\/reich-melangeur-de-levage-linnea-k-version-metal-court-raccord-a\/#primaryimage","url":"https:\/\/shop.bantam.ch\/wp-content\/uploads\/2026\/04\/Movera-L-9947198100.jpg","contentUrl":"https:\/\/shop.bantam.ch\/wp-content\/uploads\/2026\/04\/Movera-L-9947198100.jpg","width":640,"height":640},{"@type":"BreadcrumbList","@id":"https:\/\/shop.bantam.ch\/fr\/produit\/reich-melangeur-de-levage-linnea-k-version-metal-court-raccord-a\/#breadcrumb","itemListElement":[{"@type":"ListItem","position":1,"name":"Accueil","item":"https:\/\/shop.bantam.ch\/fr\/"},{"@type":"ListItem","position":2,"name":"Boutique","item":"https:\/\/shop.bantam.ch\/fr\/boutique\/"},{"@type":"ListItem","position":3,"name":"REICH M\u00e9langeur de levage LINNEA K Version M\u00e9tal, court Raccord A"}]},{"@type":"WebSite","@id":"https:\/\/shop.bantam.ch\/fr\/#website","url":"https:\/\/shop.bantam.ch\/fr\/","name":"Bantam","description":"","publisher":{"@id":"https:\/\/shop.bantam.ch\/fr\/#organization"},"inLanguage":"fr-FR"},{"@type":"Organization","@id":"https:\/\/shop.bantam.ch\/fr\/#organization","name":"Bantam","url":"https:\/\/shop.bantam.ch\/fr\/","logo":{"@type":"ImageObject","inLanguage":"fr-FR","@id":"https:\/\/shop.bantam.ch\/fr\/#\/schema\/logo\/image\/","url":"https:\/\/shop.bantam.ch\/wp-content\/uploads\/2022\/12\/bantam-logo.png","contentUrl":"https:\/\/shop.bantam.ch\/wp-content\/uploads\/2022\/12\/bantam-logo.png","width":320,"height":71,"caption":"Bantam"},"image":{"@id":"https:\/\/shop.bantam.ch\/fr\/#\/schema\/logo\/image\/"}}]}},"_links":{"self":[{"href":"https:\/\/shop.bantam.ch\/fr\/wp-json\/wp\/v2\/product\/236702","targetHints":{"allow":["GET"]}}],"collection":[{"href":"https:\/\/shop.bantam.ch\/fr\/wp-json\/wp\/v2\/product"}],"about":[{"href":"https:\/\/shop.bantam.ch\/fr\/wp-json\/wp\/v2\/types\/product"}],"wp:featuredmedia":[{"embeddable":true,"href":"https:\/\/shop.bantam.ch\/fr\/wp-json\/wp\/v2\/media\/236698"}],"wp:attachment":[{"href":"https:\/\/shop.bantam.ch\/fr\/wp-json\/wp\/v2\/media?parent=236702"}],"wp:term":[{"taxonomy":"product_featured_cat","embeddable":true,"href":"https:\/\/shop.bantam.ch\/fr\/wp-json\/wp\/v2\/product_featured_cat?post=236702"},{"taxonomy":"product_brand","embeddable":true,"href":"https:\/\/shop.bantam.ch\/fr\/wp-json\/wp\/v2\/product_brand?post=236702"},{"taxonomy":"product_cat","embeddable":true,"href":"https:\/\/shop.bantam.ch\/fr\/wp-json\/wp\/v2\/product_cat?post=236702"},{"taxonomy":"product_tag","embeddable":true,"href":"https:\/\/shop.bantam.ch\/fr\/wp-json\/wp\/v2\/product_tag?post=236702"}],"curies":[{"name":"wp","href":"https:\/\/api.w.org\/{rel}","templated":true}]}}