{"id":236655,"date":"2026-04-30T09:01:37","date_gmt":"2026-04-30T07:01:37","guid":{"rendered":"https:\/\/shop.bantam.ch\/produit\/chargeur-de-batterie-victron-energy-phoenix-smart-ip43-12-50\/"},"modified":"2026-05-07T00:07:38","modified_gmt":"2026-05-06T22:07:38","slug":"chargeur-de-batterie-victron-energy-phoenix-smart-ip43-12-50","status":"publish","type":"product","link":"https:\/\/shop.bantam.ch\/fr\/produit\/chargeur-de-batterie-victron-energy-phoenix-smart-ip43-12-50\/","title":{"rendered":"Chargeur de batterie Victron Energy Phoenix Smart IP43\/12\/50"},"content":{"rendered":"<p data-start=\"0\" data-end=\"163\">Pens\u00e9 pour les propri\u00e9taires de bateaux, ce chargeur adaptatif \u00e0 5 \u00e9tapes peut fournir soit 30 A soit 50 A de charge pour chacune des trois banques de batteries.\u00a0Le mod\u00e8le Smart 1+1 d\u00e9livre 3 A \u00e0 la batterie de d\u00e9marrage, le reste \u00e9tant destin\u00e9 \u00e0 la batterie de service. Des mod\u00e8les 24 V sont disponibles avec une charge de 16 A ou 25 A.\u00a0Compatible Bluetooth, il permet de surveiller le chargeur et de configurer des alertes directement depuis votre t\u00e9l\u00e9phone. Fonctions de charge adaptatives, intelligentes et dynamiques \u2014 voir fiche technique ci-dessous.<\/p>\n","protected":false},"excerpt":{"rendered":"<p>Pens\u00e9 pour les propri\u00e9taires de bateaux, ce chargeur adaptatif \u00e0 5 \u00e9tapes peut fournir soit 30 A soit 50 A de charge pour chacune des trois banques de batteries.\u00a0Le mod\u00e8le Smart 1+1 d\u00e9livre 3 A \u00e0 la batterie de d\u00e9marrage, le reste \u00e9tant destin\u00e9 \u00e0 la batterie de service. Des mod\u00e8les 24 V sont disponibles [&hellip;]<\/p>\n","protected":false},"featured_media":236649,"template":"","meta":{"_acf_changed":false},"product_featured_cat":[],"product_brand":[3506],"product_cat":[4911],"product_tag":[],"class_list":{"0":"post-236655","1":"product","2":"type-product","3":"status-publish","4":"has-post-thumbnail","6":"product_brand-victron","7":"product_cat-chargeurs","9":"first","10":"instock","11":"taxable","12":"shipping-taxable","13":"purchasable","14":"product-type-simple"},"acf":[],"yoast_head":"<!-- This site is optimized with the Yoast SEO plugin v27.5 - https:\/\/yoast.com\/product\/yoast-seo-wordpress\/ -->\n<title>Chargeur de batterie Victron Energy Phoenix Smart IP43\/12\/50 - Bantam<\/title>\n<meta name=\"robots\" content=\"index, follow, max-snippet:-1, max-image-preview:large, max-video-preview:-1\" \/>\n<link rel=\"canonical\" href=\"https:\/\/shop.bantam.ch\/fr\/produit\/chargeur-de-batterie-victron-energy-phoenix-smart-ip43-12-50\/\" \/>\n<meta property=\"og:locale\" content=\"fr_FR\" \/>\n<meta property=\"og:type\" content=\"article\" \/>\n<meta property=\"og:title\" content=\"Chargeur de batterie Victron Energy Phoenix Smart IP43\/12\/50 - Bantam\" \/>\n<meta property=\"og:description\" content=\"Pens\u00e9 pour les propri\u00e9taires de bateaux, ce chargeur adaptatif \u00e0 5 \u00e9tapes peut fournir soit 30 A soit 50 A de charge pour chacune des trois banques de batteries.\u00a0Le mod\u00e8le Smart 1+1 d\u00e9livre 3 A \u00e0 la batterie de d\u00e9marrage, le reste \u00e9tant destin\u00e9 \u00e0 la batterie de service. Des mod\u00e8les 24 V sont disponibles [&hellip;]\" \/>\n<meta property=\"og:url\" content=\"https:\/\/shop.bantam.ch\/fr\/produit\/chargeur-de-batterie-victron-energy-phoenix-smart-ip43-12-50\/\" \/>\n<meta property=\"og:site_name\" content=\"Bantam\" \/>\n<meta property=\"article:modified_time\" content=\"2026-05-06T22:07:38+00:00\" \/>\n<meta property=\"og:image\" content=\"https:\/\/shop.bantam.ch\/wp-content\/uploads\/2026\/04\/Movera-L-9947152100.png\" \/>\n\t<meta property=\"og:image:width\" content=\"640\" \/>\n\t<meta property=\"og:image:height\" content=\"487\" \/>\n\t<meta property=\"og:image:type\" content=\"image\/png\" \/>\n<meta name=\"twitter:card\" content=\"summary_large_image\" \/>\n<script type=\"application\/ld+json\" class=\"yoast-schema-graph\">{\"@context\":\"https:\\\/\\\/schema.org\",\"@graph\":[{\"@type\":\"WebPage\",\"@id\":\"https:\\\/\\\/shop.bantam.ch\\\/fr\\\/produit\\\/chargeur-de-batterie-victron-energy-phoenix-smart-ip43-12-50\\\/\",\"url\":\"https:\\\/\\\/shop.bantam.ch\\\/fr\\\/produit\\\/chargeur-de-batterie-victron-energy-phoenix-smart-ip43-12-50\\\/\",\"name\":\"Chargeur de batterie Victron Energy Phoenix Smart IP43\\\/12\\\/50 - Bantam\",\"isPartOf\":{\"@id\":\"https:\\\/\\\/shop.bantam.ch\\\/fr\\\/#website\"},\"primaryImageOfPage\":{\"@id\":\"https:\\\/\\\/shop.bantam.ch\\\/fr\\\/produit\\\/chargeur-de-batterie-victron-energy-phoenix-smart-ip43-12-50\\\/#primaryimage\"},\"image\":{\"@id\":\"https:\\\/\\\/shop.bantam.ch\\\/fr\\\/produit\\\/chargeur-de-batterie-victron-energy-phoenix-smart-ip43-12-50\\\/#primaryimage\"},\"thumbnailUrl\":\"https:\\\/\\\/shop.bantam.ch\\\/wp-content\\\/uploads\\\/2026\\\/04\\\/Movera-L-9947152100.png\",\"datePublished\":\"2026-04-30T07:01:37+00:00\",\"dateModified\":\"2026-05-06T22:07:38+00:00\",\"breadcrumb\":{\"@id\":\"https:\\\/\\\/shop.bantam.ch\\\/fr\\\/produit\\\/chargeur-de-batterie-victron-energy-phoenix-smart-ip43-12-50\\\/#breadcrumb\"},\"inLanguage\":\"fr-FR\",\"potentialAction\":[{\"@type\":\"ReadAction\",\"target\":[\"https:\\\/\\\/shop.bantam.ch\\\/fr\\\/produit\\\/chargeur-de-batterie-victron-energy-phoenix-smart-ip43-12-50\\\/\"]}]},{\"@type\":\"ImageObject\",\"inLanguage\":\"fr-FR\",\"@id\":\"https:\\\/\\\/shop.bantam.ch\\\/fr\\\/produit\\\/chargeur-de-batterie-victron-energy-phoenix-smart-ip43-12-50\\\/#primaryimage\",\"url\":\"https:\\\/\\\/shop.bantam.ch\\\/wp-content\\\/uploads\\\/2026\\\/04\\\/Movera-L-9947152100.png\",\"contentUrl\":\"https:\\\/\\\/shop.bantam.ch\\\/wp-content\\\/uploads\\\/2026\\\/04\\\/Movera-L-9947152100.png\",\"width\":640,\"height\":487},{\"@type\":\"BreadcrumbList\",\"@id\":\"https:\\\/\\\/shop.bantam.ch\\\/fr\\\/produit\\\/chargeur-de-batterie-victron-energy-phoenix-smart-ip43-12-50\\\/#breadcrumb\",\"itemListElement\":[{\"@type\":\"ListItem\",\"position\":1,\"name\":\"Accueil\",\"item\":\"https:\\\/\\\/shop.bantam.ch\\\/fr\\\/\"},{\"@type\":\"ListItem\",\"position\":2,\"name\":\"Boutique\",\"item\":\"https:\\\/\\\/shop.bantam.ch\\\/fr\\\/boutique\\\/\"},{\"@type\":\"ListItem\",\"position\":3,\"name\":\"Chargeur de batterie Victron Energy Phoenix Smart IP43\\\/12\\\/50\"}]},{\"@type\":\"WebSite\",\"@id\":\"https:\\\/\\\/shop.bantam.ch\\\/fr\\\/#website\",\"url\":\"https:\\\/\\\/shop.bantam.ch\\\/fr\\\/\",\"name\":\"Bantam\",\"description\":\"\",\"publisher\":{\"@id\":\"https:\\\/\\\/shop.bantam.ch\\\/fr\\\/#organization\"},\"inLanguage\":\"fr-FR\"},{\"@type\":\"Organization\",\"@id\":\"https:\\\/\\\/shop.bantam.ch\\\/fr\\\/#organization\",\"name\":\"Bantam\",\"url\":\"https:\\\/\\\/shop.bantam.ch\\\/fr\\\/\",\"logo\":{\"@type\":\"ImageObject\",\"inLanguage\":\"fr-FR\",\"@id\":\"https:\\\/\\\/shop.bantam.ch\\\/fr\\\/#\\\/schema\\\/logo\\\/image\\\/\",\"url\":\"https:\\\/\\\/shop.bantam.ch\\\/wp-content\\\/uploads\\\/2022\\\/12\\\/bantam-logo.png\",\"contentUrl\":\"https:\\\/\\\/shop.bantam.ch\\\/wp-content\\\/uploads\\\/2022\\\/12\\\/bantam-logo.png\",\"width\":320,\"height\":71,\"caption\":\"Bantam\"},\"image\":{\"@id\":\"https:\\\/\\\/shop.bantam.ch\\\/fr\\\/#\\\/schema\\\/logo\\\/image\\\/\"}}]}<\/script>\n<!-- \/ Yoast SEO plugin. -->","yoast_head_json":{"title":"Chargeur de batterie Victron Energy Phoenix Smart IP43\/12\/50 - Bantam","robots":{"index":"index","follow":"follow","max-snippet":"max-snippet:-1","max-image-preview":"max-image-preview:large","max-video-preview":"max-video-preview:-1"},"canonical":"https:\/\/shop.bantam.ch\/fr\/produit\/chargeur-de-batterie-victron-energy-phoenix-smart-ip43-12-50\/","og_locale":"fr_FR","og_type":"article","og_title":"Chargeur de batterie Victron Energy Phoenix Smart IP43\/12\/50 - Bantam","og_description":"Pens\u00e9 pour les propri\u00e9taires de bateaux, ce chargeur adaptatif \u00e0 5 \u00e9tapes peut fournir soit 30 A soit 50 A de charge pour chacune des trois banques de batteries.\u00a0Le mod\u00e8le Smart 1+1 d\u00e9livre 3 A \u00e0 la batterie de d\u00e9marrage, le reste \u00e9tant destin\u00e9 \u00e0 la batterie de service. Des mod\u00e8les 24 V sont disponibles [&hellip;]","og_url":"https:\/\/shop.bantam.ch\/fr\/produit\/chargeur-de-batterie-victron-energy-phoenix-smart-ip43-12-50\/","og_site_name":"Bantam","article_modified_time":"2026-05-06T22:07:38+00:00","og_image":[{"width":640,"height":487,"url":"https:\/\/shop.bantam.ch\/wp-content\/uploads\/2026\/04\/Movera-L-9947152100.png","type":"image\/png"}],"twitter_card":"summary_large_image","schema":{"@context":"https:\/\/schema.org","@graph":[{"@type":"WebPage","@id":"https:\/\/shop.bantam.ch\/fr\/produit\/chargeur-de-batterie-victron-energy-phoenix-smart-ip43-12-50\/","url":"https:\/\/shop.bantam.ch\/fr\/produit\/chargeur-de-batterie-victron-energy-phoenix-smart-ip43-12-50\/","name":"Chargeur de batterie Victron Energy Phoenix Smart IP43\/12\/50 - Bantam","isPartOf":{"@id":"https:\/\/shop.bantam.ch\/fr\/#website"},"primaryImageOfPage":{"@id":"https:\/\/shop.bantam.ch\/fr\/produit\/chargeur-de-batterie-victron-energy-phoenix-smart-ip43-12-50\/#primaryimage"},"image":{"@id":"https:\/\/shop.bantam.ch\/fr\/produit\/chargeur-de-batterie-victron-energy-phoenix-smart-ip43-12-50\/#primaryimage"},"thumbnailUrl":"https:\/\/shop.bantam.ch\/wp-content\/uploads\/2026\/04\/Movera-L-9947152100.png","datePublished":"2026-04-30T07:01:37+00:00","dateModified":"2026-05-06T22:07:38+00:00","breadcrumb":{"@id":"https:\/\/shop.bantam.ch\/fr\/produit\/chargeur-de-batterie-victron-energy-phoenix-smart-ip43-12-50\/#breadcrumb"},"inLanguage":"fr-FR","potentialAction":[{"@type":"ReadAction","target":["https:\/\/shop.bantam.ch\/fr\/produit\/chargeur-de-batterie-victron-energy-phoenix-smart-ip43-12-50\/"]}]},{"@type":"ImageObject","inLanguage":"fr-FR","@id":"https:\/\/shop.bantam.ch\/fr\/produit\/chargeur-de-batterie-victron-energy-phoenix-smart-ip43-12-50\/#primaryimage","url":"https:\/\/shop.bantam.ch\/wp-content\/uploads\/2026\/04\/Movera-L-9947152100.png","contentUrl":"https:\/\/shop.bantam.ch\/wp-content\/uploads\/2026\/04\/Movera-L-9947152100.png","width":640,"height":487},{"@type":"BreadcrumbList","@id":"https:\/\/shop.bantam.ch\/fr\/produit\/chargeur-de-batterie-victron-energy-phoenix-smart-ip43-12-50\/#breadcrumb","itemListElement":[{"@type":"ListItem","position":1,"name":"Accueil","item":"https:\/\/shop.bantam.ch\/fr\/"},{"@type":"ListItem","position":2,"name":"Boutique","item":"https:\/\/shop.bantam.ch\/fr\/boutique\/"},{"@type":"ListItem","position":3,"name":"Chargeur de batterie Victron Energy Phoenix Smart IP43\/12\/50"}]},{"@type":"WebSite","@id":"https:\/\/shop.bantam.ch\/fr\/#website","url":"https:\/\/shop.bantam.ch\/fr\/","name":"Bantam","description":"","publisher":{"@id":"https:\/\/shop.bantam.ch\/fr\/#organization"},"inLanguage":"fr-FR"},{"@type":"Organization","@id":"https:\/\/shop.bantam.ch\/fr\/#organization","name":"Bantam","url":"https:\/\/shop.bantam.ch\/fr\/","logo":{"@type":"ImageObject","inLanguage":"fr-FR","@id":"https:\/\/shop.bantam.ch\/fr\/#\/schema\/logo\/image\/","url":"https:\/\/shop.bantam.ch\/wp-content\/uploads\/2022\/12\/bantam-logo.png","contentUrl":"https:\/\/shop.bantam.ch\/wp-content\/uploads\/2022\/12\/bantam-logo.png","width":320,"height":71,"caption":"Bantam"},"image":{"@id":"https:\/\/shop.bantam.ch\/fr\/#\/schema\/logo\/image\/"}}]}},"_links":{"self":[{"href":"https:\/\/shop.bantam.ch\/fr\/wp-json\/wp\/v2\/product\/236655","targetHints":{"allow":["GET"]}}],"collection":[{"href":"https:\/\/shop.bantam.ch\/fr\/wp-json\/wp\/v2\/product"}],"about":[{"href":"https:\/\/shop.bantam.ch\/fr\/wp-json\/wp\/v2\/types\/product"}],"wp:featuredmedia":[{"embeddable":true,"href":"https:\/\/shop.bantam.ch\/fr\/wp-json\/wp\/v2\/media\/236649"}],"wp:attachment":[{"href":"https:\/\/shop.bantam.ch\/fr\/wp-json\/wp\/v2\/media?parent=236655"}],"wp:term":[{"taxonomy":"product_featured_cat","embeddable":true,"href":"https:\/\/shop.bantam.ch\/fr\/wp-json\/wp\/v2\/product_featured_cat?post=236655"},{"taxonomy":"product_brand","embeddable":true,"href":"https:\/\/shop.bantam.ch\/fr\/wp-json\/wp\/v2\/product_brand?post=236655"},{"taxonomy":"product_cat","embeddable":true,"href":"https:\/\/shop.bantam.ch\/fr\/wp-json\/wp\/v2\/product_cat?post=236655"},{"taxonomy":"product_tag","embeddable":true,"href":"https:\/\/shop.bantam.ch\/fr\/wp-json\/wp\/v2\/product_tag?post=236655"}],"curies":[{"name":"wp","href":"https:\/\/api.w.org\/{rel}","templated":true}]}}