{"id":236647,"date":"2026-04-30T08:59:40","date_gmt":"2026-04-30T06:59:40","guid":{"rendered":"https:\/\/shop.bantam.ch\/produit\/bol-pliable-brunner-3-facons-de-se-plier\/"},"modified":"2026-05-02T23:57:55","modified_gmt":"2026-05-02T21:57:55","slug":"bol-pliable-brunner-3-facons-de-se-plier","status":"publish","type":"product","link":"https:\/\/shop.bantam.ch\/fr\/produit\/bol-pliable-brunner-3-facons-de-se-plier\/","title":{"rendered":"Bol pliable BRUNNER 3 fa\u00e7ons de se plier"},"content":{"rendered":"<p data-start=\"0\" data-end=\"279\">Cette bassine pliable portable est un accessoire indispensable pour la cuisine de camping et de plein air. Fabriqu\u00e9e \u00e0 partir de mat\u00e9riaux \u00e9cologiques \u2014 plastique PP et silicone TPR de qualit\u00e9 alimentaire \u2014 elle s\u00e9duit par sa durabilit\u00e9, son absence d\u2019odeur et sa non-toxicit\u00e9.\u00a0Gr\u00e2ce \u00e0 sa fonction 3-en-1, elle est extr\u00eamement polyvalente : que ce soit pour couper des l\u00e9gumes, des fruits et de la viande, comme bassine pliable pour le lavage, ou comme \u00e9gouttoir pour la vaisselle et les aliments, elle r\u00e9pond \u00e0 tous les besoins.\u00a0Sa conception pliable et peu encombrante en fait \u00e9galement un excellent panier de rangement pour les aliments.<\/p>\n","protected":false},"excerpt":{"rendered":"<p>Cette bassine pliable portable est un accessoire indispensable pour la cuisine de camping et de plein air. Fabriqu\u00e9e \u00e0 partir de mat\u00e9riaux \u00e9cologiques \u2014 plastique PP et silicone TPR de qualit\u00e9 alimentaire \u2014 elle s\u00e9duit par sa durabilit\u00e9, son absence d\u2019odeur et sa non-toxicit\u00e9.\u00a0Gr\u00e2ce \u00e0 sa fonction 3-en-1, elle est extr\u00eamement polyvalente : que ce [&hellip;]<\/p>\n","protected":false},"featured_media":236639,"template":"","meta":{"_acf_changed":false},"product_featured_cat":[],"product_brand":[3080],"product_cat":[4289],"product_tag":[],"class_list":{"0":"post-236647","1":"product","2":"type-product","3":"status-publish","4":"has-post-thumbnail","6":"product_brand-brunner","7":"product_cat-rincage-et-nettoyage","9":"first","10":"instock","11":"taxable","12":"shipping-taxable","13":"purchasable","14":"product-type-simple"},"acf":[],"yoast_head":"<!-- This site is optimized with the Yoast SEO plugin v27.5 - https:\/\/yoast.com\/product\/yoast-seo-wordpress\/ -->\n<title>Bol pliable BRUNNER 3 fa\u00e7ons de se plier - Bantam<\/title>\n<meta name=\"robots\" content=\"index, follow, max-snippet:-1, max-image-preview:large, max-video-preview:-1\" \/>\n<link rel=\"canonical\" href=\"https:\/\/shop.bantam.ch\/fr\/produit\/bol-pliable-brunner-3-facons-de-se-plier\/\" \/>\n<meta property=\"og:locale\" content=\"fr_FR\" \/>\n<meta property=\"og:type\" content=\"article\" \/>\n<meta property=\"og:title\" content=\"Bol pliable BRUNNER 3 fa\u00e7ons de se plier - Bantam\" \/>\n<meta property=\"og:description\" content=\"Cette bassine pliable portable est un accessoire indispensable pour la cuisine de camping et de plein air. Fabriqu\u00e9e \u00e0 partir de mat\u00e9riaux \u00e9cologiques \u2014 plastique PP et silicone TPR de qualit\u00e9 alimentaire \u2014 elle s\u00e9duit par sa durabilit\u00e9, son absence d\u2019odeur et sa non-toxicit\u00e9.\u00a0Gr\u00e2ce \u00e0 sa fonction 3-en-1, elle est extr\u00eamement polyvalente : que ce [&hellip;]\" \/>\n<meta property=\"og:url\" content=\"https:\/\/shop.bantam.ch\/fr\/produit\/bol-pliable-brunner-3-facons-de-se-plier\/\" \/>\n<meta property=\"og:site_name\" content=\"Bantam\" \/>\n<meta property=\"article:modified_time\" content=\"2026-05-02T21:57:55+00:00\" \/>\n<meta property=\"og:image\" content=\"https:\/\/shop.bantam.ch\/wp-content\/uploads\/2026\/04\/Movera-L-9947149100.jpg\" \/>\n\t<meta property=\"og:image:width\" content=\"640\" \/>\n\t<meta property=\"og:image:height\" content=\"406\" \/>\n\t<meta property=\"og:image:type\" content=\"image\/jpeg\" \/>\n<meta name=\"twitter:card\" content=\"summary_large_image\" \/>\n<meta name=\"twitter:label1\" content=\"Dur\u00e9e de lecture estim\u00e9e\" \/>\n\t<meta name=\"twitter:data1\" content=\"1 minute\" \/>\n<script type=\"application\/ld+json\" class=\"yoast-schema-graph\">{\"@context\":\"https:\\\/\\\/schema.org\",\"@graph\":[{\"@type\":\"WebPage\",\"@id\":\"https:\\\/\\\/shop.bantam.ch\\\/fr\\\/produit\\\/bol-pliable-brunner-3-facons-de-se-plier\\\/\",\"url\":\"https:\\\/\\\/shop.bantam.ch\\\/fr\\\/produit\\\/bol-pliable-brunner-3-facons-de-se-plier\\\/\",\"name\":\"Bol pliable BRUNNER 3 fa\u00e7ons de se plier - Bantam\",\"isPartOf\":{\"@id\":\"https:\\\/\\\/shop.bantam.ch\\\/fr\\\/#website\"},\"primaryImageOfPage\":{\"@id\":\"https:\\\/\\\/shop.bantam.ch\\\/fr\\\/produit\\\/bol-pliable-brunner-3-facons-de-se-plier\\\/#primaryimage\"},\"image\":{\"@id\":\"https:\\\/\\\/shop.bantam.ch\\\/fr\\\/produit\\\/bol-pliable-brunner-3-facons-de-se-plier\\\/#primaryimage\"},\"thumbnailUrl\":\"https:\\\/\\\/shop.bantam.ch\\\/wp-content\\\/uploads\\\/2026\\\/04\\\/Movera-L-9947149100.jpg\",\"datePublished\":\"2026-04-30T06:59:40+00:00\",\"dateModified\":\"2026-05-02T21:57:55+00:00\",\"breadcrumb\":{\"@id\":\"https:\\\/\\\/shop.bantam.ch\\\/fr\\\/produit\\\/bol-pliable-brunner-3-facons-de-se-plier\\\/#breadcrumb\"},\"inLanguage\":\"fr-FR\",\"potentialAction\":[{\"@type\":\"ReadAction\",\"target\":[\"https:\\\/\\\/shop.bantam.ch\\\/fr\\\/produit\\\/bol-pliable-brunner-3-facons-de-se-plier\\\/\"]}]},{\"@type\":\"ImageObject\",\"inLanguage\":\"fr-FR\",\"@id\":\"https:\\\/\\\/shop.bantam.ch\\\/fr\\\/produit\\\/bol-pliable-brunner-3-facons-de-se-plier\\\/#primaryimage\",\"url\":\"https:\\\/\\\/shop.bantam.ch\\\/wp-content\\\/uploads\\\/2026\\\/04\\\/Movera-L-9947149100.jpg\",\"contentUrl\":\"https:\\\/\\\/shop.bantam.ch\\\/wp-content\\\/uploads\\\/2026\\\/04\\\/Movera-L-9947149100.jpg\",\"width\":640,\"height\":406},{\"@type\":\"BreadcrumbList\",\"@id\":\"https:\\\/\\\/shop.bantam.ch\\\/fr\\\/produit\\\/bol-pliable-brunner-3-facons-de-se-plier\\\/#breadcrumb\",\"itemListElement\":[{\"@type\":\"ListItem\",\"position\":1,\"name\":\"Accueil\",\"item\":\"https:\\\/\\\/shop.bantam.ch\\\/fr\\\/\"},{\"@type\":\"ListItem\",\"position\":2,\"name\":\"Boutique\",\"item\":\"https:\\\/\\\/shop.bantam.ch\\\/fr\\\/boutique\\\/\"},{\"@type\":\"ListItem\",\"position\":3,\"name\":\"Bol pliable BRUNNER 3 fa\u00e7ons de se plier\"}]},{\"@type\":\"WebSite\",\"@id\":\"https:\\\/\\\/shop.bantam.ch\\\/fr\\\/#website\",\"url\":\"https:\\\/\\\/shop.bantam.ch\\\/fr\\\/\",\"name\":\"Bantam\",\"description\":\"\",\"publisher\":{\"@id\":\"https:\\\/\\\/shop.bantam.ch\\\/fr\\\/#organization\"},\"inLanguage\":\"fr-FR\"},{\"@type\":\"Organization\",\"@id\":\"https:\\\/\\\/shop.bantam.ch\\\/fr\\\/#organization\",\"name\":\"Bantam\",\"url\":\"https:\\\/\\\/shop.bantam.ch\\\/fr\\\/\",\"logo\":{\"@type\":\"ImageObject\",\"inLanguage\":\"fr-FR\",\"@id\":\"https:\\\/\\\/shop.bantam.ch\\\/fr\\\/#\\\/schema\\\/logo\\\/image\\\/\",\"url\":\"https:\\\/\\\/shop.bantam.ch\\\/wp-content\\\/uploads\\\/2022\\\/12\\\/bantam-logo.png\",\"contentUrl\":\"https:\\\/\\\/shop.bantam.ch\\\/wp-content\\\/uploads\\\/2022\\\/12\\\/bantam-logo.png\",\"width\":320,\"height\":71,\"caption\":\"Bantam\"},\"image\":{\"@id\":\"https:\\\/\\\/shop.bantam.ch\\\/fr\\\/#\\\/schema\\\/logo\\\/image\\\/\"}}]}<\/script>\n<!-- \/ Yoast SEO plugin. -->","yoast_head_json":{"title":"Bol pliable BRUNNER 3 fa\u00e7ons de se plier - Bantam","robots":{"index":"index","follow":"follow","max-snippet":"max-snippet:-1","max-image-preview":"max-image-preview:large","max-video-preview":"max-video-preview:-1"},"canonical":"https:\/\/shop.bantam.ch\/fr\/produit\/bol-pliable-brunner-3-facons-de-se-plier\/","og_locale":"fr_FR","og_type":"article","og_title":"Bol pliable BRUNNER 3 fa\u00e7ons de se plier - Bantam","og_description":"Cette bassine pliable portable est un accessoire indispensable pour la cuisine de camping et de plein air. Fabriqu\u00e9e \u00e0 partir de mat\u00e9riaux \u00e9cologiques \u2014 plastique PP et silicone TPR de qualit\u00e9 alimentaire \u2014 elle s\u00e9duit par sa durabilit\u00e9, son absence d\u2019odeur et sa non-toxicit\u00e9.\u00a0Gr\u00e2ce \u00e0 sa fonction 3-en-1, elle est extr\u00eamement polyvalente : que ce [&hellip;]","og_url":"https:\/\/shop.bantam.ch\/fr\/produit\/bol-pliable-brunner-3-facons-de-se-plier\/","og_site_name":"Bantam","article_modified_time":"2026-05-02T21:57:55+00:00","og_image":[{"width":640,"height":406,"url":"https:\/\/shop.bantam.ch\/wp-content\/uploads\/2026\/04\/Movera-L-9947149100.jpg","type":"image\/jpeg"}],"twitter_card":"summary_large_image","twitter_misc":{"Dur\u00e9e de lecture estim\u00e9e":"1 minute"},"schema":{"@context":"https:\/\/schema.org","@graph":[{"@type":"WebPage","@id":"https:\/\/shop.bantam.ch\/fr\/produit\/bol-pliable-brunner-3-facons-de-se-plier\/","url":"https:\/\/shop.bantam.ch\/fr\/produit\/bol-pliable-brunner-3-facons-de-se-plier\/","name":"Bol pliable BRUNNER 3 fa\u00e7ons de se plier - Bantam","isPartOf":{"@id":"https:\/\/shop.bantam.ch\/fr\/#website"},"primaryImageOfPage":{"@id":"https:\/\/shop.bantam.ch\/fr\/produit\/bol-pliable-brunner-3-facons-de-se-plier\/#primaryimage"},"image":{"@id":"https:\/\/shop.bantam.ch\/fr\/produit\/bol-pliable-brunner-3-facons-de-se-plier\/#primaryimage"},"thumbnailUrl":"https:\/\/shop.bantam.ch\/wp-content\/uploads\/2026\/04\/Movera-L-9947149100.jpg","datePublished":"2026-04-30T06:59:40+00:00","dateModified":"2026-05-02T21:57:55+00:00","breadcrumb":{"@id":"https:\/\/shop.bantam.ch\/fr\/produit\/bol-pliable-brunner-3-facons-de-se-plier\/#breadcrumb"},"inLanguage":"fr-FR","potentialAction":[{"@type":"ReadAction","target":["https:\/\/shop.bantam.ch\/fr\/produit\/bol-pliable-brunner-3-facons-de-se-plier\/"]}]},{"@type":"ImageObject","inLanguage":"fr-FR","@id":"https:\/\/shop.bantam.ch\/fr\/produit\/bol-pliable-brunner-3-facons-de-se-plier\/#primaryimage","url":"https:\/\/shop.bantam.ch\/wp-content\/uploads\/2026\/04\/Movera-L-9947149100.jpg","contentUrl":"https:\/\/shop.bantam.ch\/wp-content\/uploads\/2026\/04\/Movera-L-9947149100.jpg","width":640,"height":406},{"@type":"BreadcrumbList","@id":"https:\/\/shop.bantam.ch\/fr\/produit\/bol-pliable-brunner-3-facons-de-se-plier\/#breadcrumb","itemListElement":[{"@type":"ListItem","position":1,"name":"Accueil","item":"https:\/\/shop.bantam.ch\/fr\/"},{"@type":"ListItem","position":2,"name":"Boutique","item":"https:\/\/shop.bantam.ch\/fr\/boutique\/"},{"@type":"ListItem","position":3,"name":"Bol pliable BRUNNER 3 fa\u00e7ons de se plier"}]},{"@type":"WebSite","@id":"https:\/\/shop.bantam.ch\/fr\/#website","url":"https:\/\/shop.bantam.ch\/fr\/","name":"Bantam","description":"","publisher":{"@id":"https:\/\/shop.bantam.ch\/fr\/#organization"},"inLanguage":"fr-FR"},{"@type":"Organization","@id":"https:\/\/shop.bantam.ch\/fr\/#organization","name":"Bantam","url":"https:\/\/shop.bantam.ch\/fr\/","logo":{"@type":"ImageObject","inLanguage":"fr-FR","@id":"https:\/\/shop.bantam.ch\/fr\/#\/schema\/logo\/image\/","url":"https:\/\/shop.bantam.ch\/wp-content\/uploads\/2022\/12\/bantam-logo.png","contentUrl":"https:\/\/shop.bantam.ch\/wp-content\/uploads\/2022\/12\/bantam-logo.png","width":320,"height":71,"caption":"Bantam"},"image":{"@id":"https:\/\/shop.bantam.ch\/fr\/#\/schema\/logo\/image\/"}}]}},"_links":{"self":[{"href":"https:\/\/shop.bantam.ch\/fr\/wp-json\/wp\/v2\/product\/236647","targetHints":{"allow":["GET"]}}],"collection":[{"href":"https:\/\/shop.bantam.ch\/fr\/wp-json\/wp\/v2\/product"}],"about":[{"href":"https:\/\/shop.bantam.ch\/fr\/wp-json\/wp\/v2\/types\/product"}],"wp:featuredmedia":[{"embeddable":true,"href":"https:\/\/shop.bantam.ch\/fr\/wp-json\/wp\/v2\/media\/236639"}],"wp:attachment":[{"href":"https:\/\/shop.bantam.ch\/fr\/wp-json\/wp\/v2\/media?parent=236647"}],"wp:term":[{"taxonomy":"product_featured_cat","embeddable":true,"href":"https:\/\/shop.bantam.ch\/fr\/wp-json\/wp\/v2\/product_featured_cat?post=236647"},{"taxonomy":"product_brand","embeddable":true,"href":"https:\/\/shop.bantam.ch\/fr\/wp-json\/wp\/v2\/product_brand?post=236647"},{"taxonomy":"product_cat","embeddable":true,"href":"https:\/\/shop.bantam.ch\/fr\/wp-json\/wp\/v2\/product_cat?post=236647"},{"taxonomy":"product_tag","embeddable":true,"href":"https:\/\/shop.bantam.ch\/fr\/wp-json\/wp\/v2\/product_tag?post=236647"}],"curies":[{"name":"wp","href":"https:\/\/api.w.org\/{rel}","templated":true}]}}