{"id":236510,"date":"2026-04-29T16:51:47","date_gmt":"2026-04-29T14:51:47","guid":{"rendered":"https:\/\/shop.bantam.ch\/produit\/climatisation-ecoflow-wave-2-kit-avec-batterie-supplementaire\/"},"modified":"2026-05-05T23:58:43","modified_gmt":"2026-05-05T21:58:43","slug":"climatisation-ecoflow-wave-2-kit-avec-batterie-supplementaire","status":"publish","type":"product","link":"https:\/\/shop.bantam.ch\/fr\/produit\/climatisation-ecoflow-wave-2-kit-avec-batterie-supplementaire\/","title":{"rendered":"Climatisation ECOFLOW Wave 2 Kit avec batterie suppl\u00e9mentaire"},"content":{"rendered":"<p data-start=\"0\" data-end=\"323\">Die EcoFlow Wave 3 tragbare Klimaanlage ist f\u00fcr jedes Szenario gemacht. Mit einer K\u00fchlleistung von 6100 BTU (Temperaturabsenkung um ca. 8 \u00b0C in nur 15 Minuten) und einer Heizleistung von 6800 BTU (Temperaturerh\u00f6hung um ca. 9,5 \u00b0C in 15 Minuten) sorgt sie zuverl\u00e4ssig f\u00fcr angenehme Bedingungen in jeder Umgebung.<\/p>\n<p data-start=\"325\" data-end=\"580\">Smarte Steuerung mit EcoFlow OASIS<br data-start=\"359\" data-end=\"362\"><br \/>\nVerwalten Sie alles ganz einfach \u2013 von der aktuellen Batteriestatusanzeige \u00fcber Wasserablauf-Benachrichtigungen, Modus\u00e4nderungen bis hin zu geplanten Abschaltungen \u2013 alles direkt von Ihrem Smartphone, egal wo Sie sind.<\/p>\n<p data-start=\"582\" data-end=\"758\">Automatische Funktion: Wechselt automatisch auf Heizen, wenn die Temperatur sinkt, und h\u00e4lt Sie selbst bei k\u00fchlen Camping-Trips in den Bergen warm f\u00fcr eine erholsame Nachtruhe.<\/p>\n<p data-start=\"760\" data-end=\"774\">Eigenschaften:<\/p>\n<p data-start=\"776\" data-end=\"1635\">Haustierpflege: Legen Sie in der App einen Temperaturbereich von 35\u201345 \u00b0C fest \u2013 so wird automatisch die K\u00fchlung gestartet, wenn es Ihrem Haustier drinnen zu hei\u00df wird. Sobald die eingestellte Temperatur \u00fcberschritten wird, erhalten Sie zudem eine Benachrichtigung \u00fcber die App.<br data-start=\"1054\" data-end=\"1057\"><br \/>\nEntfeuchtungsfunktion: Passt die Luftfeuchtigkeit auf das gew\u00fcnschte Niveau an, damit Sie sich auch w\u00e4hrend der Regenzeit wohlf\u00fchlen.<br data-start=\"1190\" data-end=\"1193\"><br \/>\nSchlafmodus: Arbeitet mit nur 44 dB, etwa so laut wie ein ruhiges Gespr\u00e4ch und sorgt f\u00fcr ungest\u00f6rten Schlaf.<br data-start=\"1301\" data-end=\"1304\"><br \/>\nWasserablauf-Erinnerung: Wenn der Wassertank fast voll ist, erinnert die App an die Entleerung f\u00fcr optimale Leistung.<br data-start=\"1421\" data-end=\"1424\"><br \/>\n15 Minuten f\u00fcr sofortige Abk\u00fchlung oder wohlige W\u00e4rme<br data-start=\"1477\" data-end=\"1480\"><br \/>\n8 Stunden kabelloser Komfort mit der Zusatzbatterie<br data-start=\"1531\" data-end=\"1534\"><br \/>\nEinfache Installation<br data-start=\"1555\" data-end=\"1558\"><br \/>\nVielf\u00e4ltige M\u00f6glichkeiten zum Aufladen<br data-start=\"1596\" data-end=\"1599\"><br \/>\nNahtlose Steuerung per EcoFlow App<\/p>\n<p data-start=\"1637\" data-end=\"1653\">Technische Daten<\/p>\n<p data-start=\"1655\" data-end=\"2308\">Abmessungen: 519 \u00d7 297 \u00d7 336 mm<br data-start=\"1686\" data-end=\"1689\"><br \/>\nK\u00fchlleistung: 1800 W (6 100 BTU)<br data-start=\"1721\" data-end=\"1724\"><br \/>\nHeizleistung: 2000 W (6 800 BTU)<br data-start=\"1756\" data-end=\"1759\"><br \/>\nTemperatur-Einstellbereich: 16\u201330 \u00b0C<br data-start=\"1795\" data-end=\"1798\"><br \/>\nK\u00e4ltemittel\/Menge: R290 \/ 112 g<br data-start=\"1829\" data-end=\"1832\"><br \/>\nLuftmenge: 330 m\u00b3\/h<br data-start=\"1851\" data-end=\"1854\"><br \/>\nNennk\u00fchlleistung (AC\/DC): 690 W \/ 640 W<br data-start=\"1893\" data-end=\"1896\"><br \/>\nNenneingangsleistung der Heizung (AC\/DC): 645 W \/ 606 W<br data-start=\"1951\" data-end=\"1954\"><br \/>\nK\u00fchleffizienz (AC\/DC): 2,6 \/ 2,8<br data-start=\"1986\" data-end=\"1989\"><br \/>\nHeizeffizienz (AC\/DC): 3,1 \/ 3,3<br data-start=\"2021\" data-end=\"2024\"><br \/>\nAC Eingang: 100\u2013240 V ~ 50\/60 Hz, 820 W max.<br data-start=\"2068\" data-end=\"2071\"><br \/>\nZusatzbatterie-Eingang: 700 W max.<br data-start=\"2105\" data-end=\"2108\"><br \/>\nBetriebstemperatur: 5\u201350 \u00b0C<br data-start=\"2135\" data-end=\"2138\"><br \/>\nIP-Schutzklasse: IPX4<br data-start=\"2159\" data-end=\"2162\"><br \/>\nBetriebsger\u00e4usch: 44\u201358 dB<br data-start=\"2188\" data-end=\"2191\"><br \/>\nFernsteuerung: App (WLAN 2.4G\/5G, Bluetooth)<br data-start=\"2235\" data-end=\"2238\"><br \/>\nLaufzeit mit EcoFlow Zusatzbatterie: 2\u20138 Std.<br data-start=\"2283\" data-end=\"2286\"><br \/>\nGewicht: ca. 15,6 kg<\/p>\n<p data-start=\"2310\" data-end=\"2323\">Lieferumfang:<\/p>\n<p data-start=\"2325\" data-end=\"2479\">WAVE 3 Klimaanlage<br data-start=\"2343\" data-end=\"2346\"><br \/>\nIsolierte Abluftleitung<br data-start=\"2369\" data-end=\"2372\"><br \/>\nKabelwickler<br data-start=\"2384\" data-end=\"2387\"><br \/>\nAbluftadapterabdeckungen (A, B, C)<br data-start=\"2421\" data-end=\"2424\"><br \/>\nAbflussrohr<br data-start=\"2435\" data-end=\"2438\"><br \/>\nSchablone f\u00fcr Leitungsgr\u00f6\u00dfe<br data-start=\"2465\" data-end=\"2468\"><br \/>\nAnleitung<\/p>\n<\/p>\n<p data-start=\"2481\" data-end=\"2520\" data-is-last-node=\"\" data-is-only-node=\"\">Optionales Zubeh\u00f6r:<br data-start=\"2500\" data-end=\"2503\"><br \/>\nWave 3 Zusatzakku<\/p>\n","protected":false},"excerpt":{"rendered":"<p>Die EcoFlow Wave 3 tragbare Klimaanlage ist f\u00fcr jedes Szenario gemacht. Mit einer K\u00fchlleistung von 6100 BTU (Temperaturabsenkung um ca. 8 \u00b0C in nur 15 Minuten) und einer Heizleistung von 6800 BTU (Temperaturerh\u00f6hung um ca. 9,5 \u00b0C in 15 Minuten) sorgt sie zuverl\u00e4ssig f\u00fcr angenehme Bedingungen in jeder Umgebung. Smarte Steuerung mit EcoFlow OASIS Verwalten [&hellip;]<\/p>\n","protected":false},"featured_media":236500,"template":"","meta":{"_acf_changed":false},"product_featured_cat":[],"product_brand":[3628],"product_cat":[4089],"product_tag":[],"class_list":{"0":"post-236510","1":"product","2":"type-product","3":"status-publish","4":"has-post-thumbnail","6":"product_brand-ecoflow","7":"product_cat-climatisations","9":"first","10":"instock","11":"taxable","12":"shipping-taxable","13":"purchasable","14":"product-type-simple"},"acf":[],"yoast_head":"<!-- This site is optimized with the Yoast SEO plugin v27.5 - https:\/\/yoast.com\/product\/yoast-seo-wordpress\/ -->\n<title>Climatisation ECOFLOW Wave 2 Kit avec batterie suppl\u00e9mentaire - Bantam<\/title>\n<meta name=\"robots\" content=\"index, follow, max-snippet:-1, max-image-preview:large, max-video-preview:-1\" \/>\n<link rel=\"canonical\" href=\"https:\/\/shop.bantam.ch\/fr\/produit\/climatisation-ecoflow-wave-2-kit-avec-batterie-supplementaire\/\" \/>\n<meta property=\"og:locale\" content=\"fr_FR\" \/>\n<meta property=\"og:type\" content=\"article\" \/>\n<meta property=\"og:title\" content=\"Climatisation ECOFLOW Wave 2 Kit avec batterie suppl\u00e9mentaire - Bantam\" \/>\n<meta property=\"og:description\" content=\"Die EcoFlow Wave 3 tragbare Klimaanlage ist f\u00fcr jedes Szenario gemacht. Mit einer K\u00fchlleistung von 6100 BTU (Temperaturabsenkung um ca. 8 \u00b0C in nur 15 Minuten) und einer Heizleistung von 6800 BTU (Temperaturerh\u00f6hung um ca. 9,5 \u00b0C in 15 Minuten) sorgt sie zuverl\u00e4ssig f\u00fcr angenehme Bedingungen in jeder Umgebung. Smarte Steuerung mit EcoFlow OASIS Verwalten [&hellip;]\" \/>\n<meta property=\"og:url\" content=\"https:\/\/shop.bantam.ch\/fr\/produit\/climatisation-ecoflow-wave-2-kit-avec-batterie-supplementaire\/\" \/>\n<meta property=\"og:site_name\" content=\"Bantam\" \/>\n<meta property=\"article:modified_time\" content=\"2026-05-05T21:58:43+00:00\" \/>\n<meta property=\"og:image\" content=\"https:\/\/shop.bantam.ch\/wp-content\/uploads\/2026\/04\/Movera-L-9947028100.png\" \/>\n\t<meta property=\"og:image:width\" content=\"640\" \/>\n\t<meta property=\"og:image:height\" content=\"360\" \/>\n\t<meta property=\"og:image:type\" content=\"image\/png\" \/>\n<meta name=\"twitter:card\" content=\"summary_large_image\" \/>\n<meta name=\"twitter:label1\" content=\"Dur\u00e9e de lecture estim\u00e9e\" \/>\n\t<meta name=\"twitter:data1\" content=\"2 minutes\" \/>\n<script type=\"application\/ld+json\" class=\"yoast-schema-graph\">{\"@context\":\"https:\\\/\\\/schema.org\",\"@graph\":[{\"@type\":\"WebPage\",\"@id\":\"https:\\\/\\\/shop.bantam.ch\\\/fr\\\/produit\\\/climatisation-ecoflow-wave-2-kit-avec-batterie-supplementaire\\\/\",\"url\":\"https:\\\/\\\/shop.bantam.ch\\\/fr\\\/produit\\\/climatisation-ecoflow-wave-2-kit-avec-batterie-supplementaire\\\/\",\"name\":\"Climatisation ECOFLOW Wave 2 Kit avec batterie suppl\u00e9mentaire - Bantam\",\"isPartOf\":{\"@id\":\"https:\\\/\\\/shop.bantam.ch\\\/fr\\\/#website\"},\"primaryImageOfPage\":{\"@id\":\"https:\\\/\\\/shop.bantam.ch\\\/fr\\\/produit\\\/climatisation-ecoflow-wave-2-kit-avec-batterie-supplementaire\\\/#primaryimage\"},\"image\":{\"@id\":\"https:\\\/\\\/shop.bantam.ch\\\/fr\\\/produit\\\/climatisation-ecoflow-wave-2-kit-avec-batterie-supplementaire\\\/#primaryimage\"},\"thumbnailUrl\":\"https:\\\/\\\/shop.bantam.ch\\\/wp-content\\\/uploads\\\/2026\\\/04\\\/Movera-L-9947028100.png\",\"datePublished\":\"2026-04-29T14:51:47+00:00\",\"dateModified\":\"2026-05-05T21:58:43+00:00\",\"breadcrumb\":{\"@id\":\"https:\\\/\\\/shop.bantam.ch\\\/fr\\\/produit\\\/climatisation-ecoflow-wave-2-kit-avec-batterie-supplementaire\\\/#breadcrumb\"},\"inLanguage\":\"fr-FR\",\"potentialAction\":[{\"@type\":\"ReadAction\",\"target\":[\"https:\\\/\\\/shop.bantam.ch\\\/fr\\\/produit\\\/climatisation-ecoflow-wave-2-kit-avec-batterie-supplementaire\\\/\"]}]},{\"@type\":\"ImageObject\",\"inLanguage\":\"fr-FR\",\"@id\":\"https:\\\/\\\/shop.bantam.ch\\\/fr\\\/produit\\\/climatisation-ecoflow-wave-2-kit-avec-batterie-supplementaire\\\/#primaryimage\",\"url\":\"https:\\\/\\\/shop.bantam.ch\\\/wp-content\\\/uploads\\\/2026\\\/04\\\/Movera-L-9947028100.png\",\"contentUrl\":\"https:\\\/\\\/shop.bantam.ch\\\/wp-content\\\/uploads\\\/2026\\\/04\\\/Movera-L-9947028100.png\",\"width\":640,\"height\":360},{\"@type\":\"BreadcrumbList\",\"@id\":\"https:\\\/\\\/shop.bantam.ch\\\/fr\\\/produit\\\/climatisation-ecoflow-wave-2-kit-avec-batterie-supplementaire\\\/#breadcrumb\",\"itemListElement\":[{\"@type\":\"ListItem\",\"position\":1,\"name\":\"Accueil\",\"item\":\"https:\\\/\\\/shop.bantam.ch\\\/fr\\\/\"},{\"@type\":\"ListItem\",\"position\":2,\"name\":\"Boutique\",\"item\":\"https:\\\/\\\/shop.bantam.ch\\\/fr\\\/boutique\\\/\"},{\"@type\":\"ListItem\",\"position\":3,\"name\":\"Climatisation ECOFLOW Wave 2 Kit avec batterie suppl\u00e9mentaire\"}]},{\"@type\":\"WebSite\",\"@id\":\"https:\\\/\\\/shop.bantam.ch\\\/fr\\\/#website\",\"url\":\"https:\\\/\\\/shop.bantam.ch\\\/fr\\\/\",\"name\":\"Bantam\",\"description\":\"\",\"publisher\":{\"@id\":\"https:\\\/\\\/shop.bantam.ch\\\/fr\\\/#organization\"},\"inLanguage\":\"fr-FR\"},{\"@type\":\"Organization\",\"@id\":\"https:\\\/\\\/shop.bantam.ch\\\/fr\\\/#organization\",\"name\":\"Bantam\",\"url\":\"https:\\\/\\\/shop.bantam.ch\\\/fr\\\/\",\"logo\":{\"@type\":\"ImageObject\",\"inLanguage\":\"fr-FR\",\"@id\":\"https:\\\/\\\/shop.bantam.ch\\\/fr\\\/#\\\/schema\\\/logo\\\/image\\\/\",\"url\":\"https:\\\/\\\/shop.bantam.ch\\\/wp-content\\\/uploads\\\/2022\\\/12\\\/bantam-logo.png\",\"contentUrl\":\"https:\\\/\\\/shop.bantam.ch\\\/wp-content\\\/uploads\\\/2022\\\/12\\\/bantam-logo.png\",\"width\":320,\"height\":71,\"caption\":\"Bantam\"},\"image\":{\"@id\":\"https:\\\/\\\/shop.bantam.ch\\\/fr\\\/#\\\/schema\\\/logo\\\/image\\\/\"}}]}<\/script>\n<!-- \/ Yoast SEO plugin. -->","yoast_head_json":{"title":"Climatisation ECOFLOW Wave 2 Kit avec batterie suppl\u00e9mentaire - Bantam","robots":{"index":"index","follow":"follow","max-snippet":"max-snippet:-1","max-image-preview":"max-image-preview:large","max-video-preview":"max-video-preview:-1"},"canonical":"https:\/\/shop.bantam.ch\/fr\/produit\/climatisation-ecoflow-wave-2-kit-avec-batterie-supplementaire\/","og_locale":"fr_FR","og_type":"article","og_title":"Climatisation ECOFLOW Wave 2 Kit avec batterie suppl\u00e9mentaire - Bantam","og_description":"Die EcoFlow Wave 3 tragbare Klimaanlage ist f\u00fcr jedes Szenario gemacht. Mit einer K\u00fchlleistung von 6100 BTU (Temperaturabsenkung um ca. 8 \u00b0C in nur 15 Minuten) und einer Heizleistung von 6800 BTU (Temperaturerh\u00f6hung um ca. 9,5 \u00b0C in 15 Minuten) sorgt sie zuverl\u00e4ssig f\u00fcr angenehme Bedingungen in jeder Umgebung. Smarte Steuerung mit EcoFlow OASIS Verwalten [&hellip;]","og_url":"https:\/\/shop.bantam.ch\/fr\/produit\/climatisation-ecoflow-wave-2-kit-avec-batterie-supplementaire\/","og_site_name":"Bantam","article_modified_time":"2026-05-05T21:58:43+00:00","og_image":[{"width":640,"height":360,"url":"https:\/\/shop.bantam.ch\/wp-content\/uploads\/2026\/04\/Movera-L-9947028100.png","type":"image\/png"}],"twitter_card":"summary_large_image","twitter_misc":{"Dur\u00e9e de lecture estim\u00e9e":"2 minutes"},"schema":{"@context":"https:\/\/schema.org","@graph":[{"@type":"WebPage","@id":"https:\/\/shop.bantam.ch\/fr\/produit\/climatisation-ecoflow-wave-2-kit-avec-batterie-supplementaire\/","url":"https:\/\/shop.bantam.ch\/fr\/produit\/climatisation-ecoflow-wave-2-kit-avec-batterie-supplementaire\/","name":"Climatisation ECOFLOW Wave 2 Kit avec batterie suppl\u00e9mentaire - Bantam","isPartOf":{"@id":"https:\/\/shop.bantam.ch\/fr\/#website"},"primaryImageOfPage":{"@id":"https:\/\/shop.bantam.ch\/fr\/produit\/climatisation-ecoflow-wave-2-kit-avec-batterie-supplementaire\/#primaryimage"},"image":{"@id":"https:\/\/shop.bantam.ch\/fr\/produit\/climatisation-ecoflow-wave-2-kit-avec-batterie-supplementaire\/#primaryimage"},"thumbnailUrl":"https:\/\/shop.bantam.ch\/wp-content\/uploads\/2026\/04\/Movera-L-9947028100.png","datePublished":"2026-04-29T14:51:47+00:00","dateModified":"2026-05-05T21:58:43+00:00","breadcrumb":{"@id":"https:\/\/shop.bantam.ch\/fr\/produit\/climatisation-ecoflow-wave-2-kit-avec-batterie-supplementaire\/#breadcrumb"},"inLanguage":"fr-FR","potentialAction":[{"@type":"ReadAction","target":["https:\/\/shop.bantam.ch\/fr\/produit\/climatisation-ecoflow-wave-2-kit-avec-batterie-supplementaire\/"]}]},{"@type":"ImageObject","inLanguage":"fr-FR","@id":"https:\/\/shop.bantam.ch\/fr\/produit\/climatisation-ecoflow-wave-2-kit-avec-batterie-supplementaire\/#primaryimage","url":"https:\/\/shop.bantam.ch\/wp-content\/uploads\/2026\/04\/Movera-L-9947028100.png","contentUrl":"https:\/\/shop.bantam.ch\/wp-content\/uploads\/2026\/04\/Movera-L-9947028100.png","width":640,"height":360},{"@type":"BreadcrumbList","@id":"https:\/\/shop.bantam.ch\/fr\/produit\/climatisation-ecoflow-wave-2-kit-avec-batterie-supplementaire\/#breadcrumb","itemListElement":[{"@type":"ListItem","position":1,"name":"Accueil","item":"https:\/\/shop.bantam.ch\/fr\/"},{"@type":"ListItem","position":2,"name":"Boutique","item":"https:\/\/shop.bantam.ch\/fr\/boutique\/"},{"@type":"ListItem","position":3,"name":"Climatisation ECOFLOW Wave 2 Kit avec batterie suppl\u00e9mentaire"}]},{"@type":"WebSite","@id":"https:\/\/shop.bantam.ch\/fr\/#website","url":"https:\/\/shop.bantam.ch\/fr\/","name":"Bantam","description":"","publisher":{"@id":"https:\/\/shop.bantam.ch\/fr\/#organization"},"inLanguage":"fr-FR"},{"@type":"Organization","@id":"https:\/\/shop.bantam.ch\/fr\/#organization","name":"Bantam","url":"https:\/\/shop.bantam.ch\/fr\/","logo":{"@type":"ImageObject","inLanguage":"fr-FR","@id":"https:\/\/shop.bantam.ch\/fr\/#\/schema\/logo\/image\/","url":"https:\/\/shop.bantam.ch\/wp-content\/uploads\/2022\/12\/bantam-logo.png","contentUrl":"https:\/\/shop.bantam.ch\/wp-content\/uploads\/2022\/12\/bantam-logo.png","width":320,"height":71,"caption":"Bantam"},"image":{"@id":"https:\/\/shop.bantam.ch\/fr\/#\/schema\/logo\/image\/"}}]}},"_links":{"self":[{"href":"https:\/\/shop.bantam.ch\/fr\/wp-json\/wp\/v2\/product\/236510","targetHints":{"allow":["GET"]}}],"collection":[{"href":"https:\/\/shop.bantam.ch\/fr\/wp-json\/wp\/v2\/product"}],"about":[{"href":"https:\/\/shop.bantam.ch\/fr\/wp-json\/wp\/v2\/types\/product"}],"wp:featuredmedia":[{"embeddable":true,"href":"https:\/\/shop.bantam.ch\/fr\/wp-json\/wp\/v2\/media\/236500"}],"wp:attachment":[{"href":"https:\/\/shop.bantam.ch\/fr\/wp-json\/wp\/v2\/media?parent=236510"}],"wp:term":[{"taxonomy":"product_featured_cat","embeddable":true,"href":"https:\/\/shop.bantam.ch\/fr\/wp-json\/wp\/v2\/product_featured_cat?post=236510"},{"taxonomy":"product_brand","embeddable":true,"href":"https:\/\/shop.bantam.ch\/fr\/wp-json\/wp\/v2\/product_brand?post=236510"},{"taxonomy":"product_cat","embeddable":true,"href":"https:\/\/shop.bantam.ch\/fr\/wp-json\/wp\/v2\/product_cat?post=236510"},{"taxonomy":"product_tag","embeddable":true,"href":"https:\/\/shop.bantam.ch\/fr\/wp-json\/wp\/v2\/product_tag?post=236510"}],"curies":[{"name":"wp","href":"https:\/\/api.w.org\/{rel}","templated":true}]}}