{"id":236496,"date":"2026-04-29T16:44:10","date_gmt":"2026-04-29T14:44:10","guid":{"rendered":"https:\/\/shop.bantam.ch\/produit\/camera-de-recul-twin-shutter-caratec-avec-adaptateur-chinch-incl-20m-de-cable-de-raccordement\/"},"modified":"2026-05-11T23:59:23","modified_gmt":"2026-05-11T21:59:23","slug":"camera-de-recul-twin-shutter-caratec-avec-adaptateur-chinch-incl-20m-de-cable-de-raccordement","status":"publish","type":"product","link":"https:\/\/shop.bantam.ch\/fr\/produit\/camera-de-recul-twin-shutter-caratec-avec-adaptateur-chinch-incl-20m-de-cable-de-raccordement\/","title":{"rendered":"Cam\u00e9ra de recul Twin Shutter Caratec avec adaptateur chinch incl. 20m de c\u00e2ble de raccordement"},"content":{"rendered":"<p data-start=\"71\" data-end=\"348\">La CS100TSLA est la cam\u00e9ra \u00e0 double obturateur (Twin-Shutter) de Caratec.\u00a0Elle combine deux cam\u00e9ras dans un seul bo\u00eetier, offrant ainsi une visibilit\u00e9 optimale sur le trafic arri\u00e8re pendant la conduite ainsi que sur la zone situ\u00e9e derri\u00e8re le v\u00e9hicule lors des man\u0153uvres.\u00a0L\u2019obturateur motoris\u00e9 prot\u00e8ge la lentille de la cam\u00e9ra contre les salissures.\u00a0Un racleur en caoutchouc int\u00e9gr\u00e9 nettoie la vitre devant les deux cam\u00e9ras \u00e0 chaque activation et assure en m\u00eame temps une \u00e9tanch\u00e9it\u00e9 suppl\u00e9mentaire.\u00a0Gr\u00e2ce \u00e0 la connexion directe, aucun bo\u00eetier de commutation n\u2019est n\u00e9cessaire : le passage d\u2019une cam\u00e9ra \u00e0 l\u2019autre s\u2019effectue simplement et confortablement via l\u2019\u00e9cran du syst\u00e8me de navigation.\u00a0Lorsque la marche arri\u00e8re est engag\u00e9e, la vue vers le bas s\u2019active automatiquement.\u00a0Contenu de la livraison :\u00a0inclut le CS100TSU, deux adaptateurs Cinch et un c\u00e2ble de raccordement de 20 m.<\/p>\n","protected":false},"excerpt":{"rendered":"<p>La CS100TSLA est la cam\u00e9ra \u00e0 double obturateur (Twin-Shutter) de Caratec.\u00a0Elle combine deux cam\u00e9ras dans un seul bo\u00eetier, offrant ainsi une visibilit\u00e9 optimale sur le trafic arri\u00e8re pendant la conduite ainsi que sur la zone situ\u00e9e derri\u00e8re le v\u00e9hicule lors des man\u0153uvres.\u00a0L\u2019obturateur motoris\u00e9 prot\u00e8ge la lentille de la cam\u00e9ra contre les salissures.\u00a0Un racleur en caoutchouc [&hellip;]<\/p>\n","protected":false},"featured_media":236494,"template":"","meta":{"_acf_changed":false},"product_featured_cat":[],"product_brand":[3070],"product_cat":[5001],"product_tag":[],"class_list":{"0":"post-236496","1":"product","2":"type-product","3":"status-publish","4":"has-post-thumbnail","6":"product_brand-caratec","7":"product_cat-cameras","9":"first","10":"instock","11":"taxable","12":"shipping-taxable","13":"purchasable","14":"product-type-simple"},"acf":[],"yoast_head":"<!-- This site is optimized with the Yoast SEO plugin v27.5 - https:\/\/yoast.com\/product\/yoast-seo-wordpress\/ -->\n<title>Cam\u00e9ra de recul Twin Shutter Caratec avec adaptateur chinch incl. 20m de c\u00e2ble de raccordement - Bantam<\/title>\n<meta name=\"robots\" content=\"index, follow, max-snippet:-1, max-image-preview:large, max-video-preview:-1\" \/>\n<link rel=\"canonical\" href=\"https:\/\/shop.bantam.ch\/fr\/produit\/camera-de-recul-twin-shutter-caratec-avec-adaptateur-chinch-incl-20m-de-cable-de-raccordement\/\" \/>\n<meta property=\"og:locale\" content=\"fr_FR\" \/>\n<meta property=\"og:type\" content=\"article\" \/>\n<meta property=\"og:title\" content=\"Cam\u00e9ra de recul Twin Shutter Caratec avec adaptateur chinch incl. 20m de c\u00e2ble de raccordement - Bantam\" \/>\n<meta property=\"og:description\" content=\"La CS100TSLA est la cam\u00e9ra \u00e0 double obturateur (Twin-Shutter) de Caratec.\u00a0Elle combine deux cam\u00e9ras dans un seul bo\u00eetier, offrant ainsi une visibilit\u00e9 optimale sur le trafic arri\u00e8re pendant la conduite ainsi que sur la zone situ\u00e9e derri\u00e8re le v\u00e9hicule lors des man\u0153uvres.\u00a0L\u2019obturateur motoris\u00e9 prot\u00e8ge la lentille de la cam\u00e9ra contre les salissures.\u00a0Un racleur en caoutchouc [&hellip;]\" \/>\n<meta property=\"og:url\" content=\"https:\/\/shop.bantam.ch\/fr\/produit\/camera-de-recul-twin-shutter-caratec-avec-adaptateur-chinch-incl-20m-de-cable-de-raccordement\/\" \/>\n<meta property=\"og:site_name\" content=\"Bantam\" \/>\n<meta property=\"article:modified_time\" content=\"2026-05-11T21:59:23+00:00\" \/>\n<meta property=\"og:image\" content=\"https:\/\/shop.bantam.ch\/wp-content\/uploads\/2026\/04\/Movera-L-9947004100.jpg\" \/>\n\t<meta property=\"og:image:width\" content=\"494\" \/>\n\t<meta property=\"og:image:height\" content=\"494\" \/>\n\t<meta property=\"og:image:type\" content=\"image\/jpeg\" \/>\n<meta name=\"twitter:card\" content=\"summary_large_image\" \/>\n<meta name=\"twitter:label1\" content=\"Dur\u00e9e de lecture estim\u00e9e\" \/>\n\t<meta name=\"twitter:data1\" content=\"1 minute\" \/>\n<script type=\"application\/ld+json\" class=\"yoast-schema-graph\">{\"@context\":\"https:\\\/\\\/schema.org\",\"@graph\":[{\"@type\":\"WebPage\",\"@id\":\"https:\\\/\\\/shop.bantam.ch\\\/fr\\\/produit\\\/camera-de-recul-twin-shutter-caratec-avec-adaptateur-chinch-incl-20m-de-cable-de-raccordement\\\/\",\"url\":\"https:\\\/\\\/shop.bantam.ch\\\/fr\\\/produit\\\/camera-de-recul-twin-shutter-caratec-avec-adaptateur-chinch-incl-20m-de-cable-de-raccordement\\\/\",\"name\":\"Cam\u00e9ra de recul Twin Shutter Caratec avec adaptateur chinch incl. 20m de c\u00e2ble de raccordement - Bantam\",\"isPartOf\":{\"@id\":\"https:\\\/\\\/shop.bantam.ch\\\/fr\\\/#website\"},\"primaryImageOfPage\":{\"@id\":\"https:\\\/\\\/shop.bantam.ch\\\/fr\\\/produit\\\/camera-de-recul-twin-shutter-caratec-avec-adaptateur-chinch-incl-20m-de-cable-de-raccordement\\\/#primaryimage\"},\"image\":{\"@id\":\"https:\\\/\\\/shop.bantam.ch\\\/fr\\\/produit\\\/camera-de-recul-twin-shutter-caratec-avec-adaptateur-chinch-incl-20m-de-cable-de-raccordement\\\/#primaryimage\"},\"thumbnailUrl\":\"https:\\\/\\\/shop.bantam.ch\\\/wp-content\\\/uploads\\\/2026\\\/04\\\/Movera-L-9947004100.jpg\",\"datePublished\":\"2026-04-29T14:44:10+00:00\",\"dateModified\":\"2026-05-11T21:59:23+00:00\",\"breadcrumb\":{\"@id\":\"https:\\\/\\\/shop.bantam.ch\\\/fr\\\/produit\\\/camera-de-recul-twin-shutter-caratec-avec-adaptateur-chinch-incl-20m-de-cable-de-raccordement\\\/#breadcrumb\"},\"inLanguage\":\"fr-FR\",\"potentialAction\":[{\"@type\":\"ReadAction\",\"target\":[\"https:\\\/\\\/shop.bantam.ch\\\/fr\\\/produit\\\/camera-de-recul-twin-shutter-caratec-avec-adaptateur-chinch-incl-20m-de-cable-de-raccordement\\\/\"]}]},{\"@type\":\"ImageObject\",\"inLanguage\":\"fr-FR\",\"@id\":\"https:\\\/\\\/shop.bantam.ch\\\/fr\\\/produit\\\/camera-de-recul-twin-shutter-caratec-avec-adaptateur-chinch-incl-20m-de-cable-de-raccordement\\\/#primaryimage\",\"url\":\"https:\\\/\\\/shop.bantam.ch\\\/wp-content\\\/uploads\\\/2026\\\/04\\\/Movera-L-9947004100.jpg\",\"contentUrl\":\"https:\\\/\\\/shop.bantam.ch\\\/wp-content\\\/uploads\\\/2026\\\/04\\\/Movera-L-9947004100.jpg\",\"width\":494,\"height\":494},{\"@type\":\"BreadcrumbList\",\"@id\":\"https:\\\/\\\/shop.bantam.ch\\\/fr\\\/produit\\\/camera-de-recul-twin-shutter-caratec-avec-adaptateur-chinch-incl-20m-de-cable-de-raccordement\\\/#breadcrumb\",\"itemListElement\":[{\"@type\":\"ListItem\",\"position\":1,\"name\":\"Accueil\",\"item\":\"https:\\\/\\\/shop.bantam.ch\\\/fr\\\/\"},{\"@type\":\"ListItem\",\"position\":2,\"name\":\"Boutique\",\"item\":\"https:\\\/\\\/shop.bantam.ch\\\/fr\\\/boutique\\\/\"},{\"@type\":\"ListItem\",\"position\":3,\"name\":\"Cam\u00e9ra de recul Twin Shutter Caratec avec adaptateur chinch incl. 20m de c\u00e2ble de raccordement\"}]},{\"@type\":\"WebSite\",\"@id\":\"https:\\\/\\\/shop.bantam.ch\\\/fr\\\/#website\",\"url\":\"https:\\\/\\\/shop.bantam.ch\\\/fr\\\/\",\"name\":\"Bantam\",\"description\":\"\",\"publisher\":{\"@id\":\"https:\\\/\\\/shop.bantam.ch\\\/fr\\\/#organization\"},\"inLanguage\":\"fr-FR\"},{\"@type\":\"Organization\",\"@id\":\"https:\\\/\\\/shop.bantam.ch\\\/fr\\\/#organization\",\"name\":\"Bantam\",\"url\":\"https:\\\/\\\/shop.bantam.ch\\\/fr\\\/\",\"logo\":{\"@type\":\"ImageObject\",\"inLanguage\":\"fr-FR\",\"@id\":\"https:\\\/\\\/shop.bantam.ch\\\/fr\\\/#\\\/schema\\\/logo\\\/image\\\/\",\"url\":\"https:\\\/\\\/shop.bantam.ch\\\/wp-content\\\/uploads\\\/2022\\\/12\\\/bantam-logo.png\",\"contentUrl\":\"https:\\\/\\\/shop.bantam.ch\\\/wp-content\\\/uploads\\\/2022\\\/12\\\/bantam-logo.png\",\"width\":320,\"height\":71,\"caption\":\"Bantam\"},\"image\":{\"@id\":\"https:\\\/\\\/shop.bantam.ch\\\/fr\\\/#\\\/schema\\\/logo\\\/image\\\/\"}}]}<\/script>\n<!-- \/ Yoast SEO plugin. -->","yoast_head_json":{"title":"Cam\u00e9ra de recul Twin Shutter Caratec avec adaptateur chinch incl. 20m de c\u00e2ble de raccordement - Bantam","robots":{"index":"index","follow":"follow","max-snippet":"max-snippet:-1","max-image-preview":"max-image-preview:large","max-video-preview":"max-video-preview:-1"},"canonical":"https:\/\/shop.bantam.ch\/fr\/produit\/camera-de-recul-twin-shutter-caratec-avec-adaptateur-chinch-incl-20m-de-cable-de-raccordement\/","og_locale":"fr_FR","og_type":"article","og_title":"Cam\u00e9ra de recul Twin Shutter Caratec avec adaptateur chinch incl. 20m de c\u00e2ble de raccordement - Bantam","og_description":"La CS100TSLA est la cam\u00e9ra \u00e0 double obturateur (Twin-Shutter) de Caratec.\u00a0Elle combine deux cam\u00e9ras dans un seul bo\u00eetier, offrant ainsi une visibilit\u00e9 optimale sur le trafic arri\u00e8re pendant la conduite ainsi que sur la zone situ\u00e9e derri\u00e8re le v\u00e9hicule lors des man\u0153uvres.\u00a0L\u2019obturateur motoris\u00e9 prot\u00e8ge la lentille de la cam\u00e9ra contre les salissures.\u00a0Un racleur en caoutchouc [&hellip;]","og_url":"https:\/\/shop.bantam.ch\/fr\/produit\/camera-de-recul-twin-shutter-caratec-avec-adaptateur-chinch-incl-20m-de-cable-de-raccordement\/","og_site_name":"Bantam","article_modified_time":"2026-05-11T21:59:23+00:00","og_image":[{"width":494,"height":494,"url":"https:\/\/shop.bantam.ch\/wp-content\/uploads\/2026\/04\/Movera-L-9947004100.jpg","type":"image\/jpeg"}],"twitter_card":"summary_large_image","twitter_misc":{"Dur\u00e9e de lecture estim\u00e9e":"1 minute"},"schema":{"@context":"https:\/\/schema.org","@graph":[{"@type":"WebPage","@id":"https:\/\/shop.bantam.ch\/fr\/produit\/camera-de-recul-twin-shutter-caratec-avec-adaptateur-chinch-incl-20m-de-cable-de-raccordement\/","url":"https:\/\/shop.bantam.ch\/fr\/produit\/camera-de-recul-twin-shutter-caratec-avec-adaptateur-chinch-incl-20m-de-cable-de-raccordement\/","name":"Cam\u00e9ra de recul Twin Shutter Caratec avec adaptateur chinch incl. 20m de c\u00e2ble de raccordement - Bantam","isPartOf":{"@id":"https:\/\/shop.bantam.ch\/fr\/#website"},"primaryImageOfPage":{"@id":"https:\/\/shop.bantam.ch\/fr\/produit\/camera-de-recul-twin-shutter-caratec-avec-adaptateur-chinch-incl-20m-de-cable-de-raccordement\/#primaryimage"},"image":{"@id":"https:\/\/shop.bantam.ch\/fr\/produit\/camera-de-recul-twin-shutter-caratec-avec-adaptateur-chinch-incl-20m-de-cable-de-raccordement\/#primaryimage"},"thumbnailUrl":"https:\/\/shop.bantam.ch\/wp-content\/uploads\/2026\/04\/Movera-L-9947004100.jpg","datePublished":"2026-04-29T14:44:10+00:00","dateModified":"2026-05-11T21:59:23+00:00","breadcrumb":{"@id":"https:\/\/shop.bantam.ch\/fr\/produit\/camera-de-recul-twin-shutter-caratec-avec-adaptateur-chinch-incl-20m-de-cable-de-raccordement\/#breadcrumb"},"inLanguage":"fr-FR","potentialAction":[{"@type":"ReadAction","target":["https:\/\/shop.bantam.ch\/fr\/produit\/camera-de-recul-twin-shutter-caratec-avec-adaptateur-chinch-incl-20m-de-cable-de-raccordement\/"]}]},{"@type":"ImageObject","inLanguage":"fr-FR","@id":"https:\/\/shop.bantam.ch\/fr\/produit\/camera-de-recul-twin-shutter-caratec-avec-adaptateur-chinch-incl-20m-de-cable-de-raccordement\/#primaryimage","url":"https:\/\/shop.bantam.ch\/wp-content\/uploads\/2026\/04\/Movera-L-9947004100.jpg","contentUrl":"https:\/\/shop.bantam.ch\/wp-content\/uploads\/2026\/04\/Movera-L-9947004100.jpg","width":494,"height":494},{"@type":"BreadcrumbList","@id":"https:\/\/shop.bantam.ch\/fr\/produit\/camera-de-recul-twin-shutter-caratec-avec-adaptateur-chinch-incl-20m-de-cable-de-raccordement\/#breadcrumb","itemListElement":[{"@type":"ListItem","position":1,"name":"Accueil","item":"https:\/\/shop.bantam.ch\/fr\/"},{"@type":"ListItem","position":2,"name":"Boutique","item":"https:\/\/shop.bantam.ch\/fr\/boutique\/"},{"@type":"ListItem","position":3,"name":"Cam\u00e9ra de recul Twin Shutter Caratec avec adaptateur chinch incl. 20m de c\u00e2ble de raccordement"}]},{"@type":"WebSite","@id":"https:\/\/shop.bantam.ch\/fr\/#website","url":"https:\/\/shop.bantam.ch\/fr\/","name":"Bantam","description":"","publisher":{"@id":"https:\/\/shop.bantam.ch\/fr\/#organization"},"inLanguage":"fr-FR"},{"@type":"Organization","@id":"https:\/\/shop.bantam.ch\/fr\/#organization","name":"Bantam","url":"https:\/\/shop.bantam.ch\/fr\/","logo":{"@type":"ImageObject","inLanguage":"fr-FR","@id":"https:\/\/shop.bantam.ch\/fr\/#\/schema\/logo\/image\/","url":"https:\/\/shop.bantam.ch\/wp-content\/uploads\/2022\/12\/bantam-logo.png","contentUrl":"https:\/\/shop.bantam.ch\/wp-content\/uploads\/2022\/12\/bantam-logo.png","width":320,"height":71,"caption":"Bantam"},"image":{"@id":"https:\/\/shop.bantam.ch\/fr\/#\/schema\/logo\/image\/"}}]}},"_links":{"self":[{"href":"https:\/\/shop.bantam.ch\/fr\/wp-json\/wp\/v2\/product\/236496","targetHints":{"allow":["GET"]}}],"collection":[{"href":"https:\/\/shop.bantam.ch\/fr\/wp-json\/wp\/v2\/product"}],"about":[{"href":"https:\/\/shop.bantam.ch\/fr\/wp-json\/wp\/v2\/types\/product"}],"wp:featuredmedia":[{"embeddable":true,"href":"https:\/\/shop.bantam.ch\/fr\/wp-json\/wp\/v2\/media\/236494"}],"wp:attachment":[{"href":"https:\/\/shop.bantam.ch\/fr\/wp-json\/wp\/v2\/media?parent=236496"}],"wp:term":[{"taxonomy":"product_featured_cat","embeddable":true,"href":"https:\/\/shop.bantam.ch\/fr\/wp-json\/wp\/v2\/product_featured_cat?post=236496"},{"taxonomy":"product_brand","embeddable":true,"href":"https:\/\/shop.bantam.ch\/fr\/wp-json\/wp\/v2\/product_brand?post=236496"},{"taxonomy":"product_cat","embeddable":true,"href":"https:\/\/shop.bantam.ch\/fr\/wp-json\/wp\/v2\/product_cat?post=236496"},{"taxonomy":"product_tag","embeddable":true,"href":"https:\/\/shop.bantam.ch\/fr\/wp-json\/wp\/v2\/product_tag?post=236496"}],"curies":[{"name":"wp","href":"https:\/\/api.w.org\/{rel}","templated":true}]}}