{"id":236432,"date":"2026-04-29T16:18:17","date_gmt":"2026-04-29T14:18:17","guid":{"rendered":"https:\/\/shop.bantam.ch\/produit\/jonc-dauvent-enrobe-de-textile-7-x-25-mm-12-m-couleur-grise\/"},"modified":"2026-05-11T00:00:26","modified_gmt":"2026-05-10T22:00:26","slug":"jonc-dauvent-enrobe-de-textile-7-x-25-mm-12-m-couleur-grise","status":"publish","type":"product","link":"https:\/\/shop.bantam.ch\/fr\/produit\/jonc-dauvent-enrobe-de-textile-7-x-25-mm-12-m-couleur-grise\/","title":{"rendered":"Jonc d&rsquo;auvent enrob\u00e9 de textile 7 x 25 mm 12 m couleur grise"},"content":{"rendered":"<p data-start=\"0\" data-end=\"135\">Les tissus de stores, films de protection, jupes de bas de caisse ou auvents peuvent \u00eatre cousus avec des machines \u00e0 coudre classiques.\u00a0Le diam\u00e8tre de 7 mm s\u2019adapte g\u00e9n\u00e9ralement \u00e0 tous les rails \u00e0 jonc (profil\u00e9s keders). Des versions sp\u00e9ciales, comme le double jonc, conviennent par exemple pour des solutions d\u2019adaptation.\u00a0Int\u00e9gr\u00e9 dans la b\u00e2che de protection ou dans son contour, un jonc apporte une stabilit\u00e9 suppl\u00e9mentaire \u00e0 la surface et \u00e0 la forme.<\/p>\n<\/p>\n<p data-start=\"457\" data-end=\"526\" data-is-last-node=\"\" data-is-only-node=\"\">\n<ul>\n<li>Jonc : 7 mm<\/li>\n<li>Languette (fahne) : 25 mm<\/li>\n<li>Longueur : 12 m<\/li>\n<\/ul>\n","protected":false},"excerpt":{"rendered":"<p>Les tissus de stores, films de protection, jupes de bas de caisse ou auvents peuvent \u00eatre cousus avec des machines \u00e0 coudre classiques.\u00a0Le diam\u00e8tre de 7 mm s\u2019adapte g\u00e9n\u00e9ralement \u00e0 tous les rails \u00e0 jonc (profil\u00e9s keders). Des versions sp\u00e9ciales, comme le double jonc, conviennent par exemple pour des solutions d\u2019adaptation.\u00a0Int\u00e9gr\u00e9 dans la b\u00e2che de [&hellip;]<\/p>\n","protected":false},"featured_media":236430,"template":"","meta":{"_acf_changed":false},"product_featured_cat":[],"product_brand":[3040],"product_cat":[4253],"product_tag":[],"class_list":{"0":"post-236432","1":"product","2":"type-product","3":"status-publish","4":"has-post-thumbnail","6":"product_brand-hindermann","7":"product_cat-accessoires-de-montage","9":"first","10":"instock","11":"taxable","12":"shipping-taxable","13":"purchasable","14":"product-type-simple"},"acf":[],"yoast_head":"<!-- This site is optimized with the Yoast SEO plugin v27.5 - https:\/\/yoast.com\/product\/yoast-seo-wordpress\/ -->\n<title>Jonc d&#039;auvent enrob\u00e9 de textile 7 x 25 mm 12 m couleur grise - Bantam<\/title>\n<meta name=\"robots\" content=\"index, follow, max-snippet:-1, max-image-preview:large, max-video-preview:-1\" \/>\n<link rel=\"canonical\" href=\"https:\/\/shop.bantam.ch\/fr\/produit\/jonc-dauvent-enrobe-de-textile-7-x-25-mm-12-m-couleur-grise\/\" \/>\n<meta property=\"og:locale\" content=\"fr_FR\" \/>\n<meta property=\"og:type\" content=\"article\" \/>\n<meta property=\"og:title\" content=\"Jonc d&#039;auvent enrob\u00e9 de textile 7 x 25 mm 12 m couleur grise - Bantam\" \/>\n<meta property=\"og:description\" content=\"Les tissus de stores, films de protection, jupes de bas de caisse ou auvents peuvent \u00eatre cousus avec des machines \u00e0 coudre classiques.\u00a0Le diam\u00e8tre de 7 mm s\u2019adapte g\u00e9n\u00e9ralement \u00e0 tous les rails \u00e0 jonc (profil\u00e9s keders). Des versions sp\u00e9ciales, comme le double jonc, conviennent par exemple pour des solutions d\u2019adaptation.\u00a0Int\u00e9gr\u00e9 dans la b\u00e2che de [&hellip;]\" \/>\n<meta property=\"og:url\" content=\"https:\/\/shop.bantam.ch\/fr\/produit\/jonc-dauvent-enrobe-de-textile-7-x-25-mm-12-m-couleur-grise\/\" \/>\n<meta property=\"og:site_name\" content=\"Bantam\" \/>\n<meta property=\"article:modified_time\" content=\"2026-05-10T22:00:26+00:00\" \/>\n<meta property=\"og:image\" content=\"https:\/\/shop.bantam.ch\/wp-content\/uploads\/2026\/04\/Movera-L-9940748100.png\" \/>\n\t<meta property=\"og:image:width\" content=\"592\" \/>\n\t<meta property=\"og:image:height\" content=\"592\" \/>\n\t<meta property=\"og:image:type\" content=\"image\/png\" \/>\n<meta name=\"twitter:card\" content=\"summary_large_image\" \/>\n<script type=\"application\/ld+json\" class=\"yoast-schema-graph\">{\"@context\":\"https:\\\/\\\/schema.org\",\"@graph\":[{\"@type\":\"WebPage\",\"@id\":\"https:\\\/\\\/shop.bantam.ch\\\/fr\\\/produit\\\/jonc-dauvent-enrobe-de-textile-7-x-25-mm-12-m-couleur-grise\\\/\",\"url\":\"https:\\\/\\\/shop.bantam.ch\\\/fr\\\/produit\\\/jonc-dauvent-enrobe-de-textile-7-x-25-mm-12-m-couleur-grise\\\/\",\"name\":\"Jonc d'auvent enrob\u00e9 de textile 7 x 25 mm 12 m couleur grise - Bantam\",\"isPartOf\":{\"@id\":\"https:\\\/\\\/shop.bantam.ch\\\/fr\\\/#website\"},\"primaryImageOfPage\":{\"@id\":\"https:\\\/\\\/shop.bantam.ch\\\/fr\\\/produit\\\/jonc-dauvent-enrobe-de-textile-7-x-25-mm-12-m-couleur-grise\\\/#primaryimage\"},\"image\":{\"@id\":\"https:\\\/\\\/shop.bantam.ch\\\/fr\\\/produit\\\/jonc-dauvent-enrobe-de-textile-7-x-25-mm-12-m-couleur-grise\\\/#primaryimage\"},\"thumbnailUrl\":\"https:\\\/\\\/shop.bantam.ch\\\/wp-content\\\/uploads\\\/2026\\\/04\\\/Movera-L-9940748100.png\",\"datePublished\":\"2026-04-29T14:18:17+00:00\",\"dateModified\":\"2026-05-10T22:00:26+00:00\",\"breadcrumb\":{\"@id\":\"https:\\\/\\\/shop.bantam.ch\\\/fr\\\/produit\\\/jonc-dauvent-enrobe-de-textile-7-x-25-mm-12-m-couleur-grise\\\/#breadcrumb\"},\"inLanguage\":\"fr-FR\",\"potentialAction\":[{\"@type\":\"ReadAction\",\"target\":[\"https:\\\/\\\/shop.bantam.ch\\\/fr\\\/produit\\\/jonc-dauvent-enrobe-de-textile-7-x-25-mm-12-m-couleur-grise\\\/\"]}]},{\"@type\":\"ImageObject\",\"inLanguage\":\"fr-FR\",\"@id\":\"https:\\\/\\\/shop.bantam.ch\\\/fr\\\/produit\\\/jonc-dauvent-enrobe-de-textile-7-x-25-mm-12-m-couleur-grise\\\/#primaryimage\",\"url\":\"https:\\\/\\\/shop.bantam.ch\\\/wp-content\\\/uploads\\\/2026\\\/04\\\/Movera-L-9940748100.png\",\"contentUrl\":\"https:\\\/\\\/shop.bantam.ch\\\/wp-content\\\/uploads\\\/2026\\\/04\\\/Movera-L-9940748100.png\",\"width\":592,\"height\":592},{\"@type\":\"BreadcrumbList\",\"@id\":\"https:\\\/\\\/shop.bantam.ch\\\/fr\\\/produit\\\/jonc-dauvent-enrobe-de-textile-7-x-25-mm-12-m-couleur-grise\\\/#breadcrumb\",\"itemListElement\":[{\"@type\":\"ListItem\",\"position\":1,\"name\":\"Accueil\",\"item\":\"https:\\\/\\\/shop.bantam.ch\\\/fr\\\/\"},{\"@type\":\"ListItem\",\"position\":2,\"name\":\"Boutique\",\"item\":\"https:\\\/\\\/shop.bantam.ch\\\/fr\\\/boutique\\\/\"},{\"@type\":\"ListItem\",\"position\":3,\"name\":\"Jonc d&rsquo;auvent enrob\u00e9 de textile 7 x 25 mm 12 m couleur grise\"}]},{\"@type\":\"WebSite\",\"@id\":\"https:\\\/\\\/shop.bantam.ch\\\/fr\\\/#website\",\"url\":\"https:\\\/\\\/shop.bantam.ch\\\/fr\\\/\",\"name\":\"Bantam\",\"description\":\"\",\"publisher\":{\"@id\":\"https:\\\/\\\/shop.bantam.ch\\\/fr\\\/#organization\"},\"inLanguage\":\"fr-FR\"},{\"@type\":\"Organization\",\"@id\":\"https:\\\/\\\/shop.bantam.ch\\\/fr\\\/#organization\",\"name\":\"Bantam\",\"url\":\"https:\\\/\\\/shop.bantam.ch\\\/fr\\\/\",\"logo\":{\"@type\":\"ImageObject\",\"inLanguage\":\"fr-FR\",\"@id\":\"https:\\\/\\\/shop.bantam.ch\\\/fr\\\/#\\\/schema\\\/logo\\\/image\\\/\",\"url\":\"https:\\\/\\\/shop.bantam.ch\\\/wp-content\\\/uploads\\\/2022\\\/12\\\/bantam-logo.png\",\"contentUrl\":\"https:\\\/\\\/shop.bantam.ch\\\/wp-content\\\/uploads\\\/2022\\\/12\\\/bantam-logo.png\",\"width\":320,\"height\":71,\"caption\":\"Bantam\"},\"image\":{\"@id\":\"https:\\\/\\\/shop.bantam.ch\\\/fr\\\/#\\\/schema\\\/logo\\\/image\\\/\"}}]}<\/script>\n<!-- \/ Yoast SEO plugin. -->","yoast_head_json":{"title":"Jonc d'auvent enrob\u00e9 de textile 7 x 25 mm 12 m couleur grise - Bantam","robots":{"index":"index","follow":"follow","max-snippet":"max-snippet:-1","max-image-preview":"max-image-preview:large","max-video-preview":"max-video-preview:-1"},"canonical":"https:\/\/shop.bantam.ch\/fr\/produit\/jonc-dauvent-enrobe-de-textile-7-x-25-mm-12-m-couleur-grise\/","og_locale":"fr_FR","og_type":"article","og_title":"Jonc d'auvent enrob\u00e9 de textile 7 x 25 mm 12 m couleur grise - Bantam","og_description":"Les tissus de stores, films de protection, jupes de bas de caisse ou auvents peuvent \u00eatre cousus avec des machines \u00e0 coudre classiques.\u00a0Le diam\u00e8tre de 7 mm s\u2019adapte g\u00e9n\u00e9ralement \u00e0 tous les rails \u00e0 jonc (profil\u00e9s keders). Des versions sp\u00e9ciales, comme le double jonc, conviennent par exemple pour des solutions d\u2019adaptation.\u00a0Int\u00e9gr\u00e9 dans la b\u00e2che de [&hellip;]","og_url":"https:\/\/shop.bantam.ch\/fr\/produit\/jonc-dauvent-enrobe-de-textile-7-x-25-mm-12-m-couleur-grise\/","og_site_name":"Bantam","article_modified_time":"2026-05-10T22:00:26+00:00","og_image":[{"width":592,"height":592,"url":"https:\/\/shop.bantam.ch\/wp-content\/uploads\/2026\/04\/Movera-L-9940748100.png","type":"image\/png"}],"twitter_card":"summary_large_image","schema":{"@context":"https:\/\/schema.org","@graph":[{"@type":"WebPage","@id":"https:\/\/shop.bantam.ch\/fr\/produit\/jonc-dauvent-enrobe-de-textile-7-x-25-mm-12-m-couleur-grise\/","url":"https:\/\/shop.bantam.ch\/fr\/produit\/jonc-dauvent-enrobe-de-textile-7-x-25-mm-12-m-couleur-grise\/","name":"Jonc d'auvent enrob\u00e9 de textile 7 x 25 mm 12 m couleur grise - Bantam","isPartOf":{"@id":"https:\/\/shop.bantam.ch\/fr\/#website"},"primaryImageOfPage":{"@id":"https:\/\/shop.bantam.ch\/fr\/produit\/jonc-dauvent-enrobe-de-textile-7-x-25-mm-12-m-couleur-grise\/#primaryimage"},"image":{"@id":"https:\/\/shop.bantam.ch\/fr\/produit\/jonc-dauvent-enrobe-de-textile-7-x-25-mm-12-m-couleur-grise\/#primaryimage"},"thumbnailUrl":"https:\/\/shop.bantam.ch\/wp-content\/uploads\/2026\/04\/Movera-L-9940748100.png","datePublished":"2026-04-29T14:18:17+00:00","dateModified":"2026-05-10T22:00:26+00:00","breadcrumb":{"@id":"https:\/\/shop.bantam.ch\/fr\/produit\/jonc-dauvent-enrobe-de-textile-7-x-25-mm-12-m-couleur-grise\/#breadcrumb"},"inLanguage":"fr-FR","potentialAction":[{"@type":"ReadAction","target":["https:\/\/shop.bantam.ch\/fr\/produit\/jonc-dauvent-enrobe-de-textile-7-x-25-mm-12-m-couleur-grise\/"]}]},{"@type":"ImageObject","inLanguage":"fr-FR","@id":"https:\/\/shop.bantam.ch\/fr\/produit\/jonc-dauvent-enrobe-de-textile-7-x-25-mm-12-m-couleur-grise\/#primaryimage","url":"https:\/\/shop.bantam.ch\/wp-content\/uploads\/2026\/04\/Movera-L-9940748100.png","contentUrl":"https:\/\/shop.bantam.ch\/wp-content\/uploads\/2026\/04\/Movera-L-9940748100.png","width":592,"height":592},{"@type":"BreadcrumbList","@id":"https:\/\/shop.bantam.ch\/fr\/produit\/jonc-dauvent-enrobe-de-textile-7-x-25-mm-12-m-couleur-grise\/#breadcrumb","itemListElement":[{"@type":"ListItem","position":1,"name":"Accueil","item":"https:\/\/shop.bantam.ch\/fr\/"},{"@type":"ListItem","position":2,"name":"Boutique","item":"https:\/\/shop.bantam.ch\/fr\/boutique\/"},{"@type":"ListItem","position":3,"name":"Jonc d&rsquo;auvent enrob\u00e9 de textile 7 x 25 mm 12 m couleur grise"}]},{"@type":"WebSite","@id":"https:\/\/shop.bantam.ch\/fr\/#website","url":"https:\/\/shop.bantam.ch\/fr\/","name":"Bantam","description":"","publisher":{"@id":"https:\/\/shop.bantam.ch\/fr\/#organization"},"inLanguage":"fr-FR"},{"@type":"Organization","@id":"https:\/\/shop.bantam.ch\/fr\/#organization","name":"Bantam","url":"https:\/\/shop.bantam.ch\/fr\/","logo":{"@type":"ImageObject","inLanguage":"fr-FR","@id":"https:\/\/shop.bantam.ch\/fr\/#\/schema\/logo\/image\/","url":"https:\/\/shop.bantam.ch\/wp-content\/uploads\/2022\/12\/bantam-logo.png","contentUrl":"https:\/\/shop.bantam.ch\/wp-content\/uploads\/2022\/12\/bantam-logo.png","width":320,"height":71,"caption":"Bantam"},"image":{"@id":"https:\/\/shop.bantam.ch\/fr\/#\/schema\/logo\/image\/"}}]}},"_links":{"self":[{"href":"https:\/\/shop.bantam.ch\/fr\/wp-json\/wp\/v2\/product\/236432","targetHints":{"allow":["GET"]}}],"collection":[{"href":"https:\/\/shop.bantam.ch\/fr\/wp-json\/wp\/v2\/product"}],"about":[{"href":"https:\/\/shop.bantam.ch\/fr\/wp-json\/wp\/v2\/types\/product"}],"wp:featuredmedia":[{"embeddable":true,"href":"https:\/\/shop.bantam.ch\/fr\/wp-json\/wp\/v2\/media\/236430"}],"wp:attachment":[{"href":"https:\/\/shop.bantam.ch\/fr\/wp-json\/wp\/v2\/media?parent=236432"}],"wp:term":[{"taxonomy":"product_featured_cat","embeddable":true,"href":"https:\/\/shop.bantam.ch\/fr\/wp-json\/wp\/v2\/product_featured_cat?post=236432"},{"taxonomy":"product_brand","embeddable":true,"href":"https:\/\/shop.bantam.ch\/fr\/wp-json\/wp\/v2\/product_brand?post=236432"},{"taxonomy":"product_cat","embeddable":true,"href":"https:\/\/shop.bantam.ch\/fr\/wp-json\/wp\/v2\/product_cat?post=236432"},{"taxonomy":"product_tag","embeddable":true,"href":"https:\/\/shop.bantam.ch\/fr\/wp-json\/wp\/v2\/product_tag?post=236432"}],"curies":[{"name":"wp","href":"https:\/\/api.w.org\/{rel}","templated":true}]}}