{"id":236352,"date":"2026-04-29T15:46:27","date_gmt":"2026-04-29T13:46:27","guid":{"rendered":"https:\/\/shop.bantam.ch\/produit\/poubelle-bio-stack-4-graphite\/"},"modified":"2026-05-02T23:56:27","modified_gmt":"2026-05-02T21:56:27","slug":"poubelle-bio-stack-4-graphite","status":"publish","type":"product","link":"https:\/\/shop.bantam.ch\/fr\/produit\/poubelle-bio-stack-4-graphite\/","title":{"rendered":"Poubelle bio Stack 4 graphite"},"content":{"rendered":"<p>La poubelle Joseph Joseph Biom\u00fcll Stack , 4 litres, est \u00e9quip\u00e9e d&rsquo;un filtre anti-odeur rempla\u00e7able \u00e0 l&rsquo;int\u00e9rieur du couvercle. La poubelle est \u00e9quip\u00e9e d&rsquo;un couvercle pivotant facile d&rsquo;acc\u00e8s, ce qui rend l&rsquo;introduction des d\u00e9chets organiques pratique et simple. Le couvercle s&rsquo;ouvre et se ferme sans effort, ce qui permet de vider la poubelle sans probl\u00e8me. La conception a\u00e9r\u00e9e du seau r\u00e9duit l&rsquo;humidit\u00e9 et les odeurs, ce qui permet aux d\u00e9chets organiques de rester frais et inodores plus longtemps. Cela minimise \u00e9galement le risque de moisissure.<\/p>\n","protected":false},"excerpt":{"rendered":"<p>La poubelle Joseph Joseph Biom\u00fcll Stack , 4 litres, est \u00e9quip\u00e9e d&rsquo;un filtre anti-odeur rempla\u00e7able \u00e0 l&rsquo;int\u00e9rieur du couvercle. La poubelle est \u00e9quip\u00e9e d&rsquo;un couvercle pivotant facile d&rsquo;acc\u00e8s, ce qui rend l&rsquo;introduction des d\u00e9chets organiques pratique et simple. Le couvercle s&rsquo;ouvre et se ferme sans effort, ce qui permet de vider la poubelle sans probl\u00e8me. [&hellip;]<\/p>\n","protected":false},"featured_media":236348,"template":"","meta":{"_acf_changed":false},"product_featured_cat":[],"product_brand":[3412],"product_cat":[4287],"product_tag":[],"class_list":{"0":"post-236352","1":"product","2":"type-product","3":"status-publish","4":"has-post-thumbnail","6":"product_brand-joseph-joseph","7":"product_cat-collecte-des-dechets","9":"first","10":"instock","11":"taxable","12":"shipping-taxable","13":"purchasable","14":"product-type-simple"},"acf":[],"yoast_head":"<!-- This site is optimized with the Yoast SEO plugin v27.5 - https:\/\/yoast.com\/product\/yoast-seo-wordpress\/ -->\n<title>Poubelle bio Stack 4 graphite - Bantam<\/title>\n<meta name=\"robots\" content=\"index, follow, max-snippet:-1, max-image-preview:large, max-video-preview:-1\" \/>\n<link rel=\"canonical\" href=\"https:\/\/shop.bantam.ch\/fr\/produit\/poubelle-bio-stack-4-graphite\/\" \/>\n<meta property=\"og:locale\" content=\"fr_FR\" \/>\n<meta property=\"og:type\" content=\"article\" \/>\n<meta property=\"og:title\" content=\"Poubelle bio Stack 4 graphite - Bantam\" \/>\n<meta property=\"og:description\" content=\"La poubelle Joseph Joseph Biom\u00fcll Stack , 4 litres, est \u00e9quip\u00e9e d&rsquo;un filtre anti-odeur rempla\u00e7able \u00e0 l&rsquo;int\u00e9rieur du couvercle. La poubelle est \u00e9quip\u00e9e d&rsquo;un couvercle pivotant facile d&rsquo;acc\u00e8s, ce qui rend l&rsquo;introduction des d\u00e9chets organiques pratique et simple. Le couvercle s&rsquo;ouvre et se ferme sans effort, ce qui permet de vider la poubelle sans probl\u00e8me. [&hellip;]\" \/>\n<meta property=\"og:url\" content=\"https:\/\/shop.bantam.ch\/fr\/produit\/poubelle-bio-stack-4-graphite\/\" \/>\n<meta property=\"og:site_name\" content=\"Bantam\" \/>\n<meta property=\"article:modified_time\" content=\"2026-05-02T21:56:27+00:00\" \/>\n<meta property=\"og:image\" content=\"https:\/\/shop.bantam.ch\/wp-content\/uploads\/2026\/04\/Movera-L-9934965100.jpg\" \/>\n\t<meta property=\"og:image:width\" content=\"640\" \/>\n\t<meta property=\"og:image:height\" content=\"612\" \/>\n\t<meta property=\"og:image:type\" content=\"image\/jpeg\" \/>\n<meta name=\"twitter:card\" content=\"summary_large_image\" \/>\n<script type=\"application\/ld+json\" class=\"yoast-schema-graph\">{\"@context\":\"https:\\\/\\\/schema.org\",\"@graph\":[{\"@type\":\"WebPage\",\"@id\":\"https:\\\/\\\/shop.bantam.ch\\\/fr\\\/produit\\\/poubelle-bio-stack-4-graphite\\\/\",\"url\":\"https:\\\/\\\/shop.bantam.ch\\\/fr\\\/produit\\\/poubelle-bio-stack-4-graphite\\\/\",\"name\":\"Poubelle bio Stack 4 graphite - Bantam\",\"isPartOf\":{\"@id\":\"https:\\\/\\\/shop.bantam.ch\\\/fr\\\/#website\"},\"primaryImageOfPage\":{\"@id\":\"https:\\\/\\\/shop.bantam.ch\\\/fr\\\/produit\\\/poubelle-bio-stack-4-graphite\\\/#primaryimage\"},\"image\":{\"@id\":\"https:\\\/\\\/shop.bantam.ch\\\/fr\\\/produit\\\/poubelle-bio-stack-4-graphite\\\/#primaryimage\"},\"thumbnailUrl\":\"https:\\\/\\\/shop.bantam.ch\\\/wp-content\\\/uploads\\\/2026\\\/04\\\/Movera-L-9934965100.jpg\",\"datePublished\":\"2026-04-29T13:46:27+00:00\",\"dateModified\":\"2026-05-02T21:56:27+00:00\",\"breadcrumb\":{\"@id\":\"https:\\\/\\\/shop.bantam.ch\\\/fr\\\/produit\\\/poubelle-bio-stack-4-graphite\\\/#breadcrumb\"},\"inLanguage\":\"fr-FR\",\"potentialAction\":[{\"@type\":\"ReadAction\",\"target\":[\"https:\\\/\\\/shop.bantam.ch\\\/fr\\\/produit\\\/poubelle-bio-stack-4-graphite\\\/\"]}]},{\"@type\":\"ImageObject\",\"inLanguage\":\"fr-FR\",\"@id\":\"https:\\\/\\\/shop.bantam.ch\\\/fr\\\/produit\\\/poubelle-bio-stack-4-graphite\\\/#primaryimage\",\"url\":\"https:\\\/\\\/shop.bantam.ch\\\/wp-content\\\/uploads\\\/2026\\\/04\\\/Movera-L-9934965100.jpg\",\"contentUrl\":\"https:\\\/\\\/shop.bantam.ch\\\/wp-content\\\/uploads\\\/2026\\\/04\\\/Movera-L-9934965100.jpg\",\"width\":640,\"height\":612},{\"@type\":\"BreadcrumbList\",\"@id\":\"https:\\\/\\\/shop.bantam.ch\\\/fr\\\/produit\\\/poubelle-bio-stack-4-graphite\\\/#breadcrumb\",\"itemListElement\":[{\"@type\":\"ListItem\",\"position\":1,\"name\":\"Accueil\",\"item\":\"https:\\\/\\\/shop.bantam.ch\\\/fr\\\/\"},{\"@type\":\"ListItem\",\"position\":2,\"name\":\"Boutique\",\"item\":\"https:\\\/\\\/shop.bantam.ch\\\/fr\\\/boutique\\\/\"},{\"@type\":\"ListItem\",\"position\":3,\"name\":\"Poubelle bio Stack 4 graphite\"}]},{\"@type\":\"WebSite\",\"@id\":\"https:\\\/\\\/shop.bantam.ch\\\/fr\\\/#website\",\"url\":\"https:\\\/\\\/shop.bantam.ch\\\/fr\\\/\",\"name\":\"Bantam\",\"description\":\"\",\"publisher\":{\"@id\":\"https:\\\/\\\/shop.bantam.ch\\\/fr\\\/#organization\"},\"inLanguage\":\"fr-FR\"},{\"@type\":\"Organization\",\"@id\":\"https:\\\/\\\/shop.bantam.ch\\\/fr\\\/#organization\",\"name\":\"Bantam\",\"url\":\"https:\\\/\\\/shop.bantam.ch\\\/fr\\\/\",\"logo\":{\"@type\":\"ImageObject\",\"inLanguage\":\"fr-FR\",\"@id\":\"https:\\\/\\\/shop.bantam.ch\\\/fr\\\/#\\\/schema\\\/logo\\\/image\\\/\",\"url\":\"https:\\\/\\\/shop.bantam.ch\\\/wp-content\\\/uploads\\\/2022\\\/12\\\/bantam-logo.png\",\"contentUrl\":\"https:\\\/\\\/shop.bantam.ch\\\/wp-content\\\/uploads\\\/2022\\\/12\\\/bantam-logo.png\",\"width\":320,\"height\":71,\"caption\":\"Bantam\"},\"image\":{\"@id\":\"https:\\\/\\\/shop.bantam.ch\\\/fr\\\/#\\\/schema\\\/logo\\\/image\\\/\"}}]}<\/script>\n<!-- \/ Yoast SEO plugin. -->","yoast_head_json":{"title":"Poubelle bio Stack 4 graphite - Bantam","robots":{"index":"index","follow":"follow","max-snippet":"max-snippet:-1","max-image-preview":"max-image-preview:large","max-video-preview":"max-video-preview:-1"},"canonical":"https:\/\/shop.bantam.ch\/fr\/produit\/poubelle-bio-stack-4-graphite\/","og_locale":"fr_FR","og_type":"article","og_title":"Poubelle bio Stack 4 graphite - Bantam","og_description":"La poubelle Joseph Joseph Biom\u00fcll Stack , 4 litres, est \u00e9quip\u00e9e d&rsquo;un filtre anti-odeur rempla\u00e7able \u00e0 l&rsquo;int\u00e9rieur du couvercle. La poubelle est \u00e9quip\u00e9e d&rsquo;un couvercle pivotant facile d&rsquo;acc\u00e8s, ce qui rend l&rsquo;introduction des d\u00e9chets organiques pratique et simple. Le couvercle s&rsquo;ouvre et se ferme sans effort, ce qui permet de vider la poubelle sans probl\u00e8me. [&hellip;]","og_url":"https:\/\/shop.bantam.ch\/fr\/produit\/poubelle-bio-stack-4-graphite\/","og_site_name":"Bantam","article_modified_time":"2026-05-02T21:56:27+00:00","og_image":[{"width":640,"height":612,"url":"https:\/\/shop.bantam.ch\/wp-content\/uploads\/2026\/04\/Movera-L-9934965100.jpg","type":"image\/jpeg"}],"twitter_card":"summary_large_image","schema":{"@context":"https:\/\/schema.org","@graph":[{"@type":"WebPage","@id":"https:\/\/shop.bantam.ch\/fr\/produit\/poubelle-bio-stack-4-graphite\/","url":"https:\/\/shop.bantam.ch\/fr\/produit\/poubelle-bio-stack-4-graphite\/","name":"Poubelle bio Stack 4 graphite - Bantam","isPartOf":{"@id":"https:\/\/shop.bantam.ch\/fr\/#website"},"primaryImageOfPage":{"@id":"https:\/\/shop.bantam.ch\/fr\/produit\/poubelle-bio-stack-4-graphite\/#primaryimage"},"image":{"@id":"https:\/\/shop.bantam.ch\/fr\/produit\/poubelle-bio-stack-4-graphite\/#primaryimage"},"thumbnailUrl":"https:\/\/shop.bantam.ch\/wp-content\/uploads\/2026\/04\/Movera-L-9934965100.jpg","datePublished":"2026-04-29T13:46:27+00:00","dateModified":"2026-05-02T21:56:27+00:00","breadcrumb":{"@id":"https:\/\/shop.bantam.ch\/fr\/produit\/poubelle-bio-stack-4-graphite\/#breadcrumb"},"inLanguage":"fr-FR","potentialAction":[{"@type":"ReadAction","target":["https:\/\/shop.bantam.ch\/fr\/produit\/poubelle-bio-stack-4-graphite\/"]}]},{"@type":"ImageObject","inLanguage":"fr-FR","@id":"https:\/\/shop.bantam.ch\/fr\/produit\/poubelle-bio-stack-4-graphite\/#primaryimage","url":"https:\/\/shop.bantam.ch\/wp-content\/uploads\/2026\/04\/Movera-L-9934965100.jpg","contentUrl":"https:\/\/shop.bantam.ch\/wp-content\/uploads\/2026\/04\/Movera-L-9934965100.jpg","width":640,"height":612},{"@type":"BreadcrumbList","@id":"https:\/\/shop.bantam.ch\/fr\/produit\/poubelle-bio-stack-4-graphite\/#breadcrumb","itemListElement":[{"@type":"ListItem","position":1,"name":"Accueil","item":"https:\/\/shop.bantam.ch\/fr\/"},{"@type":"ListItem","position":2,"name":"Boutique","item":"https:\/\/shop.bantam.ch\/fr\/boutique\/"},{"@type":"ListItem","position":3,"name":"Poubelle bio Stack 4 graphite"}]},{"@type":"WebSite","@id":"https:\/\/shop.bantam.ch\/fr\/#website","url":"https:\/\/shop.bantam.ch\/fr\/","name":"Bantam","description":"","publisher":{"@id":"https:\/\/shop.bantam.ch\/fr\/#organization"},"inLanguage":"fr-FR"},{"@type":"Organization","@id":"https:\/\/shop.bantam.ch\/fr\/#organization","name":"Bantam","url":"https:\/\/shop.bantam.ch\/fr\/","logo":{"@type":"ImageObject","inLanguage":"fr-FR","@id":"https:\/\/shop.bantam.ch\/fr\/#\/schema\/logo\/image\/","url":"https:\/\/shop.bantam.ch\/wp-content\/uploads\/2022\/12\/bantam-logo.png","contentUrl":"https:\/\/shop.bantam.ch\/wp-content\/uploads\/2022\/12\/bantam-logo.png","width":320,"height":71,"caption":"Bantam"},"image":{"@id":"https:\/\/shop.bantam.ch\/fr\/#\/schema\/logo\/image\/"}}]}},"_links":{"self":[{"href":"https:\/\/shop.bantam.ch\/fr\/wp-json\/wp\/v2\/product\/236352","targetHints":{"allow":["GET"]}}],"collection":[{"href":"https:\/\/shop.bantam.ch\/fr\/wp-json\/wp\/v2\/product"}],"about":[{"href":"https:\/\/shop.bantam.ch\/fr\/wp-json\/wp\/v2\/types\/product"}],"wp:featuredmedia":[{"embeddable":true,"href":"https:\/\/shop.bantam.ch\/fr\/wp-json\/wp\/v2\/media\/236348"}],"wp:attachment":[{"href":"https:\/\/shop.bantam.ch\/fr\/wp-json\/wp\/v2\/media?parent=236352"}],"wp:term":[{"taxonomy":"product_featured_cat","embeddable":true,"href":"https:\/\/shop.bantam.ch\/fr\/wp-json\/wp\/v2\/product_featured_cat?post=236352"},{"taxonomy":"product_brand","embeddable":true,"href":"https:\/\/shop.bantam.ch\/fr\/wp-json\/wp\/v2\/product_brand?post=236352"},{"taxonomy":"product_cat","embeddable":true,"href":"https:\/\/shop.bantam.ch\/fr\/wp-json\/wp\/v2\/product_cat?post=236352"},{"taxonomy":"product_tag","embeddable":true,"href":"https:\/\/shop.bantam.ch\/fr\/wp-json\/wp\/v2\/product_tag?post=236352"}],"curies":[{"name":"wp","href":"https:\/\/api.w.org\/{rel}","templated":true}]}}