{"id":236289,"date":"2026-04-29T15:21:39","date_gmt":"2026-04-29T13:21:39","guid":{"rendered":"https:\/\/shop.bantam.ch\/produit\/kit-de-montage-premium-2-velos-bk-3000-_rails-et-bras-de-maintien_\/"},"modified":"2026-05-01T23:56:51","modified_gmt":"2026-05-01T21:56:51","slug":"kit-de-montage-premium-2-velos-bk-3000-_rails-et-bras-de-maintien_","status":"publish","type":"product","link":"https:\/\/shop.bantam.ch\/fr\/produit\/kit-de-montage-premium-2-velos-bk-3000-_rails-et-bras-de-maintien_\/","title":{"rendered":"Kit de montage Premium 2 v\u00e9los BK 3000 _rails et bras de maintien_"},"content":{"rendered":"<p>Le kit d&rsquo;\u00e9quipement Premium pour 2 v\u00e9los permet de s\u00e9curiser de mani\u00e8re optimale les e-bikes et les v\u00e9los pour le transport sur le porte-v\u00e9los. Les larges rails pour v\u00e9los, dot\u00e9s de fermetures rapides pratiques, sont parfaitement adapt\u00e9s aux pneus larges des e-bikes. Les bras de fixation, \u00e9galement \u00e9quip\u00e9s de fermetures rapides pratiques, sont sp\u00e9cialement con\u00e7us pour les cadres larges et les prot\u00e8gent des rayures. Le kit peut \u00eatre install\u00e9 ult\u00e9rieurement sur tous les syst\u00e8mes de porte-v\u00e9los SAWIKO.<\/p>\n<p>Contenu de la livraison<br \/>\n2 bras de fixation<br \/>\n2 rails pour v\u00e9los<br \/>\nMat\u00e9riel de fixation<\/p>\n","protected":false},"excerpt":{"rendered":"<p>Le kit d&rsquo;\u00e9quipement Premium pour 2 v\u00e9los permet de s\u00e9curiser de mani\u00e8re optimale les e-bikes et les v\u00e9los pour le transport sur le porte-v\u00e9los. Les larges rails pour v\u00e9los, dot\u00e9s de fermetures rapides pratiques, sont parfaitement adapt\u00e9s aux pneus larges des e-bikes. Les bras de fixation, \u00e9galement \u00e9quip\u00e9s de fermetures rapides pratiques, sont sp\u00e9cialement con\u00e7us [&hellip;]<\/p>\n","protected":false},"featured_media":236285,"template":"","meta":{"_acf_changed":false},"product_featured_cat":[],"product_brand":[3314],"product_cat":[4697],"product_tag":[],"class_list":{"0":"post-236289","1":"product","2":"type-product","3":"status-publish","4":"has-post-thumbnail","6":"product_brand-sawiko-by-al-ko","7":"product_cat-accessoires-pour-porte-velos","9":"first","10":"instock","11":"taxable","12":"shipping-taxable","13":"purchasable","14":"product-type-simple"},"acf":[],"yoast_head":"<!-- This site is optimized with the Yoast SEO plugin v27.5 - https:\/\/yoast.com\/product\/yoast-seo-wordpress\/ -->\n<title>Kit de montage Premium 2 v\u00e9los BK 3000 _rails et bras de maintien_ - Bantam<\/title>\n<meta name=\"robots\" content=\"index, follow, max-snippet:-1, max-image-preview:large, max-video-preview:-1\" \/>\n<link rel=\"canonical\" href=\"https:\/\/shop.bantam.ch\/fr\/produit\/kit-de-montage-premium-2-velos-bk-3000-_rails-et-bras-de-maintien_\/\" \/>\n<meta property=\"og:locale\" content=\"fr_FR\" \/>\n<meta property=\"og:type\" content=\"article\" \/>\n<meta property=\"og:title\" content=\"Kit de montage Premium 2 v\u00e9los BK 3000 _rails et bras de maintien_ - Bantam\" \/>\n<meta property=\"og:description\" content=\"Le kit d&rsquo;\u00e9quipement Premium pour 2 v\u00e9los permet de s\u00e9curiser de mani\u00e8re optimale les e-bikes et les v\u00e9los pour le transport sur le porte-v\u00e9los. Les larges rails pour v\u00e9los, dot\u00e9s de fermetures rapides pratiques, sont parfaitement adapt\u00e9s aux pneus larges des e-bikes. Les bras de fixation, \u00e9galement \u00e9quip\u00e9s de fermetures rapides pratiques, sont sp\u00e9cialement con\u00e7us [&hellip;]\" \/>\n<meta property=\"og:url\" content=\"https:\/\/shop.bantam.ch\/fr\/produit\/kit-de-montage-premium-2-velos-bk-3000-_rails-et-bras-de-maintien_\/\" \/>\n<meta property=\"og:site_name\" content=\"Bantam\" \/>\n<meta property=\"article:modified_time\" content=\"2026-05-01T21:56:51+00:00\" \/>\n<meta property=\"og:image\" content=\"https:\/\/shop.bantam.ch\/wp-content\/uploads\/2026\/04\/Movera-L-9932803100.jpg\" \/>\n\t<meta property=\"og:image:width\" content=\"640\" \/>\n\t<meta property=\"og:image:height\" content=\"513\" \/>\n\t<meta property=\"og:image:type\" content=\"image\/jpeg\" \/>\n<meta name=\"twitter:card\" content=\"summary_large_image\" \/>\n<meta name=\"twitter:label1\" content=\"Dur\u00e9e de lecture estim\u00e9e\" \/>\n\t<meta name=\"twitter:data1\" content=\"1 minute\" \/>\n<script type=\"application\/ld+json\" class=\"yoast-schema-graph\">{\"@context\":\"https:\\\/\\\/schema.org\",\"@graph\":[{\"@type\":\"WebPage\",\"@id\":\"https:\\\/\\\/shop.bantam.ch\\\/fr\\\/produit\\\/kit-de-montage-premium-2-velos-bk-3000-_rails-et-bras-de-maintien_\\\/\",\"url\":\"https:\\\/\\\/shop.bantam.ch\\\/fr\\\/produit\\\/kit-de-montage-premium-2-velos-bk-3000-_rails-et-bras-de-maintien_\\\/\",\"name\":\"Kit de montage Premium 2 v\u00e9los BK 3000 _rails et bras de maintien_ - Bantam\",\"isPartOf\":{\"@id\":\"https:\\\/\\\/shop.bantam.ch\\\/fr\\\/#website\"},\"primaryImageOfPage\":{\"@id\":\"https:\\\/\\\/shop.bantam.ch\\\/fr\\\/produit\\\/kit-de-montage-premium-2-velos-bk-3000-_rails-et-bras-de-maintien_\\\/#primaryimage\"},\"image\":{\"@id\":\"https:\\\/\\\/shop.bantam.ch\\\/fr\\\/produit\\\/kit-de-montage-premium-2-velos-bk-3000-_rails-et-bras-de-maintien_\\\/#primaryimage\"},\"thumbnailUrl\":\"https:\\\/\\\/shop.bantam.ch\\\/wp-content\\\/uploads\\\/2026\\\/04\\\/Movera-L-9932803100.jpg\",\"datePublished\":\"2026-04-29T13:21:39+00:00\",\"dateModified\":\"2026-05-01T21:56:51+00:00\",\"breadcrumb\":{\"@id\":\"https:\\\/\\\/shop.bantam.ch\\\/fr\\\/produit\\\/kit-de-montage-premium-2-velos-bk-3000-_rails-et-bras-de-maintien_\\\/#breadcrumb\"},\"inLanguage\":\"fr-FR\",\"potentialAction\":[{\"@type\":\"ReadAction\",\"target\":[\"https:\\\/\\\/shop.bantam.ch\\\/fr\\\/produit\\\/kit-de-montage-premium-2-velos-bk-3000-_rails-et-bras-de-maintien_\\\/\"]}]},{\"@type\":\"ImageObject\",\"inLanguage\":\"fr-FR\",\"@id\":\"https:\\\/\\\/shop.bantam.ch\\\/fr\\\/produit\\\/kit-de-montage-premium-2-velos-bk-3000-_rails-et-bras-de-maintien_\\\/#primaryimage\",\"url\":\"https:\\\/\\\/shop.bantam.ch\\\/wp-content\\\/uploads\\\/2026\\\/04\\\/Movera-L-9932803100.jpg\",\"contentUrl\":\"https:\\\/\\\/shop.bantam.ch\\\/wp-content\\\/uploads\\\/2026\\\/04\\\/Movera-L-9932803100.jpg\",\"width\":640,\"height\":513},{\"@type\":\"BreadcrumbList\",\"@id\":\"https:\\\/\\\/shop.bantam.ch\\\/fr\\\/produit\\\/kit-de-montage-premium-2-velos-bk-3000-_rails-et-bras-de-maintien_\\\/#breadcrumb\",\"itemListElement\":[{\"@type\":\"ListItem\",\"position\":1,\"name\":\"Accueil\",\"item\":\"https:\\\/\\\/shop.bantam.ch\\\/fr\\\/\"},{\"@type\":\"ListItem\",\"position\":2,\"name\":\"Boutique\",\"item\":\"https:\\\/\\\/shop.bantam.ch\\\/fr\\\/boutique\\\/\"},{\"@type\":\"ListItem\",\"position\":3,\"name\":\"Kit de montage Premium 2 v\u00e9los BK 3000 _rails et bras de maintien_\"}]},{\"@type\":\"WebSite\",\"@id\":\"https:\\\/\\\/shop.bantam.ch\\\/fr\\\/#website\",\"url\":\"https:\\\/\\\/shop.bantam.ch\\\/fr\\\/\",\"name\":\"Bantam\",\"description\":\"\",\"publisher\":{\"@id\":\"https:\\\/\\\/shop.bantam.ch\\\/fr\\\/#organization\"},\"inLanguage\":\"fr-FR\"},{\"@type\":\"Organization\",\"@id\":\"https:\\\/\\\/shop.bantam.ch\\\/fr\\\/#organization\",\"name\":\"Bantam\",\"url\":\"https:\\\/\\\/shop.bantam.ch\\\/fr\\\/\",\"logo\":{\"@type\":\"ImageObject\",\"inLanguage\":\"fr-FR\",\"@id\":\"https:\\\/\\\/shop.bantam.ch\\\/fr\\\/#\\\/schema\\\/logo\\\/image\\\/\",\"url\":\"https:\\\/\\\/shop.bantam.ch\\\/wp-content\\\/uploads\\\/2022\\\/12\\\/bantam-logo.png\",\"contentUrl\":\"https:\\\/\\\/shop.bantam.ch\\\/wp-content\\\/uploads\\\/2022\\\/12\\\/bantam-logo.png\",\"width\":320,\"height\":71,\"caption\":\"Bantam\"},\"image\":{\"@id\":\"https:\\\/\\\/shop.bantam.ch\\\/fr\\\/#\\\/schema\\\/logo\\\/image\\\/\"}}]}<\/script>\n<!-- \/ Yoast SEO plugin. -->","yoast_head_json":{"title":"Kit de montage Premium 2 v\u00e9los BK 3000 _rails et bras de maintien_ - Bantam","robots":{"index":"index","follow":"follow","max-snippet":"max-snippet:-1","max-image-preview":"max-image-preview:large","max-video-preview":"max-video-preview:-1"},"canonical":"https:\/\/shop.bantam.ch\/fr\/produit\/kit-de-montage-premium-2-velos-bk-3000-_rails-et-bras-de-maintien_\/","og_locale":"fr_FR","og_type":"article","og_title":"Kit de montage Premium 2 v\u00e9los BK 3000 _rails et bras de maintien_ - Bantam","og_description":"Le kit d&rsquo;\u00e9quipement Premium pour 2 v\u00e9los permet de s\u00e9curiser de mani\u00e8re optimale les e-bikes et les v\u00e9los pour le transport sur le porte-v\u00e9los. Les larges rails pour v\u00e9los, dot\u00e9s de fermetures rapides pratiques, sont parfaitement adapt\u00e9s aux pneus larges des e-bikes. Les bras de fixation, \u00e9galement \u00e9quip\u00e9s de fermetures rapides pratiques, sont sp\u00e9cialement con\u00e7us [&hellip;]","og_url":"https:\/\/shop.bantam.ch\/fr\/produit\/kit-de-montage-premium-2-velos-bk-3000-_rails-et-bras-de-maintien_\/","og_site_name":"Bantam","article_modified_time":"2026-05-01T21:56:51+00:00","og_image":[{"width":640,"height":513,"url":"https:\/\/shop.bantam.ch\/wp-content\/uploads\/2026\/04\/Movera-L-9932803100.jpg","type":"image\/jpeg"}],"twitter_card":"summary_large_image","twitter_misc":{"Dur\u00e9e de lecture estim\u00e9e":"1 minute"},"schema":{"@context":"https:\/\/schema.org","@graph":[{"@type":"WebPage","@id":"https:\/\/shop.bantam.ch\/fr\/produit\/kit-de-montage-premium-2-velos-bk-3000-_rails-et-bras-de-maintien_\/","url":"https:\/\/shop.bantam.ch\/fr\/produit\/kit-de-montage-premium-2-velos-bk-3000-_rails-et-bras-de-maintien_\/","name":"Kit de montage Premium 2 v\u00e9los BK 3000 _rails et bras de maintien_ - Bantam","isPartOf":{"@id":"https:\/\/shop.bantam.ch\/fr\/#website"},"primaryImageOfPage":{"@id":"https:\/\/shop.bantam.ch\/fr\/produit\/kit-de-montage-premium-2-velos-bk-3000-_rails-et-bras-de-maintien_\/#primaryimage"},"image":{"@id":"https:\/\/shop.bantam.ch\/fr\/produit\/kit-de-montage-premium-2-velos-bk-3000-_rails-et-bras-de-maintien_\/#primaryimage"},"thumbnailUrl":"https:\/\/shop.bantam.ch\/wp-content\/uploads\/2026\/04\/Movera-L-9932803100.jpg","datePublished":"2026-04-29T13:21:39+00:00","dateModified":"2026-05-01T21:56:51+00:00","breadcrumb":{"@id":"https:\/\/shop.bantam.ch\/fr\/produit\/kit-de-montage-premium-2-velos-bk-3000-_rails-et-bras-de-maintien_\/#breadcrumb"},"inLanguage":"fr-FR","potentialAction":[{"@type":"ReadAction","target":["https:\/\/shop.bantam.ch\/fr\/produit\/kit-de-montage-premium-2-velos-bk-3000-_rails-et-bras-de-maintien_\/"]}]},{"@type":"ImageObject","inLanguage":"fr-FR","@id":"https:\/\/shop.bantam.ch\/fr\/produit\/kit-de-montage-premium-2-velos-bk-3000-_rails-et-bras-de-maintien_\/#primaryimage","url":"https:\/\/shop.bantam.ch\/wp-content\/uploads\/2026\/04\/Movera-L-9932803100.jpg","contentUrl":"https:\/\/shop.bantam.ch\/wp-content\/uploads\/2026\/04\/Movera-L-9932803100.jpg","width":640,"height":513},{"@type":"BreadcrumbList","@id":"https:\/\/shop.bantam.ch\/fr\/produit\/kit-de-montage-premium-2-velos-bk-3000-_rails-et-bras-de-maintien_\/#breadcrumb","itemListElement":[{"@type":"ListItem","position":1,"name":"Accueil","item":"https:\/\/shop.bantam.ch\/fr\/"},{"@type":"ListItem","position":2,"name":"Boutique","item":"https:\/\/shop.bantam.ch\/fr\/boutique\/"},{"@type":"ListItem","position":3,"name":"Kit de montage Premium 2 v\u00e9los BK 3000 _rails et bras de maintien_"}]},{"@type":"WebSite","@id":"https:\/\/shop.bantam.ch\/fr\/#website","url":"https:\/\/shop.bantam.ch\/fr\/","name":"Bantam","description":"","publisher":{"@id":"https:\/\/shop.bantam.ch\/fr\/#organization"},"inLanguage":"fr-FR"},{"@type":"Organization","@id":"https:\/\/shop.bantam.ch\/fr\/#organization","name":"Bantam","url":"https:\/\/shop.bantam.ch\/fr\/","logo":{"@type":"ImageObject","inLanguage":"fr-FR","@id":"https:\/\/shop.bantam.ch\/fr\/#\/schema\/logo\/image\/","url":"https:\/\/shop.bantam.ch\/wp-content\/uploads\/2022\/12\/bantam-logo.png","contentUrl":"https:\/\/shop.bantam.ch\/wp-content\/uploads\/2022\/12\/bantam-logo.png","width":320,"height":71,"caption":"Bantam"},"image":{"@id":"https:\/\/shop.bantam.ch\/fr\/#\/schema\/logo\/image\/"}}]}},"_links":{"self":[{"href":"https:\/\/shop.bantam.ch\/fr\/wp-json\/wp\/v2\/product\/236289","targetHints":{"allow":["GET"]}}],"collection":[{"href":"https:\/\/shop.bantam.ch\/fr\/wp-json\/wp\/v2\/product"}],"about":[{"href":"https:\/\/shop.bantam.ch\/fr\/wp-json\/wp\/v2\/types\/product"}],"wp:featuredmedia":[{"embeddable":true,"href":"https:\/\/shop.bantam.ch\/fr\/wp-json\/wp\/v2\/media\/236285"}],"wp:attachment":[{"href":"https:\/\/shop.bantam.ch\/fr\/wp-json\/wp\/v2\/media?parent=236289"}],"wp:term":[{"taxonomy":"product_featured_cat","embeddable":true,"href":"https:\/\/shop.bantam.ch\/fr\/wp-json\/wp\/v2\/product_featured_cat?post=236289"},{"taxonomy":"product_brand","embeddable":true,"href":"https:\/\/shop.bantam.ch\/fr\/wp-json\/wp\/v2\/product_brand?post=236289"},{"taxonomy":"product_cat","embeddable":true,"href":"https:\/\/shop.bantam.ch\/fr\/wp-json\/wp\/v2\/product_cat?post=236289"},{"taxonomy":"product_tag","embeddable":true,"href":"https:\/\/shop.bantam.ch\/fr\/wp-json\/wp\/v2\/product_tag?post=236289"}],"curies":[{"name":"wp","href":"https:\/\/api.w.org\/{rel}","templated":true}]}}