{"id":235999,"date":"2026-04-22T09:39:23","date_gmt":"2026-04-22T07:39:23","guid":{"rendered":"https:\/\/shop.bantam.ch\/produit\/kummerlyfrey-carte-routiere-regionale-4-nord-de-la-norvege\/"},"modified":"2026-05-10T23:59:27","modified_gmt":"2026-05-10T21:59:27","slug":"kummerlyfrey-carte-routiere-regionale-4-nord-de-la-norvege","status":"publish","type":"product","link":"https:\/\/shop.bantam.ch\/fr\/produit\/kummerlyfrey-carte-routiere-regionale-4-nord-de-la-norvege\/","title":{"rendered":"K\u00fcmmerly+Frey Carte routi\u00e8re r\u00e9gionale 4 \u2013 Nord de la Norv\u00e8ge"},"content":{"rendered":"<p>Dans la carte routi\u00e8re K\u00fcmmerly+Frey du nord de la Norv\u00e8ge \u00e0 l\u2019\u00e9chelle 1:420 000, vous trouverez tout ce dont vous avez besoin pour vous orienter et vous inspirer. La carte pr\u00e9sente les principales zones d\u2019int\u00e9r\u00eat, de Br\u00f8nn\u00f8ysund \u00e0 Narvik jusqu\u2019aux \u00eeles Lofoten. Gr\u00e2ce \u00e0 des routes clairement indiqu\u00e9es, faciles \u00e0 lire et actualis\u00e9es, \u00e0 une repr\u00e9sentation cartographique claire et moderne ainsi qu\u2019\u00e0 un grand souci du d\u00e9tail, cette carte constitue l\u2019outil id\u00e9al pour profiter pleinement de votre visite dans cette r\u00e9gion exceptionnelle. La carte th\u00e9matique contient des informations d\u00e9taill\u00e9es sur les localit\u00e9s ainsi que sur le r\u00e9seau routier qui les relie. Les voyageurs en voiture ou \u00e0 moto trouveront toujours leur chemin gr\u00e2ce aux autoroutes, voies rapides, routes principales, routes secondaires et routes locales, repr\u00e9sent\u00e9es de mani\u00e8re claire et facilement reconnaissable. La carte pli\u00e9e, destin\u00e9e aux automobilistes et motocyclistes, est dot\u00e9e d\u2019une couverture solide et d\u2019un papier r\u00e9sistant. M\u00eame apr\u00e8s de multiples utilisations, elle reste fiable. Si le GPS ne fonctionne pas ou si votre t\u00e9l\u00e9phone est d\u00e9charg\u00e9, les routes, points de vue, gares, lieux de restauration, campings, parkings, etc., clairement indiqu\u00e9s sur la carte, vous permettront de toujours garder le cap.<\/p>\n","protected":false},"excerpt":{"rendered":"<p>Dans la carte routi\u00e8re K\u00fcmmerly+Frey du nord de la Norv\u00e8ge \u00e0 l\u2019\u00e9chelle 1:420 000, vous trouverez tout ce dont vous avez besoin pour vous orienter et vous inspirer. La carte pr\u00e9sente les principales zones d\u2019int\u00e9r\u00eat, de Br\u00f8nn\u00f8ysund \u00e0 Narvik jusqu\u2019aux \u00eeles Lofoten. Gr\u00e2ce \u00e0 des routes clairement indiqu\u00e9es, faciles \u00e0 lire et actualis\u00e9es, \u00e0 une [&hellip;]<\/p>\n","protected":false},"featured_media":235997,"template":"","meta":{"_acf_changed":false},"product_featured_cat":[],"product_brand":[3692],"product_cat":[4351],"product_tag":[],"class_list":{"0":"post-235999","1":"product","2":"type-product","3":"status-publish","4":"has-post-thumbnail","6":"product_brand-kummerly-frey","7":"product_cat-guides-de-voyage","9":"first","10":"instock","11":"taxable","12":"shipping-taxable","13":"purchasable","14":"product-type-simple"},"acf":[],"yoast_head":"<!-- This site is optimized with the Yoast SEO plugin v27.5 - https:\/\/yoast.com\/product\/yoast-seo-wordpress\/ -->\n<title>K\u00fcmmerly+Frey Carte routi\u00e8re r\u00e9gionale 4 \u2013 Nord de la Norv\u00e8ge - Bantam<\/title>\n<meta name=\"robots\" content=\"index, follow, max-snippet:-1, max-image-preview:large, max-video-preview:-1\" \/>\n<link rel=\"canonical\" href=\"https:\/\/shop.bantam.ch\/fr\/produit\/kummerlyfrey-carte-routiere-regionale-4-nord-de-la-norvege\/\" \/>\n<meta property=\"og:locale\" content=\"fr_FR\" \/>\n<meta property=\"og:type\" content=\"article\" \/>\n<meta property=\"og:title\" content=\"K\u00fcmmerly+Frey Carte routi\u00e8re r\u00e9gionale 4 \u2013 Nord de la Norv\u00e8ge - Bantam\" \/>\n<meta property=\"og:description\" content=\"Dans la carte routi\u00e8re K\u00fcmmerly+Frey du nord de la Norv\u00e8ge \u00e0 l\u2019\u00e9chelle 1:420 000, vous trouverez tout ce dont vous avez besoin pour vous orienter et vous inspirer. La carte pr\u00e9sente les principales zones d\u2019int\u00e9r\u00eat, de Br\u00f8nn\u00f8ysund \u00e0 Narvik jusqu\u2019aux \u00eeles Lofoten. Gr\u00e2ce \u00e0 des routes clairement indiqu\u00e9es, faciles \u00e0 lire et actualis\u00e9es, \u00e0 une [&hellip;]\" \/>\n<meta property=\"og:url\" content=\"https:\/\/shop.bantam.ch\/fr\/produit\/kummerlyfrey-carte-routiere-regionale-4-nord-de-la-norvege\/\" \/>\n<meta property=\"og:site_name\" content=\"Bantam\" \/>\n<meta property=\"article:modified_time\" content=\"2026-05-10T21:59:27+00:00\" \/>\n<meta property=\"og:image\" content=\"https:\/\/shop.bantam.ch\/wp-content\/uploads\/2026\/04\/76326055.jpg\" \/>\n\t<meta property=\"og:image:width\" content=\"96\" \/>\n\t<meta property=\"og:image:height\" content=\"180\" \/>\n\t<meta property=\"og:image:type\" content=\"image\/jpeg\" \/>\n<meta name=\"twitter:card\" content=\"summary_large_image\" \/>\n<meta name=\"twitter:label1\" content=\"Dur\u00e9e de lecture estim\u00e9e\" \/>\n\t<meta name=\"twitter:data1\" content=\"1 minute\" \/>\n<script type=\"application\/ld+json\" class=\"yoast-schema-graph\">{\"@context\":\"https:\\\/\\\/schema.org\",\"@graph\":[{\"@type\":\"WebPage\",\"@id\":\"https:\\\/\\\/shop.bantam.ch\\\/fr\\\/produit\\\/kummerlyfrey-carte-routiere-regionale-4-nord-de-la-norvege\\\/\",\"url\":\"https:\\\/\\\/shop.bantam.ch\\\/fr\\\/produit\\\/kummerlyfrey-carte-routiere-regionale-4-nord-de-la-norvege\\\/\",\"name\":\"K\u00fcmmerly+Frey Carte routi\u00e8re r\u00e9gionale 4 \u2013 Nord de la Norv\u00e8ge - Bantam\",\"isPartOf\":{\"@id\":\"https:\\\/\\\/shop.bantam.ch\\\/fr\\\/#website\"},\"primaryImageOfPage\":{\"@id\":\"https:\\\/\\\/shop.bantam.ch\\\/fr\\\/produit\\\/kummerlyfrey-carte-routiere-regionale-4-nord-de-la-norvege\\\/#primaryimage\"},\"image\":{\"@id\":\"https:\\\/\\\/shop.bantam.ch\\\/fr\\\/produit\\\/kummerlyfrey-carte-routiere-regionale-4-nord-de-la-norvege\\\/#primaryimage\"},\"thumbnailUrl\":\"https:\\\/\\\/shop.bantam.ch\\\/wp-content\\\/uploads\\\/2026\\\/04\\\/76326055.jpg\",\"datePublished\":\"2026-04-22T07:39:23+00:00\",\"dateModified\":\"2026-05-10T21:59:27+00:00\",\"breadcrumb\":{\"@id\":\"https:\\\/\\\/shop.bantam.ch\\\/fr\\\/produit\\\/kummerlyfrey-carte-routiere-regionale-4-nord-de-la-norvege\\\/#breadcrumb\"},\"inLanguage\":\"fr-FR\",\"potentialAction\":[{\"@type\":\"ReadAction\",\"target\":[\"https:\\\/\\\/shop.bantam.ch\\\/fr\\\/produit\\\/kummerlyfrey-carte-routiere-regionale-4-nord-de-la-norvege\\\/\"]}]},{\"@type\":\"ImageObject\",\"inLanguage\":\"fr-FR\",\"@id\":\"https:\\\/\\\/shop.bantam.ch\\\/fr\\\/produit\\\/kummerlyfrey-carte-routiere-regionale-4-nord-de-la-norvege\\\/#primaryimage\",\"url\":\"https:\\\/\\\/shop.bantam.ch\\\/wp-content\\\/uploads\\\/2026\\\/04\\\/76326055.jpg\",\"contentUrl\":\"https:\\\/\\\/shop.bantam.ch\\\/wp-content\\\/uploads\\\/2026\\\/04\\\/76326055.jpg\",\"width\":96,\"height\":180},{\"@type\":\"BreadcrumbList\",\"@id\":\"https:\\\/\\\/shop.bantam.ch\\\/fr\\\/produit\\\/kummerlyfrey-carte-routiere-regionale-4-nord-de-la-norvege\\\/#breadcrumb\",\"itemListElement\":[{\"@type\":\"ListItem\",\"position\":1,\"name\":\"Accueil\",\"item\":\"https:\\\/\\\/shop.bantam.ch\\\/fr\\\/\"},{\"@type\":\"ListItem\",\"position\":2,\"name\":\"Boutique\",\"item\":\"https:\\\/\\\/shop.bantam.ch\\\/fr\\\/boutique\\\/\"},{\"@type\":\"ListItem\",\"position\":3,\"name\":\"K\u00fcmmerly+Frey Carte routi\u00e8re r\u00e9gionale 4 \u2013 Nord de la Norv\u00e8ge\"}]},{\"@type\":\"WebSite\",\"@id\":\"https:\\\/\\\/shop.bantam.ch\\\/fr\\\/#website\",\"url\":\"https:\\\/\\\/shop.bantam.ch\\\/fr\\\/\",\"name\":\"Bantam\",\"description\":\"\",\"publisher\":{\"@id\":\"https:\\\/\\\/shop.bantam.ch\\\/fr\\\/#organization\"},\"inLanguage\":\"fr-FR\"},{\"@type\":\"Organization\",\"@id\":\"https:\\\/\\\/shop.bantam.ch\\\/fr\\\/#organization\",\"name\":\"Bantam\",\"url\":\"https:\\\/\\\/shop.bantam.ch\\\/fr\\\/\",\"logo\":{\"@type\":\"ImageObject\",\"inLanguage\":\"fr-FR\",\"@id\":\"https:\\\/\\\/shop.bantam.ch\\\/fr\\\/#\\\/schema\\\/logo\\\/image\\\/\",\"url\":\"https:\\\/\\\/shop.bantam.ch\\\/wp-content\\\/uploads\\\/2022\\\/12\\\/bantam-logo.png\",\"contentUrl\":\"https:\\\/\\\/shop.bantam.ch\\\/wp-content\\\/uploads\\\/2022\\\/12\\\/bantam-logo.png\",\"width\":320,\"height\":71,\"caption\":\"Bantam\"},\"image\":{\"@id\":\"https:\\\/\\\/shop.bantam.ch\\\/fr\\\/#\\\/schema\\\/logo\\\/image\\\/\"}}]}<\/script>\n<!-- \/ Yoast SEO plugin. -->","yoast_head_json":{"title":"K\u00fcmmerly+Frey Carte routi\u00e8re r\u00e9gionale 4 \u2013 Nord de la Norv\u00e8ge - Bantam","robots":{"index":"index","follow":"follow","max-snippet":"max-snippet:-1","max-image-preview":"max-image-preview:large","max-video-preview":"max-video-preview:-1"},"canonical":"https:\/\/shop.bantam.ch\/fr\/produit\/kummerlyfrey-carte-routiere-regionale-4-nord-de-la-norvege\/","og_locale":"fr_FR","og_type":"article","og_title":"K\u00fcmmerly+Frey Carte routi\u00e8re r\u00e9gionale 4 \u2013 Nord de la Norv\u00e8ge - Bantam","og_description":"Dans la carte routi\u00e8re K\u00fcmmerly+Frey du nord de la Norv\u00e8ge \u00e0 l\u2019\u00e9chelle 1:420 000, vous trouverez tout ce dont vous avez besoin pour vous orienter et vous inspirer. La carte pr\u00e9sente les principales zones d\u2019int\u00e9r\u00eat, de Br\u00f8nn\u00f8ysund \u00e0 Narvik jusqu\u2019aux \u00eeles Lofoten. Gr\u00e2ce \u00e0 des routes clairement indiqu\u00e9es, faciles \u00e0 lire et actualis\u00e9es, \u00e0 une [&hellip;]","og_url":"https:\/\/shop.bantam.ch\/fr\/produit\/kummerlyfrey-carte-routiere-regionale-4-nord-de-la-norvege\/","og_site_name":"Bantam","article_modified_time":"2026-05-10T21:59:27+00:00","og_image":[{"width":96,"height":180,"url":"https:\/\/shop.bantam.ch\/wp-content\/uploads\/2026\/04\/76326055.jpg","type":"image\/jpeg"}],"twitter_card":"summary_large_image","twitter_misc":{"Dur\u00e9e de lecture estim\u00e9e":"1 minute"},"schema":{"@context":"https:\/\/schema.org","@graph":[{"@type":"WebPage","@id":"https:\/\/shop.bantam.ch\/fr\/produit\/kummerlyfrey-carte-routiere-regionale-4-nord-de-la-norvege\/","url":"https:\/\/shop.bantam.ch\/fr\/produit\/kummerlyfrey-carte-routiere-regionale-4-nord-de-la-norvege\/","name":"K\u00fcmmerly+Frey Carte routi\u00e8re r\u00e9gionale 4 \u2013 Nord de la Norv\u00e8ge - Bantam","isPartOf":{"@id":"https:\/\/shop.bantam.ch\/fr\/#website"},"primaryImageOfPage":{"@id":"https:\/\/shop.bantam.ch\/fr\/produit\/kummerlyfrey-carte-routiere-regionale-4-nord-de-la-norvege\/#primaryimage"},"image":{"@id":"https:\/\/shop.bantam.ch\/fr\/produit\/kummerlyfrey-carte-routiere-regionale-4-nord-de-la-norvege\/#primaryimage"},"thumbnailUrl":"https:\/\/shop.bantam.ch\/wp-content\/uploads\/2026\/04\/76326055.jpg","datePublished":"2026-04-22T07:39:23+00:00","dateModified":"2026-05-10T21:59:27+00:00","breadcrumb":{"@id":"https:\/\/shop.bantam.ch\/fr\/produit\/kummerlyfrey-carte-routiere-regionale-4-nord-de-la-norvege\/#breadcrumb"},"inLanguage":"fr-FR","potentialAction":[{"@type":"ReadAction","target":["https:\/\/shop.bantam.ch\/fr\/produit\/kummerlyfrey-carte-routiere-regionale-4-nord-de-la-norvege\/"]}]},{"@type":"ImageObject","inLanguage":"fr-FR","@id":"https:\/\/shop.bantam.ch\/fr\/produit\/kummerlyfrey-carte-routiere-regionale-4-nord-de-la-norvege\/#primaryimage","url":"https:\/\/shop.bantam.ch\/wp-content\/uploads\/2026\/04\/76326055.jpg","contentUrl":"https:\/\/shop.bantam.ch\/wp-content\/uploads\/2026\/04\/76326055.jpg","width":96,"height":180},{"@type":"BreadcrumbList","@id":"https:\/\/shop.bantam.ch\/fr\/produit\/kummerlyfrey-carte-routiere-regionale-4-nord-de-la-norvege\/#breadcrumb","itemListElement":[{"@type":"ListItem","position":1,"name":"Accueil","item":"https:\/\/shop.bantam.ch\/fr\/"},{"@type":"ListItem","position":2,"name":"Boutique","item":"https:\/\/shop.bantam.ch\/fr\/boutique\/"},{"@type":"ListItem","position":3,"name":"K\u00fcmmerly+Frey Carte routi\u00e8re r\u00e9gionale 4 \u2013 Nord de la Norv\u00e8ge"}]},{"@type":"WebSite","@id":"https:\/\/shop.bantam.ch\/fr\/#website","url":"https:\/\/shop.bantam.ch\/fr\/","name":"Bantam","description":"","publisher":{"@id":"https:\/\/shop.bantam.ch\/fr\/#organization"},"inLanguage":"fr-FR"},{"@type":"Organization","@id":"https:\/\/shop.bantam.ch\/fr\/#organization","name":"Bantam","url":"https:\/\/shop.bantam.ch\/fr\/","logo":{"@type":"ImageObject","inLanguage":"fr-FR","@id":"https:\/\/shop.bantam.ch\/fr\/#\/schema\/logo\/image\/","url":"https:\/\/shop.bantam.ch\/wp-content\/uploads\/2022\/12\/bantam-logo.png","contentUrl":"https:\/\/shop.bantam.ch\/wp-content\/uploads\/2022\/12\/bantam-logo.png","width":320,"height":71,"caption":"Bantam"},"image":{"@id":"https:\/\/shop.bantam.ch\/fr\/#\/schema\/logo\/image\/"}}]}},"_links":{"self":[{"href":"https:\/\/shop.bantam.ch\/fr\/wp-json\/wp\/v2\/product\/235999","targetHints":{"allow":["GET"]}}],"collection":[{"href":"https:\/\/shop.bantam.ch\/fr\/wp-json\/wp\/v2\/product"}],"about":[{"href":"https:\/\/shop.bantam.ch\/fr\/wp-json\/wp\/v2\/types\/product"}],"wp:featuredmedia":[{"embeddable":true,"href":"https:\/\/shop.bantam.ch\/fr\/wp-json\/wp\/v2\/media\/235997"}],"wp:attachment":[{"href":"https:\/\/shop.bantam.ch\/fr\/wp-json\/wp\/v2\/media?parent=235999"}],"wp:term":[{"taxonomy":"product_featured_cat","embeddable":true,"href":"https:\/\/shop.bantam.ch\/fr\/wp-json\/wp\/v2\/product_featured_cat?post=235999"},{"taxonomy":"product_brand","embeddable":true,"href":"https:\/\/shop.bantam.ch\/fr\/wp-json\/wp\/v2\/product_brand?post=235999"},{"taxonomy":"product_cat","embeddable":true,"href":"https:\/\/shop.bantam.ch\/fr\/wp-json\/wp\/v2\/product_cat?post=235999"},{"taxonomy":"product_tag","embeddable":true,"href":"https:\/\/shop.bantam.ch\/fr\/wp-json\/wp\/v2\/product_tag?post=235999"}],"curies":[{"name":"wp","href":"https:\/\/api.w.org\/{rel}","templated":true}]}}