{"id":235995,"date":"2026-04-22T09:36:27","date_gmt":"2026-04-22T07:36:27","guid":{"rendered":"https:\/\/shop.bantam.ch\/produit\/kummerlyfrey-carte-routiere-regionale-1-cote-allemande-de-la-mer-du-nord-1275-000\/"},"modified":"2026-05-10T23:59:21","modified_gmt":"2026-05-10T21:59:21","slug":"kummerlyfrey-carte-routiere-regionale-1-cote-allemande-de-la-mer-du-nord-1275-000","status":"publish","type":"product","link":"https:\/\/shop.bantam.ch\/fr\/produit\/kummerlyfrey-carte-routiere-regionale-1-cote-allemande-de-la-mer-du-nord-1275-000\/","title":{"rendered":"K\u00fcmmerly+Frey Carte routi\u00e8re r\u00e9gionale 1 \u2013 C\u00f4te allemande de la mer du Nord \u2013 1:275 000"},"content":{"rendered":"<p>Dans la carte routi\u00e8re K\u00fcmmerly+Frey de la c\u00f4te allemande de la mer du Nord \u00e0 l\u2019\u00e9chelle 1:275 000, vous trouverez tout ce dont vous avez besoin pour vous orienter et vous inspirer. Gr\u00e2ce \u00e0 des routes clairement indiqu\u00e9es, faciles \u00e0 lire et actualis\u00e9es, \u00e0 une pr\u00e9sentation cartographique claire et moderne ainsi qu\u2019\u00e0 un grand souci du d\u00e9tail, cette carte constitue l\u2019outil id\u00e9al pour profiter pleinement de votre s\u00e9jour dans cette r\u00e9gion exceptionnelle. La carte th\u00e9matique contient des informations d\u00e9taill\u00e9es sur les localit\u00e9s ainsi que sur le r\u00e9seau routier qui les relie. Les voyageurs en voiture ou \u00e0 moto trouveront toujours leur chemin gr\u00e2ce aux autoroutes, voies rapides, routes principales, routes secondaires et routes locales, repr\u00e9sent\u00e9es de mani\u00e8re claire et facilement reconnaissable. Les informations int\u00e9gr\u00e9es, comprenant un index des localit\u00e9s et des renseignements touristiques, compl\u00e8tent l\u2019ensemble cartographique. La carte pli\u00e9e, destin\u00e9e aux automobilistes et aux motocyclistes, est dot\u00e9e d\u2019une couverture robuste et d\u2019un papier r\u00e9sistant. M\u00eame apr\u00e8s de multiples utilisations, elle reste fiable. Si le GPS ne fonctionne pas ou si votre t\u00e9l\u00e9phone est d\u00e9charg\u00e9, les routes, points de vue, gares, lieux de restauration, campings, parkings, etc., clairement indiqu\u00e9s sur la carte, vous permettront de toujours garder le cap.<\/p>\n","protected":false},"excerpt":{"rendered":"<p>Dans la carte routi\u00e8re K\u00fcmmerly+Frey de la c\u00f4te allemande de la mer du Nord \u00e0 l\u2019\u00e9chelle 1:275 000, vous trouverez tout ce dont vous avez besoin pour vous orienter et vous inspirer. Gr\u00e2ce \u00e0 des routes clairement indiqu\u00e9es, faciles \u00e0 lire et actualis\u00e9es, \u00e0 une pr\u00e9sentation cartographique claire et moderne ainsi qu\u2019\u00e0 un grand souci [&hellip;]<\/p>\n","protected":false},"featured_media":236001,"template":"","meta":{"_acf_changed":false},"product_featured_cat":[],"product_brand":[3692],"product_cat":[4351],"product_tag":[],"class_list":{"0":"post-235995","1":"product","2":"type-product","3":"status-publish","4":"has-post-thumbnail","6":"product_brand-kummerly-frey","7":"product_cat-guides-de-voyage","9":"first","10":"instock","11":"taxable","12":"shipping-taxable","13":"purchasable","14":"product-type-simple"},"acf":[],"yoast_head":"<!-- This site is optimized with the Yoast SEO plugin v27.5 - https:\/\/yoast.com\/product\/yoast-seo-wordpress\/ -->\n<title>K\u00fcmmerly+Frey Carte routi\u00e8re r\u00e9gionale 1 \u2013 C\u00f4te allemande de la mer du Nord \u2013 1:275 000 - Bantam<\/title>\n<meta name=\"robots\" content=\"index, follow, max-snippet:-1, max-image-preview:large, max-video-preview:-1\" \/>\n<link rel=\"canonical\" href=\"https:\/\/shop.bantam.ch\/fr\/produit\/kummerlyfrey-carte-routiere-regionale-1-cote-allemande-de-la-mer-du-nord-1275-000\/\" \/>\n<meta property=\"og:locale\" content=\"fr_FR\" \/>\n<meta property=\"og:type\" content=\"article\" \/>\n<meta property=\"og:title\" content=\"K\u00fcmmerly+Frey Carte routi\u00e8re r\u00e9gionale 1 \u2013 C\u00f4te allemande de la mer du Nord \u2013 1:275 000 - Bantam\" \/>\n<meta property=\"og:description\" content=\"Dans la carte routi\u00e8re K\u00fcmmerly+Frey de la c\u00f4te allemande de la mer du Nord \u00e0 l\u2019\u00e9chelle 1:275 000, vous trouverez tout ce dont vous avez besoin pour vous orienter et vous inspirer. Gr\u00e2ce \u00e0 des routes clairement indiqu\u00e9es, faciles \u00e0 lire et actualis\u00e9es, \u00e0 une pr\u00e9sentation cartographique claire et moderne ainsi qu\u2019\u00e0 un grand souci [&hellip;]\" \/>\n<meta property=\"og:url\" content=\"https:\/\/shop.bantam.ch\/fr\/produit\/kummerlyfrey-carte-routiere-regionale-1-cote-allemande-de-la-mer-du-nord-1275-000\/\" \/>\n<meta property=\"og:site_name\" content=\"Bantam\" \/>\n<meta property=\"article:modified_time\" content=\"2026-05-10T21:59:21+00:00\" \/>\n<meta name=\"twitter:card\" content=\"summary_large_image\" \/>\n<meta name=\"twitter:label1\" content=\"Dur\u00e9e de lecture estim\u00e9e\" \/>\n\t<meta name=\"twitter:data1\" content=\"1 minute\" \/>\n<script type=\"application\/ld+json\" class=\"yoast-schema-graph\">{\"@context\":\"https:\\\/\\\/schema.org\",\"@graph\":[{\"@type\":\"WebPage\",\"@id\":\"https:\\\/\\\/shop.bantam.ch\\\/fr\\\/produit\\\/kummerlyfrey-carte-routiere-regionale-1-cote-allemande-de-la-mer-du-nord-1275-000\\\/\",\"url\":\"https:\\\/\\\/shop.bantam.ch\\\/fr\\\/produit\\\/kummerlyfrey-carte-routiere-regionale-1-cote-allemande-de-la-mer-du-nord-1275-000\\\/\",\"name\":\"K\u00fcmmerly+Frey Carte routi\u00e8re r\u00e9gionale 1 \u2013 C\u00f4te allemande de la mer du Nord \u2013 1:275 000 - Bantam\",\"isPartOf\":{\"@id\":\"https:\\\/\\\/shop.bantam.ch\\\/fr\\\/#website\"},\"primaryImageOfPage\":{\"@id\":\"https:\\\/\\\/shop.bantam.ch\\\/fr\\\/produit\\\/kummerlyfrey-carte-routiere-regionale-1-cote-allemande-de-la-mer-du-nord-1275-000\\\/#primaryimage\"},\"image\":{\"@id\":\"https:\\\/\\\/shop.bantam.ch\\\/fr\\\/produit\\\/kummerlyfrey-carte-routiere-regionale-1-cote-allemande-de-la-mer-du-nord-1275-000\\\/#primaryimage\"},\"thumbnailUrl\":\"https:\\\/\\\/shop.bantam.ch\\\/wp-content\\\/uploads\\\/2026\\\/04\\\/76326055-1.jpg\",\"datePublished\":\"2026-04-22T07:36:27+00:00\",\"dateModified\":\"2026-05-10T21:59:21+00:00\",\"breadcrumb\":{\"@id\":\"https:\\\/\\\/shop.bantam.ch\\\/fr\\\/produit\\\/kummerlyfrey-carte-routiere-regionale-1-cote-allemande-de-la-mer-du-nord-1275-000\\\/#breadcrumb\"},\"inLanguage\":\"fr-FR\",\"potentialAction\":[{\"@type\":\"ReadAction\",\"target\":[\"https:\\\/\\\/shop.bantam.ch\\\/fr\\\/produit\\\/kummerlyfrey-carte-routiere-regionale-1-cote-allemande-de-la-mer-du-nord-1275-000\\\/\"]}]},{\"@type\":\"ImageObject\",\"inLanguage\":\"fr-FR\",\"@id\":\"https:\\\/\\\/shop.bantam.ch\\\/fr\\\/produit\\\/kummerlyfrey-carte-routiere-regionale-1-cote-allemande-de-la-mer-du-nord-1275-000\\\/#primaryimage\",\"url\":\"https:\\\/\\\/shop.bantam.ch\\\/wp-content\\\/uploads\\\/2026\\\/04\\\/76326055-1.jpg\",\"contentUrl\":\"https:\\\/\\\/shop.bantam.ch\\\/wp-content\\\/uploads\\\/2026\\\/04\\\/76326055-1.jpg\",\"width\":96,\"height\":180},{\"@type\":\"BreadcrumbList\",\"@id\":\"https:\\\/\\\/shop.bantam.ch\\\/fr\\\/produit\\\/kummerlyfrey-carte-routiere-regionale-1-cote-allemande-de-la-mer-du-nord-1275-000\\\/#breadcrumb\",\"itemListElement\":[{\"@type\":\"ListItem\",\"position\":1,\"name\":\"Accueil\",\"item\":\"https:\\\/\\\/shop.bantam.ch\\\/fr\\\/\"},{\"@type\":\"ListItem\",\"position\":2,\"name\":\"Boutique\",\"item\":\"https:\\\/\\\/shop.bantam.ch\\\/fr\\\/boutique\\\/\"},{\"@type\":\"ListItem\",\"position\":3,\"name\":\"K\u00fcmmerly+Frey Carte routi\u00e8re r\u00e9gionale 1 \u2013 C\u00f4te allemande de la mer du Nord \u2013 1:275 000\"}]},{\"@type\":\"WebSite\",\"@id\":\"https:\\\/\\\/shop.bantam.ch\\\/fr\\\/#website\",\"url\":\"https:\\\/\\\/shop.bantam.ch\\\/fr\\\/\",\"name\":\"Bantam\",\"description\":\"\",\"publisher\":{\"@id\":\"https:\\\/\\\/shop.bantam.ch\\\/fr\\\/#organization\"},\"inLanguage\":\"fr-FR\"},{\"@type\":\"Organization\",\"@id\":\"https:\\\/\\\/shop.bantam.ch\\\/fr\\\/#organization\",\"name\":\"Bantam\",\"url\":\"https:\\\/\\\/shop.bantam.ch\\\/fr\\\/\",\"logo\":{\"@type\":\"ImageObject\",\"inLanguage\":\"fr-FR\",\"@id\":\"https:\\\/\\\/shop.bantam.ch\\\/fr\\\/#\\\/schema\\\/logo\\\/image\\\/\",\"url\":\"https:\\\/\\\/shop.bantam.ch\\\/wp-content\\\/uploads\\\/2022\\\/12\\\/bantam-logo.png\",\"contentUrl\":\"https:\\\/\\\/shop.bantam.ch\\\/wp-content\\\/uploads\\\/2022\\\/12\\\/bantam-logo.png\",\"width\":320,\"height\":71,\"caption\":\"Bantam\"},\"image\":{\"@id\":\"https:\\\/\\\/shop.bantam.ch\\\/fr\\\/#\\\/schema\\\/logo\\\/image\\\/\"}}]}<\/script>\n<!-- \/ Yoast SEO plugin. -->","yoast_head_json":{"title":"K\u00fcmmerly+Frey Carte routi\u00e8re r\u00e9gionale 1 \u2013 C\u00f4te allemande de la mer du Nord \u2013 1:275 000 - Bantam","robots":{"index":"index","follow":"follow","max-snippet":"max-snippet:-1","max-image-preview":"max-image-preview:large","max-video-preview":"max-video-preview:-1"},"canonical":"https:\/\/shop.bantam.ch\/fr\/produit\/kummerlyfrey-carte-routiere-regionale-1-cote-allemande-de-la-mer-du-nord-1275-000\/","og_locale":"fr_FR","og_type":"article","og_title":"K\u00fcmmerly+Frey Carte routi\u00e8re r\u00e9gionale 1 \u2013 C\u00f4te allemande de la mer du Nord \u2013 1:275 000 - Bantam","og_description":"Dans la carte routi\u00e8re K\u00fcmmerly+Frey de la c\u00f4te allemande de la mer du Nord \u00e0 l\u2019\u00e9chelle 1:275 000, vous trouverez tout ce dont vous avez besoin pour vous orienter et vous inspirer. Gr\u00e2ce \u00e0 des routes clairement indiqu\u00e9es, faciles \u00e0 lire et actualis\u00e9es, \u00e0 une pr\u00e9sentation cartographique claire et moderne ainsi qu\u2019\u00e0 un grand souci [&hellip;]","og_url":"https:\/\/shop.bantam.ch\/fr\/produit\/kummerlyfrey-carte-routiere-regionale-1-cote-allemande-de-la-mer-du-nord-1275-000\/","og_site_name":"Bantam","article_modified_time":"2026-05-10T21:59:21+00:00","twitter_card":"summary_large_image","twitter_misc":{"Dur\u00e9e de lecture estim\u00e9e":"1 minute"},"schema":{"@context":"https:\/\/schema.org","@graph":[{"@type":"WebPage","@id":"https:\/\/shop.bantam.ch\/fr\/produit\/kummerlyfrey-carte-routiere-regionale-1-cote-allemande-de-la-mer-du-nord-1275-000\/","url":"https:\/\/shop.bantam.ch\/fr\/produit\/kummerlyfrey-carte-routiere-regionale-1-cote-allemande-de-la-mer-du-nord-1275-000\/","name":"K\u00fcmmerly+Frey Carte routi\u00e8re r\u00e9gionale 1 \u2013 C\u00f4te allemande de la mer du Nord \u2013 1:275 000 - Bantam","isPartOf":{"@id":"https:\/\/shop.bantam.ch\/fr\/#website"},"primaryImageOfPage":{"@id":"https:\/\/shop.bantam.ch\/fr\/produit\/kummerlyfrey-carte-routiere-regionale-1-cote-allemande-de-la-mer-du-nord-1275-000\/#primaryimage"},"image":{"@id":"https:\/\/shop.bantam.ch\/fr\/produit\/kummerlyfrey-carte-routiere-regionale-1-cote-allemande-de-la-mer-du-nord-1275-000\/#primaryimage"},"thumbnailUrl":"https:\/\/shop.bantam.ch\/wp-content\/uploads\/2026\/04\/76326055-1.jpg","datePublished":"2026-04-22T07:36:27+00:00","dateModified":"2026-05-10T21:59:21+00:00","breadcrumb":{"@id":"https:\/\/shop.bantam.ch\/fr\/produit\/kummerlyfrey-carte-routiere-regionale-1-cote-allemande-de-la-mer-du-nord-1275-000\/#breadcrumb"},"inLanguage":"fr-FR","potentialAction":[{"@type":"ReadAction","target":["https:\/\/shop.bantam.ch\/fr\/produit\/kummerlyfrey-carte-routiere-regionale-1-cote-allemande-de-la-mer-du-nord-1275-000\/"]}]},{"@type":"ImageObject","inLanguage":"fr-FR","@id":"https:\/\/shop.bantam.ch\/fr\/produit\/kummerlyfrey-carte-routiere-regionale-1-cote-allemande-de-la-mer-du-nord-1275-000\/#primaryimage","url":"https:\/\/shop.bantam.ch\/wp-content\/uploads\/2026\/04\/76326055-1.jpg","contentUrl":"https:\/\/shop.bantam.ch\/wp-content\/uploads\/2026\/04\/76326055-1.jpg","width":96,"height":180},{"@type":"BreadcrumbList","@id":"https:\/\/shop.bantam.ch\/fr\/produit\/kummerlyfrey-carte-routiere-regionale-1-cote-allemande-de-la-mer-du-nord-1275-000\/#breadcrumb","itemListElement":[{"@type":"ListItem","position":1,"name":"Accueil","item":"https:\/\/shop.bantam.ch\/fr\/"},{"@type":"ListItem","position":2,"name":"Boutique","item":"https:\/\/shop.bantam.ch\/fr\/boutique\/"},{"@type":"ListItem","position":3,"name":"K\u00fcmmerly+Frey Carte routi\u00e8re r\u00e9gionale 1 \u2013 C\u00f4te allemande de la mer du Nord \u2013 1:275 000"}]},{"@type":"WebSite","@id":"https:\/\/shop.bantam.ch\/fr\/#website","url":"https:\/\/shop.bantam.ch\/fr\/","name":"Bantam","description":"","publisher":{"@id":"https:\/\/shop.bantam.ch\/fr\/#organization"},"inLanguage":"fr-FR"},{"@type":"Organization","@id":"https:\/\/shop.bantam.ch\/fr\/#organization","name":"Bantam","url":"https:\/\/shop.bantam.ch\/fr\/","logo":{"@type":"ImageObject","inLanguage":"fr-FR","@id":"https:\/\/shop.bantam.ch\/fr\/#\/schema\/logo\/image\/","url":"https:\/\/shop.bantam.ch\/wp-content\/uploads\/2022\/12\/bantam-logo.png","contentUrl":"https:\/\/shop.bantam.ch\/wp-content\/uploads\/2022\/12\/bantam-logo.png","width":320,"height":71,"caption":"Bantam"},"image":{"@id":"https:\/\/shop.bantam.ch\/fr\/#\/schema\/logo\/image\/"}}]}},"_links":{"self":[{"href":"https:\/\/shop.bantam.ch\/fr\/wp-json\/wp\/v2\/product\/235995","targetHints":{"allow":["GET"]}}],"collection":[{"href":"https:\/\/shop.bantam.ch\/fr\/wp-json\/wp\/v2\/product"}],"about":[{"href":"https:\/\/shop.bantam.ch\/fr\/wp-json\/wp\/v2\/types\/product"}],"wp:featuredmedia":[{"embeddable":true,"href":"https:\/\/shop.bantam.ch\/fr\/wp-json\/wp\/v2\/media\/236001"}],"wp:attachment":[{"href":"https:\/\/shop.bantam.ch\/fr\/wp-json\/wp\/v2\/media?parent=235995"}],"wp:term":[{"taxonomy":"product_featured_cat","embeddable":true,"href":"https:\/\/shop.bantam.ch\/fr\/wp-json\/wp\/v2\/product_featured_cat?post=235995"},{"taxonomy":"product_brand","embeddable":true,"href":"https:\/\/shop.bantam.ch\/fr\/wp-json\/wp\/v2\/product_brand?post=235995"},{"taxonomy":"product_cat","embeddable":true,"href":"https:\/\/shop.bantam.ch\/fr\/wp-json\/wp\/v2\/product_cat?post=235995"},{"taxonomy":"product_tag","embeddable":true,"href":"https:\/\/shop.bantam.ch\/fr\/wp-json\/wp\/v2\/product_tag?post=235995"}],"curies":[{"name":"wp","href":"https:\/\/api.w.org\/{rel}","templated":true}]}}