{"id":235952,"date":"2026-04-20T13:49:12","date_gmt":"2026-04-20T11:49:12","guid":{"rendered":"https:\/\/shop.bantam.ch\/produit\/climatiseur-avec-sterilair-pro-telair-ultra-comfort-8000\/"},"modified":"2026-05-06T02:39:28","modified_gmt":"2026-05-06T00:39:28","slug":"climatiseur-avec-sterilair-pro-telair-ultra-comfort-8000","status":"publish","type":"product","link":"https:\/\/shop.bantam.ch\/fr\/produit\/climatiseur-avec-sterilair-pro-telair-ultra-comfort-8000\/","title":{"rendered":"Climatiseur avec Sterilair Pro Telair Ultra Comfort 8000"},"content":{"rendered":"<p data-start=\"0\" data-end=\"814\"><span data-start=\"0\" data-end=\"41\">Climatiseur Ultra Comfort 6000\/8000 :\u00a0<\/span>Le climatiseur Ultra Comfort est la solution id\u00e9ale pour les vans am\u00e9nag\u00e9s, les mod\u00e8les \u00e0 toit relevable ainsi que les camping-cars semi-int\u00e9gr\u00e9s. Son unit\u00e9 de commande, avec \u00e9lectronique et ventilateur, est \u00e9l\u00e9gamment int\u00e9gr\u00e9e dans la console centrale du cockpit, tandis que le compresseur est install\u00e9 de mani\u00e8re compacte dans le compartiment moteur. Tous les composants sont reli\u00e9s entre eux par des tuyaux et \u00e9quip\u00e9s de raccords rapides automatiques. Le gaz r\u00e9frig\u00e9rant est d\u00e9j\u00e0 pr\u00e9rempli et r\u00e9parti uniform\u00e9ment dans tous les \u00e9l\u00e9ments, y compris les tuyaux de liaison. Gr\u00e2ce \u00e0 la pompe \u00e0 chaleur int\u00e9gr\u00e9e, l\u2019Ultra Comfort ne se contente pas de refroidir, mais peut \u00e9galement chauffer, assurant ainsi un climat int\u00e9rieur agr\u00e9able dans le camping-car en toute saison.\u00a0Steril Air Pro :\u00a0D\u00e9couvrez avec Steril Air Pro une nouvelle dimension de confort et de puret\u00e9 de l\u2019air. Le climatiseur Ultra Comfort, associ\u00e9 \u00e0 Steril Air Pro, combine une climatisation de pointe avec une technologie innovante de photocatalyse par LED UV-A, pour un air int\u00e9rieur durablement pur, frais et sain.\u00a0Le purificateur d\u2019air int\u00e9gr\u00e9 \u00e9limine efficacement :\u00a0les virus et bact\u00e9ries (y compris le SARS-CoV-2, r\u00e9duction de 99,998 % en 30 minutes).\u00a0les impuret\u00e9s organiques et les odeurs.\u00a0les polluants tels que le formald\u00e9hyde et le benz\u00e8ne<\/p>\n","protected":false},"excerpt":{"rendered":"<p>Climatiseur Ultra Comfort 6000\/8000 :\u00a0Le climatiseur Ultra Comfort est la solution id\u00e9ale pour les vans am\u00e9nag\u00e9s, les mod\u00e8les \u00e0 toit relevable ainsi que les camping-cars semi-int\u00e9gr\u00e9s. Son unit\u00e9 de commande, avec \u00e9lectronique et ventilateur, est \u00e9l\u00e9gamment int\u00e9gr\u00e9e dans la console centrale du cockpit, tandis que le compresseur est install\u00e9 de mani\u00e8re compacte dans le compartiment [&hellip;]<\/p>\n","protected":false},"featured_media":235942,"template":"","meta":{"_acf_changed":false},"product_featured_cat":[],"product_brand":[3228],"product_cat":[4089],"product_tag":[],"class_list":{"0":"post-235952","1":"product","2":"type-product","3":"status-publish","4":"has-post-thumbnail","6":"product_brand-telair","7":"product_cat-climatisations","9":"first","10":"instock","11":"taxable","12":"shipping-taxable","13":"purchasable","14":"product-type-variable"},"acf":[],"yoast_head":"<!-- This site is optimized with the Yoast SEO plugin v27.5 - https:\/\/yoast.com\/product\/yoast-seo-wordpress\/ -->\n<title>Climatiseur avec Sterilair Pro Telair Ultra Comfort 8000 - Bantam<\/title>\n<meta name=\"robots\" content=\"index, follow, max-snippet:-1, max-image-preview:large, max-video-preview:-1\" \/>\n<link rel=\"canonical\" href=\"https:\/\/shop.bantam.ch\/fr\/produit\/climatiseur-avec-sterilair-pro-telair-ultra-comfort-8000\/\" \/>\n<meta property=\"og:locale\" content=\"fr_FR\" \/>\n<meta property=\"og:type\" content=\"article\" \/>\n<meta property=\"og:title\" content=\"Climatiseur avec Sterilair Pro Telair Ultra Comfort 8000 - Bantam\" \/>\n<meta property=\"og:description\" content=\"Climatiseur Ultra Comfort 6000\/8000 :\u00a0Le climatiseur Ultra Comfort est la solution id\u00e9ale pour les vans am\u00e9nag\u00e9s, les mod\u00e8les \u00e0 toit relevable ainsi que les camping-cars semi-int\u00e9gr\u00e9s. Son unit\u00e9 de commande, avec \u00e9lectronique et ventilateur, est \u00e9l\u00e9gamment int\u00e9gr\u00e9e dans la console centrale du cockpit, tandis que le compresseur est install\u00e9 de mani\u00e8re compacte dans le compartiment [&hellip;]\" \/>\n<meta property=\"og:url\" content=\"https:\/\/shop.bantam.ch\/fr\/produit\/climatiseur-avec-sterilair-pro-telair-ultra-comfort-8000\/\" \/>\n<meta property=\"og:site_name\" content=\"Bantam\" \/>\n<meta property=\"article:modified_time\" content=\"2026-05-06T00:39:28+00:00\" \/>\n<meta property=\"og:image\" content=\"https:\/\/shop.bantam.ch\/wp-content\/uploads\/2026\/04\/Movera-L-9987246100.png\" \/>\n\t<meta property=\"og:image:width\" content=\"640\" \/>\n\t<meta property=\"og:image:height\" content=\"603\" \/>\n\t<meta property=\"og:image:type\" content=\"image\/png\" \/>\n<meta name=\"twitter:card\" content=\"summary_large_image\" \/>\n<meta name=\"twitter:label1\" content=\"Dur\u00e9e de lecture estim\u00e9e\" \/>\n\t<meta name=\"twitter:data1\" content=\"1 minute\" \/>\n<script type=\"application\/ld+json\" class=\"yoast-schema-graph\">{\"@context\":\"https:\\\/\\\/schema.org\",\"@graph\":[{\"@type\":\"WebPage\",\"@id\":\"https:\\\/\\\/shop.bantam.ch\\\/fr\\\/produit\\\/climatiseur-avec-sterilair-pro-telair-ultra-comfort-8000\\\/\",\"url\":\"https:\\\/\\\/shop.bantam.ch\\\/fr\\\/produit\\\/climatiseur-avec-sterilair-pro-telair-ultra-comfort-8000\\\/\",\"name\":\"Climatiseur avec Sterilair Pro Telair Ultra Comfort 8000 - Bantam\",\"isPartOf\":{\"@id\":\"https:\\\/\\\/shop.bantam.ch\\\/fr\\\/#website\"},\"primaryImageOfPage\":{\"@id\":\"https:\\\/\\\/shop.bantam.ch\\\/fr\\\/produit\\\/climatiseur-avec-sterilair-pro-telair-ultra-comfort-8000\\\/#primaryimage\"},\"image\":{\"@id\":\"https:\\\/\\\/shop.bantam.ch\\\/fr\\\/produit\\\/climatiseur-avec-sterilair-pro-telair-ultra-comfort-8000\\\/#primaryimage\"},\"thumbnailUrl\":\"https:\\\/\\\/shop.bantam.ch\\\/wp-content\\\/uploads\\\/2026\\\/04\\\/Movera-L-9987246100.png\",\"datePublished\":\"2026-04-20T11:49:12+00:00\",\"dateModified\":\"2026-05-06T00:39:28+00:00\",\"breadcrumb\":{\"@id\":\"https:\\\/\\\/shop.bantam.ch\\\/fr\\\/produit\\\/climatiseur-avec-sterilair-pro-telair-ultra-comfort-8000\\\/#breadcrumb\"},\"inLanguage\":\"fr-FR\",\"potentialAction\":[{\"@type\":\"ReadAction\",\"target\":[\"https:\\\/\\\/shop.bantam.ch\\\/fr\\\/produit\\\/climatiseur-avec-sterilair-pro-telair-ultra-comfort-8000\\\/\"]}]},{\"@type\":\"ImageObject\",\"inLanguage\":\"fr-FR\",\"@id\":\"https:\\\/\\\/shop.bantam.ch\\\/fr\\\/produit\\\/climatiseur-avec-sterilair-pro-telair-ultra-comfort-8000\\\/#primaryimage\",\"url\":\"https:\\\/\\\/shop.bantam.ch\\\/wp-content\\\/uploads\\\/2026\\\/04\\\/Movera-L-9987246100.png\",\"contentUrl\":\"https:\\\/\\\/shop.bantam.ch\\\/wp-content\\\/uploads\\\/2026\\\/04\\\/Movera-L-9987246100.png\",\"width\":640,\"height\":603},{\"@type\":\"BreadcrumbList\",\"@id\":\"https:\\\/\\\/shop.bantam.ch\\\/fr\\\/produit\\\/climatiseur-avec-sterilair-pro-telair-ultra-comfort-8000\\\/#breadcrumb\",\"itemListElement\":[{\"@type\":\"ListItem\",\"position\":1,\"name\":\"Accueil\",\"item\":\"https:\\\/\\\/shop.bantam.ch\\\/fr\\\/\"},{\"@type\":\"ListItem\",\"position\":2,\"name\":\"Boutique\",\"item\":\"https:\\\/\\\/shop.bantam.ch\\\/fr\\\/boutique\\\/\"},{\"@type\":\"ListItem\",\"position\":3,\"name\":\"Climatiseur avec Sterilair Pro Telair Ultra Comfort 8000\"}]},{\"@type\":\"WebSite\",\"@id\":\"https:\\\/\\\/shop.bantam.ch\\\/fr\\\/#website\",\"url\":\"https:\\\/\\\/shop.bantam.ch\\\/fr\\\/\",\"name\":\"Bantam\",\"description\":\"\",\"publisher\":{\"@id\":\"https:\\\/\\\/shop.bantam.ch\\\/fr\\\/#organization\"},\"inLanguage\":\"fr-FR\"},{\"@type\":\"Organization\",\"@id\":\"https:\\\/\\\/shop.bantam.ch\\\/fr\\\/#organization\",\"name\":\"Bantam\",\"url\":\"https:\\\/\\\/shop.bantam.ch\\\/fr\\\/\",\"logo\":{\"@type\":\"ImageObject\",\"inLanguage\":\"fr-FR\",\"@id\":\"https:\\\/\\\/shop.bantam.ch\\\/fr\\\/#\\\/schema\\\/logo\\\/image\\\/\",\"url\":\"https:\\\/\\\/shop.bantam.ch\\\/wp-content\\\/uploads\\\/2022\\\/12\\\/bantam-logo.png\",\"contentUrl\":\"https:\\\/\\\/shop.bantam.ch\\\/wp-content\\\/uploads\\\/2022\\\/12\\\/bantam-logo.png\",\"width\":320,\"height\":71,\"caption\":\"Bantam\"},\"image\":{\"@id\":\"https:\\\/\\\/shop.bantam.ch\\\/fr\\\/#\\\/schema\\\/logo\\\/image\\\/\"}}]}<\/script>\n<!-- \/ Yoast SEO plugin. -->","yoast_head_json":{"title":"Climatiseur avec Sterilair Pro Telair Ultra Comfort 8000 - Bantam","robots":{"index":"index","follow":"follow","max-snippet":"max-snippet:-1","max-image-preview":"max-image-preview:large","max-video-preview":"max-video-preview:-1"},"canonical":"https:\/\/shop.bantam.ch\/fr\/produit\/climatiseur-avec-sterilair-pro-telair-ultra-comfort-8000\/","og_locale":"fr_FR","og_type":"article","og_title":"Climatiseur avec Sterilair Pro Telair Ultra Comfort 8000 - Bantam","og_description":"Climatiseur Ultra Comfort 6000\/8000 :\u00a0Le climatiseur Ultra Comfort est la solution id\u00e9ale pour les vans am\u00e9nag\u00e9s, les mod\u00e8les \u00e0 toit relevable ainsi que les camping-cars semi-int\u00e9gr\u00e9s. Son unit\u00e9 de commande, avec \u00e9lectronique et ventilateur, est \u00e9l\u00e9gamment int\u00e9gr\u00e9e dans la console centrale du cockpit, tandis que le compresseur est install\u00e9 de mani\u00e8re compacte dans le compartiment [&hellip;]","og_url":"https:\/\/shop.bantam.ch\/fr\/produit\/climatiseur-avec-sterilair-pro-telair-ultra-comfort-8000\/","og_site_name":"Bantam","article_modified_time":"2026-05-06T00:39:28+00:00","og_image":[{"width":640,"height":603,"url":"https:\/\/shop.bantam.ch\/wp-content\/uploads\/2026\/04\/Movera-L-9987246100.png","type":"image\/png"}],"twitter_card":"summary_large_image","twitter_misc":{"Dur\u00e9e de lecture estim\u00e9e":"1 minute"},"schema":{"@context":"https:\/\/schema.org","@graph":[{"@type":"WebPage","@id":"https:\/\/shop.bantam.ch\/fr\/produit\/climatiseur-avec-sterilair-pro-telair-ultra-comfort-8000\/","url":"https:\/\/shop.bantam.ch\/fr\/produit\/climatiseur-avec-sterilair-pro-telair-ultra-comfort-8000\/","name":"Climatiseur avec Sterilair Pro Telair Ultra Comfort 8000 - Bantam","isPartOf":{"@id":"https:\/\/shop.bantam.ch\/fr\/#website"},"primaryImageOfPage":{"@id":"https:\/\/shop.bantam.ch\/fr\/produit\/climatiseur-avec-sterilair-pro-telair-ultra-comfort-8000\/#primaryimage"},"image":{"@id":"https:\/\/shop.bantam.ch\/fr\/produit\/climatiseur-avec-sterilair-pro-telair-ultra-comfort-8000\/#primaryimage"},"thumbnailUrl":"https:\/\/shop.bantam.ch\/wp-content\/uploads\/2026\/04\/Movera-L-9987246100.png","datePublished":"2026-04-20T11:49:12+00:00","dateModified":"2026-05-06T00:39:28+00:00","breadcrumb":{"@id":"https:\/\/shop.bantam.ch\/fr\/produit\/climatiseur-avec-sterilair-pro-telair-ultra-comfort-8000\/#breadcrumb"},"inLanguage":"fr-FR","potentialAction":[{"@type":"ReadAction","target":["https:\/\/shop.bantam.ch\/fr\/produit\/climatiseur-avec-sterilair-pro-telair-ultra-comfort-8000\/"]}]},{"@type":"ImageObject","inLanguage":"fr-FR","@id":"https:\/\/shop.bantam.ch\/fr\/produit\/climatiseur-avec-sterilair-pro-telair-ultra-comfort-8000\/#primaryimage","url":"https:\/\/shop.bantam.ch\/wp-content\/uploads\/2026\/04\/Movera-L-9987246100.png","contentUrl":"https:\/\/shop.bantam.ch\/wp-content\/uploads\/2026\/04\/Movera-L-9987246100.png","width":640,"height":603},{"@type":"BreadcrumbList","@id":"https:\/\/shop.bantam.ch\/fr\/produit\/climatiseur-avec-sterilair-pro-telair-ultra-comfort-8000\/#breadcrumb","itemListElement":[{"@type":"ListItem","position":1,"name":"Accueil","item":"https:\/\/shop.bantam.ch\/fr\/"},{"@type":"ListItem","position":2,"name":"Boutique","item":"https:\/\/shop.bantam.ch\/fr\/boutique\/"},{"@type":"ListItem","position":3,"name":"Climatiseur avec Sterilair Pro Telair Ultra Comfort 8000"}]},{"@type":"WebSite","@id":"https:\/\/shop.bantam.ch\/fr\/#website","url":"https:\/\/shop.bantam.ch\/fr\/","name":"Bantam","description":"","publisher":{"@id":"https:\/\/shop.bantam.ch\/fr\/#organization"},"inLanguage":"fr-FR"},{"@type":"Organization","@id":"https:\/\/shop.bantam.ch\/fr\/#organization","name":"Bantam","url":"https:\/\/shop.bantam.ch\/fr\/","logo":{"@type":"ImageObject","inLanguage":"fr-FR","@id":"https:\/\/shop.bantam.ch\/fr\/#\/schema\/logo\/image\/","url":"https:\/\/shop.bantam.ch\/wp-content\/uploads\/2022\/12\/bantam-logo.png","contentUrl":"https:\/\/shop.bantam.ch\/wp-content\/uploads\/2022\/12\/bantam-logo.png","width":320,"height":71,"caption":"Bantam"},"image":{"@id":"https:\/\/shop.bantam.ch\/fr\/#\/schema\/logo\/image\/"}}]}},"_links":{"self":[{"href":"https:\/\/shop.bantam.ch\/fr\/wp-json\/wp\/v2\/product\/235952","targetHints":{"allow":["GET"]}}],"collection":[{"href":"https:\/\/shop.bantam.ch\/fr\/wp-json\/wp\/v2\/product"}],"about":[{"href":"https:\/\/shop.bantam.ch\/fr\/wp-json\/wp\/v2\/types\/product"}],"wp:featuredmedia":[{"embeddable":true,"href":"https:\/\/shop.bantam.ch\/fr\/wp-json\/wp\/v2\/media\/235942"}],"wp:attachment":[{"href":"https:\/\/shop.bantam.ch\/fr\/wp-json\/wp\/v2\/media?parent=235952"}],"wp:term":[{"taxonomy":"product_featured_cat","embeddable":true,"href":"https:\/\/shop.bantam.ch\/fr\/wp-json\/wp\/v2\/product_featured_cat?post=235952"},{"taxonomy":"product_brand","embeddable":true,"href":"https:\/\/shop.bantam.ch\/fr\/wp-json\/wp\/v2\/product_brand?post=235952"},{"taxonomy":"product_cat","embeddable":true,"href":"https:\/\/shop.bantam.ch\/fr\/wp-json\/wp\/v2\/product_cat?post=235952"},{"taxonomy":"product_tag","embeddable":true,"href":"https:\/\/shop.bantam.ch\/fr\/wp-json\/wp\/v2\/product_tag?post=235952"}],"curies":[{"name":"wp","href":"https:\/\/api.w.org\/{rel}","templated":true}]}}