{"id":235884,"date":"2026-04-17T11:49:23","date_gmt":"2026-04-17T09:49:23","guid":{"rendered":"https:\/\/shop.bantam.ch\/produit\/porte-velos-vanbike-crafter-noir-2-velos\/"},"modified":"2026-04-18T00:00:14","modified_gmt":"2026-04-17T22:00:14","slug":"porte-velos-vanbike-crafter-noir-2-velos","status":"publish","type":"product","link":"https:\/\/shop.bantam.ch\/fr\/produit\/porte-velos-vanbike-crafter-noir-2-velos\/","title":{"rendered":"Porte v\u00e9los Vanbike Crafter, noir 2 v\u00e9los"},"content":{"rendered":"<p>Angle d&rsquo;inclinaison max : NC \u00b0<br \/>\nCapacit\u00e9 de charge max par rail : 40 kg<br \/>\nCharge max : 80 kg<br \/>\nCompatible VAE : Oui<br \/>\nElectrique : Non<br \/>\nHauteur : 110 cm<br \/>\nInclinable : Non<br \/>\nLargeur : 80 cm<br \/>\nLivr\u00e9 avec : Visserie<br \/>\nLongueur : 175 cm<br \/>\nNombre max de v\u00e9los port\u00e9s option : 3<br \/>\nPoids net : 26 kg<br \/>\nRails coulissants : Non<br \/>\nRampe de chargement : Option<br \/>\nRepliable : Oui<br \/>\nSerrure anti-vol : Non fournie<br \/>\nType de montage : Fixation sur les charni\u00e8res des portes<\/p>\n","protected":false},"excerpt":{"rendered":"<p>Angle d&rsquo;inclinaison max : NC \u00b0 Capacit\u00e9 de charge max par rail : 40 kg Charge max : 80 kg Compatible VAE : Oui Electrique : Non Hauteur : 110 cm Inclinable : Non Largeur : 80 cm Livr\u00e9 avec : Visserie Longueur : 175 cm Nombre max de v\u00e9los port\u00e9s option : 3 Poids [&hellip;]<\/p>\n","protected":false},"featured_media":235876,"template":"","meta":{"_acf_changed":false},"product_featured_cat":[],"product_brand":[5383],"product_cat":[5137],"product_tag":[],"class_list":{"0":"post-235884","1":"product","2":"type-product","3":"status-publish","4":"has-post-thumbnail","6":"product_brand-vanbike","7":"product_cat-porte-velos-arriere","9":"first","10":"instock","11":"taxable","12":"shipping-taxable","13":"purchasable","14":"product-type-simple"},"acf":[],"yoast_head":"<!-- This site is optimized with the Yoast SEO plugin v27.4 - https:\/\/yoast.com\/product\/yoast-seo-wordpress\/ -->\n<title>Porte v\u00e9los Vanbike Crafter, noir 2 v\u00e9los - Bantam Wankm\u00fcller SA<\/title>\n<meta name=\"robots\" content=\"index, follow, max-snippet:-1, max-image-preview:large, max-video-preview:-1\" \/>\n<link rel=\"canonical\" href=\"https:\/\/shop.bantam.ch\/fr\/produit\/porte-velos-vanbike-crafter-noir-2-velos\/\" \/>\n<meta property=\"og:locale\" content=\"fr_FR\" \/>\n<meta property=\"og:type\" content=\"article\" \/>\n<meta property=\"og:title\" content=\"Porte v\u00e9los Vanbike Crafter, noir 2 v\u00e9los - Bantam Wankm\u00fcller SA\" \/>\n<meta property=\"og:description\" content=\"Angle d&rsquo;inclinaison max : NC \u00b0 Capacit\u00e9 de charge max par rail : 40 kg Charge max : 80 kg Compatible VAE : Oui Electrique : Non Hauteur : 110 cm Inclinable : Non Largeur : 80 cm Livr\u00e9 avec : Visserie Longueur : 175 cm Nombre max de v\u00e9los port\u00e9s option : 3 Poids [&hellip;]\" \/>\n<meta property=\"og:url\" content=\"https:\/\/shop.bantam.ch\/fr\/produit\/porte-velos-vanbike-crafter-noir-2-velos\/\" \/>\n<meta property=\"og:site_name\" content=\"Bantam Wankm\u00fcller SA\" \/>\n<meta property=\"article:modified_time\" content=\"2026-04-17T22:00:14+00:00\" \/>\n<meta property=\"og:image\" content=\"https:\/\/shop.bantam.ch\/wp-content\/uploads\/2026\/04\/77326016-11.jpg\" \/>\n\t<meta property=\"og:image:width\" content=\"455\" \/>\n\t<meta property=\"og:image:height\" content=\"460\" \/>\n\t<meta property=\"og:image:type\" content=\"image\/jpeg\" \/>\n<meta name=\"twitter:card\" content=\"summary_large_image\" \/>\n<script type=\"application\/ld+json\" class=\"yoast-schema-graph\">{\"@context\":\"https:\\\/\\\/schema.org\",\"@graph\":[{\"@type\":\"WebPage\",\"@id\":\"https:\\\/\\\/shop.bantam.ch\\\/fr\\\/produit\\\/porte-velos-vanbike-crafter-noir-2-velos\\\/\",\"url\":\"https:\\\/\\\/shop.bantam.ch\\\/fr\\\/produit\\\/porte-velos-vanbike-crafter-noir-2-velos\\\/\",\"name\":\"Porte v\u00e9los Vanbike Crafter, noir 2 v\u00e9los - Bantam Wankm\u00fcller SA\",\"isPartOf\":{\"@id\":\"https:\\\/\\\/shop.bantam.ch\\\/fr\\\/#website\"},\"primaryImageOfPage\":{\"@id\":\"https:\\\/\\\/shop.bantam.ch\\\/fr\\\/produit\\\/porte-velos-vanbike-crafter-noir-2-velos\\\/#primaryimage\"},\"image\":{\"@id\":\"https:\\\/\\\/shop.bantam.ch\\\/fr\\\/produit\\\/porte-velos-vanbike-crafter-noir-2-velos\\\/#primaryimage\"},\"thumbnailUrl\":\"https:\\\/\\\/shop.bantam.ch\\\/wp-content\\\/uploads\\\/2026\\\/04\\\/77326016-11.jpg\",\"datePublished\":\"2026-04-17T09:49:23+00:00\",\"dateModified\":\"2026-04-17T22:00:14+00:00\",\"breadcrumb\":{\"@id\":\"https:\\\/\\\/shop.bantam.ch\\\/fr\\\/produit\\\/porte-velos-vanbike-crafter-noir-2-velos\\\/#breadcrumb\"},\"inLanguage\":\"fr-FR\",\"potentialAction\":[{\"@type\":\"ReadAction\",\"target\":[\"https:\\\/\\\/shop.bantam.ch\\\/fr\\\/produit\\\/porte-velos-vanbike-crafter-noir-2-velos\\\/\"]}]},{\"@type\":\"ImageObject\",\"inLanguage\":\"fr-FR\",\"@id\":\"https:\\\/\\\/shop.bantam.ch\\\/fr\\\/produit\\\/porte-velos-vanbike-crafter-noir-2-velos\\\/#primaryimage\",\"url\":\"https:\\\/\\\/shop.bantam.ch\\\/wp-content\\\/uploads\\\/2026\\\/04\\\/77326016-11.jpg\",\"contentUrl\":\"https:\\\/\\\/shop.bantam.ch\\\/wp-content\\\/uploads\\\/2026\\\/04\\\/77326016-11.jpg\",\"width\":455,\"height\":460},{\"@type\":\"BreadcrumbList\",\"@id\":\"https:\\\/\\\/shop.bantam.ch\\\/fr\\\/produit\\\/porte-velos-vanbike-crafter-noir-2-velos\\\/#breadcrumb\",\"itemListElement\":[{\"@type\":\"ListItem\",\"position\":1,\"name\":\"Accueil\",\"item\":\"https:\\\/\\\/shop.bantam.ch\\\/fr\\\/\"},{\"@type\":\"ListItem\",\"position\":2,\"name\":\"Boutique\",\"item\":\"https:\\\/\\\/shop.bantam.ch\\\/fr\\\/boutique\\\/\"},{\"@type\":\"ListItem\",\"position\":3,\"name\":\"Porte v\u00e9los Vanbike Crafter, noir 2 v\u00e9los\"}]},{\"@type\":\"WebSite\",\"@id\":\"https:\\\/\\\/shop.bantam.ch\\\/fr\\\/#website\",\"url\":\"https:\\\/\\\/shop.bantam.ch\\\/fr\\\/\",\"name\":\"Bantam Wankm\u00fcller SA\",\"description\":\"\",\"publisher\":{\"@id\":\"https:\\\/\\\/shop.bantam.ch\\\/fr\\\/#organization\"},\"inLanguage\":\"fr-FR\"},{\"@type\":\"Organization\",\"@id\":\"https:\\\/\\\/shop.bantam.ch\\\/fr\\\/#organization\",\"name\":\"Bantam Wankm\u00fcller SA\",\"url\":\"https:\\\/\\\/shop.bantam.ch\\\/fr\\\/\",\"logo\":{\"@type\":\"ImageObject\",\"inLanguage\":\"fr-FR\",\"@id\":\"https:\\\/\\\/shop.bantam.ch\\\/fr\\\/#\\\/schema\\\/logo\\\/image\\\/\",\"url\":\"https:\\\/\\\/shop.bantam.ch\\\/wp-content\\\/uploads\\\/2022\\\/12\\\/bantam-logo.png\",\"contentUrl\":\"https:\\\/\\\/shop.bantam.ch\\\/wp-content\\\/uploads\\\/2022\\\/12\\\/bantam-logo.png\",\"width\":320,\"height\":71,\"caption\":\"Bantam Wankm\u00fcller SA\"},\"image\":{\"@id\":\"https:\\\/\\\/shop.bantam.ch\\\/fr\\\/#\\\/schema\\\/logo\\\/image\\\/\"}}]}<\/script>\n<!-- \/ Yoast SEO plugin. -->","yoast_head_json":{"title":"Porte v\u00e9los Vanbike Crafter, noir 2 v\u00e9los - Bantam Wankm\u00fcller SA","robots":{"index":"index","follow":"follow","max-snippet":"max-snippet:-1","max-image-preview":"max-image-preview:large","max-video-preview":"max-video-preview:-1"},"canonical":"https:\/\/shop.bantam.ch\/fr\/produit\/porte-velos-vanbike-crafter-noir-2-velos\/","og_locale":"fr_FR","og_type":"article","og_title":"Porte v\u00e9los Vanbike Crafter, noir 2 v\u00e9los - Bantam Wankm\u00fcller SA","og_description":"Angle d&rsquo;inclinaison max : NC \u00b0 Capacit\u00e9 de charge max par rail : 40 kg Charge max : 80 kg Compatible VAE : Oui Electrique : Non Hauteur : 110 cm Inclinable : Non Largeur : 80 cm Livr\u00e9 avec : Visserie Longueur : 175 cm Nombre max de v\u00e9los port\u00e9s option : 3 Poids [&hellip;]","og_url":"https:\/\/shop.bantam.ch\/fr\/produit\/porte-velos-vanbike-crafter-noir-2-velos\/","og_site_name":"Bantam Wankm\u00fcller SA","article_modified_time":"2026-04-17T22:00:14+00:00","og_image":[{"width":455,"height":460,"url":"https:\/\/shop.bantam.ch\/wp-content\/uploads\/2026\/04\/77326016-11.jpg","type":"image\/jpeg"}],"twitter_card":"summary_large_image","schema":{"@context":"https:\/\/schema.org","@graph":[{"@type":"WebPage","@id":"https:\/\/shop.bantam.ch\/fr\/produit\/porte-velos-vanbike-crafter-noir-2-velos\/","url":"https:\/\/shop.bantam.ch\/fr\/produit\/porte-velos-vanbike-crafter-noir-2-velos\/","name":"Porte v\u00e9los Vanbike Crafter, noir 2 v\u00e9los - Bantam Wankm\u00fcller SA","isPartOf":{"@id":"https:\/\/shop.bantam.ch\/fr\/#website"},"primaryImageOfPage":{"@id":"https:\/\/shop.bantam.ch\/fr\/produit\/porte-velos-vanbike-crafter-noir-2-velos\/#primaryimage"},"image":{"@id":"https:\/\/shop.bantam.ch\/fr\/produit\/porte-velos-vanbike-crafter-noir-2-velos\/#primaryimage"},"thumbnailUrl":"https:\/\/shop.bantam.ch\/wp-content\/uploads\/2026\/04\/77326016-11.jpg","datePublished":"2026-04-17T09:49:23+00:00","dateModified":"2026-04-17T22:00:14+00:00","breadcrumb":{"@id":"https:\/\/shop.bantam.ch\/fr\/produit\/porte-velos-vanbike-crafter-noir-2-velos\/#breadcrumb"},"inLanguage":"fr-FR","potentialAction":[{"@type":"ReadAction","target":["https:\/\/shop.bantam.ch\/fr\/produit\/porte-velos-vanbike-crafter-noir-2-velos\/"]}]},{"@type":"ImageObject","inLanguage":"fr-FR","@id":"https:\/\/shop.bantam.ch\/fr\/produit\/porte-velos-vanbike-crafter-noir-2-velos\/#primaryimage","url":"https:\/\/shop.bantam.ch\/wp-content\/uploads\/2026\/04\/77326016-11.jpg","contentUrl":"https:\/\/shop.bantam.ch\/wp-content\/uploads\/2026\/04\/77326016-11.jpg","width":455,"height":460},{"@type":"BreadcrumbList","@id":"https:\/\/shop.bantam.ch\/fr\/produit\/porte-velos-vanbike-crafter-noir-2-velos\/#breadcrumb","itemListElement":[{"@type":"ListItem","position":1,"name":"Accueil","item":"https:\/\/shop.bantam.ch\/fr\/"},{"@type":"ListItem","position":2,"name":"Boutique","item":"https:\/\/shop.bantam.ch\/fr\/boutique\/"},{"@type":"ListItem","position":3,"name":"Porte v\u00e9los Vanbike Crafter, noir 2 v\u00e9los"}]},{"@type":"WebSite","@id":"https:\/\/shop.bantam.ch\/fr\/#website","url":"https:\/\/shop.bantam.ch\/fr\/","name":"Bantam Wankm\u00fcller SA","description":"","publisher":{"@id":"https:\/\/shop.bantam.ch\/fr\/#organization"},"inLanguage":"fr-FR"},{"@type":"Organization","@id":"https:\/\/shop.bantam.ch\/fr\/#organization","name":"Bantam Wankm\u00fcller SA","url":"https:\/\/shop.bantam.ch\/fr\/","logo":{"@type":"ImageObject","inLanguage":"fr-FR","@id":"https:\/\/shop.bantam.ch\/fr\/#\/schema\/logo\/image\/","url":"https:\/\/shop.bantam.ch\/wp-content\/uploads\/2022\/12\/bantam-logo.png","contentUrl":"https:\/\/shop.bantam.ch\/wp-content\/uploads\/2022\/12\/bantam-logo.png","width":320,"height":71,"caption":"Bantam Wankm\u00fcller SA"},"image":{"@id":"https:\/\/shop.bantam.ch\/fr\/#\/schema\/logo\/image\/"}}]}},"_links":{"self":[{"href":"https:\/\/shop.bantam.ch\/fr\/wp-json\/wp\/v2\/product\/235884","targetHints":{"allow":["GET"]}}],"collection":[{"href":"https:\/\/shop.bantam.ch\/fr\/wp-json\/wp\/v2\/product"}],"about":[{"href":"https:\/\/shop.bantam.ch\/fr\/wp-json\/wp\/v2\/types\/product"}],"wp:featuredmedia":[{"embeddable":true,"href":"https:\/\/shop.bantam.ch\/fr\/wp-json\/wp\/v2\/media\/235876"}],"wp:attachment":[{"href":"https:\/\/shop.bantam.ch\/fr\/wp-json\/wp\/v2\/media?parent=235884"}],"wp:term":[{"taxonomy":"product_featured_cat","embeddable":true,"href":"https:\/\/shop.bantam.ch\/fr\/wp-json\/wp\/v2\/product_featured_cat?post=235884"},{"taxonomy":"product_brand","embeddable":true,"href":"https:\/\/shop.bantam.ch\/fr\/wp-json\/wp\/v2\/product_brand?post=235884"},{"taxonomy":"product_cat","embeddable":true,"href":"https:\/\/shop.bantam.ch\/fr\/wp-json\/wp\/v2\/product_cat?post=235884"},{"taxonomy":"product_tag","embeddable":true,"href":"https:\/\/shop.bantam.ch\/fr\/wp-json\/wp\/v2\/product_tag?post=235884"}],"curies":[{"name":"wp","href":"https:\/\/api.w.org\/{rel}","templated":true}]}}