{"id":235804,"date":"2026-04-17T11:27:18","date_gmt":"2026-04-17T09:27:18","guid":{"rendered":"https:\/\/shop.bantam.ch\/produit\/kit-dextension-pour-3eme-velo-noir\/"},"modified":"2026-04-17T23:59:59","modified_gmt":"2026-04-17T21:59:59","slug":"kit-dextension-pour-3eme-velo-noir","status":"publish","type":"product","link":"https:\/\/shop.bantam.ch\/fr\/produit\/kit-dextension-pour-3eme-velo-noir\/","title":{"rendered":"Kit d\u2019extension pour 3\u00e8me v\u00e9lo noir"},"content":{"rendered":"<p>Rail suppl\u00e9mentaire pour porte-v\u00e9los VANBIKE \u2013 Kit extension 3\u00e8me v\u00e9lo. Besoin d\u2019emporter un v\u00e9lo en plus lors de vos voyages ? Ce rail suppl\u00e9mentaire VANBIKE est la solution pour augmenter la capacit\u00e9 de votre porte-v\u00e9los en toute simplicit\u00e9. Con\u00e7u pour s\u2019int\u00e9grer au syst\u00e8me existant, il permet d\u2019ajouter un troisi\u00e8me v\u00e9lo de mani\u00e8re pratique et fiable. Emportez un v\u00e9lo de plus sans contrainte. Ce kit d\u2019extension vous permet d\u2019ajouter un v\u00e9lo suppl\u00e9mentaire \u00e0 votre porte-v\u00e9los VANBIKE. Id\u00e9al pour les d\u00e9parts en van ou en camping-car, il s\u2019adapte \u00e0 vos besoins et vous offre plus de libert\u00e9 dans vos d\u00e9placements. Stabilit\u00e9 et simplicit\u00e9 au quotidien. Pens\u00e9 pour un usage r\u00e9gulier, ce rail assure un maintien stable et s\u00e9curis\u00e9 du v\u00e9lo pendant le transport. Robuste, il se monte facilement gr\u00e2ce \u00e0 un syst\u00e8me de fixation simple, pour une installation rapide. Un kit complet pr\u00eat \u00e0 installer. Le kit comprend 2 supports \/ fixations, 1 rail de v\u00e9lo, 1 long bras de maintien ainsi que la visserie de montage incluse. Tout est pr\u00e9vu pour une mise en place directe.<\/p>\n","protected":false},"excerpt":{"rendered":"<p>Rail suppl\u00e9mentaire pour porte-v\u00e9los VANBIKE \u2013 Kit extension 3\u00e8me v\u00e9lo. Besoin d\u2019emporter un v\u00e9lo en plus lors de vos voyages ? Ce rail suppl\u00e9mentaire VANBIKE est la solution pour augmenter la capacit\u00e9 de votre porte-v\u00e9los en toute simplicit\u00e9. Con\u00e7u pour s\u2019int\u00e9grer au syst\u00e8me existant, il permet d\u2019ajouter un troisi\u00e8me v\u00e9lo de mani\u00e8re pratique et fiable. [&hellip;]<\/p>\n","protected":false},"featured_media":235802,"template":"","meta":{"_acf_changed":false},"product_featured_cat":[],"product_brand":[5383],"product_cat":[4697],"product_tag":[],"class_list":{"0":"post-235804","1":"product","2":"type-product","3":"status-publish","4":"has-post-thumbnail","6":"product_brand-vanbike","7":"product_cat-accessoires-pour-porte-velos","9":"first","10":"instock","11":"taxable","12":"shipping-taxable","13":"purchasable","14":"product-type-simple"},"acf":[],"yoast_head":"<!-- This site is optimized with the Yoast SEO plugin v27.4 - https:\/\/yoast.com\/product\/yoast-seo-wordpress\/ -->\n<title>Kit d\u2019extension pour 3\u00e8me v\u00e9lo noir - Bantam Wankm\u00fcller SA<\/title>\n<meta name=\"robots\" content=\"index, follow, max-snippet:-1, max-image-preview:large, max-video-preview:-1\" \/>\n<link rel=\"canonical\" href=\"https:\/\/shop.bantam.ch\/fr\/produit\/kit-dextension-pour-3eme-velo-noir\/\" \/>\n<meta property=\"og:locale\" content=\"fr_FR\" \/>\n<meta property=\"og:type\" content=\"article\" \/>\n<meta property=\"og:title\" content=\"Kit d\u2019extension pour 3\u00e8me v\u00e9lo noir - Bantam Wankm\u00fcller SA\" \/>\n<meta property=\"og:description\" content=\"Rail suppl\u00e9mentaire pour porte-v\u00e9los VANBIKE \u2013 Kit extension 3\u00e8me v\u00e9lo. Besoin d\u2019emporter un v\u00e9lo en plus lors de vos voyages ? Ce rail suppl\u00e9mentaire VANBIKE est la solution pour augmenter la capacit\u00e9 de votre porte-v\u00e9los en toute simplicit\u00e9. Con\u00e7u pour s\u2019int\u00e9grer au syst\u00e8me existant, il permet d\u2019ajouter un troisi\u00e8me v\u00e9lo de mani\u00e8re pratique et fiable. [&hellip;]\" \/>\n<meta property=\"og:url\" content=\"https:\/\/shop.bantam.ch\/fr\/produit\/kit-dextension-pour-3eme-velo-noir\/\" \/>\n<meta property=\"og:site_name\" content=\"Bantam Wankm\u00fcller SA\" \/>\n<meta property=\"article:modified_time\" content=\"2026-04-17T21:59:59+00:00\" \/>\n<meta property=\"og:image\" content=\"https:\/\/shop.bantam.ch\/wp-content\/uploads\/2026\/04\/77326018.jpg\" \/>\n\t<meta property=\"og:image:width\" content=\"455\" \/>\n\t<meta property=\"og:image:height\" content=\"460\" \/>\n\t<meta property=\"og:image:type\" content=\"image\/jpeg\" \/>\n<meta name=\"twitter:card\" content=\"summary_large_image\" \/>\n<meta name=\"twitter:label1\" content=\"Dur\u00e9e de lecture estim\u00e9e\" \/>\n\t<meta name=\"twitter:data1\" content=\"1 minute\" \/>\n<script type=\"application\/ld+json\" class=\"yoast-schema-graph\">{\"@context\":\"https:\\\/\\\/schema.org\",\"@graph\":[{\"@type\":\"WebPage\",\"@id\":\"https:\\\/\\\/shop.bantam.ch\\\/fr\\\/produit\\\/kit-dextension-pour-3eme-velo-noir\\\/\",\"url\":\"https:\\\/\\\/shop.bantam.ch\\\/fr\\\/produit\\\/kit-dextension-pour-3eme-velo-noir\\\/\",\"name\":\"Kit d\u2019extension pour 3\u00e8me v\u00e9lo noir - Bantam Wankm\u00fcller SA\",\"isPartOf\":{\"@id\":\"https:\\\/\\\/shop.bantam.ch\\\/fr\\\/#website\"},\"primaryImageOfPage\":{\"@id\":\"https:\\\/\\\/shop.bantam.ch\\\/fr\\\/produit\\\/kit-dextension-pour-3eme-velo-noir\\\/#primaryimage\"},\"image\":{\"@id\":\"https:\\\/\\\/shop.bantam.ch\\\/fr\\\/produit\\\/kit-dextension-pour-3eme-velo-noir\\\/#primaryimage\"},\"thumbnailUrl\":\"https:\\\/\\\/shop.bantam.ch\\\/wp-content\\\/uploads\\\/2026\\\/04\\\/77326018.jpg\",\"datePublished\":\"2026-04-17T09:27:18+00:00\",\"dateModified\":\"2026-04-17T21:59:59+00:00\",\"breadcrumb\":{\"@id\":\"https:\\\/\\\/shop.bantam.ch\\\/fr\\\/produit\\\/kit-dextension-pour-3eme-velo-noir\\\/#breadcrumb\"},\"inLanguage\":\"fr-FR\",\"potentialAction\":[{\"@type\":\"ReadAction\",\"target\":[\"https:\\\/\\\/shop.bantam.ch\\\/fr\\\/produit\\\/kit-dextension-pour-3eme-velo-noir\\\/\"]}]},{\"@type\":\"ImageObject\",\"inLanguage\":\"fr-FR\",\"@id\":\"https:\\\/\\\/shop.bantam.ch\\\/fr\\\/produit\\\/kit-dextension-pour-3eme-velo-noir\\\/#primaryimage\",\"url\":\"https:\\\/\\\/shop.bantam.ch\\\/wp-content\\\/uploads\\\/2026\\\/04\\\/77326018.jpg\",\"contentUrl\":\"https:\\\/\\\/shop.bantam.ch\\\/wp-content\\\/uploads\\\/2026\\\/04\\\/77326018.jpg\",\"width\":455,\"height\":460},{\"@type\":\"BreadcrumbList\",\"@id\":\"https:\\\/\\\/shop.bantam.ch\\\/fr\\\/produit\\\/kit-dextension-pour-3eme-velo-noir\\\/#breadcrumb\",\"itemListElement\":[{\"@type\":\"ListItem\",\"position\":1,\"name\":\"Accueil\",\"item\":\"https:\\\/\\\/shop.bantam.ch\\\/fr\\\/\"},{\"@type\":\"ListItem\",\"position\":2,\"name\":\"Boutique\",\"item\":\"https:\\\/\\\/shop.bantam.ch\\\/fr\\\/boutique\\\/\"},{\"@type\":\"ListItem\",\"position\":3,\"name\":\"Kit d\u2019extension pour 3\u00e8me v\u00e9lo noir\"}]},{\"@type\":\"WebSite\",\"@id\":\"https:\\\/\\\/shop.bantam.ch\\\/fr\\\/#website\",\"url\":\"https:\\\/\\\/shop.bantam.ch\\\/fr\\\/\",\"name\":\"Bantam Wankm\u00fcller SA\",\"description\":\"\",\"publisher\":{\"@id\":\"https:\\\/\\\/shop.bantam.ch\\\/fr\\\/#organization\"},\"inLanguage\":\"fr-FR\"},{\"@type\":\"Organization\",\"@id\":\"https:\\\/\\\/shop.bantam.ch\\\/fr\\\/#organization\",\"name\":\"Bantam Wankm\u00fcller SA\",\"url\":\"https:\\\/\\\/shop.bantam.ch\\\/fr\\\/\",\"logo\":{\"@type\":\"ImageObject\",\"inLanguage\":\"fr-FR\",\"@id\":\"https:\\\/\\\/shop.bantam.ch\\\/fr\\\/#\\\/schema\\\/logo\\\/image\\\/\",\"url\":\"https:\\\/\\\/shop.bantam.ch\\\/wp-content\\\/uploads\\\/2022\\\/12\\\/bantam-logo.png\",\"contentUrl\":\"https:\\\/\\\/shop.bantam.ch\\\/wp-content\\\/uploads\\\/2022\\\/12\\\/bantam-logo.png\",\"width\":320,\"height\":71,\"caption\":\"Bantam Wankm\u00fcller SA\"},\"image\":{\"@id\":\"https:\\\/\\\/shop.bantam.ch\\\/fr\\\/#\\\/schema\\\/logo\\\/image\\\/\"}}]}<\/script>\n<!-- \/ Yoast SEO plugin. -->","yoast_head_json":{"title":"Kit d\u2019extension pour 3\u00e8me v\u00e9lo noir - Bantam Wankm\u00fcller SA","robots":{"index":"index","follow":"follow","max-snippet":"max-snippet:-1","max-image-preview":"max-image-preview:large","max-video-preview":"max-video-preview:-1"},"canonical":"https:\/\/shop.bantam.ch\/fr\/produit\/kit-dextension-pour-3eme-velo-noir\/","og_locale":"fr_FR","og_type":"article","og_title":"Kit d\u2019extension pour 3\u00e8me v\u00e9lo noir - Bantam Wankm\u00fcller SA","og_description":"Rail suppl\u00e9mentaire pour porte-v\u00e9los VANBIKE \u2013 Kit extension 3\u00e8me v\u00e9lo. Besoin d\u2019emporter un v\u00e9lo en plus lors de vos voyages ? Ce rail suppl\u00e9mentaire VANBIKE est la solution pour augmenter la capacit\u00e9 de votre porte-v\u00e9los en toute simplicit\u00e9. Con\u00e7u pour s\u2019int\u00e9grer au syst\u00e8me existant, il permet d\u2019ajouter un troisi\u00e8me v\u00e9lo de mani\u00e8re pratique et fiable. [&hellip;]","og_url":"https:\/\/shop.bantam.ch\/fr\/produit\/kit-dextension-pour-3eme-velo-noir\/","og_site_name":"Bantam Wankm\u00fcller SA","article_modified_time":"2026-04-17T21:59:59+00:00","og_image":[{"width":455,"height":460,"url":"https:\/\/shop.bantam.ch\/wp-content\/uploads\/2026\/04\/77326018.jpg","type":"image\/jpeg"}],"twitter_card":"summary_large_image","twitter_misc":{"Dur\u00e9e de lecture estim\u00e9e":"1 minute"},"schema":{"@context":"https:\/\/schema.org","@graph":[{"@type":"WebPage","@id":"https:\/\/shop.bantam.ch\/fr\/produit\/kit-dextension-pour-3eme-velo-noir\/","url":"https:\/\/shop.bantam.ch\/fr\/produit\/kit-dextension-pour-3eme-velo-noir\/","name":"Kit d\u2019extension pour 3\u00e8me v\u00e9lo noir - Bantam Wankm\u00fcller SA","isPartOf":{"@id":"https:\/\/shop.bantam.ch\/fr\/#website"},"primaryImageOfPage":{"@id":"https:\/\/shop.bantam.ch\/fr\/produit\/kit-dextension-pour-3eme-velo-noir\/#primaryimage"},"image":{"@id":"https:\/\/shop.bantam.ch\/fr\/produit\/kit-dextension-pour-3eme-velo-noir\/#primaryimage"},"thumbnailUrl":"https:\/\/shop.bantam.ch\/wp-content\/uploads\/2026\/04\/77326018.jpg","datePublished":"2026-04-17T09:27:18+00:00","dateModified":"2026-04-17T21:59:59+00:00","breadcrumb":{"@id":"https:\/\/shop.bantam.ch\/fr\/produit\/kit-dextension-pour-3eme-velo-noir\/#breadcrumb"},"inLanguage":"fr-FR","potentialAction":[{"@type":"ReadAction","target":["https:\/\/shop.bantam.ch\/fr\/produit\/kit-dextension-pour-3eme-velo-noir\/"]}]},{"@type":"ImageObject","inLanguage":"fr-FR","@id":"https:\/\/shop.bantam.ch\/fr\/produit\/kit-dextension-pour-3eme-velo-noir\/#primaryimage","url":"https:\/\/shop.bantam.ch\/wp-content\/uploads\/2026\/04\/77326018.jpg","contentUrl":"https:\/\/shop.bantam.ch\/wp-content\/uploads\/2026\/04\/77326018.jpg","width":455,"height":460},{"@type":"BreadcrumbList","@id":"https:\/\/shop.bantam.ch\/fr\/produit\/kit-dextension-pour-3eme-velo-noir\/#breadcrumb","itemListElement":[{"@type":"ListItem","position":1,"name":"Accueil","item":"https:\/\/shop.bantam.ch\/fr\/"},{"@type":"ListItem","position":2,"name":"Boutique","item":"https:\/\/shop.bantam.ch\/fr\/boutique\/"},{"@type":"ListItem","position":3,"name":"Kit d\u2019extension pour 3\u00e8me v\u00e9lo noir"}]},{"@type":"WebSite","@id":"https:\/\/shop.bantam.ch\/fr\/#website","url":"https:\/\/shop.bantam.ch\/fr\/","name":"Bantam Wankm\u00fcller SA","description":"","publisher":{"@id":"https:\/\/shop.bantam.ch\/fr\/#organization"},"inLanguage":"fr-FR"},{"@type":"Organization","@id":"https:\/\/shop.bantam.ch\/fr\/#organization","name":"Bantam Wankm\u00fcller SA","url":"https:\/\/shop.bantam.ch\/fr\/","logo":{"@type":"ImageObject","inLanguage":"fr-FR","@id":"https:\/\/shop.bantam.ch\/fr\/#\/schema\/logo\/image\/","url":"https:\/\/shop.bantam.ch\/wp-content\/uploads\/2022\/12\/bantam-logo.png","contentUrl":"https:\/\/shop.bantam.ch\/wp-content\/uploads\/2022\/12\/bantam-logo.png","width":320,"height":71,"caption":"Bantam Wankm\u00fcller SA"},"image":{"@id":"https:\/\/shop.bantam.ch\/fr\/#\/schema\/logo\/image\/"}}]}},"_links":{"self":[{"href":"https:\/\/shop.bantam.ch\/fr\/wp-json\/wp\/v2\/product\/235804","targetHints":{"allow":["GET"]}}],"collection":[{"href":"https:\/\/shop.bantam.ch\/fr\/wp-json\/wp\/v2\/product"}],"about":[{"href":"https:\/\/shop.bantam.ch\/fr\/wp-json\/wp\/v2\/types\/product"}],"wp:featuredmedia":[{"embeddable":true,"href":"https:\/\/shop.bantam.ch\/fr\/wp-json\/wp\/v2\/media\/235802"}],"wp:attachment":[{"href":"https:\/\/shop.bantam.ch\/fr\/wp-json\/wp\/v2\/media?parent=235804"}],"wp:term":[{"taxonomy":"product_featured_cat","embeddable":true,"href":"https:\/\/shop.bantam.ch\/fr\/wp-json\/wp\/v2\/product_featured_cat?post=235804"},{"taxonomy":"product_brand","embeddable":true,"href":"https:\/\/shop.bantam.ch\/fr\/wp-json\/wp\/v2\/product_brand?post=235804"},{"taxonomy":"product_cat","embeddable":true,"href":"https:\/\/shop.bantam.ch\/fr\/wp-json\/wp\/v2\/product_cat?post=235804"},{"taxonomy":"product_tag","embeddable":true,"href":"https:\/\/shop.bantam.ch\/fr\/wp-json\/wp\/v2\/product_tag?post=235804"}],"curies":[{"name":"wp","href":"https:\/\/api.w.org\/{rel}","templated":true}]}}