{"id":235749,"date":"2026-04-15T10:21:20","date_gmt":"2026-04-15T08:21:20","guid":{"rendered":"https:\/\/shop.bantam.ch\/produit\/kit-camping-car-mini-avec-selfsat-mwr-5550\/"},"modified":"2026-04-19T02:39:33","modified_gmt":"2026-04-19T00:39:33","slug":"kit-camping-car-mini-avec-selfsat-mwr-5550","status":"publish","type":"product","link":"https:\/\/shop.bantam.ch\/fr\/produit\/kit-camping-car-mini-avec-selfsat-mwr-5550\/","title":{"rendered":"Kit camping-car MINI avec SELFSAT MWR 5550"},"content":{"rendered":"<p>Ce kit pr\u00eat \u00e0 l&#8217;emploi offre un maximum de possibilit\u00e9s d&rsquo;acc\u00e8s \u00e0 Internet via STARLINK, le r\u00e9seau mobile 5G ou le WLAN du camping.<\/p>\n<p class=\"container-description\">\n<p>Il se compose du STARLINK MINI, du SUPPORT MOBILE STARLINK MINI, d&rsquo;une plaque de montage sur le toit, d&rsquo;une travers\u00e9e de toit, d&rsquo;un c\u00e2ble allume-cigare 12 volts pour STARLINK MINI 3 m, d&rsquo;un c\u00e2ble r\u00e9seau vers STARLINK de 3 m avec connecteurs \u00e9tanches, d&rsquo;un c\u00e2ble LAN de 1,5 m vers le routeur et du routeur SELFSAT MWR 5550 avec antenne SELFSAT en noir.<\/p>\n<p>Description du produit STARLINK MINI :<\/p>\n<p>INTERNET \u00c0 GRANDE VITESSE DANS LE MONDE ENTIER :<\/p>\n<p>Starlink offre l&rsquo;Internet haut d\u00e9bit presque partout dans le monde. Avec les tarifs de service de voyage, vous pouvez voyager partout dans votre propre pays, ainsi que faire des voyages \u00e0 l&rsquo;\u00e9tranger dans les march\u00e9s o\u00f9 Starlink est en direct. Starlink se connecte en quelques minutes.<\/p>\n<p>UTILISEZ STARLINK EN MOUVEMENT :<\/p>\n<p>L&rsquo;utilisation en mouvement est prise en charge par tous les tarifs de services de voyage Starlink et jusqu&rsquo;\u00e0 160 km\/h. Vous pouvez \u00e9galement utiliser Starlink en d\u00e9placement.<\/p>\n<p>R\u00c9SISTE AUX INTEMP\u00c9RIES :<\/p>\n<p>Les Starlinks sont con\u00e7us pour r\u00e9sister \u00e0 des conditions m\u00e9t\u00e9orologiques difficiles &#8211; ils peuvent faire fondre la neige et r\u00e9sister au gr\u00e9sil, aux fortes pluies et aux fortes temp\u00eates.<\/p>\n<p>CONNECTEZ-VOUS EN QUELQUES MINUTES :<\/p>\n<p>Connecter et pointer vers le ciel. Starlink n\u00e9cessite une vue d\u00e9gag\u00e9e du ciel. T\u00e9l\u00e9chargez l&rsquo;application Starlink pour d\u00e9terminer la meilleure orientation.<\/p>\n<p>Facturation en fonction de la consommation :<\/p>\n<p>Starlink propose actuellement le tarif de service VOYAGE 50 Go ou VOYAGE ILLIMIT\u00c9. La facturation est mensuelle. Le service peut \u00eatre mis en pause et repris \u00e0 tout moment avec le forfait de base moyennant une petite redevance mensuelle, ce qui permet de recevoir des messages en cas d&rsquo;urgence et de r\u00e9activer facilement le service en cas de trous de r\u00e9seau.<\/p>\n<p>RAPIDE ET S\u00dbR POUR LES LIEUX D&rsquo;INTERVENTION ISOL\u00c9S :<\/p>\n<p>Vous pouvez travailler de mani\u00e8re transparente \u00e0 tout moment et en tout lieu. Starlink prot\u00e8ge vos donn\u00e9es et la confidentialit\u00e9 du trafic des utilisateurs gr\u00e2ce \u00e0 un cryptage de bout en bout.<\/p>\n<p>Le Mini Starlink est un kit compact et portable qui tient facilement dans un sac \u00e0 dos et qui a \u00e9t\u00e9 con\u00e7u pour l&rsquo;Internet haut d\u00e9bit \u00e0 faible latence en d\u00e9placement. Il offre un routeur WLAN int\u00e9gr\u00e9, une consommation d&rsquo;\u00e9nergie r\u00e9duite, une connexion au courant continu et des vitesses de t\u00e9l\u00e9chargement maximales de plus de 100 Mbits.<\/p>\n<p>STARLINK MINI :<\/p>\n<ul>\n<li>Champ de vision 110<\/li>\n<li>Poids 1,1 kg, 1,16 kg avec support<\/li>\n<li>Classe de protection IP67 type 4<\/li>\n<li>Temp\u00e9rature de fonctionnement -30\u00b0 \u00e0 50\u00b0C<\/li>\n<li>Consommation d&rsquo;\u00e9nergie \u00d8 25 40 W<\/li>\n<li>Tension d&rsquo;entr\u00e9e 12 48 V, 60 W<\/li>\n<li>USB PD Anf. 100 W, min. 20 V \/ 5 A<\/li>\n<li>WLAN 5<\/li>\n<li>1 port Ethernet<\/li>\n<li>Dimensions 30 x 26 x 4 cm<\/li>\n<\/ul>\n<p>BLOC D&rsquo;ALIMENTATION STARLINK :<\/p>\n<ul>\n<li>Sp\u00e9c. de puissance 100 240 V, ~ 1,6 A<\/li>\n<li>Dimensions 10 x 5 x 5 cm<\/li>\n<\/ul>\n<p>DESCRIPTION DU PRODUIT SELFSAT MWR 5550 avec antenne de toit SELFSAT :<\/p>\n<ul>\n<li>Connexion au r\u00e9seau mobile 5G (jusqu&rsquo;\u00e0 3,3 Gbps) ou 4G LTE (Cat 20).<\/li>\n<li>Connexion aux r\u00e9seaux WLAN du camping avec ou sans page de connexion (Captive Portal)<\/li>\n<li>Connexion \u00e0 Starlink en cas de raccordement d&rsquo;une antenne Starlink<\/li>\n<li>2 emplacements pour cartes SIM<\/li>\n<li>Installation et utilisation particuli\u00e8rement simples<\/li>\n<li>Localisation GPS du camping-car ou de la caravane possible<\/li>\n<li>Capacit\u00e9 VPN, par ex. pour le streaming \u00e0 l&rsquo;\u00e9tranger<\/li>\n<\/ul>\n<p>Dans le camping-car ou la caravane, une connexion Internet stable pour le smartphone, la tablette, l&rsquo;ordinateur portable, la Smart TV ou la console de jeux est souvent un d\u00e9fi. SELFSAT propose diff\u00e9rentes solutions pour l&rsquo;alimentation WLAN en d\u00e9placement. Les routeurs SELFSAT peuvent \u00eatre aliment\u00e9s par le r\u00e9seau de bord 12\/24 volts et re\u00e7oivent des signaux WLAN ou de r\u00e9seau mobile de l&rsquo;ext\u00e9rieur pour les diffuser dans le v\u00e9hicule en tant que WLAN priv\u00e9 et prot\u00e9g\u00e9. Une antenne ext\u00e9rieure assure une bonne r\u00e9ception et permet de pallier le blindage de l&rsquo;enveloppe ext\u00e9rieure du v\u00e9hicule. Le montage est simple et l&rsquo;antenne est \u00e9tanche \u00e0 la poussi\u00e8re et \u00e0 l&rsquo;eau. La connexion avec le routeur s&rsquo;effectue via des codes QR ou des noms et mots de passe WLAN. L&rsquo;utilisation est conviviale, se fait via le navigateur Internet et ne n\u00e9cessite donc pas d&rsquo;application s\u00e9par\u00e9e. Le routeur prend en charge l&rsquo;inscription aux r\u00e9seaux WLAN du camping avec page d&rsquo;inscription (portail captif), la localisation GPS du camping-car, l&rsquo;installation de VPN pour le streaming \u00e0 l&rsquo;\u00e9tranger et est compatible avec Starlink.<\/p>\n<p>Caract\u00e9ristiques du routeur :<\/p>\n<ul>\n<li>G\u00e9n\u00e9rations de t\u00e9l\u00e9phonie mobile prises en charge : 5G (jusqu&rsquo;\u00e0 3,3 Gbps), 4G LTE (Cat 20 jusqu&rsquo;\u00e0 2,0 Gbps), 3G (jusqu&rsquo;\u00e0 42 Mbps).<\/li>\n<li>Fr\u00e9quences WiFi support\u00e9es (entr\u00e9e) : 2.4 GHz, 5 GHz<\/li>\n<li>Fr\u00e9quences WiFi support\u00e9es (sortie) : 2.4 GHz, 5 GHz<\/li>\n<li>Supporte le GPS pour la localisation et la synchronisation temporelle<\/li>\n<li>2 emplacements pour cartes SIM : Mini SIM (2FF)<\/li>\n<li>Interfaces Ethernet : 1 x WAN, 4 x LAN RJ45<\/li>\n<li>Alimentation \u00e9lectrique : 9 50 volts DC<\/li>\n<li>Dimensions : 132 x 45 x 96 mm<\/li>\n<li>Poids : 533 g<\/li>\n<li>Temp\u00e9rature de fonctionnement : -40\u00b0C 75\u00b0C<\/li>\n<li>Classe de protection : IP30<\/li>\n<\/ul>\n<p>Caract\u00e9ristiques de performance Antenne :<\/p>\n<ul>\n<li>4G \/ LTE \/ 5G<\/li>\n<li>Gamme de fr\u00e9quences MIMO : 698 960 MHz, 1710 2690 MHz, 2900 3600 MHz<\/li>\n<li>Gain de signal : 4 dBi<\/li>\n<li>C\u00e2ble : 4 x LMR100 (perte de signal particuli\u00e8rement faible), longueur 1 m (rallonge de c\u00e2ble de 1 m ou 2 m disponible en option)<\/li>\n<li>Connecteurs : SMA m\u00e2le \/ m\u00e2le<\/li>\n<li>WLAN 2.4 GHz \/ 5 GHz<\/li>\n<li>Gamme de fr\u00e9quences : 2400 2483.5 MHz, 4900 5825 MHz<\/li>\n<li>Gain de signal : 4 dBi<\/li>\n<li>C\u00e2ble : 1 x LMR100 (perte de signal particuli\u00e8rement faible), longueur 1 m (rallonge de c\u00e2ble de 1 m ou 2 m disponible en option)<\/li>\n<li>Connecteur : RP SMA m\u00e2le \/ m\u00e2le<\/li>\n<li>GPS<\/li>\n<li>Gamme de fr\u00e9quences : 1.562 1612 MHz<\/li>\n<li>Gain de signal : 26 dB<\/li>\n<li>C\u00e2ble : 1 x LMR100 (perte de signal particuli\u00e8rement faible), longueur 1 m (rallonge de c\u00e2ble de 1 m ou 2 m disponible en option)<\/li>\n<li>Connecteur : SMA m\u00e2le \/ m\u00e2le<\/li>\n<li>Temp\u00e9rature de fonctionnement : -40\u00b0C 85\u00b0C<\/li>\n<li>Classe de protection : IP67 (sauf sortie de c\u00e2ble)<\/li>\n<li>Dimensions : 189 x 182 x 85 mm<\/li>\n<\/ul>\n","protected":false},"excerpt":{"rendered":"<p>Ce kit pr\u00eat \u00e0 l&#8217;emploi offre un maximum de possibilit\u00e9s d&rsquo;acc\u00e8s \u00e0 Internet via STARLINK, le r\u00e9seau mobile 5G ou le WLAN du camping. Il se compose du STARLINK MINI, du SUPPORT MOBILE STARLINK MINI, d&rsquo;une plaque de montage sur le toit, d&rsquo;une travers\u00e9e de toit, d&rsquo;un c\u00e2ble allume-cigare 12 volts pour STARLINK MINI 3 [&hellip;]<\/p>\n","protected":false},"featured_media":235745,"template":"","meta":{"_acf_changed":false},"product_featured_cat":[],"product_brand":[5381],"product_cat":[5151],"product_tag":[],"class_list":{"0":"post-235749","1":"product","2":"type-product","3":"status-publish","4":"has-post-thumbnail","6":"product_brand-selfast","7":"product_cat-antennes-wlan-et-lte","9":"first","10":"instock","11":"taxable","12":"shipping-taxable","13":"purchasable","14":"product-type-variable"},"acf":[],"yoast_head":"<!-- This site is optimized with the Yoast SEO plugin v27.4 - https:\/\/yoast.com\/product\/yoast-seo-wordpress\/ -->\n<title>Kit camping-car MINI avec SELFSAT MWR 5550 - Bantam Wankm\u00fcller SA<\/title>\n<meta name=\"robots\" content=\"index, follow, max-snippet:-1, max-image-preview:large, max-video-preview:-1\" \/>\n<link rel=\"canonical\" href=\"https:\/\/shop.bantam.ch\/fr\/produit\/kit-camping-car-mini-avec-selfsat-mwr-5550\/\" \/>\n<meta property=\"og:locale\" content=\"fr_FR\" \/>\n<meta property=\"og:type\" content=\"article\" \/>\n<meta property=\"og:title\" content=\"Kit camping-car MINI avec SELFSAT MWR 5550 - Bantam Wankm\u00fcller SA\" \/>\n<meta property=\"og:description\" content=\"Ce kit pr\u00eat \u00e0 l&#8217;emploi offre un maximum de possibilit\u00e9s d&rsquo;acc\u00e8s \u00e0 Internet via STARLINK, le r\u00e9seau mobile 5G ou le WLAN du camping. Il se compose du STARLINK MINI, du SUPPORT MOBILE STARLINK MINI, d&rsquo;une plaque de montage sur le toit, d&rsquo;une travers\u00e9e de toit, d&rsquo;un c\u00e2ble allume-cigare 12 volts pour STARLINK MINI 3 [&hellip;]\" \/>\n<meta property=\"og:url\" content=\"https:\/\/shop.bantam.ch\/fr\/produit\/kit-camping-car-mini-avec-selfsat-mwr-5550\/\" \/>\n<meta property=\"og:site_name\" content=\"Bantam Wankm\u00fcller SA\" \/>\n<meta property=\"article:modified_time\" content=\"2026-04-19T00:39:33+00:00\" \/>\n<meta property=\"og:image\" content=\"https:\/\/shop.bantam.ch\/wp-content\/uploads\/2026\/04\/Movera-L-9976192100.jpg\" \/>\n\t<meta property=\"og:image:width\" content=\"640\" \/>\n\t<meta property=\"og:image:height\" content=\"480\" \/>\n\t<meta property=\"og:image:type\" content=\"image\/jpeg\" \/>\n<meta name=\"twitter:card\" content=\"summary_large_image\" \/>\n<meta name=\"twitter:label1\" content=\"Dur\u00e9e de lecture estim\u00e9e\" \/>\n\t<meta name=\"twitter:data1\" content=\"5 minutes\" \/>\n<script type=\"application\/ld+json\" class=\"yoast-schema-graph\">{\"@context\":\"https:\\\/\\\/schema.org\",\"@graph\":[{\"@type\":\"WebPage\",\"@id\":\"https:\\\/\\\/shop.bantam.ch\\\/fr\\\/produit\\\/kit-camping-car-mini-avec-selfsat-mwr-5550\\\/\",\"url\":\"https:\\\/\\\/shop.bantam.ch\\\/fr\\\/produit\\\/kit-camping-car-mini-avec-selfsat-mwr-5550\\\/\",\"name\":\"Kit camping-car MINI avec SELFSAT MWR 5550 - Bantam Wankm\u00fcller SA\",\"isPartOf\":{\"@id\":\"https:\\\/\\\/shop.bantam.ch\\\/fr\\\/#website\"},\"primaryImageOfPage\":{\"@id\":\"https:\\\/\\\/shop.bantam.ch\\\/fr\\\/produit\\\/kit-camping-car-mini-avec-selfsat-mwr-5550\\\/#primaryimage\"},\"image\":{\"@id\":\"https:\\\/\\\/shop.bantam.ch\\\/fr\\\/produit\\\/kit-camping-car-mini-avec-selfsat-mwr-5550\\\/#primaryimage\"},\"thumbnailUrl\":\"https:\\\/\\\/shop.bantam.ch\\\/wp-content\\\/uploads\\\/2026\\\/04\\\/Movera-L-9976192100.jpg\",\"datePublished\":\"2026-04-15T08:21:20+00:00\",\"dateModified\":\"2026-04-19T00:39:33+00:00\",\"breadcrumb\":{\"@id\":\"https:\\\/\\\/shop.bantam.ch\\\/fr\\\/produit\\\/kit-camping-car-mini-avec-selfsat-mwr-5550\\\/#breadcrumb\"},\"inLanguage\":\"fr-FR\",\"potentialAction\":[{\"@type\":\"ReadAction\",\"target\":[\"https:\\\/\\\/shop.bantam.ch\\\/fr\\\/produit\\\/kit-camping-car-mini-avec-selfsat-mwr-5550\\\/\"]}]},{\"@type\":\"ImageObject\",\"inLanguage\":\"fr-FR\",\"@id\":\"https:\\\/\\\/shop.bantam.ch\\\/fr\\\/produit\\\/kit-camping-car-mini-avec-selfsat-mwr-5550\\\/#primaryimage\",\"url\":\"https:\\\/\\\/shop.bantam.ch\\\/wp-content\\\/uploads\\\/2026\\\/04\\\/Movera-L-9976192100.jpg\",\"contentUrl\":\"https:\\\/\\\/shop.bantam.ch\\\/wp-content\\\/uploads\\\/2026\\\/04\\\/Movera-L-9976192100.jpg\",\"width\":640,\"height\":480},{\"@type\":\"BreadcrumbList\",\"@id\":\"https:\\\/\\\/shop.bantam.ch\\\/fr\\\/produit\\\/kit-camping-car-mini-avec-selfsat-mwr-5550\\\/#breadcrumb\",\"itemListElement\":[{\"@type\":\"ListItem\",\"position\":1,\"name\":\"Accueil\",\"item\":\"https:\\\/\\\/shop.bantam.ch\\\/fr\\\/\"},{\"@type\":\"ListItem\",\"position\":2,\"name\":\"Boutique\",\"item\":\"https:\\\/\\\/shop.bantam.ch\\\/fr\\\/boutique\\\/\"},{\"@type\":\"ListItem\",\"position\":3,\"name\":\"Kit camping-car MINI avec SELFSAT MWR 5550\"}]},{\"@type\":\"WebSite\",\"@id\":\"https:\\\/\\\/shop.bantam.ch\\\/fr\\\/#website\",\"url\":\"https:\\\/\\\/shop.bantam.ch\\\/fr\\\/\",\"name\":\"Bantam Wankm\u00fcller SA\",\"description\":\"\",\"publisher\":{\"@id\":\"https:\\\/\\\/shop.bantam.ch\\\/fr\\\/#organization\"},\"inLanguage\":\"fr-FR\"},{\"@type\":\"Organization\",\"@id\":\"https:\\\/\\\/shop.bantam.ch\\\/fr\\\/#organization\",\"name\":\"Bantam Wankm\u00fcller SA\",\"url\":\"https:\\\/\\\/shop.bantam.ch\\\/fr\\\/\",\"logo\":{\"@type\":\"ImageObject\",\"inLanguage\":\"fr-FR\",\"@id\":\"https:\\\/\\\/shop.bantam.ch\\\/fr\\\/#\\\/schema\\\/logo\\\/image\\\/\",\"url\":\"https:\\\/\\\/shop.bantam.ch\\\/wp-content\\\/uploads\\\/2022\\\/12\\\/bantam-logo.png\",\"contentUrl\":\"https:\\\/\\\/shop.bantam.ch\\\/wp-content\\\/uploads\\\/2022\\\/12\\\/bantam-logo.png\",\"width\":320,\"height\":71,\"caption\":\"Bantam Wankm\u00fcller SA\"},\"image\":{\"@id\":\"https:\\\/\\\/shop.bantam.ch\\\/fr\\\/#\\\/schema\\\/logo\\\/image\\\/\"}}]}<\/script>\n<!-- \/ Yoast SEO plugin. -->","yoast_head_json":{"title":"Kit camping-car MINI avec SELFSAT MWR 5550 - Bantam Wankm\u00fcller SA","robots":{"index":"index","follow":"follow","max-snippet":"max-snippet:-1","max-image-preview":"max-image-preview:large","max-video-preview":"max-video-preview:-1"},"canonical":"https:\/\/shop.bantam.ch\/fr\/produit\/kit-camping-car-mini-avec-selfsat-mwr-5550\/","og_locale":"fr_FR","og_type":"article","og_title":"Kit camping-car MINI avec SELFSAT MWR 5550 - Bantam Wankm\u00fcller SA","og_description":"Ce kit pr\u00eat \u00e0 l&#8217;emploi offre un maximum de possibilit\u00e9s d&rsquo;acc\u00e8s \u00e0 Internet via STARLINK, le r\u00e9seau mobile 5G ou le WLAN du camping. Il se compose du STARLINK MINI, du SUPPORT MOBILE STARLINK MINI, d&rsquo;une plaque de montage sur le toit, d&rsquo;une travers\u00e9e de toit, d&rsquo;un c\u00e2ble allume-cigare 12 volts pour STARLINK MINI 3 [&hellip;]","og_url":"https:\/\/shop.bantam.ch\/fr\/produit\/kit-camping-car-mini-avec-selfsat-mwr-5550\/","og_site_name":"Bantam Wankm\u00fcller SA","article_modified_time":"2026-04-19T00:39:33+00:00","og_image":[{"width":640,"height":480,"url":"https:\/\/shop.bantam.ch\/wp-content\/uploads\/2026\/04\/Movera-L-9976192100.jpg","type":"image\/jpeg"}],"twitter_card":"summary_large_image","twitter_misc":{"Dur\u00e9e de lecture estim\u00e9e":"5 minutes"},"schema":{"@context":"https:\/\/schema.org","@graph":[{"@type":"WebPage","@id":"https:\/\/shop.bantam.ch\/fr\/produit\/kit-camping-car-mini-avec-selfsat-mwr-5550\/","url":"https:\/\/shop.bantam.ch\/fr\/produit\/kit-camping-car-mini-avec-selfsat-mwr-5550\/","name":"Kit camping-car MINI avec SELFSAT MWR 5550 - Bantam Wankm\u00fcller SA","isPartOf":{"@id":"https:\/\/shop.bantam.ch\/fr\/#website"},"primaryImageOfPage":{"@id":"https:\/\/shop.bantam.ch\/fr\/produit\/kit-camping-car-mini-avec-selfsat-mwr-5550\/#primaryimage"},"image":{"@id":"https:\/\/shop.bantam.ch\/fr\/produit\/kit-camping-car-mini-avec-selfsat-mwr-5550\/#primaryimage"},"thumbnailUrl":"https:\/\/shop.bantam.ch\/wp-content\/uploads\/2026\/04\/Movera-L-9976192100.jpg","datePublished":"2026-04-15T08:21:20+00:00","dateModified":"2026-04-19T00:39:33+00:00","breadcrumb":{"@id":"https:\/\/shop.bantam.ch\/fr\/produit\/kit-camping-car-mini-avec-selfsat-mwr-5550\/#breadcrumb"},"inLanguage":"fr-FR","potentialAction":[{"@type":"ReadAction","target":["https:\/\/shop.bantam.ch\/fr\/produit\/kit-camping-car-mini-avec-selfsat-mwr-5550\/"]}]},{"@type":"ImageObject","inLanguage":"fr-FR","@id":"https:\/\/shop.bantam.ch\/fr\/produit\/kit-camping-car-mini-avec-selfsat-mwr-5550\/#primaryimage","url":"https:\/\/shop.bantam.ch\/wp-content\/uploads\/2026\/04\/Movera-L-9976192100.jpg","contentUrl":"https:\/\/shop.bantam.ch\/wp-content\/uploads\/2026\/04\/Movera-L-9976192100.jpg","width":640,"height":480},{"@type":"BreadcrumbList","@id":"https:\/\/shop.bantam.ch\/fr\/produit\/kit-camping-car-mini-avec-selfsat-mwr-5550\/#breadcrumb","itemListElement":[{"@type":"ListItem","position":1,"name":"Accueil","item":"https:\/\/shop.bantam.ch\/fr\/"},{"@type":"ListItem","position":2,"name":"Boutique","item":"https:\/\/shop.bantam.ch\/fr\/boutique\/"},{"@type":"ListItem","position":3,"name":"Kit camping-car MINI avec SELFSAT MWR 5550"}]},{"@type":"WebSite","@id":"https:\/\/shop.bantam.ch\/fr\/#website","url":"https:\/\/shop.bantam.ch\/fr\/","name":"Bantam Wankm\u00fcller SA","description":"","publisher":{"@id":"https:\/\/shop.bantam.ch\/fr\/#organization"},"inLanguage":"fr-FR"},{"@type":"Organization","@id":"https:\/\/shop.bantam.ch\/fr\/#organization","name":"Bantam Wankm\u00fcller SA","url":"https:\/\/shop.bantam.ch\/fr\/","logo":{"@type":"ImageObject","inLanguage":"fr-FR","@id":"https:\/\/shop.bantam.ch\/fr\/#\/schema\/logo\/image\/","url":"https:\/\/shop.bantam.ch\/wp-content\/uploads\/2022\/12\/bantam-logo.png","contentUrl":"https:\/\/shop.bantam.ch\/wp-content\/uploads\/2022\/12\/bantam-logo.png","width":320,"height":71,"caption":"Bantam Wankm\u00fcller SA"},"image":{"@id":"https:\/\/shop.bantam.ch\/fr\/#\/schema\/logo\/image\/"}}]}},"_links":{"self":[{"href":"https:\/\/shop.bantam.ch\/fr\/wp-json\/wp\/v2\/product\/235749","targetHints":{"allow":["GET"]}}],"collection":[{"href":"https:\/\/shop.bantam.ch\/fr\/wp-json\/wp\/v2\/product"}],"about":[{"href":"https:\/\/shop.bantam.ch\/fr\/wp-json\/wp\/v2\/types\/product"}],"wp:featuredmedia":[{"embeddable":true,"href":"https:\/\/shop.bantam.ch\/fr\/wp-json\/wp\/v2\/media\/235745"}],"wp:attachment":[{"href":"https:\/\/shop.bantam.ch\/fr\/wp-json\/wp\/v2\/media?parent=235749"}],"wp:term":[{"taxonomy":"product_featured_cat","embeddable":true,"href":"https:\/\/shop.bantam.ch\/fr\/wp-json\/wp\/v2\/product_featured_cat?post=235749"},{"taxonomy":"product_brand","embeddable":true,"href":"https:\/\/shop.bantam.ch\/fr\/wp-json\/wp\/v2\/product_brand?post=235749"},{"taxonomy":"product_cat","embeddable":true,"href":"https:\/\/shop.bantam.ch\/fr\/wp-json\/wp\/v2\/product_cat?post=235749"},{"taxonomy":"product_tag","embeddable":true,"href":"https:\/\/shop.bantam.ch\/fr\/wp-json\/wp\/v2\/product_tag?post=235749"}],"curies":[{"name":"wp","href":"https:\/\/api.w.org\/{rel}","templated":true}]}}