{"id":235509,"date":"2026-04-01T16:04:35","date_gmt":"2026-04-01T14:04:35","guid":{"rendered":"https:\/\/shop.bantam.ch\/produit\/bad-boy-woshup_-contenu-1-l-multimarque-version-ch\/"},"modified":"2026-04-17T23:59:51","modified_gmt":"2026-04-17T21:59:51","slug":"bad-boy-woshup_-contenu-1-l-multimarque-version-ch","status":"publish","type":"product","link":"https:\/\/shop.bantam.ch\/fr\/produit\/bad-boy-woshup_-contenu-1-l-multimarque-version-ch\/","title":{"rendered":"Bad Boy WOSHUP_ Contenu 1 l Multimarque Version CH"},"content":{"rendered":"<p data-start=\"0\" data-end=\"557\">Tu cherches un vrai dur ? Un <span data-start=\"29\" data-end=\"40\">BAD BOY<\/span> \u00e0 la carapace solide mais au c\u0153ur tendre ? Eh bien, c\u2019est moi ! Avec mon pouvoir inn\u00e9, je frappe le calcaire de mon trident et apporte une brillance olympienne \u2013 comme sur une plage immacul\u00e9e aux portes de la Gr\u00e8ce antique. Je prends aussi soin des plastiques sensibles et je laisse un parfum cr\u00e9meux, jamais agressif. Je suis une v\u00e9ritable force de la nature. Je r\u00e8gne sur les sanitaires comme Pos\u00e9idon sur la mer. Alors : crois en une vie sans calcaire ! Crois en la puissance de ton BAD BOY personnel, darling !<\/p>\n<p data-start=\"559\" data-end=\"698\">Nettoyant sanitaire ultra-efficace<br data-start=\"593\" data-end=\"596\"><br \/>\n\u00c9limine le calcaire et les r\u00e9sidus de savon<br data-start=\"639\" data-end=\"642\"><br \/>\nParfum unique<br data-start=\"655\" data-end=\"658\"><br \/>\nRespecte les caoutchoucs et plastiques<\/p>\n<p data-start=\"700\" data-end=\"737\">Flacon avec \u00e9tiquette multilingue :<\/p>\n<\/p>\n<p data-start=\"739\" data-end=\"778\" data-is-last-node=\"\" data-is-only-node=\"\">Allemand<br data-start=\"747\" data-end=\"750\"><br \/>\nAnglais<br data-start=\"757\" data-end=\"760\"><br \/>\nFran\u00e7ais<br data-start=\"768\" data-end=\"771\"><br \/>\nItalien<\/p>\n","protected":false},"excerpt":{"rendered":"<p>Tu cherches un vrai dur ? Un BAD BOY \u00e0 la carapace solide mais au c\u0153ur tendre ? Eh bien, c\u2019est moi ! Avec mon pouvoir inn\u00e9, je frappe le calcaire de mon trident et apporte une brillance olympienne \u2013 comme sur une plage immacul\u00e9e aux portes de la Gr\u00e8ce antique. Je prends aussi soin [&hellip;]<\/p>\n","protected":false},"featured_media":235507,"template":"","meta":{"_acf_changed":false},"product_featured_cat":[],"product_brand":[3941],"product_cat":[5091],"product_tag":[],"class_list":{"0":"post-235509","1":"product","2":"type-product","3":"status-publish","4":"has-post-thumbnail","6":"product_brand-woshup","7":"product_cat-detergent-special","9":"first","10":"instock","11":"taxable","12":"shipping-taxable","13":"purchasable","14":"product-type-simple"},"acf":[],"yoast_head":"<!-- This site is optimized with the Yoast SEO plugin v27.4 - https:\/\/yoast.com\/product\/yoast-seo-wordpress\/ -->\n<title>Bad Boy WOSHUP_ Contenu 1 l Multimarque Version CH - Bantam Wankm\u00fcller SA<\/title>\n<meta name=\"robots\" content=\"index, follow, max-snippet:-1, max-image-preview:large, max-video-preview:-1\" \/>\n<link rel=\"canonical\" href=\"https:\/\/shop.bantam.ch\/fr\/produit\/bad-boy-woshup_-contenu-1-l-multimarque-version-ch\/\" \/>\n<meta property=\"og:locale\" content=\"fr_FR\" \/>\n<meta property=\"og:type\" content=\"article\" \/>\n<meta property=\"og:title\" content=\"Bad Boy WOSHUP_ Contenu 1 l Multimarque Version CH - Bantam Wankm\u00fcller SA\" \/>\n<meta property=\"og:description\" content=\"Tu cherches un vrai dur ? Un BAD BOY \u00e0 la carapace solide mais au c\u0153ur tendre ? Eh bien, c\u2019est moi ! Avec mon pouvoir inn\u00e9, je frappe le calcaire de mon trident et apporte une brillance olympienne \u2013 comme sur une plage immacul\u00e9e aux portes de la Gr\u00e8ce antique. Je prends aussi soin [&hellip;]\" \/>\n<meta property=\"og:url\" content=\"https:\/\/shop.bantam.ch\/fr\/produit\/bad-boy-woshup_-contenu-1-l-multimarque-version-ch\/\" \/>\n<meta property=\"og:site_name\" content=\"Bantam Wankm\u00fcller SA\" \/>\n<meta property=\"article:modified_time\" content=\"2026-04-17T21:59:51+00:00\" \/>\n<meta property=\"og:image\" content=\"https:\/\/shop.bantam.ch\/wp-content\/uploads\/2026\/04\/Movera-L-9966277100.jpg\" \/>\n\t<meta property=\"og:image:width\" content=\"640\" \/>\n\t<meta property=\"og:image:height\" content=\"640\" \/>\n\t<meta property=\"og:image:type\" content=\"image\/jpeg\" \/>\n<meta name=\"twitter:card\" content=\"summary_large_image\" \/>\n<meta name=\"twitter:label1\" content=\"Dur\u00e9e de lecture estim\u00e9e\" \/>\n\t<meta name=\"twitter:data1\" content=\"1 minute\" \/>\n<script type=\"application\/ld+json\" class=\"yoast-schema-graph\">{\"@context\":\"https:\\\/\\\/schema.org\",\"@graph\":[{\"@type\":\"WebPage\",\"@id\":\"https:\\\/\\\/shop.bantam.ch\\\/fr\\\/produit\\\/bad-boy-woshup_-contenu-1-l-multimarque-version-ch\\\/\",\"url\":\"https:\\\/\\\/shop.bantam.ch\\\/fr\\\/produit\\\/bad-boy-woshup_-contenu-1-l-multimarque-version-ch\\\/\",\"name\":\"Bad Boy WOSHUP_ Contenu 1 l Multimarque Version CH - Bantam Wankm\u00fcller SA\",\"isPartOf\":{\"@id\":\"https:\\\/\\\/shop.bantam.ch\\\/fr\\\/#website\"},\"primaryImageOfPage\":{\"@id\":\"https:\\\/\\\/shop.bantam.ch\\\/fr\\\/produit\\\/bad-boy-woshup_-contenu-1-l-multimarque-version-ch\\\/#primaryimage\"},\"image\":{\"@id\":\"https:\\\/\\\/shop.bantam.ch\\\/fr\\\/produit\\\/bad-boy-woshup_-contenu-1-l-multimarque-version-ch\\\/#primaryimage\"},\"thumbnailUrl\":\"https:\\\/\\\/shop.bantam.ch\\\/wp-content\\\/uploads\\\/2026\\\/04\\\/Movera-L-9966277100.jpg\",\"datePublished\":\"2026-04-01T14:04:35+00:00\",\"dateModified\":\"2026-04-17T21:59:51+00:00\",\"breadcrumb\":{\"@id\":\"https:\\\/\\\/shop.bantam.ch\\\/fr\\\/produit\\\/bad-boy-woshup_-contenu-1-l-multimarque-version-ch\\\/#breadcrumb\"},\"inLanguage\":\"fr-FR\",\"potentialAction\":[{\"@type\":\"ReadAction\",\"target\":[\"https:\\\/\\\/shop.bantam.ch\\\/fr\\\/produit\\\/bad-boy-woshup_-contenu-1-l-multimarque-version-ch\\\/\"]}]},{\"@type\":\"ImageObject\",\"inLanguage\":\"fr-FR\",\"@id\":\"https:\\\/\\\/shop.bantam.ch\\\/fr\\\/produit\\\/bad-boy-woshup_-contenu-1-l-multimarque-version-ch\\\/#primaryimage\",\"url\":\"https:\\\/\\\/shop.bantam.ch\\\/wp-content\\\/uploads\\\/2026\\\/04\\\/Movera-L-9966277100.jpg\",\"contentUrl\":\"https:\\\/\\\/shop.bantam.ch\\\/wp-content\\\/uploads\\\/2026\\\/04\\\/Movera-L-9966277100.jpg\",\"width\":640,\"height\":640},{\"@type\":\"BreadcrumbList\",\"@id\":\"https:\\\/\\\/shop.bantam.ch\\\/fr\\\/produit\\\/bad-boy-woshup_-contenu-1-l-multimarque-version-ch\\\/#breadcrumb\",\"itemListElement\":[{\"@type\":\"ListItem\",\"position\":1,\"name\":\"Accueil\",\"item\":\"https:\\\/\\\/shop.bantam.ch\\\/fr\\\/\"},{\"@type\":\"ListItem\",\"position\":2,\"name\":\"Boutique\",\"item\":\"https:\\\/\\\/shop.bantam.ch\\\/fr\\\/boutique\\\/\"},{\"@type\":\"ListItem\",\"position\":3,\"name\":\"Bad Boy WOSHUP_ Contenu 1 l Multimarque Version CH\"}]},{\"@type\":\"WebSite\",\"@id\":\"https:\\\/\\\/shop.bantam.ch\\\/fr\\\/#website\",\"url\":\"https:\\\/\\\/shop.bantam.ch\\\/fr\\\/\",\"name\":\"Bantam Wankm\u00fcller SA\",\"description\":\"\",\"publisher\":{\"@id\":\"https:\\\/\\\/shop.bantam.ch\\\/fr\\\/#organization\"},\"inLanguage\":\"fr-FR\"},{\"@type\":\"Organization\",\"@id\":\"https:\\\/\\\/shop.bantam.ch\\\/fr\\\/#organization\",\"name\":\"Bantam Wankm\u00fcller SA\",\"url\":\"https:\\\/\\\/shop.bantam.ch\\\/fr\\\/\",\"logo\":{\"@type\":\"ImageObject\",\"inLanguage\":\"fr-FR\",\"@id\":\"https:\\\/\\\/shop.bantam.ch\\\/fr\\\/#\\\/schema\\\/logo\\\/image\\\/\",\"url\":\"https:\\\/\\\/shop.bantam.ch\\\/wp-content\\\/uploads\\\/2022\\\/12\\\/bantam-logo.png\",\"contentUrl\":\"https:\\\/\\\/shop.bantam.ch\\\/wp-content\\\/uploads\\\/2022\\\/12\\\/bantam-logo.png\",\"width\":320,\"height\":71,\"caption\":\"Bantam Wankm\u00fcller SA\"},\"image\":{\"@id\":\"https:\\\/\\\/shop.bantam.ch\\\/fr\\\/#\\\/schema\\\/logo\\\/image\\\/\"}}]}<\/script>\n<!-- \/ Yoast SEO plugin. -->","yoast_head_json":{"title":"Bad Boy WOSHUP_ Contenu 1 l Multimarque Version CH - Bantam Wankm\u00fcller SA","robots":{"index":"index","follow":"follow","max-snippet":"max-snippet:-1","max-image-preview":"max-image-preview:large","max-video-preview":"max-video-preview:-1"},"canonical":"https:\/\/shop.bantam.ch\/fr\/produit\/bad-boy-woshup_-contenu-1-l-multimarque-version-ch\/","og_locale":"fr_FR","og_type":"article","og_title":"Bad Boy WOSHUP_ Contenu 1 l Multimarque Version CH - Bantam Wankm\u00fcller SA","og_description":"Tu cherches un vrai dur ? Un BAD BOY \u00e0 la carapace solide mais au c\u0153ur tendre ? Eh bien, c\u2019est moi ! Avec mon pouvoir inn\u00e9, je frappe le calcaire de mon trident et apporte une brillance olympienne \u2013 comme sur une plage immacul\u00e9e aux portes de la Gr\u00e8ce antique. Je prends aussi soin [&hellip;]","og_url":"https:\/\/shop.bantam.ch\/fr\/produit\/bad-boy-woshup_-contenu-1-l-multimarque-version-ch\/","og_site_name":"Bantam Wankm\u00fcller SA","article_modified_time":"2026-04-17T21:59:51+00:00","og_image":[{"width":640,"height":640,"url":"https:\/\/shop.bantam.ch\/wp-content\/uploads\/2026\/04\/Movera-L-9966277100.jpg","type":"image\/jpeg"}],"twitter_card":"summary_large_image","twitter_misc":{"Dur\u00e9e de lecture estim\u00e9e":"1 minute"},"schema":{"@context":"https:\/\/schema.org","@graph":[{"@type":"WebPage","@id":"https:\/\/shop.bantam.ch\/fr\/produit\/bad-boy-woshup_-contenu-1-l-multimarque-version-ch\/","url":"https:\/\/shop.bantam.ch\/fr\/produit\/bad-boy-woshup_-contenu-1-l-multimarque-version-ch\/","name":"Bad Boy WOSHUP_ Contenu 1 l Multimarque Version CH - Bantam Wankm\u00fcller SA","isPartOf":{"@id":"https:\/\/shop.bantam.ch\/fr\/#website"},"primaryImageOfPage":{"@id":"https:\/\/shop.bantam.ch\/fr\/produit\/bad-boy-woshup_-contenu-1-l-multimarque-version-ch\/#primaryimage"},"image":{"@id":"https:\/\/shop.bantam.ch\/fr\/produit\/bad-boy-woshup_-contenu-1-l-multimarque-version-ch\/#primaryimage"},"thumbnailUrl":"https:\/\/shop.bantam.ch\/wp-content\/uploads\/2026\/04\/Movera-L-9966277100.jpg","datePublished":"2026-04-01T14:04:35+00:00","dateModified":"2026-04-17T21:59:51+00:00","breadcrumb":{"@id":"https:\/\/shop.bantam.ch\/fr\/produit\/bad-boy-woshup_-contenu-1-l-multimarque-version-ch\/#breadcrumb"},"inLanguage":"fr-FR","potentialAction":[{"@type":"ReadAction","target":["https:\/\/shop.bantam.ch\/fr\/produit\/bad-boy-woshup_-contenu-1-l-multimarque-version-ch\/"]}]},{"@type":"ImageObject","inLanguage":"fr-FR","@id":"https:\/\/shop.bantam.ch\/fr\/produit\/bad-boy-woshup_-contenu-1-l-multimarque-version-ch\/#primaryimage","url":"https:\/\/shop.bantam.ch\/wp-content\/uploads\/2026\/04\/Movera-L-9966277100.jpg","contentUrl":"https:\/\/shop.bantam.ch\/wp-content\/uploads\/2026\/04\/Movera-L-9966277100.jpg","width":640,"height":640},{"@type":"BreadcrumbList","@id":"https:\/\/shop.bantam.ch\/fr\/produit\/bad-boy-woshup_-contenu-1-l-multimarque-version-ch\/#breadcrumb","itemListElement":[{"@type":"ListItem","position":1,"name":"Accueil","item":"https:\/\/shop.bantam.ch\/fr\/"},{"@type":"ListItem","position":2,"name":"Boutique","item":"https:\/\/shop.bantam.ch\/fr\/boutique\/"},{"@type":"ListItem","position":3,"name":"Bad Boy WOSHUP_ Contenu 1 l Multimarque Version CH"}]},{"@type":"WebSite","@id":"https:\/\/shop.bantam.ch\/fr\/#website","url":"https:\/\/shop.bantam.ch\/fr\/","name":"Bantam Wankm\u00fcller SA","description":"","publisher":{"@id":"https:\/\/shop.bantam.ch\/fr\/#organization"},"inLanguage":"fr-FR"},{"@type":"Organization","@id":"https:\/\/shop.bantam.ch\/fr\/#organization","name":"Bantam Wankm\u00fcller SA","url":"https:\/\/shop.bantam.ch\/fr\/","logo":{"@type":"ImageObject","inLanguage":"fr-FR","@id":"https:\/\/shop.bantam.ch\/fr\/#\/schema\/logo\/image\/","url":"https:\/\/shop.bantam.ch\/wp-content\/uploads\/2022\/12\/bantam-logo.png","contentUrl":"https:\/\/shop.bantam.ch\/wp-content\/uploads\/2022\/12\/bantam-logo.png","width":320,"height":71,"caption":"Bantam Wankm\u00fcller SA"},"image":{"@id":"https:\/\/shop.bantam.ch\/fr\/#\/schema\/logo\/image\/"}}]}},"_links":{"self":[{"href":"https:\/\/shop.bantam.ch\/fr\/wp-json\/wp\/v2\/product\/235509","targetHints":{"allow":["GET"]}}],"collection":[{"href":"https:\/\/shop.bantam.ch\/fr\/wp-json\/wp\/v2\/product"}],"about":[{"href":"https:\/\/shop.bantam.ch\/fr\/wp-json\/wp\/v2\/types\/product"}],"wp:featuredmedia":[{"embeddable":true,"href":"https:\/\/shop.bantam.ch\/fr\/wp-json\/wp\/v2\/media\/235507"}],"wp:attachment":[{"href":"https:\/\/shop.bantam.ch\/fr\/wp-json\/wp\/v2\/media?parent=235509"}],"wp:term":[{"taxonomy":"product_featured_cat","embeddable":true,"href":"https:\/\/shop.bantam.ch\/fr\/wp-json\/wp\/v2\/product_featured_cat?post=235509"},{"taxonomy":"product_brand","embeddable":true,"href":"https:\/\/shop.bantam.ch\/fr\/wp-json\/wp\/v2\/product_brand?post=235509"},{"taxonomy":"product_cat","embeddable":true,"href":"https:\/\/shop.bantam.ch\/fr\/wp-json\/wp\/v2\/product_cat?post=235509"},{"taxonomy":"product_tag","embeddable":true,"href":"https:\/\/shop.bantam.ch\/fr\/wp-json\/wp\/v2\/product_tag?post=235509"}],"curies":[{"name":"wp","href":"https:\/\/api.w.org\/{rel}","templated":true}]}}