{"id":235497,"date":"2026-04-01T16:00:19","date_gmt":"2026-04-01T14:00:19","guid":{"rendered":"https:\/\/shop.bantam.ch\/produit\/grill-bill-woshup_-contenu-1-l-multimarque-version-ch\/"},"modified":"2026-04-17T23:59:45","modified_gmt":"2026-04-17T21:59:45","slug":"grill-bill-woshup_-contenu-1-l-multimarque-version-ch","status":"publish","type":"product","link":"https:\/\/shop.bantam.ch\/fr\/produit\/grill-bill-woshup_-contenu-1-l-multimarque-version-ch\/","title":{"rendered":"Grill Bill WOSHUP_ Contenu 1 l Multimarque Version CH"},"content":{"rendered":"<p data-start=\"0\" data-end=\"230\">Le <span data-start=\"3\" data-end=\"17\">GRILL BILL<\/span> est un nettoyant professionnel pour gril, chemin\u00e9e et four. Il \u00e9limine sans laisser de traces les r\u00e9sidus d\u2019huile et de graisse, les graisses et huiles r\u00e9sinifi\u00e9es ainsi que les incrustations et d\u00e9p\u00f4ts de suie.<\/p>\n<p data-start=\"232\" data-end=\"350\">Nettoie gril, four et chemin\u00e9e<br data-start=\"262\" data-end=\"265\"><br \/>\n\u00c9limine huiles, graisses et bien plus encore<br data-start=\"309\" data-end=\"312\"><br \/>\nQualit\u00e9 industrielle extra puissante<\/p>\n<p data-start=\"352\" data-end=\"389\">Flacon avec \u00e9tiquette multilingue :<\/p>\n<\/p>\n<p data-start=\"391\" data-end=\"430\" data-is-last-node=\"\" data-is-only-node=\"\">Allemand<br data-start=\"399\" data-end=\"402\"><br \/>\nAnglais<br data-start=\"409\" data-end=\"412\"><br \/>\nFran\u00e7ais<br data-start=\"420\" data-end=\"423\"><br \/>\nItalien<\/p>\n","protected":false},"excerpt":{"rendered":"<p>Le GRILL BILL est un nettoyant professionnel pour gril, chemin\u00e9e et four. Il \u00e9limine sans laisser de traces les r\u00e9sidus d\u2019huile et de graisse, les graisses et huiles r\u00e9sinifi\u00e9es ainsi que les incrustations et d\u00e9p\u00f4ts de suie. Nettoie gril, four et chemin\u00e9e \u00c9limine huiles, graisses et bien plus encore Qualit\u00e9 industrielle extra puissante Flacon avec [&hellip;]<\/p>\n","protected":false},"featured_media":235495,"template":"","meta":{"_acf_changed":false},"product_featured_cat":[],"product_brand":[3941],"product_cat":[5091],"product_tag":[],"class_list":{"0":"post-235497","1":"product","2":"type-product","3":"status-publish","4":"has-post-thumbnail","6":"product_brand-woshup","7":"product_cat-detergent-special","9":"first","10":"instock","11":"taxable","12":"shipping-taxable","13":"purchasable","14":"product-type-simple"},"acf":[],"yoast_head":"<!-- This site is optimized with the Yoast SEO plugin v27.4 - https:\/\/yoast.com\/product\/yoast-seo-wordpress\/ -->\n<title>Grill Bill WOSHUP_ Contenu 1 l Multimarque Version CH - Bantam Wankm\u00fcller SA<\/title>\n<meta name=\"robots\" content=\"index, follow, max-snippet:-1, max-image-preview:large, max-video-preview:-1\" \/>\n<link rel=\"canonical\" href=\"https:\/\/shop.bantam.ch\/fr\/produit\/grill-bill-woshup_-contenu-1-l-multimarque-version-ch\/\" \/>\n<meta property=\"og:locale\" content=\"fr_FR\" \/>\n<meta property=\"og:type\" content=\"article\" \/>\n<meta property=\"og:title\" content=\"Grill Bill WOSHUP_ Contenu 1 l Multimarque Version CH - Bantam Wankm\u00fcller SA\" \/>\n<meta property=\"og:description\" content=\"Le GRILL BILL est un nettoyant professionnel pour gril, chemin\u00e9e et four. Il \u00e9limine sans laisser de traces les r\u00e9sidus d\u2019huile et de graisse, les graisses et huiles r\u00e9sinifi\u00e9es ainsi que les incrustations et d\u00e9p\u00f4ts de suie. Nettoie gril, four et chemin\u00e9e \u00c9limine huiles, graisses et bien plus encore Qualit\u00e9 industrielle extra puissante Flacon avec [&hellip;]\" \/>\n<meta property=\"og:url\" content=\"https:\/\/shop.bantam.ch\/fr\/produit\/grill-bill-woshup_-contenu-1-l-multimarque-version-ch\/\" \/>\n<meta property=\"og:site_name\" content=\"Bantam Wankm\u00fcller SA\" \/>\n<meta property=\"article:modified_time\" content=\"2026-04-17T21:59:45+00:00\" \/>\n<meta property=\"og:image\" content=\"https:\/\/shop.bantam.ch\/wp-content\/uploads\/2026\/04\/Movera-L-9966272100.jpg\" \/>\n\t<meta property=\"og:image:width\" content=\"640\" \/>\n\t<meta property=\"og:image:height\" content=\"640\" \/>\n\t<meta property=\"og:image:type\" content=\"image\/jpeg\" \/>\n<meta name=\"twitter:card\" content=\"summary_large_image\" \/>\n<script type=\"application\/ld+json\" class=\"yoast-schema-graph\">{\"@context\":\"https:\\\/\\\/schema.org\",\"@graph\":[{\"@type\":\"WebPage\",\"@id\":\"https:\\\/\\\/shop.bantam.ch\\\/fr\\\/produit\\\/grill-bill-woshup_-contenu-1-l-multimarque-version-ch\\\/\",\"url\":\"https:\\\/\\\/shop.bantam.ch\\\/fr\\\/produit\\\/grill-bill-woshup_-contenu-1-l-multimarque-version-ch\\\/\",\"name\":\"Grill Bill WOSHUP_ Contenu 1 l Multimarque Version CH - Bantam Wankm\u00fcller SA\",\"isPartOf\":{\"@id\":\"https:\\\/\\\/shop.bantam.ch\\\/fr\\\/#website\"},\"primaryImageOfPage\":{\"@id\":\"https:\\\/\\\/shop.bantam.ch\\\/fr\\\/produit\\\/grill-bill-woshup_-contenu-1-l-multimarque-version-ch\\\/#primaryimage\"},\"image\":{\"@id\":\"https:\\\/\\\/shop.bantam.ch\\\/fr\\\/produit\\\/grill-bill-woshup_-contenu-1-l-multimarque-version-ch\\\/#primaryimage\"},\"thumbnailUrl\":\"https:\\\/\\\/shop.bantam.ch\\\/wp-content\\\/uploads\\\/2026\\\/04\\\/Movera-L-9966272100.jpg\",\"datePublished\":\"2026-04-01T14:00:19+00:00\",\"dateModified\":\"2026-04-17T21:59:45+00:00\",\"breadcrumb\":{\"@id\":\"https:\\\/\\\/shop.bantam.ch\\\/fr\\\/produit\\\/grill-bill-woshup_-contenu-1-l-multimarque-version-ch\\\/#breadcrumb\"},\"inLanguage\":\"fr-FR\",\"potentialAction\":[{\"@type\":\"ReadAction\",\"target\":[\"https:\\\/\\\/shop.bantam.ch\\\/fr\\\/produit\\\/grill-bill-woshup_-contenu-1-l-multimarque-version-ch\\\/\"]}]},{\"@type\":\"ImageObject\",\"inLanguage\":\"fr-FR\",\"@id\":\"https:\\\/\\\/shop.bantam.ch\\\/fr\\\/produit\\\/grill-bill-woshup_-contenu-1-l-multimarque-version-ch\\\/#primaryimage\",\"url\":\"https:\\\/\\\/shop.bantam.ch\\\/wp-content\\\/uploads\\\/2026\\\/04\\\/Movera-L-9966272100.jpg\",\"contentUrl\":\"https:\\\/\\\/shop.bantam.ch\\\/wp-content\\\/uploads\\\/2026\\\/04\\\/Movera-L-9966272100.jpg\",\"width\":640,\"height\":640},{\"@type\":\"BreadcrumbList\",\"@id\":\"https:\\\/\\\/shop.bantam.ch\\\/fr\\\/produit\\\/grill-bill-woshup_-contenu-1-l-multimarque-version-ch\\\/#breadcrumb\",\"itemListElement\":[{\"@type\":\"ListItem\",\"position\":1,\"name\":\"Accueil\",\"item\":\"https:\\\/\\\/shop.bantam.ch\\\/fr\\\/\"},{\"@type\":\"ListItem\",\"position\":2,\"name\":\"Boutique\",\"item\":\"https:\\\/\\\/shop.bantam.ch\\\/fr\\\/boutique\\\/\"},{\"@type\":\"ListItem\",\"position\":3,\"name\":\"Grill Bill WOSHUP_ Contenu 1 l Multimarque Version CH\"}]},{\"@type\":\"WebSite\",\"@id\":\"https:\\\/\\\/shop.bantam.ch\\\/fr\\\/#website\",\"url\":\"https:\\\/\\\/shop.bantam.ch\\\/fr\\\/\",\"name\":\"Bantam Wankm\u00fcller SA\",\"description\":\"\",\"publisher\":{\"@id\":\"https:\\\/\\\/shop.bantam.ch\\\/fr\\\/#organization\"},\"inLanguage\":\"fr-FR\"},{\"@type\":\"Organization\",\"@id\":\"https:\\\/\\\/shop.bantam.ch\\\/fr\\\/#organization\",\"name\":\"Bantam Wankm\u00fcller SA\",\"url\":\"https:\\\/\\\/shop.bantam.ch\\\/fr\\\/\",\"logo\":{\"@type\":\"ImageObject\",\"inLanguage\":\"fr-FR\",\"@id\":\"https:\\\/\\\/shop.bantam.ch\\\/fr\\\/#\\\/schema\\\/logo\\\/image\\\/\",\"url\":\"https:\\\/\\\/shop.bantam.ch\\\/wp-content\\\/uploads\\\/2022\\\/12\\\/bantam-logo.png\",\"contentUrl\":\"https:\\\/\\\/shop.bantam.ch\\\/wp-content\\\/uploads\\\/2022\\\/12\\\/bantam-logo.png\",\"width\":320,\"height\":71,\"caption\":\"Bantam Wankm\u00fcller SA\"},\"image\":{\"@id\":\"https:\\\/\\\/shop.bantam.ch\\\/fr\\\/#\\\/schema\\\/logo\\\/image\\\/\"}}]}<\/script>\n<!-- \/ Yoast SEO plugin. -->","yoast_head_json":{"title":"Grill Bill WOSHUP_ Contenu 1 l Multimarque Version CH - Bantam Wankm\u00fcller SA","robots":{"index":"index","follow":"follow","max-snippet":"max-snippet:-1","max-image-preview":"max-image-preview:large","max-video-preview":"max-video-preview:-1"},"canonical":"https:\/\/shop.bantam.ch\/fr\/produit\/grill-bill-woshup_-contenu-1-l-multimarque-version-ch\/","og_locale":"fr_FR","og_type":"article","og_title":"Grill Bill WOSHUP_ Contenu 1 l Multimarque Version CH - Bantam Wankm\u00fcller SA","og_description":"Le GRILL BILL est un nettoyant professionnel pour gril, chemin\u00e9e et four. Il \u00e9limine sans laisser de traces les r\u00e9sidus d\u2019huile et de graisse, les graisses et huiles r\u00e9sinifi\u00e9es ainsi que les incrustations et d\u00e9p\u00f4ts de suie. Nettoie gril, four et chemin\u00e9e \u00c9limine huiles, graisses et bien plus encore Qualit\u00e9 industrielle extra puissante Flacon avec [&hellip;]","og_url":"https:\/\/shop.bantam.ch\/fr\/produit\/grill-bill-woshup_-contenu-1-l-multimarque-version-ch\/","og_site_name":"Bantam Wankm\u00fcller SA","article_modified_time":"2026-04-17T21:59:45+00:00","og_image":[{"width":640,"height":640,"url":"https:\/\/shop.bantam.ch\/wp-content\/uploads\/2026\/04\/Movera-L-9966272100.jpg","type":"image\/jpeg"}],"twitter_card":"summary_large_image","schema":{"@context":"https:\/\/schema.org","@graph":[{"@type":"WebPage","@id":"https:\/\/shop.bantam.ch\/fr\/produit\/grill-bill-woshup_-contenu-1-l-multimarque-version-ch\/","url":"https:\/\/shop.bantam.ch\/fr\/produit\/grill-bill-woshup_-contenu-1-l-multimarque-version-ch\/","name":"Grill Bill WOSHUP_ Contenu 1 l Multimarque Version CH - Bantam Wankm\u00fcller SA","isPartOf":{"@id":"https:\/\/shop.bantam.ch\/fr\/#website"},"primaryImageOfPage":{"@id":"https:\/\/shop.bantam.ch\/fr\/produit\/grill-bill-woshup_-contenu-1-l-multimarque-version-ch\/#primaryimage"},"image":{"@id":"https:\/\/shop.bantam.ch\/fr\/produit\/grill-bill-woshup_-contenu-1-l-multimarque-version-ch\/#primaryimage"},"thumbnailUrl":"https:\/\/shop.bantam.ch\/wp-content\/uploads\/2026\/04\/Movera-L-9966272100.jpg","datePublished":"2026-04-01T14:00:19+00:00","dateModified":"2026-04-17T21:59:45+00:00","breadcrumb":{"@id":"https:\/\/shop.bantam.ch\/fr\/produit\/grill-bill-woshup_-contenu-1-l-multimarque-version-ch\/#breadcrumb"},"inLanguage":"fr-FR","potentialAction":[{"@type":"ReadAction","target":["https:\/\/shop.bantam.ch\/fr\/produit\/grill-bill-woshup_-contenu-1-l-multimarque-version-ch\/"]}]},{"@type":"ImageObject","inLanguage":"fr-FR","@id":"https:\/\/shop.bantam.ch\/fr\/produit\/grill-bill-woshup_-contenu-1-l-multimarque-version-ch\/#primaryimage","url":"https:\/\/shop.bantam.ch\/wp-content\/uploads\/2026\/04\/Movera-L-9966272100.jpg","contentUrl":"https:\/\/shop.bantam.ch\/wp-content\/uploads\/2026\/04\/Movera-L-9966272100.jpg","width":640,"height":640},{"@type":"BreadcrumbList","@id":"https:\/\/shop.bantam.ch\/fr\/produit\/grill-bill-woshup_-contenu-1-l-multimarque-version-ch\/#breadcrumb","itemListElement":[{"@type":"ListItem","position":1,"name":"Accueil","item":"https:\/\/shop.bantam.ch\/fr\/"},{"@type":"ListItem","position":2,"name":"Boutique","item":"https:\/\/shop.bantam.ch\/fr\/boutique\/"},{"@type":"ListItem","position":3,"name":"Grill Bill WOSHUP_ Contenu 1 l Multimarque Version CH"}]},{"@type":"WebSite","@id":"https:\/\/shop.bantam.ch\/fr\/#website","url":"https:\/\/shop.bantam.ch\/fr\/","name":"Bantam Wankm\u00fcller SA","description":"","publisher":{"@id":"https:\/\/shop.bantam.ch\/fr\/#organization"},"inLanguage":"fr-FR"},{"@type":"Organization","@id":"https:\/\/shop.bantam.ch\/fr\/#organization","name":"Bantam Wankm\u00fcller SA","url":"https:\/\/shop.bantam.ch\/fr\/","logo":{"@type":"ImageObject","inLanguage":"fr-FR","@id":"https:\/\/shop.bantam.ch\/fr\/#\/schema\/logo\/image\/","url":"https:\/\/shop.bantam.ch\/wp-content\/uploads\/2022\/12\/bantam-logo.png","contentUrl":"https:\/\/shop.bantam.ch\/wp-content\/uploads\/2022\/12\/bantam-logo.png","width":320,"height":71,"caption":"Bantam Wankm\u00fcller SA"},"image":{"@id":"https:\/\/shop.bantam.ch\/fr\/#\/schema\/logo\/image\/"}}]}},"_links":{"self":[{"href":"https:\/\/shop.bantam.ch\/fr\/wp-json\/wp\/v2\/product\/235497","targetHints":{"allow":["GET"]}}],"collection":[{"href":"https:\/\/shop.bantam.ch\/fr\/wp-json\/wp\/v2\/product"}],"about":[{"href":"https:\/\/shop.bantam.ch\/fr\/wp-json\/wp\/v2\/types\/product"}],"wp:featuredmedia":[{"embeddable":true,"href":"https:\/\/shop.bantam.ch\/fr\/wp-json\/wp\/v2\/media\/235495"}],"wp:attachment":[{"href":"https:\/\/shop.bantam.ch\/fr\/wp-json\/wp\/v2\/media?parent=235497"}],"wp:term":[{"taxonomy":"product_featured_cat","embeddable":true,"href":"https:\/\/shop.bantam.ch\/fr\/wp-json\/wp\/v2\/product_featured_cat?post=235497"},{"taxonomy":"product_brand","embeddable":true,"href":"https:\/\/shop.bantam.ch\/fr\/wp-json\/wp\/v2\/product_brand?post=235497"},{"taxonomy":"product_cat","embeddable":true,"href":"https:\/\/shop.bantam.ch\/fr\/wp-json\/wp\/v2\/product_cat?post=235497"},{"taxonomy":"product_tag","embeddable":true,"href":"https:\/\/shop.bantam.ch\/fr\/wp-json\/wp\/v2\/product_tag?post=235497"}],"curies":[{"name":"wp","href":"https:\/\/api.w.org\/{rel}","templated":true}]}}