{"id":235493,"date":"2026-04-01T15:58:56","date_gmt":"2026-04-01T13:58:56","guid":{"rendered":"https:\/\/shop.bantam.ch\/produit\/nettoyant-camping-waterless-wonder-wosher-woshup_-avec-etiquette-multilingue-contenance-1-l-version-ch\/"},"modified":"2026-04-17T23:59:44","modified_gmt":"2026-04-17T21:59:44","slug":"nettoyant-camping-waterless-wonder-wosher-woshup_-avec-etiquette-multilingue-contenance-1-l-version-ch","status":"publish","type":"product","link":"https:\/\/shop.bantam.ch\/fr\/produit\/nettoyant-camping-waterless-wonder-wosher-woshup_-avec-etiquette-multilingue-contenance-1-l-version-ch\/","title":{"rendered":"Nettoyant camping Waterless Wonder Wosher WOSHUP_ avec \u00e9tiquette multilingue Contenance 1 l, version CH"},"content":{"rendered":"<p data-start=\"0\" data-end=\"224\">Le <span data-start=\"3\" data-end=\"20\">WUNDER WOSHER<\/span> est une v\u00e9ritable innovation. Il fonctionne sans eau suppl\u00e9mentaire, permettant ainsi de nettoyer votre camping-car partout. Il est id\u00e9alement utilis\u00e9 avec le chiffon \u00e0 poils longs adapt\u00e9 (non inclus).<\/p>\n<p data-start=\"226\" data-end=\"309\">Nettoyant ext\u00e9rieur sans eau<br data-start=\"254\" data-end=\"257\"><br \/>\nNettoie, polit et prot\u00e8ge<br data-start=\"282\" data-end=\"285\"><br \/>\nEffet XTRA Skin unique<\/p>\n<p data-start=\"311\" data-end=\"348\">Flacon avec \u00e9tiquette multilingue :<\/p>\n<\/p>\n<p data-start=\"350\" data-end=\"389\" data-is-last-node=\"\" data-is-only-node=\"\">Allemand<br data-start=\"358\" data-end=\"361\"><br \/>\nAnglais<br data-start=\"368\" data-end=\"371\"><br \/>\nFran\u00e7ais<br data-start=\"379\" data-end=\"382\"><br \/>\nItalien<\/p>\n","protected":false},"excerpt":{"rendered":"<p>Le WUNDER WOSHER est une v\u00e9ritable innovation. Il fonctionne sans eau suppl\u00e9mentaire, permettant ainsi de nettoyer votre camping-car partout. Il est id\u00e9alement utilis\u00e9 avec le chiffon \u00e0 poils longs adapt\u00e9 (non inclus). Nettoyant ext\u00e9rieur sans eau Nettoie, polit et prot\u00e8ge Effet XTRA Skin unique Flacon avec \u00e9tiquette multilingue : Allemand Anglais Fran\u00e7ais Italien<\/p>\n","protected":false},"featured_media":235491,"template":"","meta":{"_acf_changed":false},"product_featured_cat":[],"product_brand":[3941],"product_cat":[5091],"product_tag":[],"class_list":{"0":"post-235493","1":"product","2":"type-product","3":"status-publish","4":"has-post-thumbnail","6":"product_brand-woshup","7":"product_cat-detergent-special","9":"first","10":"instock","11":"taxable","12":"shipping-taxable","13":"purchasable","14":"product-type-simple"},"acf":[],"yoast_head":"<!-- This site is optimized with the Yoast SEO plugin v27.4 - https:\/\/yoast.com\/product\/yoast-seo-wordpress\/ -->\n<title>Nettoyant camping Waterless Wonder Wosher WOSHUP_ avec \u00e9tiquette multilingue Contenance 1 l, version CH - Bantam Wankm\u00fcller SA<\/title>\n<meta name=\"robots\" content=\"index, follow, max-snippet:-1, max-image-preview:large, max-video-preview:-1\" \/>\n<link rel=\"canonical\" href=\"https:\/\/shop.bantam.ch\/fr\/produit\/nettoyant-camping-waterless-wonder-wosher-woshup_-avec-etiquette-multilingue-contenance-1-l-version-ch\/\" \/>\n<meta property=\"og:locale\" content=\"fr_FR\" \/>\n<meta property=\"og:type\" content=\"article\" \/>\n<meta property=\"og:title\" content=\"Nettoyant camping Waterless Wonder Wosher WOSHUP_ avec \u00e9tiquette multilingue Contenance 1 l, version CH - Bantam Wankm\u00fcller SA\" \/>\n<meta property=\"og:description\" content=\"Le WUNDER WOSHER est une v\u00e9ritable innovation. Il fonctionne sans eau suppl\u00e9mentaire, permettant ainsi de nettoyer votre camping-car partout. Il est id\u00e9alement utilis\u00e9 avec le chiffon \u00e0 poils longs adapt\u00e9 (non inclus). Nettoyant ext\u00e9rieur sans eau Nettoie, polit et prot\u00e8ge Effet XTRA Skin unique Flacon avec \u00e9tiquette multilingue : Allemand Anglais Fran\u00e7ais Italien\" \/>\n<meta property=\"og:url\" content=\"https:\/\/shop.bantam.ch\/fr\/produit\/nettoyant-camping-waterless-wonder-wosher-woshup_-avec-etiquette-multilingue-contenance-1-l-version-ch\/\" \/>\n<meta property=\"og:site_name\" content=\"Bantam Wankm\u00fcller SA\" \/>\n<meta property=\"article:modified_time\" content=\"2026-04-17T21:59:44+00:00\" \/>\n<meta property=\"og:image\" content=\"https:\/\/shop.bantam.ch\/wp-content\/uploads\/2026\/04\/Movera-L-9966268100.jpg\" \/>\n\t<meta property=\"og:image:width\" content=\"640\" \/>\n\t<meta property=\"og:image:height\" content=\"640\" \/>\n\t<meta property=\"og:image:type\" content=\"image\/jpeg\" \/>\n<meta name=\"twitter:card\" content=\"summary_large_image\" \/>\n<script type=\"application\/ld+json\" class=\"yoast-schema-graph\">{\"@context\":\"https:\\\/\\\/schema.org\",\"@graph\":[{\"@type\":\"WebPage\",\"@id\":\"https:\\\/\\\/shop.bantam.ch\\\/fr\\\/produit\\\/nettoyant-camping-waterless-wonder-wosher-woshup_-avec-etiquette-multilingue-contenance-1-l-version-ch\\\/\",\"url\":\"https:\\\/\\\/shop.bantam.ch\\\/fr\\\/produit\\\/nettoyant-camping-waterless-wonder-wosher-woshup_-avec-etiquette-multilingue-contenance-1-l-version-ch\\\/\",\"name\":\"Nettoyant camping Waterless Wonder Wosher WOSHUP_ avec \u00e9tiquette multilingue Contenance 1 l, version CH - Bantam Wankm\u00fcller SA\",\"isPartOf\":{\"@id\":\"https:\\\/\\\/shop.bantam.ch\\\/fr\\\/#website\"},\"primaryImageOfPage\":{\"@id\":\"https:\\\/\\\/shop.bantam.ch\\\/fr\\\/produit\\\/nettoyant-camping-waterless-wonder-wosher-woshup_-avec-etiquette-multilingue-contenance-1-l-version-ch\\\/#primaryimage\"},\"image\":{\"@id\":\"https:\\\/\\\/shop.bantam.ch\\\/fr\\\/produit\\\/nettoyant-camping-waterless-wonder-wosher-woshup_-avec-etiquette-multilingue-contenance-1-l-version-ch\\\/#primaryimage\"},\"thumbnailUrl\":\"https:\\\/\\\/shop.bantam.ch\\\/wp-content\\\/uploads\\\/2026\\\/04\\\/Movera-L-9966268100.jpg\",\"datePublished\":\"2026-04-01T13:58:56+00:00\",\"dateModified\":\"2026-04-17T21:59:44+00:00\",\"breadcrumb\":{\"@id\":\"https:\\\/\\\/shop.bantam.ch\\\/fr\\\/produit\\\/nettoyant-camping-waterless-wonder-wosher-woshup_-avec-etiquette-multilingue-contenance-1-l-version-ch\\\/#breadcrumb\"},\"inLanguage\":\"fr-FR\",\"potentialAction\":[{\"@type\":\"ReadAction\",\"target\":[\"https:\\\/\\\/shop.bantam.ch\\\/fr\\\/produit\\\/nettoyant-camping-waterless-wonder-wosher-woshup_-avec-etiquette-multilingue-contenance-1-l-version-ch\\\/\"]}]},{\"@type\":\"ImageObject\",\"inLanguage\":\"fr-FR\",\"@id\":\"https:\\\/\\\/shop.bantam.ch\\\/fr\\\/produit\\\/nettoyant-camping-waterless-wonder-wosher-woshup_-avec-etiquette-multilingue-contenance-1-l-version-ch\\\/#primaryimage\",\"url\":\"https:\\\/\\\/shop.bantam.ch\\\/wp-content\\\/uploads\\\/2026\\\/04\\\/Movera-L-9966268100.jpg\",\"contentUrl\":\"https:\\\/\\\/shop.bantam.ch\\\/wp-content\\\/uploads\\\/2026\\\/04\\\/Movera-L-9966268100.jpg\",\"width\":640,\"height\":640},{\"@type\":\"BreadcrumbList\",\"@id\":\"https:\\\/\\\/shop.bantam.ch\\\/fr\\\/produit\\\/nettoyant-camping-waterless-wonder-wosher-woshup_-avec-etiquette-multilingue-contenance-1-l-version-ch\\\/#breadcrumb\",\"itemListElement\":[{\"@type\":\"ListItem\",\"position\":1,\"name\":\"Accueil\",\"item\":\"https:\\\/\\\/shop.bantam.ch\\\/fr\\\/\"},{\"@type\":\"ListItem\",\"position\":2,\"name\":\"Boutique\",\"item\":\"https:\\\/\\\/shop.bantam.ch\\\/fr\\\/boutique\\\/\"},{\"@type\":\"ListItem\",\"position\":3,\"name\":\"Nettoyant camping Waterless Wonder Wosher WOSHUP_ avec \u00e9tiquette multilingue Contenance 1 l, version CH\"}]},{\"@type\":\"WebSite\",\"@id\":\"https:\\\/\\\/shop.bantam.ch\\\/fr\\\/#website\",\"url\":\"https:\\\/\\\/shop.bantam.ch\\\/fr\\\/\",\"name\":\"Bantam Wankm\u00fcller SA\",\"description\":\"\",\"publisher\":{\"@id\":\"https:\\\/\\\/shop.bantam.ch\\\/fr\\\/#organization\"},\"inLanguage\":\"fr-FR\"},{\"@type\":\"Organization\",\"@id\":\"https:\\\/\\\/shop.bantam.ch\\\/fr\\\/#organization\",\"name\":\"Bantam Wankm\u00fcller SA\",\"url\":\"https:\\\/\\\/shop.bantam.ch\\\/fr\\\/\",\"logo\":{\"@type\":\"ImageObject\",\"inLanguage\":\"fr-FR\",\"@id\":\"https:\\\/\\\/shop.bantam.ch\\\/fr\\\/#\\\/schema\\\/logo\\\/image\\\/\",\"url\":\"https:\\\/\\\/shop.bantam.ch\\\/wp-content\\\/uploads\\\/2022\\\/12\\\/bantam-logo.png\",\"contentUrl\":\"https:\\\/\\\/shop.bantam.ch\\\/wp-content\\\/uploads\\\/2022\\\/12\\\/bantam-logo.png\",\"width\":320,\"height\":71,\"caption\":\"Bantam Wankm\u00fcller SA\"},\"image\":{\"@id\":\"https:\\\/\\\/shop.bantam.ch\\\/fr\\\/#\\\/schema\\\/logo\\\/image\\\/\"}}]}<\/script>\n<!-- \/ Yoast SEO plugin. -->","yoast_head_json":{"title":"Nettoyant camping Waterless Wonder Wosher WOSHUP_ avec \u00e9tiquette multilingue Contenance 1 l, version CH - Bantam Wankm\u00fcller SA","robots":{"index":"index","follow":"follow","max-snippet":"max-snippet:-1","max-image-preview":"max-image-preview:large","max-video-preview":"max-video-preview:-1"},"canonical":"https:\/\/shop.bantam.ch\/fr\/produit\/nettoyant-camping-waterless-wonder-wosher-woshup_-avec-etiquette-multilingue-contenance-1-l-version-ch\/","og_locale":"fr_FR","og_type":"article","og_title":"Nettoyant camping Waterless Wonder Wosher WOSHUP_ avec \u00e9tiquette multilingue Contenance 1 l, version CH - Bantam Wankm\u00fcller SA","og_description":"Le WUNDER WOSHER est une v\u00e9ritable innovation. Il fonctionne sans eau suppl\u00e9mentaire, permettant ainsi de nettoyer votre camping-car partout. Il est id\u00e9alement utilis\u00e9 avec le chiffon \u00e0 poils longs adapt\u00e9 (non inclus). Nettoyant ext\u00e9rieur sans eau Nettoie, polit et prot\u00e8ge Effet XTRA Skin unique Flacon avec \u00e9tiquette multilingue : Allemand Anglais Fran\u00e7ais Italien","og_url":"https:\/\/shop.bantam.ch\/fr\/produit\/nettoyant-camping-waterless-wonder-wosher-woshup_-avec-etiquette-multilingue-contenance-1-l-version-ch\/","og_site_name":"Bantam Wankm\u00fcller SA","article_modified_time":"2026-04-17T21:59:44+00:00","og_image":[{"width":640,"height":640,"url":"https:\/\/shop.bantam.ch\/wp-content\/uploads\/2026\/04\/Movera-L-9966268100.jpg","type":"image\/jpeg"}],"twitter_card":"summary_large_image","schema":{"@context":"https:\/\/schema.org","@graph":[{"@type":"WebPage","@id":"https:\/\/shop.bantam.ch\/fr\/produit\/nettoyant-camping-waterless-wonder-wosher-woshup_-avec-etiquette-multilingue-contenance-1-l-version-ch\/","url":"https:\/\/shop.bantam.ch\/fr\/produit\/nettoyant-camping-waterless-wonder-wosher-woshup_-avec-etiquette-multilingue-contenance-1-l-version-ch\/","name":"Nettoyant camping Waterless Wonder Wosher WOSHUP_ avec \u00e9tiquette multilingue Contenance 1 l, version CH - Bantam Wankm\u00fcller SA","isPartOf":{"@id":"https:\/\/shop.bantam.ch\/fr\/#website"},"primaryImageOfPage":{"@id":"https:\/\/shop.bantam.ch\/fr\/produit\/nettoyant-camping-waterless-wonder-wosher-woshup_-avec-etiquette-multilingue-contenance-1-l-version-ch\/#primaryimage"},"image":{"@id":"https:\/\/shop.bantam.ch\/fr\/produit\/nettoyant-camping-waterless-wonder-wosher-woshup_-avec-etiquette-multilingue-contenance-1-l-version-ch\/#primaryimage"},"thumbnailUrl":"https:\/\/shop.bantam.ch\/wp-content\/uploads\/2026\/04\/Movera-L-9966268100.jpg","datePublished":"2026-04-01T13:58:56+00:00","dateModified":"2026-04-17T21:59:44+00:00","breadcrumb":{"@id":"https:\/\/shop.bantam.ch\/fr\/produit\/nettoyant-camping-waterless-wonder-wosher-woshup_-avec-etiquette-multilingue-contenance-1-l-version-ch\/#breadcrumb"},"inLanguage":"fr-FR","potentialAction":[{"@type":"ReadAction","target":["https:\/\/shop.bantam.ch\/fr\/produit\/nettoyant-camping-waterless-wonder-wosher-woshup_-avec-etiquette-multilingue-contenance-1-l-version-ch\/"]}]},{"@type":"ImageObject","inLanguage":"fr-FR","@id":"https:\/\/shop.bantam.ch\/fr\/produit\/nettoyant-camping-waterless-wonder-wosher-woshup_-avec-etiquette-multilingue-contenance-1-l-version-ch\/#primaryimage","url":"https:\/\/shop.bantam.ch\/wp-content\/uploads\/2026\/04\/Movera-L-9966268100.jpg","contentUrl":"https:\/\/shop.bantam.ch\/wp-content\/uploads\/2026\/04\/Movera-L-9966268100.jpg","width":640,"height":640},{"@type":"BreadcrumbList","@id":"https:\/\/shop.bantam.ch\/fr\/produit\/nettoyant-camping-waterless-wonder-wosher-woshup_-avec-etiquette-multilingue-contenance-1-l-version-ch\/#breadcrumb","itemListElement":[{"@type":"ListItem","position":1,"name":"Accueil","item":"https:\/\/shop.bantam.ch\/fr\/"},{"@type":"ListItem","position":2,"name":"Boutique","item":"https:\/\/shop.bantam.ch\/fr\/boutique\/"},{"@type":"ListItem","position":3,"name":"Nettoyant camping Waterless Wonder Wosher WOSHUP_ avec \u00e9tiquette multilingue Contenance 1 l, version CH"}]},{"@type":"WebSite","@id":"https:\/\/shop.bantam.ch\/fr\/#website","url":"https:\/\/shop.bantam.ch\/fr\/","name":"Bantam Wankm\u00fcller SA","description":"","publisher":{"@id":"https:\/\/shop.bantam.ch\/fr\/#organization"},"inLanguage":"fr-FR"},{"@type":"Organization","@id":"https:\/\/shop.bantam.ch\/fr\/#organization","name":"Bantam Wankm\u00fcller SA","url":"https:\/\/shop.bantam.ch\/fr\/","logo":{"@type":"ImageObject","inLanguage":"fr-FR","@id":"https:\/\/shop.bantam.ch\/fr\/#\/schema\/logo\/image\/","url":"https:\/\/shop.bantam.ch\/wp-content\/uploads\/2022\/12\/bantam-logo.png","contentUrl":"https:\/\/shop.bantam.ch\/wp-content\/uploads\/2022\/12\/bantam-logo.png","width":320,"height":71,"caption":"Bantam Wankm\u00fcller SA"},"image":{"@id":"https:\/\/shop.bantam.ch\/fr\/#\/schema\/logo\/image\/"}}]}},"_links":{"self":[{"href":"https:\/\/shop.bantam.ch\/fr\/wp-json\/wp\/v2\/product\/235493","targetHints":{"allow":["GET"]}}],"collection":[{"href":"https:\/\/shop.bantam.ch\/fr\/wp-json\/wp\/v2\/product"}],"about":[{"href":"https:\/\/shop.bantam.ch\/fr\/wp-json\/wp\/v2\/types\/product"}],"wp:featuredmedia":[{"embeddable":true,"href":"https:\/\/shop.bantam.ch\/fr\/wp-json\/wp\/v2\/media\/235491"}],"wp:attachment":[{"href":"https:\/\/shop.bantam.ch\/fr\/wp-json\/wp\/v2\/media?parent=235493"}],"wp:term":[{"taxonomy":"product_featured_cat","embeddable":true,"href":"https:\/\/shop.bantam.ch\/fr\/wp-json\/wp\/v2\/product_featured_cat?post=235493"},{"taxonomy":"product_brand","embeddable":true,"href":"https:\/\/shop.bantam.ch\/fr\/wp-json\/wp\/v2\/product_brand?post=235493"},{"taxonomy":"product_cat","embeddable":true,"href":"https:\/\/shop.bantam.ch\/fr\/wp-json\/wp\/v2\/product_cat?post=235493"},{"taxonomy":"product_tag","embeddable":true,"href":"https:\/\/shop.bantam.ch\/fr\/wp-json\/wp\/v2\/product_tag?post=235493"}],"curies":[{"name":"wp","href":"https:\/\/api.w.org\/{rel}","templated":true}]}}