{"id":235489,"date":"2026-04-01T15:57:22","date_gmt":"2026-04-01T13:57:22","guid":{"rendered":"https:\/\/shop.bantam.ch\/produit\/resin-remover-woshup_-contenu-1-l-avec-etiquette-multilingue-version-ch\/"},"modified":"2026-04-17T23:59:44","modified_gmt":"2026-04-17T21:59:44","slug":"resin-remover-woshup_-contenu-1-l-avec-etiquette-multilingue-version-ch","status":"publish","type":"product","link":"https:\/\/shop.bantam.ch\/fr\/produit\/resin-remover-woshup_-contenu-1-l-avec-etiquette-multilingue-version-ch\/","title":{"rendered":"Resin Remover WOSHUP_ Contenu 1 l avec \u00e9tiquette multilingue Version CH"},"content":{"rendered":"<p data-start=\"0\" data-end=\"208\">Le <span data-start=\"3\" data-end=\"24\">DISSOLVANT R\u00c9SINE<\/span> a \u00e9t\u00e9 sp\u00e9cialement con\u00e7u pour \u00e9liminer les r\u00e9sidus de r\u00e9sine sur les surfaces ext\u00e9rieures. Il est doux pour la peinture et agit \u00e9galement contre de nombreux autres r\u00e9sidus collants.<\/p>\n<p data-start=\"210\" data-end=\"302\">\u00c9limine les r\u00e9sidus de r\u00e9sine<br data-start=\"239\" data-end=\"242\"><br \/>\nEffet XTRA Skin unique<br data-start=\"264\" data-end=\"267\"><br \/>\nAction particuli\u00e8rement puissante<\/p>\n<p data-start=\"304\" data-end=\"341\">Flacon avec \u00e9tiquette multilingue :<\/p>\n<\/p>\n<p data-start=\"343\" data-end=\"382\" data-is-last-node=\"\" data-is-only-node=\"\">Allemand<br data-start=\"351\" data-end=\"354\"><br \/>\nAnglais<br data-start=\"361\" data-end=\"364\"><br \/>\nFran\u00e7ais<br data-start=\"372\" data-end=\"375\"><br \/>\nItalien<\/p>\n","protected":false},"excerpt":{"rendered":"<p>Le DISSOLVANT R\u00c9SINE a \u00e9t\u00e9 sp\u00e9cialement con\u00e7u pour \u00e9liminer les r\u00e9sidus de r\u00e9sine sur les surfaces ext\u00e9rieures. Il est doux pour la peinture et agit \u00e9galement contre de nombreux autres r\u00e9sidus collants. \u00c9limine les r\u00e9sidus de r\u00e9sine Effet XTRA Skin unique Action particuli\u00e8rement puissante Flacon avec \u00e9tiquette multilingue : Allemand Anglais Fran\u00e7ais Italien<\/p>\n","protected":false},"featured_media":235487,"template":"","meta":{"_acf_changed":false},"product_featured_cat":[],"product_brand":[3941],"product_cat":[5091],"product_tag":[],"class_list":{"0":"post-235489","1":"product","2":"type-product","3":"status-publish","4":"has-post-thumbnail","6":"product_brand-woshup","7":"product_cat-detergent-special","9":"first","10":"instock","11":"taxable","12":"shipping-taxable","13":"purchasable","14":"product-type-simple"},"acf":[],"yoast_head":"<!-- This site is optimized with the Yoast SEO plugin v27.4 - https:\/\/yoast.com\/product\/yoast-seo-wordpress\/ -->\n<title>Resin Remover WOSHUP_ Contenu 1 l avec \u00e9tiquette multilingue Version CH - Bantam Wankm\u00fcller SA<\/title>\n<meta name=\"robots\" content=\"index, follow, max-snippet:-1, max-image-preview:large, max-video-preview:-1\" \/>\n<link rel=\"canonical\" href=\"https:\/\/shop.bantam.ch\/fr\/produit\/resin-remover-woshup_-contenu-1-l-avec-etiquette-multilingue-version-ch\/\" \/>\n<meta property=\"og:locale\" content=\"fr_FR\" \/>\n<meta property=\"og:type\" content=\"article\" \/>\n<meta property=\"og:title\" content=\"Resin Remover WOSHUP_ Contenu 1 l avec \u00e9tiquette multilingue Version CH - Bantam Wankm\u00fcller SA\" \/>\n<meta property=\"og:description\" content=\"Le DISSOLVANT R\u00c9SINE a \u00e9t\u00e9 sp\u00e9cialement con\u00e7u pour \u00e9liminer les r\u00e9sidus de r\u00e9sine sur les surfaces ext\u00e9rieures. Il est doux pour la peinture et agit \u00e9galement contre de nombreux autres r\u00e9sidus collants. \u00c9limine les r\u00e9sidus de r\u00e9sine Effet XTRA Skin unique Action particuli\u00e8rement puissante Flacon avec \u00e9tiquette multilingue : Allemand Anglais Fran\u00e7ais Italien\" \/>\n<meta property=\"og:url\" content=\"https:\/\/shop.bantam.ch\/fr\/produit\/resin-remover-woshup_-contenu-1-l-avec-etiquette-multilingue-version-ch\/\" \/>\n<meta property=\"og:site_name\" content=\"Bantam Wankm\u00fcller SA\" \/>\n<meta property=\"article:modified_time\" content=\"2026-04-17T21:59:44+00:00\" \/>\n<meta property=\"og:image\" content=\"https:\/\/shop.bantam.ch\/wp-content\/uploads\/2026\/04\/Movera-L-9966266100.jpg\" \/>\n\t<meta property=\"og:image:width\" content=\"640\" \/>\n\t<meta property=\"og:image:height\" content=\"640\" \/>\n\t<meta property=\"og:image:type\" content=\"image\/jpeg\" \/>\n<meta name=\"twitter:card\" content=\"summary_large_image\" \/>\n<script type=\"application\/ld+json\" class=\"yoast-schema-graph\">{\"@context\":\"https:\\\/\\\/schema.org\",\"@graph\":[{\"@type\":\"WebPage\",\"@id\":\"https:\\\/\\\/shop.bantam.ch\\\/fr\\\/produit\\\/resin-remover-woshup_-contenu-1-l-avec-etiquette-multilingue-version-ch\\\/\",\"url\":\"https:\\\/\\\/shop.bantam.ch\\\/fr\\\/produit\\\/resin-remover-woshup_-contenu-1-l-avec-etiquette-multilingue-version-ch\\\/\",\"name\":\"Resin Remover WOSHUP_ Contenu 1 l avec \u00e9tiquette multilingue Version CH - Bantam Wankm\u00fcller SA\",\"isPartOf\":{\"@id\":\"https:\\\/\\\/shop.bantam.ch\\\/fr\\\/#website\"},\"primaryImageOfPage\":{\"@id\":\"https:\\\/\\\/shop.bantam.ch\\\/fr\\\/produit\\\/resin-remover-woshup_-contenu-1-l-avec-etiquette-multilingue-version-ch\\\/#primaryimage\"},\"image\":{\"@id\":\"https:\\\/\\\/shop.bantam.ch\\\/fr\\\/produit\\\/resin-remover-woshup_-contenu-1-l-avec-etiquette-multilingue-version-ch\\\/#primaryimage\"},\"thumbnailUrl\":\"https:\\\/\\\/shop.bantam.ch\\\/wp-content\\\/uploads\\\/2026\\\/04\\\/Movera-L-9966266100.jpg\",\"datePublished\":\"2026-04-01T13:57:22+00:00\",\"dateModified\":\"2026-04-17T21:59:44+00:00\",\"breadcrumb\":{\"@id\":\"https:\\\/\\\/shop.bantam.ch\\\/fr\\\/produit\\\/resin-remover-woshup_-contenu-1-l-avec-etiquette-multilingue-version-ch\\\/#breadcrumb\"},\"inLanguage\":\"fr-FR\",\"potentialAction\":[{\"@type\":\"ReadAction\",\"target\":[\"https:\\\/\\\/shop.bantam.ch\\\/fr\\\/produit\\\/resin-remover-woshup_-contenu-1-l-avec-etiquette-multilingue-version-ch\\\/\"]}]},{\"@type\":\"ImageObject\",\"inLanguage\":\"fr-FR\",\"@id\":\"https:\\\/\\\/shop.bantam.ch\\\/fr\\\/produit\\\/resin-remover-woshup_-contenu-1-l-avec-etiquette-multilingue-version-ch\\\/#primaryimage\",\"url\":\"https:\\\/\\\/shop.bantam.ch\\\/wp-content\\\/uploads\\\/2026\\\/04\\\/Movera-L-9966266100.jpg\",\"contentUrl\":\"https:\\\/\\\/shop.bantam.ch\\\/wp-content\\\/uploads\\\/2026\\\/04\\\/Movera-L-9966266100.jpg\",\"width\":640,\"height\":640},{\"@type\":\"BreadcrumbList\",\"@id\":\"https:\\\/\\\/shop.bantam.ch\\\/fr\\\/produit\\\/resin-remover-woshup_-contenu-1-l-avec-etiquette-multilingue-version-ch\\\/#breadcrumb\",\"itemListElement\":[{\"@type\":\"ListItem\",\"position\":1,\"name\":\"Accueil\",\"item\":\"https:\\\/\\\/shop.bantam.ch\\\/fr\\\/\"},{\"@type\":\"ListItem\",\"position\":2,\"name\":\"Boutique\",\"item\":\"https:\\\/\\\/shop.bantam.ch\\\/fr\\\/boutique\\\/\"},{\"@type\":\"ListItem\",\"position\":3,\"name\":\"Resin Remover WOSHUP_ Contenu 1 l avec \u00e9tiquette multilingue Version CH\"}]},{\"@type\":\"WebSite\",\"@id\":\"https:\\\/\\\/shop.bantam.ch\\\/fr\\\/#website\",\"url\":\"https:\\\/\\\/shop.bantam.ch\\\/fr\\\/\",\"name\":\"Bantam Wankm\u00fcller SA\",\"description\":\"\",\"publisher\":{\"@id\":\"https:\\\/\\\/shop.bantam.ch\\\/fr\\\/#organization\"},\"inLanguage\":\"fr-FR\"},{\"@type\":\"Organization\",\"@id\":\"https:\\\/\\\/shop.bantam.ch\\\/fr\\\/#organization\",\"name\":\"Bantam Wankm\u00fcller SA\",\"url\":\"https:\\\/\\\/shop.bantam.ch\\\/fr\\\/\",\"logo\":{\"@type\":\"ImageObject\",\"inLanguage\":\"fr-FR\",\"@id\":\"https:\\\/\\\/shop.bantam.ch\\\/fr\\\/#\\\/schema\\\/logo\\\/image\\\/\",\"url\":\"https:\\\/\\\/shop.bantam.ch\\\/wp-content\\\/uploads\\\/2022\\\/12\\\/bantam-logo.png\",\"contentUrl\":\"https:\\\/\\\/shop.bantam.ch\\\/wp-content\\\/uploads\\\/2022\\\/12\\\/bantam-logo.png\",\"width\":320,\"height\":71,\"caption\":\"Bantam Wankm\u00fcller SA\"},\"image\":{\"@id\":\"https:\\\/\\\/shop.bantam.ch\\\/fr\\\/#\\\/schema\\\/logo\\\/image\\\/\"}}]}<\/script>\n<!-- \/ Yoast SEO plugin. -->","yoast_head_json":{"title":"Resin Remover WOSHUP_ Contenu 1 l avec \u00e9tiquette multilingue Version CH - Bantam Wankm\u00fcller SA","robots":{"index":"index","follow":"follow","max-snippet":"max-snippet:-1","max-image-preview":"max-image-preview:large","max-video-preview":"max-video-preview:-1"},"canonical":"https:\/\/shop.bantam.ch\/fr\/produit\/resin-remover-woshup_-contenu-1-l-avec-etiquette-multilingue-version-ch\/","og_locale":"fr_FR","og_type":"article","og_title":"Resin Remover WOSHUP_ Contenu 1 l avec \u00e9tiquette multilingue Version CH - Bantam Wankm\u00fcller SA","og_description":"Le DISSOLVANT R\u00c9SINE a \u00e9t\u00e9 sp\u00e9cialement con\u00e7u pour \u00e9liminer les r\u00e9sidus de r\u00e9sine sur les surfaces ext\u00e9rieures. Il est doux pour la peinture et agit \u00e9galement contre de nombreux autres r\u00e9sidus collants. \u00c9limine les r\u00e9sidus de r\u00e9sine Effet XTRA Skin unique Action particuli\u00e8rement puissante Flacon avec \u00e9tiquette multilingue : Allemand Anglais Fran\u00e7ais Italien","og_url":"https:\/\/shop.bantam.ch\/fr\/produit\/resin-remover-woshup_-contenu-1-l-avec-etiquette-multilingue-version-ch\/","og_site_name":"Bantam Wankm\u00fcller SA","article_modified_time":"2026-04-17T21:59:44+00:00","og_image":[{"width":640,"height":640,"url":"https:\/\/shop.bantam.ch\/wp-content\/uploads\/2026\/04\/Movera-L-9966266100.jpg","type":"image\/jpeg"}],"twitter_card":"summary_large_image","schema":{"@context":"https:\/\/schema.org","@graph":[{"@type":"WebPage","@id":"https:\/\/shop.bantam.ch\/fr\/produit\/resin-remover-woshup_-contenu-1-l-avec-etiquette-multilingue-version-ch\/","url":"https:\/\/shop.bantam.ch\/fr\/produit\/resin-remover-woshup_-contenu-1-l-avec-etiquette-multilingue-version-ch\/","name":"Resin Remover WOSHUP_ Contenu 1 l avec \u00e9tiquette multilingue Version CH - Bantam Wankm\u00fcller SA","isPartOf":{"@id":"https:\/\/shop.bantam.ch\/fr\/#website"},"primaryImageOfPage":{"@id":"https:\/\/shop.bantam.ch\/fr\/produit\/resin-remover-woshup_-contenu-1-l-avec-etiquette-multilingue-version-ch\/#primaryimage"},"image":{"@id":"https:\/\/shop.bantam.ch\/fr\/produit\/resin-remover-woshup_-contenu-1-l-avec-etiquette-multilingue-version-ch\/#primaryimage"},"thumbnailUrl":"https:\/\/shop.bantam.ch\/wp-content\/uploads\/2026\/04\/Movera-L-9966266100.jpg","datePublished":"2026-04-01T13:57:22+00:00","dateModified":"2026-04-17T21:59:44+00:00","breadcrumb":{"@id":"https:\/\/shop.bantam.ch\/fr\/produit\/resin-remover-woshup_-contenu-1-l-avec-etiquette-multilingue-version-ch\/#breadcrumb"},"inLanguage":"fr-FR","potentialAction":[{"@type":"ReadAction","target":["https:\/\/shop.bantam.ch\/fr\/produit\/resin-remover-woshup_-contenu-1-l-avec-etiquette-multilingue-version-ch\/"]}]},{"@type":"ImageObject","inLanguage":"fr-FR","@id":"https:\/\/shop.bantam.ch\/fr\/produit\/resin-remover-woshup_-contenu-1-l-avec-etiquette-multilingue-version-ch\/#primaryimage","url":"https:\/\/shop.bantam.ch\/wp-content\/uploads\/2026\/04\/Movera-L-9966266100.jpg","contentUrl":"https:\/\/shop.bantam.ch\/wp-content\/uploads\/2026\/04\/Movera-L-9966266100.jpg","width":640,"height":640},{"@type":"BreadcrumbList","@id":"https:\/\/shop.bantam.ch\/fr\/produit\/resin-remover-woshup_-contenu-1-l-avec-etiquette-multilingue-version-ch\/#breadcrumb","itemListElement":[{"@type":"ListItem","position":1,"name":"Accueil","item":"https:\/\/shop.bantam.ch\/fr\/"},{"@type":"ListItem","position":2,"name":"Boutique","item":"https:\/\/shop.bantam.ch\/fr\/boutique\/"},{"@type":"ListItem","position":3,"name":"Resin Remover WOSHUP_ Contenu 1 l avec \u00e9tiquette multilingue Version CH"}]},{"@type":"WebSite","@id":"https:\/\/shop.bantam.ch\/fr\/#website","url":"https:\/\/shop.bantam.ch\/fr\/","name":"Bantam Wankm\u00fcller SA","description":"","publisher":{"@id":"https:\/\/shop.bantam.ch\/fr\/#organization"},"inLanguage":"fr-FR"},{"@type":"Organization","@id":"https:\/\/shop.bantam.ch\/fr\/#organization","name":"Bantam Wankm\u00fcller SA","url":"https:\/\/shop.bantam.ch\/fr\/","logo":{"@type":"ImageObject","inLanguage":"fr-FR","@id":"https:\/\/shop.bantam.ch\/fr\/#\/schema\/logo\/image\/","url":"https:\/\/shop.bantam.ch\/wp-content\/uploads\/2022\/12\/bantam-logo.png","contentUrl":"https:\/\/shop.bantam.ch\/wp-content\/uploads\/2022\/12\/bantam-logo.png","width":320,"height":71,"caption":"Bantam Wankm\u00fcller SA"},"image":{"@id":"https:\/\/shop.bantam.ch\/fr\/#\/schema\/logo\/image\/"}}]}},"_links":{"self":[{"href":"https:\/\/shop.bantam.ch\/fr\/wp-json\/wp\/v2\/product\/235489","targetHints":{"allow":["GET"]}}],"collection":[{"href":"https:\/\/shop.bantam.ch\/fr\/wp-json\/wp\/v2\/product"}],"about":[{"href":"https:\/\/shop.bantam.ch\/fr\/wp-json\/wp\/v2\/types\/product"}],"wp:featuredmedia":[{"embeddable":true,"href":"https:\/\/shop.bantam.ch\/fr\/wp-json\/wp\/v2\/media\/235487"}],"wp:attachment":[{"href":"https:\/\/shop.bantam.ch\/fr\/wp-json\/wp\/v2\/media?parent=235489"}],"wp:term":[{"taxonomy":"product_featured_cat","embeddable":true,"href":"https:\/\/shop.bantam.ch\/fr\/wp-json\/wp\/v2\/product_featured_cat?post=235489"},{"taxonomy":"product_brand","embeddable":true,"href":"https:\/\/shop.bantam.ch\/fr\/wp-json\/wp\/v2\/product_brand?post=235489"},{"taxonomy":"product_cat","embeddable":true,"href":"https:\/\/shop.bantam.ch\/fr\/wp-json\/wp\/v2\/product_cat?post=235489"},{"taxonomy":"product_tag","embeddable":true,"href":"https:\/\/shop.bantam.ch\/fr\/wp-json\/wp\/v2\/product_tag?post=235489"}],"curies":[{"name":"wp","href":"https:\/\/api.w.org\/{rel}","templated":true}]}}