{"id":235485,"date":"2026-04-01T15:56:02","date_gmt":"2026-04-01T13:56:02","guid":{"rendered":"https:\/\/shop.bantam.ch\/produit\/mosquito-ciao-_-woshup-_-contenu-1-l-avec-etiquette-multilingue-version-ch\/"},"modified":"2026-04-17T23:59:38","modified_gmt":"2026-04-17T21:59:38","slug":"mosquito-ciao-_-woshup-_-contenu-1-l-avec-etiquette-multilingue-version-ch","status":"publish","type":"product","link":"https:\/\/shop.bantam.ch\/fr\/produit\/mosquito-ciao-_-woshup-_-contenu-1-l-avec-etiquette-multilingue-version-ch\/","title":{"rendered":"Mosquito Ciao _ WOSHUP _ Contenu 1 l avec \u00e9tiquette multilingue Version CH"},"content":{"rendered":"<p data-start=\"0\" data-end=\"187\">Le <span data-start=\"3\" data-end=\"22\">INSECTES CIAO !<\/span> dit adieu \u00e0 tous les types de r\u00e9sidus d\u2019insectes. Il agit avec une grande efficacit\u00e9 tout en restant doux, et est bien s\u00fbr dot\u00e9 de notre effet innovant XTRA Skin.<\/p>\n<p data-start=\"189\" data-end=\"262\">\u00c9limine les r\u00e9sidus d\u2019insectes<br data-start=\"219\" data-end=\"222\"><br \/>\nEffet XTRA Skin unique<br data-start=\"244\" data-end=\"247\"><br \/>\nBiod\u00e9gradable<\/p>\n<p data-start=\"264\" data-end=\"301\">Flacon avec \u00e9tiquette multilingue :<\/p>\n<\/p>\n<p data-start=\"303\" data-end=\"342\" data-is-last-node=\"\" data-is-only-node=\"\">Allemand<br data-start=\"311\" data-end=\"314\"><br \/>\nAnglais<br data-start=\"321\" data-end=\"324\"><br \/>\nFran\u00e7ais<br data-start=\"332\" data-end=\"335\"><br \/>\nItalien<\/p>\n","protected":false},"excerpt":{"rendered":"<p>Le INSECTES CIAO ! dit adieu \u00e0 tous les types de r\u00e9sidus d\u2019insectes. Il agit avec une grande efficacit\u00e9 tout en restant doux, et est bien s\u00fbr dot\u00e9 de notre effet innovant XTRA Skin. \u00c9limine les r\u00e9sidus d\u2019insectes Effet XTRA Skin unique Biod\u00e9gradable Flacon avec \u00e9tiquette multilingue : Allemand Anglais Fran\u00e7ais Italien<\/p>\n","protected":false},"featured_media":235483,"template":"","meta":{"_acf_changed":false},"product_featured_cat":[],"product_brand":[3941],"product_cat":[5091],"product_tag":[],"class_list":{"0":"post-235485","1":"product","2":"type-product","3":"status-publish","4":"has-post-thumbnail","6":"product_brand-woshup","7":"product_cat-detergent-special","9":"first","10":"instock","11":"taxable","12":"shipping-taxable","13":"purchasable","14":"product-type-simple"},"acf":[],"yoast_head":"<!-- This site is optimized with the Yoast SEO plugin v27.4 - https:\/\/yoast.com\/product\/yoast-seo-wordpress\/ -->\n<title>Mosquito Ciao _ WOSHUP _ Contenu 1 l avec \u00e9tiquette multilingue Version CH - Bantam Wankm\u00fcller SA<\/title>\n<meta name=\"robots\" content=\"index, follow, max-snippet:-1, max-image-preview:large, max-video-preview:-1\" \/>\n<link rel=\"canonical\" href=\"https:\/\/shop.bantam.ch\/fr\/produit\/mosquito-ciao-_-woshup-_-contenu-1-l-avec-etiquette-multilingue-version-ch\/\" \/>\n<meta property=\"og:locale\" content=\"fr_FR\" \/>\n<meta property=\"og:type\" content=\"article\" \/>\n<meta property=\"og:title\" content=\"Mosquito Ciao _ WOSHUP _ Contenu 1 l avec \u00e9tiquette multilingue Version CH - Bantam Wankm\u00fcller SA\" \/>\n<meta property=\"og:description\" content=\"Le INSECTES CIAO ! dit adieu \u00e0 tous les types de r\u00e9sidus d\u2019insectes. Il agit avec une grande efficacit\u00e9 tout en restant doux, et est bien s\u00fbr dot\u00e9 de notre effet innovant XTRA Skin. \u00c9limine les r\u00e9sidus d\u2019insectes Effet XTRA Skin unique Biod\u00e9gradable Flacon avec \u00e9tiquette multilingue : Allemand Anglais Fran\u00e7ais Italien\" \/>\n<meta property=\"og:url\" content=\"https:\/\/shop.bantam.ch\/fr\/produit\/mosquito-ciao-_-woshup-_-contenu-1-l-avec-etiquette-multilingue-version-ch\/\" \/>\n<meta property=\"og:site_name\" content=\"Bantam Wankm\u00fcller SA\" \/>\n<meta property=\"article:modified_time\" content=\"2026-04-17T21:59:38+00:00\" \/>\n<meta property=\"og:image\" content=\"https:\/\/shop.bantam.ch\/wp-content\/uploads\/2026\/04\/Movera-L-9966264100.jpg\" \/>\n\t<meta property=\"og:image:width\" content=\"640\" \/>\n\t<meta property=\"og:image:height\" content=\"640\" \/>\n\t<meta property=\"og:image:type\" content=\"image\/jpeg\" \/>\n<meta name=\"twitter:card\" content=\"summary_large_image\" \/>\n<script type=\"application\/ld+json\" class=\"yoast-schema-graph\">{\"@context\":\"https:\\\/\\\/schema.org\",\"@graph\":[{\"@type\":\"WebPage\",\"@id\":\"https:\\\/\\\/shop.bantam.ch\\\/fr\\\/produit\\\/mosquito-ciao-_-woshup-_-contenu-1-l-avec-etiquette-multilingue-version-ch\\\/\",\"url\":\"https:\\\/\\\/shop.bantam.ch\\\/fr\\\/produit\\\/mosquito-ciao-_-woshup-_-contenu-1-l-avec-etiquette-multilingue-version-ch\\\/\",\"name\":\"Mosquito Ciao _ WOSHUP _ Contenu 1 l avec \u00e9tiquette multilingue Version CH - Bantam Wankm\u00fcller SA\",\"isPartOf\":{\"@id\":\"https:\\\/\\\/shop.bantam.ch\\\/fr\\\/#website\"},\"primaryImageOfPage\":{\"@id\":\"https:\\\/\\\/shop.bantam.ch\\\/fr\\\/produit\\\/mosquito-ciao-_-woshup-_-contenu-1-l-avec-etiquette-multilingue-version-ch\\\/#primaryimage\"},\"image\":{\"@id\":\"https:\\\/\\\/shop.bantam.ch\\\/fr\\\/produit\\\/mosquito-ciao-_-woshup-_-contenu-1-l-avec-etiquette-multilingue-version-ch\\\/#primaryimage\"},\"thumbnailUrl\":\"https:\\\/\\\/shop.bantam.ch\\\/wp-content\\\/uploads\\\/2026\\\/04\\\/Movera-L-9966264100.jpg\",\"datePublished\":\"2026-04-01T13:56:02+00:00\",\"dateModified\":\"2026-04-17T21:59:38+00:00\",\"breadcrumb\":{\"@id\":\"https:\\\/\\\/shop.bantam.ch\\\/fr\\\/produit\\\/mosquito-ciao-_-woshup-_-contenu-1-l-avec-etiquette-multilingue-version-ch\\\/#breadcrumb\"},\"inLanguage\":\"fr-FR\",\"potentialAction\":[{\"@type\":\"ReadAction\",\"target\":[\"https:\\\/\\\/shop.bantam.ch\\\/fr\\\/produit\\\/mosquito-ciao-_-woshup-_-contenu-1-l-avec-etiquette-multilingue-version-ch\\\/\"]}]},{\"@type\":\"ImageObject\",\"inLanguage\":\"fr-FR\",\"@id\":\"https:\\\/\\\/shop.bantam.ch\\\/fr\\\/produit\\\/mosquito-ciao-_-woshup-_-contenu-1-l-avec-etiquette-multilingue-version-ch\\\/#primaryimage\",\"url\":\"https:\\\/\\\/shop.bantam.ch\\\/wp-content\\\/uploads\\\/2026\\\/04\\\/Movera-L-9966264100.jpg\",\"contentUrl\":\"https:\\\/\\\/shop.bantam.ch\\\/wp-content\\\/uploads\\\/2026\\\/04\\\/Movera-L-9966264100.jpg\",\"width\":640,\"height\":640},{\"@type\":\"BreadcrumbList\",\"@id\":\"https:\\\/\\\/shop.bantam.ch\\\/fr\\\/produit\\\/mosquito-ciao-_-woshup-_-contenu-1-l-avec-etiquette-multilingue-version-ch\\\/#breadcrumb\",\"itemListElement\":[{\"@type\":\"ListItem\",\"position\":1,\"name\":\"Accueil\",\"item\":\"https:\\\/\\\/shop.bantam.ch\\\/fr\\\/\"},{\"@type\":\"ListItem\",\"position\":2,\"name\":\"Boutique\",\"item\":\"https:\\\/\\\/shop.bantam.ch\\\/fr\\\/boutique\\\/\"},{\"@type\":\"ListItem\",\"position\":3,\"name\":\"Mosquito Ciao _ WOSHUP _ Contenu 1 l avec \u00e9tiquette multilingue Version CH\"}]},{\"@type\":\"WebSite\",\"@id\":\"https:\\\/\\\/shop.bantam.ch\\\/fr\\\/#website\",\"url\":\"https:\\\/\\\/shop.bantam.ch\\\/fr\\\/\",\"name\":\"Bantam Wankm\u00fcller SA\",\"description\":\"\",\"publisher\":{\"@id\":\"https:\\\/\\\/shop.bantam.ch\\\/fr\\\/#organization\"},\"inLanguage\":\"fr-FR\"},{\"@type\":\"Organization\",\"@id\":\"https:\\\/\\\/shop.bantam.ch\\\/fr\\\/#organization\",\"name\":\"Bantam Wankm\u00fcller SA\",\"url\":\"https:\\\/\\\/shop.bantam.ch\\\/fr\\\/\",\"logo\":{\"@type\":\"ImageObject\",\"inLanguage\":\"fr-FR\",\"@id\":\"https:\\\/\\\/shop.bantam.ch\\\/fr\\\/#\\\/schema\\\/logo\\\/image\\\/\",\"url\":\"https:\\\/\\\/shop.bantam.ch\\\/wp-content\\\/uploads\\\/2022\\\/12\\\/bantam-logo.png\",\"contentUrl\":\"https:\\\/\\\/shop.bantam.ch\\\/wp-content\\\/uploads\\\/2022\\\/12\\\/bantam-logo.png\",\"width\":320,\"height\":71,\"caption\":\"Bantam Wankm\u00fcller SA\"},\"image\":{\"@id\":\"https:\\\/\\\/shop.bantam.ch\\\/fr\\\/#\\\/schema\\\/logo\\\/image\\\/\"}}]}<\/script>\n<!-- \/ Yoast SEO plugin. -->","yoast_head_json":{"title":"Mosquito Ciao _ WOSHUP _ Contenu 1 l avec \u00e9tiquette multilingue Version CH - Bantam Wankm\u00fcller SA","robots":{"index":"index","follow":"follow","max-snippet":"max-snippet:-1","max-image-preview":"max-image-preview:large","max-video-preview":"max-video-preview:-1"},"canonical":"https:\/\/shop.bantam.ch\/fr\/produit\/mosquito-ciao-_-woshup-_-contenu-1-l-avec-etiquette-multilingue-version-ch\/","og_locale":"fr_FR","og_type":"article","og_title":"Mosquito Ciao _ WOSHUP _ Contenu 1 l avec \u00e9tiquette multilingue Version CH - Bantam Wankm\u00fcller SA","og_description":"Le INSECTES CIAO ! dit adieu \u00e0 tous les types de r\u00e9sidus d\u2019insectes. Il agit avec une grande efficacit\u00e9 tout en restant doux, et est bien s\u00fbr dot\u00e9 de notre effet innovant XTRA Skin. \u00c9limine les r\u00e9sidus d\u2019insectes Effet XTRA Skin unique Biod\u00e9gradable Flacon avec \u00e9tiquette multilingue : Allemand Anglais Fran\u00e7ais Italien","og_url":"https:\/\/shop.bantam.ch\/fr\/produit\/mosquito-ciao-_-woshup-_-contenu-1-l-avec-etiquette-multilingue-version-ch\/","og_site_name":"Bantam Wankm\u00fcller SA","article_modified_time":"2026-04-17T21:59:38+00:00","og_image":[{"width":640,"height":640,"url":"https:\/\/shop.bantam.ch\/wp-content\/uploads\/2026\/04\/Movera-L-9966264100.jpg","type":"image\/jpeg"}],"twitter_card":"summary_large_image","schema":{"@context":"https:\/\/schema.org","@graph":[{"@type":"WebPage","@id":"https:\/\/shop.bantam.ch\/fr\/produit\/mosquito-ciao-_-woshup-_-contenu-1-l-avec-etiquette-multilingue-version-ch\/","url":"https:\/\/shop.bantam.ch\/fr\/produit\/mosquito-ciao-_-woshup-_-contenu-1-l-avec-etiquette-multilingue-version-ch\/","name":"Mosquito Ciao _ WOSHUP _ Contenu 1 l avec \u00e9tiquette multilingue Version CH - Bantam Wankm\u00fcller SA","isPartOf":{"@id":"https:\/\/shop.bantam.ch\/fr\/#website"},"primaryImageOfPage":{"@id":"https:\/\/shop.bantam.ch\/fr\/produit\/mosquito-ciao-_-woshup-_-contenu-1-l-avec-etiquette-multilingue-version-ch\/#primaryimage"},"image":{"@id":"https:\/\/shop.bantam.ch\/fr\/produit\/mosquito-ciao-_-woshup-_-contenu-1-l-avec-etiquette-multilingue-version-ch\/#primaryimage"},"thumbnailUrl":"https:\/\/shop.bantam.ch\/wp-content\/uploads\/2026\/04\/Movera-L-9966264100.jpg","datePublished":"2026-04-01T13:56:02+00:00","dateModified":"2026-04-17T21:59:38+00:00","breadcrumb":{"@id":"https:\/\/shop.bantam.ch\/fr\/produit\/mosquito-ciao-_-woshup-_-contenu-1-l-avec-etiquette-multilingue-version-ch\/#breadcrumb"},"inLanguage":"fr-FR","potentialAction":[{"@type":"ReadAction","target":["https:\/\/shop.bantam.ch\/fr\/produit\/mosquito-ciao-_-woshup-_-contenu-1-l-avec-etiquette-multilingue-version-ch\/"]}]},{"@type":"ImageObject","inLanguage":"fr-FR","@id":"https:\/\/shop.bantam.ch\/fr\/produit\/mosquito-ciao-_-woshup-_-contenu-1-l-avec-etiquette-multilingue-version-ch\/#primaryimage","url":"https:\/\/shop.bantam.ch\/wp-content\/uploads\/2026\/04\/Movera-L-9966264100.jpg","contentUrl":"https:\/\/shop.bantam.ch\/wp-content\/uploads\/2026\/04\/Movera-L-9966264100.jpg","width":640,"height":640},{"@type":"BreadcrumbList","@id":"https:\/\/shop.bantam.ch\/fr\/produit\/mosquito-ciao-_-woshup-_-contenu-1-l-avec-etiquette-multilingue-version-ch\/#breadcrumb","itemListElement":[{"@type":"ListItem","position":1,"name":"Accueil","item":"https:\/\/shop.bantam.ch\/fr\/"},{"@type":"ListItem","position":2,"name":"Boutique","item":"https:\/\/shop.bantam.ch\/fr\/boutique\/"},{"@type":"ListItem","position":3,"name":"Mosquito Ciao _ WOSHUP _ Contenu 1 l avec \u00e9tiquette multilingue Version CH"}]},{"@type":"WebSite","@id":"https:\/\/shop.bantam.ch\/fr\/#website","url":"https:\/\/shop.bantam.ch\/fr\/","name":"Bantam Wankm\u00fcller SA","description":"","publisher":{"@id":"https:\/\/shop.bantam.ch\/fr\/#organization"},"inLanguage":"fr-FR"},{"@type":"Organization","@id":"https:\/\/shop.bantam.ch\/fr\/#organization","name":"Bantam Wankm\u00fcller SA","url":"https:\/\/shop.bantam.ch\/fr\/","logo":{"@type":"ImageObject","inLanguage":"fr-FR","@id":"https:\/\/shop.bantam.ch\/fr\/#\/schema\/logo\/image\/","url":"https:\/\/shop.bantam.ch\/wp-content\/uploads\/2022\/12\/bantam-logo.png","contentUrl":"https:\/\/shop.bantam.ch\/wp-content\/uploads\/2022\/12\/bantam-logo.png","width":320,"height":71,"caption":"Bantam Wankm\u00fcller SA"},"image":{"@id":"https:\/\/shop.bantam.ch\/fr\/#\/schema\/logo\/image\/"}}]}},"_links":{"self":[{"href":"https:\/\/shop.bantam.ch\/fr\/wp-json\/wp\/v2\/product\/235485","targetHints":{"allow":["GET"]}}],"collection":[{"href":"https:\/\/shop.bantam.ch\/fr\/wp-json\/wp\/v2\/product"}],"about":[{"href":"https:\/\/shop.bantam.ch\/fr\/wp-json\/wp\/v2\/types\/product"}],"wp:featuredmedia":[{"embeddable":true,"href":"https:\/\/shop.bantam.ch\/fr\/wp-json\/wp\/v2\/media\/235483"}],"wp:attachment":[{"href":"https:\/\/shop.bantam.ch\/fr\/wp-json\/wp\/v2\/media?parent=235485"}],"wp:term":[{"taxonomy":"product_featured_cat","embeddable":true,"href":"https:\/\/shop.bantam.ch\/fr\/wp-json\/wp\/v2\/product_featured_cat?post=235485"},{"taxonomy":"product_brand","embeddable":true,"href":"https:\/\/shop.bantam.ch\/fr\/wp-json\/wp\/v2\/product_brand?post=235485"},{"taxonomy":"product_cat","embeddable":true,"href":"https:\/\/shop.bantam.ch\/fr\/wp-json\/wp\/v2\/product_cat?post=235485"},{"taxonomy":"product_tag","embeddable":true,"href":"https:\/\/shop.bantam.ch\/fr\/wp-json\/wp\/v2\/product_tag?post=235485"}],"curies":[{"name":"wp","href":"https:\/\/api.w.org\/{rel}","templated":true}]}}