{"id":235481,"date":"2026-04-01T15:54:15","date_gmt":"2026-04-01T13:54:15","guid":{"rendered":"https:\/\/shop.bantam.ch\/produit\/rain-streak-killer-woshup_-contenu-1-l-avec-etiquette-multilingue-version-ch\/"},"modified":"2026-04-17T23:59:38","modified_gmt":"2026-04-17T21:59:38","slug":"rain-streak-killer-woshup_-contenu-1-l-avec-etiquette-multilingue-version-ch","status":"publish","type":"product","link":"https:\/\/shop.bantam.ch\/fr\/produit\/rain-streak-killer-woshup_-contenu-1-l-avec-etiquette-multilingue-version-ch\/","title":{"rendered":"Rain Streak Killer WOSHUP_ Contenu 1 l avec \u00e9tiquette multilingue Version CH"},"content":{"rendered":"<p data-start=\"0\" data-end=\"225\">Le <span data-start=\"3\" data-end=\"25\">RAIN STREAK KILLER<\/span> \u00e9limine les traces de pluie, les r\u00e9sidus de caoutchouc, les particules fines ainsi que les salissures huileuses et grasses sur les surfaces ext\u00e9rieures. Lui aussi est dot\u00e9 de notre effet XTRA Skin.<\/p>\n<p data-start=\"227\" data-end=\"331\">\u00c9limine les traces de pluie<br data-start=\"254\" data-end=\"257\"><br \/>\nEfficace \u00e9galement contre l\u2019huile et la graisse<br data-start=\"304\" data-end=\"307\"><br \/>\nEffet XTRA Skin unique<\/p>\n<p data-start=\"333\" data-end=\"370\">Flacon avec \u00e9tiquette multilingue :<\/p>\n<\/p>\n<p data-start=\"372\" data-end=\"411\" data-is-last-node=\"\" data-is-only-node=\"\">Allemand<br data-start=\"380\" data-end=\"383\"><br \/>\nAnglais<br data-start=\"390\" data-end=\"393\"><br \/>\nFran\u00e7ais<br data-start=\"401\" data-end=\"404\"><br \/>\nItalien<\/p>\n","protected":false},"excerpt":{"rendered":"<p>Le RAIN STREAK KILLER \u00e9limine les traces de pluie, les r\u00e9sidus de caoutchouc, les particules fines ainsi que les salissures huileuses et grasses sur les surfaces ext\u00e9rieures. Lui aussi est dot\u00e9 de notre effet XTRA Skin. \u00c9limine les traces de pluie Efficace \u00e9galement contre l\u2019huile et la graisse Effet XTRA Skin unique Flacon avec \u00e9tiquette [&hellip;]<\/p>\n","protected":false},"featured_media":235479,"template":"","meta":{"_acf_changed":false},"product_featured_cat":[],"product_brand":[3941],"product_cat":[5091],"product_tag":[],"class_list":{"0":"post-235481","1":"product","2":"type-product","3":"status-publish","4":"has-post-thumbnail","6":"product_brand-woshup","7":"product_cat-detergent-special","9":"first","10":"instock","11":"taxable","12":"shipping-taxable","13":"purchasable","14":"product-type-simple"},"acf":[],"yoast_head":"<!-- This site is optimized with the Yoast SEO plugin v27.4 - https:\/\/yoast.com\/product\/yoast-seo-wordpress\/ -->\n<title>Rain Streak Killer WOSHUP_ Contenu 1 l avec \u00e9tiquette multilingue Version CH - Bantam Wankm\u00fcller SA<\/title>\n<meta name=\"robots\" content=\"index, follow, max-snippet:-1, max-image-preview:large, max-video-preview:-1\" \/>\n<link rel=\"canonical\" href=\"https:\/\/shop.bantam.ch\/fr\/produit\/rain-streak-killer-woshup_-contenu-1-l-avec-etiquette-multilingue-version-ch\/\" \/>\n<meta property=\"og:locale\" content=\"fr_FR\" \/>\n<meta property=\"og:type\" content=\"article\" \/>\n<meta property=\"og:title\" content=\"Rain Streak Killer WOSHUP_ Contenu 1 l avec \u00e9tiquette multilingue Version CH - Bantam Wankm\u00fcller SA\" \/>\n<meta property=\"og:description\" content=\"Le RAIN STREAK KILLER \u00e9limine les traces de pluie, les r\u00e9sidus de caoutchouc, les particules fines ainsi que les salissures huileuses et grasses sur les surfaces ext\u00e9rieures. Lui aussi est dot\u00e9 de notre effet XTRA Skin. \u00c9limine les traces de pluie Efficace \u00e9galement contre l\u2019huile et la graisse Effet XTRA Skin unique Flacon avec \u00e9tiquette [&hellip;]\" \/>\n<meta property=\"og:url\" content=\"https:\/\/shop.bantam.ch\/fr\/produit\/rain-streak-killer-woshup_-contenu-1-l-avec-etiquette-multilingue-version-ch\/\" \/>\n<meta property=\"og:site_name\" content=\"Bantam Wankm\u00fcller SA\" \/>\n<meta property=\"article:modified_time\" content=\"2026-04-17T21:59:38+00:00\" \/>\n<meta property=\"og:image\" content=\"https:\/\/shop.bantam.ch\/wp-content\/uploads\/2026\/04\/Movera-L-9966263100.jpg\" \/>\n\t<meta property=\"og:image:width\" content=\"640\" \/>\n\t<meta property=\"og:image:height\" content=\"640\" \/>\n\t<meta property=\"og:image:type\" content=\"image\/jpeg\" \/>\n<meta name=\"twitter:card\" content=\"summary_large_image\" \/>\n<script type=\"application\/ld+json\" class=\"yoast-schema-graph\">{\"@context\":\"https:\\\/\\\/schema.org\",\"@graph\":[{\"@type\":\"WebPage\",\"@id\":\"https:\\\/\\\/shop.bantam.ch\\\/fr\\\/produit\\\/rain-streak-killer-woshup_-contenu-1-l-avec-etiquette-multilingue-version-ch\\\/\",\"url\":\"https:\\\/\\\/shop.bantam.ch\\\/fr\\\/produit\\\/rain-streak-killer-woshup_-contenu-1-l-avec-etiquette-multilingue-version-ch\\\/\",\"name\":\"Rain Streak Killer WOSHUP_ Contenu 1 l avec \u00e9tiquette multilingue Version CH - Bantam Wankm\u00fcller SA\",\"isPartOf\":{\"@id\":\"https:\\\/\\\/shop.bantam.ch\\\/fr\\\/#website\"},\"primaryImageOfPage\":{\"@id\":\"https:\\\/\\\/shop.bantam.ch\\\/fr\\\/produit\\\/rain-streak-killer-woshup_-contenu-1-l-avec-etiquette-multilingue-version-ch\\\/#primaryimage\"},\"image\":{\"@id\":\"https:\\\/\\\/shop.bantam.ch\\\/fr\\\/produit\\\/rain-streak-killer-woshup_-contenu-1-l-avec-etiquette-multilingue-version-ch\\\/#primaryimage\"},\"thumbnailUrl\":\"https:\\\/\\\/shop.bantam.ch\\\/wp-content\\\/uploads\\\/2026\\\/04\\\/Movera-L-9966263100.jpg\",\"datePublished\":\"2026-04-01T13:54:15+00:00\",\"dateModified\":\"2026-04-17T21:59:38+00:00\",\"breadcrumb\":{\"@id\":\"https:\\\/\\\/shop.bantam.ch\\\/fr\\\/produit\\\/rain-streak-killer-woshup_-contenu-1-l-avec-etiquette-multilingue-version-ch\\\/#breadcrumb\"},\"inLanguage\":\"fr-FR\",\"potentialAction\":[{\"@type\":\"ReadAction\",\"target\":[\"https:\\\/\\\/shop.bantam.ch\\\/fr\\\/produit\\\/rain-streak-killer-woshup_-contenu-1-l-avec-etiquette-multilingue-version-ch\\\/\"]}]},{\"@type\":\"ImageObject\",\"inLanguage\":\"fr-FR\",\"@id\":\"https:\\\/\\\/shop.bantam.ch\\\/fr\\\/produit\\\/rain-streak-killer-woshup_-contenu-1-l-avec-etiquette-multilingue-version-ch\\\/#primaryimage\",\"url\":\"https:\\\/\\\/shop.bantam.ch\\\/wp-content\\\/uploads\\\/2026\\\/04\\\/Movera-L-9966263100.jpg\",\"contentUrl\":\"https:\\\/\\\/shop.bantam.ch\\\/wp-content\\\/uploads\\\/2026\\\/04\\\/Movera-L-9966263100.jpg\",\"width\":640,\"height\":640},{\"@type\":\"BreadcrumbList\",\"@id\":\"https:\\\/\\\/shop.bantam.ch\\\/fr\\\/produit\\\/rain-streak-killer-woshup_-contenu-1-l-avec-etiquette-multilingue-version-ch\\\/#breadcrumb\",\"itemListElement\":[{\"@type\":\"ListItem\",\"position\":1,\"name\":\"Accueil\",\"item\":\"https:\\\/\\\/shop.bantam.ch\\\/fr\\\/\"},{\"@type\":\"ListItem\",\"position\":2,\"name\":\"Boutique\",\"item\":\"https:\\\/\\\/shop.bantam.ch\\\/fr\\\/boutique\\\/\"},{\"@type\":\"ListItem\",\"position\":3,\"name\":\"Rain Streak Killer WOSHUP_ Contenu 1 l avec \u00e9tiquette multilingue Version CH\"}]},{\"@type\":\"WebSite\",\"@id\":\"https:\\\/\\\/shop.bantam.ch\\\/fr\\\/#website\",\"url\":\"https:\\\/\\\/shop.bantam.ch\\\/fr\\\/\",\"name\":\"Bantam Wankm\u00fcller SA\",\"description\":\"\",\"publisher\":{\"@id\":\"https:\\\/\\\/shop.bantam.ch\\\/fr\\\/#organization\"},\"inLanguage\":\"fr-FR\"},{\"@type\":\"Organization\",\"@id\":\"https:\\\/\\\/shop.bantam.ch\\\/fr\\\/#organization\",\"name\":\"Bantam Wankm\u00fcller SA\",\"url\":\"https:\\\/\\\/shop.bantam.ch\\\/fr\\\/\",\"logo\":{\"@type\":\"ImageObject\",\"inLanguage\":\"fr-FR\",\"@id\":\"https:\\\/\\\/shop.bantam.ch\\\/fr\\\/#\\\/schema\\\/logo\\\/image\\\/\",\"url\":\"https:\\\/\\\/shop.bantam.ch\\\/wp-content\\\/uploads\\\/2022\\\/12\\\/bantam-logo.png\",\"contentUrl\":\"https:\\\/\\\/shop.bantam.ch\\\/wp-content\\\/uploads\\\/2022\\\/12\\\/bantam-logo.png\",\"width\":320,\"height\":71,\"caption\":\"Bantam Wankm\u00fcller SA\"},\"image\":{\"@id\":\"https:\\\/\\\/shop.bantam.ch\\\/fr\\\/#\\\/schema\\\/logo\\\/image\\\/\"}}]}<\/script>\n<!-- \/ Yoast SEO plugin. -->","yoast_head_json":{"title":"Rain Streak Killer WOSHUP_ Contenu 1 l avec \u00e9tiquette multilingue Version CH - Bantam Wankm\u00fcller SA","robots":{"index":"index","follow":"follow","max-snippet":"max-snippet:-1","max-image-preview":"max-image-preview:large","max-video-preview":"max-video-preview:-1"},"canonical":"https:\/\/shop.bantam.ch\/fr\/produit\/rain-streak-killer-woshup_-contenu-1-l-avec-etiquette-multilingue-version-ch\/","og_locale":"fr_FR","og_type":"article","og_title":"Rain Streak Killer WOSHUP_ Contenu 1 l avec \u00e9tiquette multilingue Version CH - Bantam Wankm\u00fcller SA","og_description":"Le RAIN STREAK KILLER \u00e9limine les traces de pluie, les r\u00e9sidus de caoutchouc, les particules fines ainsi que les salissures huileuses et grasses sur les surfaces ext\u00e9rieures. Lui aussi est dot\u00e9 de notre effet XTRA Skin. \u00c9limine les traces de pluie Efficace \u00e9galement contre l\u2019huile et la graisse Effet XTRA Skin unique Flacon avec \u00e9tiquette [&hellip;]","og_url":"https:\/\/shop.bantam.ch\/fr\/produit\/rain-streak-killer-woshup_-contenu-1-l-avec-etiquette-multilingue-version-ch\/","og_site_name":"Bantam Wankm\u00fcller SA","article_modified_time":"2026-04-17T21:59:38+00:00","og_image":[{"width":640,"height":640,"url":"https:\/\/shop.bantam.ch\/wp-content\/uploads\/2026\/04\/Movera-L-9966263100.jpg","type":"image\/jpeg"}],"twitter_card":"summary_large_image","schema":{"@context":"https:\/\/schema.org","@graph":[{"@type":"WebPage","@id":"https:\/\/shop.bantam.ch\/fr\/produit\/rain-streak-killer-woshup_-contenu-1-l-avec-etiquette-multilingue-version-ch\/","url":"https:\/\/shop.bantam.ch\/fr\/produit\/rain-streak-killer-woshup_-contenu-1-l-avec-etiquette-multilingue-version-ch\/","name":"Rain Streak Killer WOSHUP_ Contenu 1 l avec \u00e9tiquette multilingue Version CH - Bantam Wankm\u00fcller SA","isPartOf":{"@id":"https:\/\/shop.bantam.ch\/fr\/#website"},"primaryImageOfPage":{"@id":"https:\/\/shop.bantam.ch\/fr\/produit\/rain-streak-killer-woshup_-contenu-1-l-avec-etiquette-multilingue-version-ch\/#primaryimage"},"image":{"@id":"https:\/\/shop.bantam.ch\/fr\/produit\/rain-streak-killer-woshup_-contenu-1-l-avec-etiquette-multilingue-version-ch\/#primaryimage"},"thumbnailUrl":"https:\/\/shop.bantam.ch\/wp-content\/uploads\/2026\/04\/Movera-L-9966263100.jpg","datePublished":"2026-04-01T13:54:15+00:00","dateModified":"2026-04-17T21:59:38+00:00","breadcrumb":{"@id":"https:\/\/shop.bantam.ch\/fr\/produit\/rain-streak-killer-woshup_-contenu-1-l-avec-etiquette-multilingue-version-ch\/#breadcrumb"},"inLanguage":"fr-FR","potentialAction":[{"@type":"ReadAction","target":["https:\/\/shop.bantam.ch\/fr\/produit\/rain-streak-killer-woshup_-contenu-1-l-avec-etiquette-multilingue-version-ch\/"]}]},{"@type":"ImageObject","inLanguage":"fr-FR","@id":"https:\/\/shop.bantam.ch\/fr\/produit\/rain-streak-killer-woshup_-contenu-1-l-avec-etiquette-multilingue-version-ch\/#primaryimage","url":"https:\/\/shop.bantam.ch\/wp-content\/uploads\/2026\/04\/Movera-L-9966263100.jpg","contentUrl":"https:\/\/shop.bantam.ch\/wp-content\/uploads\/2026\/04\/Movera-L-9966263100.jpg","width":640,"height":640},{"@type":"BreadcrumbList","@id":"https:\/\/shop.bantam.ch\/fr\/produit\/rain-streak-killer-woshup_-contenu-1-l-avec-etiquette-multilingue-version-ch\/#breadcrumb","itemListElement":[{"@type":"ListItem","position":1,"name":"Accueil","item":"https:\/\/shop.bantam.ch\/fr\/"},{"@type":"ListItem","position":2,"name":"Boutique","item":"https:\/\/shop.bantam.ch\/fr\/boutique\/"},{"@type":"ListItem","position":3,"name":"Rain Streak Killer WOSHUP_ Contenu 1 l avec \u00e9tiquette multilingue Version CH"}]},{"@type":"WebSite","@id":"https:\/\/shop.bantam.ch\/fr\/#website","url":"https:\/\/shop.bantam.ch\/fr\/","name":"Bantam Wankm\u00fcller SA","description":"","publisher":{"@id":"https:\/\/shop.bantam.ch\/fr\/#organization"},"inLanguage":"fr-FR"},{"@type":"Organization","@id":"https:\/\/shop.bantam.ch\/fr\/#organization","name":"Bantam Wankm\u00fcller SA","url":"https:\/\/shop.bantam.ch\/fr\/","logo":{"@type":"ImageObject","inLanguage":"fr-FR","@id":"https:\/\/shop.bantam.ch\/fr\/#\/schema\/logo\/image\/","url":"https:\/\/shop.bantam.ch\/wp-content\/uploads\/2022\/12\/bantam-logo.png","contentUrl":"https:\/\/shop.bantam.ch\/wp-content\/uploads\/2022\/12\/bantam-logo.png","width":320,"height":71,"caption":"Bantam Wankm\u00fcller SA"},"image":{"@id":"https:\/\/shop.bantam.ch\/fr\/#\/schema\/logo\/image\/"}}]}},"_links":{"self":[{"href":"https:\/\/shop.bantam.ch\/fr\/wp-json\/wp\/v2\/product\/235481","targetHints":{"allow":["GET"]}}],"collection":[{"href":"https:\/\/shop.bantam.ch\/fr\/wp-json\/wp\/v2\/product"}],"about":[{"href":"https:\/\/shop.bantam.ch\/fr\/wp-json\/wp\/v2\/types\/product"}],"wp:featuredmedia":[{"embeddable":true,"href":"https:\/\/shop.bantam.ch\/fr\/wp-json\/wp\/v2\/media\/235479"}],"wp:attachment":[{"href":"https:\/\/shop.bantam.ch\/fr\/wp-json\/wp\/v2\/media?parent=235481"}],"wp:term":[{"taxonomy":"product_featured_cat","embeddable":true,"href":"https:\/\/shop.bantam.ch\/fr\/wp-json\/wp\/v2\/product_featured_cat?post=235481"},{"taxonomy":"product_brand","embeddable":true,"href":"https:\/\/shop.bantam.ch\/fr\/wp-json\/wp\/v2\/product_brand?post=235481"},{"taxonomy":"product_cat","embeddable":true,"href":"https:\/\/shop.bantam.ch\/fr\/wp-json\/wp\/v2\/product_cat?post=235481"},{"taxonomy":"product_tag","embeddable":true,"href":"https:\/\/shop.bantam.ch\/fr\/wp-json\/wp\/v2\/product_tag?post=235481"}],"curies":[{"name":"wp","href":"https:\/\/api.w.org\/{rel}","templated":true}]}}