{"id":235473,"date":"2026-04-01T15:50:59","date_gmt":"2026-04-01T13:50:59","guid":{"rendered":"https:\/\/shop.bantam.ch\/produit\/nettoyant-exterieur-tout-en-un-concentre-woshup-_-contenu-1-l-multilabel-version-ch\/"},"modified":"2026-04-17T23:59:37","modified_gmt":"2026-04-17T21:59:37","slug":"nettoyant-exterieur-tout-en-un-concentre-woshup-_-contenu-1-l-multilabel-version-ch","status":"publish","type":"product","link":"https:\/\/shop.bantam.ch\/fr\/produit\/nettoyant-exterieur-tout-en-un-concentre-woshup-_-contenu-1-l-multilabel-version-ch\/","title":{"rendered":"Nettoyant ext\u00e9rieur tout-en-un Concentr\u00e9 WOSHUP _ Contenu 1 l Multilabel, version CH"},"content":{"rendered":"<p data-start=\"0\" data-end=\"184\">Salut, je suis ton nettoyant sp\u00e9cial ext\u00e9rieur pour camping-car et je me r\u00e9jouis d\u00e9j\u00e0 de partir en vacances avec toi. J\u2019adore la fa\u00e7on dont tu parcours la nature avec d\u00e9contraction !<\/p>\n<p data-start=\"186\" data-end=\"463\">Pour que tu puisses te concentrer pleinement sur les bons moments, je m\u2019occupe du sale boulot \u00e0 ta place. Je suis ton indispensable pour le nettoyage ext\u00e9rieur. Ton arm\u00e9e \u00e0 toi seul contre la salet\u00e9. Le meilleur que tu puisses appliquer sur la carrosserie de ton camping-car.<\/p>\n<p data-start=\"465\" data-end=\"665\">Gr\u00e2ce \u00e0 l\u2019effet unique Xtra Skin, un fin film protecteur reste sur ton v\u00e9hicule apr\u00e8s le lavage. Il permet \u00e0 la salet\u00e9 de perler et rend le prochain nettoyage plus facile et nettement plus efficace.<\/p>\n<p data-start=\"667\" data-end=\"705\">Article avec \u00e9tiquette multilingue :<\/p>\n<\/p>\n<p data-start=\"707\" data-end=\"748\" data-is-only-node=\"\">Allemand<br data-start=\"715\" data-end=\"718\"><br \/>\nAnglais<br data-start=\"725\" data-end=\"728\"><br \/>\nFran\u00e7ais<br data-start=\"736\" data-end=\"739\"><br \/>\nItalien<\/p>\n","protected":false},"excerpt":{"rendered":"<p>Salut, je suis ton nettoyant sp\u00e9cial ext\u00e9rieur pour camping-car et je me r\u00e9jouis d\u00e9j\u00e0 de partir en vacances avec toi. J\u2019adore la fa\u00e7on dont tu parcours la nature avec d\u00e9contraction ! Pour que tu puisses te concentrer pleinement sur les bons moments, je m\u2019occupe du sale boulot \u00e0 ta place. Je suis ton indispensable pour [&hellip;]<\/p>\n","protected":false},"featured_media":235471,"template":"","meta":{"_acf_changed":false},"product_featured_cat":[],"product_brand":[3941],"product_cat":[5091],"product_tag":[],"class_list":{"0":"post-235473","1":"product","2":"type-product","3":"status-publish","4":"has-post-thumbnail","6":"product_brand-woshup","7":"product_cat-detergent-special","9":"first","10":"instock","11":"taxable","12":"shipping-taxable","13":"purchasable","14":"product-type-simple"},"acf":[],"yoast_head":"<!-- This site is optimized with the Yoast SEO plugin v27.4 - https:\/\/yoast.com\/product\/yoast-seo-wordpress\/ -->\n<title>Nettoyant ext\u00e9rieur tout-en-un Concentr\u00e9 WOSHUP _ Contenu 1 l Multilabel, version CH - Bantam Wankm\u00fcller SA<\/title>\n<meta name=\"robots\" content=\"index, follow, max-snippet:-1, max-image-preview:large, max-video-preview:-1\" \/>\n<link rel=\"canonical\" href=\"https:\/\/shop.bantam.ch\/fr\/produit\/nettoyant-exterieur-tout-en-un-concentre-woshup-_-contenu-1-l-multilabel-version-ch\/\" \/>\n<meta property=\"og:locale\" content=\"fr_FR\" \/>\n<meta property=\"og:type\" content=\"article\" \/>\n<meta property=\"og:title\" content=\"Nettoyant ext\u00e9rieur tout-en-un Concentr\u00e9 WOSHUP _ Contenu 1 l Multilabel, version CH - Bantam Wankm\u00fcller SA\" \/>\n<meta property=\"og:description\" content=\"Salut, je suis ton nettoyant sp\u00e9cial ext\u00e9rieur pour camping-car et je me r\u00e9jouis d\u00e9j\u00e0 de partir en vacances avec toi. J\u2019adore la fa\u00e7on dont tu parcours la nature avec d\u00e9contraction ! Pour que tu puisses te concentrer pleinement sur les bons moments, je m\u2019occupe du sale boulot \u00e0 ta place. Je suis ton indispensable pour [&hellip;]\" \/>\n<meta property=\"og:url\" content=\"https:\/\/shop.bantam.ch\/fr\/produit\/nettoyant-exterieur-tout-en-un-concentre-woshup-_-contenu-1-l-multilabel-version-ch\/\" \/>\n<meta property=\"og:site_name\" content=\"Bantam Wankm\u00fcller SA\" \/>\n<meta property=\"article:modified_time\" content=\"2026-04-17T21:59:37+00:00\" \/>\n<meta property=\"og:image\" content=\"https:\/\/shop.bantam.ch\/wp-content\/uploads\/2026\/04\/Movera-L-9949108100.jpg\" \/>\n\t<meta property=\"og:image:width\" content=\"298\" \/>\n\t<meta property=\"og:image:height\" content=\"1000\" \/>\n\t<meta property=\"og:image:type\" content=\"image\/jpeg\" \/>\n<meta name=\"twitter:card\" content=\"summary_large_image\" \/>\n<meta name=\"twitter:label1\" content=\"Dur\u00e9e de lecture estim\u00e9e\" \/>\n\t<meta name=\"twitter:data1\" content=\"1 minute\" \/>\n<script type=\"application\/ld+json\" class=\"yoast-schema-graph\">{\"@context\":\"https:\\\/\\\/schema.org\",\"@graph\":[{\"@type\":\"WebPage\",\"@id\":\"https:\\\/\\\/shop.bantam.ch\\\/fr\\\/produit\\\/nettoyant-exterieur-tout-en-un-concentre-woshup-_-contenu-1-l-multilabel-version-ch\\\/\",\"url\":\"https:\\\/\\\/shop.bantam.ch\\\/fr\\\/produit\\\/nettoyant-exterieur-tout-en-un-concentre-woshup-_-contenu-1-l-multilabel-version-ch\\\/\",\"name\":\"Nettoyant ext\u00e9rieur tout-en-un Concentr\u00e9 WOSHUP _ Contenu 1 l Multilabel, version CH - Bantam Wankm\u00fcller SA\",\"isPartOf\":{\"@id\":\"https:\\\/\\\/shop.bantam.ch\\\/fr\\\/#website\"},\"primaryImageOfPage\":{\"@id\":\"https:\\\/\\\/shop.bantam.ch\\\/fr\\\/produit\\\/nettoyant-exterieur-tout-en-un-concentre-woshup-_-contenu-1-l-multilabel-version-ch\\\/#primaryimage\"},\"image\":{\"@id\":\"https:\\\/\\\/shop.bantam.ch\\\/fr\\\/produit\\\/nettoyant-exterieur-tout-en-un-concentre-woshup-_-contenu-1-l-multilabel-version-ch\\\/#primaryimage\"},\"thumbnailUrl\":\"https:\\\/\\\/shop.bantam.ch\\\/wp-content\\\/uploads\\\/2026\\\/04\\\/Movera-L-9949108100.jpg\",\"datePublished\":\"2026-04-01T13:50:59+00:00\",\"dateModified\":\"2026-04-17T21:59:37+00:00\",\"breadcrumb\":{\"@id\":\"https:\\\/\\\/shop.bantam.ch\\\/fr\\\/produit\\\/nettoyant-exterieur-tout-en-un-concentre-woshup-_-contenu-1-l-multilabel-version-ch\\\/#breadcrumb\"},\"inLanguage\":\"fr-FR\",\"potentialAction\":[{\"@type\":\"ReadAction\",\"target\":[\"https:\\\/\\\/shop.bantam.ch\\\/fr\\\/produit\\\/nettoyant-exterieur-tout-en-un-concentre-woshup-_-contenu-1-l-multilabel-version-ch\\\/\"]}]},{\"@type\":\"ImageObject\",\"inLanguage\":\"fr-FR\",\"@id\":\"https:\\\/\\\/shop.bantam.ch\\\/fr\\\/produit\\\/nettoyant-exterieur-tout-en-un-concentre-woshup-_-contenu-1-l-multilabel-version-ch\\\/#primaryimage\",\"url\":\"https:\\\/\\\/shop.bantam.ch\\\/wp-content\\\/uploads\\\/2026\\\/04\\\/Movera-L-9949108100.jpg\",\"contentUrl\":\"https:\\\/\\\/shop.bantam.ch\\\/wp-content\\\/uploads\\\/2026\\\/04\\\/Movera-L-9949108100.jpg\",\"width\":298,\"height\":1000},{\"@type\":\"BreadcrumbList\",\"@id\":\"https:\\\/\\\/shop.bantam.ch\\\/fr\\\/produit\\\/nettoyant-exterieur-tout-en-un-concentre-woshup-_-contenu-1-l-multilabel-version-ch\\\/#breadcrumb\",\"itemListElement\":[{\"@type\":\"ListItem\",\"position\":1,\"name\":\"Accueil\",\"item\":\"https:\\\/\\\/shop.bantam.ch\\\/fr\\\/\"},{\"@type\":\"ListItem\",\"position\":2,\"name\":\"Boutique\",\"item\":\"https:\\\/\\\/shop.bantam.ch\\\/fr\\\/boutique\\\/\"},{\"@type\":\"ListItem\",\"position\":3,\"name\":\"Nettoyant ext\u00e9rieur tout-en-un Concentr\u00e9 WOSHUP _ Contenu 1 l Multilabel, version CH\"}]},{\"@type\":\"WebSite\",\"@id\":\"https:\\\/\\\/shop.bantam.ch\\\/fr\\\/#website\",\"url\":\"https:\\\/\\\/shop.bantam.ch\\\/fr\\\/\",\"name\":\"Bantam Wankm\u00fcller SA\",\"description\":\"\",\"publisher\":{\"@id\":\"https:\\\/\\\/shop.bantam.ch\\\/fr\\\/#organization\"},\"inLanguage\":\"fr-FR\"},{\"@type\":\"Organization\",\"@id\":\"https:\\\/\\\/shop.bantam.ch\\\/fr\\\/#organization\",\"name\":\"Bantam Wankm\u00fcller SA\",\"url\":\"https:\\\/\\\/shop.bantam.ch\\\/fr\\\/\",\"logo\":{\"@type\":\"ImageObject\",\"inLanguage\":\"fr-FR\",\"@id\":\"https:\\\/\\\/shop.bantam.ch\\\/fr\\\/#\\\/schema\\\/logo\\\/image\\\/\",\"url\":\"https:\\\/\\\/shop.bantam.ch\\\/wp-content\\\/uploads\\\/2022\\\/12\\\/bantam-logo.png\",\"contentUrl\":\"https:\\\/\\\/shop.bantam.ch\\\/wp-content\\\/uploads\\\/2022\\\/12\\\/bantam-logo.png\",\"width\":320,\"height\":71,\"caption\":\"Bantam Wankm\u00fcller SA\"},\"image\":{\"@id\":\"https:\\\/\\\/shop.bantam.ch\\\/fr\\\/#\\\/schema\\\/logo\\\/image\\\/\"}}]}<\/script>\n<!-- \/ Yoast SEO plugin. -->","yoast_head_json":{"title":"Nettoyant ext\u00e9rieur tout-en-un Concentr\u00e9 WOSHUP _ Contenu 1 l Multilabel, version CH - Bantam Wankm\u00fcller SA","robots":{"index":"index","follow":"follow","max-snippet":"max-snippet:-1","max-image-preview":"max-image-preview:large","max-video-preview":"max-video-preview:-1"},"canonical":"https:\/\/shop.bantam.ch\/fr\/produit\/nettoyant-exterieur-tout-en-un-concentre-woshup-_-contenu-1-l-multilabel-version-ch\/","og_locale":"fr_FR","og_type":"article","og_title":"Nettoyant ext\u00e9rieur tout-en-un Concentr\u00e9 WOSHUP _ Contenu 1 l Multilabel, version CH - Bantam Wankm\u00fcller SA","og_description":"Salut, je suis ton nettoyant sp\u00e9cial ext\u00e9rieur pour camping-car et je me r\u00e9jouis d\u00e9j\u00e0 de partir en vacances avec toi. J\u2019adore la fa\u00e7on dont tu parcours la nature avec d\u00e9contraction ! Pour que tu puisses te concentrer pleinement sur les bons moments, je m\u2019occupe du sale boulot \u00e0 ta place. Je suis ton indispensable pour [&hellip;]","og_url":"https:\/\/shop.bantam.ch\/fr\/produit\/nettoyant-exterieur-tout-en-un-concentre-woshup-_-contenu-1-l-multilabel-version-ch\/","og_site_name":"Bantam Wankm\u00fcller SA","article_modified_time":"2026-04-17T21:59:37+00:00","og_image":[{"width":298,"height":1000,"url":"https:\/\/shop.bantam.ch\/wp-content\/uploads\/2026\/04\/Movera-L-9949108100.jpg","type":"image\/jpeg"}],"twitter_card":"summary_large_image","twitter_misc":{"Dur\u00e9e de lecture estim\u00e9e":"1 minute"},"schema":{"@context":"https:\/\/schema.org","@graph":[{"@type":"WebPage","@id":"https:\/\/shop.bantam.ch\/fr\/produit\/nettoyant-exterieur-tout-en-un-concentre-woshup-_-contenu-1-l-multilabel-version-ch\/","url":"https:\/\/shop.bantam.ch\/fr\/produit\/nettoyant-exterieur-tout-en-un-concentre-woshup-_-contenu-1-l-multilabel-version-ch\/","name":"Nettoyant ext\u00e9rieur tout-en-un Concentr\u00e9 WOSHUP _ Contenu 1 l Multilabel, version CH - Bantam Wankm\u00fcller SA","isPartOf":{"@id":"https:\/\/shop.bantam.ch\/fr\/#website"},"primaryImageOfPage":{"@id":"https:\/\/shop.bantam.ch\/fr\/produit\/nettoyant-exterieur-tout-en-un-concentre-woshup-_-contenu-1-l-multilabel-version-ch\/#primaryimage"},"image":{"@id":"https:\/\/shop.bantam.ch\/fr\/produit\/nettoyant-exterieur-tout-en-un-concentre-woshup-_-contenu-1-l-multilabel-version-ch\/#primaryimage"},"thumbnailUrl":"https:\/\/shop.bantam.ch\/wp-content\/uploads\/2026\/04\/Movera-L-9949108100.jpg","datePublished":"2026-04-01T13:50:59+00:00","dateModified":"2026-04-17T21:59:37+00:00","breadcrumb":{"@id":"https:\/\/shop.bantam.ch\/fr\/produit\/nettoyant-exterieur-tout-en-un-concentre-woshup-_-contenu-1-l-multilabel-version-ch\/#breadcrumb"},"inLanguage":"fr-FR","potentialAction":[{"@type":"ReadAction","target":["https:\/\/shop.bantam.ch\/fr\/produit\/nettoyant-exterieur-tout-en-un-concentre-woshup-_-contenu-1-l-multilabel-version-ch\/"]}]},{"@type":"ImageObject","inLanguage":"fr-FR","@id":"https:\/\/shop.bantam.ch\/fr\/produit\/nettoyant-exterieur-tout-en-un-concentre-woshup-_-contenu-1-l-multilabel-version-ch\/#primaryimage","url":"https:\/\/shop.bantam.ch\/wp-content\/uploads\/2026\/04\/Movera-L-9949108100.jpg","contentUrl":"https:\/\/shop.bantam.ch\/wp-content\/uploads\/2026\/04\/Movera-L-9949108100.jpg","width":298,"height":1000},{"@type":"BreadcrumbList","@id":"https:\/\/shop.bantam.ch\/fr\/produit\/nettoyant-exterieur-tout-en-un-concentre-woshup-_-contenu-1-l-multilabel-version-ch\/#breadcrumb","itemListElement":[{"@type":"ListItem","position":1,"name":"Accueil","item":"https:\/\/shop.bantam.ch\/fr\/"},{"@type":"ListItem","position":2,"name":"Boutique","item":"https:\/\/shop.bantam.ch\/fr\/boutique\/"},{"@type":"ListItem","position":3,"name":"Nettoyant ext\u00e9rieur tout-en-un Concentr\u00e9 WOSHUP _ Contenu 1 l Multilabel, version CH"}]},{"@type":"WebSite","@id":"https:\/\/shop.bantam.ch\/fr\/#website","url":"https:\/\/shop.bantam.ch\/fr\/","name":"Bantam Wankm\u00fcller SA","description":"","publisher":{"@id":"https:\/\/shop.bantam.ch\/fr\/#organization"},"inLanguage":"fr-FR"},{"@type":"Organization","@id":"https:\/\/shop.bantam.ch\/fr\/#organization","name":"Bantam Wankm\u00fcller SA","url":"https:\/\/shop.bantam.ch\/fr\/","logo":{"@type":"ImageObject","inLanguage":"fr-FR","@id":"https:\/\/shop.bantam.ch\/fr\/#\/schema\/logo\/image\/","url":"https:\/\/shop.bantam.ch\/wp-content\/uploads\/2022\/12\/bantam-logo.png","contentUrl":"https:\/\/shop.bantam.ch\/wp-content\/uploads\/2022\/12\/bantam-logo.png","width":320,"height":71,"caption":"Bantam Wankm\u00fcller SA"},"image":{"@id":"https:\/\/shop.bantam.ch\/fr\/#\/schema\/logo\/image\/"}}]}},"_links":{"self":[{"href":"https:\/\/shop.bantam.ch\/fr\/wp-json\/wp\/v2\/product\/235473","targetHints":{"allow":["GET"]}}],"collection":[{"href":"https:\/\/shop.bantam.ch\/fr\/wp-json\/wp\/v2\/product"}],"about":[{"href":"https:\/\/shop.bantam.ch\/fr\/wp-json\/wp\/v2\/types\/product"}],"wp:featuredmedia":[{"embeddable":true,"href":"https:\/\/shop.bantam.ch\/fr\/wp-json\/wp\/v2\/media\/235471"}],"wp:attachment":[{"href":"https:\/\/shop.bantam.ch\/fr\/wp-json\/wp\/v2\/media?parent=235473"}],"wp:term":[{"taxonomy":"product_featured_cat","embeddable":true,"href":"https:\/\/shop.bantam.ch\/fr\/wp-json\/wp\/v2\/product_featured_cat?post=235473"},{"taxonomy":"product_brand","embeddable":true,"href":"https:\/\/shop.bantam.ch\/fr\/wp-json\/wp\/v2\/product_brand?post=235473"},{"taxonomy":"product_cat","embeddable":true,"href":"https:\/\/shop.bantam.ch\/fr\/wp-json\/wp\/v2\/product_cat?post=235473"},{"taxonomy":"product_tag","embeddable":true,"href":"https:\/\/shop.bantam.ch\/fr\/wp-json\/wp\/v2\/product_tag?post=235473"}],"curies":[{"name":"wp","href":"https:\/\/api.w.org\/{rel}","templated":true}]}}