{"id":235464,"date":"2026-04-01T11:30:57","date_gmt":"2026-04-01T09:30:57","guid":{"rendered":"https:\/\/shop.bantam.ch\/produit\/kummerlyfrey-carte-de-randonnee-n-8-neuchatel-160-000-160000\/"},"modified":"2026-04-17T23:59:32","modified_gmt":"2026-04-17T21:59:32","slug":"kummerlyfrey-carte-de-randonnee-n-8-neuchatel-160-000-160000","status":"publish","type":"product","link":"https:\/\/shop.bantam.ch\/fr\/produit\/kummerlyfrey-carte-de-randonnee-n-8-neuchatel-160-000-160000\/","title":{"rendered":"K\u00fcmmerly+Frey &#8211; Carte de randonn\u00e9e n\u00b0 8 Neuch\u00e2tel 1:60.000. 1:60&rsquo;000"},"content":{"rendered":"<p>Randonn\u00e9e en Suisse. En collaboration avec les organisations cantonales et locales de chemins de randonn\u00e9e, K\u00fcmmerly+Frey a cr\u00e9\u00e9 une s\u00e9rie de cartes couvrant toute la Suisse. 33 feuilles, dont la plupart \u00e0 l\u2019\u00e9chelle \u00ab\u202fid\u00e9ale\u202f\u00bb de 1:60 000, parcourent les plus belles r\u00e9gions de randonn\u00e9e et d\u2019excursion du pays. Les itin\u00e9raires sont class\u00e9s en \u00ab\u202fsentier de randonn\u00e9e\u202f\u00bb, \u00ab\u202fsentier de montagne\u202f\u00bb et \u00ab\u202fitin\u00e9raire alpin\u00bb. Chaque carte contient des informations utiles : h\u00e9bergement, restauration, sport et loisirs. Avec index et carte d\u2019acc\u00e8s de la r\u00e9gion. Carte r\u00e9sistante \u00e0 l\u2019eau et aux d\u00e9chirures.<\/p>\n","protected":false},"excerpt":{"rendered":"<p>Randonn\u00e9e en Suisse. En collaboration avec les organisations cantonales et locales de chemins de randonn\u00e9e, K\u00fcmmerly+Frey a cr\u00e9\u00e9 une s\u00e9rie de cartes couvrant toute la Suisse. 33 feuilles, dont la plupart \u00e0 l\u2019\u00e9chelle \u00ab\u202fid\u00e9ale\u202f\u00bb de 1:60 000, parcourent les plus belles r\u00e9gions de randonn\u00e9e et d\u2019excursion du pays. Les itin\u00e9raires sont class\u00e9s en \u00ab\u202fsentier de [&hellip;]<\/p>\n","protected":false},"featured_media":235462,"template":"","meta":{"_acf_changed":false},"product_featured_cat":[],"product_brand":[3692],"product_cat":[4351],"product_tag":[],"class_list":{"0":"post-235464","1":"product","2":"type-product","3":"status-publish","4":"has-post-thumbnail","6":"product_brand-kummerly-frey","7":"product_cat-guides-de-voyage","9":"first","10":"instock","11":"taxable","12":"shipping-taxable","13":"purchasable","14":"product-type-simple"},"acf":[],"yoast_head":"<!-- This site is optimized with the Yoast SEO plugin v27.4 - https:\/\/yoast.com\/product\/yoast-seo-wordpress\/ -->\n<title>K\u00fcmmerly+Frey - Carte de randonn\u00e9e n\u00b0 8 Neuch\u00e2tel 1:60.000. 1:60&#039;000 - Bantam Wankm\u00fcller SA<\/title>\n<meta name=\"robots\" content=\"index, follow, max-snippet:-1, max-image-preview:large, max-video-preview:-1\" \/>\n<link rel=\"canonical\" href=\"https:\/\/shop.bantam.ch\/fr\/produit\/kummerlyfrey-carte-de-randonnee-n-8-neuchatel-160-000-160000\/\" \/>\n<meta property=\"og:locale\" content=\"fr_FR\" \/>\n<meta property=\"og:type\" content=\"article\" \/>\n<meta property=\"og:title\" content=\"K\u00fcmmerly+Frey - Carte de randonn\u00e9e n\u00b0 8 Neuch\u00e2tel 1:60.000. 1:60&#039;000 - Bantam Wankm\u00fcller SA\" \/>\n<meta property=\"og:description\" content=\"Randonn\u00e9e en Suisse. En collaboration avec les organisations cantonales et locales de chemins de randonn\u00e9e, K\u00fcmmerly+Frey a cr\u00e9\u00e9 une s\u00e9rie de cartes couvrant toute la Suisse. 33 feuilles, dont la plupart \u00e0 l\u2019\u00e9chelle \u00ab\u202fid\u00e9ale\u202f\u00bb de 1:60 000, parcourent les plus belles r\u00e9gions de randonn\u00e9e et d\u2019excursion du pays. Les itin\u00e9raires sont class\u00e9s en \u00ab\u202fsentier de [&hellip;]\" \/>\n<meta property=\"og:url\" content=\"https:\/\/shop.bantam.ch\/fr\/produit\/kummerlyfrey-carte-de-randonnee-n-8-neuchatel-160-000-160000\/\" \/>\n<meta property=\"og:site_name\" content=\"Bantam Wankm\u00fcller SA\" \/>\n<meta property=\"article:modified_time\" content=\"2026-04-17T21:59:32+00:00\" \/>\n<meta property=\"og:image\" content=\"https:\/\/shop.bantam.ch\/wp-content\/uploads\/2026\/04\/76326046.jpg\" \/>\n\t<meta property=\"og:image:width\" content=\"110\" \/>\n\t<meta property=\"og:image:height\" content=\"180\" \/>\n\t<meta property=\"og:image:type\" content=\"image\/jpeg\" \/>\n<meta name=\"twitter:card\" content=\"summary_large_image\" \/>\n<meta name=\"twitter:label1\" content=\"Dur\u00e9e de lecture estim\u00e9e\" \/>\n\t<meta name=\"twitter:data1\" content=\"1 minute\" \/>\n<script type=\"application\/ld+json\" class=\"yoast-schema-graph\">{\"@context\":\"https:\\\/\\\/schema.org\",\"@graph\":[{\"@type\":\"WebPage\",\"@id\":\"https:\\\/\\\/shop.bantam.ch\\\/fr\\\/produit\\\/kummerlyfrey-carte-de-randonnee-n-8-neuchatel-160-000-160000\\\/\",\"url\":\"https:\\\/\\\/shop.bantam.ch\\\/fr\\\/produit\\\/kummerlyfrey-carte-de-randonnee-n-8-neuchatel-160-000-160000\\\/\",\"name\":\"K\u00fcmmerly+Frey - Carte de randonn\u00e9e n\u00b0 8 Neuch\u00e2tel 1:60.000. 1:60'000 - Bantam Wankm\u00fcller SA\",\"isPartOf\":{\"@id\":\"https:\\\/\\\/shop.bantam.ch\\\/fr\\\/#website\"},\"primaryImageOfPage\":{\"@id\":\"https:\\\/\\\/shop.bantam.ch\\\/fr\\\/produit\\\/kummerlyfrey-carte-de-randonnee-n-8-neuchatel-160-000-160000\\\/#primaryimage\"},\"image\":{\"@id\":\"https:\\\/\\\/shop.bantam.ch\\\/fr\\\/produit\\\/kummerlyfrey-carte-de-randonnee-n-8-neuchatel-160-000-160000\\\/#primaryimage\"},\"thumbnailUrl\":\"https:\\\/\\\/shop.bantam.ch\\\/wp-content\\\/uploads\\\/2026\\\/04\\\/76326046.jpg\",\"datePublished\":\"2026-04-01T09:30:57+00:00\",\"dateModified\":\"2026-04-17T21:59:32+00:00\",\"breadcrumb\":{\"@id\":\"https:\\\/\\\/shop.bantam.ch\\\/fr\\\/produit\\\/kummerlyfrey-carte-de-randonnee-n-8-neuchatel-160-000-160000\\\/#breadcrumb\"},\"inLanguage\":\"fr-FR\",\"potentialAction\":[{\"@type\":\"ReadAction\",\"target\":[\"https:\\\/\\\/shop.bantam.ch\\\/fr\\\/produit\\\/kummerlyfrey-carte-de-randonnee-n-8-neuchatel-160-000-160000\\\/\"]}]},{\"@type\":\"ImageObject\",\"inLanguage\":\"fr-FR\",\"@id\":\"https:\\\/\\\/shop.bantam.ch\\\/fr\\\/produit\\\/kummerlyfrey-carte-de-randonnee-n-8-neuchatel-160-000-160000\\\/#primaryimage\",\"url\":\"https:\\\/\\\/shop.bantam.ch\\\/wp-content\\\/uploads\\\/2026\\\/04\\\/76326046.jpg\",\"contentUrl\":\"https:\\\/\\\/shop.bantam.ch\\\/wp-content\\\/uploads\\\/2026\\\/04\\\/76326046.jpg\",\"width\":110,\"height\":180},{\"@type\":\"BreadcrumbList\",\"@id\":\"https:\\\/\\\/shop.bantam.ch\\\/fr\\\/produit\\\/kummerlyfrey-carte-de-randonnee-n-8-neuchatel-160-000-160000\\\/#breadcrumb\",\"itemListElement\":[{\"@type\":\"ListItem\",\"position\":1,\"name\":\"Accueil\",\"item\":\"https:\\\/\\\/shop.bantam.ch\\\/fr\\\/\"},{\"@type\":\"ListItem\",\"position\":2,\"name\":\"Boutique\",\"item\":\"https:\\\/\\\/shop.bantam.ch\\\/fr\\\/boutique\\\/\"},{\"@type\":\"ListItem\",\"position\":3,\"name\":\"K\u00fcmmerly+Frey &#8211; Carte de randonn\u00e9e n\u00b0 8 Neuch\u00e2tel 1:60.000. 1:60&rsquo;000\"}]},{\"@type\":\"WebSite\",\"@id\":\"https:\\\/\\\/shop.bantam.ch\\\/fr\\\/#website\",\"url\":\"https:\\\/\\\/shop.bantam.ch\\\/fr\\\/\",\"name\":\"Bantam Wankm\u00fcller SA\",\"description\":\"\",\"publisher\":{\"@id\":\"https:\\\/\\\/shop.bantam.ch\\\/fr\\\/#organization\"},\"inLanguage\":\"fr-FR\"},{\"@type\":\"Organization\",\"@id\":\"https:\\\/\\\/shop.bantam.ch\\\/fr\\\/#organization\",\"name\":\"Bantam Wankm\u00fcller SA\",\"url\":\"https:\\\/\\\/shop.bantam.ch\\\/fr\\\/\",\"logo\":{\"@type\":\"ImageObject\",\"inLanguage\":\"fr-FR\",\"@id\":\"https:\\\/\\\/shop.bantam.ch\\\/fr\\\/#\\\/schema\\\/logo\\\/image\\\/\",\"url\":\"https:\\\/\\\/shop.bantam.ch\\\/wp-content\\\/uploads\\\/2022\\\/12\\\/bantam-logo.png\",\"contentUrl\":\"https:\\\/\\\/shop.bantam.ch\\\/wp-content\\\/uploads\\\/2022\\\/12\\\/bantam-logo.png\",\"width\":320,\"height\":71,\"caption\":\"Bantam Wankm\u00fcller SA\"},\"image\":{\"@id\":\"https:\\\/\\\/shop.bantam.ch\\\/fr\\\/#\\\/schema\\\/logo\\\/image\\\/\"}}]}<\/script>\n<!-- \/ Yoast SEO plugin. -->","yoast_head_json":{"title":"K\u00fcmmerly+Frey - Carte de randonn\u00e9e n\u00b0 8 Neuch\u00e2tel 1:60.000. 1:60'000 - Bantam Wankm\u00fcller SA","robots":{"index":"index","follow":"follow","max-snippet":"max-snippet:-1","max-image-preview":"max-image-preview:large","max-video-preview":"max-video-preview:-1"},"canonical":"https:\/\/shop.bantam.ch\/fr\/produit\/kummerlyfrey-carte-de-randonnee-n-8-neuchatel-160-000-160000\/","og_locale":"fr_FR","og_type":"article","og_title":"K\u00fcmmerly+Frey - Carte de randonn\u00e9e n\u00b0 8 Neuch\u00e2tel 1:60.000. 1:60'000 - Bantam Wankm\u00fcller SA","og_description":"Randonn\u00e9e en Suisse. En collaboration avec les organisations cantonales et locales de chemins de randonn\u00e9e, K\u00fcmmerly+Frey a cr\u00e9\u00e9 une s\u00e9rie de cartes couvrant toute la Suisse. 33 feuilles, dont la plupart \u00e0 l\u2019\u00e9chelle \u00ab\u202fid\u00e9ale\u202f\u00bb de 1:60 000, parcourent les plus belles r\u00e9gions de randonn\u00e9e et d\u2019excursion du pays. Les itin\u00e9raires sont class\u00e9s en \u00ab\u202fsentier de [&hellip;]","og_url":"https:\/\/shop.bantam.ch\/fr\/produit\/kummerlyfrey-carte-de-randonnee-n-8-neuchatel-160-000-160000\/","og_site_name":"Bantam Wankm\u00fcller SA","article_modified_time":"2026-04-17T21:59:32+00:00","og_image":[{"width":110,"height":180,"url":"https:\/\/shop.bantam.ch\/wp-content\/uploads\/2026\/04\/76326046.jpg","type":"image\/jpeg"}],"twitter_card":"summary_large_image","twitter_misc":{"Dur\u00e9e de lecture estim\u00e9e":"1 minute"},"schema":{"@context":"https:\/\/schema.org","@graph":[{"@type":"WebPage","@id":"https:\/\/shop.bantam.ch\/fr\/produit\/kummerlyfrey-carte-de-randonnee-n-8-neuchatel-160-000-160000\/","url":"https:\/\/shop.bantam.ch\/fr\/produit\/kummerlyfrey-carte-de-randonnee-n-8-neuchatel-160-000-160000\/","name":"K\u00fcmmerly+Frey - Carte de randonn\u00e9e n\u00b0 8 Neuch\u00e2tel 1:60.000. 1:60'000 - Bantam Wankm\u00fcller SA","isPartOf":{"@id":"https:\/\/shop.bantam.ch\/fr\/#website"},"primaryImageOfPage":{"@id":"https:\/\/shop.bantam.ch\/fr\/produit\/kummerlyfrey-carte-de-randonnee-n-8-neuchatel-160-000-160000\/#primaryimage"},"image":{"@id":"https:\/\/shop.bantam.ch\/fr\/produit\/kummerlyfrey-carte-de-randonnee-n-8-neuchatel-160-000-160000\/#primaryimage"},"thumbnailUrl":"https:\/\/shop.bantam.ch\/wp-content\/uploads\/2026\/04\/76326046.jpg","datePublished":"2026-04-01T09:30:57+00:00","dateModified":"2026-04-17T21:59:32+00:00","breadcrumb":{"@id":"https:\/\/shop.bantam.ch\/fr\/produit\/kummerlyfrey-carte-de-randonnee-n-8-neuchatel-160-000-160000\/#breadcrumb"},"inLanguage":"fr-FR","potentialAction":[{"@type":"ReadAction","target":["https:\/\/shop.bantam.ch\/fr\/produit\/kummerlyfrey-carte-de-randonnee-n-8-neuchatel-160-000-160000\/"]}]},{"@type":"ImageObject","inLanguage":"fr-FR","@id":"https:\/\/shop.bantam.ch\/fr\/produit\/kummerlyfrey-carte-de-randonnee-n-8-neuchatel-160-000-160000\/#primaryimage","url":"https:\/\/shop.bantam.ch\/wp-content\/uploads\/2026\/04\/76326046.jpg","contentUrl":"https:\/\/shop.bantam.ch\/wp-content\/uploads\/2026\/04\/76326046.jpg","width":110,"height":180},{"@type":"BreadcrumbList","@id":"https:\/\/shop.bantam.ch\/fr\/produit\/kummerlyfrey-carte-de-randonnee-n-8-neuchatel-160-000-160000\/#breadcrumb","itemListElement":[{"@type":"ListItem","position":1,"name":"Accueil","item":"https:\/\/shop.bantam.ch\/fr\/"},{"@type":"ListItem","position":2,"name":"Boutique","item":"https:\/\/shop.bantam.ch\/fr\/boutique\/"},{"@type":"ListItem","position":3,"name":"K\u00fcmmerly+Frey &#8211; Carte de randonn\u00e9e n\u00b0 8 Neuch\u00e2tel 1:60.000. 1:60&rsquo;000"}]},{"@type":"WebSite","@id":"https:\/\/shop.bantam.ch\/fr\/#website","url":"https:\/\/shop.bantam.ch\/fr\/","name":"Bantam Wankm\u00fcller SA","description":"","publisher":{"@id":"https:\/\/shop.bantam.ch\/fr\/#organization"},"inLanguage":"fr-FR"},{"@type":"Organization","@id":"https:\/\/shop.bantam.ch\/fr\/#organization","name":"Bantam Wankm\u00fcller SA","url":"https:\/\/shop.bantam.ch\/fr\/","logo":{"@type":"ImageObject","inLanguage":"fr-FR","@id":"https:\/\/shop.bantam.ch\/fr\/#\/schema\/logo\/image\/","url":"https:\/\/shop.bantam.ch\/wp-content\/uploads\/2022\/12\/bantam-logo.png","contentUrl":"https:\/\/shop.bantam.ch\/wp-content\/uploads\/2022\/12\/bantam-logo.png","width":320,"height":71,"caption":"Bantam Wankm\u00fcller SA"},"image":{"@id":"https:\/\/shop.bantam.ch\/fr\/#\/schema\/logo\/image\/"}}]}},"_links":{"self":[{"href":"https:\/\/shop.bantam.ch\/fr\/wp-json\/wp\/v2\/product\/235464","targetHints":{"allow":["GET"]}}],"collection":[{"href":"https:\/\/shop.bantam.ch\/fr\/wp-json\/wp\/v2\/product"}],"about":[{"href":"https:\/\/shop.bantam.ch\/fr\/wp-json\/wp\/v2\/types\/product"}],"wp:featuredmedia":[{"embeddable":true,"href":"https:\/\/shop.bantam.ch\/fr\/wp-json\/wp\/v2\/media\/235462"}],"wp:attachment":[{"href":"https:\/\/shop.bantam.ch\/fr\/wp-json\/wp\/v2\/media?parent=235464"}],"wp:term":[{"taxonomy":"product_featured_cat","embeddable":true,"href":"https:\/\/shop.bantam.ch\/fr\/wp-json\/wp\/v2\/product_featured_cat?post=235464"},{"taxonomy":"product_brand","embeddable":true,"href":"https:\/\/shop.bantam.ch\/fr\/wp-json\/wp\/v2\/product_brand?post=235464"},{"taxonomy":"product_cat","embeddable":true,"href":"https:\/\/shop.bantam.ch\/fr\/wp-json\/wp\/v2\/product_cat?post=235464"},{"taxonomy":"product_tag","embeddable":true,"href":"https:\/\/shop.bantam.ch\/fr\/wp-json\/wp\/v2\/product_tag?post=235464"}],"curies":[{"name":"wp","href":"https:\/\/api.w.org\/{rel}","templated":true}]}}