{"id":235410,"date":"2026-03-31T16:59:27","date_gmt":"2026-03-31T14:59:27","guid":{"rendered":"https:\/\/shop.bantam.ch\/produit\/kummerlyfrey-carte-de-randonnee-n21-geneve-au-160-000\/"},"modified":"2026-04-17T23:59:23","modified_gmt":"2026-04-17T21:59:23","slug":"kummerlyfrey-carte-de-randonnee-n21-geneve-au-160-000","status":"publish","type":"product","link":"https:\/\/shop.bantam.ch\/fr\/produit\/kummerlyfrey-carte-de-randonnee-n21-geneve-au-160-000\/","title":{"rendered":"K\u00fcmmerly+Frey \u2013 Carte de randonn\u00e9e n\u00b021 : Gen\u00e8ve au 1:60 000"},"content":{"rendered":"<p>Dans la carte de randonn\u00e9e K\u00fcmmerly+Frey Gen\u00e8ve \u00e0 l\u2019\u00e9chelle 1:60 000, vous trouverez tout ce dont vous avez besoin pour vous orienter et vous inspirer. Gr\u00e2ce aux sentiers de randonn\u00e9e clairement indiqu\u00e9s, faciles \u00e0 lire et \u00e0 jour, \u00e0 la pr\u00e9sentation \u00e9pur\u00e9e de la carte ainsi qu\u2019\u00e0 la repr\u00e9sentation claire du relief et \u00e0 la possibilit\u00e9 de t\u00e9l\u00e9charger la carte via l\u2019application HKF Outdoor, cette carte est l\u2019outil parfait pour profiter pleinement de votre visite dans cette r\u00e9gion exceptionnelle. La carte fournit des informations topographiques d\u00e9taill\u00e9es, telles que les courbes de niveau tous les 25 m\u00e8tres, ainsi que les altitudes des sommets, cols et grands lacs, offrant ainsi une repr\u00e9sentation pr\u00e9cise du relief. Les randonneurs obtiennent un aper\u00e7u particuli\u00e8rement r\u00e9aliste du paysage. La carte pliable pour randonneurs est imprim\u00e9e sur un papier robuste, largement r\u00e9sistant \u00e0 l\u2019eau et d\u00e9chirure. M\u00eame par mauvais temps, elle reste fiable. Si le GPS ne fonctionne pas ou si votre t\u00e9l\u00e9phone est d\u00e9charg\u00e9, vous pourrez toujours vous orienter gr\u00e2ce aux sentiers, points de vue, gares, lieux de restauration, campings, parkings, etc., clairement indiqu\u00e9s sur la carte.<br \/>\nLangues : allemand, fran\u00e7ais, italien, anglais.<\/p>\n","protected":false},"excerpt":{"rendered":"<p>Dans la carte de randonn\u00e9e K\u00fcmmerly+Frey Gen\u00e8ve \u00e0 l\u2019\u00e9chelle 1:60 000, vous trouverez tout ce dont vous avez besoin pour vous orienter et vous inspirer. Gr\u00e2ce aux sentiers de randonn\u00e9e clairement indiqu\u00e9s, faciles \u00e0 lire et \u00e0 jour, \u00e0 la pr\u00e9sentation \u00e9pur\u00e9e de la carte ainsi qu\u2019\u00e0 la repr\u00e9sentation claire du relief et \u00e0 la [&hellip;]<\/p>\n","protected":false},"featured_media":235408,"template":"","meta":{"_acf_changed":false},"product_featured_cat":[],"product_brand":[3692],"product_cat":[4351],"product_tag":[],"class_list":{"0":"post-235410","1":"product","2":"type-product","3":"status-publish","4":"has-post-thumbnail","6":"product_brand-kummerly-frey","7":"product_cat-guides-de-voyage","9":"first","10":"instock","11":"taxable","12":"shipping-taxable","13":"purchasable","14":"product-type-simple"},"acf":[],"yoast_head":"<!-- This site is optimized with the Yoast SEO plugin v27.4 - https:\/\/yoast.com\/product\/yoast-seo-wordpress\/ -->\n<title>K\u00fcmmerly+Frey \u2013 Carte de randonn\u00e9e n\u00b021 : Gen\u00e8ve au 1:60 000 - Bantam Wankm\u00fcller SA<\/title>\n<meta name=\"robots\" content=\"index, follow, max-snippet:-1, max-image-preview:large, max-video-preview:-1\" \/>\n<link rel=\"canonical\" href=\"https:\/\/shop.bantam.ch\/fr\/produit\/kummerlyfrey-carte-de-randonnee-n21-geneve-au-160-000\/\" \/>\n<meta property=\"og:locale\" content=\"fr_FR\" \/>\n<meta property=\"og:type\" content=\"article\" \/>\n<meta property=\"og:title\" content=\"K\u00fcmmerly+Frey \u2013 Carte de randonn\u00e9e n\u00b021 : Gen\u00e8ve au 1:60 000 - Bantam Wankm\u00fcller SA\" \/>\n<meta property=\"og:description\" content=\"Dans la carte de randonn\u00e9e K\u00fcmmerly+Frey Gen\u00e8ve \u00e0 l\u2019\u00e9chelle 1:60 000, vous trouverez tout ce dont vous avez besoin pour vous orienter et vous inspirer. Gr\u00e2ce aux sentiers de randonn\u00e9e clairement indiqu\u00e9s, faciles \u00e0 lire et \u00e0 jour, \u00e0 la pr\u00e9sentation \u00e9pur\u00e9e de la carte ainsi qu\u2019\u00e0 la repr\u00e9sentation claire du relief et \u00e0 la [&hellip;]\" \/>\n<meta property=\"og:url\" content=\"https:\/\/shop.bantam.ch\/fr\/produit\/kummerlyfrey-carte-de-randonnee-n21-geneve-au-160-000\/\" \/>\n<meta property=\"og:site_name\" content=\"Bantam Wankm\u00fcller SA\" \/>\n<meta property=\"article:modified_time\" content=\"2026-04-17T21:59:23+00:00\" \/>\n<meta property=\"og:image\" content=\"https:\/\/shop.bantam.ch\/wp-content\/uploads\/2026\/03\/76326036.jpg\" \/>\n\t<meta property=\"og:image:width\" content=\"111\" \/>\n\t<meta property=\"og:image:height\" content=\"180\" \/>\n\t<meta property=\"og:image:type\" content=\"image\/jpeg\" \/>\n<meta name=\"twitter:card\" content=\"summary_large_image\" \/>\n<meta name=\"twitter:label1\" content=\"Dur\u00e9e de lecture estim\u00e9e\" \/>\n\t<meta name=\"twitter:data1\" content=\"1 minute\" \/>\n<script type=\"application\/ld+json\" class=\"yoast-schema-graph\">{\"@context\":\"https:\\\/\\\/schema.org\",\"@graph\":[{\"@type\":\"WebPage\",\"@id\":\"https:\\\/\\\/shop.bantam.ch\\\/fr\\\/produit\\\/kummerlyfrey-carte-de-randonnee-n21-geneve-au-160-000\\\/\",\"url\":\"https:\\\/\\\/shop.bantam.ch\\\/fr\\\/produit\\\/kummerlyfrey-carte-de-randonnee-n21-geneve-au-160-000\\\/\",\"name\":\"K\u00fcmmerly+Frey \u2013 Carte de randonn\u00e9e n\u00b021 : Gen\u00e8ve au 1:60 000 - Bantam Wankm\u00fcller SA\",\"isPartOf\":{\"@id\":\"https:\\\/\\\/shop.bantam.ch\\\/fr\\\/#website\"},\"primaryImageOfPage\":{\"@id\":\"https:\\\/\\\/shop.bantam.ch\\\/fr\\\/produit\\\/kummerlyfrey-carte-de-randonnee-n21-geneve-au-160-000\\\/#primaryimage\"},\"image\":{\"@id\":\"https:\\\/\\\/shop.bantam.ch\\\/fr\\\/produit\\\/kummerlyfrey-carte-de-randonnee-n21-geneve-au-160-000\\\/#primaryimage\"},\"thumbnailUrl\":\"https:\\\/\\\/shop.bantam.ch\\\/wp-content\\\/uploads\\\/2026\\\/03\\\/76326036.jpg\",\"datePublished\":\"2026-03-31T14:59:27+00:00\",\"dateModified\":\"2026-04-17T21:59:23+00:00\",\"breadcrumb\":{\"@id\":\"https:\\\/\\\/shop.bantam.ch\\\/fr\\\/produit\\\/kummerlyfrey-carte-de-randonnee-n21-geneve-au-160-000\\\/#breadcrumb\"},\"inLanguage\":\"fr-FR\",\"potentialAction\":[{\"@type\":\"ReadAction\",\"target\":[\"https:\\\/\\\/shop.bantam.ch\\\/fr\\\/produit\\\/kummerlyfrey-carte-de-randonnee-n21-geneve-au-160-000\\\/\"]}]},{\"@type\":\"ImageObject\",\"inLanguage\":\"fr-FR\",\"@id\":\"https:\\\/\\\/shop.bantam.ch\\\/fr\\\/produit\\\/kummerlyfrey-carte-de-randonnee-n21-geneve-au-160-000\\\/#primaryimage\",\"url\":\"https:\\\/\\\/shop.bantam.ch\\\/wp-content\\\/uploads\\\/2026\\\/03\\\/76326036.jpg\",\"contentUrl\":\"https:\\\/\\\/shop.bantam.ch\\\/wp-content\\\/uploads\\\/2026\\\/03\\\/76326036.jpg\",\"width\":111,\"height\":180},{\"@type\":\"BreadcrumbList\",\"@id\":\"https:\\\/\\\/shop.bantam.ch\\\/fr\\\/produit\\\/kummerlyfrey-carte-de-randonnee-n21-geneve-au-160-000\\\/#breadcrumb\",\"itemListElement\":[{\"@type\":\"ListItem\",\"position\":1,\"name\":\"Accueil\",\"item\":\"https:\\\/\\\/shop.bantam.ch\\\/fr\\\/\"},{\"@type\":\"ListItem\",\"position\":2,\"name\":\"Boutique\",\"item\":\"https:\\\/\\\/shop.bantam.ch\\\/fr\\\/boutique\\\/\"},{\"@type\":\"ListItem\",\"position\":3,\"name\":\"K\u00fcmmerly+Frey \u2013 Carte de randonn\u00e9e n\u00b021 : Gen\u00e8ve au 1:60 000\"}]},{\"@type\":\"WebSite\",\"@id\":\"https:\\\/\\\/shop.bantam.ch\\\/fr\\\/#website\",\"url\":\"https:\\\/\\\/shop.bantam.ch\\\/fr\\\/\",\"name\":\"Bantam Wankm\u00fcller SA\",\"description\":\"\",\"publisher\":{\"@id\":\"https:\\\/\\\/shop.bantam.ch\\\/fr\\\/#organization\"},\"inLanguage\":\"fr-FR\"},{\"@type\":\"Organization\",\"@id\":\"https:\\\/\\\/shop.bantam.ch\\\/fr\\\/#organization\",\"name\":\"Bantam Wankm\u00fcller SA\",\"url\":\"https:\\\/\\\/shop.bantam.ch\\\/fr\\\/\",\"logo\":{\"@type\":\"ImageObject\",\"inLanguage\":\"fr-FR\",\"@id\":\"https:\\\/\\\/shop.bantam.ch\\\/fr\\\/#\\\/schema\\\/logo\\\/image\\\/\",\"url\":\"https:\\\/\\\/shop.bantam.ch\\\/wp-content\\\/uploads\\\/2022\\\/12\\\/bantam-logo.png\",\"contentUrl\":\"https:\\\/\\\/shop.bantam.ch\\\/wp-content\\\/uploads\\\/2022\\\/12\\\/bantam-logo.png\",\"width\":320,\"height\":71,\"caption\":\"Bantam Wankm\u00fcller SA\"},\"image\":{\"@id\":\"https:\\\/\\\/shop.bantam.ch\\\/fr\\\/#\\\/schema\\\/logo\\\/image\\\/\"}}]}<\/script>\n<!-- \/ Yoast SEO plugin. -->","yoast_head_json":{"title":"K\u00fcmmerly+Frey \u2013 Carte de randonn\u00e9e n\u00b021 : Gen\u00e8ve au 1:60 000 - Bantam Wankm\u00fcller SA","robots":{"index":"index","follow":"follow","max-snippet":"max-snippet:-1","max-image-preview":"max-image-preview:large","max-video-preview":"max-video-preview:-1"},"canonical":"https:\/\/shop.bantam.ch\/fr\/produit\/kummerlyfrey-carte-de-randonnee-n21-geneve-au-160-000\/","og_locale":"fr_FR","og_type":"article","og_title":"K\u00fcmmerly+Frey \u2013 Carte de randonn\u00e9e n\u00b021 : Gen\u00e8ve au 1:60 000 - Bantam Wankm\u00fcller SA","og_description":"Dans la carte de randonn\u00e9e K\u00fcmmerly+Frey Gen\u00e8ve \u00e0 l\u2019\u00e9chelle 1:60 000, vous trouverez tout ce dont vous avez besoin pour vous orienter et vous inspirer. Gr\u00e2ce aux sentiers de randonn\u00e9e clairement indiqu\u00e9s, faciles \u00e0 lire et \u00e0 jour, \u00e0 la pr\u00e9sentation \u00e9pur\u00e9e de la carte ainsi qu\u2019\u00e0 la repr\u00e9sentation claire du relief et \u00e0 la [&hellip;]","og_url":"https:\/\/shop.bantam.ch\/fr\/produit\/kummerlyfrey-carte-de-randonnee-n21-geneve-au-160-000\/","og_site_name":"Bantam Wankm\u00fcller SA","article_modified_time":"2026-04-17T21:59:23+00:00","og_image":[{"width":111,"height":180,"url":"https:\/\/shop.bantam.ch\/wp-content\/uploads\/2026\/03\/76326036.jpg","type":"image\/jpeg"}],"twitter_card":"summary_large_image","twitter_misc":{"Dur\u00e9e de lecture estim\u00e9e":"1 minute"},"schema":{"@context":"https:\/\/schema.org","@graph":[{"@type":"WebPage","@id":"https:\/\/shop.bantam.ch\/fr\/produit\/kummerlyfrey-carte-de-randonnee-n21-geneve-au-160-000\/","url":"https:\/\/shop.bantam.ch\/fr\/produit\/kummerlyfrey-carte-de-randonnee-n21-geneve-au-160-000\/","name":"K\u00fcmmerly+Frey \u2013 Carte de randonn\u00e9e n\u00b021 : Gen\u00e8ve au 1:60 000 - Bantam Wankm\u00fcller SA","isPartOf":{"@id":"https:\/\/shop.bantam.ch\/fr\/#website"},"primaryImageOfPage":{"@id":"https:\/\/shop.bantam.ch\/fr\/produit\/kummerlyfrey-carte-de-randonnee-n21-geneve-au-160-000\/#primaryimage"},"image":{"@id":"https:\/\/shop.bantam.ch\/fr\/produit\/kummerlyfrey-carte-de-randonnee-n21-geneve-au-160-000\/#primaryimage"},"thumbnailUrl":"https:\/\/shop.bantam.ch\/wp-content\/uploads\/2026\/03\/76326036.jpg","datePublished":"2026-03-31T14:59:27+00:00","dateModified":"2026-04-17T21:59:23+00:00","breadcrumb":{"@id":"https:\/\/shop.bantam.ch\/fr\/produit\/kummerlyfrey-carte-de-randonnee-n21-geneve-au-160-000\/#breadcrumb"},"inLanguage":"fr-FR","potentialAction":[{"@type":"ReadAction","target":["https:\/\/shop.bantam.ch\/fr\/produit\/kummerlyfrey-carte-de-randonnee-n21-geneve-au-160-000\/"]}]},{"@type":"ImageObject","inLanguage":"fr-FR","@id":"https:\/\/shop.bantam.ch\/fr\/produit\/kummerlyfrey-carte-de-randonnee-n21-geneve-au-160-000\/#primaryimage","url":"https:\/\/shop.bantam.ch\/wp-content\/uploads\/2026\/03\/76326036.jpg","contentUrl":"https:\/\/shop.bantam.ch\/wp-content\/uploads\/2026\/03\/76326036.jpg","width":111,"height":180},{"@type":"BreadcrumbList","@id":"https:\/\/shop.bantam.ch\/fr\/produit\/kummerlyfrey-carte-de-randonnee-n21-geneve-au-160-000\/#breadcrumb","itemListElement":[{"@type":"ListItem","position":1,"name":"Accueil","item":"https:\/\/shop.bantam.ch\/fr\/"},{"@type":"ListItem","position":2,"name":"Boutique","item":"https:\/\/shop.bantam.ch\/fr\/boutique\/"},{"@type":"ListItem","position":3,"name":"K\u00fcmmerly+Frey \u2013 Carte de randonn\u00e9e n\u00b021 : Gen\u00e8ve au 1:60 000"}]},{"@type":"WebSite","@id":"https:\/\/shop.bantam.ch\/fr\/#website","url":"https:\/\/shop.bantam.ch\/fr\/","name":"Bantam Wankm\u00fcller SA","description":"","publisher":{"@id":"https:\/\/shop.bantam.ch\/fr\/#organization"},"inLanguage":"fr-FR"},{"@type":"Organization","@id":"https:\/\/shop.bantam.ch\/fr\/#organization","name":"Bantam Wankm\u00fcller SA","url":"https:\/\/shop.bantam.ch\/fr\/","logo":{"@type":"ImageObject","inLanguage":"fr-FR","@id":"https:\/\/shop.bantam.ch\/fr\/#\/schema\/logo\/image\/","url":"https:\/\/shop.bantam.ch\/wp-content\/uploads\/2022\/12\/bantam-logo.png","contentUrl":"https:\/\/shop.bantam.ch\/wp-content\/uploads\/2022\/12\/bantam-logo.png","width":320,"height":71,"caption":"Bantam Wankm\u00fcller SA"},"image":{"@id":"https:\/\/shop.bantam.ch\/fr\/#\/schema\/logo\/image\/"}}]}},"_links":{"self":[{"href":"https:\/\/shop.bantam.ch\/fr\/wp-json\/wp\/v2\/product\/235410","targetHints":{"allow":["GET"]}}],"collection":[{"href":"https:\/\/shop.bantam.ch\/fr\/wp-json\/wp\/v2\/product"}],"about":[{"href":"https:\/\/shop.bantam.ch\/fr\/wp-json\/wp\/v2\/types\/product"}],"wp:featuredmedia":[{"embeddable":true,"href":"https:\/\/shop.bantam.ch\/fr\/wp-json\/wp\/v2\/media\/235408"}],"wp:attachment":[{"href":"https:\/\/shop.bantam.ch\/fr\/wp-json\/wp\/v2\/media?parent=235410"}],"wp:term":[{"taxonomy":"product_featured_cat","embeddable":true,"href":"https:\/\/shop.bantam.ch\/fr\/wp-json\/wp\/v2\/product_featured_cat?post=235410"},{"taxonomy":"product_brand","embeddable":true,"href":"https:\/\/shop.bantam.ch\/fr\/wp-json\/wp\/v2\/product_brand?post=235410"},{"taxonomy":"product_cat","embeddable":true,"href":"https:\/\/shop.bantam.ch\/fr\/wp-json\/wp\/v2\/product_cat?post=235410"},{"taxonomy":"product_tag","embeddable":true,"href":"https:\/\/shop.bantam.ch\/fr\/wp-json\/wp\/v2\/product_tag?post=235410"}],"curies":[{"name":"wp","href":"https:\/\/api.w.org\/{rel}","templated":true}]}}