{"id":235392,"date":"2026-03-31T16:43:39","date_gmt":"2026-03-31T14:43:39","guid":{"rendered":"https:\/\/shop.bantam.ch\/produit\/carte-routiere-hallwag-carte-de-voyage-suisse-au-1200-000\/"},"modified":"2026-04-19T00:03:01","modified_gmt":"2026-04-18T22:03:01","slug":"carte-routiere-hallwag-carte-de-voyage-suisse-au-1200-000","status":"publish","type":"product","link":"https:\/\/shop.bantam.ch\/fr\/produit\/carte-routiere-hallwag-carte-de-voyage-suisse-au-1200-000\/","title":{"rendered":"Carte routi\u00e8re Hallwag \u2013 Carte de voyage \u2013 Suisse au 1:200 000"},"content":{"rendered":"<p>Dans la carte touristique Hallwag de la Suisse \u00e0 l\u2019\u00e9chelle 1:200 000, vous trouverez tout ce dont vous avez besoin pour vous orienter et vous inspirer. La carte couvre les zones les plus importantes autour de Gen\u00e8ve, Lausanne, B\u00e2le, Berne, Zermatt, Winterthur, Davos, St. Moritz, Lugano, etc. Gr\u00e2ce \u00e0 l\u2019\u00e9chelle plus grande de 1:200 000, cette carte pr\u00e9sente de nombreux avantages : les routes, chemins et d\u00e9tails topographiques sont repr\u00e9sent\u00e9s de mani\u00e8re plus pr\u00e9cise, et toutes les notations sur la carte, telles que les noms de villes et de localit\u00e9s, les sorties d\u2019autoroute, les sites touristiques, etc., sont imprim\u00e9es en caract\u00e8res plus grands. La technique pratique de pliage en quatre parties rend cette carte particuli\u00e8rement facile \u00e0 utiliser. En plus de la carte routi\u00e8re, une brochure ins\u00e9r\u00e9e en six langues avec plans de transit et index permet de vous orienter dans et autour des villes. La carte touristique de la Suisse est imprim\u00e9e sur un papier robuste, largement r\u00e9sistant \u00e0 l\u2019eau et d\u00e9chirure. M\u00eame apr\u00e8s plusieurs utilisations, elle reste fiable. Si le GPS ne fonctionne pas ou si votre t\u00e9l\u00e9phone est d\u00e9charg\u00e9, vous pourrez toujours vous orienter gr\u00e2ce aux routes, points de vue, gares, lieux de restauration, campings, parkings, etc., clairement indiqu\u00e9s sur la carte.<\/p>\n","protected":false},"excerpt":{"rendered":"<p>Dans la carte touristique Hallwag de la Suisse \u00e0 l\u2019\u00e9chelle 1:200 000, vous trouverez tout ce dont vous avez besoin pour vous orienter et vous inspirer. La carte couvre les zones les plus importantes autour de Gen\u00e8ve, Lausanne, B\u00e2le, Berne, Zermatt, Winterthur, Davos, St. Moritz, Lugano, etc. Gr\u00e2ce \u00e0 l\u2019\u00e9chelle plus grande de 1:200 000, [&hellip;]<\/p>\n","protected":false},"featured_media":235390,"template":"","meta":{"_acf_changed":false},"product_featured_cat":[],"product_brand":[3690],"product_cat":[4351],"product_tag":[],"class_list":{"0":"post-235392","1":"product","2":"type-product","3":"status-publish","4":"has-post-thumbnail","6":"product_brand-hallwag","7":"product_cat-guides-de-voyage","9":"first","10":"instock","11":"taxable","12":"shipping-taxable","13":"purchasable","14":"product-type-simple"},"acf":[],"yoast_head":"<!-- This site is optimized with the Yoast SEO plugin v27.4 - https:\/\/yoast.com\/product\/yoast-seo-wordpress\/ -->\n<title>Carte routi\u00e8re Hallwag \u2013 Carte de voyage \u2013 Suisse au 1:200 000 - Bantam Wankm\u00fcller SA<\/title>\n<meta name=\"robots\" content=\"index, follow, max-snippet:-1, max-image-preview:large, max-video-preview:-1\" \/>\n<link rel=\"canonical\" href=\"https:\/\/shop.bantam.ch\/fr\/produit\/carte-routiere-hallwag-carte-de-voyage-suisse-au-1200-000\/\" \/>\n<meta property=\"og:locale\" content=\"fr_FR\" \/>\n<meta property=\"og:type\" content=\"article\" \/>\n<meta property=\"og:title\" content=\"Carte routi\u00e8re Hallwag \u2013 Carte de voyage \u2013 Suisse au 1:200 000 - Bantam Wankm\u00fcller SA\" \/>\n<meta property=\"og:description\" content=\"Dans la carte touristique Hallwag de la Suisse \u00e0 l\u2019\u00e9chelle 1:200 000, vous trouverez tout ce dont vous avez besoin pour vous orienter et vous inspirer. La carte couvre les zones les plus importantes autour de Gen\u00e8ve, Lausanne, B\u00e2le, Berne, Zermatt, Winterthur, Davos, St. Moritz, Lugano, etc. Gr\u00e2ce \u00e0 l\u2019\u00e9chelle plus grande de 1:200 000, [&hellip;]\" \/>\n<meta property=\"og:url\" content=\"https:\/\/shop.bantam.ch\/fr\/produit\/carte-routiere-hallwag-carte-de-voyage-suisse-au-1200-000\/\" \/>\n<meta property=\"og:site_name\" content=\"Bantam Wankm\u00fcller SA\" \/>\n<meta property=\"article:modified_time\" content=\"2026-04-18T22:03:01+00:00\" \/>\n<meta property=\"og:image\" content=\"https:\/\/shop.bantam.ch\/wp-content\/uploads\/2026\/03\/76326031.jpg\" \/>\n\t<meta property=\"og:image:width\" content=\"93\" \/>\n\t<meta property=\"og:image:height\" content=\"180\" \/>\n\t<meta property=\"og:image:type\" content=\"image\/jpeg\" \/>\n<meta name=\"twitter:card\" content=\"summary_large_image\" \/>\n<meta name=\"twitter:label1\" content=\"Dur\u00e9e de lecture estim\u00e9e\" \/>\n\t<meta name=\"twitter:data1\" content=\"1 minute\" \/>\n<script type=\"application\/ld+json\" class=\"yoast-schema-graph\">{\"@context\":\"https:\\\/\\\/schema.org\",\"@graph\":[{\"@type\":\"WebPage\",\"@id\":\"https:\\\/\\\/shop.bantam.ch\\\/fr\\\/produit\\\/carte-routiere-hallwag-carte-de-voyage-suisse-au-1200-000\\\/\",\"url\":\"https:\\\/\\\/shop.bantam.ch\\\/fr\\\/produit\\\/carte-routiere-hallwag-carte-de-voyage-suisse-au-1200-000\\\/\",\"name\":\"Carte routi\u00e8re Hallwag \u2013 Carte de voyage \u2013 Suisse au 1:200 000 - Bantam Wankm\u00fcller SA\",\"isPartOf\":{\"@id\":\"https:\\\/\\\/shop.bantam.ch\\\/fr\\\/#website\"},\"primaryImageOfPage\":{\"@id\":\"https:\\\/\\\/shop.bantam.ch\\\/fr\\\/produit\\\/carte-routiere-hallwag-carte-de-voyage-suisse-au-1200-000\\\/#primaryimage\"},\"image\":{\"@id\":\"https:\\\/\\\/shop.bantam.ch\\\/fr\\\/produit\\\/carte-routiere-hallwag-carte-de-voyage-suisse-au-1200-000\\\/#primaryimage\"},\"thumbnailUrl\":\"https:\\\/\\\/shop.bantam.ch\\\/wp-content\\\/uploads\\\/2026\\\/03\\\/76326031.jpg\",\"datePublished\":\"2026-03-31T14:43:39+00:00\",\"dateModified\":\"2026-04-18T22:03:01+00:00\",\"breadcrumb\":{\"@id\":\"https:\\\/\\\/shop.bantam.ch\\\/fr\\\/produit\\\/carte-routiere-hallwag-carte-de-voyage-suisse-au-1200-000\\\/#breadcrumb\"},\"inLanguage\":\"fr-FR\",\"potentialAction\":[{\"@type\":\"ReadAction\",\"target\":[\"https:\\\/\\\/shop.bantam.ch\\\/fr\\\/produit\\\/carte-routiere-hallwag-carte-de-voyage-suisse-au-1200-000\\\/\"]}]},{\"@type\":\"ImageObject\",\"inLanguage\":\"fr-FR\",\"@id\":\"https:\\\/\\\/shop.bantam.ch\\\/fr\\\/produit\\\/carte-routiere-hallwag-carte-de-voyage-suisse-au-1200-000\\\/#primaryimage\",\"url\":\"https:\\\/\\\/shop.bantam.ch\\\/wp-content\\\/uploads\\\/2026\\\/03\\\/76326031.jpg\",\"contentUrl\":\"https:\\\/\\\/shop.bantam.ch\\\/wp-content\\\/uploads\\\/2026\\\/03\\\/76326031.jpg\",\"width\":93,\"height\":180},{\"@type\":\"BreadcrumbList\",\"@id\":\"https:\\\/\\\/shop.bantam.ch\\\/fr\\\/produit\\\/carte-routiere-hallwag-carte-de-voyage-suisse-au-1200-000\\\/#breadcrumb\",\"itemListElement\":[{\"@type\":\"ListItem\",\"position\":1,\"name\":\"Accueil\",\"item\":\"https:\\\/\\\/shop.bantam.ch\\\/fr\\\/\"},{\"@type\":\"ListItem\",\"position\":2,\"name\":\"Boutique\",\"item\":\"https:\\\/\\\/shop.bantam.ch\\\/fr\\\/boutique\\\/\"},{\"@type\":\"ListItem\",\"position\":3,\"name\":\"Carte routi\u00e8re Hallwag \u2013 Carte de voyage \u2013 Suisse au 1:200 000\"}]},{\"@type\":\"WebSite\",\"@id\":\"https:\\\/\\\/shop.bantam.ch\\\/fr\\\/#website\",\"url\":\"https:\\\/\\\/shop.bantam.ch\\\/fr\\\/\",\"name\":\"Bantam Wankm\u00fcller SA\",\"description\":\"\",\"publisher\":{\"@id\":\"https:\\\/\\\/shop.bantam.ch\\\/fr\\\/#organization\"},\"inLanguage\":\"fr-FR\"},{\"@type\":\"Organization\",\"@id\":\"https:\\\/\\\/shop.bantam.ch\\\/fr\\\/#organization\",\"name\":\"Bantam Wankm\u00fcller SA\",\"url\":\"https:\\\/\\\/shop.bantam.ch\\\/fr\\\/\",\"logo\":{\"@type\":\"ImageObject\",\"inLanguage\":\"fr-FR\",\"@id\":\"https:\\\/\\\/shop.bantam.ch\\\/fr\\\/#\\\/schema\\\/logo\\\/image\\\/\",\"url\":\"https:\\\/\\\/shop.bantam.ch\\\/wp-content\\\/uploads\\\/2022\\\/12\\\/bantam-logo.png\",\"contentUrl\":\"https:\\\/\\\/shop.bantam.ch\\\/wp-content\\\/uploads\\\/2022\\\/12\\\/bantam-logo.png\",\"width\":320,\"height\":71,\"caption\":\"Bantam Wankm\u00fcller SA\"},\"image\":{\"@id\":\"https:\\\/\\\/shop.bantam.ch\\\/fr\\\/#\\\/schema\\\/logo\\\/image\\\/\"}}]}<\/script>\n<!-- \/ Yoast SEO plugin. -->","yoast_head_json":{"title":"Carte routi\u00e8re Hallwag \u2013 Carte de voyage \u2013 Suisse au 1:200 000 - Bantam Wankm\u00fcller SA","robots":{"index":"index","follow":"follow","max-snippet":"max-snippet:-1","max-image-preview":"max-image-preview:large","max-video-preview":"max-video-preview:-1"},"canonical":"https:\/\/shop.bantam.ch\/fr\/produit\/carte-routiere-hallwag-carte-de-voyage-suisse-au-1200-000\/","og_locale":"fr_FR","og_type":"article","og_title":"Carte routi\u00e8re Hallwag \u2013 Carte de voyage \u2013 Suisse au 1:200 000 - Bantam Wankm\u00fcller SA","og_description":"Dans la carte touristique Hallwag de la Suisse \u00e0 l\u2019\u00e9chelle 1:200 000, vous trouverez tout ce dont vous avez besoin pour vous orienter et vous inspirer. La carte couvre les zones les plus importantes autour de Gen\u00e8ve, Lausanne, B\u00e2le, Berne, Zermatt, Winterthur, Davos, St. Moritz, Lugano, etc. Gr\u00e2ce \u00e0 l\u2019\u00e9chelle plus grande de 1:200 000, [&hellip;]","og_url":"https:\/\/shop.bantam.ch\/fr\/produit\/carte-routiere-hallwag-carte-de-voyage-suisse-au-1200-000\/","og_site_name":"Bantam Wankm\u00fcller SA","article_modified_time":"2026-04-18T22:03:01+00:00","og_image":[{"width":93,"height":180,"url":"https:\/\/shop.bantam.ch\/wp-content\/uploads\/2026\/03\/76326031.jpg","type":"image\/jpeg"}],"twitter_card":"summary_large_image","twitter_misc":{"Dur\u00e9e de lecture estim\u00e9e":"1 minute"},"schema":{"@context":"https:\/\/schema.org","@graph":[{"@type":"WebPage","@id":"https:\/\/shop.bantam.ch\/fr\/produit\/carte-routiere-hallwag-carte-de-voyage-suisse-au-1200-000\/","url":"https:\/\/shop.bantam.ch\/fr\/produit\/carte-routiere-hallwag-carte-de-voyage-suisse-au-1200-000\/","name":"Carte routi\u00e8re Hallwag \u2013 Carte de voyage \u2013 Suisse au 1:200 000 - Bantam Wankm\u00fcller SA","isPartOf":{"@id":"https:\/\/shop.bantam.ch\/fr\/#website"},"primaryImageOfPage":{"@id":"https:\/\/shop.bantam.ch\/fr\/produit\/carte-routiere-hallwag-carte-de-voyage-suisse-au-1200-000\/#primaryimage"},"image":{"@id":"https:\/\/shop.bantam.ch\/fr\/produit\/carte-routiere-hallwag-carte-de-voyage-suisse-au-1200-000\/#primaryimage"},"thumbnailUrl":"https:\/\/shop.bantam.ch\/wp-content\/uploads\/2026\/03\/76326031.jpg","datePublished":"2026-03-31T14:43:39+00:00","dateModified":"2026-04-18T22:03:01+00:00","breadcrumb":{"@id":"https:\/\/shop.bantam.ch\/fr\/produit\/carte-routiere-hallwag-carte-de-voyage-suisse-au-1200-000\/#breadcrumb"},"inLanguage":"fr-FR","potentialAction":[{"@type":"ReadAction","target":["https:\/\/shop.bantam.ch\/fr\/produit\/carte-routiere-hallwag-carte-de-voyage-suisse-au-1200-000\/"]}]},{"@type":"ImageObject","inLanguage":"fr-FR","@id":"https:\/\/shop.bantam.ch\/fr\/produit\/carte-routiere-hallwag-carte-de-voyage-suisse-au-1200-000\/#primaryimage","url":"https:\/\/shop.bantam.ch\/wp-content\/uploads\/2026\/03\/76326031.jpg","contentUrl":"https:\/\/shop.bantam.ch\/wp-content\/uploads\/2026\/03\/76326031.jpg","width":93,"height":180},{"@type":"BreadcrumbList","@id":"https:\/\/shop.bantam.ch\/fr\/produit\/carte-routiere-hallwag-carte-de-voyage-suisse-au-1200-000\/#breadcrumb","itemListElement":[{"@type":"ListItem","position":1,"name":"Accueil","item":"https:\/\/shop.bantam.ch\/fr\/"},{"@type":"ListItem","position":2,"name":"Boutique","item":"https:\/\/shop.bantam.ch\/fr\/boutique\/"},{"@type":"ListItem","position":3,"name":"Carte routi\u00e8re Hallwag \u2013 Carte de voyage \u2013 Suisse au 1:200 000"}]},{"@type":"WebSite","@id":"https:\/\/shop.bantam.ch\/fr\/#website","url":"https:\/\/shop.bantam.ch\/fr\/","name":"Bantam Wankm\u00fcller SA","description":"","publisher":{"@id":"https:\/\/shop.bantam.ch\/fr\/#organization"},"inLanguage":"fr-FR"},{"@type":"Organization","@id":"https:\/\/shop.bantam.ch\/fr\/#organization","name":"Bantam Wankm\u00fcller SA","url":"https:\/\/shop.bantam.ch\/fr\/","logo":{"@type":"ImageObject","inLanguage":"fr-FR","@id":"https:\/\/shop.bantam.ch\/fr\/#\/schema\/logo\/image\/","url":"https:\/\/shop.bantam.ch\/wp-content\/uploads\/2022\/12\/bantam-logo.png","contentUrl":"https:\/\/shop.bantam.ch\/wp-content\/uploads\/2022\/12\/bantam-logo.png","width":320,"height":71,"caption":"Bantam Wankm\u00fcller SA"},"image":{"@id":"https:\/\/shop.bantam.ch\/fr\/#\/schema\/logo\/image\/"}}]}},"_links":{"self":[{"href":"https:\/\/shop.bantam.ch\/fr\/wp-json\/wp\/v2\/product\/235392","targetHints":{"allow":["GET"]}}],"collection":[{"href":"https:\/\/shop.bantam.ch\/fr\/wp-json\/wp\/v2\/product"}],"about":[{"href":"https:\/\/shop.bantam.ch\/fr\/wp-json\/wp\/v2\/types\/product"}],"wp:featuredmedia":[{"embeddable":true,"href":"https:\/\/shop.bantam.ch\/fr\/wp-json\/wp\/v2\/media\/235390"}],"wp:attachment":[{"href":"https:\/\/shop.bantam.ch\/fr\/wp-json\/wp\/v2\/media?parent=235392"}],"wp:term":[{"taxonomy":"product_featured_cat","embeddable":true,"href":"https:\/\/shop.bantam.ch\/fr\/wp-json\/wp\/v2\/product_featured_cat?post=235392"},{"taxonomy":"product_brand","embeddable":true,"href":"https:\/\/shop.bantam.ch\/fr\/wp-json\/wp\/v2\/product_brand?post=235392"},{"taxonomy":"product_cat","embeddable":true,"href":"https:\/\/shop.bantam.ch\/fr\/wp-json\/wp\/v2\/product_cat?post=235392"},{"taxonomy":"product_tag","embeddable":true,"href":"https:\/\/shop.bantam.ch\/fr\/wp-json\/wp\/v2\/product_tag?post=235392"}],"curies":[{"name":"wp","href":"https:\/\/api.w.org\/{rel}","templated":true}]}}