{"id":235388,"date":"2026-03-31T16:40:42","date_gmt":"2026-03-31T14:40:42","guid":{"rendered":"https:\/\/shop.bantam.ch\/produit\/hallwag-carte-routiere-grand-tour-of-switzerland-map-1275-000-1275000\/"},"modified":"2026-04-17T23:59:11","modified_gmt":"2026-04-17T21:59:11","slug":"hallwag-carte-routiere-grand-tour-of-switzerland-map-1275-000-1275000","status":"publish","type":"product","link":"https:\/\/shop.bantam.ch\/fr\/produit\/hallwag-carte-routiere-grand-tour-of-switzerland-map-1275-000-1275000\/","title":{"rendered":"Hallwag carte routi\u00e8re Grand Tour of Switzerland Map 1:275.000. 1:275&rsquo;000"},"content":{"rendered":"<p>Aussi sp\u00e9ciale que la \u201cGrand Tour of Switzerland\u201d, la carte \u00e0 l\u2019\u00e9chelle 1:275 000, en version lamin\u00e9e, l\u2019est tout autant. Les 44 points forts de l\u2019itin\u00e9raire de 1 600 km ainsi que les plus beaux tron\u00e7ons sont particuli\u00e8rement indiqu\u00e9s. La carte constitue un petit guide de voyage en soi. Des photos et un texte quadrilingue (allemand, fran\u00e7ais, italien, anglais) compl\u00e8tent la base cartographique. Cela permet de pr\u00e9parer et revivre id\u00e9alement les attractions de la m\u00e9morable \u00ab Grand Tour of Switzerland \u00bb. Langues : allemand, anglais, fran\u00e7ais, italien.<\/p>\n","protected":false},"excerpt":{"rendered":"<p>Aussi sp\u00e9ciale que la \u201cGrand Tour of Switzerland\u201d, la carte \u00e0 l\u2019\u00e9chelle 1:275 000, en version lamin\u00e9e, l\u2019est tout autant. Les 44 points forts de l\u2019itin\u00e9raire de 1 600 km ainsi que les plus beaux tron\u00e7ons sont particuli\u00e8rement indiqu\u00e9s. La carte constitue un petit guide de voyage en soi. Des photos et un texte quadrilingue [&hellip;]<\/p>\n","protected":false},"featured_media":235386,"template":"","meta":{"_acf_changed":false},"product_featured_cat":[],"product_brand":[3690],"product_cat":[4351],"product_tag":[],"class_list":{"0":"post-235388","1":"product","2":"type-product","3":"status-publish","4":"has-post-thumbnail","6":"product_brand-hallwag","7":"product_cat-guides-de-voyage","9":"first","10":"instock","11":"taxable","12":"shipping-taxable","13":"purchasable","14":"product-type-simple"},"acf":[],"yoast_head":"<!-- This site is optimized with the Yoast SEO plugin v27.4 - https:\/\/yoast.com\/product\/yoast-seo-wordpress\/ -->\n<title>Hallwag carte routi\u00e8re Grand Tour of Switzerland Map 1:275.000. 1:275&#039;000 - Bantam Wankm\u00fcller SA<\/title>\n<meta name=\"robots\" content=\"index, follow, max-snippet:-1, max-image-preview:large, max-video-preview:-1\" \/>\n<link rel=\"canonical\" href=\"https:\/\/shop.bantam.ch\/fr\/produit\/hallwag-carte-routiere-grand-tour-of-switzerland-map-1275-000-1275000\/\" \/>\n<meta property=\"og:locale\" content=\"fr_FR\" \/>\n<meta property=\"og:type\" content=\"article\" \/>\n<meta property=\"og:title\" content=\"Hallwag carte routi\u00e8re Grand Tour of Switzerland Map 1:275.000. 1:275&#039;000 - Bantam Wankm\u00fcller SA\" \/>\n<meta property=\"og:description\" content=\"Aussi sp\u00e9ciale que la \u201cGrand Tour of Switzerland\u201d, la carte \u00e0 l\u2019\u00e9chelle 1:275 000, en version lamin\u00e9e, l\u2019est tout autant. Les 44 points forts de l\u2019itin\u00e9raire de 1 600 km ainsi que les plus beaux tron\u00e7ons sont particuli\u00e8rement indiqu\u00e9s. La carte constitue un petit guide de voyage en soi. Des photos et un texte quadrilingue [&hellip;]\" \/>\n<meta property=\"og:url\" content=\"https:\/\/shop.bantam.ch\/fr\/produit\/hallwag-carte-routiere-grand-tour-of-switzerland-map-1275-000-1275000\/\" \/>\n<meta property=\"og:site_name\" content=\"Bantam Wankm\u00fcller SA\" \/>\n<meta property=\"article:modified_time\" content=\"2026-04-17T21:59:11+00:00\" \/>\n<meta property=\"og:image\" content=\"https:\/\/shop.bantam.ch\/wp-content\/uploads\/2026\/03\/76326030.jpg\" \/>\n\t<meta property=\"og:image:width\" content=\"100\" \/>\n\t<meta property=\"og:image:height\" content=\"180\" \/>\n\t<meta property=\"og:image:type\" content=\"image\/jpeg\" \/>\n<meta name=\"twitter:card\" content=\"summary_large_image\" \/>\n<script type=\"application\/ld+json\" class=\"yoast-schema-graph\">{\"@context\":\"https:\\\/\\\/schema.org\",\"@graph\":[{\"@type\":\"WebPage\",\"@id\":\"https:\\\/\\\/shop.bantam.ch\\\/fr\\\/produit\\\/hallwag-carte-routiere-grand-tour-of-switzerland-map-1275-000-1275000\\\/\",\"url\":\"https:\\\/\\\/shop.bantam.ch\\\/fr\\\/produit\\\/hallwag-carte-routiere-grand-tour-of-switzerland-map-1275-000-1275000\\\/\",\"name\":\"Hallwag carte routi\u00e8re Grand Tour of Switzerland Map 1:275.000. 1:275'000 - Bantam Wankm\u00fcller SA\",\"isPartOf\":{\"@id\":\"https:\\\/\\\/shop.bantam.ch\\\/fr\\\/#website\"},\"primaryImageOfPage\":{\"@id\":\"https:\\\/\\\/shop.bantam.ch\\\/fr\\\/produit\\\/hallwag-carte-routiere-grand-tour-of-switzerland-map-1275-000-1275000\\\/#primaryimage\"},\"image\":{\"@id\":\"https:\\\/\\\/shop.bantam.ch\\\/fr\\\/produit\\\/hallwag-carte-routiere-grand-tour-of-switzerland-map-1275-000-1275000\\\/#primaryimage\"},\"thumbnailUrl\":\"https:\\\/\\\/shop.bantam.ch\\\/wp-content\\\/uploads\\\/2026\\\/03\\\/76326030.jpg\",\"datePublished\":\"2026-03-31T14:40:42+00:00\",\"dateModified\":\"2026-04-17T21:59:11+00:00\",\"breadcrumb\":{\"@id\":\"https:\\\/\\\/shop.bantam.ch\\\/fr\\\/produit\\\/hallwag-carte-routiere-grand-tour-of-switzerland-map-1275-000-1275000\\\/#breadcrumb\"},\"inLanguage\":\"fr-FR\",\"potentialAction\":[{\"@type\":\"ReadAction\",\"target\":[\"https:\\\/\\\/shop.bantam.ch\\\/fr\\\/produit\\\/hallwag-carte-routiere-grand-tour-of-switzerland-map-1275-000-1275000\\\/\"]}]},{\"@type\":\"ImageObject\",\"inLanguage\":\"fr-FR\",\"@id\":\"https:\\\/\\\/shop.bantam.ch\\\/fr\\\/produit\\\/hallwag-carte-routiere-grand-tour-of-switzerland-map-1275-000-1275000\\\/#primaryimage\",\"url\":\"https:\\\/\\\/shop.bantam.ch\\\/wp-content\\\/uploads\\\/2026\\\/03\\\/76326030.jpg\",\"contentUrl\":\"https:\\\/\\\/shop.bantam.ch\\\/wp-content\\\/uploads\\\/2026\\\/03\\\/76326030.jpg\",\"width\":100,\"height\":180},{\"@type\":\"BreadcrumbList\",\"@id\":\"https:\\\/\\\/shop.bantam.ch\\\/fr\\\/produit\\\/hallwag-carte-routiere-grand-tour-of-switzerland-map-1275-000-1275000\\\/#breadcrumb\",\"itemListElement\":[{\"@type\":\"ListItem\",\"position\":1,\"name\":\"Accueil\",\"item\":\"https:\\\/\\\/shop.bantam.ch\\\/fr\\\/\"},{\"@type\":\"ListItem\",\"position\":2,\"name\":\"Boutique\",\"item\":\"https:\\\/\\\/shop.bantam.ch\\\/fr\\\/boutique\\\/\"},{\"@type\":\"ListItem\",\"position\":3,\"name\":\"Hallwag carte routi\u00e8re Grand Tour of Switzerland Map 1:275.000. 1:275&rsquo;000\"}]},{\"@type\":\"WebSite\",\"@id\":\"https:\\\/\\\/shop.bantam.ch\\\/fr\\\/#website\",\"url\":\"https:\\\/\\\/shop.bantam.ch\\\/fr\\\/\",\"name\":\"Bantam Wankm\u00fcller SA\",\"description\":\"\",\"publisher\":{\"@id\":\"https:\\\/\\\/shop.bantam.ch\\\/fr\\\/#organization\"},\"inLanguage\":\"fr-FR\"},{\"@type\":\"Organization\",\"@id\":\"https:\\\/\\\/shop.bantam.ch\\\/fr\\\/#organization\",\"name\":\"Bantam Wankm\u00fcller SA\",\"url\":\"https:\\\/\\\/shop.bantam.ch\\\/fr\\\/\",\"logo\":{\"@type\":\"ImageObject\",\"inLanguage\":\"fr-FR\",\"@id\":\"https:\\\/\\\/shop.bantam.ch\\\/fr\\\/#\\\/schema\\\/logo\\\/image\\\/\",\"url\":\"https:\\\/\\\/shop.bantam.ch\\\/wp-content\\\/uploads\\\/2022\\\/12\\\/bantam-logo.png\",\"contentUrl\":\"https:\\\/\\\/shop.bantam.ch\\\/wp-content\\\/uploads\\\/2022\\\/12\\\/bantam-logo.png\",\"width\":320,\"height\":71,\"caption\":\"Bantam Wankm\u00fcller SA\"},\"image\":{\"@id\":\"https:\\\/\\\/shop.bantam.ch\\\/fr\\\/#\\\/schema\\\/logo\\\/image\\\/\"}}]}<\/script>\n<!-- \/ Yoast SEO plugin. -->","yoast_head_json":{"title":"Hallwag carte routi\u00e8re Grand Tour of Switzerland Map 1:275.000. 1:275'000 - Bantam Wankm\u00fcller SA","robots":{"index":"index","follow":"follow","max-snippet":"max-snippet:-1","max-image-preview":"max-image-preview:large","max-video-preview":"max-video-preview:-1"},"canonical":"https:\/\/shop.bantam.ch\/fr\/produit\/hallwag-carte-routiere-grand-tour-of-switzerland-map-1275-000-1275000\/","og_locale":"fr_FR","og_type":"article","og_title":"Hallwag carte routi\u00e8re Grand Tour of Switzerland Map 1:275.000. 1:275'000 - Bantam Wankm\u00fcller SA","og_description":"Aussi sp\u00e9ciale que la \u201cGrand Tour of Switzerland\u201d, la carte \u00e0 l\u2019\u00e9chelle 1:275 000, en version lamin\u00e9e, l\u2019est tout autant. Les 44 points forts de l\u2019itin\u00e9raire de 1 600 km ainsi que les plus beaux tron\u00e7ons sont particuli\u00e8rement indiqu\u00e9s. La carte constitue un petit guide de voyage en soi. Des photos et un texte quadrilingue [&hellip;]","og_url":"https:\/\/shop.bantam.ch\/fr\/produit\/hallwag-carte-routiere-grand-tour-of-switzerland-map-1275-000-1275000\/","og_site_name":"Bantam Wankm\u00fcller SA","article_modified_time":"2026-04-17T21:59:11+00:00","og_image":[{"width":100,"height":180,"url":"https:\/\/shop.bantam.ch\/wp-content\/uploads\/2026\/03\/76326030.jpg","type":"image\/jpeg"}],"twitter_card":"summary_large_image","schema":{"@context":"https:\/\/schema.org","@graph":[{"@type":"WebPage","@id":"https:\/\/shop.bantam.ch\/fr\/produit\/hallwag-carte-routiere-grand-tour-of-switzerland-map-1275-000-1275000\/","url":"https:\/\/shop.bantam.ch\/fr\/produit\/hallwag-carte-routiere-grand-tour-of-switzerland-map-1275-000-1275000\/","name":"Hallwag carte routi\u00e8re Grand Tour of Switzerland Map 1:275.000. 1:275'000 - Bantam Wankm\u00fcller SA","isPartOf":{"@id":"https:\/\/shop.bantam.ch\/fr\/#website"},"primaryImageOfPage":{"@id":"https:\/\/shop.bantam.ch\/fr\/produit\/hallwag-carte-routiere-grand-tour-of-switzerland-map-1275-000-1275000\/#primaryimage"},"image":{"@id":"https:\/\/shop.bantam.ch\/fr\/produit\/hallwag-carte-routiere-grand-tour-of-switzerland-map-1275-000-1275000\/#primaryimage"},"thumbnailUrl":"https:\/\/shop.bantam.ch\/wp-content\/uploads\/2026\/03\/76326030.jpg","datePublished":"2026-03-31T14:40:42+00:00","dateModified":"2026-04-17T21:59:11+00:00","breadcrumb":{"@id":"https:\/\/shop.bantam.ch\/fr\/produit\/hallwag-carte-routiere-grand-tour-of-switzerland-map-1275-000-1275000\/#breadcrumb"},"inLanguage":"fr-FR","potentialAction":[{"@type":"ReadAction","target":["https:\/\/shop.bantam.ch\/fr\/produit\/hallwag-carte-routiere-grand-tour-of-switzerland-map-1275-000-1275000\/"]}]},{"@type":"ImageObject","inLanguage":"fr-FR","@id":"https:\/\/shop.bantam.ch\/fr\/produit\/hallwag-carte-routiere-grand-tour-of-switzerland-map-1275-000-1275000\/#primaryimage","url":"https:\/\/shop.bantam.ch\/wp-content\/uploads\/2026\/03\/76326030.jpg","contentUrl":"https:\/\/shop.bantam.ch\/wp-content\/uploads\/2026\/03\/76326030.jpg","width":100,"height":180},{"@type":"BreadcrumbList","@id":"https:\/\/shop.bantam.ch\/fr\/produit\/hallwag-carte-routiere-grand-tour-of-switzerland-map-1275-000-1275000\/#breadcrumb","itemListElement":[{"@type":"ListItem","position":1,"name":"Accueil","item":"https:\/\/shop.bantam.ch\/fr\/"},{"@type":"ListItem","position":2,"name":"Boutique","item":"https:\/\/shop.bantam.ch\/fr\/boutique\/"},{"@type":"ListItem","position":3,"name":"Hallwag carte routi\u00e8re Grand Tour of Switzerland Map 1:275.000. 1:275&rsquo;000"}]},{"@type":"WebSite","@id":"https:\/\/shop.bantam.ch\/fr\/#website","url":"https:\/\/shop.bantam.ch\/fr\/","name":"Bantam Wankm\u00fcller SA","description":"","publisher":{"@id":"https:\/\/shop.bantam.ch\/fr\/#organization"},"inLanguage":"fr-FR"},{"@type":"Organization","@id":"https:\/\/shop.bantam.ch\/fr\/#organization","name":"Bantam Wankm\u00fcller SA","url":"https:\/\/shop.bantam.ch\/fr\/","logo":{"@type":"ImageObject","inLanguage":"fr-FR","@id":"https:\/\/shop.bantam.ch\/fr\/#\/schema\/logo\/image\/","url":"https:\/\/shop.bantam.ch\/wp-content\/uploads\/2022\/12\/bantam-logo.png","contentUrl":"https:\/\/shop.bantam.ch\/wp-content\/uploads\/2022\/12\/bantam-logo.png","width":320,"height":71,"caption":"Bantam Wankm\u00fcller SA"},"image":{"@id":"https:\/\/shop.bantam.ch\/fr\/#\/schema\/logo\/image\/"}}]}},"_links":{"self":[{"href":"https:\/\/shop.bantam.ch\/fr\/wp-json\/wp\/v2\/product\/235388","targetHints":{"allow":["GET"]}}],"collection":[{"href":"https:\/\/shop.bantam.ch\/fr\/wp-json\/wp\/v2\/product"}],"about":[{"href":"https:\/\/shop.bantam.ch\/fr\/wp-json\/wp\/v2\/types\/product"}],"wp:featuredmedia":[{"embeddable":true,"href":"https:\/\/shop.bantam.ch\/fr\/wp-json\/wp\/v2\/media\/235386"}],"wp:attachment":[{"href":"https:\/\/shop.bantam.ch\/fr\/wp-json\/wp\/v2\/media?parent=235388"}],"wp:term":[{"taxonomy":"product_featured_cat","embeddable":true,"href":"https:\/\/shop.bantam.ch\/fr\/wp-json\/wp\/v2\/product_featured_cat?post=235388"},{"taxonomy":"product_brand","embeddable":true,"href":"https:\/\/shop.bantam.ch\/fr\/wp-json\/wp\/v2\/product_brand?post=235388"},{"taxonomy":"product_cat","embeddable":true,"href":"https:\/\/shop.bantam.ch\/fr\/wp-json\/wp\/v2\/product_cat?post=235388"},{"taxonomy":"product_tag","embeddable":true,"href":"https:\/\/shop.bantam.ch\/fr\/wp-json\/wp\/v2\/product_tag?post=235388"}],"curies":[{"name":"wp","href":"https:\/\/api.w.org\/{rel}","templated":true}]}}