{"id":235376,"date":"2026-03-31T16:32:45","date_gmt":"2026-03-31T14:32:45","guid":{"rendered":"https:\/\/shop.bantam.ch\/produit\/kummerlyfrey-sortir-et-faire-de-le-bike-circuits-en-boucle-suisse-centrale-guide-e-bike\/"},"modified":"2026-04-17T23:59:10","modified_gmt":"2026-04-17T21:59:10","slug":"kummerlyfrey-sortir-et-faire-de-le-bike-circuits-en-boucle-suisse-centrale-guide-e-bike","status":"publish","type":"product","link":"https:\/\/shop.bantam.ch\/fr\/produit\/kummerlyfrey-sortir-et-faire-de-le-bike-circuits-en-boucle-suisse-centrale-guide-e-bike\/","title":{"rendered":"K\u00fcmmerly+Frey \u2013 Sortir et faire de l\u2019E-Bike : Circuits en boucle Suisse centrale \u2013 Guide E-Bike"},"content":{"rendered":"<p>Sortir et faire de l\u2019E-Bike avec le guide outdoor richement illustr\u00e9 de K\u00fcmmerly+Frey. Faire de l\u2019E-Bike en Suisse centrale : douces pr\u00e9-Alpes, lacs scintillants et itin\u00e9raires panoramiques font de chaque circuit en boucle une exp\u00e9rience particuli\u00e8re. Sur des parcours vari\u00e9s de 20 \u00e0 90 km, adapt\u00e9s \u00e0 diff\u00e9rents niveaux et envies, vous explorez les collines et paysages ouverts de la Suisse centrale. Les points de restauration \u00e9veillent l\u2019anticipation et les stations de recharge pour E-Bike facilitent la planification. Au c\u0153ur des itin\u00e9raires se trouvent les moments \u201cRaus\u201d, favorisant la d\u00e9tente et le ralentissement, la pleine conscience et une connexion avec la nature. Ils constituent le point fort de chacune des 25 randonn\u00e9es. Les descriptions d\u00e9taill\u00e9es des parcours sont compl\u00e9t\u00e9es par : des profils d\u2019altitude, des d\u00e9tails cartographiques, des informations pratiques comme les lieux de restauration et l\u2019acc\u00e8s, ainsi que des trac\u00e9s GPS t\u00e9l\u00e9chargeables au format GPX. Alors, n\u2019attendez plus et sortez prendre l\u2019air frais !<\/p>\n","protected":false},"excerpt":{"rendered":"<p>Sortir et faire de l\u2019E-Bike avec le guide outdoor richement illustr\u00e9 de K\u00fcmmerly+Frey. Faire de l\u2019E-Bike en Suisse centrale : douces pr\u00e9-Alpes, lacs scintillants et itin\u00e9raires panoramiques font de chaque circuit en boucle une exp\u00e9rience particuli\u00e8re. Sur des parcours vari\u00e9s de 20 \u00e0 90 km, adapt\u00e9s \u00e0 diff\u00e9rents niveaux et envies, vous explorez les collines [&hellip;]<\/p>\n","protected":false},"featured_media":235374,"template":"","meta":{"_acf_changed":false},"product_featured_cat":[],"product_brand":[3692],"product_cat":[4351],"product_tag":[],"class_list":{"0":"post-235376","1":"product","2":"type-product","3":"status-publish","4":"has-post-thumbnail","6":"product_brand-kummerly-frey","7":"product_cat-guides-de-voyage","9":"first","10":"instock","11":"taxable","12":"shipping-taxable","13":"purchasable","14":"product-type-simple"},"acf":[],"yoast_head":"<!-- This site is optimized with the Yoast SEO plugin v27.4 - https:\/\/yoast.com\/product\/yoast-seo-wordpress\/ -->\n<title>K\u00fcmmerly+Frey \u2013 Sortir et faire de l\u2019E-Bike : Circuits en boucle Suisse centrale \u2013 Guide E-Bike - Bantam Wankm\u00fcller SA<\/title>\n<meta name=\"robots\" content=\"index, follow, max-snippet:-1, max-image-preview:large, max-video-preview:-1\" \/>\n<link rel=\"canonical\" href=\"https:\/\/shop.bantam.ch\/fr\/produit\/kummerlyfrey-sortir-et-faire-de-le-bike-circuits-en-boucle-suisse-centrale-guide-e-bike\/\" \/>\n<meta property=\"og:locale\" content=\"fr_FR\" \/>\n<meta property=\"og:type\" content=\"article\" \/>\n<meta property=\"og:title\" content=\"K\u00fcmmerly+Frey \u2013 Sortir et faire de l\u2019E-Bike : Circuits en boucle Suisse centrale \u2013 Guide E-Bike - Bantam Wankm\u00fcller SA\" \/>\n<meta property=\"og:description\" content=\"Sortir et faire de l\u2019E-Bike avec le guide outdoor richement illustr\u00e9 de K\u00fcmmerly+Frey. Faire de l\u2019E-Bike en Suisse centrale : douces pr\u00e9-Alpes, lacs scintillants et itin\u00e9raires panoramiques font de chaque circuit en boucle une exp\u00e9rience particuli\u00e8re. Sur des parcours vari\u00e9s de 20 \u00e0 90 km, adapt\u00e9s \u00e0 diff\u00e9rents niveaux et envies, vous explorez les collines [&hellip;]\" \/>\n<meta property=\"og:url\" content=\"https:\/\/shop.bantam.ch\/fr\/produit\/kummerlyfrey-sortir-et-faire-de-le-bike-circuits-en-boucle-suisse-centrale-guide-e-bike\/\" \/>\n<meta property=\"og:site_name\" content=\"Bantam Wankm\u00fcller SA\" \/>\n<meta property=\"article:modified_time\" content=\"2026-04-17T21:59:10+00:00\" \/>\n<meta property=\"og:image\" content=\"https:\/\/shop.bantam.ch\/wp-content\/uploads\/2026\/03\/76326027.jpg\" \/>\n\t<meta property=\"og:image:width\" content=\"120\" \/>\n\t<meta property=\"og:image:height\" content=\"180\" \/>\n\t<meta property=\"og:image:type\" content=\"image\/jpeg\" \/>\n<meta name=\"twitter:card\" content=\"summary_large_image\" \/>\n<meta name=\"twitter:label1\" content=\"Dur\u00e9e de lecture estim\u00e9e\" \/>\n\t<meta name=\"twitter:data1\" content=\"1 minute\" \/>\n<script type=\"application\/ld+json\" class=\"yoast-schema-graph\">{\"@context\":\"https:\\\/\\\/schema.org\",\"@graph\":[{\"@type\":\"WebPage\",\"@id\":\"https:\\\/\\\/shop.bantam.ch\\\/fr\\\/produit\\\/kummerlyfrey-sortir-et-faire-de-le-bike-circuits-en-boucle-suisse-centrale-guide-e-bike\\\/\",\"url\":\"https:\\\/\\\/shop.bantam.ch\\\/fr\\\/produit\\\/kummerlyfrey-sortir-et-faire-de-le-bike-circuits-en-boucle-suisse-centrale-guide-e-bike\\\/\",\"name\":\"K\u00fcmmerly+Frey \u2013 Sortir et faire de l\u2019E-Bike : Circuits en boucle Suisse centrale \u2013 Guide E-Bike - Bantam Wankm\u00fcller SA\",\"isPartOf\":{\"@id\":\"https:\\\/\\\/shop.bantam.ch\\\/fr\\\/#website\"},\"primaryImageOfPage\":{\"@id\":\"https:\\\/\\\/shop.bantam.ch\\\/fr\\\/produit\\\/kummerlyfrey-sortir-et-faire-de-le-bike-circuits-en-boucle-suisse-centrale-guide-e-bike\\\/#primaryimage\"},\"image\":{\"@id\":\"https:\\\/\\\/shop.bantam.ch\\\/fr\\\/produit\\\/kummerlyfrey-sortir-et-faire-de-le-bike-circuits-en-boucle-suisse-centrale-guide-e-bike\\\/#primaryimage\"},\"thumbnailUrl\":\"https:\\\/\\\/shop.bantam.ch\\\/wp-content\\\/uploads\\\/2026\\\/03\\\/76326027.jpg\",\"datePublished\":\"2026-03-31T14:32:45+00:00\",\"dateModified\":\"2026-04-17T21:59:10+00:00\",\"breadcrumb\":{\"@id\":\"https:\\\/\\\/shop.bantam.ch\\\/fr\\\/produit\\\/kummerlyfrey-sortir-et-faire-de-le-bike-circuits-en-boucle-suisse-centrale-guide-e-bike\\\/#breadcrumb\"},\"inLanguage\":\"fr-FR\",\"potentialAction\":[{\"@type\":\"ReadAction\",\"target\":[\"https:\\\/\\\/shop.bantam.ch\\\/fr\\\/produit\\\/kummerlyfrey-sortir-et-faire-de-le-bike-circuits-en-boucle-suisse-centrale-guide-e-bike\\\/\"]}]},{\"@type\":\"ImageObject\",\"inLanguage\":\"fr-FR\",\"@id\":\"https:\\\/\\\/shop.bantam.ch\\\/fr\\\/produit\\\/kummerlyfrey-sortir-et-faire-de-le-bike-circuits-en-boucle-suisse-centrale-guide-e-bike\\\/#primaryimage\",\"url\":\"https:\\\/\\\/shop.bantam.ch\\\/wp-content\\\/uploads\\\/2026\\\/03\\\/76326027.jpg\",\"contentUrl\":\"https:\\\/\\\/shop.bantam.ch\\\/wp-content\\\/uploads\\\/2026\\\/03\\\/76326027.jpg\",\"width\":120,\"height\":180},{\"@type\":\"BreadcrumbList\",\"@id\":\"https:\\\/\\\/shop.bantam.ch\\\/fr\\\/produit\\\/kummerlyfrey-sortir-et-faire-de-le-bike-circuits-en-boucle-suisse-centrale-guide-e-bike\\\/#breadcrumb\",\"itemListElement\":[{\"@type\":\"ListItem\",\"position\":1,\"name\":\"Accueil\",\"item\":\"https:\\\/\\\/shop.bantam.ch\\\/fr\\\/\"},{\"@type\":\"ListItem\",\"position\":2,\"name\":\"Boutique\",\"item\":\"https:\\\/\\\/shop.bantam.ch\\\/fr\\\/boutique\\\/\"},{\"@type\":\"ListItem\",\"position\":3,\"name\":\"K\u00fcmmerly+Frey \u2013 Sortir et faire de l\u2019E-Bike : Circuits en boucle Suisse centrale \u2013 Guide E-Bike\"}]},{\"@type\":\"WebSite\",\"@id\":\"https:\\\/\\\/shop.bantam.ch\\\/fr\\\/#website\",\"url\":\"https:\\\/\\\/shop.bantam.ch\\\/fr\\\/\",\"name\":\"Bantam Wankm\u00fcller SA\",\"description\":\"\",\"publisher\":{\"@id\":\"https:\\\/\\\/shop.bantam.ch\\\/fr\\\/#organization\"},\"inLanguage\":\"fr-FR\"},{\"@type\":\"Organization\",\"@id\":\"https:\\\/\\\/shop.bantam.ch\\\/fr\\\/#organization\",\"name\":\"Bantam Wankm\u00fcller SA\",\"url\":\"https:\\\/\\\/shop.bantam.ch\\\/fr\\\/\",\"logo\":{\"@type\":\"ImageObject\",\"inLanguage\":\"fr-FR\",\"@id\":\"https:\\\/\\\/shop.bantam.ch\\\/fr\\\/#\\\/schema\\\/logo\\\/image\\\/\",\"url\":\"https:\\\/\\\/shop.bantam.ch\\\/wp-content\\\/uploads\\\/2022\\\/12\\\/bantam-logo.png\",\"contentUrl\":\"https:\\\/\\\/shop.bantam.ch\\\/wp-content\\\/uploads\\\/2022\\\/12\\\/bantam-logo.png\",\"width\":320,\"height\":71,\"caption\":\"Bantam Wankm\u00fcller SA\"},\"image\":{\"@id\":\"https:\\\/\\\/shop.bantam.ch\\\/fr\\\/#\\\/schema\\\/logo\\\/image\\\/\"}}]}<\/script>\n<!-- \/ Yoast SEO plugin. -->","yoast_head_json":{"title":"K\u00fcmmerly+Frey \u2013 Sortir et faire de l\u2019E-Bike : Circuits en boucle Suisse centrale \u2013 Guide E-Bike - Bantam Wankm\u00fcller SA","robots":{"index":"index","follow":"follow","max-snippet":"max-snippet:-1","max-image-preview":"max-image-preview:large","max-video-preview":"max-video-preview:-1"},"canonical":"https:\/\/shop.bantam.ch\/fr\/produit\/kummerlyfrey-sortir-et-faire-de-le-bike-circuits-en-boucle-suisse-centrale-guide-e-bike\/","og_locale":"fr_FR","og_type":"article","og_title":"K\u00fcmmerly+Frey \u2013 Sortir et faire de l\u2019E-Bike : Circuits en boucle Suisse centrale \u2013 Guide E-Bike - Bantam Wankm\u00fcller SA","og_description":"Sortir et faire de l\u2019E-Bike avec le guide outdoor richement illustr\u00e9 de K\u00fcmmerly+Frey. Faire de l\u2019E-Bike en Suisse centrale : douces pr\u00e9-Alpes, lacs scintillants et itin\u00e9raires panoramiques font de chaque circuit en boucle une exp\u00e9rience particuli\u00e8re. Sur des parcours vari\u00e9s de 20 \u00e0 90 km, adapt\u00e9s \u00e0 diff\u00e9rents niveaux et envies, vous explorez les collines [&hellip;]","og_url":"https:\/\/shop.bantam.ch\/fr\/produit\/kummerlyfrey-sortir-et-faire-de-le-bike-circuits-en-boucle-suisse-centrale-guide-e-bike\/","og_site_name":"Bantam Wankm\u00fcller SA","article_modified_time":"2026-04-17T21:59:10+00:00","og_image":[{"width":120,"height":180,"url":"https:\/\/shop.bantam.ch\/wp-content\/uploads\/2026\/03\/76326027.jpg","type":"image\/jpeg"}],"twitter_card":"summary_large_image","twitter_misc":{"Dur\u00e9e de lecture estim\u00e9e":"1 minute"},"schema":{"@context":"https:\/\/schema.org","@graph":[{"@type":"WebPage","@id":"https:\/\/shop.bantam.ch\/fr\/produit\/kummerlyfrey-sortir-et-faire-de-le-bike-circuits-en-boucle-suisse-centrale-guide-e-bike\/","url":"https:\/\/shop.bantam.ch\/fr\/produit\/kummerlyfrey-sortir-et-faire-de-le-bike-circuits-en-boucle-suisse-centrale-guide-e-bike\/","name":"K\u00fcmmerly+Frey \u2013 Sortir et faire de l\u2019E-Bike : Circuits en boucle Suisse centrale \u2013 Guide E-Bike - Bantam Wankm\u00fcller SA","isPartOf":{"@id":"https:\/\/shop.bantam.ch\/fr\/#website"},"primaryImageOfPage":{"@id":"https:\/\/shop.bantam.ch\/fr\/produit\/kummerlyfrey-sortir-et-faire-de-le-bike-circuits-en-boucle-suisse-centrale-guide-e-bike\/#primaryimage"},"image":{"@id":"https:\/\/shop.bantam.ch\/fr\/produit\/kummerlyfrey-sortir-et-faire-de-le-bike-circuits-en-boucle-suisse-centrale-guide-e-bike\/#primaryimage"},"thumbnailUrl":"https:\/\/shop.bantam.ch\/wp-content\/uploads\/2026\/03\/76326027.jpg","datePublished":"2026-03-31T14:32:45+00:00","dateModified":"2026-04-17T21:59:10+00:00","breadcrumb":{"@id":"https:\/\/shop.bantam.ch\/fr\/produit\/kummerlyfrey-sortir-et-faire-de-le-bike-circuits-en-boucle-suisse-centrale-guide-e-bike\/#breadcrumb"},"inLanguage":"fr-FR","potentialAction":[{"@type":"ReadAction","target":["https:\/\/shop.bantam.ch\/fr\/produit\/kummerlyfrey-sortir-et-faire-de-le-bike-circuits-en-boucle-suisse-centrale-guide-e-bike\/"]}]},{"@type":"ImageObject","inLanguage":"fr-FR","@id":"https:\/\/shop.bantam.ch\/fr\/produit\/kummerlyfrey-sortir-et-faire-de-le-bike-circuits-en-boucle-suisse-centrale-guide-e-bike\/#primaryimage","url":"https:\/\/shop.bantam.ch\/wp-content\/uploads\/2026\/03\/76326027.jpg","contentUrl":"https:\/\/shop.bantam.ch\/wp-content\/uploads\/2026\/03\/76326027.jpg","width":120,"height":180},{"@type":"BreadcrumbList","@id":"https:\/\/shop.bantam.ch\/fr\/produit\/kummerlyfrey-sortir-et-faire-de-le-bike-circuits-en-boucle-suisse-centrale-guide-e-bike\/#breadcrumb","itemListElement":[{"@type":"ListItem","position":1,"name":"Accueil","item":"https:\/\/shop.bantam.ch\/fr\/"},{"@type":"ListItem","position":2,"name":"Boutique","item":"https:\/\/shop.bantam.ch\/fr\/boutique\/"},{"@type":"ListItem","position":3,"name":"K\u00fcmmerly+Frey \u2013 Sortir et faire de l\u2019E-Bike : Circuits en boucle Suisse centrale \u2013 Guide E-Bike"}]},{"@type":"WebSite","@id":"https:\/\/shop.bantam.ch\/fr\/#website","url":"https:\/\/shop.bantam.ch\/fr\/","name":"Bantam Wankm\u00fcller SA","description":"","publisher":{"@id":"https:\/\/shop.bantam.ch\/fr\/#organization"},"inLanguage":"fr-FR"},{"@type":"Organization","@id":"https:\/\/shop.bantam.ch\/fr\/#organization","name":"Bantam Wankm\u00fcller SA","url":"https:\/\/shop.bantam.ch\/fr\/","logo":{"@type":"ImageObject","inLanguage":"fr-FR","@id":"https:\/\/shop.bantam.ch\/fr\/#\/schema\/logo\/image\/","url":"https:\/\/shop.bantam.ch\/wp-content\/uploads\/2022\/12\/bantam-logo.png","contentUrl":"https:\/\/shop.bantam.ch\/wp-content\/uploads\/2022\/12\/bantam-logo.png","width":320,"height":71,"caption":"Bantam Wankm\u00fcller SA"},"image":{"@id":"https:\/\/shop.bantam.ch\/fr\/#\/schema\/logo\/image\/"}}]}},"_links":{"self":[{"href":"https:\/\/shop.bantam.ch\/fr\/wp-json\/wp\/v2\/product\/235376","targetHints":{"allow":["GET"]}}],"collection":[{"href":"https:\/\/shop.bantam.ch\/fr\/wp-json\/wp\/v2\/product"}],"about":[{"href":"https:\/\/shop.bantam.ch\/fr\/wp-json\/wp\/v2\/types\/product"}],"wp:featuredmedia":[{"embeddable":true,"href":"https:\/\/shop.bantam.ch\/fr\/wp-json\/wp\/v2\/media\/235374"}],"wp:attachment":[{"href":"https:\/\/shop.bantam.ch\/fr\/wp-json\/wp\/v2\/media?parent=235376"}],"wp:term":[{"taxonomy":"product_featured_cat","embeddable":true,"href":"https:\/\/shop.bantam.ch\/fr\/wp-json\/wp\/v2\/product_featured_cat?post=235376"},{"taxonomy":"product_brand","embeddable":true,"href":"https:\/\/shop.bantam.ch\/fr\/wp-json\/wp\/v2\/product_brand?post=235376"},{"taxonomy":"product_cat","embeddable":true,"href":"https:\/\/shop.bantam.ch\/fr\/wp-json\/wp\/v2\/product_cat?post=235376"},{"taxonomy":"product_tag","embeddable":true,"href":"https:\/\/shop.bantam.ch\/fr\/wp-json\/wp\/v2\/product_tag?post=235376"}],"curies":[{"name":"wp","href":"https:\/\/api.w.org\/{rel}","templated":true}]}}