{"id":235368,"date":"2026-03-31T16:26:59","date_gmt":"2026-03-31T14:26:59","guid":{"rendered":"https:\/\/shop.bantam.ch\/produit\/kummerlyfrey-sortir-et-randonner-sentiers-panoramiques-guide-de-randonnee\/"},"modified":"2026-04-17T23:59:04","modified_gmt":"2026-04-17T21:59:04","slug":"kummerlyfrey-sortir-et-randonner-sentiers-panoramiques-guide-de-randonnee","status":"publish","type":"product","link":"https:\/\/shop.bantam.ch\/fr\/produit\/kummerlyfrey-sortir-et-randonner-sentiers-panoramiques-guide-de-randonnee\/","title":{"rendered":"K\u00fcmmerly+Frey \u2013 Sortir et randonner : Sentiers panoramiques \u2013 Guide de randonn\u00e9e"},"content":{"rendered":"<p>La combinaison d\u2019un guide outdoor et d\u2019un livre illustr\u00e9 caract\u00e9rise cette collection, qui regroupe des th\u00e8mes de randonn\u00e9e et de v\u00e9lo. Au c\u0153ur des parcours se trouvent des moments \u201cRaus\u201d, favorisant la d\u00e9tente et le ralentissement, la pleine conscience et une connexion avec la nature. Ils constituent le point fort de chacune des 25 \u00e0 30 randonn\u00e9es ou \u00e9tapes. Les descriptions des itin\u00e9raires sont compl\u00e9t\u00e9es par : des profils d\u2019altitude, des d\u00e9tails cartographiques, des informations pratiques comme les lieux de restauration et l\u2019acc\u00e8s, ainsi que des trac\u00e9s GPS t\u00e9l\u00e9chargeables. Pour le volume \u00ab Sentiers panoramiques Suisse \u00bb, Yvonne Z\u00fcrrer et Claudia Ruf de WegWandern.ch ont mis leur expertise \u00e0 disposition et ont s\u00e9lectionn\u00e9 30 itin\u00e9raires panoramiques qui valent l\u2019effort de la mont\u00e9e. Les paysages naturels vari\u00e9s de Suisse offrent des vues \u00e0 couper le souffle, des classiques comme le Panorama-H\u00f6henweg de l\u2019Aletsch \u00e0 des parcours moins connus tels que le Wildheupfad dans les Alpes d\u2019Uri. Alors, n\u2019attendez plus et sortez prendre l\u2019air frais !<\/p>\n","protected":false},"excerpt":{"rendered":"<p>La combinaison d\u2019un guide outdoor et d\u2019un livre illustr\u00e9 caract\u00e9rise cette collection, qui regroupe des th\u00e8mes de randonn\u00e9e et de v\u00e9lo. Au c\u0153ur des parcours se trouvent des moments \u201cRaus\u201d, favorisant la d\u00e9tente et le ralentissement, la pleine conscience et une connexion avec la nature. Ils constituent le point fort de chacune des 25 \u00e0 [&hellip;]<\/p>\n","protected":false},"featured_media":235366,"template":"","meta":{"_acf_changed":false},"product_featured_cat":[],"product_brand":[3692],"product_cat":[4351],"product_tag":[],"class_list":{"0":"post-235368","1":"product","2":"type-product","3":"status-publish","4":"has-post-thumbnail","6":"product_brand-kummerly-frey","7":"product_cat-guides-de-voyage","9":"first","10":"instock","11":"taxable","12":"shipping-taxable","13":"purchasable","14":"product-type-simple"},"acf":[],"yoast_head":"<!-- This site is optimized with the Yoast SEO plugin v27.4 - https:\/\/yoast.com\/product\/yoast-seo-wordpress\/ -->\n<title>K\u00fcmmerly+Frey \u2013 Sortir et randonner : Sentiers panoramiques \u2013 Guide de randonn\u00e9e - Bantam Wankm\u00fcller SA<\/title>\n<meta name=\"robots\" content=\"index, follow, max-snippet:-1, max-image-preview:large, max-video-preview:-1\" \/>\n<link rel=\"canonical\" href=\"https:\/\/shop.bantam.ch\/fr\/produit\/kummerlyfrey-sortir-et-randonner-sentiers-panoramiques-guide-de-randonnee\/\" \/>\n<meta property=\"og:locale\" content=\"fr_FR\" \/>\n<meta property=\"og:type\" content=\"article\" \/>\n<meta property=\"og:title\" content=\"K\u00fcmmerly+Frey \u2013 Sortir et randonner : Sentiers panoramiques \u2013 Guide de randonn\u00e9e - Bantam Wankm\u00fcller SA\" \/>\n<meta property=\"og:description\" content=\"La combinaison d\u2019un guide outdoor et d\u2019un livre illustr\u00e9 caract\u00e9rise cette collection, qui regroupe des th\u00e8mes de randonn\u00e9e et de v\u00e9lo. Au c\u0153ur des parcours se trouvent des moments \u201cRaus\u201d, favorisant la d\u00e9tente et le ralentissement, la pleine conscience et une connexion avec la nature. Ils constituent le point fort de chacune des 25 \u00e0 [&hellip;]\" \/>\n<meta property=\"og:url\" content=\"https:\/\/shop.bantam.ch\/fr\/produit\/kummerlyfrey-sortir-et-randonner-sentiers-panoramiques-guide-de-randonnee\/\" \/>\n<meta property=\"og:site_name\" content=\"Bantam Wankm\u00fcller SA\" \/>\n<meta property=\"article:modified_time\" content=\"2026-04-17T21:59:04+00:00\" \/>\n<meta property=\"og:image\" content=\"https:\/\/shop.bantam.ch\/wp-content\/uploads\/2026\/03\/76326025.jpg\" \/>\n\t<meta property=\"og:image:width\" content=\"119\" \/>\n\t<meta property=\"og:image:height\" content=\"180\" \/>\n\t<meta property=\"og:image:type\" content=\"image\/jpeg\" \/>\n<meta name=\"twitter:card\" content=\"summary_large_image\" \/>\n<meta name=\"twitter:label1\" content=\"Dur\u00e9e de lecture estim\u00e9e\" \/>\n\t<meta name=\"twitter:data1\" content=\"1 minute\" \/>\n<script type=\"application\/ld+json\" class=\"yoast-schema-graph\">{\"@context\":\"https:\\\/\\\/schema.org\",\"@graph\":[{\"@type\":\"WebPage\",\"@id\":\"https:\\\/\\\/shop.bantam.ch\\\/fr\\\/produit\\\/kummerlyfrey-sortir-et-randonner-sentiers-panoramiques-guide-de-randonnee\\\/\",\"url\":\"https:\\\/\\\/shop.bantam.ch\\\/fr\\\/produit\\\/kummerlyfrey-sortir-et-randonner-sentiers-panoramiques-guide-de-randonnee\\\/\",\"name\":\"K\u00fcmmerly+Frey \u2013 Sortir et randonner : Sentiers panoramiques \u2013 Guide de randonn\u00e9e - Bantam Wankm\u00fcller SA\",\"isPartOf\":{\"@id\":\"https:\\\/\\\/shop.bantam.ch\\\/fr\\\/#website\"},\"primaryImageOfPage\":{\"@id\":\"https:\\\/\\\/shop.bantam.ch\\\/fr\\\/produit\\\/kummerlyfrey-sortir-et-randonner-sentiers-panoramiques-guide-de-randonnee\\\/#primaryimage\"},\"image\":{\"@id\":\"https:\\\/\\\/shop.bantam.ch\\\/fr\\\/produit\\\/kummerlyfrey-sortir-et-randonner-sentiers-panoramiques-guide-de-randonnee\\\/#primaryimage\"},\"thumbnailUrl\":\"https:\\\/\\\/shop.bantam.ch\\\/wp-content\\\/uploads\\\/2026\\\/03\\\/76326025.jpg\",\"datePublished\":\"2026-03-31T14:26:59+00:00\",\"dateModified\":\"2026-04-17T21:59:04+00:00\",\"breadcrumb\":{\"@id\":\"https:\\\/\\\/shop.bantam.ch\\\/fr\\\/produit\\\/kummerlyfrey-sortir-et-randonner-sentiers-panoramiques-guide-de-randonnee\\\/#breadcrumb\"},\"inLanguage\":\"fr-FR\",\"potentialAction\":[{\"@type\":\"ReadAction\",\"target\":[\"https:\\\/\\\/shop.bantam.ch\\\/fr\\\/produit\\\/kummerlyfrey-sortir-et-randonner-sentiers-panoramiques-guide-de-randonnee\\\/\"]}]},{\"@type\":\"ImageObject\",\"inLanguage\":\"fr-FR\",\"@id\":\"https:\\\/\\\/shop.bantam.ch\\\/fr\\\/produit\\\/kummerlyfrey-sortir-et-randonner-sentiers-panoramiques-guide-de-randonnee\\\/#primaryimage\",\"url\":\"https:\\\/\\\/shop.bantam.ch\\\/wp-content\\\/uploads\\\/2026\\\/03\\\/76326025.jpg\",\"contentUrl\":\"https:\\\/\\\/shop.bantam.ch\\\/wp-content\\\/uploads\\\/2026\\\/03\\\/76326025.jpg\",\"width\":119,\"height\":180},{\"@type\":\"BreadcrumbList\",\"@id\":\"https:\\\/\\\/shop.bantam.ch\\\/fr\\\/produit\\\/kummerlyfrey-sortir-et-randonner-sentiers-panoramiques-guide-de-randonnee\\\/#breadcrumb\",\"itemListElement\":[{\"@type\":\"ListItem\",\"position\":1,\"name\":\"Accueil\",\"item\":\"https:\\\/\\\/shop.bantam.ch\\\/fr\\\/\"},{\"@type\":\"ListItem\",\"position\":2,\"name\":\"Boutique\",\"item\":\"https:\\\/\\\/shop.bantam.ch\\\/fr\\\/boutique\\\/\"},{\"@type\":\"ListItem\",\"position\":3,\"name\":\"K\u00fcmmerly+Frey \u2013 Sortir et randonner : Sentiers panoramiques \u2013 Guide de randonn\u00e9e\"}]},{\"@type\":\"WebSite\",\"@id\":\"https:\\\/\\\/shop.bantam.ch\\\/fr\\\/#website\",\"url\":\"https:\\\/\\\/shop.bantam.ch\\\/fr\\\/\",\"name\":\"Bantam Wankm\u00fcller SA\",\"description\":\"\",\"publisher\":{\"@id\":\"https:\\\/\\\/shop.bantam.ch\\\/fr\\\/#organization\"},\"inLanguage\":\"fr-FR\"},{\"@type\":\"Organization\",\"@id\":\"https:\\\/\\\/shop.bantam.ch\\\/fr\\\/#organization\",\"name\":\"Bantam Wankm\u00fcller SA\",\"url\":\"https:\\\/\\\/shop.bantam.ch\\\/fr\\\/\",\"logo\":{\"@type\":\"ImageObject\",\"inLanguage\":\"fr-FR\",\"@id\":\"https:\\\/\\\/shop.bantam.ch\\\/fr\\\/#\\\/schema\\\/logo\\\/image\\\/\",\"url\":\"https:\\\/\\\/shop.bantam.ch\\\/wp-content\\\/uploads\\\/2022\\\/12\\\/bantam-logo.png\",\"contentUrl\":\"https:\\\/\\\/shop.bantam.ch\\\/wp-content\\\/uploads\\\/2022\\\/12\\\/bantam-logo.png\",\"width\":320,\"height\":71,\"caption\":\"Bantam Wankm\u00fcller SA\"},\"image\":{\"@id\":\"https:\\\/\\\/shop.bantam.ch\\\/fr\\\/#\\\/schema\\\/logo\\\/image\\\/\"}}]}<\/script>\n<!-- \/ Yoast SEO plugin. -->","yoast_head_json":{"title":"K\u00fcmmerly+Frey \u2013 Sortir et randonner : Sentiers panoramiques \u2013 Guide de randonn\u00e9e - Bantam Wankm\u00fcller SA","robots":{"index":"index","follow":"follow","max-snippet":"max-snippet:-1","max-image-preview":"max-image-preview:large","max-video-preview":"max-video-preview:-1"},"canonical":"https:\/\/shop.bantam.ch\/fr\/produit\/kummerlyfrey-sortir-et-randonner-sentiers-panoramiques-guide-de-randonnee\/","og_locale":"fr_FR","og_type":"article","og_title":"K\u00fcmmerly+Frey \u2013 Sortir et randonner : Sentiers panoramiques \u2013 Guide de randonn\u00e9e - Bantam Wankm\u00fcller SA","og_description":"La combinaison d\u2019un guide outdoor et d\u2019un livre illustr\u00e9 caract\u00e9rise cette collection, qui regroupe des th\u00e8mes de randonn\u00e9e et de v\u00e9lo. Au c\u0153ur des parcours se trouvent des moments \u201cRaus\u201d, favorisant la d\u00e9tente et le ralentissement, la pleine conscience et une connexion avec la nature. Ils constituent le point fort de chacune des 25 \u00e0 [&hellip;]","og_url":"https:\/\/shop.bantam.ch\/fr\/produit\/kummerlyfrey-sortir-et-randonner-sentiers-panoramiques-guide-de-randonnee\/","og_site_name":"Bantam Wankm\u00fcller SA","article_modified_time":"2026-04-17T21:59:04+00:00","og_image":[{"width":119,"height":180,"url":"https:\/\/shop.bantam.ch\/wp-content\/uploads\/2026\/03\/76326025.jpg","type":"image\/jpeg"}],"twitter_card":"summary_large_image","twitter_misc":{"Dur\u00e9e de lecture estim\u00e9e":"1 minute"},"schema":{"@context":"https:\/\/schema.org","@graph":[{"@type":"WebPage","@id":"https:\/\/shop.bantam.ch\/fr\/produit\/kummerlyfrey-sortir-et-randonner-sentiers-panoramiques-guide-de-randonnee\/","url":"https:\/\/shop.bantam.ch\/fr\/produit\/kummerlyfrey-sortir-et-randonner-sentiers-panoramiques-guide-de-randonnee\/","name":"K\u00fcmmerly+Frey \u2013 Sortir et randonner : Sentiers panoramiques \u2013 Guide de randonn\u00e9e - Bantam Wankm\u00fcller SA","isPartOf":{"@id":"https:\/\/shop.bantam.ch\/fr\/#website"},"primaryImageOfPage":{"@id":"https:\/\/shop.bantam.ch\/fr\/produit\/kummerlyfrey-sortir-et-randonner-sentiers-panoramiques-guide-de-randonnee\/#primaryimage"},"image":{"@id":"https:\/\/shop.bantam.ch\/fr\/produit\/kummerlyfrey-sortir-et-randonner-sentiers-panoramiques-guide-de-randonnee\/#primaryimage"},"thumbnailUrl":"https:\/\/shop.bantam.ch\/wp-content\/uploads\/2026\/03\/76326025.jpg","datePublished":"2026-03-31T14:26:59+00:00","dateModified":"2026-04-17T21:59:04+00:00","breadcrumb":{"@id":"https:\/\/shop.bantam.ch\/fr\/produit\/kummerlyfrey-sortir-et-randonner-sentiers-panoramiques-guide-de-randonnee\/#breadcrumb"},"inLanguage":"fr-FR","potentialAction":[{"@type":"ReadAction","target":["https:\/\/shop.bantam.ch\/fr\/produit\/kummerlyfrey-sortir-et-randonner-sentiers-panoramiques-guide-de-randonnee\/"]}]},{"@type":"ImageObject","inLanguage":"fr-FR","@id":"https:\/\/shop.bantam.ch\/fr\/produit\/kummerlyfrey-sortir-et-randonner-sentiers-panoramiques-guide-de-randonnee\/#primaryimage","url":"https:\/\/shop.bantam.ch\/wp-content\/uploads\/2026\/03\/76326025.jpg","contentUrl":"https:\/\/shop.bantam.ch\/wp-content\/uploads\/2026\/03\/76326025.jpg","width":119,"height":180},{"@type":"BreadcrumbList","@id":"https:\/\/shop.bantam.ch\/fr\/produit\/kummerlyfrey-sortir-et-randonner-sentiers-panoramiques-guide-de-randonnee\/#breadcrumb","itemListElement":[{"@type":"ListItem","position":1,"name":"Accueil","item":"https:\/\/shop.bantam.ch\/fr\/"},{"@type":"ListItem","position":2,"name":"Boutique","item":"https:\/\/shop.bantam.ch\/fr\/boutique\/"},{"@type":"ListItem","position":3,"name":"K\u00fcmmerly+Frey \u2013 Sortir et randonner : Sentiers panoramiques \u2013 Guide de randonn\u00e9e"}]},{"@type":"WebSite","@id":"https:\/\/shop.bantam.ch\/fr\/#website","url":"https:\/\/shop.bantam.ch\/fr\/","name":"Bantam Wankm\u00fcller SA","description":"","publisher":{"@id":"https:\/\/shop.bantam.ch\/fr\/#organization"},"inLanguage":"fr-FR"},{"@type":"Organization","@id":"https:\/\/shop.bantam.ch\/fr\/#organization","name":"Bantam Wankm\u00fcller SA","url":"https:\/\/shop.bantam.ch\/fr\/","logo":{"@type":"ImageObject","inLanguage":"fr-FR","@id":"https:\/\/shop.bantam.ch\/fr\/#\/schema\/logo\/image\/","url":"https:\/\/shop.bantam.ch\/wp-content\/uploads\/2022\/12\/bantam-logo.png","contentUrl":"https:\/\/shop.bantam.ch\/wp-content\/uploads\/2022\/12\/bantam-logo.png","width":320,"height":71,"caption":"Bantam Wankm\u00fcller SA"},"image":{"@id":"https:\/\/shop.bantam.ch\/fr\/#\/schema\/logo\/image\/"}}]}},"_links":{"self":[{"href":"https:\/\/shop.bantam.ch\/fr\/wp-json\/wp\/v2\/product\/235368","targetHints":{"allow":["GET"]}}],"collection":[{"href":"https:\/\/shop.bantam.ch\/fr\/wp-json\/wp\/v2\/product"}],"about":[{"href":"https:\/\/shop.bantam.ch\/fr\/wp-json\/wp\/v2\/types\/product"}],"wp:featuredmedia":[{"embeddable":true,"href":"https:\/\/shop.bantam.ch\/fr\/wp-json\/wp\/v2\/media\/235366"}],"wp:attachment":[{"href":"https:\/\/shop.bantam.ch\/fr\/wp-json\/wp\/v2\/media?parent=235368"}],"wp:term":[{"taxonomy":"product_featured_cat","embeddable":true,"href":"https:\/\/shop.bantam.ch\/fr\/wp-json\/wp\/v2\/product_featured_cat?post=235368"},{"taxonomy":"product_brand","embeddable":true,"href":"https:\/\/shop.bantam.ch\/fr\/wp-json\/wp\/v2\/product_brand?post=235368"},{"taxonomy":"product_cat","embeddable":true,"href":"https:\/\/shop.bantam.ch\/fr\/wp-json\/wp\/v2\/product_cat?post=235368"},{"taxonomy":"product_tag","embeddable":true,"href":"https:\/\/shop.bantam.ch\/fr\/wp-json\/wp\/v2\/product_tag?post=235368"}],"curies":[{"name":"wp","href":"https:\/\/api.w.org\/{rel}","templated":true}]}}