{"id":235364,"date":"2026-03-31T16:24:13","date_gmt":"2026-03-31T14:24:13","guid":{"rendered":"https:\/\/shop.bantam.ch\/produit\/kummerlyfrey-sortir-et-randonner-le-long-des-rivieres-guide-de-randonnee\/"},"modified":"2026-04-17T23:59:03","modified_gmt":"2026-04-17T21:59:03","slug":"kummerlyfrey-sortir-et-randonner-le-long-des-rivieres-guide-de-randonnee","status":"publish","type":"product","link":"https:\/\/shop.bantam.ch\/fr\/produit\/kummerlyfrey-sortir-et-randonner-le-long-des-rivieres-guide-de-randonnee\/","title":{"rendered":"K\u00fcmmerly+Frey \u2013 Sortir et randonner le long des rivi\u00e8res \u2013 Guide de randonn\u00e9e"},"content":{"rendered":"<p>Sortir et randonner en Suisse avec le guide outdoor richement illustr\u00e9 de K\u00fcmmerly+Frey. Quoi de plus agr\u00e9able qu\u2019une randonn\u00e9e le long d\u2019une rivi\u00e8re par une belle journ\u00e9e d\u2019\u00e9t\u00e9 ? Claudia Ruf et Yvonne Z\u00fcrrer de WegWandern.ch ont mis leur expertise \u00e0 contribution pour ce volume et ont s\u00e9lectionn\u00e9 30 parcours pittoresques qui donnent envie de chausser ses chaussures de randonn\u00e9e. Les paysages fluviaux vari\u00e9s de Suisse invitent \u00e0 des randonn\u00e9es diversifi\u00e9es : des sentiers calmes le long des rivi\u00e8res sinueuses jusqu\u2019aux chemins spectaculaires de gorges, serpentant \u00e0 travers des vall\u00e9es \u00e9troites et le long de cours d\u2019eau sauvages. Au c\u0153ur de ces itin\u00e9raires : des moments \u201cRaus\u201d, propices \u00e0 la d\u00e9tente et au ralentissement, qui cr\u00e9ent un lien avec la nature et constituent le point fort de chacune des 30 randonn\u00e9es vari\u00e9es. Les descriptions d\u00e9taill\u00e9es des parcours sont compl\u00e9t\u00e9es par : des profils d\u2019altitude, des d\u00e9tails cartographiques, des informations pratiques comme les lieux de restauration et l\u2019acc\u00e8s, ainsi que des trac\u00e9s GPS t\u00e9l\u00e9chargeables au format GPX. Alors, n\u2019attendez plus et sortez prendre l\u2019air frais !<\/p>\n","protected":false},"excerpt":{"rendered":"<p>Sortir et randonner en Suisse avec le guide outdoor richement illustr\u00e9 de K\u00fcmmerly+Frey. Quoi de plus agr\u00e9able qu\u2019une randonn\u00e9e le long d\u2019une rivi\u00e8re par une belle journ\u00e9e d\u2019\u00e9t\u00e9 ? Claudia Ruf et Yvonne Z\u00fcrrer de WegWandern.ch ont mis leur expertise \u00e0 contribution pour ce volume et ont s\u00e9lectionn\u00e9 30 parcours pittoresques qui donnent envie de [&hellip;]<\/p>\n","protected":false},"featured_media":235362,"template":"","meta":{"_acf_changed":false},"product_featured_cat":[],"product_brand":[3692],"product_cat":[4351],"product_tag":[],"class_list":{"0":"post-235364","1":"product","2":"type-product","3":"status-publish","4":"has-post-thumbnail","6":"product_brand-kummerly-frey","7":"product_cat-guides-de-voyage","9":"first","10":"instock","11":"taxable","12":"shipping-taxable","13":"purchasable","14":"product-type-simple"},"acf":[],"yoast_head":"<!-- This site is optimized with the Yoast SEO plugin v27.4 - https:\/\/yoast.com\/product\/yoast-seo-wordpress\/ -->\n<title>K\u00fcmmerly+Frey \u2013 Sortir et randonner le long des rivi\u00e8res \u2013 Guide de randonn\u00e9e - Bantam Wankm\u00fcller SA<\/title>\n<meta name=\"robots\" content=\"index, follow, max-snippet:-1, max-image-preview:large, max-video-preview:-1\" \/>\n<link rel=\"canonical\" href=\"https:\/\/shop.bantam.ch\/fr\/produit\/kummerlyfrey-sortir-et-randonner-le-long-des-rivieres-guide-de-randonnee\/\" \/>\n<meta property=\"og:locale\" content=\"fr_FR\" \/>\n<meta property=\"og:type\" content=\"article\" \/>\n<meta property=\"og:title\" content=\"K\u00fcmmerly+Frey \u2013 Sortir et randonner le long des rivi\u00e8res \u2013 Guide de randonn\u00e9e - Bantam Wankm\u00fcller SA\" \/>\n<meta property=\"og:description\" content=\"Sortir et randonner en Suisse avec le guide outdoor richement illustr\u00e9 de K\u00fcmmerly+Frey. Quoi de plus agr\u00e9able qu\u2019une randonn\u00e9e le long d\u2019une rivi\u00e8re par une belle journ\u00e9e d\u2019\u00e9t\u00e9 ? Claudia Ruf et Yvonne Z\u00fcrrer de WegWandern.ch ont mis leur expertise \u00e0 contribution pour ce volume et ont s\u00e9lectionn\u00e9 30 parcours pittoresques qui donnent envie de [&hellip;]\" \/>\n<meta property=\"og:url\" content=\"https:\/\/shop.bantam.ch\/fr\/produit\/kummerlyfrey-sortir-et-randonner-le-long-des-rivieres-guide-de-randonnee\/\" \/>\n<meta property=\"og:site_name\" content=\"Bantam Wankm\u00fcller SA\" \/>\n<meta property=\"article:modified_time\" content=\"2026-04-17T21:59:03+00:00\" \/>\n<meta property=\"og:image\" content=\"https:\/\/shop.bantam.ch\/wp-content\/uploads\/2026\/03\/76326024.jpg\" \/>\n\t<meta property=\"og:image:width\" content=\"120\" \/>\n\t<meta property=\"og:image:height\" content=\"180\" \/>\n\t<meta property=\"og:image:type\" content=\"image\/jpeg\" \/>\n<meta name=\"twitter:card\" content=\"summary_large_image\" \/>\n<meta name=\"twitter:label1\" content=\"Dur\u00e9e de lecture estim\u00e9e\" \/>\n\t<meta name=\"twitter:data1\" content=\"1 minute\" \/>\n<script type=\"application\/ld+json\" class=\"yoast-schema-graph\">{\"@context\":\"https:\\\/\\\/schema.org\",\"@graph\":[{\"@type\":\"WebPage\",\"@id\":\"https:\\\/\\\/shop.bantam.ch\\\/fr\\\/produit\\\/kummerlyfrey-sortir-et-randonner-le-long-des-rivieres-guide-de-randonnee\\\/\",\"url\":\"https:\\\/\\\/shop.bantam.ch\\\/fr\\\/produit\\\/kummerlyfrey-sortir-et-randonner-le-long-des-rivieres-guide-de-randonnee\\\/\",\"name\":\"K\u00fcmmerly+Frey \u2013 Sortir et randonner le long des rivi\u00e8res \u2013 Guide de randonn\u00e9e - Bantam Wankm\u00fcller SA\",\"isPartOf\":{\"@id\":\"https:\\\/\\\/shop.bantam.ch\\\/fr\\\/#website\"},\"primaryImageOfPage\":{\"@id\":\"https:\\\/\\\/shop.bantam.ch\\\/fr\\\/produit\\\/kummerlyfrey-sortir-et-randonner-le-long-des-rivieres-guide-de-randonnee\\\/#primaryimage\"},\"image\":{\"@id\":\"https:\\\/\\\/shop.bantam.ch\\\/fr\\\/produit\\\/kummerlyfrey-sortir-et-randonner-le-long-des-rivieres-guide-de-randonnee\\\/#primaryimage\"},\"thumbnailUrl\":\"https:\\\/\\\/shop.bantam.ch\\\/wp-content\\\/uploads\\\/2026\\\/03\\\/76326024.jpg\",\"datePublished\":\"2026-03-31T14:24:13+00:00\",\"dateModified\":\"2026-04-17T21:59:03+00:00\",\"breadcrumb\":{\"@id\":\"https:\\\/\\\/shop.bantam.ch\\\/fr\\\/produit\\\/kummerlyfrey-sortir-et-randonner-le-long-des-rivieres-guide-de-randonnee\\\/#breadcrumb\"},\"inLanguage\":\"fr-FR\",\"potentialAction\":[{\"@type\":\"ReadAction\",\"target\":[\"https:\\\/\\\/shop.bantam.ch\\\/fr\\\/produit\\\/kummerlyfrey-sortir-et-randonner-le-long-des-rivieres-guide-de-randonnee\\\/\"]}]},{\"@type\":\"ImageObject\",\"inLanguage\":\"fr-FR\",\"@id\":\"https:\\\/\\\/shop.bantam.ch\\\/fr\\\/produit\\\/kummerlyfrey-sortir-et-randonner-le-long-des-rivieres-guide-de-randonnee\\\/#primaryimage\",\"url\":\"https:\\\/\\\/shop.bantam.ch\\\/wp-content\\\/uploads\\\/2026\\\/03\\\/76326024.jpg\",\"contentUrl\":\"https:\\\/\\\/shop.bantam.ch\\\/wp-content\\\/uploads\\\/2026\\\/03\\\/76326024.jpg\",\"width\":120,\"height\":180},{\"@type\":\"BreadcrumbList\",\"@id\":\"https:\\\/\\\/shop.bantam.ch\\\/fr\\\/produit\\\/kummerlyfrey-sortir-et-randonner-le-long-des-rivieres-guide-de-randonnee\\\/#breadcrumb\",\"itemListElement\":[{\"@type\":\"ListItem\",\"position\":1,\"name\":\"Accueil\",\"item\":\"https:\\\/\\\/shop.bantam.ch\\\/fr\\\/\"},{\"@type\":\"ListItem\",\"position\":2,\"name\":\"Boutique\",\"item\":\"https:\\\/\\\/shop.bantam.ch\\\/fr\\\/boutique\\\/\"},{\"@type\":\"ListItem\",\"position\":3,\"name\":\"K\u00fcmmerly+Frey \u2013 Sortir et randonner le long des rivi\u00e8res \u2013 Guide de randonn\u00e9e\"}]},{\"@type\":\"WebSite\",\"@id\":\"https:\\\/\\\/shop.bantam.ch\\\/fr\\\/#website\",\"url\":\"https:\\\/\\\/shop.bantam.ch\\\/fr\\\/\",\"name\":\"Bantam Wankm\u00fcller SA\",\"description\":\"\",\"publisher\":{\"@id\":\"https:\\\/\\\/shop.bantam.ch\\\/fr\\\/#organization\"},\"inLanguage\":\"fr-FR\"},{\"@type\":\"Organization\",\"@id\":\"https:\\\/\\\/shop.bantam.ch\\\/fr\\\/#organization\",\"name\":\"Bantam Wankm\u00fcller SA\",\"url\":\"https:\\\/\\\/shop.bantam.ch\\\/fr\\\/\",\"logo\":{\"@type\":\"ImageObject\",\"inLanguage\":\"fr-FR\",\"@id\":\"https:\\\/\\\/shop.bantam.ch\\\/fr\\\/#\\\/schema\\\/logo\\\/image\\\/\",\"url\":\"https:\\\/\\\/shop.bantam.ch\\\/wp-content\\\/uploads\\\/2022\\\/12\\\/bantam-logo.png\",\"contentUrl\":\"https:\\\/\\\/shop.bantam.ch\\\/wp-content\\\/uploads\\\/2022\\\/12\\\/bantam-logo.png\",\"width\":320,\"height\":71,\"caption\":\"Bantam Wankm\u00fcller SA\"},\"image\":{\"@id\":\"https:\\\/\\\/shop.bantam.ch\\\/fr\\\/#\\\/schema\\\/logo\\\/image\\\/\"}}]}<\/script>\n<!-- \/ Yoast SEO plugin. -->","yoast_head_json":{"title":"K\u00fcmmerly+Frey \u2013 Sortir et randonner le long des rivi\u00e8res \u2013 Guide de randonn\u00e9e - Bantam Wankm\u00fcller SA","robots":{"index":"index","follow":"follow","max-snippet":"max-snippet:-1","max-image-preview":"max-image-preview:large","max-video-preview":"max-video-preview:-1"},"canonical":"https:\/\/shop.bantam.ch\/fr\/produit\/kummerlyfrey-sortir-et-randonner-le-long-des-rivieres-guide-de-randonnee\/","og_locale":"fr_FR","og_type":"article","og_title":"K\u00fcmmerly+Frey \u2013 Sortir et randonner le long des rivi\u00e8res \u2013 Guide de randonn\u00e9e - Bantam Wankm\u00fcller SA","og_description":"Sortir et randonner en Suisse avec le guide outdoor richement illustr\u00e9 de K\u00fcmmerly+Frey. Quoi de plus agr\u00e9able qu\u2019une randonn\u00e9e le long d\u2019une rivi\u00e8re par une belle journ\u00e9e d\u2019\u00e9t\u00e9 ? Claudia Ruf et Yvonne Z\u00fcrrer de WegWandern.ch ont mis leur expertise \u00e0 contribution pour ce volume et ont s\u00e9lectionn\u00e9 30 parcours pittoresques qui donnent envie de [&hellip;]","og_url":"https:\/\/shop.bantam.ch\/fr\/produit\/kummerlyfrey-sortir-et-randonner-le-long-des-rivieres-guide-de-randonnee\/","og_site_name":"Bantam Wankm\u00fcller SA","article_modified_time":"2026-04-17T21:59:03+00:00","og_image":[{"width":120,"height":180,"url":"https:\/\/shop.bantam.ch\/wp-content\/uploads\/2026\/03\/76326024.jpg","type":"image\/jpeg"}],"twitter_card":"summary_large_image","twitter_misc":{"Dur\u00e9e de lecture estim\u00e9e":"1 minute"},"schema":{"@context":"https:\/\/schema.org","@graph":[{"@type":"WebPage","@id":"https:\/\/shop.bantam.ch\/fr\/produit\/kummerlyfrey-sortir-et-randonner-le-long-des-rivieres-guide-de-randonnee\/","url":"https:\/\/shop.bantam.ch\/fr\/produit\/kummerlyfrey-sortir-et-randonner-le-long-des-rivieres-guide-de-randonnee\/","name":"K\u00fcmmerly+Frey \u2013 Sortir et randonner le long des rivi\u00e8res \u2013 Guide de randonn\u00e9e - Bantam Wankm\u00fcller SA","isPartOf":{"@id":"https:\/\/shop.bantam.ch\/fr\/#website"},"primaryImageOfPage":{"@id":"https:\/\/shop.bantam.ch\/fr\/produit\/kummerlyfrey-sortir-et-randonner-le-long-des-rivieres-guide-de-randonnee\/#primaryimage"},"image":{"@id":"https:\/\/shop.bantam.ch\/fr\/produit\/kummerlyfrey-sortir-et-randonner-le-long-des-rivieres-guide-de-randonnee\/#primaryimage"},"thumbnailUrl":"https:\/\/shop.bantam.ch\/wp-content\/uploads\/2026\/03\/76326024.jpg","datePublished":"2026-03-31T14:24:13+00:00","dateModified":"2026-04-17T21:59:03+00:00","breadcrumb":{"@id":"https:\/\/shop.bantam.ch\/fr\/produit\/kummerlyfrey-sortir-et-randonner-le-long-des-rivieres-guide-de-randonnee\/#breadcrumb"},"inLanguage":"fr-FR","potentialAction":[{"@type":"ReadAction","target":["https:\/\/shop.bantam.ch\/fr\/produit\/kummerlyfrey-sortir-et-randonner-le-long-des-rivieres-guide-de-randonnee\/"]}]},{"@type":"ImageObject","inLanguage":"fr-FR","@id":"https:\/\/shop.bantam.ch\/fr\/produit\/kummerlyfrey-sortir-et-randonner-le-long-des-rivieres-guide-de-randonnee\/#primaryimage","url":"https:\/\/shop.bantam.ch\/wp-content\/uploads\/2026\/03\/76326024.jpg","contentUrl":"https:\/\/shop.bantam.ch\/wp-content\/uploads\/2026\/03\/76326024.jpg","width":120,"height":180},{"@type":"BreadcrumbList","@id":"https:\/\/shop.bantam.ch\/fr\/produit\/kummerlyfrey-sortir-et-randonner-le-long-des-rivieres-guide-de-randonnee\/#breadcrumb","itemListElement":[{"@type":"ListItem","position":1,"name":"Accueil","item":"https:\/\/shop.bantam.ch\/fr\/"},{"@type":"ListItem","position":2,"name":"Boutique","item":"https:\/\/shop.bantam.ch\/fr\/boutique\/"},{"@type":"ListItem","position":3,"name":"K\u00fcmmerly+Frey \u2013 Sortir et randonner le long des rivi\u00e8res \u2013 Guide de randonn\u00e9e"}]},{"@type":"WebSite","@id":"https:\/\/shop.bantam.ch\/fr\/#website","url":"https:\/\/shop.bantam.ch\/fr\/","name":"Bantam Wankm\u00fcller SA","description":"","publisher":{"@id":"https:\/\/shop.bantam.ch\/fr\/#organization"},"inLanguage":"fr-FR"},{"@type":"Organization","@id":"https:\/\/shop.bantam.ch\/fr\/#organization","name":"Bantam Wankm\u00fcller SA","url":"https:\/\/shop.bantam.ch\/fr\/","logo":{"@type":"ImageObject","inLanguage":"fr-FR","@id":"https:\/\/shop.bantam.ch\/fr\/#\/schema\/logo\/image\/","url":"https:\/\/shop.bantam.ch\/wp-content\/uploads\/2022\/12\/bantam-logo.png","contentUrl":"https:\/\/shop.bantam.ch\/wp-content\/uploads\/2022\/12\/bantam-logo.png","width":320,"height":71,"caption":"Bantam Wankm\u00fcller SA"},"image":{"@id":"https:\/\/shop.bantam.ch\/fr\/#\/schema\/logo\/image\/"}}]}},"_links":{"self":[{"href":"https:\/\/shop.bantam.ch\/fr\/wp-json\/wp\/v2\/product\/235364","targetHints":{"allow":["GET"]}}],"collection":[{"href":"https:\/\/shop.bantam.ch\/fr\/wp-json\/wp\/v2\/product"}],"about":[{"href":"https:\/\/shop.bantam.ch\/fr\/wp-json\/wp\/v2\/types\/product"}],"wp:featuredmedia":[{"embeddable":true,"href":"https:\/\/shop.bantam.ch\/fr\/wp-json\/wp\/v2\/media\/235362"}],"wp:attachment":[{"href":"https:\/\/shop.bantam.ch\/fr\/wp-json\/wp\/v2\/media?parent=235364"}],"wp:term":[{"taxonomy":"product_featured_cat","embeddable":true,"href":"https:\/\/shop.bantam.ch\/fr\/wp-json\/wp\/v2\/product_featured_cat?post=235364"},{"taxonomy":"product_brand","embeddable":true,"href":"https:\/\/shop.bantam.ch\/fr\/wp-json\/wp\/v2\/product_brand?post=235364"},{"taxonomy":"product_cat","embeddable":true,"href":"https:\/\/shop.bantam.ch\/fr\/wp-json\/wp\/v2\/product_cat?post=235364"},{"taxonomy":"product_tag","embeddable":true,"href":"https:\/\/shop.bantam.ch\/fr\/wp-json\/wp\/v2\/product_tag?post=235364"}],"curies":[{"name":"wp","href":"https:\/\/api.w.org\/{rel}","templated":true}]}}