{"id":235344,"date":"2026-03-31T16:09:46","date_gmt":"2026-03-31T14:09:46","guid":{"rendered":"https:\/\/shop.bantam.ch\/produit\/kummerlyfrey-suisse-experience-circuits-en-boucle-a-velo-guide\/"},"modified":"2026-05-11T23:56:37","modified_gmt":"2026-05-11T21:56:37","slug":"kummerlyfrey-suisse-experience-circuits-en-boucle-a-velo-guide","status":"publish","type":"product","link":"https:\/\/shop.bantam.ch\/fr\/produit\/kummerlyfrey-suisse-experience-circuits-en-boucle-a-velo-guide\/","title":{"rendered":"K\u00fcmmerly+Frey \u2013 Suisse Exp\u00e9rience : Circuits en boucle \u00e0 v\u00e9lo \u2013 Guide"},"content":{"rendered":"<p>Les circuits en boucle \u00e0 v\u00e9lo pr\u00e9sentent une s\u00e9lection exclusive des 61 plus belles boucles suisses, adapt\u00e9es \u00e0 tous les niveaux. Que ce soit sur des routes de cols en montagne, sur des chemins tranquilles dans les vall\u00e9es, le long des lacs ou des rivi\u00e8res, les cyclistes en qu\u00eate de plaisir y trouveront leur bonheur autant que les coureurs sportifs et ambitieux.<\/p>\n","protected":false},"excerpt":{"rendered":"<p>Les circuits en boucle \u00e0 v\u00e9lo pr\u00e9sentent une s\u00e9lection exclusive des 61 plus belles boucles suisses, adapt\u00e9es \u00e0 tous les niveaux. Que ce soit sur des routes de cols en montagne, sur des chemins tranquilles dans les vall\u00e9es, le long des lacs ou des rivi\u00e8res, les cyclistes en qu\u00eate de plaisir y trouveront leur bonheur [&hellip;]<\/p>\n","protected":false},"featured_media":235342,"template":"","meta":{"_acf_changed":false},"product_featured_cat":[],"product_brand":[3692],"product_cat":[4351],"product_tag":[],"class_list":{"0":"post-235344","1":"product","2":"type-product","3":"status-publish","4":"has-post-thumbnail","6":"product_brand-kummerly-frey","7":"product_cat-guides-de-voyage","9":"first","10":"instock","11":"taxable","12":"shipping-taxable","13":"purchasable","14":"product-type-simple"},"acf":[],"yoast_head":"<!-- This site is optimized with the Yoast SEO plugin v27.5 - https:\/\/yoast.com\/product\/yoast-seo-wordpress\/ -->\n<title>K\u00fcmmerly+Frey \u2013 Suisse Exp\u00e9rience : Circuits en boucle \u00e0 v\u00e9lo \u2013 Guide - Bantam<\/title>\n<meta name=\"robots\" content=\"index, follow, max-snippet:-1, max-image-preview:large, max-video-preview:-1\" \/>\n<link rel=\"canonical\" href=\"https:\/\/shop.bantam.ch\/fr\/produit\/kummerlyfrey-suisse-experience-circuits-en-boucle-a-velo-guide\/\" \/>\n<meta property=\"og:locale\" content=\"fr_FR\" \/>\n<meta property=\"og:type\" content=\"article\" \/>\n<meta property=\"og:title\" content=\"K\u00fcmmerly+Frey \u2013 Suisse Exp\u00e9rience : Circuits en boucle \u00e0 v\u00e9lo \u2013 Guide - Bantam\" \/>\n<meta property=\"og:description\" content=\"Les circuits en boucle \u00e0 v\u00e9lo pr\u00e9sentent une s\u00e9lection exclusive des 61 plus belles boucles suisses, adapt\u00e9es \u00e0 tous les niveaux. Que ce soit sur des routes de cols en montagne, sur des chemins tranquilles dans les vall\u00e9es, le long des lacs ou des rivi\u00e8res, les cyclistes en qu\u00eate de plaisir y trouveront leur bonheur [&hellip;]\" \/>\n<meta property=\"og:url\" content=\"https:\/\/shop.bantam.ch\/fr\/produit\/kummerlyfrey-suisse-experience-circuits-en-boucle-a-velo-guide\/\" \/>\n<meta property=\"og:site_name\" content=\"Bantam\" \/>\n<meta property=\"article:modified_time\" content=\"2026-05-11T21:56:37+00:00\" \/>\n<meta property=\"og:image\" content=\"https:\/\/shop.bantam.ch\/wp-content\/uploads\/2026\/03\/76326019.jpg\" \/>\n\t<meta property=\"og:image:width\" content=\"120\" \/>\n\t<meta property=\"og:image:height\" content=\"180\" \/>\n\t<meta property=\"og:image:type\" content=\"image\/jpeg\" \/>\n<meta name=\"twitter:card\" content=\"summary_large_image\" \/>\n<script type=\"application\/ld+json\" class=\"yoast-schema-graph\">{\"@context\":\"https:\\\/\\\/schema.org\",\"@graph\":[{\"@type\":\"WebPage\",\"@id\":\"https:\\\/\\\/shop.bantam.ch\\\/fr\\\/produit\\\/kummerlyfrey-suisse-experience-circuits-en-boucle-a-velo-guide\\\/\",\"url\":\"https:\\\/\\\/shop.bantam.ch\\\/fr\\\/produit\\\/kummerlyfrey-suisse-experience-circuits-en-boucle-a-velo-guide\\\/\",\"name\":\"K\u00fcmmerly+Frey \u2013 Suisse Exp\u00e9rience : Circuits en boucle \u00e0 v\u00e9lo \u2013 Guide - Bantam\",\"isPartOf\":{\"@id\":\"https:\\\/\\\/shop.bantam.ch\\\/fr\\\/#website\"},\"primaryImageOfPage\":{\"@id\":\"https:\\\/\\\/shop.bantam.ch\\\/fr\\\/produit\\\/kummerlyfrey-suisse-experience-circuits-en-boucle-a-velo-guide\\\/#primaryimage\"},\"image\":{\"@id\":\"https:\\\/\\\/shop.bantam.ch\\\/fr\\\/produit\\\/kummerlyfrey-suisse-experience-circuits-en-boucle-a-velo-guide\\\/#primaryimage\"},\"thumbnailUrl\":\"https:\\\/\\\/shop.bantam.ch\\\/wp-content\\\/uploads\\\/2026\\\/03\\\/76326019.jpg\",\"datePublished\":\"2026-03-31T14:09:46+00:00\",\"dateModified\":\"2026-05-11T21:56:37+00:00\",\"breadcrumb\":{\"@id\":\"https:\\\/\\\/shop.bantam.ch\\\/fr\\\/produit\\\/kummerlyfrey-suisse-experience-circuits-en-boucle-a-velo-guide\\\/#breadcrumb\"},\"inLanguage\":\"fr-FR\",\"potentialAction\":[{\"@type\":\"ReadAction\",\"target\":[\"https:\\\/\\\/shop.bantam.ch\\\/fr\\\/produit\\\/kummerlyfrey-suisse-experience-circuits-en-boucle-a-velo-guide\\\/\"]}]},{\"@type\":\"ImageObject\",\"inLanguage\":\"fr-FR\",\"@id\":\"https:\\\/\\\/shop.bantam.ch\\\/fr\\\/produit\\\/kummerlyfrey-suisse-experience-circuits-en-boucle-a-velo-guide\\\/#primaryimage\",\"url\":\"https:\\\/\\\/shop.bantam.ch\\\/wp-content\\\/uploads\\\/2026\\\/03\\\/76326019.jpg\",\"contentUrl\":\"https:\\\/\\\/shop.bantam.ch\\\/wp-content\\\/uploads\\\/2026\\\/03\\\/76326019.jpg\",\"width\":120,\"height\":180},{\"@type\":\"BreadcrumbList\",\"@id\":\"https:\\\/\\\/shop.bantam.ch\\\/fr\\\/produit\\\/kummerlyfrey-suisse-experience-circuits-en-boucle-a-velo-guide\\\/#breadcrumb\",\"itemListElement\":[{\"@type\":\"ListItem\",\"position\":1,\"name\":\"Accueil\",\"item\":\"https:\\\/\\\/shop.bantam.ch\\\/fr\\\/\"},{\"@type\":\"ListItem\",\"position\":2,\"name\":\"Boutique\",\"item\":\"https:\\\/\\\/shop.bantam.ch\\\/fr\\\/boutique\\\/\"},{\"@type\":\"ListItem\",\"position\":3,\"name\":\"K\u00fcmmerly+Frey \u2013 Suisse Exp\u00e9rience : Circuits en boucle \u00e0 v\u00e9lo \u2013 Guide\"}]},{\"@type\":\"WebSite\",\"@id\":\"https:\\\/\\\/shop.bantam.ch\\\/fr\\\/#website\",\"url\":\"https:\\\/\\\/shop.bantam.ch\\\/fr\\\/\",\"name\":\"Bantam\",\"description\":\"\",\"publisher\":{\"@id\":\"https:\\\/\\\/shop.bantam.ch\\\/fr\\\/#organization\"},\"inLanguage\":\"fr-FR\"},{\"@type\":\"Organization\",\"@id\":\"https:\\\/\\\/shop.bantam.ch\\\/fr\\\/#organization\",\"name\":\"Bantam\",\"url\":\"https:\\\/\\\/shop.bantam.ch\\\/fr\\\/\",\"logo\":{\"@type\":\"ImageObject\",\"inLanguage\":\"fr-FR\",\"@id\":\"https:\\\/\\\/shop.bantam.ch\\\/fr\\\/#\\\/schema\\\/logo\\\/image\\\/\",\"url\":\"https:\\\/\\\/shop.bantam.ch\\\/wp-content\\\/uploads\\\/2022\\\/12\\\/bantam-logo.png\",\"contentUrl\":\"https:\\\/\\\/shop.bantam.ch\\\/wp-content\\\/uploads\\\/2022\\\/12\\\/bantam-logo.png\",\"width\":320,\"height\":71,\"caption\":\"Bantam\"},\"image\":{\"@id\":\"https:\\\/\\\/shop.bantam.ch\\\/fr\\\/#\\\/schema\\\/logo\\\/image\\\/\"}}]}<\/script>\n<!-- \/ Yoast SEO plugin. -->","yoast_head_json":{"title":"K\u00fcmmerly+Frey \u2013 Suisse Exp\u00e9rience : Circuits en boucle \u00e0 v\u00e9lo \u2013 Guide - Bantam","robots":{"index":"index","follow":"follow","max-snippet":"max-snippet:-1","max-image-preview":"max-image-preview:large","max-video-preview":"max-video-preview:-1"},"canonical":"https:\/\/shop.bantam.ch\/fr\/produit\/kummerlyfrey-suisse-experience-circuits-en-boucle-a-velo-guide\/","og_locale":"fr_FR","og_type":"article","og_title":"K\u00fcmmerly+Frey \u2013 Suisse Exp\u00e9rience : Circuits en boucle \u00e0 v\u00e9lo \u2013 Guide - Bantam","og_description":"Les circuits en boucle \u00e0 v\u00e9lo pr\u00e9sentent une s\u00e9lection exclusive des 61 plus belles boucles suisses, adapt\u00e9es \u00e0 tous les niveaux. Que ce soit sur des routes de cols en montagne, sur des chemins tranquilles dans les vall\u00e9es, le long des lacs ou des rivi\u00e8res, les cyclistes en qu\u00eate de plaisir y trouveront leur bonheur [&hellip;]","og_url":"https:\/\/shop.bantam.ch\/fr\/produit\/kummerlyfrey-suisse-experience-circuits-en-boucle-a-velo-guide\/","og_site_name":"Bantam","article_modified_time":"2026-05-11T21:56:37+00:00","og_image":[{"width":120,"height":180,"url":"https:\/\/shop.bantam.ch\/wp-content\/uploads\/2026\/03\/76326019.jpg","type":"image\/jpeg"}],"twitter_card":"summary_large_image","schema":{"@context":"https:\/\/schema.org","@graph":[{"@type":"WebPage","@id":"https:\/\/shop.bantam.ch\/fr\/produit\/kummerlyfrey-suisse-experience-circuits-en-boucle-a-velo-guide\/","url":"https:\/\/shop.bantam.ch\/fr\/produit\/kummerlyfrey-suisse-experience-circuits-en-boucle-a-velo-guide\/","name":"K\u00fcmmerly+Frey \u2013 Suisse Exp\u00e9rience : Circuits en boucle \u00e0 v\u00e9lo \u2013 Guide - Bantam","isPartOf":{"@id":"https:\/\/shop.bantam.ch\/fr\/#website"},"primaryImageOfPage":{"@id":"https:\/\/shop.bantam.ch\/fr\/produit\/kummerlyfrey-suisse-experience-circuits-en-boucle-a-velo-guide\/#primaryimage"},"image":{"@id":"https:\/\/shop.bantam.ch\/fr\/produit\/kummerlyfrey-suisse-experience-circuits-en-boucle-a-velo-guide\/#primaryimage"},"thumbnailUrl":"https:\/\/shop.bantam.ch\/wp-content\/uploads\/2026\/03\/76326019.jpg","datePublished":"2026-03-31T14:09:46+00:00","dateModified":"2026-05-11T21:56:37+00:00","breadcrumb":{"@id":"https:\/\/shop.bantam.ch\/fr\/produit\/kummerlyfrey-suisse-experience-circuits-en-boucle-a-velo-guide\/#breadcrumb"},"inLanguage":"fr-FR","potentialAction":[{"@type":"ReadAction","target":["https:\/\/shop.bantam.ch\/fr\/produit\/kummerlyfrey-suisse-experience-circuits-en-boucle-a-velo-guide\/"]}]},{"@type":"ImageObject","inLanguage":"fr-FR","@id":"https:\/\/shop.bantam.ch\/fr\/produit\/kummerlyfrey-suisse-experience-circuits-en-boucle-a-velo-guide\/#primaryimage","url":"https:\/\/shop.bantam.ch\/wp-content\/uploads\/2026\/03\/76326019.jpg","contentUrl":"https:\/\/shop.bantam.ch\/wp-content\/uploads\/2026\/03\/76326019.jpg","width":120,"height":180},{"@type":"BreadcrumbList","@id":"https:\/\/shop.bantam.ch\/fr\/produit\/kummerlyfrey-suisse-experience-circuits-en-boucle-a-velo-guide\/#breadcrumb","itemListElement":[{"@type":"ListItem","position":1,"name":"Accueil","item":"https:\/\/shop.bantam.ch\/fr\/"},{"@type":"ListItem","position":2,"name":"Boutique","item":"https:\/\/shop.bantam.ch\/fr\/boutique\/"},{"@type":"ListItem","position":3,"name":"K\u00fcmmerly+Frey \u2013 Suisse Exp\u00e9rience : Circuits en boucle \u00e0 v\u00e9lo \u2013 Guide"}]},{"@type":"WebSite","@id":"https:\/\/shop.bantam.ch\/fr\/#website","url":"https:\/\/shop.bantam.ch\/fr\/","name":"Bantam","description":"","publisher":{"@id":"https:\/\/shop.bantam.ch\/fr\/#organization"},"inLanguage":"fr-FR"},{"@type":"Organization","@id":"https:\/\/shop.bantam.ch\/fr\/#organization","name":"Bantam","url":"https:\/\/shop.bantam.ch\/fr\/","logo":{"@type":"ImageObject","inLanguage":"fr-FR","@id":"https:\/\/shop.bantam.ch\/fr\/#\/schema\/logo\/image\/","url":"https:\/\/shop.bantam.ch\/wp-content\/uploads\/2022\/12\/bantam-logo.png","contentUrl":"https:\/\/shop.bantam.ch\/wp-content\/uploads\/2022\/12\/bantam-logo.png","width":320,"height":71,"caption":"Bantam"},"image":{"@id":"https:\/\/shop.bantam.ch\/fr\/#\/schema\/logo\/image\/"}}]}},"_links":{"self":[{"href":"https:\/\/shop.bantam.ch\/fr\/wp-json\/wp\/v2\/product\/235344","targetHints":{"allow":["GET"]}}],"collection":[{"href":"https:\/\/shop.bantam.ch\/fr\/wp-json\/wp\/v2\/product"}],"about":[{"href":"https:\/\/shop.bantam.ch\/fr\/wp-json\/wp\/v2\/types\/product"}],"wp:featuredmedia":[{"embeddable":true,"href":"https:\/\/shop.bantam.ch\/fr\/wp-json\/wp\/v2\/media\/235342"}],"wp:attachment":[{"href":"https:\/\/shop.bantam.ch\/fr\/wp-json\/wp\/v2\/media?parent=235344"}],"wp:term":[{"taxonomy":"product_featured_cat","embeddable":true,"href":"https:\/\/shop.bantam.ch\/fr\/wp-json\/wp\/v2\/product_featured_cat?post=235344"},{"taxonomy":"product_brand","embeddable":true,"href":"https:\/\/shop.bantam.ch\/fr\/wp-json\/wp\/v2\/product_brand?post=235344"},{"taxonomy":"product_cat","embeddable":true,"href":"https:\/\/shop.bantam.ch\/fr\/wp-json\/wp\/v2\/product_cat?post=235344"},{"taxonomy":"product_tag","embeddable":true,"href":"https:\/\/shop.bantam.ch\/fr\/wp-json\/wp\/v2\/product_tag?post=235344"}],"curies":[{"name":"wp","href":"https:\/\/api.w.org\/{rel}","templated":true}]}}