{"id":235336,"date":"2026-03-31T16:04:30","date_gmt":"2026-03-31T14:04:30","guid":{"rendered":"https:\/\/shop.bantam.ch\/produit\/kummerlyfrey-suisse-experience-randonnees-en-boucles-guide-de-randonnee\/"},"modified":"2026-05-11T23:56:36","modified_gmt":"2026-05-11T21:56:36","slug":"kummerlyfrey-suisse-experience-randonnees-en-boucles-guide-de-randonnee","status":"publish","type":"product","link":"https:\/\/shop.bantam.ch\/fr\/produit\/kummerlyfrey-suisse-experience-randonnees-en-boucles-guide-de-randonnee\/","title":{"rendered":"K\u00fcmmerly+Frey \u2013 Suisse Exp\u00e9rience : Randonn\u00e9es en boucles \u2013 Guide de randonn\u00e9e"},"content":{"rendered":"<p>Les circuits en boucle s\u00e9lectionn\u00e9s dans ce volume vous conduisent sur 73 itin\u00e9raires spectaculaires \u00e0 travers des paysages uniques, parmi des alpages en fleurs ou \u00e0 travers des for\u00eats enchant\u00e9es, et promettent des exp\u00e9riences de randonn\u00e9e inoubliables dans toute la Suisse. Le meilleur dans tout cela : vous revenez toujours \u00e0 un point de d\u00e9part judicieusement choisi, ce qui facilite grandement l\u2019arriv\u00e9e, le d\u00e9part et la planification de ces magnifiques randonn\u00e9es en boucle.<\/p>\n","protected":false},"excerpt":{"rendered":"<p>Les circuits en boucle s\u00e9lectionn\u00e9s dans ce volume vous conduisent sur 73 itin\u00e9raires spectaculaires \u00e0 travers des paysages uniques, parmi des alpages en fleurs ou \u00e0 travers des for\u00eats enchant\u00e9es, et promettent des exp\u00e9riences de randonn\u00e9e inoubliables dans toute la Suisse. Le meilleur dans tout cela : vous revenez toujours \u00e0 un point de d\u00e9part [&hellip;]<\/p>\n","protected":false},"featured_media":235334,"template":"","meta":{"_acf_changed":false},"product_featured_cat":[],"product_brand":[3692],"product_cat":[4351],"product_tag":[],"class_list":{"0":"post-235336","1":"product","2":"type-product","3":"status-publish","4":"has-post-thumbnail","6":"product_brand-kummerly-frey","7":"product_cat-guides-de-voyage","9":"first","10":"instock","11":"taxable","12":"shipping-taxable","13":"purchasable","14":"product-type-simple"},"acf":[],"yoast_head":"<!-- This site is optimized with the Yoast SEO plugin v27.5 - https:\/\/yoast.com\/product\/yoast-seo-wordpress\/ -->\n<title>K\u00fcmmerly+Frey \u2013 Suisse Exp\u00e9rience : Randonn\u00e9es en boucles \u2013 Guide de randonn\u00e9e - Bantam<\/title>\n<meta name=\"robots\" content=\"index, follow, max-snippet:-1, max-image-preview:large, max-video-preview:-1\" \/>\n<link rel=\"canonical\" href=\"https:\/\/shop.bantam.ch\/fr\/produit\/kummerlyfrey-suisse-experience-randonnees-en-boucles-guide-de-randonnee\/\" \/>\n<meta property=\"og:locale\" content=\"fr_FR\" \/>\n<meta property=\"og:type\" content=\"article\" \/>\n<meta property=\"og:title\" content=\"K\u00fcmmerly+Frey \u2013 Suisse Exp\u00e9rience : Randonn\u00e9es en boucles \u2013 Guide de randonn\u00e9e - Bantam\" \/>\n<meta property=\"og:description\" content=\"Les circuits en boucle s\u00e9lectionn\u00e9s dans ce volume vous conduisent sur 73 itin\u00e9raires spectaculaires \u00e0 travers des paysages uniques, parmi des alpages en fleurs ou \u00e0 travers des for\u00eats enchant\u00e9es, et promettent des exp\u00e9riences de randonn\u00e9e inoubliables dans toute la Suisse. Le meilleur dans tout cela : vous revenez toujours \u00e0 un point de d\u00e9part [&hellip;]\" \/>\n<meta property=\"og:url\" content=\"https:\/\/shop.bantam.ch\/fr\/produit\/kummerlyfrey-suisse-experience-randonnees-en-boucles-guide-de-randonnee\/\" \/>\n<meta property=\"og:site_name\" content=\"Bantam\" \/>\n<meta property=\"article:modified_time\" content=\"2026-05-11T21:56:36+00:00\" \/>\n<meta property=\"og:image\" content=\"https:\/\/shop.bantam.ch\/wp-content\/uploads\/2026\/03\/76326017.jpg\" \/>\n\t<meta property=\"og:image:width\" content=\"120\" \/>\n\t<meta property=\"og:image:height\" content=\"180\" \/>\n\t<meta property=\"og:image:type\" content=\"image\/jpeg\" \/>\n<meta name=\"twitter:card\" content=\"summary_large_image\" \/>\n<script type=\"application\/ld+json\" class=\"yoast-schema-graph\">{\"@context\":\"https:\\\/\\\/schema.org\",\"@graph\":[{\"@type\":\"WebPage\",\"@id\":\"https:\\\/\\\/shop.bantam.ch\\\/fr\\\/produit\\\/kummerlyfrey-suisse-experience-randonnees-en-boucles-guide-de-randonnee\\\/\",\"url\":\"https:\\\/\\\/shop.bantam.ch\\\/fr\\\/produit\\\/kummerlyfrey-suisse-experience-randonnees-en-boucles-guide-de-randonnee\\\/\",\"name\":\"K\u00fcmmerly+Frey \u2013 Suisse Exp\u00e9rience : Randonn\u00e9es en boucles \u2013 Guide de randonn\u00e9e - Bantam\",\"isPartOf\":{\"@id\":\"https:\\\/\\\/shop.bantam.ch\\\/fr\\\/#website\"},\"primaryImageOfPage\":{\"@id\":\"https:\\\/\\\/shop.bantam.ch\\\/fr\\\/produit\\\/kummerlyfrey-suisse-experience-randonnees-en-boucles-guide-de-randonnee\\\/#primaryimage\"},\"image\":{\"@id\":\"https:\\\/\\\/shop.bantam.ch\\\/fr\\\/produit\\\/kummerlyfrey-suisse-experience-randonnees-en-boucles-guide-de-randonnee\\\/#primaryimage\"},\"thumbnailUrl\":\"https:\\\/\\\/shop.bantam.ch\\\/wp-content\\\/uploads\\\/2026\\\/03\\\/76326017.jpg\",\"datePublished\":\"2026-03-31T14:04:30+00:00\",\"dateModified\":\"2026-05-11T21:56:36+00:00\",\"breadcrumb\":{\"@id\":\"https:\\\/\\\/shop.bantam.ch\\\/fr\\\/produit\\\/kummerlyfrey-suisse-experience-randonnees-en-boucles-guide-de-randonnee\\\/#breadcrumb\"},\"inLanguage\":\"fr-FR\",\"potentialAction\":[{\"@type\":\"ReadAction\",\"target\":[\"https:\\\/\\\/shop.bantam.ch\\\/fr\\\/produit\\\/kummerlyfrey-suisse-experience-randonnees-en-boucles-guide-de-randonnee\\\/\"]}]},{\"@type\":\"ImageObject\",\"inLanguage\":\"fr-FR\",\"@id\":\"https:\\\/\\\/shop.bantam.ch\\\/fr\\\/produit\\\/kummerlyfrey-suisse-experience-randonnees-en-boucles-guide-de-randonnee\\\/#primaryimage\",\"url\":\"https:\\\/\\\/shop.bantam.ch\\\/wp-content\\\/uploads\\\/2026\\\/03\\\/76326017.jpg\",\"contentUrl\":\"https:\\\/\\\/shop.bantam.ch\\\/wp-content\\\/uploads\\\/2026\\\/03\\\/76326017.jpg\",\"width\":120,\"height\":180},{\"@type\":\"BreadcrumbList\",\"@id\":\"https:\\\/\\\/shop.bantam.ch\\\/fr\\\/produit\\\/kummerlyfrey-suisse-experience-randonnees-en-boucles-guide-de-randonnee\\\/#breadcrumb\",\"itemListElement\":[{\"@type\":\"ListItem\",\"position\":1,\"name\":\"Accueil\",\"item\":\"https:\\\/\\\/shop.bantam.ch\\\/fr\\\/\"},{\"@type\":\"ListItem\",\"position\":2,\"name\":\"Boutique\",\"item\":\"https:\\\/\\\/shop.bantam.ch\\\/fr\\\/boutique\\\/\"},{\"@type\":\"ListItem\",\"position\":3,\"name\":\"K\u00fcmmerly+Frey \u2013 Suisse Exp\u00e9rience : Randonn\u00e9es en boucles \u2013 Guide de randonn\u00e9e\"}]},{\"@type\":\"WebSite\",\"@id\":\"https:\\\/\\\/shop.bantam.ch\\\/fr\\\/#website\",\"url\":\"https:\\\/\\\/shop.bantam.ch\\\/fr\\\/\",\"name\":\"Bantam\",\"description\":\"\",\"publisher\":{\"@id\":\"https:\\\/\\\/shop.bantam.ch\\\/fr\\\/#organization\"},\"inLanguage\":\"fr-FR\"},{\"@type\":\"Organization\",\"@id\":\"https:\\\/\\\/shop.bantam.ch\\\/fr\\\/#organization\",\"name\":\"Bantam\",\"url\":\"https:\\\/\\\/shop.bantam.ch\\\/fr\\\/\",\"logo\":{\"@type\":\"ImageObject\",\"inLanguage\":\"fr-FR\",\"@id\":\"https:\\\/\\\/shop.bantam.ch\\\/fr\\\/#\\\/schema\\\/logo\\\/image\\\/\",\"url\":\"https:\\\/\\\/shop.bantam.ch\\\/wp-content\\\/uploads\\\/2022\\\/12\\\/bantam-logo.png\",\"contentUrl\":\"https:\\\/\\\/shop.bantam.ch\\\/wp-content\\\/uploads\\\/2022\\\/12\\\/bantam-logo.png\",\"width\":320,\"height\":71,\"caption\":\"Bantam\"},\"image\":{\"@id\":\"https:\\\/\\\/shop.bantam.ch\\\/fr\\\/#\\\/schema\\\/logo\\\/image\\\/\"}}]}<\/script>\n<!-- \/ Yoast SEO plugin. -->","yoast_head_json":{"title":"K\u00fcmmerly+Frey \u2013 Suisse Exp\u00e9rience : Randonn\u00e9es en boucles \u2013 Guide de randonn\u00e9e - Bantam","robots":{"index":"index","follow":"follow","max-snippet":"max-snippet:-1","max-image-preview":"max-image-preview:large","max-video-preview":"max-video-preview:-1"},"canonical":"https:\/\/shop.bantam.ch\/fr\/produit\/kummerlyfrey-suisse-experience-randonnees-en-boucles-guide-de-randonnee\/","og_locale":"fr_FR","og_type":"article","og_title":"K\u00fcmmerly+Frey \u2013 Suisse Exp\u00e9rience : Randonn\u00e9es en boucles \u2013 Guide de randonn\u00e9e - Bantam","og_description":"Les circuits en boucle s\u00e9lectionn\u00e9s dans ce volume vous conduisent sur 73 itin\u00e9raires spectaculaires \u00e0 travers des paysages uniques, parmi des alpages en fleurs ou \u00e0 travers des for\u00eats enchant\u00e9es, et promettent des exp\u00e9riences de randonn\u00e9e inoubliables dans toute la Suisse. Le meilleur dans tout cela : vous revenez toujours \u00e0 un point de d\u00e9part [&hellip;]","og_url":"https:\/\/shop.bantam.ch\/fr\/produit\/kummerlyfrey-suisse-experience-randonnees-en-boucles-guide-de-randonnee\/","og_site_name":"Bantam","article_modified_time":"2026-05-11T21:56:36+00:00","og_image":[{"width":120,"height":180,"url":"https:\/\/shop.bantam.ch\/wp-content\/uploads\/2026\/03\/76326017.jpg","type":"image\/jpeg"}],"twitter_card":"summary_large_image","schema":{"@context":"https:\/\/schema.org","@graph":[{"@type":"WebPage","@id":"https:\/\/shop.bantam.ch\/fr\/produit\/kummerlyfrey-suisse-experience-randonnees-en-boucles-guide-de-randonnee\/","url":"https:\/\/shop.bantam.ch\/fr\/produit\/kummerlyfrey-suisse-experience-randonnees-en-boucles-guide-de-randonnee\/","name":"K\u00fcmmerly+Frey \u2013 Suisse Exp\u00e9rience : Randonn\u00e9es en boucles \u2013 Guide de randonn\u00e9e - Bantam","isPartOf":{"@id":"https:\/\/shop.bantam.ch\/fr\/#website"},"primaryImageOfPage":{"@id":"https:\/\/shop.bantam.ch\/fr\/produit\/kummerlyfrey-suisse-experience-randonnees-en-boucles-guide-de-randonnee\/#primaryimage"},"image":{"@id":"https:\/\/shop.bantam.ch\/fr\/produit\/kummerlyfrey-suisse-experience-randonnees-en-boucles-guide-de-randonnee\/#primaryimage"},"thumbnailUrl":"https:\/\/shop.bantam.ch\/wp-content\/uploads\/2026\/03\/76326017.jpg","datePublished":"2026-03-31T14:04:30+00:00","dateModified":"2026-05-11T21:56:36+00:00","breadcrumb":{"@id":"https:\/\/shop.bantam.ch\/fr\/produit\/kummerlyfrey-suisse-experience-randonnees-en-boucles-guide-de-randonnee\/#breadcrumb"},"inLanguage":"fr-FR","potentialAction":[{"@type":"ReadAction","target":["https:\/\/shop.bantam.ch\/fr\/produit\/kummerlyfrey-suisse-experience-randonnees-en-boucles-guide-de-randonnee\/"]}]},{"@type":"ImageObject","inLanguage":"fr-FR","@id":"https:\/\/shop.bantam.ch\/fr\/produit\/kummerlyfrey-suisse-experience-randonnees-en-boucles-guide-de-randonnee\/#primaryimage","url":"https:\/\/shop.bantam.ch\/wp-content\/uploads\/2026\/03\/76326017.jpg","contentUrl":"https:\/\/shop.bantam.ch\/wp-content\/uploads\/2026\/03\/76326017.jpg","width":120,"height":180},{"@type":"BreadcrumbList","@id":"https:\/\/shop.bantam.ch\/fr\/produit\/kummerlyfrey-suisse-experience-randonnees-en-boucles-guide-de-randonnee\/#breadcrumb","itemListElement":[{"@type":"ListItem","position":1,"name":"Accueil","item":"https:\/\/shop.bantam.ch\/fr\/"},{"@type":"ListItem","position":2,"name":"Boutique","item":"https:\/\/shop.bantam.ch\/fr\/boutique\/"},{"@type":"ListItem","position":3,"name":"K\u00fcmmerly+Frey \u2013 Suisse Exp\u00e9rience : Randonn\u00e9es en boucles \u2013 Guide de randonn\u00e9e"}]},{"@type":"WebSite","@id":"https:\/\/shop.bantam.ch\/fr\/#website","url":"https:\/\/shop.bantam.ch\/fr\/","name":"Bantam","description":"","publisher":{"@id":"https:\/\/shop.bantam.ch\/fr\/#organization"},"inLanguage":"fr-FR"},{"@type":"Organization","@id":"https:\/\/shop.bantam.ch\/fr\/#organization","name":"Bantam","url":"https:\/\/shop.bantam.ch\/fr\/","logo":{"@type":"ImageObject","inLanguage":"fr-FR","@id":"https:\/\/shop.bantam.ch\/fr\/#\/schema\/logo\/image\/","url":"https:\/\/shop.bantam.ch\/wp-content\/uploads\/2022\/12\/bantam-logo.png","contentUrl":"https:\/\/shop.bantam.ch\/wp-content\/uploads\/2022\/12\/bantam-logo.png","width":320,"height":71,"caption":"Bantam"},"image":{"@id":"https:\/\/shop.bantam.ch\/fr\/#\/schema\/logo\/image\/"}}]}},"_links":{"self":[{"href":"https:\/\/shop.bantam.ch\/fr\/wp-json\/wp\/v2\/product\/235336","targetHints":{"allow":["GET"]}}],"collection":[{"href":"https:\/\/shop.bantam.ch\/fr\/wp-json\/wp\/v2\/product"}],"about":[{"href":"https:\/\/shop.bantam.ch\/fr\/wp-json\/wp\/v2\/types\/product"}],"wp:featuredmedia":[{"embeddable":true,"href":"https:\/\/shop.bantam.ch\/fr\/wp-json\/wp\/v2\/media\/235334"}],"wp:attachment":[{"href":"https:\/\/shop.bantam.ch\/fr\/wp-json\/wp\/v2\/media?parent=235336"}],"wp:term":[{"taxonomy":"product_featured_cat","embeddable":true,"href":"https:\/\/shop.bantam.ch\/fr\/wp-json\/wp\/v2\/product_featured_cat?post=235336"},{"taxonomy":"product_brand","embeddable":true,"href":"https:\/\/shop.bantam.ch\/fr\/wp-json\/wp\/v2\/product_brand?post=235336"},{"taxonomy":"product_cat","embeddable":true,"href":"https:\/\/shop.bantam.ch\/fr\/wp-json\/wp\/v2\/product_cat?post=235336"},{"taxonomy":"product_tag","embeddable":true,"href":"https:\/\/shop.bantam.ch\/fr\/wp-json\/wp\/v2\/product_tag?post=235336"}],"curies":[{"name":"wp","href":"https:\/\/api.w.org\/{rel}","templated":true}]}}