{"id":235332,"date":"2026-03-31T16:01:31","date_gmt":"2026-03-31T14:01:31","guid":{"rendered":"https:\/\/shop.bantam.ch\/produit\/kummerlyfrey-suisse-experience-randonnee-en-pleine-nature-guide-de-randonnee\/"},"modified":"2026-04-17T23:58:55","modified_gmt":"2026-04-17T21:58:55","slug":"kummerlyfrey-suisse-experience-randonnee-en-pleine-nature-guide-de-randonnee","status":"publish","type":"product","link":"https:\/\/shop.bantam.ch\/fr\/produit\/kummerlyfrey-suisse-experience-randonnee-en-pleine-nature-guide-de-randonnee\/","title":{"rendered":"K\u00fcmmerly+Frey \u2013 Suisse Exp\u00e9rience : Randonn\u00e9e en pleine nature \u2013 Guide de randonn\u00e9e"},"content":{"rendered":"<p>Le temps des \u00ab canap\u00e9s \u00bb est r\u00e9volu \u2013 aujourd\u2019hui, place aux loisirs actifs. Que ce soit pour le plaisir et l\u2019\u00e9motion, l\u2019action et le divertissement, ou pour d\u00e9couvrir l\u2019inconnu, les excursions dans la nature, les villes et les sites touristiques sont tendance. Et l\u2019offre est immense. C\u2019est l\u00e0 qu\u2019Erlebnis Schweiz intervient : 32 volumes remplis de conseils et de recommandations pour des loisirs actifs, avec des informations sur des circuits et destinations spectaculaires, tendance, relaxants ou originaux. Le volume \u00ab Randonn\u00e9e en pleine nature \u00bb vous guide \u00e0 travers 71 itin\u00e9raires soigneusement s\u00e9lectionn\u00e9s dans des gorges, for\u00eats, prairies et montagnes, dans des paysages suisses peu fr\u00e9quent\u00e9s. Id\u00e9al pour vivre une exp\u00e9rience naturelle unique, m\u00ealant aventure et d\u00e9tente. <\/p>\n","protected":false},"excerpt":{"rendered":"<p>Le temps des \u00ab canap\u00e9s \u00bb est r\u00e9volu \u2013 aujourd\u2019hui, place aux loisirs actifs. Que ce soit pour le plaisir et l\u2019\u00e9motion, l\u2019action et le divertissement, ou pour d\u00e9couvrir l\u2019inconnu, les excursions dans la nature, les villes et les sites touristiques sont tendance. Et l\u2019offre est immense. C\u2019est l\u00e0 qu\u2019Erlebnis Schweiz intervient : 32 volumes [&hellip;]<\/p>\n","protected":false},"featured_media":235330,"template":"","meta":{"_acf_changed":false},"product_featured_cat":[],"product_brand":[3692],"product_cat":[4351],"product_tag":[],"class_list":{"0":"post-235332","1":"product","2":"type-product","3":"status-publish","4":"has-post-thumbnail","6":"product_brand-kummerly-frey","7":"product_cat-guides-de-voyage","9":"first","10":"instock","11":"taxable","12":"shipping-taxable","13":"purchasable","14":"product-type-simple"},"acf":[],"yoast_head":"<!-- This site is optimized with the Yoast SEO plugin v27.4 - https:\/\/yoast.com\/product\/yoast-seo-wordpress\/ -->\n<title>K\u00fcmmerly+Frey \u2013 Suisse Exp\u00e9rience : Randonn\u00e9e en pleine nature \u2013 Guide de randonn\u00e9e - Bantam Wankm\u00fcller SA<\/title>\n<meta name=\"robots\" content=\"index, follow, max-snippet:-1, max-image-preview:large, max-video-preview:-1\" \/>\n<link rel=\"canonical\" href=\"https:\/\/shop.bantam.ch\/fr\/produit\/kummerlyfrey-suisse-experience-randonnee-en-pleine-nature-guide-de-randonnee\/\" \/>\n<meta property=\"og:locale\" content=\"fr_FR\" \/>\n<meta property=\"og:type\" content=\"article\" \/>\n<meta property=\"og:title\" content=\"K\u00fcmmerly+Frey \u2013 Suisse Exp\u00e9rience : Randonn\u00e9e en pleine nature \u2013 Guide de randonn\u00e9e - Bantam Wankm\u00fcller SA\" \/>\n<meta property=\"og:description\" content=\"Le temps des \u00ab canap\u00e9s \u00bb est r\u00e9volu \u2013 aujourd\u2019hui, place aux loisirs actifs. Que ce soit pour le plaisir et l\u2019\u00e9motion, l\u2019action et le divertissement, ou pour d\u00e9couvrir l\u2019inconnu, les excursions dans la nature, les villes et les sites touristiques sont tendance. Et l\u2019offre est immense. C\u2019est l\u00e0 qu\u2019Erlebnis Schweiz intervient : 32 volumes [&hellip;]\" \/>\n<meta property=\"og:url\" content=\"https:\/\/shop.bantam.ch\/fr\/produit\/kummerlyfrey-suisse-experience-randonnee-en-pleine-nature-guide-de-randonnee\/\" \/>\n<meta property=\"og:site_name\" content=\"Bantam Wankm\u00fcller SA\" \/>\n<meta property=\"article:modified_time\" content=\"2026-04-17T21:58:55+00:00\" \/>\n<meta property=\"og:image\" content=\"https:\/\/shop.bantam.ch\/wp-content\/uploads\/2026\/03\/76326016.jpg\" \/>\n\t<meta property=\"og:image:width\" content=\"120\" \/>\n\t<meta property=\"og:image:height\" content=\"180\" \/>\n\t<meta property=\"og:image:type\" content=\"image\/jpeg\" \/>\n<meta name=\"twitter:card\" content=\"summary_large_image\" \/>\n<meta name=\"twitter:label1\" content=\"Dur\u00e9e de lecture estim\u00e9e\" \/>\n\t<meta name=\"twitter:data1\" content=\"1 minute\" \/>\n<script type=\"application\/ld+json\" class=\"yoast-schema-graph\">{\"@context\":\"https:\\\/\\\/schema.org\",\"@graph\":[{\"@type\":\"WebPage\",\"@id\":\"https:\\\/\\\/shop.bantam.ch\\\/fr\\\/produit\\\/kummerlyfrey-suisse-experience-randonnee-en-pleine-nature-guide-de-randonnee\\\/\",\"url\":\"https:\\\/\\\/shop.bantam.ch\\\/fr\\\/produit\\\/kummerlyfrey-suisse-experience-randonnee-en-pleine-nature-guide-de-randonnee\\\/\",\"name\":\"K\u00fcmmerly+Frey \u2013 Suisse Exp\u00e9rience : Randonn\u00e9e en pleine nature \u2013 Guide de randonn\u00e9e - Bantam Wankm\u00fcller SA\",\"isPartOf\":{\"@id\":\"https:\\\/\\\/shop.bantam.ch\\\/fr\\\/#website\"},\"primaryImageOfPage\":{\"@id\":\"https:\\\/\\\/shop.bantam.ch\\\/fr\\\/produit\\\/kummerlyfrey-suisse-experience-randonnee-en-pleine-nature-guide-de-randonnee\\\/#primaryimage\"},\"image\":{\"@id\":\"https:\\\/\\\/shop.bantam.ch\\\/fr\\\/produit\\\/kummerlyfrey-suisse-experience-randonnee-en-pleine-nature-guide-de-randonnee\\\/#primaryimage\"},\"thumbnailUrl\":\"https:\\\/\\\/shop.bantam.ch\\\/wp-content\\\/uploads\\\/2026\\\/03\\\/76326016.jpg\",\"datePublished\":\"2026-03-31T14:01:31+00:00\",\"dateModified\":\"2026-04-17T21:58:55+00:00\",\"breadcrumb\":{\"@id\":\"https:\\\/\\\/shop.bantam.ch\\\/fr\\\/produit\\\/kummerlyfrey-suisse-experience-randonnee-en-pleine-nature-guide-de-randonnee\\\/#breadcrumb\"},\"inLanguage\":\"fr-FR\",\"potentialAction\":[{\"@type\":\"ReadAction\",\"target\":[\"https:\\\/\\\/shop.bantam.ch\\\/fr\\\/produit\\\/kummerlyfrey-suisse-experience-randonnee-en-pleine-nature-guide-de-randonnee\\\/\"]}]},{\"@type\":\"ImageObject\",\"inLanguage\":\"fr-FR\",\"@id\":\"https:\\\/\\\/shop.bantam.ch\\\/fr\\\/produit\\\/kummerlyfrey-suisse-experience-randonnee-en-pleine-nature-guide-de-randonnee\\\/#primaryimage\",\"url\":\"https:\\\/\\\/shop.bantam.ch\\\/wp-content\\\/uploads\\\/2026\\\/03\\\/76326016.jpg\",\"contentUrl\":\"https:\\\/\\\/shop.bantam.ch\\\/wp-content\\\/uploads\\\/2026\\\/03\\\/76326016.jpg\",\"width\":120,\"height\":180},{\"@type\":\"BreadcrumbList\",\"@id\":\"https:\\\/\\\/shop.bantam.ch\\\/fr\\\/produit\\\/kummerlyfrey-suisse-experience-randonnee-en-pleine-nature-guide-de-randonnee\\\/#breadcrumb\",\"itemListElement\":[{\"@type\":\"ListItem\",\"position\":1,\"name\":\"Accueil\",\"item\":\"https:\\\/\\\/shop.bantam.ch\\\/fr\\\/\"},{\"@type\":\"ListItem\",\"position\":2,\"name\":\"Boutique\",\"item\":\"https:\\\/\\\/shop.bantam.ch\\\/fr\\\/boutique\\\/\"},{\"@type\":\"ListItem\",\"position\":3,\"name\":\"K\u00fcmmerly+Frey \u2013 Suisse Exp\u00e9rience : Randonn\u00e9e en pleine nature \u2013 Guide de randonn\u00e9e\"}]},{\"@type\":\"WebSite\",\"@id\":\"https:\\\/\\\/shop.bantam.ch\\\/fr\\\/#website\",\"url\":\"https:\\\/\\\/shop.bantam.ch\\\/fr\\\/\",\"name\":\"Bantam Wankm\u00fcller SA\",\"description\":\"\",\"publisher\":{\"@id\":\"https:\\\/\\\/shop.bantam.ch\\\/fr\\\/#organization\"},\"inLanguage\":\"fr-FR\"},{\"@type\":\"Organization\",\"@id\":\"https:\\\/\\\/shop.bantam.ch\\\/fr\\\/#organization\",\"name\":\"Bantam Wankm\u00fcller SA\",\"url\":\"https:\\\/\\\/shop.bantam.ch\\\/fr\\\/\",\"logo\":{\"@type\":\"ImageObject\",\"inLanguage\":\"fr-FR\",\"@id\":\"https:\\\/\\\/shop.bantam.ch\\\/fr\\\/#\\\/schema\\\/logo\\\/image\\\/\",\"url\":\"https:\\\/\\\/shop.bantam.ch\\\/wp-content\\\/uploads\\\/2022\\\/12\\\/bantam-logo.png\",\"contentUrl\":\"https:\\\/\\\/shop.bantam.ch\\\/wp-content\\\/uploads\\\/2022\\\/12\\\/bantam-logo.png\",\"width\":320,\"height\":71,\"caption\":\"Bantam Wankm\u00fcller SA\"},\"image\":{\"@id\":\"https:\\\/\\\/shop.bantam.ch\\\/fr\\\/#\\\/schema\\\/logo\\\/image\\\/\"}}]}<\/script>\n<!-- \/ Yoast SEO plugin. -->","yoast_head_json":{"title":"K\u00fcmmerly+Frey \u2013 Suisse Exp\u00e9rience : Randonn\u00e9e en pleine nature \u2013 Guide de randonn\u00e9e - Bantam Wankm\u00fcller SA","robots":{"index":"index","follow":"follow","max-snippet":"max-snippet:-1","max-image-preview":"max-image-preview:large","max-video-preview":"max-video-preview:-1"},"canonical":"https:\/\/shop.bantam.ch\/fr\/produit\/kummerlyfrey-suisse-experience-randonnee-en-pleine-nature-guide-de-randonnee\/","og_locale":"fr_FR","og_type":"article","og_title":"K\u00fcmmerly+Frey \u2013 Suisse Exp\u00e9rience : Randonn\u00e9e en pleine nature \u2013 Guide de randonn\u00e9e - Bantam Wankm\u00fcller SA","og_description":"Le temps des \u00ab canap\u00e9s \u00bb est r\u00e9volu \u2013 aujourd\u2019hui, place aux loisirs actifs. Que ce soit pour le plaisir et l\u2019\u00e9motion, l\u2019action et le divertissement, ou pour d\u00e9couvrir l\u2019inconnu, les excursions dans la nature, les villes et les sites touristiques sont tendance. Et l\u2019offre est immense. C\u2019est l\u00e0 qu\u2019Erlebnis Schweiz intervient : 32 volumes [&hellip;]","og_url":"https:\/\/shop.bantam.ch\/fr\/produit\/kummerlyfrey-suisse-experience-randonnee-en-pleine-nature-guide-de-randonnee\/","og_site_name":"Bantam Wankm\u00fcller SA","article_modified_time":"2026-04-17T21:58:55+00:00","og_image":[{"width":120,"height":180,"url":"https:\/\/shop.bantam.ch\/wp-content\/uploads\/2026\/03\/76326016.jpg","type":"image\/jpeg"}],"twitter_card":"summary_large_image","twitter_misc":{"Dur\u00e9e de lecture estim\u00e9e":"1 minute"},"schema":{"@context":"https:\/\/schema.org","@graph":[{"@type":"WebPage","@id":"https:\/\/shop.bantam.ch\/fr\/produit\/kummerlyfrey-suisse-experience-randonnee-en-pleine-nature-guide-de-randonnee\/","url":"https:\/\/shop.bantam.ch\/fr\/produit\/kummerlyfrey-suisse-experience-randonnee-en-pleine-nature-guide-de-randonnee\/","name":"K\u00fcmmerly+Frey \u2013 Suisse Exp\u00e9rience : Randonn\u00e9e en pleine nature \u2013 Guide de randonn\u00e9e - Bantam Wankm\u00fcller SA","isPartOf":{"@id":"https:\/\/shop.bantam.ch\/fr\/#website"},"primaryImageOfPage":{"@id":"https:\/\/shop.bantam.ch\/fr\/produit\/kummerlyfrey-suisse-experience-randonnee-en-pleine-nature-guide-de-randonnee\/#primaryimage"},"image":{"@id":"https:\/\/shop.bantam.ch\/fr\/produit\/kummerlyfrey-suisse-experience-randonnee-en-pleine-nature-guide-de-randonnee\/#primaryimage"},"thumbnailUrl":"https:\/\/shop.bantam.ch\/wp-content\/uploads\/2026\/03\/76326016.jpg","datePublished":"2026-03-31T14:01:31+00:00","dateModified":"2026-04-17T21:58:55+00:00","breadcrumb":{"@id":"https:\/\/shop.bantam.ch\/fr\/produit\/kummerlyfrey-suisse-experience-randonnee-en-pleine-nature-guide-de-randonnee\/#breadcrumb"},"inLanguage":"fr-FR","potentialAction":[{"@type":"ReadAction","target":["https:\/\/shop.bantam.ch\/fr\/produit\/kummerlyfrey-suisse-experience-randonnee-en-pleine-nature-guide-de-randonnee\/"]}]},{"@type":"ImageObject","inLanguage":"fr-FR","@id":"https:\/\/shop.bantam.ch\/fr\/produit\/kummerlyfrey-suisse-experience-randonnee-en-pleine-nature-guide-de-randonnee\/#primaryimage","url":"https:\/\/shop.bantam.ch\/wp-content\/uploads\/2026\/03\/76326016.jpg","contentUrl":"https:\/\/shop.bantam.ch\/wp-content\/uploads\/2026\/03\/76326016.jpg","width":120,"height":180},{"@type":"BreadcrumbList","@id":"https:\/\/shop.bantam.ch\/fr\/produit\/kummerlyfrey-suisse-experience-randonnee-en-pleine-nature-guide-de-randonnee\/#breadcrumb","itemListElement":[{"@type":"ListItem","position":1,"name":"Accueil","item":"https:\/\/shop.bantam.ch\/fr\/"},{"@type":"ListItem","position":2,"name":"Boutique","item":"https:\/\/shop.bantam.ch\/fr\/boutique\/"},{"@type":"ListItem","position":3,"name":"K\u00fcmmerly+Frey \u2013 Suisse Exp\u00e9rience : Randonn\u00e9e en pleine nature \u2013 Guide de randonn\u00e9e"}]},{"@type":"WebSite","@id":"https:\/\/shop.bantam.ch\/fr\/#website","url":"https:\/\/shop.bantam.ch\/fr\/","name":"Bantam Wankm\u00fcller SA","description":"","publisher":{"@id":"https:\/\/shop.bantam.ch\/fr\/#organization"},"inLanguage":"fr-FR"},{"@type":"Organization","@id":"https:\/\/shop.bantam.ch\/fr\/#organization","name":"Bantam Wankm\u00fcller SA","url":"https:\/\/shop.bantam.ch\/fr\/","logo":{"@type":"ImageObject","inLanguage":"fr-FR","@id":"https:\/\/shop.bantam.ch\/fr\/#\/schema\/logo\/image\/","url":"https:\/\/shop.bantam.ch\/wp-content\/uploads\/2022\/12\/bantam-logo.png","contentUrl":"https:\/\/shop.bantam.ch\/wp-content\/uploads\/2022\/12\/bantam-logo.png","width":320,"height":71,"caption":"Bantam Wankm\u00fcller SA"},"image":{"@id":"https:\/\/shop.bantam.ch\/fr\/#\/schema\/logo\/image\/"}}]}},"_links":{"self":[{"href":"https:\/\/shop.bantam.ch\/fr\/wp-json\/wp\/v2\/product\/235332","targetHints":{"allow":["GET"]}}],"collection":[{"href":"https:\/\/shop.bantam.ch\/fr\/wp-json\/wp\/v2\/product"}],"about":[{"href":"https:\/\/shop.bantam.ch\/fr\/wp-json\/wp\/v2\/types\/product"}],"wp:featuredmedia":[{"embeddable":true,"href":"https:\/\/shop.bantam.ch\/fr\/wp-json\/wp\/v2\/media\/235330"}],"wp:attachment":[{"href":"https:\/\/shop.bantam.ch\/fr\/wp-json\/wp\/v2\/media?parent=235332"}],"wp:term":[{"taxonomy":"product_featured_cat","embeddable":true,"href":"https:\/\/shop.bantam.ch\/fr\/wp-json\/wp\/v2\/product_featured_cat?post=235332"},{"taxonomy":"product_brand","embeddable":true,"href":"https:\/\/shop.bantam.ch\/fr\/wp-json\/wp\/v2\/product_brand?post=235332"},{"taxonomy":"product_cat","embeddable":true,"href":"https:\/\/shop.bantam.ch\/fr\/wp-json\/wp\/v2\/product_cat?post=235332"},{"taxonomy":"product_tag","embeddable":true,"href":"https:\/\/shop.bantam.ch\/fr\/wp-json\/wp\/v2\/product_tag?post=235332"}],"curies":[{"name":"wp","href":"https:\/\/api.w.org\/{rel}","templated":true}]}}