{"id":235328,"date":"2026-03-31T15:58:12","date_gmt":"2026-03-31T13:58:12","guid":{"rendered":"https:\/\/shop.bantam.ch\/produit\/kummerlyfrey-suisse-experience-circuits-e-bike-guide-velo\/"},"modified":"2026-04-17T23:58:50","modified_gmt":"2026-04-17T21:58:50","slug":"kummerlyfrey-suisse-experience-circuits-e-bike-guide-velo","status":"publish","type":"product","link":"https:\/\/shop.bantam.ch\/fr\/produit\/kummerlyfrey-suisse-experience-circuits-e-bike-guide-velo\/","title":{"rendered":"K\u00fcmmerly+Frey \u2013 Suisse Exp\u00e9rience : circuits E-Bike \u2013 Guide v\u00e9lo"},"content":{"rendered":"<p>Les fans de v\u00e9lo \u00e9lectrique (E-Bike) seront combl\u00e9s avec ce guide. Avec 60 itin\u00e9raires soigneusement s\u00e9lectionn\u00e9s \u00e0 travers les plus belles r\u00e9gions de Suisse, que ce soit une balade tranquille le long d\u2019une rivi\u00e8re ou un parcours exigeant en montagne, chacun y trouvera son compte. Les exp\u00e9riences nature, les sites culturels incontournables et les sp\u00e9cialit\u00e9s r\u00e9gionales rendent chaque tour unique.<\/p>\n","protected":false},"excerpt":{"rendered":"<p>Les fans de v\u00e9lo \u00e9lectrique (E-Bike) seront combl\u00e9s avec ce guide. Avec 60 itin\u00e9raires soigneusement s\u00e9lectionn\u00e9s \u00e0 travers les plus belles r\u00e9gions de Suisse, que ce soit une balade tranquille le long d\u2019une rivi\u00e8re ou un parcours exigeant en montagne, chacun y trouvera son compte. Les exp\u00e9riences nature, les sites culturels incontournables et les sp\u00e9cialit\u00e9s [&hellip;]<\/p>\n","protected":false},"featured_media":235326,"template":"","meta":{"_acf_changed":false},"product_featured_cat":[],"product_brand":[3692],"product_cat":[4351],"product_tag":[],"class_list":{"0":"post-235328","1":"product","2":"type-product","3":"status-publish","4":"has-post-thumbnail","6":"product_brand-kummerly-frey","7":"product_cat-guides-de-voyage","9":"first","10":"instock","11":"taxable","12":"shipping-taxable","13":"purchasable","14":"product-type-simple"},"acf":[],"yoast_head":"<!-- This site is optimized with the Yoast SEO plugin v27.4 - https:\/\/yoast.com\/product\/yoast-seo-wordpress\/ -->\n<title>K\u00fcmmerly+Frey \u2013 Suisse Exp\u00e9rience : circuits E-Bike \u2013 Guide v\u00e9lo - Bantam Wankm\u00fcller SA<\/title>\n<meta name=\"robots\" content=\"index, follow, max-snippet:-1, max-image-preview:large, max-video-preview:-1\" \/>\n<link rel=\"canonical\" href=\"https:\/\/shop.bantam.ch\/fr\/produit\/kummerlyfrey-suisse-experience-circuits-e-bike-guide-velo\/\" \/>\n<meta property=\"og:locale\" content=\"fr_FR\" \/>\n<meta property=\"og:type\" content=\"article\" \/>\n<meta property=\"og:title\" content=\"K\u00fcmmerly+Frey \u2013 Suisse Exp\u00e9rience : circuits E-Bike \u2013 Guide v\u00e9lo - Bantam Wankm\u00fcller SA\" \/>\n<meta property=\"og:description\" content=\"Les fans de v\u00e9lo \u00e9lectrique (E-Bike) seront combl\u00e9s avec ce guide. Avec 60 itin\u00e9raires soigneusement s\u00e9lectionn\u00e9s \u00e0 travers les plus belles r\u00e9gions de Suisse, que ce soit une balade tranquille le long d\u2019une rivi\u00e8re ou un parcours exigeant en montagne, chacun y trouvera son compte. Les exp\u00e9riences nature, les sites culturels incontournables et les sp\u00e9cialit\u00e9s [&hellip;]\" \/>\n<meta property=\"og:url\" content=\"https:\/\/shop.bantam.ch\/fr\/produit\/kummerlyfrey-suisse-experience-circuits-e-bike-guide-velo\/\" \/>\n<meta property=\"og:site_name\" content=\"Bantam Wankm\u00fcller SA\" \/>\n<meta property=\"article:modified_time\" content=\"2026-04-17T21:58:50+00:00\" \/>\n<meta property=\"og:image\" content=\"https:\/\/shop.bantam.ch\/wp-content\/uploads\/2026\/03\/76326015.jpg\" \/>\n\t<meta property=\"og:image:width\" content=\"120\" \/>\n\t<meta property=\"og:image:height\" content=\"180\" \/>\n\t<meta property=\"og:image:type\" content=\"image\/jpeg\" \/>\n<meta name=\"twitter:card\" content=\"summary_large_image\" \/>\n<script type=\"application\/ld+json\" class=\"yoast-schema-graph\">{\"@context\":\"https:\\\/\\\/schema.org\",\"@graph\":[{\"@type\":\"WebPage\",\"@id\":\"https:\\\/\\\/shop.bantam.ch\\\/fr\\\/produit\\\/kummerlyfrey-suisse-experience-circuits-e-bike-guide-velo\\\/\",\"url\":\"https:\\\/\\\/shop.bantam.ch\\\/fr\\\/produit\\\/kummerlyfrey-suisse-experience-circuits-e-bike-guide-velo\\\/\",\"name\":\"K\u00fcmmerly+Frey \u2013 Suisse Exp\u00e9rience : circuits E-Bike \u2013 Guide v\u00e9lo - Bantam Wankm\u00fcller SA\",\"isPartOf\":{\"@id\":\"https:\\\/\\\/shop.bantam.ch\\\/fr\\\/#website\"},\"primaryImageOfPage\":{\"@id\":\"https:\\\/\\\/shop.bantam.ch\\\/fr\\\/produit\\\/kummerlyfrey-suisse-experience-circuits-e-bike-guide-velo\\\/#primaryimage\"},\"image\":{\"@id\":\"https:\\\/\\\/shop.bantam.ch\\\/fr\\\/produit\\\/kummerlyfrey-suisse-experience-circuits-e-bike-guide-velo\\\/#primaryimage\"},\"thumbnailUrl\":\"https:\\\/\\\/shop.bantam.ch\\\/wp-content\\\/uploads\\\/2026\\\/03\\\/76326015.jpg\",\"datePublished\":\"2026-03-31T13:58:12+00:00\",\"dateModified\":\"2026-04-17T21:58:50+00:00\",\"breadcrumb\":{\"@id\":\"https:\\\/\\\/shop.bantam.ch\\\/fr\\\/produit\\\/kummerlyfrey-suisse-experience-circuits-e-bike-guide-velo\\\/#breadcrumb\"},\"inLanguage\":\"fr-FR\",\"potentialAction\":[{\"@type\":\"ReadAction\",\"target\":[\"https:\\\/\\\/shop.bantam.ch\\\/fr\\\/produit\\\/kummerlyfrey-suisse-experience-circuits-e-bike-guide-velo\\\/\"]}]},{\"@type\":\"ImageObject\",\"inLanguage\":\"fr-FR\",\"@id\":\"https:\\\/\\\/shop.bantam.ch\\\/fr\\\/produit\\\/kummerlyfrey-suisse-experience-circuits-e-bike-guide-velo\\\/#primaryimage\",\"url\":\"https:\\\/\\\/shop.bantam.ch\\\/wp-content\\\/uploads\\\/2026\\\/03\\\/76326015.jpg\",\"contentUrl\":\"https:\\\/\\\/shop.bantam.ch\\\/wp-content\\\/uploads\\\/2026\\\/03\\\/76326015.jpg\",\"width\":120,\"height\":180},{\"@type\":\"BreadcrumbList\",\"@id\":\"https:\\\/\\\/shop.bantam.ch\\\/fr\\\/produit\\\/kummerlyfrey-suisse-experience-circuits-e-bike-guide-velo\\\/#breadcrumb\",\"itemListElement\":[{\"@type\":\"ListItem\",\"position\":1,\"name\":\"Accueil\",\"item\":\"https:\\\/\\\/shop.bantam.ch\\\/fr\\\/\"},{\"@type\":\"ListItem\",\"position\":2,\"name\":\"Boutique\",\"item\":\"https:\\\/\\\/shop.bantam.ch\\\/fr\\\/boutique\\\/\"},{\"@type\":\"ListItem\",\"position\":3,\"name\":\"K\u00fcmmerly+Frey \u2013 Suisse Exp\u00e9rience : circuits E-Bike \u2013 Guide v\u00e9lo\"}]},{\"@type\":\"WebSite\",\"@id\":\"https:\\\/\\\/shop.bantam.ch\\\/fr\\\/#website\",\"url\":\"https:\\\/\\\/shop.bantam.ch\\\/fr\\\/\",\"name\":\"Bantam Wankm\u00fcller SA\",\"description\":\"\",\"publisher\":{\"@id\":\"https:\\\/\\\/shop.bantam.ch\\\/fr\\\/#organization\"},\"inLanguage\":\"fr-FR\"},{\"@type\":\"Organization\",\"@id\":\"https:\\\/\\\/shop.bantam.ch\\\/fr\\\/#organization\",\"name\":\"Bantam Wankm\u00fcller SA\",\"url\":\"https:\\\/\\\/shop.bantam.ch\\\/fr\\\/\",\"logo\":{\"@type\":\"ImageObject\",\"inLanguage\":\"fr-FR\",\"@id\":\"https:\\\/\\\/shop.bantam.ch\\\/fr\\\/#\\\/schema\\\/logo\\\/image\\\/\",\"url\":\"https:\\\/\\\/shop.bantam.ch\\\/wp-content\\\/uploads\\\/2022\\\/12\\\/bantam-logo.png\",\"contentUrl\":\"https:\\\/\\\/shop.bantam.ch\\\/wp-content\\\/uploads\\\/2022\\\/12\\\/bantam-logo.png\",\"width\":320,\"height\":71,\"caption\":\"Bantam Wankm\u00fcller SA\"},\"image\":{\"@id\":\"https:\\\/\\\/shop.bantam.ch\\\/fr\\\/#\\\/schema\\\/logo\\\/image\\\/\"}}]}<\/script>\n<!-- \/ Yoast SEO plugin. -->","yoast_head_json":{"title":"K\u00fcmmerly+Frey \u2013 Suisse Exp\u00e9rience : circuits E-Bike \u2013 Guide v\u00e9lo - Bantam Wankm\u00fcller SA","robots":{"index":"index","follow":"follow","max-snippet":"max-snippet:-1","max-image-preview":"max-image-preview:large","max-video-preview":"max-video-preview:-1"},"canonical":"https:\/\/shop.bantam.ch\/fr\/produit\/kummerlyfrey-suisse-experience-circuits-e-bike-guide-velo\/","og_locale":"fr_FR","og_type":"article","og_title":"K\u00fcmmerly+Frey \u2013 Suisse Exp\u00e9rience : circuits E-Bike \u2013 Guide v\u00e9lo - Bantam Wankm\u00fcller SA","og_description":"Les fans de v\u00e9lo \u00e9lectrique (E-Bike) seront combl\u00e9s avec ce guide. Avec 60 itin\u00e9raires soigneusement s\u00e9lectionn\u00e9s \u00e0 travers les plus belles r\u00e9gions de Suisse, que ce soit une balade tranquille le long d\u2019une rivi\u00e8re ou un parcours exigeant en montagne, chacun y trouvera son compte. Les exp\u00e9riences nature, les sites culturels incontournables et les sp\u00e9cialit\u00e9s [&hellip;]","og_url":"https:\/\/shop.bantam.ch\/fr\/produit\/kummerlyfrey-suisse-experience-circuits-e-bike-guide-velo\/","og_site_name":"Bantam Wankm\u00fcller SA","article_modified_time":"2026-04-17T21:58:50+00:00","og_image":[{"width":120,"height":180,"url":"https:\/\/shop.bantam.ch\/wp-content\/uploads\/2026\/03\/76326015.jpg","type":"image\/jpeg"}],"twitter_card":"summary_large_image","schema":{"@context":"https:\/\/schema.org","@graph":[{"@type":"WebPage","@id":"https:\/\/shop.bantam.ch\/fr\/produit\/kummerlyfrey-suisse-experience-circuits-e-bike-guide-velo\/","url":"https:\/\/shop.bantam.ch\/fr\/produit\/kummerlyfrey-suisse-experience-circuits-e-bike-guide-velo\/","name":"K\u00fcmmerly+Frey \u2013 Suisse Exp\u00e9rience : circuits E-Bike \u2013 Guide v\u00e9lo - Bantam Wankm\u00fcller SA","isPartOf":{"@id":"https:\/\/shop.bantam.ch\/fr\/#website"},"primaryImageOfPage":{"@id":"https:\/\/shop.bantam.ch\/fr\/produit\/kummerlyfrey-suisse-experience-circuits-e-bike-guide-velo\/#primaryimage"},"image":{"@id":"https:\/\/shop.bantam.ch\/fr\/produit\/kummerlyfrey-suisse-experience-circuits-e-bike-guide-velo\/#primaryimage"},"thumbnailUrl":"https:\/\/shop.bantam.ch\/wp-content\/uploads\/2026\/03\/76326015.jpg","datePublished":"2026-03-31T13:58:12+00:00","dateModified":"2026-04-17T21:58:50+00:00","breadcrumb":{"@id":"https:\/\/shop.bantam.ch\/fr\/produit\/kummerlyfrey-suisse-experience-circuits-e-bike-guide-velo\/#breadcrumb"},"inLanguage":"fr-FR","potentialAction":[{"@type":"ReadAction","target":["https:\/\/shop.bantam.ch\/fr\/produit\/kummerlyfrey-suisse-experience-circuits-e-bike-guide-velo\/"]}]},{"@type":"ImageObject","inLanguage":"fr-FR","@id":"https:\/\/shop.bantam.ch\/fr\/produit\/kummerlyfrey-suisse-experience-circuits-e-bike-guide-velo\/#primaryimage","url":"https:\/\/shop.bantam.ch\/wp-content\/uploads\/2026\/03\/76326015.jpg","contentUrl":"https:\/\/shop.bantam.ch\/wp-content\/uploads\/2026\/03\/76326015.jpg","width":120,"height":180},{"@type":"BreadcrumbList","@id":"https:\/\/shop.bantam.ch\/fr\/produit\/kummerlyfrey-suisse-experience-circuits-e-bike-guide-velo\/#breadcrumb","itemListElement":[{"@type":"ListItem","position":1,"name":"Accueil","item":"https:\/\/shop.bantam.ch\/fr\/"},{"@type":"ListItem","position":2,"name":"Boutique","item":"https:\/\/shop.bantam.ch\/fr\/boutique\/"},{"@type":"ListItem","position":3,"name":"K\u00fcmmerly+Frey \u2013 Suisse Exp\u00e9rience : circuits E-Bike \u2013 Guide v\u00e9lo"}]},{"@type":"WebSite","@id":"https:\/\/shop.bantam.ch\/fr\/#website","url":"https:\/\/shop.bantam.ch\/fr\/","name":"Bantam Wankm\u00fcller SA","description":"","publisher":{"@id":"https:\/\/shop.bantam.ch\/fr\/#organization"},"inLanguage":"fr-FR"},{"@type":"Organization","@id":"https:\/\/shop.bantam.ch\/fr\/#organization","name":"Bantam Wankm\u00fcller SA","url":"https:\/\/shop.bantam.ch\/fr\/","logo":{"@type":"ImageObject","inLanguage":"fr-FR","@id":"https:\/\/shop.bantam.ch\/fr\/#\/schema\/logo\/image\/","url":"https:\/\/shop.bantam.ch\/wp-content\/uploads\/2022\/12\/bantam-logo.png","contentUrl":"https:\/\/shop.bantam.ch\/wp-content\/uploads\/2022\/12\/bantam-logo.png","width":320,"height":71,"caption":"Bantam Wankm\u00fcller SA"},"image":{"@id":"https:\/\/shop.bantam.ch\/fr\/#\/schema\/logo\/image\/"}}]}},"_links":{"self":[{"href":"https:\/\/shop.bantam.ch\/fr\/wp-json\/wp\/v2\/product\/235328","targetHints":{"allow":["GET"]}}],"collection":[{"href":"https:\/\/shop.bantam.ch\/fr\/wp-json\/wp\/v2\/product"}],"about":[{"href":"https:\/\/shop.bantam.ch\/fr\/wp-json\/wp\/v2\/types\/product"}],"wp:featuredmedia":[{"embeddable":true,"href":"https:\/\/shop.bantam.ch\/fr\/wp-json\/wp\/v2\/media\/235326"}],"wp:attachment":[{"href":"https:\/\/shop.bantam.ch\/fr\/wp-json\/wp\/v2\/media?parent=235328"}],"wp:term":[{"taxonomy":"product_featured_cat","embeddable":true,"href":"https:\/\/shop.bantam.ch\/fr\/wp-json\/wp\/v2\/product_featured_cat?post=235328"},{"taxonomy":"product_brand","embeddable":true,"href":"https:\/\/shop.bantam.ch\/fr\/wp-json\/wp\/v2\/product_brand?post=235328"},{"taxonomy":"product_cat","embeddable":true,"href":"https:\/\/shop.bantam.ch\/fr\/wp-json\/wp\/v2\/product_cat?post=235328"},{"taxonomy":"product_tag","embeddable":true,"href":"https:\/\/shop.bantam.ch\/fr\/wp-json\/wp\/v2\/product_tag?post=235328"}],"curies":[{"name":"wp","href":"https:\/\/api.w.org\/{rel}","templated":true}]}}